{"id":386,"date":"2020-02-18T10:55:25","date_gmt":"2020-02-18T09:55:25","guid":{"rendered":"https:\/\/wordpress-test.app.u-pariscite.fr\/lac\/?page_id=386"},"modified":"2024-11-21T11:00:49","modified_gmt":"2024-11-21T10:00:49","slug":"ateliers-l1","status":"publish","type":"page","link":"https:\/\/wordpress-test.app.u-pariscite.fr\/lac\/ateliers-l1\/","title":{"rendered":"Ateliers L1"},"content":{"rendered":"<p>[et_pb_section bb_built=\u00a0\u00bb1&Prime; next_background_color=\u00a0\u00bb#000000&Prime; inner_width=\u00a0\u00bbauto\u00a0\u00bb inner_max_width=\u00a0\u00bbnone\u00a0\u00bb][et_pb_row _builder_version=\u00a0\u00bb3.21&Prime; width=\u00a0\u00bb80%\u00a0\u00bb max_width=\u00a0\u00bb1080px\u00a0\u00bb][et_pb_column type=\u00a0\u00bb4_4&Prime;][et_pb_post_title admin_label=\u00a0\u00bbTitre de la page\u00a0\u00bb _builder_version=\u00a0\u00bb3.22.1&Prime; meta=\u00a0\u00bboff\u00a0\u00bb featured_image=\u00a0\u00bboff\u00a0\u00bb text_shadow_horizontal_length=\u00a0\u00bbtext_shadow_style,%91object Object%93&Prime; text_shadow_vertical_length=\u00a0\u00bbtext_shadow_style,%91object Object%93&Prime; text_shadow_blur_strength=\u00a0\u00bbtext_shadow_style,%91object Object%93&Prime; title_text_shadow_horizontal_length=\u00a0\u00bbtitle_text_shadow_style,%91object Object%93&Prime; title_text_shadow_vertical_length=\u00a0\u00bbtitle_text_shadow_style,%91object Object%93&Prime; title_text_shadow_blur_strength=\u00a0\u00bbtitle_text_shadow_style,%91object Object%93&Prime; meta_text_shadow_horizontal_length=\u00a0\u00bbmeta_text_shadow_style,%91object Object%93&Prime; meta_text_shadow_vertical_length=\u00a0\u00bbmeta_text_shadow_style,%91object Object%93&Prime; meta_text_shadow_blur_strength=\u00a0\u00bbmeta_text_shadow_style,%91object Object%93&Prime; z_index_tablet=\u00a0\u00bb500&Prime; \/][et_pb_text _builder_version=\u00a0\u00bb3.22.1&Prime; module_id=\u00a0\u00bbcontenu\u00a0\u00bb text_text_shadow_horizontal_length=\u00a0\u00bbtext_text_shadow_style,%91object Object%93&Prime; text_text_shadow_vertical_length=\u00a0\u00bbtext_text_shadow_style,%91object Object%93&Prime; text_text_shadow_blur_strength=\u00a0\u00bbtext_text_shadow_style,%91object Object%93&Prime; link_text_shadow_horizontal_length=\u00a0\u00bblink_text_shadow_style,%91object Object%93&Prime; link_text_shadow_vertical_length=\u00a0\u00bblink_text_shadow_style,%91object Object%93&Prime; link_text_shadow_blur_strength=\u00a0\u00bblink_text_shadow_style,%91object Object%93&Prime; ul_text_shadow_horizontal_length=\u00a0\u00bbul_text_shadow_style,%91object Object%93&Prime; ul_text_shadow_vertical_length=\u00a0\u00bbul_text_shadow_style,%91object Object%93&Prime; ul_text_shadow_blur_strength=\u00a0\u00bbul_text_shadow_style,%91object Object%93&Prime; ol_text_shadow_horizontal_length=\u00a0\u00bbol_text_shadow_style,%91object Object%93&Prime; ol_text_shadow_vertical_length=\u00a0\u00bbol_text_shadow_style,%91object Object%93&Prime; ol_text_shadow_blur_strength=\u00a0\u00bbol_text_shadow_style,%91object Object%93&Prime; quote_text_shadow_horizontal_length=\u00a0\u00bbquote_text_shadow_style,%91object Object%93&Prime; quote_text_shadow_vertical_length=\u00a0\u00bbquote_text_shadow_style,%91object Object%93&Prime; quote_text_shadow_blur_strength=\u00a0\u00bbquote_text_shadow_style,%91object Object%93&Prime; header_text_shadow_horizontal_length=\u00a0\u00bbheader_text_shadow_style,%91object Object%93&Prime; header_text_shadow_vertical_length=\u00a0\u00bbheader_text_shadow_style,%91object Object%93&Prime; header_text_shadow_blur_strength=\u00a0\u00bbheader_text_shadow_style,%91object Object%93&Prime; header_2_text_shadow_horizontal_length=\u00a0\u00bbheader_2_text_shadow_style,%91object Object%93&Prime; header_2_text_shadow_vertical_length=\u00a0\u00bbheader_2_text_shadow_style,%91object Object%93&Prime; header_2_text_shadow_blur_strength=\u00a0\u00bbheader_2_text_shadow_style,%91object Object%93&Prime; header_3_text_shadow_horizontal_length=\u00a0\u00bbheader_3_text_shadow_style,%91object Object%93&Prime; header_3_text_shadow_vertical_length=\u00a0\u00bbheader_3_text_shadow_style,%91object Object%93&Prime; header_3_text_shadow_blur_strength=\u00a0\u00bbheader_3_text_shadow_style,%91object Object%93&Prime; header_4_text_shadow_horizontal_length=\u00a0\u00bbheader_4_text_shadow_style,%91object Object%93&Prime; header_4_text_shadow_vertical_length=\u00a0\u00bbheader_4_text_shadow_style,%91object Object%93&Prime; header_4_text_shadow_blur_strength=\u00a0\u00bbheader_4_text_shadow_style,%91object Object%93&Prime; header_5_text_shadow_horizontal_length=\u00a0\u00bbheader_5_text_shadow_style,%91object Object%93&Prime; header_5_text_shadow_vertical_length=\u00a0\u00bbheader_5_text_shadow_style,%91object Object%93&Prime; header_5_text_shadow_blur_strength=\u00a0\u00bbheader_5_text_shadow_style,%91object Object%93&Prime; header_6_text_shadow_horizontal_length=\u00a0\u00bbheader_6_text_shadow_style,%91object Object%93&Prime; header_6_text_shadow_vertical_length=\u00a0\u00bbheader_6_text_shadow_style,%91object Object%93&Prime; header_6_text_shadow_blur_strength=\u00a0\u00bbheader_6_text_shadow_style,%91object Object%93&Prime; z_index_tablet=\u00a0\u00bb500&Prime;]<\/p>\n<h2>L1 Initiation \u00e0 la r\u00e9alisation<\/h2>\n<h4>Anouk Guerbert, Juliana Brousse, C\u00e9cile Martinaud et Franck Moulin<\/h4>\n<p><strong>Vous pouvez effectuer cet atelier sur le 1er ou le second semestre. Il s&rsquo;agit de choisir 1 session de l&rsquo;atelier parmi les 5 sessions r\u00e9parties sur l\u2019ann\u00e9e : 2 au 1<sup>er<\/sup> semestre (L1\/1 ou L1\/2), 3 au 2<sup>nd<\/sup> semestre (L1\/3 ou L1\/4 ou L1\/5).<\/strong><\/p>\n<h3>Cet atelier constitue une premi\u00e8re approche de la pratique de la r\u00e9alisation. Il vise \u00e0 initier les \u00e9tudiant.e.s aux techniques de base de la prise de vue, de la prise de son et de la mise en sc\u00e8ne.<\/h3>\n<p>Encadr\u00e9s par un trio d\u2019intervenants\u00a0professionnels, les \u00e9tudiant.e.s travailleront \u00e0 partir d\u2019une situation tr\u00e8s simple dont on leur fournira le synopsis lors de la 1<sup>\u00e8re<\/sup> s\u00e9ance. Cette situation sera tourn\u00e9e \u00e0 l\u2019ext\u00e9rieur, dans un lieu proche de l\u2019universit\u00e9, les 2 ou 3 personnages qu\u2019elle met en jeu seront interpr\u00e9t\u00e9s par les \u00e9tudiant.e.s. Ils.elles se r\u00e9partiront en demis groupes en fonction de la situation choisie, puis devront d\u00e9finir leurs choix de mise en sc\u00e8ne et \u00e9tablir un premier d\u00e9coupage.<\/p>\n<p>Durant la premi\u00e8re journ\u00e9e de leur atelier, les \u00e9tudiants.e.s s\u2019initieront \u00e0 la pratique de la prise de vue et de la prise de son.<\/p>\n<p>Les deux journ\u00e9es suivantes, chaque groupe exposera aux intervenants Image et Son ses choix concernant la mise en sc\u00e8ne et le d\u00e9coupage de la situation choisie. Chaque groupe tournera ensuite, \u00e0 titre d\u2019essai, quelques-uns des plans de sa s\u00e9quence, puis en effectuera un montage rapide, qu\u2019ils visionneront avec leurs intervenants, en vue d\u2019am\u00e9liorer leurs choix de r\u00e9alisation pour leur tournage le vendredi suivant.<\/p>\n<p>Ils.elles disposeront d\u2019une journ\u00e9e pour tourner leur s\u00e9quence, encadr\u00e9.e.s par leurs intervenants Image et Son. Puis de 2 jours pour effectuer le montage de celle-ci, sous la direction de l\u2019intervenante Montage. Ils.elles se r\u00e9partiront, pour ce faire, en duos ou trios.\u00a0<\/p>\n<p>L\u2019ensemble des \u00e9tudiant.e.s\u00a0 des Ateliers L1 de chaque semestre d\u00e9couvriront les s\u00e9quences mont\u00e9es par chaque \u00e9quipe durant une derni\u00e8re s\u00e9ance de visionnage collectif.<\/p>\n<p>&nbsp;<\/p>\n<p>&nbsp;<\/p>\n<p>&nbsp;<\/p>\n<p>[\/et_pb_text][\/et_pb_column][\/et_pb_row][et_pb_row][et_pb_column type=\u00a0\u00bb1_2&Prime;][et_pb_toggle _builder_version=\u00a0\u00bb3.22.1&Prime; title=\u00a0\u00bbSEMESTRE 1 : septembre \/ octobre 2023&Prime; text_shadow_horizontal_length=\u00a0\u00bbtext_shadow_style,%91object Object%93&Prime; text_shadow_vertical_length=\u00a0\u00bbtext_shadow_style,%91object Object%93&Prime; text_shadow_blur_strength=\u00a0\u00bbtext_shadow_style,%91object Object%93&Prime; title_text_shadow_horizontal_length=\u00a0\u00bbtitle_text_shadow_style,%91object Object%93&Prime; title_text_shadow_vertical_length=\u00a0\u00bbtitle_text_shadow_style,%91object Object%93&Prime; title_text_shadow_blur_strength=\u00a0\u00bbtitle_text_shadow_style,%91object Object%93&Prime; body_text_shadow_horizontal_length=\u00a0\u00bbbody_text_shadow_style,%91object Object%93&Prime; body_text_shadow_vertical_length=\u00a0\u00bbbody_text_shadow_style,%91object Object%93&Prime; body_text_shadow_blur_strength=\u00a0\u00bbbody_text_shadow_style,%91object Object%93&Prime; z_index_tablet=\u00a0\u00bb500&Prime;]<\/p>\n<table class=\"table table-bordered table-striped table-hover\" width=\"897\">\n<tbody>\n<tr>\n<td>\n<h3 class=\"chapeau\"><strong>Atelier L1\/1<\/strong><\/h3>\n<ul>\n<li>\n<p><strong>Jeudi 19 septembre 14h-16h<\/strong>, <strong>en 679C : <\/strong>Pr\u00e9sentation de l\u2019atelier. Distribution des situations (2 au choix). Choix des situations et constitution des \u00e9quipes. Exposition du travail demand\u00e9. Exercice pratique \u00ab Mise en sc\u00e8ne et d\u00e9coupage \u00bb. Chaque \u00e9quipe doit produire une proposition de mise en sc\u00e8ne et un d\u00e9coupage de la situation choisie et l\u2019envoyer \u00e0 ses intervenants Image et Son pour <strong>le jeudi 26 septembre au plus tard<\/strong>.<\/p>\n<\/li>\n<li>\n<p><strong>Lundi 30 septembre 10h-13h et 14h-17h, en 785C et 791C : <\/strong>Initiation Image et Son en demis groupes. Prise en main du mat\u00e9riel, explication de son fonctionnement et exercices film\u00e9s.<\/p>\n<\/li>\n<li>\n<p><strong>Mardi 1<sup>er<\/sup> octobre 9h30-18h, en 791C : <\/strong><strong>Le groupe 1<\/strong> expose sa mise en sc\u00e8ne et son d\u00e9coupage. Il r\u00e9ajuste ses choix en fonction des remarques des intervenants. Il tourne ensuite, encadr\u00e9 par les intervenants, 3 ou 4 plans de sa s\u00e9quence, afin de mettre \u00e0 l\u2019\u00e9preuve ses choix de mise en sc\u00e8ne et de d\u00e9coupage. Les \u00e9tudiant.e.s de chaque \u00e9quipe jouent et composent l\u2019\u00e9quipe technique \u00e0 tour de r\u00f4les. Ils et elles r\u00e9alisent ensuite un montage rapide de leurs essais. Puis visionnent celui-ci avec leurs intervenants : discussion en vue d\u2019am\u00e9liorer la mise en sc\u00e8ne et le d\u00e9coupage.<\/p>\n<\/li>\n<li>\n<p><strong>Mercredi 2 octobre 9h30-18h, en 791C\u00a0: <\/strong>Le m\u00eame travail est men\u00e9 avec <strong>le groupe 2<\/strong>.<\/p>\n<\/li>\n<li>\n<p><strong>Vendredi 4 octobre 9h30-18h, en 785C\u00a0: <\/strong>Tournages des s\u00e9quences des 2 groupes<\/p>\n<\/li>\n<li>\n<p><strong>Jeudi 10 octobre 9h30-18h, en 791C <\/strong>: Montages des deux groupes par groupe de 2 ou 3.<\/p>\n<\/li>\n<li>\n<p><strong>Samedi 12 octobre 9h30-18h, en 791C <\/strong>: Montages des deux groupes suite et fin.<\/p>\n<\/li>\n<li>\n<p><strong>Jeudi 24 octobre 14h-16h30, en 681C\u00a0<\/strong>: s\u00e9ance collective de visionnage des s\u00e9quences.<\/p>\n<p>&nbsp;<\/p>\n<p><strong>\u00a0<\/strong><\/p>\n<\/li>\n<\/ul>\n<\/td>\n<\/tr>\n<tr>\n<td>\n<h3 class=\"chapeau\"><strong>Atelier L1\/2<\/strong><\/h3>\n<ul>\n<li>\n<p><strong>Jeudi 26 septembre 14h-16h, en 681C : <\/strong>Pr\u00e9sentation de l\u2019atelier. Distribution des situations (2 au choix). Choix des situations et constitution des \u00e9quipes. Exposition du travail demand\u00e9. Exercice pratique \u00ab Mise en sc\u00e8ne et d\u00e9coupage \u00bb. Chaque \u00e9quipe doit produire une proposition de mise en sc\u00e8ne avec un d\u00e9coupage et l\u2019envoyer \u00e0 ses intervenants Image et Son le <strong>jeudi 3 octobre au plus tard<\/strong>.<\/p>\n<\/li>\n<li>\n<p><strong>Lundi 7 octobre 10h-17h, en 785C et 791C : <\/strong>Initiation Image et Son en demis groupes. Prise en main du mat\u00e9riel, explication de son fonctionnement et exercices film\u00e9s.<\/p>\n<\/li>\n<li>\n<p><strong>Mardi 8 octobre 9h30-18h, en 791C : <\/strong><strong>Le groupe 1<\/strong> expose sa mise en sc\u00e8ne et son d\u00e9coupage. Il r\u00e9ajuste ses choix en fonction des remarques des intervenants. Il tourne ensuite, encadr\u00e9 par les intervenants, 3 ou 4 plans de sa s\u00e9quence, afin de mettre \u00e0 l\u2019\u00e9preuve ses choix de mise en sc\u00e8ne et de d\u00e9coupage. Les \u00e9tudiant.e.s de chaque \u00e9quipe jouent et composent l\u2019\u00e9quipe technique \u00e0 tour de r\u00f4les. Ils et elles r\u00e9alisent ensuite un montage rapide de leurs essais. Puis visionnent celui-ci avec leurs intervenants : discussion en vue d\u2019am\u00e9liorer la mise en sc\u00e8ne et le d\u00e9coupage.<\/p>\n<\/li>\n<li>\n<p><strong>Mercredi 9 octobre 9h30-18h, en 791C\u00a0: <\/strong>Le m\u00eame travail est men\u00e9 avec <strong>le groupe 2<\/strong>.<\/p>\n<\/li>\n<li>\n<p><strong>Vendredi 11 octobre 9h30-18h, en 785C\u00a0: <\/strong>Tournages des s\u00e9quences des 2 groupes.<\/p>\n<\/li>\n<li>\n<p><strong>Jeudi 17 octobre 9h30-18h, en 791C <\/strong>: Montages des deux groupes par groupe de 2 ou 3.<\/p>\n<\/li>\n<li>\n<p><strong>Samedi 19 octobre 9h30-18h, en 791C\u00a0<\/strong>: Montages des deux groupes suite et fin.<\/p>\n<\/li>\n<li>\n<p><strong>Jeudi 24 octobre 14h-16h30, en 681C\u00a0<\/strong>: s\u00e9ance collective de visionnage des s\u00e9quences.<\/p>\n<\/li>\n<\/ul>\n<\/td>\n<\/tr>\n<\/tbody>\n<\/table>\n<p>[\/et_pb_toggle][\/et_pb_column][et_pb_column type=\u00a0\u00bb1_2&Prime;][et_pb_toggle _builder_version=\u00a0\u00bb3.22.1&Prime; title=\u00a0\u00bbSEMESTRE 2 : mars \/ avril 2024&Prime; text_shadow_horizontal_length=\u00a0\u00bbtext_shadow_style,%91object Object%93&Prime; text_shadow_vertical_length=\u00a0\u00bbtext_shadow_style,%91object Object%93&Prime; text_shadow_blur_strength=\u00a0\u00bbtext_shadow_style,%91object Object%93&Prime; title_text_shadow_horizontal_length=\u00a0\u00bbtitle_text_shadow_style,%91object Object%93&Prime; title_text_shadow_vertical_length=\u00a0\u00bbtitle_text_shadow_style,%91object Object%93&Prime; title_text_shadow_blur_strength=\u00a0\u00bbtitle_text_shadow_style,%91object Object%93&Prime; body_text_shadow_horizontal_length=\u00a0\u00bbbody_text_shadow_style,%91object Object%93&Prime; body_text_shadow_vertical_length=\u00a0\u00bbbody_text_shadow_style,%91object Object%93&Prime; body_text_shadow_blur_strength=\u00a0\u00bbbody_text_shadow_style,%91object Object%93&Prime; z_index_tablet=\u00a0\u00bb500&Prime;]<\/p>\n<h3><strong>Atelier L1\/3<\/strong><\/h3>\n<ul>\n<li>\n<p><strong>Jeudi 13 mars 14h-16h, en 678C : <\/strong>Pr\u00e9sentation de l\u2019atelier. Distribution des situations (2 au choix). Choix des situations et constitution des \u00e9quipes. Exposition du travail demand\u00e9. Exercice pratique \u00ab Mise en sc\u00e8ne et d\u00e9coupage \u00bb. Chaque \u00e9quipe doit produire une proposition de mise en sc\u00e8ne avec un d\u00e9coupage et l\u2019envoyer \u00e0 ses intervenants Image et Son <strong>le jeudi 20 mars<\/strong> <strong>au plus tard.<\/strong><\/p>\n<\/li>\n<li>\n<p><strong>Lundi 24 mars 10h-17h, en 791C et 674\/676C : <\/strong>Initiation Image et Son en demis groupes. Prise en main du mat\u00e9riel, explication de son fonctionnement et exercices film\u00e9s.<\/p>\n<\/li>\n<li>\n<p><strong>Mardi 25 mars 9h30-18h en 785C : <\/strong><strong>Le groupe 1<\/strong> expose sa mise en sc\u00e8ne et son d\u00e9coupage. Il r\u00e9ajuste ses choix en fonction des remarques des intervenants. Il tourne ensuite, encadr\u00e9 par les intervenants, 3 ou 4 plans de sa s\u00e9quence, afin de mettre \u00e0 l\u2019\u00e9preuve ses choix de mise en sc\u00e8ne et de d\u00e9coupage. Les \u00e9tudiant.e.s de chaque \u00e9quipe jouent et composent l\u2019\u00e9quipe technique \u00e0 tour de r\u00f4les. Ils et elles r\u00e9alisent ensuite un montage rapide de leurs essais. Puis visionnent celui-ci avec leurs intervenants : discussion en vue d\u2019am\u00e9liorer la mise en sc\u00e8ne et le d\u00e9coupage pour leur tournage le jeudi suivant.<\/p>\n<\/li>\n<li>\n<p><strong>Mercredi 26 mars 9h30-18h, en 785C\u00a0: <\/strong>Le m\u00eame travail est men\u00e9 avec <strong>le groupe 2<\/strong>.<\/p>\n<\/li>\n<li>\n<p><strong>Vendredi 28 mars 9h30-18h, en 785C\u00a0: <\/strong>Tournages des s\u00e9quences des 2 groupes.<\/p>\n<\/li>\n<li>\n<p><strong>Jeudi 3 avril 9h30-18h, en 791C <\/strong>: Montages des deux groupes par groupe de 2 ou 3.<\/p>\n<\/li>\n<li>\n<p><strong>Samedi 5 avril 9h30-18h, en 791C <\/strong>: Montages des deux groupes suite et fin.<\/p>\n<\/li>\n<li>\n<p><strong>Jeudi 15 mai 14h-17h, en 682C <\/strong>: s\u00e9ance collective de visionnage des s\u00e9quences.<\/p>\n<p><strong>\u00a0<\/strong><\/p>\n<\/li>\n<\/ul>\n<h3><strong>Atelier L1\/4<\/strong><\/h3>\n<ul>\n<li>\n<p><strong>Jeudi 20 mars 14h-16h, en 678C : <\/strong>Pr\u00e9sentation de l\u2019atelier. Distribution des situations (2 au choix). Choix des situations et constitution des \u00e9quipes. Exposition du travail demand\u00e9. Exercice pratique \u00ab Mise en sc\u00e8ne et d\u00e9coupage \u00bb. Chaque \u00e9quipe doit produire une proposition de mise en sc\u00e8ne avec un d\u00e9coupage de la situation qu\u2019il a choisie, et l\u2019envoyer \u00e0 ses intervenants Image et Son pour <strong>le jeudi 27 mars au plus tard<\/strong>.<\/p>\n<\/li>\n<li>\n<p><strong>Lundi 31 mars 10h-17h, en 791C et 674\/676C: <\/strong>Initiation Image et Son en demis groupes. Prise en main du mat\u00e9riel, explication de son fonctionnement et exercices film\u00e9s.<\/p>\n<\/li>\n<li>\n<p><strong>Mardi 1er avril 9h30-18h en 785C : <\/strong><strong>Le groupe 1<\/strong> expose sa mise en sc\u00e8ne et son d\u00e9coupage. Il r\u00e9ajuste ses choix en fonction des remarques des intervenants. Il tourne ensuite, encadr\u00e9 par les intervenants, 3 ou 4 plans de sa s\u00e9quence, afin de mettre \u00e0 l\u2019\u00e9preuve ses choix de mise en sc\u00e8ne et de d\u00e9coupage. Les \u00e9tudiant.e.s de chaque \u00e9quipe jouent et composent l\u2019\u00e9quipe technique \u00e0 tour de r\u00f4les. Ils et elles r\u00e9alisent ensuite un montage rapide de leurs essais. Puis visionnent celui-ci avec leurs intervenants : discussion en vue d\u2019am\u00e9liorer la mise en sc\u00e8ne et le d\u00e9coupage pour leur tournage le jeudi suivant.<\/p>\n<\/li>\n<li>\n<p><strong>Mercredi 2 avril 9h30-18h, en 785C\u00a0: <\/strong>Le m\u00eame travail est men\u00e9 avec <strong>le groupe 2<\/strong>.<\/p>\n<\/li>\n<li>\n<p><strong>Vendredi 4 avril 9h30-18h, en 785C\u00a0: <\/strong>Tournages des s\u00e9quences des 2 groupes.<\/p>\n<\/li>\n<li>\n<p><strong>Jeudi 10 avril 9h30-18h, en 791C <\/strong>: Montages des deux groupes par groupe de 2 ou 3.<\/p>\n<\/li>\n<li>\n<p><strong>Samedi 12 avril 9h30-18h, en 791C\u00a0<\/strong>: Montages des deux groupes suite et fin.<\/p>\n<\/li>\n<li>\n<p><strong>Jeudi 15 mai 14h-17h, en 682C <\/strong>: s\u00e9ance collective de visionnage des s\u00e9quences.<\/p>\n<\/li>\n<\/ul>\n<h3><strong>Atelier L1\/5<\/strong><\/h3>\n<ul>\n<li>\n<p><strong>Jeudi 27 mars 14h-16h, en 678C : <\/strong>Pr\u00e9sentation de l\u2019atelier. Distribution des situations (2 au choix). Choix des situations et constitution des \u00e9quipes. Exposition du travail demand\u00e9. Exercice pratique \u00ab Mise en sc\u00e8ne et d\u00e9coupage \u00bb. Chaque \u00e9quipe doit produire une proposition de mise en sc\u00e8ne avec un d\u00e9coupage et l\u2019envoyer \u00e0 ses intervenants Image et Son pour <strong>le jeudi 3 avril au plus tard<\/strong>.<\/p>\n<\/li>\n<li>\n<p><strong>Lundi 7 avril 10h-17h, 791C et 674\/676C : <\/strong>Initiation Image et Son en demis groupes. Prise en main du mat\u00e9riel, explication de son fonctionnement et exercices film\u00e9s.<\/p>\n<\/li>\n<li>\n<p><strong>Mardi 8 avril 9h30-18h, en 785C : <\/strong><strong>Le groupe 1<\/strong> expose sa mise en sc\u00e8ne et son d\u00e9coupage. Il r\u00e9ajuste ses choix en fonction des remarques des intervenants. Il tourne ensuite, encadr\u00e9 par les intervenants, 3 ou 4 plans de sa s\u00e9quence, afin de mettre \u00e0 l\u2019\u00e9preuve ses choix de mise en sc\u00e8ne et de d\u00e9coupage. Les \u00e9tudiant.e.s de chaque \u00e9quipe jouent et composent l\u2019\u00e9quipe technique \u00e0 tour de r\u00f4les. Ils et elles r\u00e9alisent ensuite un montage rapide de leurs essais. Puis visionnent celui-ci avec leurs intervenants : discussion en vue d\u2019am\u00e9liorer la mise en sc\u00e8ne et le d\u00e9coupage pour leur tournage le jeudi suivant.<\/p>\n<\/li>\n<li>\n<p><strong>Mercredi 9 avril 9h30-18h, en 785C\u00a0: <\/strong>Le m\u00eame travail est men\u00e9 avec <strong>le groupe 2<\/strong>.<\/p>\n<\/li>\n<li>\n<p><strong>Vendredi 11 avril 9h30-18h, en 785C\u00a0: <\/strong>Tournages des s\u00e9quences des 2 groupes.<\/p>\n<\/li>\n<li>\n<p><strong>Lundi 14 avril 9h30-18h, en 791C <\/strong>(vacances de P\u00e2ques) : Montages des deux groupes par groupe de 2 ou 3.<\/p>\n<\/li>\n<li>\n<p><strong>Mardi 15 avril 9h30-18h, en 791C\u00a0<\/strong>(vacances de P\u00e2ques) : Montages des deux groupes suite et fin.<\/p>\n<\/li>\n<li>\n<p><strong>Jeudi 15 mai 14h-17h, en 682C <\/strong>: s\u00e9ance collective de visionnage des s\u00e9quences.<\/p>\n<p>\u00a0<\/p>\n<\/li>\n<\/ul>\n<p><strong>\u00a0<\/strong><\/p>\n<p>[\/et_pb_toggle][\/et_pb_column][\/et_pb_row][\/et_pb_section][et_pb_section bb_built=\u00a0\u00bb1&Prime; specialty=\u00a0\u00bboff\u00a0\u00bb prev_background_color=\u00a0\u00bb#000000&Prime; _builder_version=\u00a0\u00bb3.19.11&Prime; custom_padding=\u00a0\u00bb0px||0px|\u00a0\u00bb inner_width=\u00a0\u00bbauto\u00a0\u00bb inner_max_width=\u00a0\u00bbnone\u00a0\u00bb][et_pb_row _builder_version=\u00a0\u00bb3.19.11&Prime; width=\u00a0\u00bb80%\u00a0\u00bb max_width=\u00a0\u00bb1080px\u00a0\u00bb][et_pb_column type=\u00a0\u00bb4_4&Prime;][et_pb_text admin_label=\u00a0\u00bbArticles similaires\u00a0\u00bb _builder_version=\u00a0\u00bb3.16.1&Prime;]<\/p>\n<h2><span class=\"st\">\u00c0<\/span> lire aussi<\/h2>\n<p>[\/et_pb_text][et_pb_blog _builder_version=\u00a0\u00bb3.22.1&Prime; posts_number=\u00a0\u00bb4&Prime; include_categories=\u00a0\u00bb1,38,37,39&Prime; show_author=\u00a0\u00bboff\u00a0\u00bb show_date=\u00a0\u00bboff\u00a0\u00bb show_pagination=\u00a0\u00bboff\u00a0\u00bb border_width_bottom_fullwidth=\u00a0\u00bb1px\u00a0\u00bb border_color_bottom_fullwidth=\u00a0\u00bbrgba(51,51,51,0.18)\u00a0\u00bb custom_padding=\u00a0\u00bb||50px|\u00a0\u00bb module_id=\u00a0\u00bbpage_type_blog\u00a0\u00bb header_level=\u00a0\u00bbh4&Prime; text_shadow_horizontal_length=\u00a0\u00bbtext_shadow_style,%91object Object%93&Prime; text_shadow_vertical_length=\u00a0\u00bbtext_shadow_style,%91object Object%93&Prime; text_shadow_blur_strength=\u00a0\u00bbtext_shadow_style,%91object Object%93&Prime; header_text_shadow_horizontal_length=\u00a0\u00bbheader_text_shadow_style,%91object Object%93&Prime; header_text_shadow_vertical_length=\u00a0\u00bbheader_text_shadow_style,%91object Object%93&Prime; header_text_shadow_blur_strength=\u00a0\u00bbheader_text_shadow_style,%91object Object%93&Prime; body_text_shadow_horizontal_length=\u00a0\u00bbbody_text_shadow_style,%91object Object%93&Prime; body_text_shadow_vertical_length=\u00a0\u00bbbody_text_shadow_style,%91object Object%93&Prime; body_text_shadow_blur_strength=\u00a0\u00bbbody_text_shadow_style,%91object Object%93&Prime; meta_text_shadow_horizontal_length=\u00a0\u00bbmeta_text_shadow_style,%91object Object%93&Prime; meta_text_shadow_vertical_length=\u00a0\u00bbmeta_text_shadow_style,%91object Object%93&Prime; meta_text_shadow_blur_strength=\u00a0\u00bbmeta_text_shadow_style,%91object Object%93&Prime; pagination_text_shadow_horizontal_length=\u00a0\u00bbpagination_text_shadow_style,%91object Object%93&Prime; pagination_text_shadow_vertical_length=\u00a0\u00bbpagination_text_shadow_style,%91object Object%93&Prime; pagination_text_shadow_blur_strength=\u00a0\u00bbpagination_text_shadow_style,%91object Object%93&Prime; z_index_tablet=\u00a0\u00bb500&Prime; \/][\/et_pb_column][\/et_pb_row][\/et_pb_section]<\/p>\n","protected":false},"excerpt":{"rendered":"<p>L1 Initiation \u00e0 la r\u00e9alisation Anouk Guerbert, Juliana Brousse, C\u00e9cile Martinaud et Franck Moulin Vous pouvez effectuer cet atelier sur le 1er ou le second semestre. Il s&rsquo;agit de choisir 1 session de l&rsquo;atelier parmi les 5 sessions r\u00e9parties sur l\u2019ann\u00e9e : 2 au 1er semestre (L1\/1 ou L1\/2), 3 au 2nd semestre (L1\/3 ou&hellip; <a class=\"continue\" href=\"https:\/\/wordpress-test.app.u-pariscite.fr\/lac\/ateliers-l1\/\">Lire la suite<span> Ateliers L1<\/span><\/a><\/p>\n","protected":false},"author":33,"featured_media":0,"parent":0,"menu_order":0,"comment_status":"closed","ping_status":"closed","template":"","meta":{"_et_pb_use_builder":"on","_et_pb_old_content":"","_et_gb_content_width":"","footnotes":""},"class_list":["post-386","page","type-page","status-publish","hentry"],"_links":{"self":[{"href":"https:\/\/wordpress-test.app.u-pariscite.fr\/lac\/wp-json\/wp\/v2\/pages\/386","targetHints":{"allow":["GET"]}}],"collection":[{"href":"https:\/\/wordpress-test.app.u-pariscite.fr\/lac\/wp-json\/wp\/v2\/pages"}],"about":[{"href":"https:\/\/wordpress-test.app.u-pariscite.fr\/lac\/wp-json\/wp\/v2\/types\/page"}],"author":[{"embeddable":true,"href":"https:\/\/wordpress-test.app.u-pariscite.fr\/lac\/wp-json\/wp\/v2\/users\/33"}],"replies":[{"embeddable":true,"href":"https:\/\/wordpress-test.app.u-pariscite.fr\/lac\/wp-json\/wp\/v2\/comments?post=386"}],"version-history":[{"count":67,"href":"https:\/\/wordpress-test.app.u-pariscite.fr\/lac\/wp-json\/wp\/v2\/pages\/386\/revisions"}],"predecessor-version":[{"id":25572,"href":"https:\/\/wordpress-test.app.u-pariscite.fr\/lac\/wp-json\/wp\/v2\/pages\/386\/revisions\/25572"}],"wp:attachment":[{"href":"https:\/\/wordpress-test.app.u-pariscite.fr\/lac\/wp-json\/wp\/v2\/media?parent=386"}],"curies":[{"name":"wp","href":"https:\/\/api.w.org\/{rel}","templated":true}]}}