{"id":266,"date":"2020-02-14T14:57:07","date_gmt":"2020-02-14T13:57:07","guid":{"rendered":"https:\/\/wordpress-test.app.u-pariscite.fr\/lac\/?page_id=266"},"modified":"2023-06-23T12:31:40","modified_gmt":"2023-06-23T10:31:40","slug":"politique-de-confidentialite","status":"publish","type":"page","link":"https:\/\/wordpress-test.app.u-pariscite.fr\/lac\/politique-de-confidentialite\/","title":{"rendered":"Mentions l\u00e9gales"},"content":{"rendered":"<p>[et_pb_section fb_built=\u00a0\u00bb1&Prime; _builder_version=\u00a0\u00bb3.22&Prime; custom_padding=\u00a0\u00bb||2px|||\u00a0\u00bb][et_pb_row _builder_version=\u00a0\u00bb3.22&Prime; background_size=\u00a0\u00bbinitial\u00a0\u00bb background_position=\u00a0\u00bbtop_left\u00a0\u00bb background_repeat=\u00a0\u00bbrepeat\u00a0\u00bb][et_pb_column type=\u00a0\u00bb4_4&Prime; _builder_version=\u00a0\u00bb3.0.47&Prime;][et_pb_post_title meta=\u00a0\u00bboff\u00a0\u00bb featured_image=\u00a0\u00bboff\u00a0\u00bb _builder_version=\u00a0\u00bb3.22.1&Prime; z_index_tablet=\u00a0\u00bb500&Prime;][\/et_pb_post_title][et_pb_text _builder_version=\u00a0\u00bb3.22.1&Prime;]<\/p>\n<h3>Informations \u00e9ditoriales<\/h3>\n<p><strong>\u00c9diteurs<\/strong><\/p>\n<p>Ce site web est \u00e9dit\u00e9 par Universit\u00e9 Paris Cit\u00e9, \u00c9tablissement public \u00e0 caract\u00e8re scientifique, culturel et professionnel, dont le Si\u00e8ge est situ\u00e9 au :<br \/> 85 boulevard Saint-Germain 75006 Paris<\/p>\n<p><strong>Directeur de la publication<\/strong><\/p>\n<p>\u00c9douard Kaminski, Pr\u00e9sident d\u2019Universit\u00e9 Paris Cit\u00e9.<\/p>\n<p><strong>Droits de reproduction<\/strong><\/p>\n<p>Conform\u00e9ment au droit public de la propri\u00e9t\u00e9 intellectuelle et notamment selon l\u2019article L122-5 du Code de la propri\u00e9t\u00e9 intellectuelle, les \u00a0\u00bbdocuments officiels\u00a0\u00bb sont librement r\u00e9utilisables\u00a0:<\/p>\n<ul>\n<li>les d\u00e9clarations, les discours, les dossiers de presse et les communiqu\u00e9s\u00a0;<\/li>\n<li>les circulaires, directives et autres documents r\u00e8glementaires.<\/li>\n<\/ul>\n<p>Cependant, le bon usage veut que la reprise de ces contenus de fa\u00e7on partielle ou int\u00e9grale mentionne clairement la source, et le cas \u00e9ch\u00e9ant avec un lien vers le document original en ligne sur le site <a href=\"https:\/\/wordpress-test.app.u-pariscite.fr\/lac\">https:\/\/wordpress-test.app.u-pariscite.fr\/lac<\/a><\/p>\n<p>Tous les autres contenus pr\u00e9sents sur le site<a href=\"https:\/\/wordpress-test.app.u-pariscite.fr\/lac\"> https:\/\/wordpress-test.app.u-pariscite.fr\/lac<\/a>\u00a0sont couverts par le droit d\u2019auteur. Toute reprise est d\u00e8s lors conditionn\u00e9e \u00e0 l\u2019accord de l\u2019auteur en vertu de l\u2019article L.122-4 du Code de la Propri\u00e9t\u00e9 intellectuelle.<\/p>\n<p>La r\u00e9utilisation non commerciale est autoris\u00e9e \u00e0 la condition de respecter l\u2019int\u00e9grit\u00e9 des informations et de n\u2019en alt\u00e9rer ni le sens, ni la port\u00e9e, ni l\u2019application et d\u2019en pr\u00e9ciser l\u2019origine et la date de publication.<\/p>\n<p>Les informations ne peuvent \u00eatre utilis\u00e9es \u00e0 des fins commerciales ou promotionnelles sans l\u2019autorisation expresse et l\u2019obtention d\u2019une licence de r\u00e9utilisation des informations publiques. Est consid\u00e9r\u00e9e comme r\u00e9utilisation \u00e0 des fins commerciales ou promotionnelles l\u2019\u00e9laboration, \u00e0 partir des informations publiques, d\u2019un produit ou d\u2019un service destin\u00e9 \u00e0 \u00eatre mis \u00e0 disposition de tiers, \u00e0 titre gratuit ou on\u00e9reux.<\/p>\n<p>Les demandes d\u2019autorisation de reproduction d\u2019un contenu doivent \u00eatre adress\u00e9es par courriel aux \u00e9quipes en charge du site<a href=\"https:\/\/www.wordpress-test.app.u-pariscite.fr\/lac\">\u00a0https:\/\/www.wordpress-test.app.u-pariscite.fr\/lac<\/a> via le formulaire de contact : <a href=\"https:\/\/wordpress-test.app.u-pariscite.fr\/contact\/\">https:\/\/wordpress-test.app.u-pariscite.fr\/contact\/<\/a><\/p>\n<p>Les reproductions \u00e0 but commercial ou publicitaires ne seront, sauf exceptions, pas autoris\u00e9es.<\/p>\n<div class=\"et_pb_column et_pb_column_4_4 et_pb_column_1 et_pb_css_mix_blend_mode_passthrough et-last-child\">\n<div class=\"et_pb_module et_pb_text et_pb_text_0 et_pb_bg_layout_light et_pb_text_align_left\">\n<div class=\"et_pb_text_inner\">\n<h3>Acc\u00e8s aux documents administratifs<\/h3>\n<p>Pour toute demande de communication de documents administratifs et de r\u00e9utilisation d\u2019informations publiques, vous pouvez contacter la personne responsable de l\u2019acc\u00e8s aux documents administratifs de l\u2019universit\u00e9 :<\/p>\n<p><strong>Par mail \u00e0<\/strong> : <a href=\"mailto:prada@wordpress-test.app.u-pariscite.fr\">prada@wordpress-test.app.u-pariscite.fr<\/a><\/p>\n<p><strong>Ou par courrier postal \u00e0 :<\/strong><\/p>\n<p>A l\u2019attention de la PRADA<br \/> Universit\u00e9 Paris Cit\u00e9<br \/> Direction g\u00e9n\u00e9rale d\u00e9l\u00e9gu\u00e9e aux affaires juridiques<br \/> 85 boulevard Saint-Germain<br \/> 75006 PARIS<\/p>\n<h3>Clause de responsabilit\u00e9<\/h3>\n<p>Les informations propos\u00e9es sur ce portail le sont \u00e0 titre de service rendu au public. Malgr\u00e9 tout le soin apport\u00e9 \u00e0 la transcription des textes officiels, \u00e0 la v\u00e9rification des contenus et des informations, les \u00e9l\u00e9ments mis en ligne ne sauraient, de quelque mani\u00e8re que ce soit, pr\u00e9tendre \u00e0 l\u2019exactitude, \u00e0 l\u2019exhaustivit\u00e9 et engager la responsabilit\u00e9 d\u2019Universit\u00e9 Paris Cit\u00e9.<\/p>\n<p>Les informations et\/ou documents disponibles sur ce site sont susceptibles d\u2019\u00eatre modifi\u00e9s \u00e0 tout moment, et peuvent faire l\u2019objet de mises \u00e0 jour.<\/p>\n<p>Universit\u00e9 Paris Cit\u00e9 ne pourra en aucun cas \u00eatre tenu responsables de tout dommage de quelque nature qu\u2019il soit r\u00e9sultant de l\u2019interpr\u00e9tation ou de l\u2019utilisation des informations et\/ou documents disponibles sur ce site.<\/p>\n<h3>Cr\u00e9dits Photos<\/h3>\n<p>Les photographies pr\u00e9sent\u00e9es sur ce site ne sont pas libres de droit, et ne sont pas r\u00e9utilisables sans autorisation explicite de leur auteur.<br \/> Phototh\u00e8ques, et banques d\u2019images :<\/p>\n<ul>\n<li><a href=\"https:\/\/stock.adobe.com\/fr\/\">https:\/\/stock.adobe.com\/fr\/<\/a><\/li>\n<li><a href=\"https:\/\/unsplash.com\">https:\/\/unsplash.com<\/a><\/li>\n<li><a href=\"https:\/\/www.pexels.com\/\">https:\/\/www.pexels.com\/<\/a><\/li>\n<li><a href=\"https:\/\/pixabay.com\/fr\/\">https:\/\/pixabay.com\/fr\/<\/a><\/li>\n<\/ul>\n<p><strong>H\u00e9bergement<\/strong><\/p>\n<p>Ce site est h\u00e9berg\u00e9 par la Direction du num\u00e9rique de l\u2019universit\u00e9.<\/p>\n<p><strong>Gestion des contenus<br \/> <\/strong>Les textes, images et autres contenus de ce site sont g\u00e9r\u00e9s par la Direction de la communication.<\/p>\n<p><strong>Gestionnaire des statistiques<br \/> <\/strong>Matomo<\/p>\n<\/div>\n<\/div>\n<\/div>\n<p>[\/et_pb_text][\/et_pb_column][\/et_pb_row][\/et_pb_section]<\/p>\n","protected":false},"excerpt":{"rendered":"<p>Informations \u00e9ditoriales \u00c9diteurs Ce site web est \u00e9dit\u00e9 par Universit\u00e9 Paris Cit\u00e9, \u00c9tablissement public \u00e0 caract\u00e8re scientifique, culturel et professionnel, dont le Si\u00e8ge est situ\u00e9 au : 85 boulevard Saint-Germain 75006 Paris Directeur de la publication \u00c9douard Kaminski, Pr\u00e9sident d\u2019Universit\u00e9 Paris Cit\u00e9. Droits de reproduction Conform\u00e9ment au droit public de la propri\u00e9t\u00e9 intellectuelle et notamment&hellip; <a class=\"continue\" href=\"https:\/\/wordpress-test.app.u-pariscite.fr\/lac\/politique-de-confidentialite\/\">Lire la suite<span> Mentions l\u00e9gales<\/span><\/a><\/p>\n","protected":false},"author":35,"featured_media":0,"parent":0,"menu_order":0,"comment_status":"closed","ping_status":"closed","template":"","meta":{"_et_pb_use_builder":"on","_et_pb_old_content":"<p><strong>Informations \u00e9ditoriales<\/strong><\/p><p><strong>\u00c9diteurs<\/strong><\/p><p>Ce site web est \u00e9dit\u00e9 par Universit\u00e9 Paris Cit\u00e9, \u00c9tablissement public \u00e0 caract\u00e8re scientifique, culturel et professionnel, dont le Si\u00e8ge est situ\u00e9 au :<br \/>85 boulevard Saint-Germain 75006 Paris<\/p><p><strong>Directeur de la publication<\/strong><\/p><p>Christine Clerici, Pr\u00e9sidente de Universit\u00e9 Paris Cit\u00e9.<\/p><p><strong>Droits de reproduction<\/strong><\/p><p>Conform\u00e9ment au droit public de la propri\u00e9t\u00e9 intellectuelle et notamment selon l\u2019article L122-5 du Code de la propri\u00e9t\u00e9 intellectuelle, les \u00a0\u00bbdocuments officiels\u00a0\u00bb sont librement r\u00e9utilisables\u00a0:<\/p><ul><li>les d\u00e9clarations, les discours, les dossiers de presse et les communiqu\u00e9s\u00a0;<\/li><li>les circulaires, directives et autres documents r\u00e8glementaires.<\/li><\/ul><p>Cependant, le bon usage veut que la reprise de ces contenus de fa\u00e7on partielle ou int\u00e9grale mentionne clairement la source, et le cas \u00e9ch\u00e9ant avec un lien vers le document original en ligne sur le site <a href=\"https:\/\/wordpress-test.app.u-pariscite.fr\/lac\">https:\/\/wordpress-test.app.u-pariscite.fr\/lac<\/a><\/p><p>Tous les autres contenus pr\u00e9sents sur le site<a href=\"https:\/\/wordpress-test.app.u-pariscite.fr\/lac\"> https:\/\/wordpress-test.app.u-pariscite.fr\/lac<\/a>\u00a0sont couverts par le droit d\u2019auteur. Toute reprise est d\u00e8s lors conditionn\u00e9e \u00e0 l\u2019accord de l\u2019auteur en vertu de l\u2019article L.122-4 du Code de la Propri\u00e9t\u00e9 intellectuelle.<\/p><p>La r\u00e9utilisation non commerciale est autoris\u00e9e \u00e0 la condition de respecter l\u2019int\u00e9grit\u00e9 des informations et de n\u2019en alt\u00e9rer ni le sens, ni la port\u00e9e, ni l\u2019application et d\u2019en pr\u00e9ciser l\u2019origine et la date de publication.<\/p><p>Les informations ne peuvent \u00eatre utilis\u00e9es \u00e0 des fins commerciales ou promotionnelles sans l\u2019autorisation expresse et l\u2019obtention d\u2019une licence de r\u00e9utilisation des informations publiques. Est consid\u00e9r\u00e9e comme r\u00e9utilisation \u00e0 des fins commerciales ou promotionnelles l\u2019\u00e9laboration, \u00e0 partir des informations publiques, d\u2019un produit ou d\u2019un service destin\u00e9 \u00e0 \u00eatre mis \u00e0 disposition de tiers, \u00e0 titre gratuit ou on\u00e9reux.<\/p><p>Les demandes d\u2019autorisation de reproduction d\u2019un contenu doivent \u00eatre adress\u00e9es par courriel aux \u00e9quipes en charge du site<a href=\"https:\/\/www.wordpress-test.app.u-pariscite.fr\/lac\">\u00a0https:\/\/www.wordpress-test.app.u-pariscite.fr\/lac<\/a> via le formulaire de contact : <a href=\"https:\/\/wordpress-test.app.u-pariscite.fr\/contact\/\">https:\/\/wordpress-test.app.u-pariscite.fr\/contact\/<\/a><\/p><p>Les reproductions \u00e0 but commercial ou publicitaires ne seront, sauf exceptions, pas autoris\u00e9es.<\/p><p><strong>Clause de responsabilit\u00e9<\/strong><\/p><p>Les informations propos\u00e9es sur ce portail le sont \u00e0 titre de service rendu au public. Malgr\u00e9 tout le soin apport\u00e9 \u00e0 la transcription des textes officiels, \u00e0 la v\u00e9rification des contenus et des informations, les \u00e9l\u00e9ments mis en ligne ne sauraient, de quelque mani\u00e8re que ce soit, pr\u00e9tendre \u00e0 l\u2019exactitude, \u00e0 l\u2019exhaustivit\u00e9 et engager la responsabilit\u00e9 de Universit\u00e9 Paris Cit\u00e9.<\/p><p>Les informations et\/ou documents disponibles sur ce site sont susceptibles d\u2019\u00eatre modifi\u00e9s \u00e0 tout moment, et peuvent faire l\u2019objet de mises \u00e0 jour.<\/p><p>Universit\u00e9 Paris Cit\u00e9 ne pourra en aucun cas \u00eatre tenu responsables de tout dommage de quelque nature qu\u2019il soit r\u00e9sultant de l\u2019interpr\u00e9tation ou de l\u2019utilisation des informations et\/ou documents disponibles sur ce site.<\/p><p><strong>Cr\u00e9dits Photos<\/strong><\/p><p>Les photographies pr\u00e9sent\u00e9es sur ce site ne sont pas libres de droit, et ne sont pas r\u00e9utilisables sans autorisation explicite de leur auteur.<br \/>Phototh\u00e8ques, et banques d\u2019images :<\/p><ul><li><a href=\"https:\/\/stock.adobe.com\/fr\/\">https:\/\/stock.adobe.com\/fr\/<\/a><\/li><li><a href=\"https:\/\/unsplash.com\/\">https:\/\/unsplash.com<\/a><\/li><li><a href=\"https:\/\/www.pexels.com\/\">https:\/\/www.pexels.com\/<\/a><\/li><li><a href=\"https:\/\/pixabay.com\/fr\/\">https:\/\/pixabay.com\/fr\/<\/a><\/li><\/ul><p><strong><br \/>Protection et traitement de donn\u00e9es \u00e0 caract\u00e8re personnel<\/strong><\/p><p><strong>Respect des lois en vigueur<\/strong><\/p><p>Le site\u00a0<a href=\"https:\/\/www.wordpress-test.app.u-pariscite.fr\/lac\">https:\/\/www.wordpress-test.app.u-pariscite.fr\/lac<\/a>\u00a0respecte la vie priv\u00e9e de l\u2019internaute et se conforme strictement aux lois en vigueur sur la protection de la vie priv\u00e9e et des libert\u00e9s individuelles. Aucune information personnelle n\u2019est collect\u00e9e \u00e0 votre insu. Aucune information personnelle n\u2019est c\u00e9d\u00e9e \u00e0 des tiers. Les courriels ne font l\u2019objet d\u2019aucune exploitation et ne sont conserv\u00e9s que pour la dur\u00e9e n\u00e9cessaire \u00e0 leur traitement.<\/p><p><strong>Droit des internautes\u00a0: droit d\u2019acc\u00e8s et de rectification<\/strong><\/p><p>Conform\u00e9ment aux dispositions de la loi n\u00b078-17 du 6 janvier 1978 relative \u00e0 l\u2019informatique, aux fichiers et aux libert\u00e9s, les internautes disposent d\u2019un droit d\u2019acc\u00e8s, de modification, de rectification et de suppression des donn\u00e9es qui les concernent. Ce droit s\u2019exerce en \u00e9crivant \u00e0 l\u2019adresse suivante :\u00a0<a href=\"https:\/\/wordpress-test.app.u-pariscite.fr\/contact\/\">https:\/\/wordpress-test.app.u-pariscite.fr\/contact\/<\/a><\/p><p><strong>Cookies<\/strong><\/p><p>Lors de la consultation du site\u00a0<a href=\"https:\/\/www.wordpress-test.app.u-pariscite.fr\/lac\">https:\/\/www.wordpress-test.app.u-pariscite.fr\/lac<\/a>, des cookies sont d\u00e9pos\u00e9s sur votre ordinateur, votre mobile ou votre tablette.<\/p><p>Les seuls cookies utilis\u00e9s par le site\u00a0sont ceux destin\u00e9s \u00e0 la mesure d\u2019audience et ne collectent pas de donn\u00e9es personnelles. Les outils de mesures d\u2019audience sont d\u00e9ploy\u00e9s afin d\u2019obtenir des informations sur la navigation des visiteurs. Ils permettent notamment de comprendre comment les utilisateurs arrivent sur un site et de reconstituer leur parcours.<\/p><p><strong>D\u00e9finition d\u2019un cookie<\/strong><\/p><p>Un cookie est un fichier texte d\u00e9pos\u00e9 sur votre ordinateur lors de la visite d\u2019un site ou de la consultation d\u2019une publicit\u00e9. Il a pour but de collecter des informations relatives \u00e0 votre navigation et de vous adresser des services adapt\u00e9s \u00e0 votre terminal (ordinateur, mobile ou tablette). Les cookies sont g\u00e9r\u00e9s par votre navigateur internet.<\/p><p>Nous veillons dans la mesure du possible \u00e0 ce que les prestataires de mesures d\u2019audience respectent strictement la loi informatique et libert\u00e9s du 6 janvier 1978 modifi\u00e9e et s\u2019engagent \u00e0 mettre en \u0153uvre des mesures appropri\u00e9es de s\u00e9curisation et de protection de la confidentialit\u00e9 des donn\u00e9es.<\/p><p><strong>Param\u00e9trer votre navigateur internet<\/strong><\/p><p>Vous pouvez \u00e0 tout moment choisir de d\u00e9sactiver ces cookies. Votre navigateur peut \u00e9galement \u00eatre param\u00e9tr\u00e9 pour vous signaler les cookies qui sont d\u00e9pos\u00e9s dans votre ordinateur et vous demander de les accepter ou pas. Vous pouvez accepter ou refuser les cookies au cas par cas ou bien les refuser syst\u00e9matiquement.<\/p><p>Afin de g\u00e9rer les cookies au plus pr\u00e8s de vos attentes nous vous invitons \u00e0 param\u00e9trer votre navigateur en tenant compte de la finalit\u00e9 des cookies.<\/p><p>Pour modifier vos souhaits en mati\u00e8re de cookies, voici les liens de la rubrique d\u2019aide pour les principaux navigateurs :<\/p><p>\u2013\u00a0\u00a0\u00a0\u00a0\u00a0\u00a0\u00a0\u00a0\u00a0 Google Chrome :\u00a0<a href=\"https:\/\/support.google.com\/chrome\/answer\/95647?hl=fr&hlrm=en\">https:\/\/support.google.com\/chrome\/answer\/95647?hl=fr&hlrm=en<\/a><br \/>\u2013\u00a0\u00a0\u00a0\u00a0\u00a0\u00a0\u00a0\u00a0\u00a0 Firefox :\u00a0<a href=\"https:\/\/support.mozilla.org\/t5\/Cookies-and-cache\/Activer-et-d%C3%A9sactiver-les-cookies-que-les-sites-Internet\/ta-p\/11860\">https:\/\/support.mozilla.org\/t5\/Cookies-and-cache\/Activer-et-d%C3%A9sactiver-les-cookies-que-les-sites-Internet\/ta-p\/11860<\/a><br \/>\u2013\u00a0\u00a0\u00a0\u00a0\u00a0\u00a0\u00a0\u00a0\u00a0 Microsoft Internet Explorer :\u00a0<a href=\"https:\/\/support.microsoft.com\/fr-fr\/help\/17442\/windows-internet-explorer-delete-manage-cookies\">https:\/\/support.microsoft.com\/fr-fr\/help\/17442\/windows-internet-explorer-<strong>delete<\/strong>-manage-cookies<\/a><br \/>\u2013\u00a0\u00a0\u00a0\u00a0\u00a0\u00a0\u00a0\u00a0\u00a0 Safari :\u00a0<a href=\"https:\/\/support.apple.com\/kb\/PH21411?locale=fr_CA\">https:\/\/support.apple.com\/kb\/PH21411?locale=fr_CA<\/a><br \/>\u2013\u00a0\u00a0\u00a0\u00a0\u00a0\u00a0\u00a0\u00a0\u00a0 Op\u00e9ra :\u00a0<a href=\"http:\/\/help.opera.com\/Windows\/10.20\/fr\/cookies.html\">http:\/\/help.opera.com\/Windows\/10.20\/fr\/cookies.html<\/a><\/p><p>\u00a0<\/p><p><strong>H\u00e9bergement<\/strong><\/p><p>Ce site est h\u00e9berg\u00e9 par la Direction du num\u00e9rique de l\u2019universit\u00e9.<\/p><p><strong>Gestion des contenus<br \/><\/strong>Les textes, images et autres contenus de ce site sont g\u00e9r\u00e9s par la Direction de la communication.<\/p><p><strong>Gestionnaire des statistiques<br \/><\/strong>Jetpack, Matomo<\/p><p>\u00a0<\/p>","_et_gb_content_width":"","footnotes":""},"class_list":["post-266","page","type-page","status-publish","hentry"],"_links":{"self":[{"href":"https:\/\/wordpress-test.app.u-pariscite.fr\/lac\/wp-json\/wp\/v2\/pages\/266","targetHints":{"allow":["GET"]}}],"collection":[{"href":"https:\/\/wordpress-test.app.u-pariscite.fr\/lac\/wp-json\/wp\/v2\/pages"}],"about":[{"href":"https:\/\/wordpress-test.app.u-pariscite.fr\/lac\/wp-json\/wp\/v2\/types\/page"}],"author":[{"embeddable":true,"href":"https:\/\/wordpress-test.app.u-pariscite.fr\/lac\/wp-json\/wp\/v2\/users\/35"}],"replies":[{"embeddable":true,"href":"https:\/\/wordpress-test.app.u-pariscite.fr\/lac\/wp-json\/wp\/v2\/comments?post=266"}],"version-history":[{"count":8,"href":"https:\/\/wordpress-test.app.u-pariscite.fr\/lac\/wp-json\/wp\/v2\/pages\/266\/revisions"}],"predecessor-version":[{"id":24513,"href":"https:\/\/wordpress-test.app.u-pariscite.fr\/lac\/wp-json\/wp\/v2\/pages\/266\/revisions\/24513"}],"wp:attachment":[{"href":"https:\/\/wordpress-test.app.u-pariscite.fr\/lac\/wp-json\/wp\/v2\/media?parent=266"}],"curies":[{"name":"wp","href":"https:\/\/api.w.org\/{rel}","templated":true}]}}