{"id":23427,"date":"2022-02-09T14:54:04","date_gmt":"2022-02-09T13:54:04","guid":{"rendered":"https:\/\/wordpress-test.app.u-pariscite.fr\/lac\/?page_id=23427"},"modified":"2022-02-10T15:39:52","modified_gmt":"2022-02-10T14:39:52","slug":"la-vie-a-luniversite","status":"publish","type":"page","link":"https:\/\/wordpress-test.app.u-pariscite.fr\/lac\/la-vie-a-luniversite\/","title":{"rendered":"La vie \u00e0 l\u2019Universit\u00e9"},"content":{"rendered":"<p>[et_pb_section bb_built=\u00a0\u00bb1&Prime; next_background_color=\u00a0\u00bb#000000&Prime; inner_width=\u00a0\u00bbauto\u00a0\u00bb inner_max_width=\u00a0\u00bbnone\u00a0\u00bb][et_pb_row _builder_version=\u00a0\u00bb3.21&Prime; width=\u00a0\u00bb80%\u00a0\u00bb max_width=\u00a0\u00bb1080px\u00a0\u00bb][et_pb_column type=\u00a0\u00bb4_4&Prime;][et_pb_post_title admin_label=\u00a0\u00bbTitre de la page\u00a0\u00bb _builder_version=\u00a0\u00bb3.19.11&Prime; meta=\u00a0\u00bboff\u00a0\u00bb featured_image=\u00a0\u00bboff\u00a0\u00bb \/][\/et_pb_column][\/et_pb_row][et_pb_row][et_pb_column type=\u00a0\u00bb1_2&Prime;][et_pb_toggle _builder_version=\u00a0\u00bb3.22.1&Prime; title=\u00a0\u00bbLa sant\u00e9 \u00e0 l\u2019universit\u00e9\u00a0\u00bb text_shadow_horizontal_length=\u00a0\u00bbtext_shadow_style,%91object Object%93&Prime; text_shadow_vertical_length=\u00a0\u00bbtext_shadow_style,%91object Object%93&Prime; text_shadow_blur_strength=\u00a0\u00bbtext_shadow_style,%91object Object%93&Prime; title_text_shadow_horizontal_length=\u00a0\u00bbtitle_text_shadow_style,%91object Object%93&Prime; title_text_shadow_vertical_length=\u00a0\u00bbtitle_text_shadow_style,%91object Object%93&Prime; title_text_shadow_blur_strength=\u00a0\u00bbtitle_text_shadow_style,%91object Object%93&Prime; body_text_shadow_horizontal_length=\u00a0\u00bbbody_text_shadow_style,%91object Object%93&Prime; body_text_shadow_vertical_length=\u00a0\u00bbbody_text_shadow_style,%91object Object%93&Prime; body_text_shadow_blur_strength=\u00a0\u00bbbody_text_shadow_style,%91object Object%93&Prime; z_index_tablet=\u00a0\u00bb500&Prime;]<\/p>\n<p><a href=\"https:\/\/wordpress-test.app.u-pariscite.fr\/service-sante\/\">Service de Sant\u00e9 Universitaire | Universit\u00e9 Paris Cit\u00e9 (wordpress-test.app.u-pariscite.fr)<\/a><\/p>\n<p>[\/et_pb_toggle][\/et_pb_column][et_pb_column type=\u00a0\u00bb1_2&Prime;][et_pb_toggle _builder_version=\u00a0\u00bb3.22.1&Prime; title=\u00a0\u00bbLa vie associative\u00a0\u00bb text_shadow_horizontal_length=\u00a0\u00bbtext_shadow_style,%91object Object%93&Prime; text_shadow_vertical_length=\u00a0\u00bbtext_shadow_style,%91object Object%93&Prime; text_shadow_blur_strength=\u00a0\u00bbtext_shadow_style,%91object Object%93&Prime; title_text_shadow_horizontal_length=\u00a0\u00bbtitle_text_shadow_style,%91object Object%93&Prime; title_text_shadow_vertical_length=\u00a0\u00bbtitle_text_shadow_style,%91object Object%93&Prime; title_text_shadow_blur_strength=\u00a0\u00bbtitle_text_shadow_style,%91object Object%93&Prime; body_text_shadow_horizontal_length=\u00a0\u00bbbody_text_shadow_style,%91object Object%93&Prime; body_text_shadow_vertical_length=\u00a0\u00bbbody_text_shadow_style,%91object Object%93&Prime; body_text_shadow_blur_strength=\u00a0\u00bbbody_text_shadow_style,%91object Object%93&Prime; z_index_tablet=\u00a0\u00bb500&Prime;]<\/p>\n<p><a href=\"https:\/\/wordpress-test.app.u-pariscite.fr\/vie-associative\/\">Vie associative | Universit\u00e9 Paris Cit\u00e9 (wordpress-test.app.u-pariscite.fr)<\/a><\/p>\n<p>[\/et_pb_toggle][\/et_pb_column][\/et_pb_row][et_pb_row][et_pb_column type=\u00a0\u00bb4_4&Prime;][et_pb_toggle _builder_version=\u00a0\u00bb3.22.1&Prime; title=\u00a0\u00bbProfitez des bons plans\u00a0\u00bb text_shadow_horizontal_length=\u00a0\u00bbtext_shadow_style,%91object Object%93&Prime; text_shadow_vertical_length=\u00a0\u00bbtext_shadow_style,%91object Object%93&Prime; text_shadow_blur_strength=\u00a0\u00bbtext_shadow_style,%91object Object%93&Prime; title_text_shadow_horizontal_length=\u00a0\u00bbtitle_text_shadow_style,%91object Object%93&Prime; title_text_shadow_vertical_length=\u00a0\u00bbtitle_text_shadow_style,%91object Object%93&Prime; title_text_shadow_blur_strength=\u00a0\u00bbtitle_text_shadow_style,%91object Object%93&Prime; body_text_shadow_horizontal_length=\u00a0\u00bbbody_text_shadow_style,%91object Object%93&Prime; body_text_shadow_vertical_length=\u00a0\u00bbbody_text_shadow_style,%91object Object%93&Prime; body_text_shadow_blur_strength=\u00a0\u00bbbody_text_shadow_style,%91object Object%93&Prime; z_index_tablet=\u00a0\u00bb500&Prime;]<\/p>\n<p>Le service culture de notre universit\u00e9 propose diverses sorties \u00e0 prix mini : cin\u00e9ma, th\u00e9\u00e2tre, concert, spectacle, exposition\u2026 <br \/>Le campus est quant \u00e0 lui souvent anim\u00e9 gr\u00e2ce aux diff\u00e9rentes associations qui rythment la vie \u00e9tudiante\u00a0: f\u00eate de la science, concert gospel, f\u00eate du printemps, entre autres.<\/p>\n<p><a href=\"https:\/\/culture.wordpress-test.app.u-pariscite.fr\/\">Culture | Accueil service culture (wordpress-test.app.u-pariscite.fr)<\/a><\/p>\n<p><a href=\"https:\/\/culture.wordpress-test.app.u-pariscite.fr\/bons-plans-0\">Universit\u00e9 Paris Diderot | Culture | Bons plans (wordpress-test.app.u-pariscite.fr)<\/a><\/p>\n<p>[\/et_pb_toggle][et_pb_toggle _builder_version=\u00a0\u00bb3.22.1&Prime; title=\u00a0\u00bbNiveau bibli ?\u00a0\u00bb text_shadow_horizontal_length=\u00a0\u00bbtext_shadow_style,%91object Object%93&Prime; text_shadow_vertical_length=\u00a0\u00bbtext_shadow_style,%91object Object%93&Prime; text_shadow_blur_strength=\u00a0\u00bbtext_shadow_style,%91object Object%93&Prime; title_text_shadow_horizontal_length=\u00a0\u00bbtitle_text_shadow_style,%91object Object%93&Prime; title_text_shadow_vertical_length=\u00a0\u00bbtitle_text_shadow_style,%91object Object%93&Prime; title_text_shadow_blur_strength=\u00a0\u00bbtitle_text_shadow_style,%91object Object%93&Prime; body_text_shadow_horizontal_length=\u00a0\u00bbbody_text_shadow_style,%91object Object%93&Prime; body_text_shadow_vertical_length=\u00a0\u00bbbody_text_shadow_style,%91object Object%93&Prime; body_text_shadow_blur_strength=\u00a0\u00bbbody_text_shadow_style,%91object Object%93&Prime; z_index_tablet=\u00a0\u00bb500&Prime;]<\/p>\n<p>La BGM, c\u2019est 8 000 m2 sur 5 niveaux, 1 400 places, 9 salles de travail en groupe, 2 salles de formation et 100 postes\u00a0 informatiques ! Elle abrite des collections en Lettres, Sciences humaines et sociales et Sciences et technique : soit 250 000 documents en libre acc\u00e8s !<\/p>\n<p><a href=\"https:\/\/wordpress-test.app.u-pariscite.fr\/bibliotheques\/bu-grands-moulins\/\">BU Grands Moulins | Bibliotheques Universit\u00e9 Paris Cit\u00e9 (wordpress-test.app.u-pariscite.fr)<\/a><\/p>\n<p>Par ailleurs, notre petit master poss\u00e8de sa propre biblioth\u00e8que sp\u00e9cialis\u00e9e, correspondant aux th\u00e8mes \u00e9tudi\u00e9s en cours : langue fran\u00e7aise et grammaire, droit, communication, graphisme, web et r\u00e9seaux sociaux.<\/p>\n<p>Vous pouvez emprunter les ouvrages qui vous sont utiles \u00e0 condition de laisser une fiche indiquant votre emprunt.<\/p>\n<p>[\/et_pb_toggle][et_pb_toggle _builder_version=\u00a0\u00bb3.22.1&Prime; title=\u00a0\u00bbY a quoi au menu?\u00a0\u00bb text_shadow_horizontal_length=\u00a0\u00bbtext_shadow_style,%91object Object%93&Prime; text_shadow_vertical_length=\u00a0\u00bbtext_shadow_style,%91object Object%93&Prime; text_shadow_blur_strength=\u00a0\u00bbtext_shadow_style,%91object Object%93&Prime; title_text_shadow_horizontal_length=\u00a0\u00bbtitle_text_shadow_style,%91object Object%93&Prime; title_text_shadow_vertical_length=\u00a0\u00bbtitle_text_shadow_style,%91object Object%93&Prime; title_text_shadow_blur_strength=\u00a0\u00bbtitle_text_shadow_style,%91object Object%93&Prime; body_text_shadow_horizontal_length=\u00a0\u00bbbody_text_shadow_style,%91object Object%93&Prime; body_text_shadow_vertical_length=\u00a0\u00bbbody_text_shadow_style,%91object Object%93&Prime; body_text_shadow_blur_strength=\u00a0\u00bbbody_text_shadow_style,%91object Object%93&Prime; z_index_tablet=\u00a0\u00bb500&Prime;]<\/p>\n<p>Ventre plein, coeur heureux. Plusieurs possibilit\u00e9s s\u2019offrent \u00e0 vous.<\/p>\n<ul>\n<li>Le d\u00e9licieux Crous vous propose des repas \u00ab Healthy \u00bb pour environ 4 \u20ac : sandwichs, salades, petit-d\u00e9jeuners et tout ce dont vous avez besoin pour tenir le coup lors des 4h d\u2019ateliers d\u2019\u00e9criture. Vous disposez en g\u00e9n\u00e9ral d\u2019une heure pour manger, alors ne tra\u00eenez pas.<br \/>Restaurants U les plus proches : Grands Moulins, Halle aux Farines, Barge Crous de Paris, Olympe de Gouges.\n<p><a href=\"https:\/\/wordpress-test.app.u-pariscite.fr\/se-restaurer\/\">Se restaurer | Universit\u00e9 Paris Cit\u00e9 (wordpress-test.app.u-pariscite.fr)<\/a><\/p>\n<\/li>\n<li>Tout autour du campus, nombre de caf\u00e9t\u00e9rias et de sandwicheries vous permettront aussi de vous restaurer. Les cordons bleus peuvent bien s\u00fbr pr\u00e9parer leurs plats \u00e0 domicile et les apporter \u00e0 l\u2019universit\u00e9 le jour J.<br \/>Vous pouvez r\u00e9chauffer vos plats \u00e0 la caf\u00e9t\u00e9ria (attention, il y a souvent la queue, et les micro-ondes sont souvent en panne) ou dans une boulangerie \u00e0 proximit\u00e9 (sous r\u00e9serve d\u2019un petit achat bien s\u00fbr). Dans la mesure du possible, nous vous laissons ouvertes les salles de cours le midi pour que vous puissiez vous d\u00e9tendre entre deux cours.<\/li>\n<\/ul>\n<p>[\/et_pb_toggle][\/et_pb_column][\/et_pb_row][\/et_pb_section][et_pb_section bb_built=\u00a0\u00bb1&Prime; specialty=\u00a0\u00bboff\u00a0\u00bb prev_background_color=\u00a0\u00bb#000000&Prime; _builder_version=\u00a0\u00bb3.19.11&Prime; custom_padding=\u00a0\u00bb0px||0px|\u00a0\u00bb inner_width=\u00a0\u00bbauto\u00a0\u00bb inner_max_width=\u00a0\u00bbnone\u00a0\u00bb][et_pb_row _builder_version=\u00a0\u00bb3.19.11&Prime; width=\u00a0\u00bb80%\u00a0\u00bb max_width=\u00a0\u00bb1080px\u00a0\u00bb][et_pb_column type=\u00a0\u00bb4_4&Prime;][et_pb_text admin_label=\u00a0\u00bbArticles similaires\u00a0\u00bb _builder_version=\u00a0\u00bb3.16.1&Prime;]<\/p>\n<h2><span class=\"st\">\u00c0<\/span> lire aussi<\/h2>\n<p>[\/et_pb_text][et_pb_blog _builder_version=\u00a0\u00bb3.21&Prime; posts_number=\u00a0\u00bb4&Prime; include_categories=\u00a0\u00bb38,45,14,12,11,15,1,13&Prime; show_author=\u00a0\u00bboff\u00a0\u00bb show_date=\u00a0\u00bboff\u00a0\u00bb show_pagination=\u00a0\u00bboff\u00a0\u00bb border_width_bottom_fullwidth=\u00a0\u00bb1px\u00a0\u00bb border_color_bottom_fullwidth=\u00a0\u00bbrgba(51,51,51,0.18)\u00a0\u00bb custom_padding=\u00a0\u00bb||50px|\u00a0\u00bb module_id=\u00a0\u00bbpage_type_blog\u00a0\u00bb header_level=\u00a0\u00bbh4&Prime; \/][\/et_pb_column][\/et_pb_row][\/et_pb_section]<\/p>\n","protected":false},"excerpt":{"rendered":"<div class=\"et_pb_row et_pb_row_0 et_pb_row_empty\"><\/div>\n<p> Service de Sant\u00e9 Universitaire | Universit\u00e9 Paris Cit\u00e9 (wordpress-test.app.u-pariscite.fr) Vie associative | Universit\u00e9 Paris Cit\u00e9 (wordpress-test.app.u-pariscite.fr) <\/p>\n<div class=\"et_pb_row et_pb_row_1 et_pb_row_empty\"><\/div>\n<p> Le service culture de notre universit\u00e9 propose diverses sorties \u00e0 prix mini : cin\u00e9ma, th\u00e9\u00e2tre, concert, spectacle, exposition\u2026 Le campus est quant \u00e0 lui souvent anim\u00e9 gr\u00e2ce aux diff\u00e9rentes associations qui rythment la vie \u00e9tudiante\u00a0: f\u00eate de&hellip; <a class=\"continue\" href=\"https:\/\/wordpress-test.app.u-pariscite.fr\/lac\/la-vie-a-luniversite\/\">Lire la suite<span> La vie \u00e0 l\u2019Universit\u00e9<\/span><\/a><\/p>\n","protected":false},"author":33,"featured_media":0,"parent":0,"menu_order":0,"comment_status":"closed","ping_status":"closed","template":"","meta":{"_et_pb_use_builder":"on","_et_pb_old_content":"","_et_gb_content_width":"","footnotes":""},"class_list":["post-23427","page","type-page","status-publish","hentry"],"_links":{"self":[{"href":"https:\/\/wordpress-test.app.u-pariscite.fr\/lac\/wp-json\/wp\/v2\/pages\/23427","targetHints":{"allow":["GET"]}}],"collection":[{"href":"https:\/\/wordpress-test.app.u-pariscite.fr\/lac\/wp-json\/wp\/v2\/pages"}],"about":[{"href":"https:\/\/wordpress-test.app.u-pariscite.fr\/lac\/wp-json\/wp\/v2\/types\/page"}],"author":[{"embeddable":true,"href":"https:\/\/wordpress-test.app.u-pariscite.fr\/lac\/wp-json\/wp\/v2\/users\/33"}],"replies":[{"embeddable":true,"href":"https:\/\/wordpress-test.app.u-pariscite.fr\/lac\/wp-json\/wp\/v2\/comments?post=23427"}],"version-history":[{"count":14,"href":"https:\/\/wordpress-test.app.u-pariscite.fr\/lac\/wp-json\/wp\/v2\/pages\/23427\/revisions"}],"predecessor-version":[{"id":23475,"href":"https:\/\/wordpress-test.app.u-pariscite.fr\/lac\/wp-json\/wp\/v2\/pages\/23427\/revisions\/23475"}],"wp:attachment":[{"href":"https:\/\/wordpress-test.app.u-pariscite.fr\/lac\/wp-json\/wp\/v2\/media?parent=23427"}],"curies":[{"name":"wp","href":"https:\/\/api.w.org\/{rel}","templated":true}]}}