{"id":171,"date":"2020-02-12T14:29:36","date_gmt":"2020-02-12T13:29:36","guid":{"rendered":"https:\/\/wordpress-test.app.u-pariscite.fr\/lac\/?page_id=171"},"modified":"2024-08-30T12:18:19","modified_gmt":"2024-08-30T10:18:19","slug":"inscriptions-et-organisation","status":"publish","type":"page","link":"https:\/\/wordpress-test.app.u-pariscite.fr\/lac\/inscriptions-et-organisation\/","title":{"rendered":"Inscriptions et organisation"},"content":{"rendered":"<p>[et_pb_section bb_built=\u00a0\u00bb1&Prime; inner_width=\u00a0\u00bbauto\u00a0\u00bb inner_max_width=\u00a0\u00bbnone\u00a0\u00bb][et_pb_row _builder_version=\u00a0\u00bb3.21&Prime; width=\u00a0\u00bb80%\u00a0\u00bb max_width=\u00a0\u00bb1080px\u00a0\u00bb][et_pb_column type=\u00a0\u00bb4_4&Prime;][et_pb_post_title admin_label=\u00a0\u00bbTitre de la page\u00a0\u00bb _builder_version=\u00a0\u00bb3.22.1&Prime; meta=\u00a0\u00bboff\u00a0\u00bb featured_image=\u00a0\u00bboff\u00a0\u00bb text_shadow_horizontal_length=\u00a0\u00bbtext_shadow_style,%91object Object%93&Prime; text_shadow_vertical_length=\u00a0\u00bbtext_shadow_style,%91object Object%93&Prime; text_shadow_blur_strength=\u00a0\u00bbtext_shadow_style,%91object Object%93&Prime; title_text_shadow_horizontal_length=\u00a0\u00bbtitle_text_shadow_style,%91object Object%93&Prime; title_text_shadow_vertical_length=\u00a0\u00bbtitle_text_shadow_style,%91object Object%93&Prime; title_text_shadow_blur_strength=\u00a0\u00bbtitle_text_shadow_style,%91object Object%93&Prime; meta_text_shadow_horizontal_length=\u00a0\u00bbmeta_text_shadow_style,%91object Object%93&Prime; meta_text_shadow_vertical_length=\u00a0\u00bbmeta_text_shadow_style,%91object Object%93&Prime; meta_text_shadow_blur_strength=\u00a0\u00bbmeta_text_shadow_style,%91object Object%93&Prime; z_index_tablet=\u00a0\u00bb500&Prime; \/][\/et_pb_column][\/et_pb_row][et_pb_row _builder_version=\u00a0\u00bb3.19.11&Prime; module_id=\u00a0\u00bbimage-page-type\u00a0\u00bb width=\u00a0\u00bb80%\u00a0\u00bb max_width=\u00a0\u00bb1080px\u00a0\u00bb][et_pb_column type=\u00a0\u00bb3_4&Prime;][et_pb_image admin_label=\u00a0\u00bbImage 1920 x 1080&Prime; _builder_version=\u00a0\u00bb3.22.1&Prime; src=\u00a0\u00bbhttps:\/\/wordpress-test.app.u-pariscite.fr\/lac\/wp-content\/uploads\/sites\/5\/2020\/02\/UfrLac_ateliersCinema_InscriptionOrganisation1920.jpg\u00a0\u00bb module_id=\u00a0\u00bbimage-page\u00a0\u00bb z_index_tablet=\u00a0\u00bb500&Prime; \/][\/et_pb_column][et_pb_column type=\u00a0\u00bb1_4&Prime;][et_pb_text admin_label=\u00a0\u00bbTexte image\u00a0\u00bb _builder_version=\u00a0\u00bb3.22.1&Prime; module_id=\u00a0\u00bbtexte-image\u00a0\u00bb background_color=\u00a0\u00bbrgba(242,242,242,0)\u00a0\u00bb custom_margin=\u00a0\u00bb|-15px||\u00a0\u00bb text_text_shadow_horizontal_length=\u00a0\u00bbtext_text_shadow_style,%91object Object%93&Prime; text_text_shadow_vertical_length=\u00a0\u00bbtext_text_shadow_style,%91object Object%93&Prime; text_text_shadow_blur_strength=\u00a0\u00bbtext_text_shadow_style,%91object Object%93&Prime; link_text_shadow_horizontal_length=\u00a0\u00bblink_text_shadow_style,%91object Object%93&Prime; link_text_shadow_vertical_length=\u00a0\u00bblink_text_shadow_style,%91object Object%93&Prime; link_text_shadow_blur_strength=\u00a0\u00bblink_text_shadow_style,%91object Object%93&Prime; ul_text_shadow_horizontal_length=\u00a0\u00bbul_text_shadow_style,%91object Object%93&Prime; ul_text_shadow_vertical_length=\u00a0\u00bbul_text_shadow_style,%91object Object%93&Prime; ul_text_shadow_blur_strength=\u00a0\u00bbul_text_shadow_style,%91object Object%93&Prime; ol_text_shadow_horizontal_length=\u00a0\u00bbol_text_shadow_style,%91object Object%93&Prime; ol_text_shadow_vertical_length=\u00a0\u00bbol_text_shadow_style,%91object Object%93&Prime; ol_text_shadow_blur_strength=\u00a0\u00bbol_text_shadow_style,%91object Object%93&Prime; quote_text_shadow_horizontal_length=\u00a0\u00bbquote_text_shadow_style,%91object Object%93&Prime; quote_text_shadow_vertical_length=\u00a0\u00bbquote_text_shadow_style,%91object Object%93&Prime; quote_text_shadow_blur_strength=\u00a0\u00bbquote_text_shadow_style,%91object Object%93&Prime; header_text_shadow_horizontal_length=\u00a0\u00bbheader_text_shadow_style,%91object Object%93&Prime; header_text_shadow_vertical_length=\u00a0\u00bbheader_text_shadow_style,%91object Object%93&Prime; header_text_shadow_blur_strength=\u00a0\u00bbheader_text_shadow_style,%91object Object%93&Prime; header_2_text_shadow_horizontal_length=\u00a0\u00bbheader_2_text_shadow_style,%91object Object%93&Prime; header_2_text_shadow_vertical_length=\u00a0\u00bbheader_2_text_shadow_style,%91object Object%93&Prime; header_2_text_shadow_blur_strength=\u00a0\u00bbheader_2_text_shadow_style,%91object Object%93&Prime; header_3_text_shadow_horizontal_length=\u00a0\u00bbheader_3_text_shadow_style,%91object Object%93&Prime; header_3_text_shadow_vertical_length=\u00a0\u00bbheader_3_text_shadow_style,%91object Object%93&Prime; header_3_text_shadow_blur_strength=\u00a0\u00bbheader_3_text_shadow_style,%91object Object%93&Prime; header_4_text_shadow_horizontal_length=\u00a0\u00bbheader_4_text_shadow_style,%91object Object%93&Prime; header_4_text_shadow_vertical_length=\u00a0\u00bbheader_4_text_shadow_style,%91object Object%93&Prime; header_4_text_shadow_blur_strength=\u00a0\u00bbheader_4_text_shadow_style,%91object Object%93&Prime; header_5_text_shadow_horizontal_length=\u00a0\u00bbheader_5_text_shadow_style,%91object Object%93&Prime; header_5_text_shadow_vertical_length=\u00a0\u00bbheader_5_text_shadow_style,%91object Object%93&Prime; header_5_text_shadow_blur_strength=\u00a0\u00bbheader_5_text_shadow_style,%91object Object%93&Prime; header_6_text_shadow_horizontal_length=\u00a0\u00bbheader_6_text_shadow_style,%91object Object%93&Prime; header_6_text_shadow_vertical_length=\u00a0\u00bbheader_6_text_shadow_style,%91object Object%93&Prime; header_6_text_shadow_blur_strength=\u00a0\u00bbheader_6_text_shadow_style,%91object Object%93&Prime; z_index_tablet=\u00a0\u00bb500&Prime; \/][\/et_pb_column][\/et_pb_row][et_pb_row][et_pb_column type=\u00a0\u00bb4_4&Prime;][et_pb_text admin_label=\u00a0\u00bbl\u00e9gende\u00a0\u00bb _builder_version=\u00a0\u00bb3.22.1&Prime; module_id=\u00a0\u00bblegende\u00a0\u00bb text_text_shadow_horizontal_length=\u00a0\u00bbtext_text_shadow_style,%91object Object%93&Prime; text_text_shadow_vertical_length=\u00a0\u00bbtext_text_shadow_style,%91object Object%93&Prime; text_text_shadow_blur_strength=\u00a0\u00bbtext_text_shadow_style,%91object Object%93&Prime; link_text_shadow_horizontal_length=\u00a0\u00bblink_text_shadow_style,%91object Object%93&Prime; link_text_shadow_vertical_length=\u00a0\u00bblink_text_shadow_style,%91object Object%93&Prime; link_text_shadow_blur_strength=\u00a0\u00bblink_text_shadow_style,%91object Object%93&Prime; ul_text_shadow_horizontal_length=\u00a0\u00bbul_text_shadow_style,%91object Object%93&Prime; ul_text_shadow_vertical_length=\u00a0\u00bbul_text_shadow_style,%91object Object%93&Prime; ul_text_shadow_blur_strength=\u00a0\u00bbul_text_shadow_style,%91object Object%93&Prime; ol_text_shadow_horizontal_length=\u00a0\u00bbol_text_shadow_style,%91object Object%93&Prime; ol_text_shadow_vertical_length=\u00a0\u00bbol_text_shadow_style,%91object Object%93&Prime; ol_text_shadow_blur_strength=\u00a0\u00bbol_text_shadow_style,%91object Object%93&Prime; quote_text_shadow_horizontal_length=\u00a0\u00bbquote_text_shadow_style,%91object Object%93&Prime; quote_text_shadow_vertical_length=\u00a0\u00bbquote_text_shadow_style,%91object Object%93&Prime; quote_text_shadow_blur_strength=\u00a0\u00bbquote_text_shadow_style,%91object Object%93&Prime; header_text_shadow_horizontal_length=\u00a0\u00bbheader_text_shadow_style,%91object Object%93&Prime; header_text_shadow_vertical_length=\u00a0\u00bbheader_text_shadow_style,%91object Object%93&Prime; header_text_shadow_blur_strength=\u00a0\u00bbheader_text_shadow_style,%91object Object%93&Prime; header_2_text_shadow_horizontal_length=\u00a0\u00bbheader_2_text_shadow_style,%91object Object%93&Prime; header_2_text_shadow_vertical_length=\u00a0\u00bbheader_2_text_shadow_style,%91object Object%93&Prime; header_2_text_shadow_blur_strength=\u00a0\u00bbheader_2_text_shadow_style,%91object Object%93&Prime; header_3_text_shadow_horizontal_length=\u00a0\u00bbheader_3_text_shadow_style,%91object Object%93&Prime; header_3_text_shadow_vertical_length=\u00a0\u00bbheader_3_text_shadow_style,%91object Object%93&Prime; header_3_text_shadow_blur_strength=\u00a0\u00bbheader_3_text_shadow_style,%91object Object%93&Prime; header_4_text_shadow_horizontal_length=\u00a0\u00bbheader_4_text_shadow_style,%91object Object%93&Prime; header_4_text_shadow_vertical_length=\u00a0\u00bbheader_4_text_shadow_style,%91object Object%93&Prime; header_4_text_shadow_blur_strength=\u00a0\u00bbheader_4_text_shadow_style,%91object Object%93&Prime; header_5_text_shadow_horizontal_length=\u00a0\u00bbheader_5_text_shadow_style,%91object Object%93&Prime; header_5_text_shadow_vertical_length=\u00a0\u00bbheader_5_text_shadow_style,%91object Object%93&Prime; header_5_text_shadow_blur_strength=\u00a0\u00bbheader_5_text_shadow_style,%91object Object%93&Prime; header_6_text_shadow_horizontal_length=\u00a0\u00bbheader_6_text_shadow_style,%91object Object%93&Prime; header_6_text_shadow_vertical_length=\u00a0\u00bbheader_6_text_shadow_style,%91object Object%93&Prime; header_6_text_shadow_blur_strength=\u00a0\u00bbheader_6_text_shadow_style,%91object Object%93&Prime; z_index_tablet=\u00a0\u00bb500&Prime;]<\/p>\n<div class=\"page\" title=\"Page 1\">\n<div class=\"layoutArea\">\n<div class=\"column\">\n<p>\u00a9 Tous droits r\u00e9serv\u00e9s<\/p>\n<\/div>\n<\/div>\n<\/div>\n<p>[\/et_pb_text][\/et_pb_column][\/et_pb_row][et_pb_row][et_pb_column type=\u00a0\u00bb4_4&Prime;][et_pb_toggle _builder_version=\u00a0\u00bb3.22.1&Prime; title=\u00a0\u00bbInscriptions Atelier Licence\u00a0\u00bb text_shadow_horizontal_length=\u00a0\u00bbtext_shadow_style,%91object Object%93&Prime; text_shadow_vertical_length=\u00a0\u00bbtext_shadow_style,%91object Object%93&Prime; text_shadow_blur_strength=\u00a0\u00bbtext_shadow_style,%91object Object%93&Prime; title_text_shadow_horizontal_length=\u00a0\u00bbtitle_text_shadow_style,%91object Object%93&Prime; title_text_shadow_vertical_length=\u00a0\u00bbtitle_text_shadow_style,%91object Object%93&Prime; title_text_shadow_blur_strength=\u00a0\u00bbtitle_text_shadow_style,%91object Object%93&Prime; body_text_shadow_horizontal_length=\u00a0\u00bbbody_text_shadow_style,%91object Object%93&Prime; body_text_shadow_vertical_length=\u00a0\u00bbbody_text_shadow_style,%91object Object%93&Prime; body_text_shadow_blur_strength=\u00a0\u00bbbody_text_shadow_style,%91object Object%93&Prime; z_index_tablet=\u00a0\u00bb500&Prime;]<\/p>\n<div id=\"collapse-1-0\" class=\"panel-collapse collapse in\">\n<div class=\"panel-body\">\n<p>Pour valider votre inscription aux Ateliers Cin\u00e9ma de Licence, <strong>vous devez imp\u00e9rativement effectuer une inscription sp\u00e9cifique \u00ab\u00a0Ateliers \u00bb en suppl\u00e9ment de votre inscription p\u00e9dagogique<\/strong> en \u00e9tudes cin\u00e9matographiques.<\/p>\n<p>La pr\u00e9inscription en ligne pour les Ateliers sera ouverte entre <strong>le mardi 3 septembre \u00e0 14h et le dimanche 8 septembre avant minuit. <\/strong>. Pour finaliser votre inscription, il vous faut apporter au bureau des Ateliers Cin\u00e9ma (793C, 7<sup>\u00e8me<\/sup> \u00e9tage b\u00e2timent des Grands Moulins) une photo d\u2019identit\u00e9, entre <strong>le lundi 9 12h et le jeudi 12 septembre 17h30 au plus tard. ATTENTION : <\/strong>SEULS LES \u00c9TUDIANTS AYANT FOURNI LEUR PHOTO D&rsquo;IDENTIT\u00c9 AVANT LA DATE LIMITE SERONT CONSID\u00c9R\u00c9S COMME INSCRITS.<\/p>\n<p><strong><a href=\"https:\/\/sondage.app.wordpress-test.app.u-pariscite.fr\/427621?lang=fr\">C&rsquo;est ici pour vous inscrire<\/a> <\/strong>(le formulaire de pr\u00e9inscription ne sera pas ouvert avant le 3 septembre 14h).<\/p>\n<p><strong>Les r\u00e9unions de rentr\u00e9e des Ateliers Cin\u00e9ma se d\u00e9rouleront\u00a0durant les r\u00e9unions de rentr\u00e9e de chaque niveau :<\/strong><\/p>\n<ul>\n<li><strong>L1<\/strong> : <strong>le lundi 2 septembre \u00e0 14h <\/strong>en amphi 11E<\/li>\n<li><strong>L2<\/strong> : <strong>le lundi 2 septembre \u00e0 10h <\/strong>en amphi 11E<\/li>\n<li><strong>L3<\/strong> : <strong>le mardi 3 septembre \u00e0 10h<\/strong> en amphi 11E<\/li>\n<\/ul>\n<p>\u00a0<\/p>\n<\/div>\n<\/div>\n<p>[\/et_pb_toggle][et_pb_toggle _builder_version=\u00a0\u00bb3.22.1&Prime; title=\u00a0\u00bbInscriptions Atelier Master\u00a0\u00bb text_shadow_horizontal_length=\u00a0\u00bbtext_shadow_style,%91object Object%93&Prime; text_shadow_vertical_length=\u00a0\u00bbtext_shadow_style,%91object Object%93&Prime; text_shadow_blur_strength=\u00a0\u00bbtext_shadow_style,%91object Object%93&Prime; title_text_shadow_horizontal_length=\u00a0\u00bbtitle_text_shadow_style,%91object Object%93&Prime; title_text_shadow_vertical_length=\u00a0\u00bbtitle_text_shadow_style,%91object Object%93&Prime; title_text_shadow_blur_strength=\u00a0\u00bbtitle_text_shadow_style,%91object Object%93&Prime; body_text_shadow_horizontal_length=\u00a0\u00bbbody_text_shadow_style,%91object Object%93&Prime; body_text_shadow_vertical_length=\u00a0\u00bbbody_text_shadow_style,%91object Object%93&Prime; body_text_shadow_blur_strength=\u00a0\u00bbbody_text_shadow_style,%91object Object%93&Prime; z_index_tablet=\u00a0\u00bb500&Prime;]<\/p>\n<div id=\"collapse-1-1\" class=\"panel-collapse collapse in\">\n<div class=\"panel-body\">\n<p><strong>L\u2019Atelier Pratique de r\u00e9alisation, <\/strong>dirig\u00e9 par la r\u00e9alisatrice <strong>Ina Seghezzi<\/strong>,<strong> est s\u00e9lectif et limit\u00e9 \u00e0 15 \u00e9tudiant.e.s<\/strong> qui ont d\u00e9j\u00e0 \u00e9t\u00e9 initi\u00e9.es aux pratiques <strong>de la r\u00e9alisation audiovisuelle <\/strong>(prise vue, prise de son, montage) au cours de leur licence, \u00e0 l\u2019Universit\u00e9 Paris Cit\u00e9 ou dans une autre universit\u00e9.<\/p>\n<p><strong><a href=\"https:\/\/wordpress-test.app.u-pariscite.fr\/lac\/wp-content\/uploads\/sites\/5\/2024\/06\/Candidature-Atelier-Master-2024-2025-DEF.pdf\">Candidature Atelier Master 2024-2025<\/a><\/strong><\/p>\n<p><a href=\"https:\/\/wordpress-test.app.u-pariscite.fr\/lac\/atelier-master\/\"><strong>Pr\u00e9sentation de l&rsquo;Atelier<\/strong><\/a><\/p>\n<p><strong>La date limite pour le d\u00e9p\u00f4t des dossiers<\/strong> <strong>est le vendredi 6 septembre 2023<\/strong>.<\/p>\n<div id=\"collapse-1-1\" class=\"panel-collapse collapse in\">\n<div class=\"panel-body\">\n<p>Les \u00e9tudiant.e.s seront inform\u00e9.e.s des r\u00e9sultats <strong>le mardi 10 septembre<\/strong>.<\/p>\n<p><strong>La r\u00e9union de rentr\u00e9e du Master \u00e9tudes cin\u00e9matographiques<\/strong> <strong>aura lieu le mardi 3 septembre 2023 : \u00e0 14h pour les M1 et 15h30 pour les M2.<br \/><\/strong><\/p>\n<\/div>\n<\/div>\n<\/div>\n<\/div>\n<p>[\/et_pb_toggle][et_pb_toggle _builder_version=\u00a0\u00bb3.22.1&Prime; title=\u00a0\u00bbOrganisation p\u00e9dagogique\u00a0\u00bb text_shadow_horizontal_length=\u00a0\u00bbtext_shadow_style,%91object Object%93&Prime; text_shadow_vertical_length=\u00a0\u00bbtext_shadow_style,%91object Object%93&Prime; text_shadow_blur_strength=\u00a0\u00bbtext_shadow_style,%91object Object%93&Prime; title_text_shadow_horizontal_length=\u00a0\u00bbtitle_text_shadow_style,%91object Object%93&Prime; title_text_shadow_vertical_length=\u00a0\u00bbtitle_text_shadow_style,%91object Object%93&Prime; title_text_shadow_blur_strength=\u00a0\u00bbtitle_text_shadow_style,%91object Object%93&Prime; body_text_shadow_horizontal_length=\u00a0\u00bbbody_text_shadow_style,%91object Object%93&Prime; body_text_shadow_vertical_length=\u00a0\u00bbbody_text_shadow_style,%91object Object%93&Prime; body_text_shadow_blur_strength=\u00a0\u00bbbody_text_shadow_style,%91object Object%93&Prime; z_index_tablet=\u00a0\u00bb500&Prime;]<\/p>\n<div id=\"collapse-1-2\" class=\"panel-collapse collapse in\">\n<div class=\"panel-body\">\n<p><strong>Les \u00e9tudiant.e.s de L1<\/strong> ont \u00e0 effectuer <strong>1 atelier sur l\u2019ann\u00e9e<\/strong>, soit au S1, soit au S2 : il s&rsquo;agit de <strong>l&rsquo;Atelier Initiation \u00e0 la r\u00e9alisation<\/strong>, dont 2 sessions sont propos\u00e9es au S1, et 3 autres au S2.<\/p>\n<p><strong>Les \u00e9tudiant.e.s de L2<\/strong>, ont \u00e0 effectuer <strong>2 ateliers\u00a0<\/strong>: <strong>1 atelier au S3<\/strong>, \u00e0 choisir entre <strong>Prise de vue<\/strong>, <strong>Montage<\/strong> et <strong>Son<\/strong>. Et <strong>1 atelier au S4<\/strong>, \u00e0 choisir entre <strong>R\u00e9alisation<\/strong>, <strong>D\u00e9coupage<\/strong> et <strong>Production<\/strong>.<\/p>\n<p><strong>Les \u00e9tudiant.e.s de L3<\/strong> ayant choisi l\u2019itin\u00e9raire \u00ab Pratique du cin\u00e9ma \u00bb ont, pour leur part, \u00e0 choisir <strong>1 des 2 ateliers R\u00e9alisation<\/strong> (L3\/1 ou L3\/2 ). Chacun de ces ateliers se d\u00e9roule sur les deux semestres.<\/p>\n<p><strong>Les \u00e9tudiant.e.s de Master<\/strong> qui ont \u00e9t\u00e9 accept\u00e9.e.s en atelier \u00ab Pratique de r\u00e9alisation \u00bb doivent suivre <strong>l\u2019Atelier R\u00e9alisation de Master<\/strong> qui se d\u00e9roule sur les deux semestres.<\/p>\n<\/div>\n<\/div>\n<p>[\/et_pb_toggle][et_pb_toggle _builder_version=\u00a0\u00bb3.22.1&Prime; title=\u00a0\u00bbOrganisation pratique\u00a0\u00bb text_shadow_horizontal_length=\u00a0\u00bbtext_shadow_style,%91object Object%93&Prime; text_shadow_vertical_length=\u00a0\u00bbtext_shadow_style,%91object Object%93&Prime; text_shadow_blur_strength=\u00a0\u00bbtext_shadow_style,%91object Object%93&Prime; title_text_shadow_horizontal_length=\u00a0\u00bbtitle_text_shadow_style,%91object Object%93&Prime; title_text_shadow_vertical_length=\u00a0\u00bbtitle_text_shadow_style,%91object Object%93&Prime; title_text_shadow_blur_strength=\u00a0\u00bbtitle_text_shadow_style,%91object Object%93&Prime; body_text_shadow_horizontal_length=\u00a0\u00bbbody_text_shadow_style,%91object Object%93&Prime; body_text_shadow_vertical_length=\u00a0\u00bbbody_text_shadow_style,%91object Object%93&Prime; body_text_shadow_blur_strength=\u00a0\u00bbbody_text_shadow_style,%91object Object%93&Prime; z_index_tablet=\u00a0\u00bb500&Prime;]<\/p>\n<div id=\"collapse-1-3\" class=\"panel-collapse collapse in\">\n<div class=\"panel-body\">\n<p>Un atelier exige de la part de l\u2019\u00e9tudiant.e. un engagement personnel et une implication active dans le travail du groupe.<br \/><strong>Chaque \u00e9tudiant.e. est dispens\u00e9.e. ponctuellement et exceptionnellement des autres cours pendant la p\u00e9riode de l\u2019atelier<\/strong> dans lequel il.elle est inscrit.e.<br \/>Il.elle est ainsi autoris\u00e9.e<strong> \u00e0 manquer 1 fois ses cours<\/strong> pour mener \u00e0 bien son travail d&rsquo;atelier.<br \/>Il.elle doit donc se pr\u00e9occuper personnellement de r\u00e9cup\u00e9rer les cours manqu\u00e9s aupr\u00e8s de ses camarades. Le travail en atelier ne peut justifier aucune autre dispense.<\/p>\n<p><strong>Aucune session de rattrapage n\u2019est envisageable pour les Ateliers<\/strong>, dans la mesure o\u00f9 il s&rsquo;agit d&rsquo;un travail ponctuel de groupe soumis \u00e0 des contraintes techniques. Il est \u00e9galement \u00e0 noter que <strong>certains ateliers se d\u00e9roulent les samedis, durant les semaines de lecture et les vacances scolaires<\/strong>, de fa\u00e7on \u00e0 \u00e9viter des chevauchements trop importants avec les cours th\u00e9oriques.<\/p>\n<p>En raison de la concentration du travail dans le temps, <strong>la pr\u00e9sence active \u00e0 l\u2019atelier est indispensable \u00e0 sa validation.<\/strong><\/p>\n<\/div>\n<\/div>\n<p>[\/et_pb_toggle][\/et_pb_column][\/et_pb_row][\/et_pb_section]<\/p>\n","protected":false},"excerpt":{"rendered":"<div class=\"et_pb_row et_pb_row_0 et_pb_row_empty\"><\/div>\n<p> \u00a9 Tous droits r\u00e9serv\u00e9s <\/p>\n<div class=\"et_pb_row et_pb_row_1 et_pb_row_empty\"><\/div>\n<p> Pour valider votre inscription aux Ateliers Cin\u00e9ma de Licence, vous devez imp\u00e9rativement effectuer une inscription sp\u00e9cifique \u00ab\u00a0Ateliers \u00bb en suppl\u00e9ment de votre inscription p\u00e9dagogique en \u00e9tudes cin\u00e9matographiques.La pr\u00e9inscription en ligne pour les Ateliers sera ouverte entre le mardi 3 septembre \u00e0 14h et le dimanche 8 septembre avant minuit.&hellip; <a class=\"continue\" href=\"https:\/\/wordpress-test.app.u-pariscite.fr\/lac\/inscriptions-et-organisation\/\">Lire la suite<span> Inscriptions et organisation<\/span><\/a><\/p>\n","protected":false},"author":8,"featured_media":0,"parent":0,"menu_order":0,"comment_status":"closed","ping_status":"closed","template":"","meta":{"_et_pb_use_builder":"on","_et_pb_old_content":"","_et_gb_content_width":"","footnotes":""},"class_list":["post-171","page","type-page","status-publish","hentry"],"_links":{"self":[{"href":"https:\/\/wordpress-test.app.u-pariscite.fr\/lac\/wp-json\/wp\/v2\/pages\/171","targetHints":{"allow":["GET"]}}],"collection":[{"href":"https:\/\/wordpress-test.app.u-pariscite.fr\/lac\/wp-json\/wp\/v2\/pages"}],"about":[{"href":"https:\/\/wordpress-test.app.u-pariscite.fr\/lac\/wp-json\/wp\/v2\/types\/page"}],"author":[{"embeddable":true,"href":"https:\/\/wordpress-test.app.u-pariscite.fr\/lac\/wp-json\/wp\/v2\/users\/8"}],"replies":[{"embeddable":true,"href":"https:\/\/wordpress-test.app.u-pariscite.fr\/lac\/wp-json\/wp\/v2\/comments?post=171"}],"version-history":[{"count":66,"href":"https:\/\/wordpress-test.app.u-pariscite.fr\/lac\/wp-json\/wp\/v2\/pages\/171\/revisions"}],"predecessor-version":[{"id":25327,"href":"https:\/\/wordpress-test.app.u-pariscite.fr\/lac\/wp-json\/wp\/v2\/pages\/171\/revisions\/25327"}],"wp:attachment":[{"href":"https:\/\/wordpress-test.app.u-pariscite.fr\/lac\/wp-json\/wp\/v2\/media?parent=171"}],"curies":[{"name":"wp","href":"https:\/\/api.w.org\/{rel}","templated":true}]}}