{"id":1276,"date":"2020-03-20T09:26:00","date_gmt":"2020-03-20T08:26:00","guid":{"rendered":"https:\/\/wordpress-test.app.u-pariscite.fr\/lac\/?page_id=1276"},"modified":"2024-09-23T14:14:55","modified_gmt":"2024-09-23T12:14:55","slug":"responsables-des-diplomes-et-parcours","status":"publish","type":"page","link":"https:\/\/wordpress-test.app.u-pariscite.fr\/lac\/responsables-des-diplomes-et-parcours\/","title":{"rendered":"Responsables des dipl\u00f4mes et parcours"},"content":{"rendered":"<p>[et_pb_section bb_built=\u00a0\u00bb1&Prime; next_background_color=\u00a0\u00bb#000000&Prime; inner_width=\u00a0\u00bbauto\u00a0\u00bb inner_max_width=\u00a0\u00bbnone\u00a0\u00bb][et_pb_row _builder_version=\u00a0\u00bb3.21&Prime; width=\u00a0\u00bb80%\u00a0\u00bb max_width=\u00a0\u00bb1080px\u00a0\u00bb][et_pb_column type=\u00a0\u00bb4_4&Prime;][et_pb_post_title admin_label=\u00a0\u00bbTitre de la page\u00a0\u00bb _builder_version=\u00a0\u00bb3.22.1&Prime; meta=\u00a0\u00bboff\u00a0\u00bb featured_image=\u00a0\u00bboff\u00a0\u00bb \/][\/et_pb_column][\/et_pb_row][et_pb_row][et_pb_column type=\u00a0\u00bb4_4&Prime;][et_pb_toggle admin_label=\u00a0\u00bbLicence Lettres\u00a0\u00bb _builder_version=\u00a0\u00bb3.22.1&Prime; title=\u00a0\u00bbLicence Lettres\u00a0\u00bb text_shadow_horizontal_length=\u00a0\u00bbtext_shadow_style,%91object Object%93&Prime; text_shadow_vertical_length=\u00a0\u00bbtext_shadow_style,%91object Object%93&Prime; text_shadow_blur_strength=\u00a0\u00bbtext_shadow_style,%91object Object%93&Prime; title_text_shadow_horizontal_length=\u00a0\u00bbtitle_text_shadow_style,%91object Object%93&Prime; title_text_shadow_vertical_length=\u00a0\u00bbtitle_text_shadow_style,%91object Object%93&Prime; title_text_shadow_blur_strength=\u00a0\u00bbtitle_text_shadow_style,%91object Object%93&Prime; body_text_shadow_horizontal_length=\u00a0\u00bbbody_text_shadow_style,%91object Object%93&Prime; body_text_shadow_vertical_length=\u00a0\u00bbbody_text_shadow_style,%91object Object%93&Prime; body_text_shadow_blur_strength=\u00a0\u00bbbody_text_shadow_style,%91object Object%93&Prime; z_index_tablet=\u00a0\u00bb500&Prime;]<\/p>\n<p>Jacques-David EBGUY <a href=\"mailto:direction.licencelh@gmail.com\">direction.licencelh@gmail.com\u00a0<\/a> et C\u00e9cile NARJOUX <a href=\"mailto:direction.licencelh@gmail.com\">direction.licencelh@gmail.com<\/a><\/p>\n<table border=\"1\" width=\"1276\" cellspacing=\"1\" cellpadding=\"1\">\n<tbody>\n<tr>\n<td>Licence Lettres parcours Lettres et Sciences Humaines<\/td>\n<td>\n<p>Jacques-David EBGUY <a href=\"mailto:direction.licencelh@gmail.com\">direction.licencelh@gmail.com\u00a0<\/a> et C\u00e9cile NARJOUX <a href=\"mailto:direction.licencelh@gmail.com\">direction.licencelh@gmail.com<\/a><\/p>\n<\/td>\n<\/tr>\n<tr>\n<td>Licence Lettres parcours Lettres et Arts<\/td>\n<td>\n<p>Cl\u00e9lia NAU (<a href=\"mailto:clelianau@gmail.com\">clelianau@gmail.com<\/a>)<\/p>\n<p>Isabelle BARBERIS ( <a href=\"mailto:barberis.isabelle@gmail.com\">barberis.isabelle@gmail.com<\/a>)<\/p>\n<\/td>\n<\/tr>\n<tr>\n<td>Licence Lettres Parcours Edition<\/td>\n<td>Olivier RITZ (<a href=\"mailto:olivier.ritz@wordpress-test.app.u-pariscite.fr\">olivier.ritz@wordpress-test.app.u-pariscite.fr<\/a>)<\/td>\n<\/tr>\n<tr>\n<td>Licence Lettres Parcours M\u00e9tiers de l&rsquo;\u00e9crit<\/td>\n<td>Alexia KALANTZIS (<a href=\"mailto:alexiakalantzis@gmail.com\">alexiakalantzis@gmail.com<\/a>)<\/td>\n<\/tr>\n<tr>\n<td>Licence Majeure Lettres \/ Mineure Cin\u00e9ma<\/td>\n<td>\n<p>Jacques-David EBGUY <a href=\"mailto:direction.licencelh@gmail.com\">direction.licencelh@gmail.com\u00a0<\/a> et C\u00e9cile NARJOUX <a href=\"mailto:direction.licencelh@gmail.com\">direction.licencelh@gmail.com<\/a><\/p>\n<\/td>\n<\/tr>\n<\/tbody>\n<\/table>\n<p>[\/et_pb_toggle][et_pb_toggle admin_label=\u00a0\u00bbLicences bidisciplinaires\u00a0\u00bb _builder_version=\u00a0\u00bb3.22.1&Prime; title=\u00a0\u00bbLicences bidisciplinaires\u00a0\u00bb text_shadow_horizontal_length=\u00a0\u00bbtext_shadow_style,%91object Object%93&Prime; text_shadow_vertical_length=\u00a0\u00bbtext_shadow_style,%91object Object%93&Prime; text_shadow_blur_strength=\u00a0\u00bbtext_shadow_style,%91object Object%93&Prime; title_text_shadow_horizontal_length=\u00a0\u00bbtitle_text_shadow_style,%91object Object%93&Prime; title_text_shadow_vertical_length=\u00a0\u00bbtitle_text_shadow_style,%91object Object%93&Prime; title_text_shadow_blur_strength=\u00a0\u00bbtitle_text_shadow_style,%91object Object%93&Prime; body_text_shadow_horizontal_length=\u00a0\u00bbbody_text_shadow_style,%91object Object%93&Prime; body_text_shadow_vertical_length=\u00a0\u00bbbody_text_shadow_style,%91object Object%93&Prime; body_text_shadow_blur_strength=\u00a0\u00bbbody_text_shadow_style,%91object Object%93&Prime; z_index_tablet=\u00a0\u00bb500&Prime;]<\/p>\n<table border=\"1\" width=\"1276\" cellspacing=\"1\" cellpadding=\"1\">\n<tbody>\n<tr>\n<td>Lettres\/Anglais<\/td>\n<td>\n<p>Guiomar HAUTCOEUR (<a href=\"mailto:guiomar.hautcoeur@gmail.com\">guiomar.hautcoeur@gmail.com<\/a>) &#8211; Bloc Lettres<\/p>\n<p>V\u00e9ronique ELEFTERIOU (<a href=\"mailto:elefteriou@orange.fr\">elefteriou@orange.fr<\/a>) &#8211; Bloc Anglais<\/td>\n<\/tr>\n<tr>\n<td>Lettres\/Histoire<\/td>\n<td>\n<p>Guiomar HAUTCOEUR (<a href=\"mailto:guiomar.hautcoeur@gmail.com\">guiomar.hautcoeur@gmail.com<\/a>)\u00a0\u00a0 &#8211; Bloc Lettres<\/p>\n<p>St\u00e9phanie WYLER (<a href=\"mailto:guiomar.hautcoeur@gmail.com\">guiomar.hautcoeur@gmail.com<\/a>) &#8211; Bloc Histoire<\/td>\n<\/tr>\n<tr>\n<td>Lettres\/Sciences du Langage<\/td>\n<td>\n<p>Guiomar HAUTCOEUR (<a href=\"mailto:guiomar.hautcoeur@gmail.com\">guiomar.hautcoeur@gmail.com<\/a>)\u00a0 &#8211; Bloc Lettres<\/p>\n<p>Lisa BRUNETTI (<a href=\"mailto:lisa.brunetti@wordpress-test.app.u-pariscite.fr\">lisa.brunetti@wordpress-test.app.u-pariscite.fr<\/a>)\u00a0 &#8211; Bloc Sciences du Langage<\/td>\n<\/tr>\n<\/tbody>\n<\/table>\n<p>[\/et_pb_toggle][et_pb_toggle admin_label=\u00a0\u00bbLicence Etudes cin\u00e9matographique\u00a0\u00bb _builder_version=\u00a0\u00bb3.22.1&Prime; title=\u00a0\u00bbLicence Etudes cin\u00e9matographique\u00a0\u00bb text_shadow_horizontal_length=\u00a0\u00bbtext_shadow_style,%91object Object%93&Prime; text_shadow_vertical_length=\u00a0\u00bbtext_shadow_style,%91object Object%93&Prime; text_shadow_blur_strength=\u00a0\u00bbtext_shadow_style,%91object Object%93&Prime; title_text_shadow_horizontal_length=\u00a0\u00bbtitle_text_shadow_style,%91object Object%93&Prime; title_text_shadow_vertical_length=\u00a0\u00bbtitle_text_shadow_style,%91object Object%93&Prime; title_text_shadow_blur_strength=\u00a0\u00bbtitle_text_shadow_style,%91object Object%93&Prime; body_text_shadow_horizontal_length=\u00a0\u00bbbody_text_shadow_style,%91object Object%93&Prime; body_text_shadow_vertical_length=\u00a0\u00bbbody_text_shadow_style,%91object Object%93&Prime; body_text_shadow_blur_strength=\u00a0\u00bbbody_text_shadow_style,%91object Object%93&Prime; z_index_tablet=\u00a0\u00bb500&Prime;]<\/p>\n<p>Anthony RESCIGNO <a href=\"mailto:anthony.rescigno@wordpress-test.app.u-pariscite.fr\">anthony.rescigno@wordpress-test.app.u-pariscite.fr<\/a><\/p>\n<table style=\"height: 145px\" border=\"1\" width=\"1272\" cellspacing=\"1\" cellpadding=\"1\">\n<tbody>\n<tr>\n<td>L1 Licence \u00e9tudes cin\u00e9matographiques<\/td>\n<td>Olga KOBRYN<\/td>\n<td><a href=\"mailto:olha.kobryn@gmail.com\">olha.kobryn@gmail.com<\/a><\/td>\n<\/tr>\n<tr>\n<td>L2 Licence \u00e9tudes cin\u00e9matographiques<\/td>\n<td>Olga KOBRYN<\/td>\n<td>\n<p><a href=\"mailto:olha.kobryn@gmail.com\">olha.kobryn@gmail.com<\/a><\/p>\n<\/td>\n<\/tr>\n<tr>\n<td>L3 Licence \u00e9tudes cin\u00e9matographiques<\/td>\n<td>Anthony RESCIGNO<\/td>\n<td>\n<p><a href=\"mailto:anthony.rescigno@wordpress-test.app.u-pariscite.fr\">anthony.rescigno@wordpress-test.app.u-pariscite.fr<\/a><\/p>\n<\/td>\n<\/tr>\n<\/tbody>\n<\/table>\n<p>[\/et_pb_toggle][et_pb_toggle admin_label=\u00a0\u00bbMaster Lettres et Humanit\u00e9s\u00a0\u00bb _builder_version=\u00a0\u00bb3.22.1&Prime; title=\u00a0\u00bbMaster Lettres et Humanit\u00e9s\u00a0\u00bb text_shadow_horizontal_length=\u00a0\u00bbtext_shadow_style,%91object Object%93&Prime; text_shadow_vertical_length=\u00a0\u00bbtext_shadow_style,%91object Object%93&Prime; text_shadow_blur_strength=\u00a0\u00bbtext_shadow_style,%91object Object%93&Prime; title_text_shadow_horizontal_length=\u00a0\u00bbtitle_text_shadow_style,%91object Object%93&Prime; title_text_shadow_vertical_length=\u00a0\u00bbtitle_text_shadow_style,%91object Object%93&Prime; title_text_shadow_blur_strength=\u00a0\u00bbtitle_text_shadow_style,%91object Object%93&Prime; body_text_shadow_horizontal_length=\u00a0\u00bbbody_text_shadow_style,%91object Object%93&Prime; body_text_shadow_vertical_length=\u00a0\u00bbbody_text_shadow_style,%91object Object%93&Prime; body_text_shadow_blur_strength=\u00a0\u00bbbody_text_shadow_style,%91object Object%93&Prime; z_index_tablet=\u00a0\u00bb500&Prime;]<\/p>\n<ul>\n<li>PATRICIA LIMIDO\u00a0 <a href=\"mailto:patricia.limido@wordpress-test.app.u-pariscite.fr\">patricia.limido@wordpress-test.app.u-pariscite.fr\u00a0<\/a><\/li>\n<li>PASCAL MOUGIN : <a href=\"mailto:pascal.mougin@wordpress-test.app.u-pariscite.fr\">pascal.mougin@wordpress-test.app.u-pariscite.fr<\/a><\/li>\n<\/ul>\n<p>[\/et_pb_toggle][et_pb_toggle admin_label=\u00a0\u00bbMaster Litt\u00e9rature G\u00e9n\u00e9rale et Compar\u00e9e\u00a0\u00bb _builder_version=\u00a0\u00bb3.22.1&Prime; title=\u00a0\u00bbMaster Litt\u00e9rature G\u00e9n\u00e9rale et Compar\u00e9e\u00a0\u00bb text_shadow_horizontal_length=\u00a0\u00bbtext_shadow_style,%91object Object%93&Prime; text_shadow_vertical_length=\u00a0\u00bbtext_shadow_style,%91object Object%93&Prime; text_shadow_blur_strength=\u00a0\u00bbtext_shadow_style,%91object Object%93&Prime; title_text_shadow_horizontal_length=\u00a0\u00bbtitle_text_shadow_style,%91object Object%93&Prime; title_text_shadow_vertical_length=\u00a0\u00bbtitle_text_shadow_style,%91object Object%93&Prime; title_text_shadow_blur_strength=\u00a0\u00bbtitle_text_shadow_style,%91object Object%93&Prime; body_text_shadow_horizontal_length=\u00a0\u00bbbody_text_shadow_style,%91object Object%93&Prime; body_text_shadow_vertical_length=\u00a0\u00bbbody_text_shadow_style,%91object Object%93&Prime; body_text_shadow_blur_strength=\u00a0\u00bbbody_text_shadow_style,%91object Object%93&Prime; z_index_tablet=\u00a0\u00bb500&Prime;]<\/p>\n<p><strong>Cyril VETTORATO <\/strong><a href=\"mailto:cyril.vettorato@gmail.com\">cyril.vettorato@gmail.com<\/a><\/p>\n<p>\u00a0Lise Wajeman\u00a0<a href=\"mailto:lisewajeman@gmail.com\"> lisewajeman@gmail.com<\/a><\/p>\n<p>[\/et_pb_toggle][et_pb_toggle admin_label=\u00a0\u00bb Master Cin\u00e9ma, Documentaire, M\u00e9dias\u00a0\u00bb _builder_version=\u00a0\u00bb3.22.1&Prime; title=\u00a0\u00bbMaster Cin\u00e9ma et Audiovisuel\u00a0\u00bb text_shadow_horizontal_length=\u00a0\u00bbtext_shadow_style,%91object Object%93&Prime; text_shadow_vertical_length=\u00a0\u00bbtext_shadow_style,%91object Object%93&Prime; text_shadow_blur_strength=\u00a0\u00bbtext_shadow_style,%91object Object%93&Prime; title_text_shadow_horizontal_length=\u00a0\u00bbtitle_text_shadow_style,%91object Object%93&Prime; title_text_shadow_vertical_length=\u00a0\u00bbtitle_text_shadow_style,%91object Object%93&Prime; title_text_shadow_blur_strength=\u00a0\u00bbtitle_text_shadow_style,%91object Object%93&Prime; body_text_shadow_horizontal_length=\u00a0\u00bbbody_text_shadow_style,%91object Object%93&Prime; body_text_shadow_vertical_length=\u00a0\u00bbbody_text_shadow_style,%91object Object%93&Prime; body_text_shadow_blur_strength=\u00a0\u00bbbody_text_shadow_style,%91object Object%93&Prime; z_index_tablet=\u00a0\u00bb500&Prime;]<\/p>\n<p>\n<strong>Pierre Olivier TOULZA<\/strong> \u00a0\u00a0 <a href=\"mailto:pierretoulza@gmail.com\">pierretoulza@gmail.com<\/a><\/p>\n<table border=\"1\" width=\"1411\" cellspacing=\"1\" cellpadding=\"1\">\n<tbody>\n<tr>\n<td>M1 (recherche) Parcours MASTER ETUDES CINEMATOGRAPHIQUES M1<\/td>\n<td>Pierre-Olivier TOULZA\u00a0 (<a href=\"mailto:pierretoulza@gmail.com\">pierretoulza@gmail.com<\/a>)<\/td>\n<\/tr>\n<tr>\n<td>M2 (recherche) Parcours MASTER ETUDES CINEMATOGRAPHIQUES M2<\/td>\n<td>Pierre-Olivier TOULZA\u00a0 (<a href=\"mailto:pierretoulza@gmail.com\">pierretoulza@gmail.com<\/a>)<\/td>\n<\/tr>\n<tr>\n<td>MASTER 1 PRO JOURNALISME SCIENTIFIQUE\u00a0\u00a0\u00a0 JCCS<\/td>\n<td>Fr\u00e9d\u00e9ric TOURNIER (<a href=\"mailto:frederic.tournier.paris7@gmail.com\">frederic.tournier.paris7@gmail.com<\/a>)<\/td>\n<\/tr>\n<tr>\n<td>MASTER 2 PRO JOURNALISME SCIENTIFIQUE JCCS<\/td>\n<td>Fr\u00e9d\u00e9ric TOURNIER (<a href=\"mailto:frederic.tournier.paris7@gmail.com\">frederic.tournier.paris7@gmail.com<\/a>)<\/td>\n<\/tr>\n<tr>\n<td>MASTER 2 PRO Le Documentaire\u00a0 DEMC<\/td>\n<td>Caroline ZEAU (<a class=\"o365button ms-font-m\" role=\"link\" href=\"mailto:caroline.zeau@gmail.com\"><span class=\"_rpc_41 ms-font-s allowTextSelection _rpc_l1 ms-font-color-themePrimary _rpc_p1\">caroline.zeau@gmail.com<\/span><\/a>)<\/td>\n<\/tr>\n<\/tbody>\n<\/table>\n<p>[\/et_pb_toggle][et_pb_toggle admin_label=\u00a0\u00bbDouble master cin\u00e9ma\u00a0\u00bb _builder_version=\u00a0\u00bb3.22.1&Prime; title=\u00a0\u00bbDouble Master : Cin\u00e9ma et Audiovisuel parcours %22Film studies%22 (Cin\u00e9ma\/Anglais)\u00a0\u00bb text_shadow_horizontal_length=\u00a0\u00bbtext_shadow_style,%91object Object%93&Prime; text_shadow_vertical_length=\u00a0\u00bbtext_shadow_style,%91object Object%93&Prime; text_shadow_blur_strength=\u00a0\u00bbtext_shadow_style,%91object Object%93&Prime; title_text_shadow_horizontal_length=\u00a0\u00bbtitle_text_shadow_style,%91object Object%93&Prime; title_text_shadow_vertical_length=\u00a0\u00bbtitle_text_shadow_style,%91object Object%93&Prime; title_text_shadow_blur_strength=\u00a0\u00bbtitle_text_shadow_style,%91object Object%93&Prime; body_text_shadow_horizontal_length=\u00a0\u00bbbody_text_shadow_style,%91object Object%93&Prime; body_text_shadow_vertical_length=\u00a0\u00bbbody_text_shadow_style,%91object Object%93&Prime; body_text_shadow_blur_strength=\u00a0\u00bbbody_text_shadow_style,%91object Object%93&Prime; z_index_tablet=\u00a0\u00bb500&Prime;]<\/p>\n<p><b>Pierre BERTHOMIEU\u00a0 : <\/b><a href=\"mailto:berthomieu.pierre@gmail.com\">berthomieu.pierre@gmail.com<\/a><\/p>\n<p>[\/et_pb_toggle][et_pb_toggle admin_label=\u00a0\u00bbAgr\u00e9gation,  Pr\u00e9paration concours\u00a0\u00bb _builder_version=\u00a0\u00bb3.22.1&Prime; title=\u00a0\u00bbAgr\u00e9gation,  Pr\u00e9paration concours\u00a0\u00bb text_shadow_horizontal_length=\u00a0\u00bbtext_shadow_style,%91object Object%93&Prime; text_shadow_vertical_length=\u00a0\u00bbtext_shadow_style,%91object Object%93&Prime; text_shadow_blur_strength=\u00a0\u00bbtext_shadow_style,%91object Object%93&Prime; title_text_shadow_horizontal_length=\u00a0\u00bbtitle_text_shadow_style,%91object Object%93&Prime; title_text_shadow_vertical_length=\u00a0\u00bbtitle_text_shadow_style,%91object Object%93&Prime; title_text_shadow_blur_strength=\u00a0\u00bbtitle_text_shadow_style,%91object Object%93&Prime; body_text_shadow_horizontal_length=\u00a0\u00bbbody_text_shadow_style,%91object Object%93&Prime; body_text_shadow_vertical_length=\u00a0\u00bbbody_text_shadow_style,%91object Object%93&Prime; body_text_shadow_blur_strength=\u00a0\u00bbbody_text_shadow_style,%91object Object%93&Prime; z_index_tablet=\u00a0\u00bb500&Prime;]<\/p>\n<p><strong>Dominique RABATE<\/strong> :\u00a0<a href=\"mailto:dominique.rabate@wanadoo.fr\">dominique.rabate@wanadoo.fr<\/a><\/p>\n<p>[\/et_pb_toggle][et_pb_toggle admin_label=\u00a0\u00bbEngagement \u00e9tudiant\u00a0\u00bb _builder_version=\u00a0\u00bb3.22.1&Prime; title=\u00a0\u00bbEngagement \u00e9tudiant\u00a0\u00bb text_shadow_horizontal_length=\u00a0\u00bbtext_shadow_style,%91object Object%93&Prime; text_shadow_vertical_length=\u00a0\u00bbtext_shadow_style,%91object Object%93&Prime; text_shadow_blur_strength=\u00a0\u00bbtext_shadow_style,%91object Object%93&Prime; title_text_shadow_horizontal_length=\u00a0\u00bbtitle_text_shadow_style,%91object Object%93&Prime; title_text_shadow_vertical_length=\u00a0\u00bbtitle_text_shadow_style,%91object Object%93&Prime; title_text_shadow_blur_strength=\u00a0\u00bbtitle_text_shadow_style,%91object Object%93&Prime; body_text_shadow_horizontal_length=\u00a0\u00bbbody_text_shadow_style,%91object Object%93&Prime; body_text_shadow_vertical_length=\u00a0\u00bbbody_text_shadow_style,%91object Object%93&Prime; body_text_shadow_blur_strength=\u00a0\u00bbbody_text_shadow_style,%91object Object%93&Prime; z_index_tablet=\u00a0\u00bb500&Prime;]<\/p>\n<ul>\n<li>Lettres\u00a0\u00a0 C\u00e9cile DE BARY \u00a0 <a href=\"mailto:ceciledebary@gmail.com\">ceciledebary@gmail.com<\/a><\/li>\n<li>Lettres &amp; Arts\u00a0\u00a0 Laurence TIBI <a href=\"mailto:l.tibi@laposte.net\">l.tibi@laposte.net<\/a><\/li>\n<li>Arts du spectacle\u00a0\u00a0 \u00a0Gaspard DELON\u00a0<a href=\"mailto:gaspard.delon@gmail.com\"> gaspard.delon@gmail.com<\/a><\/li>\n<\/ul>\n<p>[\/et_pb_toggle][et_pb_toggle admin_label=\u00a0\u00bbResponsable des \u00e9tudiant\u00b7e\u00b7s \u00e9trangers\u00a0\u00bb _builder_version=\u00a0\u00bb3.22.1&Prime; title=\u00a0\u00bbResponsables des relations internationales et Erasmus :\u00a0\u00bb text_shadow_horizontal_length=\u00a0\u00bbtext_shadow_style,%91object Object%93&Prime; text_shadow_vertical_length=\u00a0\u00bbtext_shadow_style,%91object Object%93&Prime; text_shadow_blur_strength=\u00a0\u00bbtext_shadow_style,%91object Object%93&Prime; title_text_shadow_horizontal_length=\u00a0\u00bbtitle_text_shadow_style,%91object Object%93&Prime; title_text_shadow_vertical_length=\u00a0\u00bbtitle_text_shadow_style,%91object Object%93&Prime; title_text_shadow_blur_strength=\u00a0\u00bbtitle_text_shadow_style,%91object Object%93&Prime; body_text_shadow_horizontal_length=\u00a0\u00bbbody_text_shadow_style,%91object Object%93&Prime; body_text_shadow_vertical_length=\u00a0\u00bbbody_text_shadow_style,%91object Object%93&Prime; body_text_shadow_blur_strength=\u00a0\u00bbbody_text_shadow_style,%91object Object%93&Prime; z_index_tablet=\u00a0\u00bb500&Prime;]<\/p>\n<h3>Mobilit\u00e9 entrante<\/h3>\n<p>Armelle COLLOT &lt;<a href=\"mailto:armelle.collot@wordpress-test.app.u-pariscite.fr\">armelle.collot@wordpress-test.app.u-pariscite.fr<\/a><\/p>\n<h3>Mobilit\u00e9 Sortante <\/h3>\n<p class=\"paragraphe\"><strong>Lettres :<\/strong><\/p>\n<p>Vincent Berthelier :<a href=\"mailto:v.berthelier@hotmail.fr\"> v.berthelier@hotmail.fr<\/a><\/p>\n<p class=\"paragraphe\"><strong>Cin\u00e9ma :<\/strong><\/p>\n<p class=\"paragraphe\">Tatian MONASSA: <a href=\"mailto:tatian.monassa@wordpress-test.app.u-pariscite.fr\">tatian.monassa@wordpress-test.app.u-pariscite.fr<\/a><\/p>\n<p>Permanence sur rendez vous\u00a0: Vendredi 12h \u2013 13h, Salle 693CC, 6e \u00e9tage, Grands Moulins<\/p>\n<p>[\/et_pb_toggle][\/et_pb_column][\/et_pb_row][\/et_pb_section][et_pb_section bb_built=\u00a0\u00bb1&Prime; specialty=\u00a0\u00bboff\u00a0\u00bb prev_background_color=\u00a0\u00bb#000000&Prime; _builder_version=\u00a0\u00bb3.19.11&Prime; custom_padding=\u00a0\u00bb0px||0px|\u00a0\u00bb inner_width=\u00a0\u00bbauto\u00a0\u00bb inner_max_width=\u00a0\u00bbnone\u00a0\u00bb][et_pb_row _builder_version=\u00a0\u00bb3.19.11&Prime; width=\u00a0\u00bb80%\u00a0\u00bb max_width=\u00a0\u00bb1080px\u00a0\u00bb][et_pb_column type=\u00a0\u00bb4_4&Prime;][et_pb_text admin_label=\u00a0\u00bbArticles similaires\u00a0\u00bb _builder_version=\u00a0\u00bb3.16.1&Prime;]<\/p>\n<h2><span class=\"st\">\u00c0<\/span> lire aussi<\/h2>\n<p>[\/et_pb_text][et_pb_blog _builder_version=\u00a0\u00bb3.21&Prime; posts_number=\u00a0\u00bb4&Prime; include_categories=\u00a0\u00bb38,45,14,12,11,15,1,13&Prime; show_author=\u00a0\u00bboff\u00a0\u00bb show_date=\u00a0\u00bboff\u00a0\u00bb show_pagination=\u00a0\u00bboff\u00a0\u00bb border_width_bottom_fullwidth=\u00a0\u00bb1px\u00a0\u00bb border_color_bottom_fullwidth=\u00a0\u00bbrgba(51,51,51,0.18)\u00a0\u00bb custom_padding=\u00a0\u00bb||50px|\u00a0\u00bb module_id=\u00a0\u00bbpage_type_blog\u00a0\u00bb header_level=\u00a0\u00bbh4&Prime; \/][\/et_pb_column][\/et_pb_row][\/et_pb_section]<\/p>\n","protected":false},"excerpt":{"rendered":"<div class=\"et_pb_row et_pb_row_0 et_pb_row_empty\"><\/div>\n<p> Jacques-David EBGUY direction.licencelh@gmail.com\u00a0 et C\u00e9cile NARJOUX direction.licencelh@gmail.com Licence Lettres parcours Lettres et Sciences Humaines Jacques-David EBGUY direction.licencelh@gmail.com\u00a0 et C\u00e9cile NARJOUX direction.licencelh@gmail.com Licence Lettres parcours Lettres et Arts Cl\u00e9lia NAU (clelianau@gmail.com) Isabelle BARBERIS ( barberis.isabelle@gmail.com) Licence Lettres Parcours Edition Olivier RITZ (olivier.ritz@wordpress-test.app.u-pariscite.fr) Licence Lettres Parcours M\u00e9tiers de l&rsquo;\u00e9crit Alexia KALANTZIS (alexiakalantzis@gmail.com) Licence Majeure Lettres \/&hellip; <a class=\"continue\" href=\"https:\/\/wordpress-test.app.u-pariscite.fr\/lac\/responsables-des-diplomes-et-parcours\/\">Lire la suite<span> Responsables des dipl\u00f4mes et parcours<\/span><\/a><\/p>\n","protected":false},"author":33,"featured_media":0,"parent":0,"menu_order":0,"comment_status":"closed","ping_status":"closed","template":"","meta":{"_et_pb_use_builder":"on","_et_pb_old_content":"","_et_gb_content_width":"","footnotes":""},"class_list":["post-1276","page","type-page","status-publish","hentry"],"_links":{"self":[{"href":"https:\/\/wordpress-test.app.u-pariscite.fr\/lac\/wp-json\/wp\/v2\/pages\/1276","targetHints":{"allow":["GET"]}}],"collection":[{"href":"https:\/\/wordpress-test.app.u-pariscite.fr\/lac\/wp-json\/wp\/v2\/pages"}],"about":[{"href":"https:\/\/wordpress-test.app.u-pariscite.fr\/lac\/wp-json\/wp\/v2\/types\/page"}],"author":[{"embeddable":true,"href":"https:\/\/wordpress-test.app.u-pariscite.fr\/lac\/wp-json\/wp\/v2\/users\/33"}],"replies":[{"embeddable":true,"href":"https:\/\/wordpress-test.app.u-pariscite.fr\/lac\/wp-json\/wp\/v2\/comments?post=1276"}],"version-history":[{"count":54,"href":"https:\/\/wordpress-test.app.u-pariscite.fr\/lac\/wp-json\/wp\/v2\/pages\/1276\/revisions"}],"predecessor-version":[{"id":25477,"href":"https:\/\/wordpress-test.app.u-pariscite.fr\/lac\/wp-json\/wp\/v2\/pages\/1276\/revisions\/25477"}],"wp:attachment":[{"href":"https:\/\/wordpress-test.app.u-pariscite.fr\/lac\/wp-json\/wp\/v2\/media?parent=1276"}],"curies":[{"name":"wp","href":"https:\/\/api.w.org\/{rel}","templated":true}]}}