{"id":164,"date":"2020-08-19T10:43:44","date_gmt":"2020-08-19T08:43:44","guid":{"rendered":"https:\/\/wordpress-test.app.u-pariscite.fr\/la-personne-en-medecine\/?page_id=164"},"modified":"2023-01-13T10:03:39","modified_gmt":"2023-01-13T09:03:39","slug":"contact","status":"publish","type":"page","link":"https:\/\/wordpress-test.app.u-pariscite.fr\/la-personne-en-medecine\/contact\/","title":{"rendered":"Nous contacter"},"content":{"rendered":"<p>[et_pb_section bb_built=\u00a0\u00bb1&Prime; _builder_version=\u00a0\u00bb3.22&Prime;][et_pb_row _builder_version=\u00a0\u00bb3.22&Prime; background_size=\u00a0\u00bbinitial\u00a0\u00bb background_position=\u00a0\u00bbtop_left\u00a0\u00bb background_repeat=\u00a0\u00bbrepeat\u00a0\u00bb][et_pb_column type=\u00a0\u00bb4_4&Prime;][et_pb_post_title admin_label=\u00a0\u00bbTitre de la page\u00a0\u00bb meta=\u00a0\u00bboff\u00a0\u00bb featured_image=\u00a0\u00bboff\u00a0\u00bb _builder_version=\u00a0\u00bb3.22.1&Prime; z_index_tablet=\u00a0\u00bb500&Prime; saved_tabs=\u00a0\u00bball\u00a0\u00bb]<\/p>\n<p><\/p>\n<p>[\/et_pb_post_title][\/et_pb_column][\/et_pb_row][et_pb_row _builder_version=\u00a0\u00bb3.22&Prime; background_size=\u00a0\u00bbinitial\u00a0\u00bb background_position=\u00a0\u00bbtop_left\u00a0\u00bb background_repeat=\u00a0\u00bbrepeat\u00a0\u00bb][et_pb_column type=\u00a0\u00bb3_4&Prime;][et_pb_text module_id=\u00a0\u00bbcontenu\u00a0\u00bb _builder_version=\u00a0\u00bb3.22.1&Prime; custom_margin=\u00a0\u00bb0px||\u00a0\u00bb z_index_tablet=\u00a0\u00bb500&Prime;]<\/p>\n<h3>Formulaire de contact<\/h3>\n<p>[\/et_pb_text][et_pb_text admin_label=\u00a0\u00bbForminator\u00a0\u00bb module_id=\u00a0\u00bbcontenu\u00a0\u00bb _builder_version=\u00a0\u00bb3.22.1&Prime; custom_margin=\u00a0\u00bb0px||\u00a0\u00bb z_index_tablet=\u00a0\u00bb500&Prime;]<\/p>\n<div class=\"forminator-ui forminator-custom-form forminator-custom-form-16028 forminator-design--flat  forminator_ajax\" data-forminator-render=\"0\" data-form=\"forminator-module-16028\"><br\/><\/div><form\n\t\t\t\tid=\"forminator-module-16028\"\n\t\t\t\tclass=\"forminator-ui forminator-custom-form forminator-custom-form-16028 forminator-design--flat  forminator_ajax\"\n\t\t\t\taction=\"\"\n\t\t\t\tmethod=\"post\"\n\t\t\t\tdata-forminator-render=\"0\"\n\t\t\t\tdata-form-id=\"16028\"\n\t\t\t\t\n\t\t\t\tstyle=\"display: none;\"\n\t\t\t><div class=\"forminator-response-message\" aria-hidden=\"true\"><\/div><div class=\"forminator-row\"><div id=\"name-1\" class=\"forminator-col forminator-col-6 \"><div class=\"forminator-field\"><label for=\"forminator-field-name-1\" class=\"forminator-label\">Nom <span class=\"forminator-required\">*<\/span><\/label><input type=\"text\" name=\"name-1\" placeholder=\"\" id=\"forminator-field-name-1\" class=\"forminator-input forminator-name--field\" aria-required=\"true\" value=\"\" \/><\/div><\/div><div id=\"name-2\" class=\"forminator-col forminator-col-6 \"><div class=\"forminator-field\"><label for=\"forminator-field-name-2\" class=\"forminator-label\">Pr\u00e9nom<\/label><input type=\"text\" name=\"name-2\" placeholder=\"\" id=\"forminator-field-name-2\" class=\"forminator-input forminator-name--field\" aria-required=\"false\" value=\"\" \/><\/div><\/div><\/div><div class=\"forminator-row\"><div id=\"email-1\" class=\"forminator-col forminator-col-12 \"><div class=\"forminator-field\"><label for=\"forminator-field-email-1\" class=\"forminator-label\">Adresse e-mail <span class=\"forminator-required\">*<\/span><\/label><input type=\"email\" name=\"email-1\" placeholder=\"\" id=\"forminator-field-email-1\" class=\"forminator-input forminator-email--field\" data-required=\"true\" aria-required=\"true\" value=\"\" \/><\/div><\/div><\/div><div class=\"forminator-row\"><div id=\"select-1\" class=\"forminator-col forminator-col-12 \"><div class=\"forminator-field\"><label for=\"select-1-field-field\" class=\"forminator-label\">Objet<\/label><select class=\"forminator-select--field forminator-select\" id=\"select-1-field\" data-required=\"\" name=\"select-1\" data-default-value=\"\" data-placeholder=\"Objet\"><option value=\"je-souhaite-avoir-des-informations-propos-dun-appel-projets\"  data-calculation=\"0\">Je souhaite avoir des informations \u00e0 propos d'un appel \u00e0 projets<\/option><option value=\"je-souhaite-avoir-des-informations-propos-dun-recrutement\"  data-calculation=\"0\">Je souhaite avoir des informations \u00e0 propos d'un recrutement<\/option><option value=\"je-souhaite-avoir-des-informations-propos-dun-vnement\"  data-calculation=\"0\">Je souhaite avoir des informations \u00e0 propos d'un \u00e9v\u00e9nement<\/option><option value=\"je-souhaite-recevoir-la-lettre-dinformations-mensuelle-de-lilpem\"  data-calculation=\"0\">Je souhaite recevoir la lettre d'informations mensuelle de l'ILPEM<\/option><option value=\"autre\"  data-calculation=\"0\">Autre<\/option><\/select><\/div><\/div><\/div><div class=\"forminator-row\"><div id=\"textarea-1\" class=\"forminator-col forminator-col-12 \"><div class=\"forminator-field\"><label for=\"forminator-field-textarea-1\" class=\"forminator-label\">Message <span class=\"forminator-required\">*<\/span><\/label><textarea name=\"textarea-1\" placeholder=\"Enter your message...\" id=\"forminator-field-textarea-1\" class=\"forminator-textarea\" ><\/textarea><span class=\"forminator-description\"><span data-limit=\"280\" data-type=\"characters\">0 \/ 280<\/span><\/span><\/div><\/div><\/div><div class=\"forminator-row\"><div class=\"forminator-col\"><div id=\"submit\" class=\"forminator-field\"><button class=\"forminator-button forminator-button-submit\">Envoyer<\/button><\/div><\/div><\/div><input type=\"hidden\" id=\"forminator_nonce\" name=\"forminator_nonce\" value=\"3be7b73235\" \/><input type=\"hidden\" name=\"_wp_http_referer\" value=\"\/la-personne-en-medecine\/wp-json\/wp\/v2\/pages\/164\" \/><input type=\"hidden\" name=\"form_id\" value=\"16028\"><input type=\"hidden\" name=\"page_id\" value=\"164\"><input type=\"hidden\" name=\"current_url\" value=\"https:\/\/wordpress-test.app.u-pariscite.fr\/la-personne-en-medecine\/wp-json\/wp\/v2\/pages\/164\/\"><input type=\"hidden\" name=\"render_id\" value=\"0\"><input type=\"hidden\" name=\"action\" value=\"forminator_submit_form_custom-forms\"><\/form>\n<p>[\/et_pb_text][\/et_pb_column][et_pb_column type=\u00a0\u00bb1_4&Prime;][et_pb_text module_id=\u00a0\u00bbcontenu\u00a0\u00bb _builder_version=\u00a0\u00bb3.22.1&Prime; link_font=\u00a0\u00bb||||on||||\u00a0\u00bb link_text_color=\u00a0\u00bb#8a1538&Prime; background_color=\u00a0\u00bb#f2f2f2&Prime; custom_margin=\u00a0\u00bb95px|||||\u00a0\u00bb custom_padding=\u00a0\u00bb1px|4px|5px|10px||false\u00a0\u00bb z_index_tablet=\u00a0\u00bb500&Prime; text_font=\u00a0\u00bb||||||||\u00a0\u00bb]<\/p>\n<h4>\u00c9crire \u00e0 l&rsquo;ILPEM<\/h4>\n<h5><strong>Institut la Personne en m\u00e9decine<\/strong><br \/> Universit\u00e9 Paris Cit\u00e9<br \/> Campus des Grands Moulins, B\u00e2timent C<br \/> 5 Rue Thomas Mann, 75013 Paris<\/h5>\n<h4>Contacter l&rsquo;\u00e9quipe de coordination de projet<\/h4>\n<h5>ilpem@liste.wordpress-test.app.u-pariscite.fr<\/h5>\n<h5>Pour contacter un membre du Bureau de l&rsquo;ILPEM, veuillez consulter la page <a href=\"https:\/\/wordpress-test.app.u-pariscite.fr\/la-personne-en-medecine\/membres\/\">Membres<\/a>.<\/h5>\n<p>[\/et_pb_text][\/et_pb_column][\/et_pb_row][\/et_pb_section]<\/p>\n","protected":false},"excerpt":{"rendered":"<p>Formulaire de contact <\/p>\n<div class=\"forminator-ui forminator-custom-form forminator-custom-form-16028 forminator-design--flat  forminator_ajax\" data-forminator-render=\"1\" data-form=\"forminator-module-16028\"><\/div>\n<form\n\t\t\t\tid=\"forminator-module-16028\"\n\t\t\t\tclass=\"forminator-ui forminator-custom-form forminator-custom-form-16028 forminator-design--flat  forminator_ajax\"\n\t\t\t\taction=\"\"\n\t\t\t\tmethod=\"post\"\n\t\t\t\tdata-forminator-render=\"1\"\n\t\t\t\tdata-form-id=\"16028\"\n\t\t\t\t\n\t\t\t\tstyle=\"display: none;\"\n\t\t\t><\/p>\n<div class=\"forminator-response-message\" aria-hidden=\"true\"><\/div>\n<div class=\"forminator-row\">\n<div id=\"name-1\" class=\"forminator-col forminator-col-6 \">\n<div class=\"forminator-field\"><label for=\"forminator-field-name-1\" class=\"forminator-label\">Nom <span class=\"forminator-required\">*<\/span><\/label><input type=\"text\" name=\"name-1\" placeholder=\"\" id=\"forminator-field-name-1\" class=\"forminator-input forminator-name--field\" aria-required=\"true\" value=\"\" \/><\/div>\n<\/div>\n<div id=\"name-2\" class=\"forminator-col forminator-col-6 \">\n<div class=\"forminator-field\"><label for=\"forminator-field-name-2\" class=\"forminator-label\">Pr\u00e9nom<\/label><input type=\"text\" name=\"name-2\" placeholder=\"\" id=\"forminator-field-name-2\" class=\"forminator-input forminator-name--field\" aria-required=\"false\" value=\"\" \/><\/div>\n<\/div>\n<\/div>\n<div class=\"forminator-row\">\n<div id=\"email-1\" class=\"forminator-col forminator-col-12 \">\n<div class=\"forminator-field\"><label for=\"forminator-field-email-1\" class=\"forminator-label\">Adresse e-mail <span class=\"forminator-required\">*<\/span><\/label><input type=\"email\" name=\"email-1\" placeholder=\"\" id=\"forminator-field-email-1\" class=\"forminator-input forminator-email--field\" data-required=\"true\" aria-required=\"true\" value=\"\" \/><\/div>\n<\/div>\n<\/div>\n<div class=\"forminator-row\">\n<div id=\"select-1\" class=\"forminator-col forminator-col-12 \">\n<div class=\"forminator-field\"><label for=\"select-1-field-field\" class=\"forminator-label\">Objet<\/label><select class=\"forminator-select--field forminator-select\" id=\"select-1-field\" data-required=\"\" name=\"select-1\" data-default-value=\"\" data-placeholder=\"Objet\"><option value=\"je-souhaite-avoir-des-informations-propos-dun-appel-projets\"  data-calculation=\"0\">Je souhaite avoir des informations \u00e0 propos d'un appel \u00e0 projets<\/option><option value=\"je-souhaite-avoir-des-informations-propos-dun-recrutement\"  data-calculation=\"0\">Je souhaite avoir des informations \u00e0 propos d'un recrutement<\/option><option value=\"je-souhaite-avoir-des-informations-propos-dun-vnement\"  data-calculation=\"0\">Je souhaite avoir des informations \u00e0 propos d'un \u00e9v\u00e9nement<\/option><option value=\"je-souhaite-recevoir-la-lettre-dinformations-mensuelle-de-lilpem\"  data-calculation=\"0\">Je souhaite recevoir la lettre d'informations mensuelle de l'ILPEM<\/option><option value=\"autre\"  data-calculation=\"0\">Autre<\/option><\/select><\/div>\n<\/div>\n<\/div>\n<div class=\"forminator-row\">\n<div id=\"textarea-1\" class=\"forminator-col forminator-col-12 \">\n<div class=\"forminator-field\"><label for=\"forminator-field-textarea-1\" class=\"forminator-label\">Message <span class=\"forminator-required\">*<\/span><\/label><textarea name=\"textarea-1\" placeholder=\"Enter your message...\" id=\"forminator-field-textarea-1\" class=\"forminator-textarea\" ><\/textarea><span class=\"forminator-description\"><span data-limit=\"280\" data-type=\"characters\">0 \/ 280<\/span><\/span><\/div>\n<\/div>\n<\/div>\n<div class=\"forminator-row\">\n<div class=\"forminator-col\">\n<div id=\"submit\" class=\"forminator-field\"><button class=\"forminator-button forminator-button-submit\">Envoyer<\/button><\/div>\n<\/div>\n<\/div>\n<p><input type=\"hidden\" id=\"forminator_nonce\" name=\"forminator_nonce\" value=\"3be7b73235\" \/><input type=\"hidden\" name=\"_wp_http_referer\" value=\"\/la-personne-en-medecine\/wp-json\/wp\/v2\/pages\/164\" \/><input type=\"hidden\" name=\"form_id\" value=\"16028\"><input type=\"hidden\" name=\"page_id\" value=\"164\"><input type=\"hidden\" name=\"current_url\" value=\"https:\/\/wordpress-test.app.u-pariscite.fr\/la-personne-en-medecine\/wp-json\/wp\/v2\/pages\/164\/\"><input type=\"hidden\" name=\"render_id\" value=\"1\"><input type=\"hidden\" name=\"action\" value=\"forminator_submit_form_custom-forms\"><\/form>\n<p> \u00c9crire \u00e0 l&rsquo;ILPEM Institut la Personne en m\u00e9decine Universit\u00e9 Paris Cit\u00e9 Campus des Grands Moulins, B\u00e2timent C 5 Rue Thomas Mann, 75013 Paris Contacter l&rsquo;\u00e9quipe de coordination de projet ilpem@liste.wordpress-test.app.u-pariscite.fr Pour contacter un membre du Bureau de l&rsquo;ILPEM, veuillez consulter la page Membres.<\/p>\n","protected":false},"author":35,"featured_media":0,"parent":0,"menu_order":0,"comment_status":"closed","ping_status":"closed","template":"","meta":{"_et_pb_use_builder":"on","_et_pb_old_content":"","_et_gb_content_width":"","footnotes":""},"class_list":["post-164","page","type-page","status-publish","hentry"],"_links":{"self":[{"href":"https:\/\/wordpress-test.app.u-pariscite.fr\/la-personne-en-medecine\/wp-json\/wp\/v2\/pages\/164","targetHints":{"allow":["GET"]}}],"collection":[{"href":"https:\/\/wordpress-test.app.u-pariscite.fr\/la-personne-en-medecine\/wp-json\/wp\/v2\/pages"}],"about":[{"href":"https:\/\/wordpress-test.app.u-pariscite.fr\/la-personne-en-medecine\/wp-json\/wp\/v2\/types\/page"}],"author":[{"embeddable":true,"href":"https:\/\/wordpress-test.app.u-pariscite.fr\/la-personne-en-medecine\/wp-json\/wp\/v2\/users\/35"}],"replies":[{"embeddable":true,"href":"https:\/\/wordpress-test.app.u-pariscite.fr\/la-personne-en-medecine\/wp-json\/wp\/v2\/comments?post=164"}],"version-history":[{"count":35,"href":"https:\/\/wordpress-test.app.u-pariscite.fr\/la-personne-en-medecine\/wp-json\/wp\/v2\/pages\/164\/revisions"}],"predecessor-version":[{"id":16057,"href":"https:\/\/wordpress-test.app.u-pariscite.fr\/la-personne-en-medecine\/wp-json\/wp\/v2\/pages\/164\/revisions\/16057"}],"wp:attachment":[{"href":"https:\/\/wordpress-test.app.u-pariscite.fr\/la-personne-en-medecine\/wp-json\/wp\/v2\/media?parent=164"}],"curies":[{"name":"wp","href":"https:\/\/api.w.org\/{rel}","templated":true}]}}