{"id":1543,"date":"2021-07-20T16:20:43","date_gmt":"2021-07-20T14:20:43","guid":{"rendered":"https:\/\/wordpress-test.app.u-pariscite.fr\/la-personne-en-medecine\/?page_id=1543"},"modified":"2023-09-07T17:14:12","modified_gmt":"2023-09-07T15:14:12","slug":"accueil","status":"publish","type":"page","link":"https:\/\/wordpress-test.app.u-pariscite.fr\/la-personne-en-medecine\/","title":{"rendered":"Accueil"},"content":{"rendered":"<p>[et_pb_section fb_built=\u00a0\u00bb1&Prime; admin_label=\u00a0\u00bbHero\u00a0\u00bb module_class=\u00a0\u00bbtop_accueil\u00a0\u00bb _builder_version=\u00a0\u00bb3.22.1&Prime; custom_padding=\u00a0\u00bb||0px|||\u00a0\u00bb animation_style=\u00a0\u00bbfade\u00a0\u00bb z_index_tablet=\u00a0\u00bb500&Prime;][et_pb_row use_custom_gutter=\u00a0\u00bbon\u00a0\u00bb gutter_width=\u00a0\u00bb1&Prime; custom_padding=\u00a0\u00bb0px|0px|0px|0px\u00a0\u00bb custom_margin=\u00a0\u00bb-10px|0px|0px|0px\u00a0\u00bb make_equal=\u00a0\u00bbon\u00a0\u00bb background_color_1=\u00a0\u00bb#ee8a88&Prime; bg_img_2=\u00a0\u00bbhttps:\/\/wordpress-test.app.u-pariscite.fr\/la-personne-en-medecine\/wp-content\/uploads\/sites\/14\/2021\/07\/vivre-avec.jpg\u00a0\u00bb background_repeat_2=\u00a0\u00bbrepeat-x\u00a0\u00bb padding_top_1=\u00a0\u00bb0px\u00a0\u00bb padding_top_2=\u00a0\u00bb0px\u00a0\u00bb padding_right_1=\u00a0\u00bb0px\u00a0\u00bb padding_right_2=\u00a0\u00bb0px\u00a0\u00bb padding_bottom_1=\u00a0\u00bb0px\u00a0\u00bb padding_bottom_2=\u00a0\u00bb0px\u00a0\u00bb padding_left_1=\u00a0\u00bb0px\u00a0\u00bb padding_left_2=\u00a0\u00bb0px\u00a0\u00bb custom_css_main_2=\u00a0\u00bbmin-height: 650px !important;\u00a0\u00bb module_class=\u00a0\u00bb \u00a0\u00bb _builder_version=\u00a0\u00bb3.22.1&Prime; background_color=\u00a0\u00bb#ee8a88&Prime; background_blend=\u00a0\u00bbmultiply\u00a0\u00bb border_color_all=\u00a0\u00bb#ee8a88&Prime; width=\u00a0\u00bb100%\u00a0\u00bb width_last_edited=\u00a0\u00bbon|desktop\u00a0\u00bb max_width=\u00a0\u00bb100%\u00a0\u00bb max_width_last_edited=\u00a0\u00bbon|desktop\u00a0\u00bb animation_direction=\u00a0\u00bbtop\u00a0\u00bb z_index_tablet=\u00a0\u00bb500&Prime; custom_css_main_element=\u00a0\u00bbpadding: 0!important;\u00a0\u00bb make_fullwidth=\u00a0\u00bbon\u00a0\u00bb][et_pb_column type=\u00a0\u00bb1_2&Prime; _builder_version=\u00a0\u00bb3.0.47&Prime;][et_pb_text admin_label=\u00a0\u00bbtitre actu \u00e0 la une\u00a0\u00bb _builder_version=\u00a0\u00bb3.22.1&Prime; text_font=\u00a0\u00bb|||on|||||\u00a0\u00bb text_text_color=\u00a0\u00bb#ffffff\u00a0\u00bb text_font_size=\u00a0\u00bb2.6em\u00a0\u00bb text_line_height=\u00a0\u00bb1.3em\u00a0\u00bb header_font=\u00a0\u00bbMontserrat|700||on|||||\u00a0\u00bb header_text_color=\u00a0\u00bb#f7f7f7&Prime; header_font_size=\u00a0\u00bb60px\u00a0\u00bb header_font_size_tablet=\u00a0\u00bb34px\u00a0\u00bb header_font_size_phone=\u00a0\u00bb28px\u00a0\u00bb header_font_size_last_edited=\u00a0\u00bbon|phone\u00a0\u00bb header_line_height=\u00a0\u00bb1.3em\u00a0\u00bb width=\u00a0\u00bb85%\u00a0\u00bb custom_margin=\u00a0\u00bb|80px||119px||\u00a0\u00bb custom_padding=\u00a0\u00bb160px|||||\u00a0\u00bb z_index_tablet=\u00a0\u00bb500&Prime; custom_css_main_element=\u00a0\u00bbfont-family: &lsquo;Darby Sans Web&rsquo; !important;||font-weight: 500 !important;\u00a0\u00bb locked=\u00a0\u00bboff\u00a0\u00bb]<\/p>\n<p>La Personne En M\u00e9decine <\/p>\n<p>[\/et_pb_text][et_pb_text admin_label=\u00a0\u00bbcontenu actu \u00e0 la une\u00a0\u00bb _builder_version=\u00a0\u00bb3.22.1&Prime; text_font=\u00a0\u00bbOpen Sans||||||||\u00a0\u00bb text_text_color=\u00a0\u00bb#ffffff\u00a0\u00bb text_font_size=\u00a0\u00bb20px\u00a0\u00bb text_line_height=\u00a0\u00bb1.8em\u00a0\u00bb background_size=\u00a0\u00bbcontain\u00a0\u00bb width=\u00a0\u00bb72.6%\u00a0\u00bb custom_margin=\u00a0\u00bb45px|50px||100px||\u00a0\u00bb custom_margin_phone=\u00a0\u00bb20px|20px|50px|20px\u00a0\u00bb custom_margin_last_edited=\u00a0\u00bbon|phone\u00a0\u00bb custom_padding=\u00a0\u00bb|20px||20px||\u00a0\u00bb animation_direction=\u00a0\u00bbtop\u00a0\u00bb z_index_tablet=\u00a0\u00bb500&Prime; locked=\u00a0\u00bboff\u00a0\u00bb]<\/p>\n<p>L\u2019Institut conduit des recherches interdisciplinaires sur les v\u00e9cus des patients et des professionnels de soin et se focalise sur leurs exp\u00e9riences des maladies chroniques et des maladies que l\u2019on peut dire \u00ab \u00e0 vie \u00bb. L&rsquo;objectif de l\u2019Institut est, gr\u00e2ce \u00e0 l\u2019apport des sciences humaines et sociales, de transformer les savoirs en m\u00e9decine et d\u2019am\u00e9liorer les pratiques de soin tant pour les usagers que pour les professionnels de sant\u00e9.<\/p>\n<p>[\/et_pb_text][\/et_pb_column][et_pb_column type=\u00a0\u00bb1_2&Prime; _builder_version=\u00a0\u00bb3.0.47&Prime;][\/et_pb_column][\/et_pb_row][\/et_pb_section][et_pb_section fb_built=\u00a0\u00bb1&Prime; _builder_version=\u00a0\u00bb3.22.1&Prime; background_color=\u00a0\u00bb#f8f6f3&Prime; custom_padding=\u00a0\u00bb40px||\u00a0\u00bb][et_pb_row _builder_version=\u00a0\u00bb3.22.1&Prime;][et_pb_column type=\u00a0\u00bb4_4&Prime; _builder_version=\u00a0\u00bb3.0.47&Prime;][et_pb_text admin_label=\u00a0\u00bbTitre projets de recherche\u00a0\u00bb _builder_version=\u00a0\u00bb3.22.1&Prime; z_index_tablet=\u00a0\u00bb500&Prime;]<\/p>\n<h1>Projets de recherche<\/h1>\n<p>[\/et_pb_text][et_pb_text admin_label=\u00a0\u00bbTexte projets de recherche\u00a0\u00bb module_id=\u00a0\u00bbintro\u00a0\u00bb _builder_version=\u00a0\u00bb3.22.1&Prime; z_index_tablet=\u00a0\u00bb500&Prime;]<\/p>\n<p>L\u2019Institut La Personne En M\u00e9decine (ILPEM) \u00e9tudie les modes de subjectivation des malades, c\u2019est-\u00e0-dire leurs mani\u00e8res de se concevoir, de se construire et d\u2019agir comme sujets psychiques, \u00e9thiques et politiques dans le contexte de leurs rapports \u00e0 la maladie et \u00e0 la m\u00e9decine. La prise en compte de la personne dans sa pluridimensionnalit\u00e9 requiert non seulement une approche pluridisciplinaire, mais une interdisciplinarit\u00e9 qui aille au-del\u00e0 d\u2019une simple alliance de la m\u00e9decine et des humanit\u00e9s.<\/p>\n<p>[\/et_pb_text][et_pb_nextend_smart_slider_3 slider=\u00a0\u00bb14&Prime; _builder_version=\u00a0\u00bb3.22.1&Prime;][\/et_pb_nextend_smart_slider_3][\/et_pb_column][\/et_pb_row][\/et_pb_section][et_pb_section fb_built=\u00a0\u00bb1&Prime; _builder_version=\u00a0\u00bb3.22.1&Prime; background_color=\u00a0\u00bb#ffffff\u00a0\u00bb custom_padding=\u00a0\u00bb||50px\u00a0\u00bb][et_pb_row module_id=\u00a0\u00bbcarousel_accueil1&Prime; _builder_version=\u00a0\u00bb3.22.1&Prime; z_index_tablet=\u00a0\u00bb500&Prime; custom_css_main_element=\u00a0\u00bbpadding-top:40px!important;\u00a0\u00bb][et_pb_column type=\u00a0\u00bb4_4&Prime; _builder_version=\u00a0\u00bb3.0.47&Prime;][et_pb_text admin_label=\u00a0\u00bbTitre agenda\u00a0\u00bb _builder_version=\u00a0\u00bb3.22.1&Prime; z_index_tablet=\u00a0\u00bb500&Prime;]<\/p>\n<h1>\u00c9v\u00e9nements<\/h1>\n<p>[\/et_pb_text][et_pb_nextend_smart_slider_3 _builder_version=\u00a0\u00bb3.22.1&Prime;]<br \/>\n[\/et_pb_nextend_smart_slider_3][\/et_pb_column][\/et_pb_row][et_pb_row padding_top_1=\u00a0\u00bb20px\u00a0\u00bb padding_top_2=\u00a0\u00bb20px\u00a0\u00bb _builder_version=\u00a0\u00bb3.22.1&Prime; background_size=\u00a0\u00bbinitial\u00a0\u00bb background_position=\u00a0\u00bbtop_left\u00a0\u00bb background_repeat=\u00a0\u00bbrepeat\u00a0\u00bb z_index_tablet=\u00a0\u00bb500&Prime;][et_pb_column type=\u00a0\u00bb1_4&Prime; _builder_version=\u00a0\u00bb3.0.47&Prime;][et_pb_button button_url=\u00a0\u00bbhttps:\/\/wordpress-test.app.u-pariscite.fr\/la-personne-en-medecine\/calendrier\/\u00a0\u00bb button_text=\u00a0\u00bbTout l\u2019agenda\u00a0\u00bb button_alignment=\u00a0\u00bbleft\u00a0\u00bb admin_label=\u00a0\u00bbBouton Toute l\u2019actualit\u00e9\u00a0\u00bb _builder_version=\u00a0\u00bb3.22.1&Prime; custom_button=\u00a0\u00bbon\u00a0\u00bb button_text_color=\u00a0\u00bb#ffffff\u00a0\u00bb button_bg_color=\u00a0\u00bb#ee8a88&Prime; button_border_width=\u00a0\u00bb2px\u00a0\u00bb button_border_color=\u00a0\u00bb#ee8a88&Prime; button_border_radius=\u00a0\u00bb26&Prime; button_icon=\u00a0\u00bb%%20%%\u00a0\u00bb button_icon_color=\u00a0\u00bb#ffffff\u00a0\u00bb button_on_hover=\u00a0\u00bboff\u00a0\u00bb background_layout=\u00a0\u00bbdark\u00a0\u00bb z_index_tablet=\u00a0\u00bb500&Prime; custom_css_after=\u00a0\u00bbmargin-left: 0!important;||\u00a0\u00bb saved_tabs=\u00a0\u00bball\u00a0\u00bb background_layout__hover_enabled=\u00a0\u00bbon\u00a0\u00bb background_layout__hover=\u00a0\u00bblight\u00a0\u00bb button_bg_color__hover_enabled=\u00a0\u00bbon\u00a0\u00bb button_bg_color__hover=\u00a0\u00bb#ffffff\u00a0\u00bb button_icon_color__hover_enabled=\u00a0\u00bbon\u00a0\u00bb button_icon_color__hover=\u00a0\u00bb#ee8a88&Prime; button_text_color__hover_enabled=\u00a0\u00bbon\u00a0\u00bb button_text_color__hover=\u00a0\u00bb#ee8a88&Prime; custom_css_after__hover_enabled=\u00a0\u00bbon\u00a0\u00bb custom_css_after__hover=\u00a0\u00bbmargin-left: 0!important;\u00a0\u00bb button_border_color__hover_enabled=\u00a0\u00bbon\u00a0\u00bb button_border_color__hover=\u00a0\u00bb#ee8a88&Prime;]<br \/>\n[\/et_pb_button][\/et_pb_column][et_pb_column type=\u00a0\u00bb3_4&Prime; _builder_version=\u00a0\u00bb3.0.47&Prime;][et_pb_button button_url=\u00a0\u00bbhttps:\/\/listes.wordpress-test.app.u-pariscite.fr\/wws\/subscribe\/newsletter.ilpem\u00a0\u00bb button_text=\u00a0\u00bbRecevoir la lettre d&rsquo;information mensuelle de l&rsquo;ILPEM\u00a0\u00bb button_alignment=\u00a0\u00bbleft\u00a0\u00bb admin_label=\u00a0\u00bbbouton &#8211; recevoir la newsletter\u00a0\u00bb _builder_version=\u00a0\u00bb3.22.1&Prime; custom_button=\u00a0\u00bbon\u00a0\u00bb button_text_color=\u00a0\u00bb#ffffff\u00a0\u00bb button_bg_color=\u00a0\u00bb#ee8a88&Prime; button_border_width=\u00a0\u00bb2&Prime; button_border_color=\u00a0\u00bb#ee8a88&Prime; button_border_radius=\u00a0\u00bb26&Prime; button_icon=\u00a0\u00bb%%20%%\u00a0\u00bb button_icon_color=\u00a0\u00bb#ffffff\u00a0\u00bb button_on_hover=\u00a0\u00bboff\u00a0\u00bb background_layout=\u00a0\u00bbdark\u00a0\u00bb z_index_tablet=\u00a0\u00bb500&Prime; custom_css_after=\u00a0\u00bbmargin-left: 0!important;\u00a0\u00bb saved_tabs=\u00a0\u00bball\u00a0\u00bb background_layout__hover_enabled=\u00a0\u00bbon\u00a0\u00bb background_layout__hover=\u00a0\u00bblight\u00a0\u00bb button_bg_color__hover_enabled=\u00a0\u00bbon\u00a0\u00bb button_bg_color__hover=\u00a0\u00bb#ffffff\u00a0\u00bb button_icon_color__hover_enabled=\u00a0\u00bbon\u00a0\u00bb button_icon_color__hover=\u00a0\u00bb#ee8a88&Prime; button_text_color__hover_enabled=\u00a0\u00bbon\u00a0\u00bb button_text_color__hover=\u00a0\u00bb#ee8a88&Prime; custom_css_after__hover_enabled=\u00a0\u00bbon\u00a0\u00bb custom_css_after__hover=\u00a0\u00bbmargin-left: 0!important;\u00a0\u00bb]<br \/>\n[\/et_pb_button][\/et_pb_column][\/et_pb_row][\/et_pb_section][et_pb_section fb_built=\u00a0\u00bb1&Prime; _builder_version=\u00a0\u00bb3.22.1&Prime; background_color=\u00a0\u00bb#f8f6f3&Prime; custom_margin=\u00a0\u00bb-25px|||\u00a0\u00bb custom_padding=\u00a0\u00bb0px|||\u00a0\u00bb z_index_tablet=\u00a0\u00bb500&Prime;][et_pb_row module_id=\u00a0\u00bbcarousel_accueil1&Prime; _builder_version=\u00a0\u00bb3.22.1&Prime;][et_pb_column type=\u00a0\u00bb4_4&Prime; _builder_version=\u00a0\u00bb3.0.47&Prime;][et_pb_text admin_label=\u00a0\u00bbTitre actualit\u00e9\u00a0\u00bb _builder_version=\u00a0\u00bb3.22.1&Prime; custom_margin=\u00a0\u00bb60px|||\u00a0\u00bb z_index_tablet=\u00a0\u00bb500&Prime;]<\/p>\n<h1>Actualit\u00e9s<\/h1>\n<p>[\/et_pb_text][et_pb_nextend_smart_slider_3 slider=\u00a0\u00bb12&Prime; _builder_version=\u00a0\u00bb3.22.1&Prime;]<br \/>\n[\/et_pb_nextend_smart_slider_3][\/et_pb_column][\/et_pb_row][et_pb_row _builder_version=\u00a0\u00bb3.22.1&Prime;][et_pb_column type=\u00a0\u00bb1_4&Prime; _builder_version=\u00a0\u00bb3.22.1&Prime;][et_pb_button button_url=\u00a0\u00bbhttps:\/\/wordpress-test.app.u-pariscite.fr\/la-personne-en-medecine\/actualites\/\u00a0\u00bb button_text=\u00a0\u00bbToute l\u2019actualit\u00e9\u00a0\u00bb button_alignment=\u00a0\u00bbleft\u00a0\u00bb admin_label=\u00a0\u00bbBouton Toute l\u2019actualit\u00e9\u00a0\u00bb _builder_version=\u00a0\u00bb3.22.1&Prime; custom_button=\u00a0\u00bbon\u00a0\u00bb button_text_color=\u00a0\u00bb#ffffff\u00a0\u00bb button_bg_color=\u00a0\u00bb#ee8a88&Prime; button_border_width=\u00a0\u00bb2px\u00a0\u00bb button_border_color=\u00a0\u00bb#ee8a88&Prime; button_border_radius=\u00a0\u00bb26&Prime; button_icon=\u00a0\u00bb%%20%%\u00a0\u00bb button_icon_color=\u00a0\u00bb#ffffff\u00a0\u00bb button_on_hover=\u00a0\u00bboff\u00a0\u00bb background_layout=\u00a0\u00bbdark\u00a0\u00bb custom_margin=\u00a0\u00bb||50px\u00a0\u00bb z_index_tablet=\u00a0\u00bb500&Prime; custom_css_after=\u00a0\u00bbmargin-left: 0!important;||\u00a0\u00bb saved_tabs=\u00a0\u00bball\u00a0\u00bb background_layout__hover_enabled=\u00a0\u00bbon\u00a0\u00bb background_layout__hover=\u00a0\u00bblight\u00a0\u00bb button_bg_color__hover_enabled=\u00a0\u00bbon\u00a0\u00bb button_bg_color__hover=\u00a0\u00bb#ffffff\u00a0\u00bb button_icon_color__hover_enabled=\u00a0\u00bbon\u00a0\u00bb button_icon_color__hover=\u00a0\u00bb#ee8a88&Prime; button_text_color__hover_enabled=\u00a0\u00bbon\u00a0\u00bb button_text_color__hover=\u00a0\u00bb#ee8a88&Prime; custom_css_after__hover_enabled=\u00a0\u00bbon\u00a0\u00bb custom_css_after__hover=\u00a0\u00bbmargin-left: 0!important;\u00a0\u00bb button_border_color__hover_enabled=\u00a0\u00bbon\u00a0\u00bb button_border_color__hover=\u00a0\u00bb#ee8a88&Prime;]<br \/>\n[\/et_pb_button][\/et_pb_column][et_pb_column type=\u00a0\u00bb1_4&Prime; _builder_version=\u00a0\u00bb3.22.1&Prime;][et_pb_button button_url=\u00a0\u00bbhttps:\/\/www.youtube.com\/@institutlapersonneenmedeci9542\/featured\u00a0\u00bb url_new_window=\u00a0\u00bbon\u00a0\u00bb button_text=\u00a0\u00bbL&rsquo;ILPEM : voir la chaine \u00a0\u00bb button_alignment=\u00a0\u00bbleft\u00a0\u00bb admin_label=\u00a0\u00bbBouton Rejoignez-nous sur YouTube\u00a0\u00bb _builder_version=\u00a0\u00bb3.22.1&Prime; custom_button=\u00a0\u00bbon\u00a0\u00bb button_text_color=\u00a0\u00bb#ffffff\u00a0\u00bb button_bg_color=\u00a0\u00bb#ee8a88&Prime; button_border_width=\u00a0\u00bb2px\u00a0\u00bb button_border_color=\u00a0\u00bb#ee8a88&Prime; button_border_radius=\u00a0\u00bb26&Prime; button_icon=\u00a0\u00bb%%20%%\u00a0\u00bb button_icon_color=\u00a0\u00bb#ffffff\u00a0\u00bb button_on_hover=\u00a0\u00bboff\u00a0\u00bb background_layout=\u00a0\u00bbdark\u00a0\u00bb custom_margin=\u00a0\u00bb||50px\u00a0\u00bb z_index_tablet=\u00a0\u00bb500&Prime; custom_css_after=\u00a0\u00bbmargin-left: 0!important;||\u00a0\u00bb saved_tabs=\u00a0\u00bball\u00a0\u00bb background_layout__hover_enabled=\u00a0\u00bbon\u00a0\u00bb background_layout__hover=\u00a0\u00bblight\u00a0\u00bb button_bg_color__hover_enabled=\u00a0\u00bbon\u00a0\u00bb button_bg_color__hover=\u00a0\u00bb#ffffff\u00a0\u00bb button_icon_color__hover_enabled=\u00a0\u00bbon\u00a0\u00bb button_icon_color__hover=\u00a0\u00bb#ee8a88&Prime; button_text_color__hover_enabled=\u00a0\u00bbon\u00a0\u00bb button_text_color__hover=\u00a0\u00bb#ee8a88&Prime; custom_css_after__hover_enabled=\u00a0\u00bbon\u00a0\u00bb custom_css_after__hover=\u00a0\u00bbmargin-left: 0!important;\u00a0\u00bb button_border_color__hover_enabled=\u00a0\u00bbon\u00a0\u00bb button_border_color__hover=\u00a0\u00bb#ee8a88&Prime;]<br \/>\n[\/et_pb_button][\/et_pb_column][et_pb_column type=\u00a0\u00bb1_4&Prime; _builder_version=\u00a0\u00bb3.22.1&Prime;][et_pb_button button_url=\u00a0\u00bbhttps:\/\/twitter.com\/InstitutLPEM\u00a0\u00bb button_text=\u00a0\u00bbNous suivre sur  X \/ Twitter\u00a0\u00bb button_alignment=\u00a0\u00bbleft\u00a0\u00bb admin_label=\u00a0\u00bbBouton Rejoignez-nous sur twitter \/ x\u00a0\u00bb _builder_version=\u00a0\u00bb3.22.1&Prime; custom_button=\u00a0\u00bbon\u00a0\u00bb button_text_color=\u00a0\u00bb#ffffff\u00a0\u00bb button_bg_color=\u00a0\u00bb#ee8a88&Prime; button_border_width=\u00a0\u00bb2px\u00a0\u00bb button_border_color=\u00a0\u00bb#ee8a88&Prime; button_border_radius=\u00a0\u00bb26&Prime; button_icon=\u00a0\u00bb%%20%%\u00a0\u00bb button_icon_color=\u00a0\u00bb#ffffff\u00a0\u00bb button_on_hover=\u00a0\u00bboff\u00a0\u00bb background_layout=\u00a0\u00bbdark\u00a0\u00bb custom_margin=\u00a0\u00bb||50px\u00a0\u00bb z_index_tablet=\u00a0\u00bb500&Prime; custom_css_after=\u00a0\u00bbmargin-left: 0!important;||\u00a0\u00bb saved_tabs=\u00a0\u00bball\u00a0\u00bb background_layout__hover_enabled=\u00a0\u00bbon\u00a0\u00bb background_layout__hover=\u00a0\u00bblight\u00a0\u00bb button_bg_color__hover_enabled=\u00a0\u00bbon\u00a0\u00bb button_bg_color__hover=\u00a0\u00bb#ffffff\u00a0\u00bb button_icon_color__hover_enabled=\u00a0\u00bbon\u00a0\u00bb button_icon_color__hover=\u00a0\u00bb#ee8a88&Prime; button_text_color__hover_enabled=\u00a0\u00bbon\u00a0\u00bb button_text_color__hover=\u00a0\u00bb#ee8a88&Prime; custom_css_after__hover_enabled=\u00a0\u00bbon\u00a0\u00bb custom_css_after__hover=\u00a0\u00bbmargin-left: 0!important;\u00a0\u00bb button_border_color__hover_enabled=\u00a0\u00bbon\u00a0\u00bb button_border_color__hover=\u00a0\u00bb#ee8a88&Prime;]<br \/>\n[\/et_pb_button][\/et_pb_column][et_pb_column type=\u00a0\u00bb1_4&Prime; _builder_version=\u00a0\u00bb3.22.1&Prime;][\/et_pb_column][\/et_pb_row][\/et_pb_section][et_pb_section fb_built=\u00a0\u00bb1&Prime; _builder_version=\u00a0\u00bb3.22.1&Prime; custom_margin=\u00a0\u00bb45px||||false\u00a0\u00bb custom_padding=\u00a0\u00bb60px||60px||true\u00a0\u00bb][et_pb_row _builder_version=\u00a0\u00bb3.22.1&Prime;][et_pb_column type=\u00a0\u00bb4_4&Prime; _builder_version=\u00a0\u00bb3.0.47&Prime;][et_pb_text admin_label=\u00a0\u00bbChiffres cl\u00e9s\u00a0\u00bb _builder_version=\u00a0\u00bb3.22.1&Prime; z_index_tablet=\u00a0\u00bb500&Prime;]<\/p>\n<h1>Chiffres cl\u00e9s<\/h1>\n<p>[\/et_pb_text][\/et_pb_column][\/et_pb_row][et_pb_row _builder_version=\u00a0\u00bb3.22.1&Prime;][et_pb_column type=\u00a0\u00bb1_4&Prime; _builder_version=\u00a0\u00bb3.0.47&Prime;][et_pb_number_counter title=\u00a0\u00bbMembres\u00a0\u00bb number=\u00a0\u00bb108&Prime; percent_sign=\u00a0\u00bboff\u00a0\u00bb admin_label=\u00a0\u00bbMembres\u00a0\u00bb _builder_version=\u00a0\u00bb3.22.1&Prime; number_text_color=\u00a0\u00bb#000000&Prime; z_index_tablet=\u00a0\u00bb500&Prime;]<br \/>\n[\/et_pb_number_counter][\/et_pb_column][et_pb_column type=\u00a0\u00bb1_4&Prime; _builder_version=\u00a0\u00bb3.0.47&Prime;][et_pb_number_counter title=\u00a0\u00bbprojets financ\u00e9s\u00a0\u00bb number=\u00a0\u00bb35&Prime; percent_sign=\u00a0\u00bboff\u00a0\u00bb admin_label=\u00a0\u00bbprojets financ\u00e9s\u00a0\u00bb _builder_version=\u00a0\u00bb3.22.1&Prime; number_text_color=\u00a0\u00bb#000000&Prime; z_index_tablet=\u00a0\u00bb500&Prime;]<br \/>\n[\/et_pb_number_counter][\/et_pb_column][et_pb_column type=\u00a0\u00bb1_4&Prime; _builder_version=\u00a0\u00bb3.0.47&Prime;][et_pb_number_counter title=\u00a0\u00bb\u00e9v\u00e8nements organis\u00e9s\u00a0\u00bb number=\u00a0\u00bb51&Prime; percent_sign=\u00a0\u00bboff\u00a0\u00bb admin_label=\u00a0\u00bb\u00e9v\u00e8nements organis\u00e9s\u00a0\u00bb _builder_version=\u00a0\u00bb3.22.1&Prime; number_text_color=\u00a0\u00bb#000000&Prime; z_index_tablet=\u00a0\u00bb500&Prime;]<br \/>\n[\/et_pb_number_counter][\/et_pb_column][et_pb_column type=\u00a0\u00bb1_4&Prime; _builder_version=\u00a0\u00bb3.0.47&Prime;][et_pb_number_counter title=\u00a0\u00bbpublications\u00a0\u00bb number=\u00a0\u00bb44&Prime; percent_sign=\u00a0\u00bboff\u00a0\u00bb admin_label=\u00a0\u00bbpublication\u00a0\u00bb _builder_version=\u00a0\u00bb3.22.1&Prime; number_text_color=\u00a0\u00bb#000000&Prime; z_index_tablet=\u00a0\u00bb500&Prime;]<br \/>\n[\/et_pb_number_counter][\/et_pb_column][\/et_pb_row][\/et_pb_section][et_pb_section fb_built=\u00a0\u00bb1&Prime; _builder_version=\u00a0\u00bb3.22.1&Prime; custom_margin=\u00a0\u00bb40px||70px||false\u00a0\u00bb custom_padding=\u00a0\u00bb||\u00a0\u00bb background_color=\u00a0\u00bb#f8f6f3&Prime;][et_pb_row _builder_version=\u00a0\u00bb3.22.1&Prime;][et_pb_column type=\u00a0\u00bb4_4&Prime; _builder_version=\u00a0\u00bb3.0.47&Prime;][et_pb_text _builder_version=\u00a0\u00bb3.22.1&Prime;]<\/p>\n<h1>T\u00e9moignages<\/h1>\n<p>[\/et_pb_text][\/et_pb_column][\/et_pb_row][et_pb_row _builder_version=\u00a0\u00bb3.22.1&Prime;][et_pb_column type=\u00a0\u00bb1_2&Prime; _builder_version=\u00a0\u00bb3.0.47&Prime;][et_pb_testimonial author=\u00a0\u00bbIsabelle Aujoulat\u00a0\u00bb job_title=\u00a0\u00bbPr\u00e9sidente du conseil scientifique\u00a0\u00bb _builder_version=\u00a0\u00bb3.22.1&Prime; background_color=\u00a0\u00bb#f8f6f3&Prime; z_index_tablet=\u00a0\u00bb500&Prime;]<\/p>\n<p>ILPEM nous a permis d\u2019\u00e9largir notre horizon collaboratif car nous avons r\u00e9alis\u00e9 \u00e0 quel point nos th\u00e9matiques de recherche \u00e9taient partag\u00e9es par d\u2019autres disciplines (philosophie du soin, anthropologie de la sant\u00e9, etc.) et donc d\u2019autres chercheurs que nous avons eu la chance de rencontrer au sein de l\u2019Institut, y compris sur le plan international.<\/p>\n<p>[\/et_pb_testimonial][\/et_pb_column][et_pb_column type=\u00a0\u00bb1_2&Prime; _builder_version=\u00a0\u00bb3.0.47&Prime;][et_pb_testimonial author=\u00a0\u00bbTodd Meyers\u00a0\u00bb job_title=\u00a0\u00bbVice-pr\u00e9sident du conseil scientifique\u00a0\u00bb _builder_version=\u00a0\u00bb3.22.1&Prime; background_color=\u00a0\u00bb#f8f6f3&Prime; z_index_tablet=\u00a0\u00bb500&Prime;]<\/p>\n<p>Je me sens chanceux d\u2019avoir le genre de conversations soutenues que l\u2019ILPEM facilite. Je ne prends plus ces choses pour acquises. Les deux derni\u00e8res ann\u00e9es de pand\u00e9mie m\u2019ont plus que jamais fait appr\u00e9cier la f\u00e9condit\u00e9 du contact et de la collaboration entre chercheurs.<\/p>\n<p>[\/et_pb_testimonial][\/et_pb_column][\/et_pb_row][\/et_pb_section]<\/p>\n","protected":false},"excerpt":{"rendered":"<p>La Personne En M\u00e9decine L\u2019Institut conduit des recherches interdisciplinaires sur les v\u00e9cus des patients et des professionnels de soin et se focalise sur leurs exp\u00e9riences des maladies chroniques et des maladies que l\u2019on peut dire \u00ab \u00e0 vie \u00bb. L&rsquo;objectif de l\u2019Institut est, gr\u00e2ce \u00e0 l\u2019apport des sciences humaines et sociales, de transformer les savoirs&hellip; <a class=\"continue\" href=\"https:\/\/wordpress-test.app.u-pariscite.fr\/la-personne-en-medecine\/\">Lire la suite<span> Accueil<\/span><\/a><\/p>\n","protected":false},"author":4,"featured_media":0,"parent":0,"menu_order":0,"comment_status":"closed","ping_status":"closed","template":"","meta":{"_et_pb_use_builder":"on","_et_pb_old_content":"","_et_gb_content_width":"","footnotes":""},"class_list":["post-1543","page","type-page","status-publish","hentry"],"_links":{"self":[{"href":"https:\/\/wordpress-test.app.u-pariscite.fr\/la-personne-en-medecine\/wp-json\/wp\/v2\/pages\/1543","targetHints":{"allow":["GET"]}}],"collection":[{"href":"https:\/\/wordpress-test.app.u-pariscite.fr\/la-personne-en-medecine\/wp-json\/wp\/v2\/pages"}],"about":[{"href":"https:\/\/wordpress-test.app.u-pariscite.fr\/la-personne-en-medecine\/wp-json\/wp\/v2\/types\/page"}],"author":[{"embeddable":true,"href":"https:\/\/wordpress-test.app.u-pariscite.fr\/la-personne-en-medecine\/wp-json\/wp\/v2\/users\/4"}],"replies":[{"embeddable":true,"href":"https:\/\/wordpress-test.app.u-pariscite.fr\/la-personne-en-medecine\/wp-json\/wp\/v2\/comments?post=1543"}],"version-history":[{"count":128,"href":"https:\/\/wordpress-test.app.u-pariscite.fr\/la-personne-en-medecine\/wp-json\/wp\/v2\/pages\/1543\/revisions"}],"predecessor-version":[{"id":16371,"href":"https:\/\/wordpress-test.app.u-pariscite.fr\/la-personne-en-medecine\/wp-json\/wp\/v2\/pages\/1543\/revisions\/16371"}],"wp:attachment":[{"href":"https:\/\/wordpress-test.app.u-pariscite.fr\/la-personne-en-medecine\/wp-json\/wp\/v2\/media?parent=1543"}],"curies":[{"name":"wp","href":"https:\/\/api.w.org\/{rel}","templated":true}]}}