{"id":69,"date":"2021-01-12T10:19:00","date_gmt":"2021-01-12T09:19:00","guid":{"rendered":"https:\/\/wordpress-test.app.u-pariscite.fr\/ihss\/?page_id=69"},"modified":"2022-04-15T11:27:29","modified_gmt":"2022-04-15T09:27:29","slug":"departement-sciences-sociales","status":"publish","type":"page","link":"https:\/\/wordpress-test.app.u-pariscite.fr\/ihss\/accueil\/presentation\/departement-sciences-sociales\/","title":{"rendered":"D\u00e9partement Sciences Sociales"},"content":{"rendered":"<p>[et_pb_section bb_built=\u00a0\u00bb1&Prime; next_background_color=\u00a0\u00bb#000000&Prime; inner_width=\u00a0\u00bbauto\u00a0\u00bb inner_max_width=\u00a0\u00bbnone\u00a0\u00bb][et_pb_row][et_pb_column type=\u00a0\u00bb4_4&Prime;][et_pb_post_title admin_label=\u00a0\u00bbTitre de la page\u00a0\u00bb _builder_version=\u00a0\u00bb3.19.11&Prime; meta=\u00a0\u00bboff\u00a0\u00bb featured_image=\u00a0\u00bboff\u00a0\u00bb \/][\/et_pb_column][\/et_pb_row][et_pb_row][et_pb_column type=\u00a0\u00bb3_4&Prime;][et_pb_text admin_label=\u00a0\u00bbIntro\u00a0\u00bb _builder_version=\u00a0\u00bb3.22.1&Prime; module_id=\u00a0\u00bbintro\u00a0\u00bb text_text_shadow_horizontal_length=\u00a0\u00bbtext_text_shadow_style,%91object Object%93&Prime; text_text_shadow_vertical_length=\u00a0\u00bbtext_text_shadow_style,%91object Object%93&Prime; text_text_shadow_blur_strength=\u00a0\u00bbtext_text_shadow_style,%91object Object%93&Prime; link_text_shadow_horizontal_length=\u00a0\u00bblink_text_shadow_style,%91object Object%93&Prime; link_text_shadow_vertical_length=\u00a0\u00bblink_text_shadow_style,%91object Object%93&Prime; link_text_shadow_blur_strength=\u00a0\u00bblink_text_shadow_style,%91object Object%93&Prime; ul_text_shadow_horizontal_length=\u00a0\u00bbul_text_shadow_style,%91object Object%93&Prime; ul_text_shadow_vertical_length=\u00a0\u00bbul_text_shadow_style,%91object Object%93&Prime; ul_text_shadow_blur_strength=\u00a0\u00bbul_text_shadow_style,%91object Object%93&Prime; ol_text_shadow_horizontal_length=\u00a0\u00bbol_text_shadow_style,%91object Object%93&Prime; ol_text_shadow_vertical_length=\u00a0\u00bbol_text_shadow_style,%91object Object%93&Prime; ol_text_shadow_blur_strength=\u00a0\u00bbol_text_shadow_style,%91object Object%93&Prime; quote_text_shadow_horizontal_length=\u00a0\u00bbquote_text_shadow_style,%91object Object%93&Prime; quote_text_shadow_vertical_length=\u00a0\u00bbquote_text_shadow_style,%91object Object%93&Prime; quote_text_shadow_blur_strength=\u00a0\u00bbquote_text_shadow_style,%91object Object%93&Prime; header_text_shadow_horizontal_length=\u00a0\u00bbheader_text_shadow_style,%91object Object%93&Prime; header_text_shadow_vertical_length=\u00a0\u00bbheader_text_shadow_style,%91object Object%93&Prime; header_text_shadow_blur_strength=\u00a0\u00bbheader_text_shadow_style,%91object Object%93&Prime; header_2_text_shadow_horizontal_length=\u00a0\u00bbheader_2_text_shadow_style,%91object Object%93&Prime; header_2_text_shadow_vertical_length=\u00a0\u00bbheader_2_text_shadow_style,%91object Object%93&Prime; header_2_text_shadow_blur_strength=\u00a0\u00bbheader_2_text_shadow_style,%91object Object%93&Prime; header_3_text_shadow_horizontal_length=\u00a0\u00bbheader_3_text_shadow_style,%91object Object%93&Prime; header_3_text_shadow_vertical_length=\u00a0\u00bbheader_3_text_shadow_style,%91object Object%93&Prime; header_3_text_shadow_blur_strength=\u00a0\u00bbheader_3_text_shadow_style,%91object Object%93&Prime; header_4_text_shadow_horizontal_length=\u00a0\u00bbheader_4_text_shadow_style,%91object Object%93&Prime; header_4_text_shadow_vertical_length=\u00a0\u00bbheader_4_text_shadow_style,%91object Object%93&Prime; header_4_text_shadow_blur_strength=\u00a0\u00bbheader_4_text_shadow_style,%91object Object%93&Prime; header_5_text_shadow_horizontal_length=\u00a0\u00bbheader_5_text_shadow_style,%91object Object%93&Prime; header_5_text_shadow_vertical_length=\u00a0\u00bbheader_5_text_shadow_style,%91object Object%93&Prime; header_5_text_shadow_blur_strength=\u00a0\u00bbheader_5_text_shadow_style,%91object Object%93&Prime; header_6_text_shadow_horizontal_length=\u00a0\u00bbheader_6_text_shadow_style,%91object Object%93&Prime; header_6_text_shadow_vertical_length=\u00a0\u00bbheader_6_text_shadow_style,%91object Object%93&Prime; header_6_text_shadow_blur_strength=\u00a0\u00bbheader_6_text_shadow_style,%91object Object%93&Prime; z_index_tablet=\u00a0\u00bb500&Prime;]<\/p>\n<p>Le d\u00e9partement Sciences sociales est une composante de l&rsquo;Institut des Humanit\u00e9s Sciences et Soci\u00e9t\u00e9s depuis janvier 2018. Il pr\u00e9sente une identit\u00e9 et un projet qui se caract\u00e9risent par une large diversit\u00e9 en terme de disciplines (Sociologie, anthropologie, science politique, philosophie, d\u00e9mographie\u2026), mais \u00e9galement en termes d\u2019objet (migrations, genre, culture, politique,\u00a0travail\u2026). Les enseignant.e.s-chercheur.e.s\u00a0de Sciences sociales se retrouvent dans un projet commun critique et clinique, d\u2019ouverture sur la soci\u00e9t\u00e9 civile.<\/p>\n<p>[\/et_pb_text][\/et_pb_column][et_pb_column type=\u00a0\u00bb1_4&Prime;][\/et_pb_column][\/et_pb_row][et_pb_row][et_pb_column type=\u00a0\u00bb3_4&Prime;][et_pb_text _builder_version=\u00a0\u00bb3.22.1&Prime; module_id=\u00a0\u00bbcontenu\u00a0\u00bb text_text_shadow_horizontal_length=\u00a0\u00bbtext_text_shadow_style,%91object Object%93&Prime; text_text_shadow_vertical_length=\u00a0\u00bbtext_text_shadow_style,%91object Object%93&Prime; text_text_shadow_blur_strength=\u00a0\u00bbtext_text_shadow_style,%91object Object%93&Prime; link_text_shadow_horizontal_length=\u00a0\u00bblink_text_shadow_style,%91object Object%93&Prime; link_text_shadow_vertical_length=\u00a0\u00bblink_text_shadow_style,%91object Object%93&Prime; link_text_shadow_blur_strength=\u00a0\u00bblink_text_shadow_style,%91object Object%93&Prime; ul_text_shadow_horizontal_length=\u00a0\u00bbul_text_shadow_style,%91object Object%93&Prime; ul_text_shadow_vertical_length=\u00a0\u00bbul_text_shadow_style,%91object Object%93&Prime; ul_text_shadow_blur_strength=\u00a0\u00bbul_text_shadow_style,%91object Object%93&Prime; ol_text_shadow_horizontal_length=\u00a0\u00bbol_text_shadow_style,%91object Object%93&Prime; ol_text_shadow_vertical_length=\u00a0\u00bbol_text_shadow_style,%91object Object%93&Prime; ol_text_shadow_blur_strength=\u00a0\u00bbol_text_shadow_style,%91object Object%93&Prime; quote_text_shadow_horizontal_length=\u00a0\u00bbquote_text_shadow_style,%91object Object%93&Prime; quote_text_shadow_vertical_length=\u00a0\u00bbquote_text_shadow_style,%91object Object%93&Prime; quote_text_shadow_blur_strength=\u00a0\u00bbquote_text_shadow_style,%91object Object%93&Prime; header_text_shadow_horizontal_length=\u00a0\u00bbheader_text_shadow_style,%91object Object%93&Prime; header_text_shadow_vertical_length=\u00a0\u00bbheader_text_shadow_style,%91object Object%93&Prime; header_text_shadow_blur_strength=\u00a0\u00bbheader_text_shadow_style,%91object Object%93&Prime; header_2_text_shadow_horizontal_length=\u00a0\u00bbheader_2_text_shadow_style,%91object Object%93&Prime; header_2_text_shadow_vertical_length=\u00a0\u00bbheader_2_text_shadow_style,%91object Object%93&Prime; header_2_text_shadow_blur_strength=\u00a0\u00bbheader_2_text_shadow_style,%91object Object%93&Prime; header_3_text_shadow_horizontal_length=\u00a0\u00bbheader_3_text_shadow_style,%91object Object%93&Prime; header_3_text_shadow_vertical_length=\u00a0\u00bbheader_3_text_shadow_style,%91object Object%93&Prime; header_3_text_shadow_blur_strength=\u00a0\u00bbheader_3_text_shadow_style,%91object Object%93&Prime; header_4_text_shadow_horizontal_length=\u00a0\u00bbheader_4_text_shadow_style,%91object Object%93&Prime; header_4_text_shadow_vertical_length=\u00a0\u00bbheader_4_text_shadow_style,%91object Object%93&Prime; header_4_text_shadow_blur_strength=\u00a0\u00bbheader_4_text_shadow_style,%91object Object%93&Prime; header_5_text_shadow_horizontal_length=\u00a0\u00bbheader_5_text_shadow_style,%91object Object%93&Prime; header_5_text_shadow_vertical_length=\u00a0\u00bbheader_5_text_shadow_style,%91object Object%93&Prime; header_5_text_shadow_blur_strength=\u00a0\u00bbheader_5_text_shadow_style,%91object Object%93&Prime; header_6_text_shadow_horizontal_length=\u00a0\u00bbheader_6_text_shadow_style,%91object Object%93&Prime; header_6_text_shadow_vertical_length=\u00a0\u00bbheader_6_text_shadow_style,%91object Object%93&Prime; header_6_text_shadow_blur_strength=\u00a0\u00bbheader_6_text_shadow_style,%91object Object%93&Prime; z_index_tablet=\u00a0\u00bb500&Prime;]<\/p>\n<h2>Offre de formation<\/h2>\n<h4>Licence<strong>\u00a0<\/strong><\/h4>\n<ul>\n<li>mention Sociologie<\/li>\n<\/ul>\n<h4>Master\u00a0<\/h4>\n<ul>\n<li>mention Sciences sociales<\/li>\n<\/ul>\n<blockquote>\n<p>Toutes les sp\u00e9cialit\u00e9s de master sont en formation continue :<\/p>\n<\/blockquote>\n<ul>\n<li>Genre et changement social et politique : perspectives transnationales ;<\/li>\n<li>Migrations, Racisme et Alt\u00e9rit\u00e9s (MIRA) ;<\/li>\n<li>Politiques culturelles (PC) ;<\/li>\n<li>Sociologie clinique et psychosociologie (SCP) ;<\/li>\n<li>Sociologie et philosophie politique (SPP) ;<\/li>\n<li>Th\u00e9ories et Pratiques de l&rsquo;intervention clinique dans les Organisations (TPICO) <em>(2\u00e8me ann\u00e9e de Master).<\/em><\/li>\n<\/ul>\n<h2>Chiffres cl\u00e9s<\/h2>\n<p>Le D\u00e9partement Sciences Sociales c&rsquo;est :<\/p>\n<h4>Enseignement<\/h4>\n<ul>\n<li>24 Enseignant.e.s-chercheur.e.s dont 12 Pr, 12 MCF, 4 ATER, 2 MAST,10 DCME, 30 CEV.<\/li>\n<\/ul>\n<h4>Recherche<\/h4>\n<ul>\n<li>16 chercheur.es dont 4 du CNRS et 12 de l&rsquo; IRD.<\/li>\n<\/ul>\n<h4>\u00c9tudiants<\/h4>\n<ul>\n<li>289 \u00e9tudiant.e.s en licence et 214 \u00e9tudiant.e.s en master.<\/li>\n<\/ul>\n<h4>Insertion<\/h4>\n<ul>\n<li>Taux de r\u00e9ussite en licence : 71% ;<\/li>\n<li>Taux de r\u00e9ussite en master en deux ans suivant les sp\u00e9cialit\u00e9s: 65% ;<\/li>\n<li>Taux d\u2019employabilit\u00e9 apr\u00e8s licence : 85% ;<\/li>\n<li>Taux d\u2019employabilit\u00e9 apr\u00e8s master : &gt; 65% sous 1 an.<\/li>\n<\/ul>\n<p>\u00a0<\/p>\n<p>\u00a0<\/p>\n<p>[\/et_pb_text][\/et_pb_column][et_pb_column type=\u00a0\u00bb1_4&Prime;][\/et_pb_column][\/et_pb_row][\/et_pb_section][et_pb_section bb_built=\u00a0\u00bb1&Prime; specialty=\u00a0\u00bboff\u00a0\u00bb _builder_version=\u00a0\u00bb3.21&Prime; custom_padding=\u00a0\u00bb0px||0px|\u00a0\u00bb prev_background_color=\u00a0\u00bb#000000&Prime; inner_width=\u00a0\u00bbauto\u00a0\u00bb inner_max_width=\u00a0\u00bbnone\u00a0\u00bb][et_pb_row _builder_version=\u00a0\u00bb3.19.11&Prime; width=\u00a0\u00bb80%\u00a0\u00bb max_width=\u00a0\u00bb1080px\u00a0\u00bb][et_pb_column type=\u00a0\u00bb4_4&Prime;][et_pb_text admin_label=\u00a0\u00bb\u00c0 lire aussi\u00a0\u00bb _builder_version=\u00a0\u00bb3.21&Prime;]<\/p>\n<h2><span class=\"st\">\u00c0<\/span> lire aussi<\/h2>\n<p>[\/et_pb_text][et_pb_blog _builder_version=\u00a0\u00bb3.21&Prime; posts_number=\u00a0\u00bb4&Prime; include_categories=\u00a0\u00bb13&Prime; show_author=\u00a0\u00bboff\u00a0\u00bb show_date=\u00a0\u00bboff\u00a0\u00bb show_pagination=\u00a0\u00bboff\u00a0\u00bb border_width_bottom_fullwidth=\u00a0\u00bb1px\u00a0\u00bb border_color_bottom_fullwidth=\u00a0\u00bbrgba(51,51,51,0.18)\u00a0\u00bb custom_padding=\u00a0\u00bb||50px|\u00a0\u00bb module_id=\u00a0\u00bbpage_type_blog\u00a0\u00bb header_level=\u00a0\u00bbh4&Prime; \/][\/et_pb_column][\/et_pb_row][\/et_pb_section]<\/p>\n","protected":false},"excerpt":{"rendered":"<p>le d\u00e9partement Sciences Sociales <a class=\"continue\" href=\"https:\/\/wordpress-test.app.u-pariscite.fr\/ihss\/accueil\/presentation\/departement-sciences-sociales\/\">Lire la suite<span> D\u00e9partement Sciences Sociales<\/span><\/a><\/p>\n","protected":false},"author":206,"featured_media":0,"parent":64,"menu_order":0,"comment_status":"closed","ping_status":"closed","template":"","meta":{"_et_pb_use_builder":"on","_et_pb_old_content":"<p>Le d\u00e9partement de Sciences sociales est une composante de l'Institut des Humanit\u00e9s, sciences et soci\u00e9t\u00e9s depuis janvier 2018. Il pr\u00e9sente une identit\u00e9 et un projet qui se caract\u00e9risent par une large diversit\u00e9 en terme de disciplines (Sociologie, anthropologie, science politique, philosophie, d\u00e9mographie\u2026), mais \u00e9galement en termes d\u2019objet (migrations, genre, culture, politique,\u00a0travail\u2026).<\/p><p>Les enseignant.e.s-chercheur.e.s\u00a0de Sciences sociales se retrouvent dans un projet commun critique et clinique, d\u2019ouverture sur la soci\u00e9t\u00e9 civile. A cet \u00e9gard, le d\u00e9partement se saisit, dans une articulation pluridisciplinaire de l\u2019ensemble des questions qui caract\u00e9risent les transformations de notre soci\u00e9t\u00e9, sur la sc\u00e8ne nationale et internationale.<\/p><p><strong>OFFRE DE FORMATION<\/strong><\/p><p><strong><u>Licence<\/u><\/strong><strong>\u00a0<\/strong>: mention Sociologie<\/p><p><strong><u>Master<\/u><\/strong>\u00a0: mention Sciences sociales<\/p><p><strong><u>Toutes les sp\u00e9cialit\u00e9s de master\u00a0sont en formation continue<\/u><\/strong>:<\/p><p>*Genre et changement social et politique : perspectives transnationales<\/p><p>*Migrations, Racisme et Alt\u00e9rit\u00e9s (MIRA)<\/p><p>*Politiques culturelles\u00a0(PC)<\/p><p>*Sociologie clinique et psychosociologie\u00a0(SCP)<\/p><p>*<span style=\"color: #706d6d;\">Sociologie et philosophie politique<\/span>\u00a0(SPP)<\/p><p>*Th\u00e9ories et Pratiques de l'intervention clinique dans les Organisations (TPICO) <em>(2\u00e8me ann\u00e9e de Master)<\/em><\/p>","_et_gb_content_width":"","footnotes":""},"class_list":["post-69","page","type-page","status-publish","hentry"],"_links":{"self":[{"href":"https:\/\/wordpress-test.app.u-pariscite.fr\/ihss\/wp-json\/wp\/v2\/pages\/69","targetHints":{"allow":["GET"]}}],"collection":[{"href":"https:\/\/wordpress-test.app.u-pariscite.fr\/ihss\/wp-json\/wp\/v2\/pages"}],"about":[{"href":"https:\/\/wordpress-test.app.u-pariscite.fr\/ihss\/wp-json\/wp\/v2\/types\/page"}],"author":[{"embeddable":true,"href":"https:\/\/wordpress-test.app.u-pariscite.fr\/ihss\/wp-json\/wp\/v2\/users\/206"}],"replies":[{"embeddable":true,"href":"https:\/\/wordpress-test.app.u-pariscite.fr\/ihss\/wp-json\/wp\/v2\/comments?post=69"}],"version-history":[{"count":25,"href":"https:\/\/wordpress-test.app.u-pariscite.fr\/ihss\/wp-json\/wp\/v2\/pages\/69\/revisions"}],"predecessor-version":[{"id":30603,"href":"https:\/\/wordpress-test.app.u-pariscite.fr\/ihss\/wp-json\/wp\/v2\/pages\/69\/revisions\/30603"}],"up":[{"embeddable":true,"href":"https:\/\/wordpress-test.app.u-pariscite.fr\/ihss\/wp-json\/wp\/v2\/pages\/64"}],"wp:attachment":[{"href":"https:\/\/wordpress-test.app.u-pariscite.fr\/ihss\/wp-json\/wp\/v2\/media?parent=69"}],"curies":[{"name":"wp","href":"https:\/\/api.w.org\/{rel}","templated":true}]}}