{"id":31927,"date":"2022-09-09T09:50:00","date_gmt":"2022-09-09T07:50:00","guid":{"rendered":"https:\/\/wordpress-test.app.u-pariscite.fr\/ihss\/?page_id=31927"},"modified":"2024-03-22T15:08:47","modified_gmt":"2024-03-22T14:08:47","slug":"matthieu-julian","status":"publish","type":"page","link":"https:\/\/wordpress-test.app.u-pariscite.fr\/ihss\/accueil\/laboratoires\/crpms\/chercheurs-titulaires\/matthieu-julian\/","title":{"rendered":"Matthieu JULIAN"},"content":{"rendered":"<p>[et_pb_section bb_built=\u00a0\u00bb1&Prime; next_background_color=\u00a0\u00bb#000000&Prime; inner_width=\u00a0\u00bbauto\u00a0\u00bb inner_max_width=\u00a0\u00bbnone\u00a0\u00bb][et_pb_row][et_pb_column type=\u00a0\u00bb4_4&Prime;][et_pb_post_title admin_label=\u00a0\u00bbTitre de la page\u00a0\u00bb _builder_version=\u00a0\u00bb3.22.1&Prime; meta=\u00a0\u00bboff\u00a0\u00bb featured_image=\u00a0\u00bboff\u00a0\u00bb text_shadow_horizontal_length=\u00a0\u00bbtext_shadow_style,%91object Object%93&Prime; text_shadow_vertical_length=\u00a0\u00bbtext_shadow_style,%91object Object%93&Prime; text_shadow_blur_strength=\u00a0\u00bbtext_shadow_style,%91object Object%93&Prime; title_text_shadow_horizontal_length=\u00a0\u00bbtitle_text_shadow_style,%91object Object%93&Prime; title_text_shadow_vertical_length=\u00a0\u00bbtitle_text_shadow_style,%91object Object%93&Prime; title_text_shadow_blur_strength=\u00a0\u00bbtitle_text_shadow_style,%91object Object%93&Prime; meta_text_shadow_horizontal_length=\u00a0\u00bbmeta_text_shadow_style,%91object Object%93&Prime; meta_text_shadow_vertical_length=\u00a0\u00bbmeta_text_shadow_style,%91object Object%93&Prime; meta_text_shadow_blur_strength=\u00a0\u00bbmeta_text_shadow_style,%91object Object%93&Prime; z_index_tablet=\u00a0\u00bb500&Prime; \/][\/et_pb_column][\/et_pb_row][et_pb_row][et_pb_column type=\u00a0\u00bb3_4&Prime;][et_pb_text admin_label=\u00a0\u00bbIntro\u00a0\u00bb _builder_version=\u00a0\u00bb3.22.1&Prime; module_id=\u00a0\u00bbintro\u00a0\u00bb text_text_shadow_horizontal_length=\u00a0\u00bbtext_text_shadow_style,%91object Object%93&Prime; text_text_shadow_vertical_length=\u00a0\u00bbtext_text_shadow_style,%91object Object%93&Prime; text_text_shadow_blur_strength=\u00a0\u00bbtext_text_shadow_style,%91object Object%93&Prime; link_text_shadow_horizontal_length=\u00a0\u00bblink_text_shadow_style,%91object Object%93&Prime; link_text_shadow_vertical_length=\u00a0\u00bblink_text_shadow_style,%91object Object%93&Prime; link_text_shadow_blur_strength=\u00a0\u00bblink_text_shadow_style,%91object Object%93&Prime; ul_text_shadow_horizontal_length=\u00a0\u00bbul_text_shadow_style,%91object Object%93&Prime; ul_text_shadow_vertical_length=\u00a0\u00bbul_text_shadow_style,%91object Object%93&Prime; ul_text_shadow_blur_strength=\u00a0\u00bbul_text_shadow_style,%91object Object%93&Prime; ol_text_shadow_horizontal_length=\u00a0\u00bbol_text_shadow_style,%91object Object%93&Prime; ol_text_shadow_vertical_length=\u00a0\u00bbol_text_shadow_style,%91object Object%93&Prime; ol_text_shadow_blur_strength=\u00a0\u00bbol_text_shadow_style,%91object Object%93&Prime; quote_text_shadow_horizontal_length=\u00a0\u00bbquote_text_shadow_style,%91object Object%93&Prime; quote_text_shadow_vertical_length=\u00a0\u00bbquote_text_shadow_style,%91object Object%93&Prime; quote_text_shadow_blur_strength=\u00a0\u00bbquote_text_shadow_style,%91object Object%93&Prime; header_text_shadow_horizontal_length=\u00a0\u00bbheader_text_shadow_style,%91object Object%93&Prime; header_text_shadow_vertical_length=\u00a0\u00bbheader_text_shadow_style,%91object Object%93&Prime; header_text_shadow_blur_strength=\u00a0\u00bbheader_text_shadow_style,%91object Object%93&Prime; header_2_text_shadow_horizontal_length=\u00a0\u00bbheader_2_text_shadow_style,%91object Object%93&Prime; header_2_text_shadow_vertical_length=\u00a0\u00bbheader_2_text_shadow_style,%91object Object%93&Prime; header_2_text_shadow_blur_strength=\u00a0\u00bbheader_2_text_shadow_style,%91object Object%93&Prime; header_3_text_shadow_horizontal_length=\u00a0\u00bbheader_3_text_shadow_style,%91object Object%93&Prime; header_3_text_shadow_vertical_length=\u00a0\u00bbheader_3_text_shadow_style,%91object Object%93&Prime; header_3_text_shadow_blur_strength=\u00a0\u00bbheader_3_text_shadow_style,%91object Object%93&Prime; header_4_text_shadow_horizontal_length=\u00a0\u00bbheader_4_text_shadow_style,%91object Object%93&Prime; header_4_text_shadow_vertical_length=\u00a0\u00bbheader_4_text_shadow_style,%91object Object%93&Prime; header_4_text_shadow_blur_strength=\u00a0\u00bbheader_4_text_shadow_style,%91object Object%93&Prime; header_5_text_shadow_horizontal_length=\u00a0\u00bbheader_5_text_shadow_style,%91object Object%93&Prime; header_5_text_shadow_vertical_length=\u00a0\u00bbheader_5_text_shadow_style,%91object Object%93&Prime; header_5_text_shadow_blur_strength=\u00a0\u00bbheader_5_text_shadow_style,%91object Object%93&Prime; header_6_text_shadow_horizontal_length=\u00a0\u00bbheader_6_text_shadow_style,%91object Object%93&Prime; header_6_text_shadow_vertical_length=\u00a0\u00bbheader_6_text_shadow_style,%91object Object%93&Prime; header_6_text_shadow_blur_strength=\u00a0\u00bbheader_6_text_shadow_style,%91object Object%93&Prime; z_index_tablet=\u00a0\u00bb500&Prime;]<\/p>\n<p>Ma\u00eetre de Conf\u00e9rences [IHSS \u2013 \u00c9tudes psychanalytiques &amp; Laboratoire CRPMS \u2013 EA 3522]\u00a0<\/p>\n<p>Docteur en psychopathologie et en psychologie clinique\u00a0<\/p>\n<p>Projectiviste, membre de la <em>Soci\u00e9t\u00e9 du Rorschach et des M\u00e9thodes Projectives \u00a0(SRMPLF)<\/em><\/p>\n<p style=\"font-weight: 400\">Psychanalyste, membre de la<em> Soci\u00e9t\u00e9 de Psychanalyse Freudienne<\/em> (SPF)<\/p>\n<p>Membre de la <em>Soci\u00e9t\u00e9 Fran\u00e7aise de Psychiatrie de l\u2019Enfant et de l\u2019Adolescent<\/em> (SFPEADA)<\/p>\n<h2>\u00a0<\/h2>\n<h2>Axes de recherche<\/h2>\n<ul>\n<li>AXE I &#8211; PSYCHANALYSE ET PSYCHOPATHOLOGIE FONDAMENTALE \u00a0: Transitions, passages et maturations dans la vie psychique. La vie pulsionnelle (sexuelle et agressive) lors des transitions adolescentes, des transitions aux cours de la vie et du vieillissement. Temporalit\u00e9 et\/ou atemporalit\u00e9 psychique. Rapport \u00e0 la perte et \u00e0 la mort.<\/li>\n<li>AXE II &#8211; PATHOLOGIES SOMATIQUES, CHRONIQUES, PSYCHIATRIQUES ET NEUROD\u00c9G\u00c9N\u00c9RATIVES : Corps, sympt\u00f4mes corporels, troubles chroniques et facteurs de chronicisation. Formes contemporaines de la vie pulsionnelle, de la souffrance, des symptomatologies, des manifestations adolescentes et du vieillissement. Intrications des causalit\u00e9s biologiques, socio-familiales et psychiques dans les \u00e9tats d\u00e9mentiels et\/ou de d\u00e9pendance. Sommeil, troubles du sommeil et insomnie en contexte de comorbidit\u00e9 ou non.<\/li>\n<li>AXE III &#8211; M\u00c9THODOLOGIE D&rsquo;\u00c9VALUATION ET DISPOSITIFS POUR LA PRISE EN CHARGE : Pratique de la m\u00e9thodologie projective aupr\u00e8s d&rsquo;adolescents, d&rsquo;adultes ou de sujets \u00e2g\u00e9s dans les contextes \u00e9tudi\u00e9s au deuxi\u00e8me axe. Outils pour le diagnostic pr\u00e9coce, pour un examen au plus proche des v\u00e9cus individuels et familiaux. Place de la famille et du couple dans les soins\/institutions. Pr\u00e9vention des \u00e9puisements familiaux, des maltraitances et des m\u00e9canismes aboutissant \u00e0 l&rsquo;exclusion des sujets malades.<\/li>\n<\/ul>\n<p>[\/et_pb_text][\/et_pb_column][et_pb_column type=\u00a0\u00bb1_4&Prime;][et_pb_image _builder_version=\u00a0\u00bb3.22.1&Prime; src=\u00a0\u00bbhttps:\/\/wordpress-test.app.u-pariscite.fr\/ihss\/wp-content\/uploads\/sites\/37\/2022\/09\/Matthieu-Julian.jpeg\u00a0\u00bb z_index_tablet=\u00a0\u00bb500&Prime; \/][\/et_pb_column][\/et_pb_row][et_pb_row][et_pb_column type=\u00a0\u00bb3_4&Prime;][et_pb_text _builder_version=\u00a0\u00bb3.22.1&Prime; module_id=\u00a0\u00bbcontenu\u00a0\u00bb text_text_shadow_horizontal_length=\u00a0\u00bbtext_text_shadow_style,%91object Object%93&Prime; text_text_shadow_vertical_length=\u00a0\u00bbtext_text_shadow_style,%91object Object%93&Prime; text_text_shadow_blur_strength=\u00a0\u00bbtext_text_shadow_style,%91object Object%93&Prime; link_text_shadow_horizontal_length=\u00a0\u00bblink_text_shadow_style,%91object Object%93&Prime; link_text_shadow_vertical_length=\u00a0\u00bblink_text_shadow_style,%91object Object%93&Prime; link_text_shadow_blur_strength=\u00a0\u00bblink_text_shadow_style,%91object Object%93&Prime; ul_text_shadow_horizontal_length=\u00a0\u00bbul_text_shadow_style,%91object Object%93&Prime; ul_text_shadow_vertical_length=\u00a0\u00bbul_text_shadow_style,%91object Object%93&Prime; ul_text_shadow_blur_strength=\u00a0\u00bbul_text_shadow_style,%91object Object%93&Prime; ol_text_shadow_horizontal_length=\u00a0\u00bbol_text_shadow_style,%91object Object%93&Prime; ol_text_shadow_vertical_length=\u00a0\u00bbol_text_shadow_style,%91object Object%93&Prime; ol_text_shadow_blur_strength=\u00a0\u00bbol_text_shadow_style,%91object Object%93&Prime; quote_text_shadow_horizontal_length=\u00a0\u00bbquote_text_shadow_style,%91object Object%93&Prime; quote_text_shadow_vertical_length=\u00a0\u00bbquote_text_shadow_style,%91object Object%93&Prime; quote_text_shadow_blur_strength=\u00a0\u00bbquote_text_shadow_style,%91object Object%93&Prime; header_text_shadow_horizontal_length=\u00a0\u00bbheader_text_shadow_style,%91object Object%93&Prime; header_text_shadow_vertical_length=\u00a0\u00bbheader_text_shadow_style,%91object Object%93&Prime; header_text_shadow_blur_strength=\u00a0\u00bbheader_text_shadow_style,%91object Object%93&Prime; header_2_text_shadow_horizontal_length=\u00a0\u00bbheader_2_text_shadow_style,%91object Object%93&Prime; header_2_text_shadow_vertical_length=\u00a0\u00bbheader_2_text_shadow_style,%91object Object%93&Prime; header_2_text_shadow_blur_strength=\u00a0\u00bbheader_2_text_shadow_style,%91object Object%93&Prime; header_3_text_shadow_horizontal_length=\u00a0\u00bbheader_3_text_shadow_style,%91object Object%93&Prime; header_3_text_shadow_vertical_length=\u00a0\u00bbheader_3_text_shadow_style,%91object Object%93&Prime; header_3_text_shadow_blur_strength=\u00a0\u00bbheader_3_text_shadow_style,%91object Object%93&Prime; header_4_text_shadow_horizontal_length=\u00a0\u00bbheader_4_text_shadow_style,%91object Object%93&Prime; header_4_text_shadow_vertical_length=\u00a0\u00bbheader_4_text_shadow_style,%91object Object%93&Prime; header_4_text_shadow_blur_strength=\u00a0\u00bbheader_4_text_shadow_style,%91object Object%93&Prime; header_5_text_shadow_horizontal_length=\u00a0\u00bbheader_5_text_shadow_style,%91object Object%93&Prime; header_5_text_shadow_vertical_length=\u00a0\u00bbheader_5_text_shadow_style,%91object Object%93&Prime; header_5_text_shadow_blur_strength=\u00a0\u00bbheader_5_text_shadow_style,%91object Object%93&Prime; header_6_text_shadow_horizontal_length=\u00a0\u00bbheader_6_text_shadow_style,%91object Object%93&Prime; header_6_text_shadow_vertical_length=\u00a0\u00bbheader_6_text_shadow_style,%91object Object%93&Prime; header_6_text_shadow_blur_strength=\u00a0\u00bbheader_6_text_shadow_style,%91object Object%93&Prime; z_index_tablet=\u00a0\u00bb500&Prime;]<\/p>\n<div class=\"page\" title=\"Page 1\">\n<div class=\"layoutArea\">\n<div class=\"column\">\n<h2>Publications<\/h2>\n<ul>\n<li style=\"font-weight: 400\">JULIAN, M. (2024). <strong>L\u2019adolescent insomniaque chronique dans sa famille<\/strong>. <em>Dialogue<\/em>, <em>243<\/em>, 37-52.<\/li>\n<li style=\"font-weight: 400\">JULIAN, M. (2023). <strong><em>L\u2019insomnie chronique \u00e0 l\u2019adolescence<\/em><\/strong>. L\u2019Harmattan.<\/li>\n<li style=\"font-weight: 400\">JULIAN, M. (2023). <strong><em>100 fiches pour comprendre la psychologie<\/em><\/strong>. \u00c9ditions Br\u00e9al.<\/li>\n<li style=\"font-weight: 400\">JULIAN, M., CAMART, N., KERNIER, N., VERLHIAC, JF. (2023). <strong>Enqu\u00eate quantitative sur le sommeil d\u2019adolescents tout-venant fran\u00e7ais : insomnie, anxi\u00e9t\u00e9-d\u00e9pression et rythmes circadiens<\/strong>. <em>L\u2019Enc\u00e9phale<\/em>, <em>49<\/em>, 41-49.<\/li>\n<li style=\"font-weight: 400\">JULIAN, M. (2021). <strong>Caratteristiche proiettive e funzionamento psichico dell\u2019adolescente insomne<\/strong>. <em>Psichiatria e psicoterapia<\/em>, <em>40<\/em>(2), 49-76.<\/li>\n<li style=\"font-weight: 400\">JULIAN, M., KERNIER, N., CAMART, N. (2021). <strong>Complexit\u00e9s du diagnostic d\u2019insomnie \u00e0 l\u2019adolescence et consid\u00e9rations \u00e0 propos de ses cons\u00e9quences<\/strong>. <em>Neuropsychiatrie de l\u2019enfance et de l\u2019adolescence<\/em>, <em>69<\/em>(2), 66-73.<\/li>\n<li style=\"font-weight: 400\">JULIAN, M. (2020). <strong>Errance, mutilations t\u00e9gumentaires et insomnie<\/strong>. <em>Adolescence<\/em>, <em>38<\/em>(2), 435-445.<\/li>\n<li style=\"font-weight: 400\">KERNIER, N., CAMPS, FD., CAMART, N., <u>JULIAN, M.<\/u>, BABONNEAU, M., LIGHEZZOLO, C., ABE, Y. (2017). <strong>Insomnie \u00e0 l\u2019adolescence. Quand une indicible agressivit\u00e9 agit et agite<\/strong>. <em>Bulletin de psychologie<\/em>, <em>70<\/em>(6), 435-449.<\/li>\n<li style=\"font-weight: 400\">KERNIER, N., ABE, Y., CAMART, N., <u>JULIAN, M.<\/u>, BABONNEAU, M., LIGHEZZOLO, C., CAMPS, FD. (2017). <strong>Insomnia and self-destructiveness in adolescence : a french psychoanalytic perspective<\/strong>. <em>Neuropsychiatry<\/em>, <em>7<\/em>(2), 137-141.<\/li>\n<\/ul>\n<\/div>\n<\/div>\n<\/div>\n<p><a href=\"mailto:matthieu.julian@wordpress-test.app.u-pariscite.fr\">CONTACT<\/a><\/p>\n<p><a href=\"https:\/\/cv.hal.science\/matthieu-julian\">COLLECTION HAL<\/a><\/p>\n<p><a href=\"http:\/\/www.linkedin.com\/in\/matthieu-julian-b29899100\">LINKEDIN<\/a><\/p>\n<p>[\/et_pb_text][\/et_pb_column][et_pb_column type=\u00a0\u00bb1_4&Prime;][\/et_pb_column][\/et_pb_row][\/et_pb_section][et_pb_section bb_built=\u00a0\u00bb1&Prime; specialty=\u00a0\u00bboff\u00a0\u00bb _builder_version=\u00a0\u00bb3.21&Prime; custom_padding=\u00a0\u00bb0px||0px|\u00a0\u00bb prev_background_color=\u00a0\u00bb#000000&Prime; inner_width=\u00a0\u00bbauto\u00a0\u00bb inner_max_width=\u00a0\u00bbnone\u00a0\u00bb][et_pb_row _builder_version=\u00a0\u00bb3.19.11&Prime; width=\u00a0\u00bb80%\u00a0\u00bb max_width=\u00a0\u00bb1080px\u00a0\u00bb][et_pb_column type=\u00a0\u00bb4_4&Prime;][et_pb_text admin_label=\u00a0\u00bb\u00c0 lire aussi\u00a0\u00bb _builder_version=\u00a0\u00bb3.21&Prime;]<\/p>\n<h2><span class=\"st\">\u00c0<\/span> lire aussi<\/h2>\n<p>[\/et_pb_text][et_pb_blog _builder_version=\u00a0\u00bb3.21&Prime; posts_number=\u00a0\u00bb4&Prime; include_categories=\u00a0\u00bb13&Prime; show_author=\u00a0\u00bboff\u00a0\u00bb show_date=\u00a0\u00bboff\u00a0\u00bb show_pagination=\u00a0\u00bboff\u00a0\u00bb border_width_bottom_fullwidth=\u00a0\u00bb1px\u00a0\u00bb border_color_bottom_fullwidth=\u00a0\u00bbrgba(51,51,51,0.18)\u00a0\u00bb custom_padding=\u00a0\u00bb||50px|\u00a0\u00bb module_id=\u00a0\u00bbpage_type_blog\u00a0\u00bb header_level=\u00a0\u00bbh4&Prime; \/][\/et_pb_column][\/et_pb_row][\/et_pb_section]<\/p>\n","protected":false},"excerpt":{"rendered":"<div class=\"et_pb_row et_pb_row_0 et_pb_row_empty\"><\/div>\n<div class=\"et_pb_row et_pb_row_1 et_pb_row_empty\"><\/div>\n<p> Ma\u00eetre de Conf\u00e9rences [IHSS \u2013 \u00c9tudes psychanalytiques &amp; Laboratoire CRPMS \u2013 EA 3522]\u00a0 Docteur en psychopathologie et en psychologie clinique\u00a0 Projectiviste, membre de la Soci\u00e9t\u00e9 du Rorschach et des M\u00e9thodes Projectives \u00a0(SRMPLF) Psychanalyste, membre de la Soci\u00e9t\u00e9 de Psychanalyse Freudienne (SPF) Membre de la Soci\u00e9t\u00e9 Fran\u00e7aise de Psychiatrie de l\u2019Enfant et de l\u2019Adolescent (SFPEADA)&hellip; <a class=\"continue\" href=\"https:\/\/wordpress-test.app.u-pariscite.fr\/ihss\/accueil\/laboratoires\/crpms\/chercheurs-titulaires\/matthieu-julian\/\">Lire la suite<span> Matthieu JULIAN<\/span><\/a><\/p>\n","protected":false},"author":432,"featured_media":0,"parent":31229,"menu_order":0,"comment_status":"closed","ping_status":"closed","template":"","meta":{"_et_pb_use_builder":"on","_et_pb_old_content":"","_et_gb_content_width":"","footnotes":""},"class_list":["post-31927","page","type-page","status-publish","hentry"],"_links":{"self":[{"href":"https:\/\/wordpress-test.app.u-pariscite.fr\/ihss\/wp-json\/wp\/v2\/pages\/31927","targetHints":{"allow":["GET"]}}],"collection":[{"href":"https:\/\/wordpress-test.app.u-pariscite.fr\/ihss\/wp-json\/wp\/v2\/pages"}],"about":[{"href":"https:\/\/wordpress-test.app.u-pariscite.fr\/ihss\/wp-json\/wp\/v2\/types\/page"}],"author":[{"embeddable":true,"href":"https:\/\/wordpress-test.app.u-pariscite.fr\/ihss\/wp-json\/wp\/v2\/users\/432"}],"replies":[{"embeddable":true,"href":"https:\/\/wordpress-test.app.u-pariscite.fr\/ihss\/wp-json\/wp\/v2\/comments?post=31927"}],"version-history":[{"count":11,"href":"https:\/\/wordpress-test.app.u-pariscite.fr\/ihss\/wp-json\/wp\/v2\/pages\/31927\/revisions"}],"predecessor-version":[{"id":33375,"href":"https:\/\/wordpress-test.app.u-pariscite.fr\/ihss\/wp-json\/wp\/v2\/pages\/31927\/revisions\/33375"}],"up":[{"embeddable":true,"href":"https:\/\/wordpress-test.app.u-pariscite.fr\/ihss\/wp-json\/wp\/v2\/pages\/31229"}],"wp:attachment":[{"href":"https:\/\/wordpress-test.app.u-pariscite.fr\/ihss\/wp-json\/wp\/v2\/media?parent=31927"}],"curies":[{"name":"wp","href":"https:\/\/api.w.org\/{rel}","templated":true}]}}