{"id":31912,"date":"2022-09-09T09:19:33","date_gmt":"2022-09-09T07:19:33","guid":{"rendered":"https:\/\/wordpress-test.app.u-pariscite.fr\/ihss\/?page_id=31912"},"modified":"2024-09-10T13:24:27","modified_gmt":"2024-09-10T11:24:27","slug":"annuaire-de-lihss","status":"publish","type":"page","link":"https:\/\/wordpress-test.app.u-pariscite.fr\/ihss\/accueil\/annuaire-de-lihss\/","title":{"rendered":"Annuaire de l&rsquo;IHSS"},"content":{"rendered":"<p>[et_pb_section bb_built=\u00a0\u00bb1&Prime; _builder_version=\u00a0\u00bb3.22.1&Prime; next_background_color=\u00a0\u00bb#000000&Prime;][et_pb_row _builder_version=\u00a0\u00bb3.22&Prime; background_size=\u00a0\u00bbinitial\u00a0\u00bb background_position=\u00a0\u00bbtop_left\u00a0\u00bb background_repeat=\u00a0\u00bbrepeat\u00a0\u00bb][et_pb_column type=\u00a0\u00bb4_4&Prime;][et_pb_post_title admin_label=\u00a0\u00bbTitre de la page\u00a0\u00bb meta=\u00a0\u00bboff\u00a0\u00bb featured_image=\u00a0\u00bboff\u00a0\u00bb _builder_version=\u00a0\u00bb3.22.1&Prime;]<\/p>\n<p>[\/et_pb_post_title][\/et_pb_column][\/et_pb_row][et_pb_row custom_margin=\u00a0\u00bb|305px||auto||\u00a0\u00bb _builder_version=\u00a0\u00bb3.22.1&Prime; background_size=\u00a0\u00bbinitial\u00a0\u00bb background_position=\u00a0\u00bbtop_left\u00a0\u00bb background_repeat=\u00a0\u00bbrepeat\u00a0\u00bb][et_pb_column type=\u00a0\u00bb4_4&Prime;][et_pb_toggle admin_label=\u00a0\u00bbDirection\u00a0\u00bb title=\u00a0\u00bbDirection\u00a0\u00bb _builder_version=\u00a0\u00bb3.22.1&Prime; z_index_tablet=\u00a0\u00bb500&Prime;]<\/p>\n<p><strong>Directrice de l&rsquo;IHSS :<\/strong> Laurie LAUFER &#8211;\u00a0 <a href=\"mailto:laurie.laufer@wordpress-test.app.u-pariscite.fr\">laurie.laufer@wordpress-test.app.u-pariscite.fr<\/a><\/p>\n<p><strong>Directeur adjoint de l&rsquo;IHSS :<\/strong> Fr\u00e9d\u00e9ric POULARD &#8211; <span style=\"color: #8a1538\"><a href=\"mailto:frederic.poulard@wordpress-test.app.u-pariscite.fr\">frederic.poulard@wordpress-test.app.u-pariscite.fr<\/a><\/span><\/p>\n<p>&nbsp;<\/p>\n<p>[\/et_pb_toggle][et_pb_toggle admin_label=\u00a0\u00bbDirecteur-trice-s de d\u00e9partement\u00a0\u00bb title=\u00a0\u00bbDirecteur-trice-s de d\u00e9partement\u00a0\u00bb _builder_version=\u00a0\u00bb3.22.1&Prime; custom_margin=\u00a0\u00bb-17px|||||\u00a0\u00bb custom_padding=\u00a0\u00bb0px|||||\u00a0\u00bb z_index_tablet=\u00a0\u00bb500&Prime;]<\/p>\n<p><strong>Directeur du d\u00e9partement EP :<\/strong> Thomas Lepoutre <a href=\"mailto:thomas.lepoutre@wordpress-test.app.u-pariscite.fr\">thomas.lepoutre@wordpress-test.app.u-pariscite.fr<\/a><\/p>\n<p><strong style=\"font-size: 16px\">Directeur du d\u00e9partement HPS :<\/strong><span style=\"font-size: 16px\"> Brice Halimi <\/span><a style=\"font-size: 16px\" href=\"mailto:brice.halimi@wordpress-test.app.u-pariscite.fr\">brice.halimi@wordpress-test.app.u-pariscite.fr<\/a><\/p>\n<p><strong>Directrice du d\u00e9partement Sciences Sociales :<\/strong> Mireille Eberhard <a href=\"mailto:mireille.eberhard@wordpress-test.app.u-pariscite.fr\">mireille.eberhard@wordpress-test.app.u-pariscite.fr<\/a><\/p>\n<p>&nbsp;<\/p>\n<p>[\/et_pb_toggle][et_pb_toggle admin_label=\u00a0\u00bbPilotage\u00a0\u00bb title=\u00a0\u00bbPilotage\u00a0\u00bb _builder_version=\u00a0\u00bb3.22.1&Prime; z_index_tablet=\u00a0\u00bb500&Prime;]<\/p>\n<p><strong>Responsable administrative :<\/strong> Sophie de Robien, bureau 406, <a href=\"mailto:sophie.derobien@wordpress-test.app.u-pariscite.fr\">sophie.derobien@wordpress-test.app.u-pariscite.fr<\/a><\/p>\n<p><strong>Secr\u00e9taire administrative :<\/strong> C\u00e9cile M\u00e9donn\u00e9, bureau 404, <a href=\"mailto:cecile.medonne@wordpress-test.app.u-pariscite.fr\">cecile.medonne@wordpress-test.app.u-pariscite.fr<\/a><\/p>\n<p><strong>Gestionnaire financi\u00e8re :<\/strong> Isabelle Iborra, bureau 407, <a href=\"mailto:isabelle.iborra@wordpress-test.app.u-pariscite.fr\">isabelle.iborra@wordpress-test.app.u-pariscite.fr<\/a><\/p>\n<p><strong>Charg\u00e9e appui pilotage Finance \/ RH :<\/strong> Ariane Brehier, bureau 404, <a href=\"mailto:ariane.brehier@wordpress-test.app.u-pariscite.fr\">ariane.brehier@wordpress-test.app.u-pariscite.fr<\/a><\/p>\n<p>[\/et_pb_toggle][et_pb_toggle admin_label=\u00a0\u00bbScolarit\u00e9 initiale\u00a0\u00bb title=\u00a0\u00bbScolarit\u00e9 initiale\u00a0\u00bb disabled_on=\u00a0\u00bboff|off|off\u00a0\u00bb _builder_version=\u00a0\u00bb3.22.1&Prime; z_index_tablet=\u00a0\u00bb500&Prime;]<\/p>\n<p><strong>Responsable de la scolarit\u00e9 initiale :<\/strong> Pauline Redondo, <a href=\"mailto:pauline.redondo@wordpress-test.app.u-pariscite.fr\">pauline.redondo@wordpress-test.app.u-pariscite.fr<\/a><\/p>\n<p><strong>Coordinatrice de la scolarit\u00e9 initiale :<\/strong> Vanessa Sinephro, bureau 479, <a href=\"mailto:vanessa.sinephro@wordpress-test.app.u-pariscite.fr\">vanessa.sinephro@wordpress-test.app.u-pariscite.fr<\/a><\/p>\n<p><strong style=\"font-size: 16px\"><span style=\"color: #87003a\">Scolarit\u00e9 d\u00e9partement EP<\/span> :\u00a0<\/strong><\/p>\n<p><strong>Gestionnaire de scolarit\u00e9 L1 et L2 EP :<\/strong><\/p>\n<p>Loubna Hassi Netiche<\/p>\n<p>bureau 476<\/p>\n<p><a href=\"mailto:Loubna.Hassi-Netiche@wordpress-test.app.u-pariscite.fr\">Loubna.Hassi-Netiche@wordpress-test.app.u-pariscite.fr<\/a><\/p>\n<p>01 57 27 63 91<\/p>\n<p><strong>Gestionnaire de scolarit\u00e9 L3 et M1 EP :<\/strong><\/p>\n<p>Sana El Haddaoui\u00a0<\/p>\n<p>bureau 476<\/p>\n<p><a href=\"mailto:sana.el-haddaoui@wordpress-test.app.u-pariscite.fr\">sana.el-haddaoui@wordpress-test.app.u-pariscite.fr<\/a><\/p>\n<p><strong style=\"font-size: 16px\">Gestionnaire de scolarit\u00e9 M2R et M2P EP :<\/strong><\/p>\n<p>Marvin Montout<\/p>\n<p>bureau 476<\/p>\n<p><a href=\"mailto:marvin.montout@wordpress-test.app.u-pariscite.fr\">marvin.<\/a><a href=\"mailto:marvin.montout@wordpress-test.app.u-pariscite.fr\">montout@wordpress-test.app.u-pariscite.fr<\/a><\/p>\n<p>01 57 27 63 92<\/p>\n<p><strong style=\"font-size: 16px\"><\/strong><\/p>\n<p><strong style=\"font-size: 16px\"><span style=\"color: #7a022a\">Scolarit\u00e9 d\u00e9partement HPS<\/span> :\u00a0<\/strong><\/p>\n<p><strong>Gestionnaire de scolarit\u00e9 M1 M2R M2P HPS \u00a0:<\/strong><\/p>\n<p>Maguy De Almeida<\/p>\n<p>bureau 479<\/p>\n<p><a href=\"mailto:Maguy.De-Almeida@wordpress-test.app.u-pariscite.fr\">Maguy.De-Almeida@wordpress-test.app.u-pariscite.fr<\/a><\/p>\n<p>01 57 27 64 90<\/p>\n<p><strong style=\"font-size: 16px\"><\/strong><\/p>\n<p><strong style=\"font-size: 16px\"><span style=\"color: #720026\">Scolarit\u00e9 d\u00e9partement Sciences Sociales<\/span> :\u00a0<\/strong><\/p>\n<p><strong>Gestionnaire de scolarit\u00e9 L1 et L2 Sociologie : <\/strong><\/p>\n<p>Annie Moulin<\/p>\n<p><span style=\"color: #424242\">bureau 477<\/span><\/p>\n<p><a href=\"mailto:annie.moulin@wordpress-test.app.u-pariscite.fr\">annie.moulin@wordpress-test.app.u-pariscite.fr<\/a><\/p>\n<p><strong><a href=\"mailto:annie.moulin@wordpress-test.app.u-pariscite.fr\"><\/a><\/strong><span style=\"font-size: 16px\">01 57 27 64 01<\/span><\/p>\n<p><b>Gestionnaire de scolarit\u00e9 L3 et M1 Sciences Sociales :<\/b><\/p>\n<p>Amina Himidi<\/p>\n<p>bureau 479<\/p>\n<p><a href=\"mailto:amina.himidi@wordpress-test.app.u-pariscite.fr\">amina.himidi@wordpress-test.app.u-pariscite.fr<\/a><\/p>\n<p>01 57 27 63 98<\/p>\n<p><strong>Gestionnaire de scolarit\u00e9\u00a0 M2P M2R Sciences Sociales :<\/strong><\/p>\n<p>Rosa Boucher<\/p>\n<p>bureau 477<\/p>\n<p><a href=\"mailto:rosa.boucher@wordpress-test.app.u-pariscite.fr\">rosa.boucher@wordpress-test.app.u-pariscite.fr<\/a><\/p>\n<p>01 57 27 63 89<\/p>\n<p>[\/et_pb_toggle][et_pb_toggle admin_label=\u00a0\u00bbFormation professionnelle et continue\u00a0\u00bb title=\u00a0\u00bbFormation professionnelle et continue\u00a0\u00bb _builder_version=\u00a0\u00bb3.22.1&Prime; z_index_tablet=\u00a0\u00bb500&Prime; text_shadow_horizontal_length=\u00a0\u00bbtext_shadow_style,%91object Object%93&Prime; text_shadow_vertical_length=\u00a0\u00bbtext_shadow_style,%91object Object%93&Prime; text_shadow_blur_strength=\u00a0\u00bbtext_shadow_style,%91object Object%93&Prime; title_text_shadow_horizontal_length=\u00a0\u00bbtitle_text_shadow_style,%91object Object%93&Prime; title_text_shadow_vertical_length=\u00a0\u00bbtitle_text_shadow_style,%91object Object%93&Prime; title_text_shadow_blur_strength=\u00a0\u00bbtitle_text_shadow_style,%91object Object%93&Prime; body_text_shadow_horizontal_length=\u00a0\u00bbbody_text_shadow_style,%91object Object%93&Prime; body_text_shadow_vertical_length=\u00a0\u00bbbody_text_shadow_style,%91object Object%93&Prime; body_text_shadow_blur_strength=\u00a0\u00bbbody_text_shadow_style,%91object Object%93&Prime;]<\/p>\n<p><strong>Responsable p\u00e9dagogique de la formation continue :<\/strong> Is\u00e9e Bernateau, <a href=\"isee.bernateau@gmail.com\">isee.bernateau@gmail.com<\/a><\/p>\n<p><strong>Coordinatrice FPC :<\/strong> Laura Blanco bureau 468, <a href=\"mailto:laura.blanco@wordpress-test.app.u-pariscite.fr\">laura.blanco@wordpress-test.app.u-pariscite.fr<\/a> 01 57 27 63 96<\/p>\n<p><strong>Gestionnaire FPC : <\/strong>Jessica Desbouis bureau 468 <a title=\"mailto:jessica.desbouis@wordpress-test.app.u-pariscite.fr\" href=\"mailto:jessica.desbouis@wordpress-test.app.u-pariscite.fr\">jessica.desbouis@wordpress-test.app.u-pariscite.fr<\/a> 01 57 27 63 54<\/p>\n<p><strong>Gestionnaire FPC : <\/strong>Marion Ould Messaoud bureau 468 <a class=\"_rpc_i1 o365button\" role=\"link\"><span class=\"allowTextSelection _rpc_C1 ms-font-color-themePrimary ms-font-s\" title=\"marion.ould-messaoud@wordpress-test.app.u-pariscite.fr\">marion.ould-messaoud<\/span><\/a><a href=\"marion.ould-messaoud@wordpress-test.app.u-pariscite.fr\">@wordpress-test.app.u-pariscite.fr<\/a> 01 57 27 63 94<\/p>\n<p>[\/et_pb_toggle][et_pb_toggle admin_label=\u00a0\u00bbBureau des stages \u00a0\u00bb title=\u00a0\u00bbBureau des stages \u00a0\u00bb _builder_version=\u00a0\u00bb3.22.1&Prime; z_index_tablet=\u00a0\u00bb500&Prime;]<\/p>\n<p><strong>Responsable Bureau des stages :<\/strong> Brigite Cyrille, bureau 467, <a href=\"mailto:brigite.cyrille@wordpress-test.app.u-pariscite.fr\">brigite.cyrille@wordpress-test.app.u-pariscite.fr<\/a> 01 57 27 63 73<\/p>\n<p><strong>Gestionnaire des stages M1 : <\/strong>Yve-Lise Mansuela bureau 466 <a href=\"mailto:yve-lise.mansuela@wordpress-test.app.u-pariscite.fr\">yve-lise.mansuela@wordpress-test.app.u-pariscite.fr<\/a> 01 57 27 57 34<\/p>\n<p><strong>Gestionnaire des stages M2 : <\/strong>Melika Mahdjer bureau 466 <a href=\"mailto:melika.mahdjer@wordpress-test.app.u-pariscite.fr\">melika.mahdjer@wordpress-test.app.u-pariscite.fr<\/a> 01 57 27 63 49<\/p>\n<p><strong>Gestionnaire des stages Licence : <\/strong>Ethel Arwidson bureau 466 <a href=\"mailto:ethel.arwidson@wordpress-test.app.u-pariscite.fr\">ethel.arwidson@wordpress-test.app.u-pariscite.fr<\/a> 01 57 27 63 49<\/p>\n<p>&nbsp;<\/p>\n<p>[\/et_pb_toggle][et_pb_toggle admin_label=\u00a0\u00bbRecherche\u00a0\u00bb title=\u00a0\u00bbRecherche\u00a0\u00bb _builder_version=\u00a0\u00bb3.22.1&Prime; z_index_tablet=\u00a0\u00bb500&Prime;]<\/p>\n<p><strong>CRPMS :\u00a0<\/strong><\/p>\n<p><strong>Directrice adjointe CRPMS :<\/strong> Fanny Dargent : <a href=\"mailto:dargent2000@gmail.com\">dargent2000@gmail.com<\/a><\/p>\n<p><strong>Gestionnaire du CRPMS : <\/strong>Barbara Osorovitz &#8211; bureau 566 &#8211; <a href=\"mailto:barbara.osorovitz@wordpress-test.app.u-pariscite.fr\">barbara.osorovitz@wordpress-test.app.u-pariscite.fr<\/a> &#8211; 01 57 27 63 32<\/p>\n<p>&nbsp;<\/p>\n<p><strong>LCSP :\u00a0<\/strong><\/p>\n<p><strong>Directeur du LCSP :<\/strong>\u00a0 Fr\u00e9d\u00e9ric Poulard &#8211;<\/p>\n<p><strong>Gestionnaire laboratoire LCSP : <\/strong>Rose Goulancourt &#8211; bureau 693 &#8211;\u00a0<a href=\"mailto:rose.goulancourt@wordpress-test.app.u-pariscite.fr\">rose.goulancourt@wordpress-test.app.u-pariscite.fr<\/a> &#8211; 01 57 27 66 93<\/p>\n<p><strong>Charg\u00e9e d\u2019\u00e9dition LSCP : <\/strong>Valerie Lowit &#8211; bureau 681 &#8211;\u00a0<a href=\"mailto:valerie.lowit@wordpress-test.app.u-pariscite.fr\">valerie.lowit@wordpress-test.app.u-pariscite.fr<\/a> &#8211; 01 57 27 66 86<\/p>\n<p>&nbsp;<\/p>\n<p><strong>SPHERE :\u00a0<\/strong><\/p>\n<p><strong>Directrice de SPHERE :\u00a0<\/strong>Aur\u00e9lien ROBERT : <a href=\"mailto:aurelien.robert1@wordpress-test.app.u-pariscite.fr\">aurelien.robert1@wordpress-test.app.u-pariscite.fr<\/a><\/p>\n<p><strong>Directrice-adjointe SPHERE : Sol\u00e8ne Lellinger &#8211; <\/strong> <a href=\"mailto:solene.lellinger@gmail.com\">solene.lellinger@gmail.com<\/a><\/p>\n<p>&nbsp;<\/p>\n<p><strong>URMIS :\u00a0<\/strong><\/p>\n<p><strong>Directrices adjointes de l\u2019URMIS : <\/strong>Florence Boyer &#8211;\u00a0<a href=\"mailto:florence.boyer@ird.fr\">florence.boyer@ird.fr <\/a>et Mme Izabela Wagner <a href=\"mailto:florence.boyer@ird.fr\">&#8211; <\/a><a href=\"mailto:florence.boyer@ird.fr\">izabela.wagner@wordpress-test.app.u-pariscite.fr<\/a><\/p>\n<p><strong>Gestionnaire laboratoire URMIS : <\/strong>Isabelle Barrat, bureau 602 <a href=\"mailto:isabelle.barrat@wordpress-test.app.u-pariscite.fr\">isabelle.barrat@wordpress-test.app.u-pariscite.fr <\/a>&#8211; 01 57 27 66 78<\/p>\n<p>&nbsp;<\/p>\n<p>[\/et_pb_toggle][\/et_pb_column][\/et_pb_row][\/et_pb_section][et_pb_section bb_built=\u00a0\u00bb1&Prime; _builder_version=\u00a0\u00bb3.22&Prime; custom_padding=\u00a0\u00bb0px||0px|\u00a0\u00bb prev_background_color=\u00a0\u00bb#000000&Prime;][et_pb_row _builder_version=\u00a0\u00bb3.22&Prime;][et_pb_column type=\u00a0\u00bb4_4&Prime;][et_pb_text admin_label=\u00a0\u00bb\u00c0 lire aussi\u00a0\u00bb _builder_version=\u00a0\u00bb3.21&Prime;]<\/p>\n<h2><span class=\"st\">\u00c0<\/span> lire aussi<\/h2>\n<p>[\/et_pb_text][et_pb_blog posts_number=\u00a0\u00bb4&Prime; include_categories=\u00a0\u00bb13&Prime; show_author=\u00a0\u00bboff\u00a0\u00bb show_date=\u00a0\u00bboff\u00a0\u00bb show_pagination=\u00a0\u00bboff\u00a0\u00bb module_id=\u00a0\u00bbpage_type_blog\u00a0\u00bb _builder_version=\u00a0\u00bb3.21&Prime; header_level=\u00a0\u00bbh4&Prime; border_width_bottom_fullwidth=\u00a0\u00bb1px\u00a0\u00bb border_color_bottom_fullwidth=\u00a0\u00bbrgba(51,51,51,0.18)\u00a0\u00bb custom_padding=\u00a0\u00bb||50px|\u00a0\u00bb]<\/p>\n<p>[\/et_pb_blog][\/et_pb_column][\/et_pb_row][\/et_pb_section]<\/p>\n","protected":false},"excerpt":{"rendered":"<p>Directrice de l&rsquo;IHSS : Laurie LAUFER &#8211;\u00a0 laurie.laufer@wordpress-test.app.u-pariscite.fr Directeur adjoint de l&rsquo;IHSS : Fr\u00e9d\u00e9ric POULARD &#8211; frederic.poulard@wordpress-test.app.u-pariscite.fr &nbsp; Directeur du d\u00e9partement EP : Thomas Lepoutre thomas.lepoutre@wordpress-test.app.u-pariscite.fr Directeur du d\u00e9partement HPS : Brice Halimi brice.halimi@wordpress-test.app.u-pariscite.fr Directrice du d\u00e9partement Sciences Sociales : Mireille Eberhard mireille.eberhard@wordpress-test.app.u-pariscite.fr &nbsp; Responsable administrative : Sophie de Robien, bureau 406, sophie.derobien@wordpress-test.app.u-pariscite.fr Secr\u00e9taire administrative&hellip; <a class=\"continue\" href=\"https:\/\/wordpress-test.app.u-pariscite.fr\/ihss\/accueil\/annuaire-de-lihss\/\">Lire la suite<span> Annuaire de l&rsquo;IHSS<\/span><\/a><\/p>\n","protected":false},"author":206,"featured_media":0,"parent":193,"menu_order":0,"comment_status":"closed","ping_status":"closed","template":"","meta":{"_et_pb_use_builder":"on","_et_pb_old_content":"","_et_gb_content_width":"","footnotes":""},"class_list":["post-31912","page","type-page","status-publish","hentry"],"_links":{"self":[{"href":"https:\/\/wordpress-test.app.u-pariscite.fr\/ihss\/wp-json\/wp\/v2\/pages\/31912","targetHints":{"allow":["GET"]}}],"collection":[{"href":"https:\/\/wordpress-test.app.u-pariscite.fr\/ihss\/wp-json\/wp\/v2\/pages"}],"about":[{"href":"https:\/\/wordpress-test.app.u-pariscite.fr\/ihss\/wp-json\/wp\/v2\/types\/page"}],"author":[{"embeddable":true,"href":"https:\/\/wordpress-test.app.u-pariscite.fr\/ihss\/wp-json\/wp\/v2\/users\/206"}],"replies":[{"embeddable":true,"href":"https:\/\/wordpress-test.app.u-pariscite.fr\/ihss\/wp-json\/wp\/v2\/comments?post=31912"}],"version-history":[{"count":44,"href":"https:\/\/wordpress-test.app.u-pariscite.fr\/ihss\/wp-json\/wp\/v2\/pages\/31912\/revisions"}],"predecessor-version":[{"id":33728,"href":"https:\/\/wordpress-test.app.u-pariscite.fr\/ihss\/wp-json\/wp\/v2\/pages\/31912\/revisions\/33728"}],"up":[{"embeddable":true,"href":"https:\/\/wordpress-test.app.u-pariscite.fr\/ihss\/wp-json\/wp\/v2\/pages\/193"}],"wp:attachment":[{"href":"https:\/\/wordpress-test.app.u-pariscite.fr\/ihss\/wp-json\/wp\/v2\/media?parent=31912"}],"curies":[{"name":"wp","href":"https:\/\/api.w.org\/{rel}","templated":true}]}}