{"id":30302,"date":"2021-04-07T15:41:56","date_gmt":"2021-04-07T13:41:56","guid":{"rendered":"https:\/\/wordpress-test.app.u-pariscite.fr\/ihss\/?page_id=30302"},"modified":"2024-10-09T10:39:42","modified_gmt":"2024-10-09T08:39:42","slug":"etudes-psychanalytiques","status":"publish","type":"page","link":"https:\/\/wordpress-test.app.u-pariscite.fr\/ihss\/formations\/stages\/etudes-psychanalytiques\/","title":{"rendered":"Stage: Etudes Psychanalytiques"},"content":{"rendered":"<p>[et_pb_section fb_built=\u00a0\u00bb1&Prime; _builder_version=\u00a0\u00bb3.22&Prime;][et_pb_row _builder_version=\u00a0\u00bb3.22&Prime; background_size=\u00a0\u00bbinitial\u00a0\u00bb background_position=\u00a0\u00bbtop_left\u00a0\u00bb background_repeat=\u00a0\u00bbrepeat\u00a0\u00bb][et_pb_column type=\u00a0\u00bb4_4&Prime; _builder_version=\u00a0\u00bb3.0.47&Prime;][et_pb_post_title meta=\u00a0\u00bboff\u00a0\u00bb featured_image=\u00a0\u00bboff\u00a0\u00bb admin_label=\u00a0\u00bbTitre de la page\u00a0\u00bb _builder_version=\u00a0\u00bb3.22.1&Prime;]<\/p>\n<p>[\/et_pb_post_title][\/et_pb_column][\/et_pb_row][et_pb_row _builder_version=\u00a0\u00bb3.22&Prime; background_size=\u00a0\u00bbinitial\u00a0\u00bb background_position=\u00a0\u00bbtop_left\u00a0\u00bb background_repeat=\u00a0\u00bbrepeat\u00a0\u00bb][et_pb_column type=\u00a0\u00bb3_4&Prime; _builder_version=\u00a0\u00bb3.0.47&Prime;][et_pb_text admin_label=\u00a0\u00bbIntro\u00a0\u00bb module_id=\u00a0\u00bbintro\u00a0\u00bb _builder_version=\u00a0\u00bb3.22.1&Prime; z_index_tablet=\u00a0\u00bb500&Prime;]<\/p>\n<p style=\"text-align: justify\">Le cursus initial du D\u00e9partement d\u2019Etudes Psychanalytiques, UFR IHSS d&rsquo;Universit\u00e9 Paris Cit\u00e9 int\u00e8gre 1 000 heures de stage r\u00e9parties entre la 3<sup>\u00e8me<\/sup>\u00a0ann\u00e9e de Licence et le Master 2 professionnel. Ces heures de stage sont incluses dans les maquettes p\u00e9dagogiques et r\u00e9parties comme suit\u00a0:<\/p>\n<p style=\"text-align: justify\"><strong>&#8211; 200 heures en L3 de psychologie<\/strong><\/p>\n<p style=\"text-align: justify\"><strong>&#8211; 300 heures en M1 de psychologie<\/strong><\/p>\n<p style=\"text-align: justify\"><strong>&#8211; 500 heures en M2 professionnel<\/strong><\/p>\n<p style=\"text-align: justify\">Le stage int\u00e9gr\u00e9 au cursus p\u00e9dagogique permet l\u2019attribution de cr\u00e9dits europ\u00e9ens (ECTS) et l\u2019obtention du dipl\u00f4me.\u00a0<strong>Le stage de la Licence 3, du Master 1 et du Master 2 doit s\u2019\u00e9chelonner sur les 2 semestres de l\u2019ann\u00e9e universitaire et aucune dispense ne peut \u00eatre accord\u00e9e.<\/strong><\/p>\n<p>Le stage est encadr\u00e9 par une charte p\u00e9dagogique disponible <a href=\"https:\/\/cloud.parisdescartes.fr\/index.php\/s\/86wDGRPZek7DdFj\">ici.<\/a><\/p>\n<p>[\/et_pb_text][\/et_pb_column][et_pb_column type=\u00a0\u00bb1_4&Prime; _builder_version=\u00a0\u00bb3.0.47&Prime;][\/et_pb_column][\/et_pb_row][et_pb_row _builder_version=\u00a0\u00bb3.22&Prime; background_size=\u00a0\u00bbinitial\u00a0\u00bb background_position=\u00a0\u00bbtop_left\u00a0\u00bb background_repeat=\u00a0\u00bbrepeat\u00a0\u00bb][et_pb_column type=\u00a0\u00bb3_4&Prime; _builder_version=\u00a0\u00bb3.0.47&Prime;][et_pb_text module_id=\u00a0\u00bbcontenu\u00a0\u00bb _builder_version=\u00a0\u00bb3.22.1&Prime; z_index_tablet=\u00a0\u00bb500&Prime;]<\/p>\n<p>[\/et_pb_text][et_pb_toggle title=\u00a0\u00bbLes brochures des stages (L3, M1 et M2) et les attendus p\u00e9dagogiques \u00a0\u00bb _builder_version=\u00a0\u00bb3.22.1&Prime; z_index_tablet=\u00a0\u00bb500&Prime;]<\/p>\n<ul>\n<li><a href=\"https:\/\/cloud.parisdescartes.fr\/index.php\/f\/60112081\" target=\"_blank\" rel=\"noopener noreferrer\">Le stage de Licence 3 de psychologie 2024-2025<\/a><\/li>\n<li><a href=\"https:\/\/cloud.parisdescartes.fr\/index.php\/f\/60112074\" target=\"_blank\" rel=\"noopener noreferrer\">Le stage de Master 1 de\u00a0 psychologie 2024-2025<\/a><\/li>\n<li><a href=\"https:\/\/cloud.parisdescartes.fr\/index.php\/f\/60112101\" target=\"_blank\" rel=\"noopener noreferrer\">Le stage de Master 2 de psychologie 2024-2025<\/a><\/li>\n<li><a href=\"https:\/\/cloud.parisdescartes.fr\/index.php\/f\/60112119\">Les attendus p\u00e9dagogiques du stage pour l&rsquo;ann\u00e9e universitaire 2024-2025<\/a><\/li>\n<\/ul>\n<p>[\/et_pb_toggle][et_pb_toggle title=\u00a0\u00bbQui est mon enseignant r\u00e9f\u00e9rent ?\u00a0\u00bb _builder_version=\u00a0\u00bb3.22.1&Prime; z_index_tablet=\u00a0\u00bb500&Prime;]<\/p>\n<div class=\"et_pb_toggle_content clearfix\">\n<p>En <strong>Licence 3<\/strong>, l\u2019enseignant r\u00e9f\u00e9rent est l\u2019enseignant de la <strong>note clinique<\/strong><\/p>\n<p>En <strong>Master 1 et Master 2<\/strong> l\u2019enseignant r\u00e9f\u00e9rent est l\u2019enseignant charg\u00e9 du <strong>s\u00e9minaire de m\u00e9moire<\/strong><\/p>\n<\/div>\n<p>[\/et_pb_toggle][et_pb_toggle title=\u00a0\u00bbQui peut \u00eatre mon tuteur de stage dans l&rsquo;organisme d&rsquo;accueil ?\u00a0\u00bb _builder_version=\u00a0\u00bb3.22.1&Prime; custom_padding=\u00a0\u00bb|||32px||\u00a0\u00bb z_index_tablet=\u00a0\u00bb500&Prime;]<\/p>\n<p>En <strong>Licence 3<\/strong>, il est demand\u00e9 que votre tuteur de stage soit <strong>psychologue clinicien<\/strong>. N\u00e9anmoins, il est accept\u00e9 que votre tuteur soit <strong>psychiatre<\/strong> ou <strong>neuropsychologue<\/strong>.<\/p>\n<p>&nbsp;<\/p>\n<p>En revanche, en <strong>Master 1 et Master 2<\/strong>, votre tuteur de stage doit <strong>exclusivement<\/strong> \u00eatre <strong>psychologue clinicien<\/strong>.<\/p>\n<p>Cette exigence est pr\u00e9cis\u00e9e dans l\u2019arr\u00eat\u00e9 du 19 mai 2006 relatif aux modalit\u00e9s d\u2019organisation et de validation du stage professionnel pr\u00e9vu par le d\u00e9cret n\u00b0 90-255 du 22 mars 1990 modifi\u00e9 fixant la liste des dipl\u00f4mes permettant de faire usage professionnel du titre de psychologue : <em>Le stage est plac\u00e9 sous la responsabilit\u00e9 conjointe d\u2019un psychologue praticien-r\u00e9f\u00e9rent qui n\u2019a pas la qualit\u00e9 d\u2019enseignant-chercheur, titulaire du titre de psychologue, exer\u00e7ant depuis au moins trois ans, et d\u2019un ma\u00eetre de stage qui est un des enseignants-chercheurs de la formation conduisant au dipl\u00f4me de master, mention psychologue, \u00e0 laquelle est inscrit l\u2019\u00e9tudiant.\u00a0<\/em><\/p>\n<p><em><\/em><\/p>\n<p><em><\/em><\/p>\n<p>[\/et_pb_toggle][et_pb_toggle title=\u00a0\u00bbLa validation du stage\u00a0\u00bb _builder_version=\u00a0\u00bb3.22.1&Prime; z_index_tablet=\u00a0\u00bb500&Prime;]<\/p>\n<p><u>Dates pour la validation du stage<\/u>\u00a0:<\/p>\n<p>&nbsp;<\/p>\n<ul>\n<li><strong> <\/strong><strong>Session 1\u00a0: du 19 au 30 mai 2025 \u00e0 23h59<br \/><\/strong><\/li>\n<li><strong> <\/strong><strong>Session 2\u00a0: du 16 au 27 juin 2025 \u00e0 23h59<br \/><\/strong><\/li>\n<\/ul>\n<p><strong><u>Attention<\/u><\/strong>\u00a0une\u00a0validation en session 1\u00a0ne peut se faire que si les heures requises \u00e0 la validation aont d\u00e9j\u00e0 \u00e9t\u00e9 effectu\u00e9es.<\/p>\n<p>&nbsp;<\/p>\n<p><strong><u>Pi\u00e8ces \u00e0 fournir pour la validation du stage<\/u><\/strong><strong>\u00a0:<\/strong><\/p>\n<p>&nbsp;<\/p>\n<ol>\n<li><strong>Carnet de stage <\/strong>compl\u00e9t\u00e9, sign\u00e9 et tamponn\u00e9 par votre tuteur de stage + sign\u00e9, dat\u00e9 et valid\u00e9 par votre enseignant r\u00e9f\u00e9rent (une double page par stage)<\/li>\n<li><strong>Attestation<\/strong><strong>(s) de fin(s) de(s) stage(s)<\/strong> r\u00e9dig\u00e9e(s) par le(s) tuteur(s) de(s) stage(s) sur papier \u00e0 en-t\u00eate de la structure d&rsquo;accueil, mentionnant votre formation, les dates de stage et le volume horaire effectu\u00e9, le service, les missions accomplies. Elle(s) doit-vent \u00eatre sign\u00e9e(s) et tamponn\u00e9e(s) par le(s) tuteur(s) de (s) stage(s)<\/li>\n<li><strong> <\/strong>Copie(s) de la\/des <strong>convention(s)\u00a0de(s) stage(s) et avenant(s)<\/strong><\/li>\n<li><strong> <\/strong><strong>Avoir compl\u00e9t\u00e9 le questionnaire d\u2019\u00e9valuation du\/des stage(s)<br \/><\/strong><\/li>\n<\/ol>\n<p>&nbsp;<\/p>\n<p>\u00a0<strong><u>A noter<\/u><\/strong><strong>\u00a0:<\/strong><\/p>\n<p>Vous pouvez valider le stage en session 1 si toutes les heures n\u00e9cessaires \u00e0 la validation (200 heures en L3, 300 heures en M1, et 500 heures en M2) ont d\u00e9j\u00e0 \u00e9t\u00e9 effectu\u00e9es et ce, m\u00eame si le stage se termine ult\u00e9rieurement.<\/p>\n<p>L\u2019attestation de fin de stage pr\u00e9cisera alors le nombre d\u2019heures effectu\u00e9es \u00e0 la date de r\u00e9daction ainsi que la mention suivante : \u00ab l\u2019\u00e9tudiant(e) s\u2019engage \u00e0 poursuivre son stage jusqu\u2019\u00e0 la date de fin de stage pr\u00e9cis\u00e9e sur la convention initiale\/ avenant \u00e0 savoir le XXXX pour un volume total de stage de XXXX \u00bb.<\/p>\n<p>&nbsp;<\/p>\n<p><strong><u>Validation de la soutenance de Master 2<\/u><\/strong><\/p>\n<p><strong>L\u2019attestation du stage professionnel permettant de faire usage du titre de psychologue <\/strong>(derni\u00e8re page du carnet)\u00a0:<\/p>\n<ul>\n<li>La compl\u00e9ter et la faire signer et tamponner par votre \/vos lieux de stage (par votre tuteur de stage ou praticien r\u00e9f\u00e9rent et par le professionnel aupr\u00e8s duquel le stage a \u00e9t\u00e9 accompli qui est le responsable dans la structure ou le service qui est l-e m\u00e9decin chef, le tuteur parfois ou encore le chef de service).<\/li>\n<li>La faire signer par le jury et le co-jury au moment de votre soutenance.<\/li>\n<li>Une fois votre m\u00e9moire soutenu, il faudra la retourner \u00e0 l\u2019adresse <a href=\"mailto:stages.m2.ep.psycho.ihss@wordpress-test.app.u-pariscite.fr\">m2.ep.psycho.ihss@wordpress-test.app.u-pariscite.fr<\/a> afin que nous y apposions le tampon de l\u2019universit\u00e9.<\/li>\n<\/ul>\n<p>Ce document est essentiel pour votre future inscription au r\u00e9pertoire des psychologues (Adeli).<\/p>\n<p>&nbsp;<\/p>\n<p><a href=\"https:\/\/wordpress-test.app.u-pariscite.fr\/ihss\/wp-content\/uploads\/sites\/37\/2022\/02\/Validation-du-stage-professionnel-pour-lobtention-du-titre-de-psychologue.pdf\">Validation du stage professionnel pour l&rsquo;obtention du titre de psychologue<\/a><\/p>\n<p>&nbsp;<\/p>\n<p>&nbsp;<\/p>\n<p>&nbsp;<\/p>\n<p>[\/et_pb_toggle][et_pb_toggle title=\u00a0\u00bbInformations stage 2024 \/ 2025&Prime; _builder_version=\u00a0\u00bb3.22.1&Prime; z_index_tablet=\u00a0\u00bb500&Prime;]<\/p>\n<p><b>Le stage en psychiatrie pourra d\u00e9sormais \u00eatre r\u00e9alis\u00e9 soit en L3, soit en Master 1 et soit en Master 2 <strong>d\u2019un minimum de 200 heures<\/strong>.<br \/><\/b><\/p>\n<p>Le stage de Licence 3 :<\/p>\n<p>Le stage de L3 doit avoir lieu en priorit\u00e9 en psychiatrie avec ouverture au secteur sanitaire et m\u00e9dico-social uniquement s&rsquo;il y a une dimension psychiatrique dans les prises en charge ou une \u00e9quipe pluridisciplinaire comprenant un psychiatre.<\/p>\n<p><strong>Licence 3 + Master 1 + Master 2 :<\/strong><\/p>\n<ul>\n<li><b>Il est possible de faire signer vos conventions de stage par mail, signatures num\u00e9riques recevables.<\/b><\/li>\n<\/ul>\n<p>[\/et_pb_toggle][\/et_pb_column][et_pb_column type=\u00a0\u00bb1_4&Prime; _builder_version=\u00a0\u00bb3.0.47&Prime;][\/et_pb_column][\/et_pb_row][\/et_pb_section][et_pb_section fb_built=\u00a0\u00bb1&Prime; _builder_version=\u00a0\u00bb3.22&Prime; custom_padding=\u00a0\u00bb0px||0px|\u00a0\u00bb][et_pb_row _builder_version=\u00a0\u00bb3.22&Prime;][et_pb_column type=\u00a0\u00bb4_4&Prime; _builder_version=\u00a0\u00bb3.0.47&Prime;][et_pb_text admin_label=\u00a0\u00bb\u00c0 lire aussi\u00a0\u00bb _builder_version=\u00a0\u00bb3.21&Prime; custom_margin=\u00a0\u00bb108px|||||\u00a0\u00bb]<\/p>\n<h2><span class=\"st\">\u00c0<\/span> lire aussi<\/h2>\n<p>[\/et_pb_text][et_pb_blog posts_number=\u00a0\u00bb4&Prime; include_categories=\u00a0\u00bb13&Prime; show_author=\u00a0\u00bboff\u00a0\u00bb show_date=\u00a0\u00bboff\u00a0\u00bb show_pagination=\u00a0\u00bboff\u00a0\u00bb module_id=\u00a0\u00bbpage_type_blog\u00a0\u00bb _builder_version=\u00a0\u00bb3.21&Prime; header_level=\u00a0\u00bbh4&Prime; border_width_bottom_fullwidth=\u00a0\u00bb1px\u00a0\u00bb border_color_bottom_fullwidth=\u00a0\u00bbrgba(51,51,51,0.18)\u00a0\u00bb custom_padding=\u00a0\u00bb||50px|\u00a0\u00bb]<\/p>\n<p>[\/et_pb_blog][\/et_pb_column][\/et_pb_row][\/et_pb_section]<\/p>\n","protected":false},"excerpt":{"rendered":"<p>Le cursus initial du D\u00e9partement d\u2019Etudes Psychanalytiques, UFR IHSS d&rsquo;Universit\u00e9 Paris Cit\u00e9 int\u00e8gre 1 000 heures de stage r\u00e9parties entre la 3\u00e8me\u00a0ann\u00e9e de Licence et le Master 2 professionnel. Ces heures de stage sont incluses dans les maquettes p\u00e9dagogiques et r\u00e9parties comme suit\u00a0: &#8211; 200 heures en L3 de psychologie &#8211; 300 heures en M1&hellip; <a class=\"continue\" href=\"https:\/\/wordpress-test.app.u-pariscite.fr\/ihss\/formations\/stages\/etudes-psychanalytiques\/\">Lire la suite<span> Stage: Etudes Psychanalytiques<\/span><\/a><\/p>\n","protected":false},"author":35,"featured_media":0,"parent":89,"menu_order":0,"comment_status":"closed","ping_status":"closed","template":"","meta":{"_et_pb_use_builder":"on","_et_pb_old_content":"","_et_gb_content_width":"","footnotes":""},"class_list":["post-30302","page","type-page","status-publish","hentry"],"_links":{"self":[{"href":"https:\/\/wordpress-test.app.u-pariscite.fr\/ihss\/wp-json\/wp\/v2\/pages\/30302","targetHints":{"allow":["GET"]}}],"collection":[{"href":"https:\/\/wordpress-test.app.u-pariscite.fr\/ihss\/wp-json\/wp\/v2\/pages"}],"about":[{"href":"https:\/\/wordpress-test.app.u-pariscite.fr\/ihss\/wp-json\/wp\/v2\/types\/page"}],"author":[{"embeddable":true,"href":"https:\/\/wordpress-test.app.u-pariscite.fr\/ihss\/wp-json\/wp\/v2\/users\/35"}],"replies":[{"embeddable":true,"href":"https:\/\/wordpress-test.app.u-pariscite.fr\/ihss\/wp-json\/wp\/v2\/comments?post=30302"}],"version-history":[{"count":49,"href":"https:\/\/wordpress-test.app.u-pariscite.fr\/ihss\/wp-json\/wp\/v2\/pages\/30302\/revisions"}],"predecessor-version":[{"id":33931,"href":"https:\/\/wordpress-test.app.u-pariscite.fr\/ihss\/wp-json\/wp\/v2\/pages\/30302\/revisions\/33931"}],"up":[{"embeddable":true,"href":"https:\/\/wordpress-test.app.u-pariscite.fr\/ihss\/wp-json\/wp\/v2\/pages\/89"}],"wp:attachment":[{"href":"https:\/\/wordpress-test.app.u-pariscite.fr\/ihss\/wp-json\/wp\/v2\/media?parent=30302"}],"curies":[{"name":"wp","href":"https:\/\/api.w.org\/{rel}","templated":true}]}}