{"id":30295,"date":"2021-04-07T15:25:04","date_gmt":"2021-04-07T13:25:04","guid":{"rendered":"https:\/\/wordpress-test.app.u-pariscite.fr\/ihss\/?page_id=30295"},"modified":"2024-11-15T12:46:55","modified_gmt":"2024-11-15T11:46:55","slug":"sciences-sociales","status":"publish","type":"page","link":"https:\/\/wordpress-test.app.u-pariscite.fr\/ihss\/licences\/sciences-sociales\/","title":{"rendered":"Sciences Sociales : Licence Sociologie"},"content":{"rendered":"<p>[et_pb_section bb_built=\u00a0\u00bb1&Prime; _builder_version=\u00a0\u00bb3.22&Prime; next_background_color=\u00a0\u00bb#000000&Prime;][et_pb_row _builder_version=\u00a0\u00bb3.22&Prime; background_size=\u00a0\u00bbinitial\u00a0\u00bb background_position=\u00a0\u00bbtop_left\u00a0\u00bb background_repeat=\u00a0\u00bbrepeat\u00a0\u00bb][et_pb_column type=\u00a0\u00bb4_4&Prime;][et_pb_post_title admin_label=\u00a0\u00bbTitre de la page\u00a0\u00bb meta=\u00a0\u00bboff\u00a0\u00bb featured_image=\u00a0\u00bboff\u00a0\u00bb _builder_version=\u00a0\u00bb3.19.11&Prime;]<\/p>\n<p>[\/et_pb_post_title][\/et_pb_column][\/et_pb_row][et_pb_row _builder_version=\u00a0\u00bb3.22&Prime; background_size=\u00a0\u00bbinitial\u00a0\u00bb background_position=\u00a0\u00bbtop_left\u00a0\u00bb background_repeat=\u00a0\u00bbrepeat\u00a0\u00bb][et_pb_column type=\u00a0\u00bb3_4&Prime;][et_pb_text admin_label=\u00a0\u00bbIntro\u00a0\u00bb module_id=\u00a0\u00bbintro\u00a0\u00bb _builder_version=\u00a0\u00bb3.22.1&Prime; z_index_tablet=\u00a0\u00bb500&Prime;]<\/p>\n<p>Le d\u00e9partement Sciences sociales propose une formation g\u00e9n\u00e9raliste en sociologie (appuy\u00e9e sur le r\u00e9f\u00e9rentiel national), compl\u00e9t\u00e9e par des ouvertures vers l\u2019anthropologie, la philosophie, l\u2019\u00e9conomie, le droit, la d\u00e9mographie.<\/p>\n<p>[\/et_pb_text][\/et_pb_column][et_pb_column type=\u00a0\u00bb1_4&Prime;][\/et_pb_column][\/et_pb_row][et_pb_row _builder_version=\u00a0\u00bb3.22.1&Prime; background_size=\u00a0\u00bbinitial\u00a0\u00bb background_position=\u00a0\u00bbtop_left\u00a0\u00bb background_repeat=\u00a0\u00bbrepeat\u00a0\u00bb][et_pb_column type=\u00a0\u00bb3_4&Prime;][et_pb_text module_id=\u00a0\u00bbcontenu\u00a0\u00bb _builder_version=\u00a0\u00bb3.22.1&Prime; z_index_tablet=\u00a0\u00bb500&Prime; text_text_shadow_horizontal_length=\u00a0\u00bbtext_text_shadow_style,%91object Object%93&Prime; text_text_shadow_vertical_length=\u00a0\u00bbtext_text_shadow_style,%91object Object%93&Prime; text_text_shadow_blur_strength=\u00a0\u00bbtext_text_shadow_style,%91object Object%93&Prime; link_text_shadow_horizontal_length=\u00a0\u00bblink_text_shadow_style,%91object Object%93&Prime; link_text_shadow_vertical_length=\u00a0\u00bblink_text_shadow_style,%91object Object%93&Prime; link_text_shadow_blur_strength=\u00a0\u00bblink_text_shadow_style,%91object Object%93&Prime; ul_text_shadow_horizontal_length=\u00a0\u00bbul_text_shadow_style,%91object Object%93&Prime; ul_text_shadow_vertical_length=\u00a0\u00bbul_text_shadow_style,%91object Object%93&Prime; ul_text_shadow_blur_strength=\u00a0\u00bbul_text_shadow_style,%91object Object%93&Prime; ol_text_shadow_horizontal_length=\u00a0\u00bbol_text_shadow_style,%91object Object%93&Prime; ol_text_shadow_vertical_length=\u00a0\u00bbol_text_shadow_style,%91object Object%93&Prime; ol_text_shadow_blur_strength=\u00a0\u00bbol_text_shadow_style,%91object Object%93&Prime; quote_text_shadow_horizontal_length=\u00a0\u00bbquote_text_shadow_style,%91object Object%93&Prime; quote_text_shadow_vertical_length=\u00a0\u00bbquote_text_shadow_style,%91object Object%93&Prime; quote_text_shadow_blur_strength=\u00a0\u00bbquote_text_shadow_style,%91object Object%93&Prime; header_text_shadow_horizontal_length=\u00a0\u00bbheader_text_shadow_style,%91object Object%93&Prime; header_text_shadow_vertical_length=\u00a0\u00bbheader_text_shadow_style,%91object Object%93&Prime; header_text_shadow_blur_strength=\u00a0\u00bbheader_text_shadow_style,%91object Object%93&Prime; header_2_text_shadow_horizontal_length=\u00a0\u00bbheader_2_text_shadow_style,%91object Object%93&Prime; header_2_text_shadow_vertical_length=\u00a0\u00bbheader_2_text_shadow_style,%91object Object%93&Prime; header_2_text_shadow_blur_strength=\u00a0\u00bbheader_2_text_shadow_style,%91object Object%93&Prime; header_3_text_shadow_horizontal_length=\u00a0\u00bbheader_3_text_shadow_style,%91object Object%93&Prime; header_3_text_shadow_vertical_length=\u00a0\u00bbheader_3_text_shadow_style,%91object Object%93&Prime; header_3_text_shadow_blur_strength=\u00a0\u00bbheader_3_text_shadow_style,%91object Object%93&Prime; header_4_text_shadow_horizontal_length=\u00a0\u00bbheader_4_text_shadow_style,%91object Object%93&Prime; header_4_text_shadow_vertical_length=\u00a0\u00bbheader_4_text_shadow_style,%91object Object%93&Prime; header_4_text_shadow_blur_strength=\u00a0\u00bbheader_4_text_shadow_style,%91object Object%93&Prime; header_5_text_shadow_horizontal_length=\u00a0\u00bbheader_5_text_shadow_style,%91object Object%93&Prime; header_5_text_shadow_vertical_length=\u00a0\u00bbheader_5_text_shadow_style,%91object Object%93&Prime; header_5_text_shadow_blur_strength=\u00a0\u00bbheader_5_text_shadow_style,%91object Object%93&Prime; header_6_text_shadow_horizontal_length=\u00a0\u00bbheader_6_text_shadow_style,%91object Object%93&Prime; header_6_text_shadow_vertical_length=\u00a0\u00bbheader_6_text_shadow_style,%91object Object%93&Prime; header_6_text_shadow_blur_strength=\u00a0\u00bbheader_6_text_shadow_style,%91object Object%93&Prime;]<\/p>\n<p>Le d\u00e9partement Sciences sociales propose une formation g\u00e9n\u00e9raliste en sociologie (appuy\u00e9e sur le r\u00e9f\u00e9rentiel national), compl\u00e9t\u00e9e par des ouvertures vers l\u2019anthropologie, la philosophie, l\u2019\u00e9conomie, le droit, la d\u00e9mographie.<\/p>\n<p>&nbsp;<\/p>\n<blockquote>\n<p><strong><a href=\"https:\/\/odf.wordpress-test.app.u-pariscite.fr\/fr\/offre-de-formation\/licence-XA\/sciences-humaines-et-sociales-SHS\/sociologie-K2VO8SKW\/licence-sociologie-IGXS28VC.html\" target=\"_blank\" rel=\"noopener noreferrer\">En savoir plus<\/a><\/strong><\/p>\n<\/blockquote>\n<p>[\/et_pb_text][et_pb_toggle _builder_version=\u00a0\u00bb3.22.1&Prime; title=\u00a0\u00bbCandidater en r\u00e9orientation semestrielle en 1\u00e8re ann\u00e9e de Licence\u00a0\u00bb text_shadow_horizontal_length=\u00a0\u00bbtext_shadow_style,%91object Object%93&Prime; text_shadow_vertical_length=\u00a0\u00bbtext_shadow_style,%91object Object%93&Prime; text_shadow_blur_strength=\u00a0\u00bbtext_shadow_style,%91object Object%93&Prime; title_text_shadow_horizontal_length=\u00a0\u00bbtitle_text_shadow_style,%91object Object%93&Prime; title_text_shadow_vertical_length=\u00a0\u00bbtitle_text_shadow_style,%91object Object%93&Prime; title_text_shadow_blur_strength=\u00a0\u00bbtitle_text_shadow_style,%91object Object%93&Prime; body_text_shadow_horizontal_length=\u00a0\u00bbbody_text_shadow_style,%91object Object%93&Prime; body_text_shadow_vertical_length=\u00a0\u00bbbody_text_shadow_style,%91object Object%93&Prime; body_text_shadow_blur_strength=\u00a0\u00bbbody_text_shadow_style,%91object Object%93&Prime; z_index_tablet=\u00a0\u00bb500&Prime;]<\/p>\n<p>Candidater sur <strong><a href=\"https:\/\/ecandidat.app.wordpress-test.app.u-pariscite.fr\/sh2\/#!accueilView\">eCandidat<\/a><\/strong> entre le mardi 19 novembre 2024 et le mardi 3 d\u00e9cembre 2024.<\/p>\n<p><strong>Public autoris\u00e9 \u00e0 candidater<\/strong> : Les candidats \u00e0 la r\u00e9orientation doivent \u00eatre inscrits au 1er semestre dans une universit\u00e9 fran\u00e7aise ou une fili\u00e8re post-bac : L1, BUT, BTS, CPGE, PASS. Baccalaur\u00e9ats toutes s\u00e9ries.<\/p>\n<p><strong>Contact : <\/strong>Annie MOULIN &#8211; <a href=\"mailto:annie.moulin@wordpress-test.app.u-pariscite.fr\">annie.moulin@wordpress-test.app.u-pariscite.fr<\/a><\/p>\n<p><a href=\"https:\/\/cloud.parisdescartes.fr\/index.php\/s\/mnfHb8HdQG48yXT\">Pi\u00e8ces justificatives \u00e0 fournir<\/a><\/p>\n<p>[\/et_pb_toggle][et_pb_toggle _builder_version=\u00a0\u00bb3.22.1&Prime; title=\u00a0\u00bbBrochure 2024-2025 et plannings 2024-2025&Prime; text_shadow_horizontal_length=\u00a0\u00bbtext_shadow_style,%91object Object%93&Prime; text_shadow_vertical_length=\u00a0\u00bbtext_shadow_style,%91object Object%93&Prime; text_shadow_blur_strength=\u00a0\u00bbtext_shadow_style,%91object Object%93&Prime; title_text_shadow_horizontal_length=\u00a0\u00bbtitle_text_shadow_style,%91object Object%93&Prime; title_text_shadow_vertical_length=\u00a0\u00bbtitle_text_shadow_style,%91object Object%93&Prime; title_text_shadow_blur_strength=\u00a0\u00bbtitle_text_shadow_style,%91object Object%93&Prime; body_text_shadow_horizontal_length=\u00a0\u00bbbody_text_shadow_style,%91object Object%93&Prime; body_text_shadow_vertical_length=\u00a0\u00bbbody_text_shadow_style,%91object Object%93&Prime; body_text_shadow_blur_strength=\u00a0\u00bbbody_text_shadow_style,%91object Object%93&Prime; z_index_tablet=\u00a0\u00bb500&Prime;]<\/p>\n<p><a href=\"https:\/\/cloud.wordpress-test.app.u-pariscite.fr\/s\/a5TPBB3gFcYwmx7\">Cliquez-ici pour acc\u00e9der \u00e0 la brochure de la Licence Sociologie<\/a><\/p>\n<p><a href=\"https:\/\/cloud.wordpress-test.app.u-pariscite.fr\/s\/tFbF7Lo2qBYr8TB\">Cliquez-ici pour acc\u00e9der aux plannings de la Licence Sociologie<\/a><\/p>\n<p>[\/et_pb_toggle][et_pb_toggle _builder_version=\u00a0\u00bb3.22.1&Prime; title=\u00a0\u00bbInt\u00e9grer notre Licence\u00a0\u00bb text_shadow_horizontal_length=\u00a0\u00bbtext_shadow_style,%91object Object%93&Prime; text_shadow_vertical_length=\u00a0\u00bbtext_shadow_style,%91object Object%93&Prime; text_shadow_blur_strength=\u00a0\u00bbtext_shadow_style,%91object Object%93&Prime; title_text_shadow_horizontal_length=\u00a0\u00bbtitle_text_shadow_style,%91object Object%93&Prime; title_text_shadow_vertical_length=\u00a0\u00bbtitle_text_shadow_style,%91object Object%93&Prime; title_text_shadow_blur_strength=\u00a0\u00bbtitle_text_shadow_style,%91object Object%93&Prime; body_text_shadow_horizontal_length=\u00a0\u00bbbody_text_shadow_style,%91object Object%93&Prime; body_text_shadow_vertical_length=\u00a0\u00bbbody_text_shadow_style,%91object Object%93&Prime; body_text_shadow_blur_strength=\u00a0\u00bbbody_text_shadow_style,%91object Object%93&Prime; z_index_tablet=\u00a0\u00bb500&Prime;]<\/p>\n<p>\u00a0L1 : Inscription via <a class=\"simple\" href=\"https:\/\/www.parcoursup.fr\/\" data-ametys-href=\"https:\/\/www.parcoursup.fr\/\" data-ametys-meta=\"subProgramContent:\/\/8255bf08-a5e1-40e8-aeca-51c9b54344a1@additionalInformations\">Parcoursup<\/a><\/p>\n<p>\u00a0L2 : Du 7 mai au 14 juin 2024 via <a class=\"simple\" href=\"https:\/\/ecandidat.app.wordpress-test.app.u-pariscite.fr\/sh1\/#!accueilView\" data-ametys-href=\"https:\/\/ecandidat.app.wordpress-test.app.u-pariscite.fr\/sh1\/#!accueilView\" data-ametys-meta=\"subProgramContent:\/\/8255bf08-a5e1-40e8-aeca-51c9b54344a1@additionalInformations\">ECandidat<\/a><\/p>\n<p>\u00a0L3 : Du 7 mai au 14 juin 2024 via <a href=\"https:\/\/ecandidat.app.wordpress-test.app.u-pariscite.fr\/sh1\/#!accueilView\" target=\"_blank\" rel=\"noopener noreferrer\">Ecandidat<\/a><\/p>\n<p>\u00a0L\u2019admission se fait sur dossier de candidature examin\u00e9 par la commission p\u00e9dagogique.<\/p>\n<p>[\/et_pb_toggle][et_pb_toggle _builder_version=\u00a0\u00bb3.22.1&Prime; title=\u00a0\u00bbCandidater en tant qu\u2019auditeur libre\u00a0\u00bb text_shadow_horizontal_length=\u00a0\u00bbtext_shadow_style,%91object Object%93&Prime; text_shadow_vertical_length=\u00a0\u00bbtext_shadow_style,%91object Object%93&Prime; text_shadow_blur_strength=\u00a0\u00bbtext_shadow_style,%91object Object%93&Prime; title_text_shadow_horizontal_length=\u00a0\u00bbtitle_text_shadow_style,%91object Object%93&Prime; title_text_shadow_vertical_length=\u00a0\u00bbtitle_text_shadow_style,%91object Object%93&Prime; title_text_shadow_blur_strength=\u00a0\u00bbtitle_text_shadow_style,%91object Object%93&Prime; body_text_shadow_horizontal_length=\u00a0\u00bbbody_text_shadow_style,%91object Object%93&Prime; body_text_shadow_vertical_length=\u00a0\u00bbbody_text_shadow_style,%91object Object%93&Prime; body_text_shadow_blur_strength=\u00a0\u00bbbody_text_shadow_style,%91object Object%93&Prime; z_index_tablet=\u00a0\u00bb500&Prime;]<\/p>\n<p>Compl\u00e9tez le formulaire disponible <a href=\"https:\/\/wordpress-test.app.u-pariscite.fr\/ihss\/wp-content\/uploads\/sites\/37\/2024\/07\/AUDITEUR-LIBRE-24_25.docx\">ici<\/a>, et transmettez le par e-mail \u00e0 <a href=\"mailto:annie.moulin@wordpress-test.app.u-pariscite.fr\">annie.moulin@wordpress-test.app.u-pariscite.fr<\/a> et\u00a0 <a href=\"mailto:amina.himidi@wordpress-test.app.u-pariscite.fr\">amina.himidi@wordpress-test.app.u-pariscite.fr<\/a> avant le 6 octobre 2024 pour le 1er semestre et avant le 17 janvier 2025 pour le 2\u00e8me semestre.<\/p>\n<p>[\/et_pb_toggle][et_pb_toggle _builder_version=\u00a0\u00bb3.22.1&Prime; title=\u00a0\u00bbVous souhaitez vous orienter vers un master sciences sociales?\u00a0\u00bb text_shadow_horizontal_length=\u00a0\u00bbtext_shadow_style,%91object Object%93&Prime; text_shadow_vertical_length=\u00a0\u00bbtext_shadow_style,%91object Object%93&Prime; text_shadow_blur_strength=\u00a0\u00bbtext_shadow_style,%91object Object%93&Prime; title_text_shadow_horizontal_length=\u00a0\u00bbtitle_text_shadow_style,%91object Object%93&Prime; title_text_shadow_vertical_length=\u00a0\u00bbtitle_text_shadow_style,%91object Object%93&Prime; title_text_shadow_blur_strength=\u00a0\u00bbtitle_text_shadow_style,%91object Object%93&Prime; body_text_shadow_horizontal_length=\u00a0\u00bbbody_text_shadow_style,%91object Object%93&Prime; body_text_shadow_vertical_length=\u00a0\u00bbbody_text_shadow_style,%91object Object%93&Prime; body_text_shadow_blur_strength=\u00a0\u00bbbody_text_shadow_style,%91object Object%93&Prime; z_index_tablet=\u00a0\u00bb500&Prime;]<\/p>\n<p>Retrouvez les masters propos\u00e9s par l\u2019<a href=\"https:\/\/shs.wordpress-test.app.u-pariscite.fr\/masters\/master-sciences-sociales\/\">UFR de Sciences Humaines et Sociales<\/a>, et l\u2019<a href=\"https:\/\/wordpress-test.app.u-pariscite.fr\/ihss\/masters\/sciences-sociales\/\">UFR IHSS<\/a><\/p>\n<p>[\/et_pb_toggle][et_pb_toggle _builder_version=\u00a0\u00bb3.22.1&Prime; title=\u00a0\u00bbDemande de dipl\u00f4me\u00a0\u00bb text_shadow_horizontal_length=\u00a0\u00bbtext_shadow_style,%91object Object%93&Prime; text_shadow_vertical_length=\u00a0\u00bbtext_shadow_style,%91object Object%93&Prime; text_shadow_blur_strength=\u00a0\u00bbtext_shadow_style,%91object Object%93&Prime; title_text_shadow_horizontal_length=\u00a0\u00bbtitle_text_shadow_style,%91object Object%93&Prime; title_text_shadow_vertical_length=\u00a0\u00bbtitle_text_shadow_style,%91object Object%93&Prime; title_text_shadow_blur_strength=\u00a0\u00bbtitle_text_shadow_style,%91object Object%93&Prime; body_text_shadow_horizontal_length=\u00a0\u00bbbody_text_shadow_style,%91object Object%93&Prime; body_text_shadow_vertical_length=\u00a0\u00bbbody_text_shadow_style,%91object Object%93&Prime; body_text_shadow_blur_strength=\u00a0\u00bbbody_text_shadow_style,%91object Object%93&Prime; z_index_tablet=\u00a0\u00bb500&Prime;]<\/p>\n<p>F\u00e9licitation pour votre r\u00e9ussite!<\/p>\n<p>Le service scolarit\u00e9 du d\u00e9partement sciences sociales ne proc\u00e8de pas \u00e0 la d\u00e9livrance des dipl\u00f4mes. Ce processus est g\u00e9r\u00e9 par la scolarit\u00e9 g\u00e9n\u00e9rale.<\/p>\n<p>Pour soumettre une demande, veuillez suivre la proc\u00e9dure indiqu\u00e9e \u00e0 l\u2019adresse ci-dessous, rubrique Demande de dipl\u00f4me, authentification, duplicata de carte \u00e9tudiant :<br \/><a href=\"https:\/\/wordpress-test.app.u-pariscite.fr\/demarches-administratives-de-scolarite\/\">https:\/\/wordpress-test.app.u-pariscite.fr\/demarches-administratives-de-scolarite\/<\/a><\/p>\n<p>[\/et_pb_toggle][\/et_pb_column][et_pb_column type=\u00a0\u00bb1_4&Prime;][et_pb_text _builder_version=\u00a0\u00bb3.22.1&Prime; background_color=\u00a0\u00bb#f2f2f2&Prime; custom_margin=\u00a0\u00bb|0px||\u00a0\u00bb custom_padding=\u00a0\u00bb20px|||20px\u00a0\u00bb z_index_tablet=\u00a0\u00bb500&Prime; text_text_shadow_horizontal_length=\u00a0\u00bbtext_text_shadow_style,%91object Object%93&Prime; text_text_shadow_vertical_length=\u00a0\u00bbtext_text_shadow_style,%91object Object%93&Prime; text_text_shadow_blur_strength=\u00a0\u00bbtext_text_shadow_style,%91object Object%93&Prime; link_text_shadow_horizontal_length=\u00a0\u00bblink_text_shadow_style,%91object Object%93&Prime; link_text_shadow_vertical_length=\u00a0\u00bblink_text_shadow_style,%91object Object%93&Prime; link_text_shadow_blur_strength=\u00a0\u00bblink_text_shadow_style,%91object Object%93&Prime; ul_text_shadow_horizontal_length=\u00a0\u00bbul_text_shadow_style,%91object Object%93&Prime; ul_text_shadow_vertical_length=\u00a0\u00bbul_text_shadow_style,%91object Object%93&Prime; ul_text_shadow_blur_strength=\u00a0\u00bbul_text_shadow_style,%91object Object%93&Prime; ol_text_shadow_horizontal_length=\u00a0\u00bbol_text_shadow_style,%91object Object%93&Prime; ol_text_shadow_vertical_length=\u00a0\u00bbol_text_shadow_style,%91object Object%93&Prime; ol_text_shadow_blur_strength=\u00a0\u00bbol_text_shadow_style,%91object Object%93&Prime; quote_text_shadow_horizontal_length=\u00a0\u00bbquote_text_shadow_style,%91object Object%93&Prime; quote_text_shadow_vertical_length=\u00a0\u00bbquote_text_shadow_style,%91object Object%93&Prime; quote_text_shadow_blur_strength=\u00a0\u00bbquote_text_shadow_style,%91object Object%93&Prime; header_text_shadow_horizontal_length=\u00a0\u00bbheader_text_shadow_style,%91object Object%93&Prime; header_text_shadow_vertical_length=\u00a0\u00bbheader_text_shadow_style,%91object Object%93&Prime; header_text_shadow_blur_strength=\u00a0\u00bbheader_text_shadow_style,%91object Object%93&Prime; header_2_text_shadow_horizontal_length=\u00a0\u00bbheader_2_text_shadow_style,%91object Object%93&Prime; header_2_text_shadow_vertical_length=\u00a0\u00bbheader_2_text_shadow_style,%91object Object%93&Prime; header_2_text_shadow_blur_strength=\u00a0\u00bbheader_2_text_shadow_style,%91object Object%93&Prime; header_3_text_shadow_horizontal_length=\u00a0\u00bbheader_3_text_shadow_style,%91object Object%93&Prime; header_3_text_shadow_vertical_length=\u00a0\u00bbheader_3_text_shadow_style,%91object Object%93&Prime; header_3_text_shadow_blur_strength=\u00a0\u00bbheader_3_text_shadow_style,%91object Object%93&Prime; header_4_text_shadow_horizontal_length=\u00a0\u00bbheader_4_text_shadow_style,%91object Object%93&Prime; header_4_text_shadow_vertical_length=\u00a0\u00bbheader_4_text_shadow_style,%91object Object%93&Prime; header_4_text_shadow_blur_strength=\u00a0\u00bbheader_4_text_shadow_style,%91object Object%93&Prime; header_5_text_shadow_horizontal_length=\u00a0\u00bbheader_5_text_shadow_style,%91object Object%93&Prime; header_5_text_shadow_vertical_length=\u00a0\u00bbheader_5_text_shadow_style,%91object Object%93&Prime; header_5_text_shadow_blur_strength=\u00a0\u00bbheader_5_text_shadow_style,%91object Object%93&Prime; header_6_text_shadow_horizontal_length=\u00a0\u00bbheader_6_text_shadow_style,%91object Object%93&Prime; header_6_text_shadow_vertical_length=\u00a0\u00bbheader_6_text_shadow_style,%91object Object%93&Prime; header_6_text_shadow_blur_strength=\u00a0\u00bbheader_6_text_shadow_style,%91object Object%93&Prime;]<\/p>\n<h3>Contacts<\/h3>\n<h4>Service scolarit\u00e9<\/h4>\n<p>Bureau 479<br \/>UFR IHSS\u00a0<br \/>B\u00e2timent Olympe de Gouges<br \/>8 rue Albert Einstein <br \/>75013 PARIS<\/p>\n<h4>\u00c9quipe administrative<\/h4>\n<blockquote>\n<p><a href=\"https:\/\/wordpress-test.app.u-pariscite.fr\/ihss\/accueil\/annuaire-de-lihss\/\"><strong>Tous les contacts<\/strong><\/a><\/p>\n<\/blockquote>\n<p><a href=\"https:\/\/wordpress-test.app.u-pariscite.fr\/ihss\/accueil\/horaires\/\"><strong>&gt; Horaires des bureaux<\/strong><\/a><\/p>\n<p>&nbsp;<\/p>\n<h5><em>\u00a0<\/em><\/h5>\n<p>[\/et_pb_text][\/et_pb_column][\/et_pb_row][et_pb_row _builder_version=\u00a0\u00bb3.22&Prime; background_size=\u00a0\u00bbinitial\u00a0\u00bb background_position=\u00a0\u00bbtop_left\u00a0\u00bb background_repeat=\u00a0\u00bbrepeat\u00a0\u00bb][et_pb_column type=\u00a0\u00bb1_2&Prime;][\/et_pb_column][et_pb_column type=\u00a0\u00bb1_2&Prime;][\/et_pb_column][\/et_pb_row][et_pb_row _builder_version=\u00a0\u00bb3.22&Prime; background_size=\u00a0\u00bbinitial\u00a0\u00bb background_position=\u00a0\u00bbtop_left\u00a0\u00bb background_repeat=\u00a0\u00bbrepeat\u00a0\u00bb][et_pb_column type=\u00a0\u00bb3_4&Prime;][et_pb_text admin_label=\u00a0\u00bbTexte &#8211; a\u00e8re\u00a0\u00bb _builder_version=\u00a0\u00bb3.22.1&Prime; z_index_tablet=\u00a0\u00bb500&Prime;]<\/p>\n<p>&nbsp;<\/p>\n<p>&nbsp;<\/p>\n<p>&nbsp;<\/p>\n<p>&nbsp;<\/p>\n<p>[\/et_pb_text][\/et_pb_column][et_pb_column type=\u00a0\u00bb1_4&Prime;][\/et_pb_column][\/et_pb_row][\/et_pb_section][et_pb_section bb_built=\u00a0\u00bb1&Prime; _builder_version=\u00a0\u00bb3.22&Prime; custom_padding=\u00a0\u00bb0px||0px|\u00a0\u00bb prev_background_color=\u00a0\u00bb#000000&Prime;][et_pb_row _builder_version=\u00a0\u00bb3.22&Prime;][et_pb_column type=\u00a0\u00bb4_4&Prime;][et_pb_text admin_label=\u00a0\u00bb\u00c0 lire aussi\u00a0\u00bb _builder_version=\u00a0\u00bb3.21&Prime;]<\/p>\n<h2><span class=\"st\">\u00c0<\/span> lire aussi<\/h2>\n<p>[\/et_pb_text][et_pb_blog posts_number=\u00a0\u00bb4&Prime; include_categories=\u00a0\u00bb13&Prime; show_author=\u00a0\u00bboff\u00a0\u00bb show_date=\u00a0\u00bboff\u00a0\u00bb show_pagination=\u00a0\u00bboff\u00a0\u00bb module_id=\u00a0\u00bbpage_type_blog\u00a0\u00bb _builder_version=\u00a0\u00bb3.21&Prime; header_level=\u00a0\u00bbh4&Prime; border_width_bottom_fullwidth=\u00a0\u00bb1px\u00a0\u00bb border_color_bottom_fullwidth=\u00a0\u00bbrgba(51,51,51,0.18)\u00a0\u00bb custom_padding=\u00a0\u00bb||50px|\u00a0\u00bb]<\/p>\n<p>[\/et_pb_blog][\/et_pb_column][\/et_pb_row][\/et_pb_section]<\/p>\n","protected":false},"excerpt":{"rendered":"<p>Le d\u00e9partement Sciences sociales propose une formation g\u00e9n\u00e9raliste en sociologie (appuy\u00e9e sur le r\u00e9f\u00e9rentiel national), compl\u00e9t\u00e9e par des ouvertures vers l\u2019anthropologie, la philosophie, l\u2019\u00e9conomie, le droit, la d\u00e9mographie. Le d\u00e9partement Sciences sociales propose une formation g\u00e9n\u00e9raliste en sociologie (appuy\u00e9e sur le r\u00e9f\u00e9rentiel national), compl\u00e9t\u00e9e par des ouvertures vers l\u2019anthropologie, la philosophie, l\u2019\u00e9conomie, le droit, la&hellip; <a class=\"continue\" href=\"https:\/\/wordpress-test.app.u-pariscite.fr\/ihss\/licences\/sciences-sociales\/\">Lire la suite<span> Sciences Sociales : Licence Sociologie<\/span><\/a><\/p>\n","protected":false},"author":35,"featured_media":0,"parent":77,"menu_order":0,"comment_status":"closed","ping_status":"closed","template":"","meta":{"_et_pb_use_builder":"on","_et_pb_old_content":"","_et_gb_content_width":"","footnotes":""},"class_list":["post-30295","page","type-page","status-publish","hentry"],"_links":{"self":[{"href":"https:\/\/wordpress-test.app.u-pariscite.fr\/ihss\/wp-json\/wp\/v2\/pages\/30295","targetHints":{"allow":["GET"]}}],"collection":[{"href":"https:\/\/wordpress-test.app.u-pariscite.fr\/ihss\/wp-json\/wp\/v2\/pages"}],"about":[{"href":"https:\/\/wordpress-test.app.u-pariscite.fr\/ihss\/wp-json\/wp\/v2\/types\/page"}],"author":[{"embeddable":true,"href":"https:\/\/wordpress-test.app.u-pariscite.fr\/ihss\/wp-json\/wp\/v2\/users\/35"}],"replies":[{"embeddable":true,"href":"https:\/\/wordpress-test.app.u-pariscite.fr\/ihss\/wp-json\/wp\/v2\/comments?post=30295"}],"version-history":[{"count":39,"href":"https:\/\/wordpress-test.app.u-pariscite.fr\/ihss\/wp-json\/wp\/v2\/pages\/30295\/revisions"}],"predecessor-version":[{"id":33970,"href":"https:\/\/wordpress-test.app.u-pariscite.fr\/ihss\/wp-json\/wp\/v2\/pages\/30295\/revisions\/33970"}],"up":[{"embeddable":true,"href":"https:\/\/wordpress-test.app.u-pariscite.fr\/ihss\/wp-json\/wp\/v2\/pages\/77"}],"wp:attachment":[{"href":"https:\/\/wordpress-test.app.u-pariscite.fr\/ihss\/wp-json\/wp\/v2\/media?parent=30295"}],"curies":[{"name":"wp","href":"https:\/\/api.w.org\/{rel}","templated":true}]}}