{"id":109,"date":"2021-01-12T10:43:56","date_gmt":"2021-01-12T09:43:56","guid":{"rendered":"https:\/\/wordpress-test.app.u-pariscite.fr\/ihss\/?page_id=109"},"modified":"2023-09-06T14:16:10","modified_gmt":"2023-09-06T12:16:10","slug":"presentation","status":"publish","type":"page","link":"https:\/\/wordpress-test.app.u-pariscite.fr\/ihss\/accueil\/laboratoires\/crpms\/presentation\/","title":{"rendered":"Pr\u00e9sentation du CRPMS"},"content":{"rendered":"<p>[et_pb_section bb_built=\u00a0\u00bb1&Prime; next_background_color=\u00a0\u00bb#000000&Prime; inner_width=\u00a0\u00bbauto\u00a0\u00bb inner_max_width=\u00a0\u00bbnone\u00a0\u00bb][et_pb_row][et_pb_column type=\u00a0\u00bb4_4&Prime;][et_pb_post_title admin_label=\u00a0\u00bbTitre de la page\u00a0\u00bb _builder_version=\u00a0\u00bb3.19.11&Prime; meta=\u00a0\u00bboff\u00a0\u00bb featured_image=\u00a0\u00bboff\u00a0\u00bb \/][et_pb_text admin_label=\u00a0\u00bbIntro\u00a0\u00bb _builder_version=\u00a0\u00bb3.22.1&Prime; module_id=\u00a0\u00bbintro\u00a0\u00bb text_text_shadow_horizontal_length=\u00a0\u00bbtext_text_shadow_style,%91object Object%93&Prime; text_text_shadow_vertical_length=\u00a0\u00bbtext_text_shadow_style,%91object Object%93&Prime; text_text_shadow_blur_strength=\u00a0\u00bbtext_text_shadow_style,%91object Object%93&Prime; link_text_shadow_horizontal_length=\u00a0\u00bblink_text_shadow_style,%91object Object%93&Prime; link_text_shadow_vertical_length=\u00a0\u00bblink_text_shadow_style,%91object Object%93&Prime; link_text_shadow_blur_strength=\u00a0\u00bblink_text_shadow_style,%91object Object%93&Prime; ul_text_shadow_horizontal_length=\u00a0\u00bbul_text_shadow_style,%91object Object%93&Prime; ul_text_shadow_vertical_length=\u00a0\u00bbul_text_shadow_style,%91object Object%93&Prime; ul_text_shadow_blur_strength=\u00a0\u00bbul_text_shadow_style,%91object Object%93&Prime; ol_text_shadow_horizontal_length=\u00a0\u00bbol_text_shadow_style,%91object Object%93&Prime; ol_text_shadow_vertical_length=\u00a0\u00bbol_text_shadow_style,%91object Object%93&Prime; ol_text_shadow_blur_strength=\u00a0\u00bbol_text_shadow_style,%91object Object%93&Prime; quote_text_shadow_horizontal_length=\u00a0\u00bbquote_text_shadow_style,%91object Object%93&Prime; quote_text_shadow_vertical_length=\u00a0\u00bbquote_text_shadow_style,%91object Object%93&Prime; quote_text_shadow_blur_strength=\u00a0\u00bbquote_text_shadow_style,%91object Object%93&Prime; header_text_shadow_horizontal_length=\u00a0\u00bbheader_text_shadow_style,%91object Object%93&Prime; header_text_shadow_vertical_length=\u00a0\u00bbheader_text_shadow_style,%91object Object%93&Prime; header_text_shadow_blur_strength=\u00a0\u00bbheader_text_shadow_style,%91object Object%93&Prime; header_2_text_shadow_horizontal_length=\u00a0\u00bbheader_2_text_shadow_style,%91object Object%93&Prime; header_2_text_shadow_vertical_length=\u00a0\u00bbheader_2_text_shadow_style,%91object Object%93&Prime; header_2_text_shadow_blur_strength=\u00a0\u00bbheader_2_text_shadow_style,%91object Object%93&Prime; header_3_text_shadow_horizontal_length=\u00a0\u00bbheader_3_text_shadow_style,%91object Object%93&Prime; header_3_text_shadow_vertical_length=\u00a0\u00bbheader_3_text_shadow_style,%91object Object%93&Prime; header_3_text_shadow_blur_strength=\u00a0\u00bbheader_3_text_shadow_style,%91object Object%93&Prime; header_4_text_shadow_horizontal_length=\u00a0\u00bbheader_4_text_shadow_style,%91object Object%93&Prime; header_4_text_shadow_vertical_length=\u00a0\u00bbheader_4_text_shadow_style,%91object Object%93&Prime; header_4_text_shadow_blur_strength=\u00a0\u00bbheader_4_text_shadow_style,%91object Object%93&Prime; header_5_text_shadow_horizontal_length=\u00a0\u00bbheader_5_text_shadow_style,%91object Object%93&Prime; header_5_text_shadow_vertical_length=\u00a0\u00bbheader_5_text_shadow_style,%91object Object%93&Prime; header_5_text_shadow_blur_strength=\u00a0\u00bbheader_5_text_shadow_style,%91object Object%93&Prime; header_6_text_shadow_horizontal_length=\u00a0\u00bbheader_6_text_shadow_style,%91object Object%93&Prime; header_6_text_shadow_vertical_length=\u00a0\u00bbheader_6_text_shadow_style,%91object Object%93&Prime; header_6_text_shadow_blur_strength=\u00a0\u00bbheader_6_text_shadow_style,%91object Object%93&Prime; z_index_tablet=\u00a0\u00bb500&Prime;]<\/p>\n<div class=\"page\" title=\"Page 1\">\n<div class=\"layoutArea\">\n<div class=\"column\">\n<p>Partant des fondements th\u00e9oriques de l\u2019invention freudienne, le CRPMS s\u2019attache \u00e0 penser les effets des transformations m\u00e9dicales, sociales et politiques sur la pratique analytique.<\/p>\n<p>D\u00e8s la fondation du CRPMS, la pluridisciplinarit\u00e9 a \u00e9t\u00e9 l\u2019\u00e9l\u00e9ment central de ses travaux et une source de questionnements et d\u2019enrichissements pour la recherche en psychopathologie et en psychanalyse proprement dite. Le laboratoire s\u2019est tr\u00e8s vite distingu\u00e9 par l\u2019importance de son rayonnement international et son attractivit\u00e9 acad\u00e9mique.\u00a0<\/p>\n<\/div>\n<\/div>\n<\/div>\n<p>[\/et_pb_text][et_pb_text _builder_version=\u00a0\u00bb3.22.1&Prime; module_id=\u00a0\u00bbcontenu\u00a0\u00bb text_text_shadow_horizontal_length=\u00a0\u00bbtext_text_shadow_style,%91object Object%93&Prime; text_text_shadow_vertical_length=\u00a0\u00bbtext_text_shadow_style,%91object Object%93&Prime; text_text_shadow_blur_strength=\u00a0\u00bbtext_text_shadow_style,%91object Object%93&Prime; link_text_shadow_horizontal_length=\u00a0\u00bblink_text_shadow_style,%91object Object%93&Prime; link_text_shadow_vertical_length=\u00a0\u00bblink_text_shadow_style,%91object Object%93&Prime; link_text_shadow_blur_strength=\u00a0\u00bblink_text_shadow_style,%91object Object%93&Prime; ul_text_shadow_horizontal_length=\u00a0\u00bbul_text_shadow_style,%91object Object%93&Prime; ul_text_shadow_vertical_length=\u00a0\u00bbul_text_shadow_style,%91object Object%93&Prime; ul_text_shadow_blur_strength=\u00a0\u00bbul_text_shadow_style,%91object Object%93&Prime; ol_text_shadow_horizontal_length=\u00a0\u00bbol_text_shadow_style,%91object Object%93&Prime; ol_text_shadow_vertical_length=\u00a0\u00bbol_text_shadow_style,%91object Object%93&Prime; ol_text_shadow_blur_strength=\u00a0\u00bbol_text_shadow_style,%91object Object%93&Prime; quote_text_shadow_horizontal_length=\u00a0\u00bbquote_text_shadow_style,%91object Object%93&Prime; quote_text_shadow_vertical_length=\u00a0\u00bbquote_text_shadow_style,%91object Object%93&Prime; quote_text_shadow_blur_strength=\u00a0\u00bbquote_text_shadow_style,%91object Object%93&Prime; header_text_shadow_horizontal_length=\u00a0\u00bbheader_text_shadow_style,%91object Object%93&Prime; header_text_shadow_vertical_length=\u00a0\u00bbheader_text_shadow_style,%91object Object%93&Prime; header_text_shadow_blur_strength=\u00a0\u00bbheader_text_shadow_style,%91object Object%93&Prime; header_2_text_shadow_horizontal_length=\u00a0\u00bbheader_2_text_shadow_style,%91object Object%93&Prime; header_2_text_shadow_vertical_length=\u00a0\u00bbheader_2_text_shadow_style,%91object Object%93&Prime; header_2_text_shadow_blur_strength=\u00a0\u00bbheader_2_text_shadow_style,%91object Object%93&Prime; header_3_text_shadow_horizontal_length=\u00a0\u00bbheader_3_text_shadow_style,%91object Object%93&Prime; header_3_text_shadow_vertical_length=\u00a0\u00bbheader_3_text_shadow_style,%91object Object%93&Prime; header_3_text_shadow_blur_strength=\u00a0\u00bbheader_3_text_shadow_style,%91object Object%93&Prime; header_4_text_shadow_horizontal_length=\u00a0\u00bbheader_4_text_shadow_style,%91object Object%93&Prime; header_4_text_shadow_vertical_length=\u00a0\u00bbheader_4_text_shadow_style,%91object Object%93&Prime; header_4_text_shadow_blur_strength=\u00a0\u00bbheader_4_text_shadow_style,%91object Object%93&Prime; header_5_text_shadow_horizontal_length=\u00a0\u00bbheader_5_text_shadow_style,%91object Object%93&Prime; header_5_text_shadow_vertical_length=\u00a0\u00bbheader_5_text_shadow_style,%91object Object%93&Prime; header_5_text_shadow_blur_strength=\u00a0\u00bbheader_5_text_shadow_style,%91object Object%93&Prime; header_6_text_shadow_horizontal_length=\u00a0\u00bbheader_6_text_shadow_style,%91object Object%93&Prime; header_6_text_shadow_vertical_length=\u00a0\u00bbheader_6_text_shadow_style,%91object Object%93&Prime; header_6_text_shadow_blur_strength=\u00a0\u00bbheader_6_text_shadow_style,%91object Object%93&Prime; z_index_tablet=\u00a0\u00bb500&Prime;]<\/p>\n<blockquote>\n<p><strong>L\u2019interdisciplinarit\u00e9 et la pluridisciplinarit\u00e9 occupe une place centrale dans l&rsquo;organisation et la production scientifique du CRPMS.<\/strong><\/p>\n<\/blockquote>\n<p>Il s\u2019agit \u00e9galement de permettre une critique \u00e9pist\u00e9mologique des concepts utilis\u00e9s en psychanalyse, afin que th\u00e9orie et pratique analytiques demeurent \u00ab <em>open to revision \u00bb <\/em>(Freud,1926, \u00ab\u00a0L\u2019analyse profane\u00a0\u00bb).<\/p>\n<p>Les effets de la science sur le sujet, les exigences d\u2019efficacit\u00e9 et d\u2019\u00e9valuation confrontent l\u2019analyste \u00e0 ce qui appara\u00eet comme un d\u00e9placement des limites, touchant au corps ou \u00e0 l\u2019exercice des pouvoirs. Historiciser la clinique est une op\u00e9ration qui consiste \u00e0 souder la pratique analytique \u00e0 son \u00e9poque historique. Il s\u2019agit donc d\u2019actualiser sans cesse l\u2019analyse du malaise dans la culture ou de ses formes variant historiquement et g\u00e9ographiquement.<\/p>\n<p>Dans son texte \u00ab Qu\u2019est-\u00ad\u2010ce que la psychologie ? \u00bb, Georges Canguilhem d\u00e9finit le concept d\u2019une science en insistant sur le fait qu\u2019\u00e0 partir du moment o\u00f9 elle s\u2019approprie son domaine, elle rend compte bien plus <em>d\u2019une science de la m\u00e9thode <\/em>que de <em>la science de son objet<\/em>. Demander aux cliniciens sur quoi ils travaillent, quel est leur objet, comment ils le construisent, quels sont leurs buts et comment ils s\u2019y prennent revient \u00e0 leur demander de <em>travailler sur leur m\u00e9thode <\/em>et non pas seulement sur leur objet.<\/p>\n<p>Le corps, la question de la sexualit\u00e9, le rapport \u00e0 la mort, l\u2019articulation entre l\u2019individuel et le collectif, la question du soin et des formes de souffrances psychiques, celle de l\u2019insertion sociale, selon que l\u2019on est m\u00e9decin, psychanalyste, anthropologue, juriste, n\u2019est pas le m\u00eame objet. Il s\u2019agit donc d\u2019explorer des objets communs \u00e0 partir d\u2019une pluralit\u00e9 d\u2019approches m\u00e9thodologiques et disciplinaires. Ce rapprochement vise \u00e0 mettre \u00e0 l\u2019\u00e9preuve des m\u00e9thodes d\u2019investigation et de recherche pour formuler une analyse \u00e9pist\u00e9mologique des questions en jeu.<\/p>\n<p>Le CRPMS s\u2019organise autour de trois axes\u00a0:<\/p>\n<ul>\n<li>M\u00e9dicalisation dans la civilisation<\/li>\n<li>Sujet et transformations sociales<\/li>\n<li>Psychopathologie et psychanalyse des \u00e2ges de la vie<\/li>\n<\/ul>\n<p>&nbsp;<\/p>\n<p>[\/et_pb_text][\/et_pb_column][\/et_pb_row][\/et_pb_section][et_pb_section bb_built=\u00a0\u00bb1&Prime; specialty=\u00a0\u00bboff\u00a0\u00bb _builder_version=\u00a0\u00bb3.21&Prime; custom_padding=\u00a0\u00bb0px||0px|\u00a0\u00bb prev_background_color=\u00a0\u00bb#000000&Prime; inner_width=\u00a0\u00bbauto\u00a0\u00bb inner_max_width=\u00a0\u00bbnone\u00a0\u00bb][et_pb_row _builder_version=\u00a0\u00bb3.19.11&Prime; width=\u00a0\u00bb80%\u00a0\u00bb max_width=\u00a0\u00bb1080px\u00a0\u00bb][et_pb_column type=\u00a0\u00bb4_4&Prime;][et_pb_text admin_label=\u00a0\u00bb\u00c0 lire aussi\u00a0\u00bb _builder_version=\u00a0\u00bb3.22.1&Prime;]<\/p>\n<h2><span class=\"st\">\u00c0<\/span> lire aussi<\/h2>\n<p>[\/et_pb_text][et_pb_blog _builder_version=\u00a0\u00bb3.22.1&Prime; posts_number=\u00a0\u00bb4&Prime; include_categories=\u00a0\u00bb25&Prime; show_author=\u00a0\u00bboff\u00a0\u00bb show_date=\u00a0\u00bboff\u00a0\u00bb show_pagination=\u00a0\u00bboff\u00a0\u00bb border_width_bottom_fullwidth=\u00a0\u00bb1px\u00a0\u00bb border_color_bottom_fullwidth=\u00a0\u00bbrgba(51,51,51,0.18)\u00a0\u00bb custom_padding=\u00a0\u00bb||50px|\u00a0\u00bb module_id=\u00a0\u00bbpage_type_blog\u00a0\u00bb header_level=\u00a0\u00bbh4&Prime; text_shadow_horizontal_length=\u00a0\u00bbtext_shadow_style,%91object Object%93&Prime; text_shadow_vertical_length=\u00a0\u00bbtext_shadow_style,%91object Object%93&Prime; text_shadow_blur_strength=\u00a0\u00bbtext_shadow_style,%91object Object%93&Prime; header_text_shadow_horizontal_length=\u00a0\u00bbheader_text_shadow_style,%91object Object%93&Prime; header_text_shadow_vertical_length=\u00a0\u00bbheader_text_shadow_style,%91object Object%93&Prime; header_text_shadow_blur_strength=\u00a0\u00bbheader_text_shadow_style,%91object Object%93&Prime; body_text_shadow_horizontal_length=\u00a0\u00bbbody_text_shadow_style,%91object Object%93&Prime; body_text_shadow_vertical_length=\u00a0\u00bbbody_text_shadow_style,%91object Object%93&Prime; body_text_shadow_blur_strength=\u00a0\u00bbbody_text_shadow_style,%91object Object%93&Prime; meta_text_shadow_horizontal_length=\u00a0\u00bbmeta_text_shadow_style,%91object Object%93&Prime; meta_text_shadow_vertical_length=\u00a0\u00bbmeta_text_shadow_style,%91object Object%93&Prime; meta_text_shadow_blur_strength=\u00a0\u00bbmeta_text_shadow_style,%91object Object%93&Prime; pagination_text_shadow_horizontal_length=\u00a0\u00bbpagination_text_shadow_style,%91object Object%93&Prime; pagination_text_shadow_vertical_length=\u00a0\u00bbpagination_text_shadow_style,%91object Object%93&Prime; pagination_text_shadow_blur_strength=\u00a0\u00bbpagination_text_shadow_style,%91object Object%93&Prime; z_index_tablet=\u00a0\u00bb500&Prime; \/][\/et_pb_column][\/et_pb_row][\/et_pb_section]<\/p>\n","protected":false},"excerpt":{"rendered":"<div class=\"et_pb_row et_pb_row_0 et_pb_row_empty\"><\/div>\n<p> Partant des fondements th\u00e9oriques de l\u2019invention freudienne, le CRPMS s\u2019attache \u00e0 penser les effets des transformations m\u00e9dicales, sociales et politiques sur la pratique analytique. D\u00e8s la fondation du CRPMS, la pluridisciplinarit\u00e9 a \u00e9t\u00e9 l\u2019\u00e9l\u00e9ment central de ses travaux et une source de questionnements et d\u2019enrichissements pour la recherche en psychopathologie et en psychanalyse proprement&hellip; <a class=\"continue\" href=\"https:\/\/wordpress-test.app.u-pariscite.fr\/ihss\/accueil\/laboratoires\/crpms\/presentation\/\">Lire la suite<span> Pr\u00e9sentation du CRPMS<\/span><\/a><\/p>\n","protected":false},"author":35,"featured_media":0,"parent":31110,"menu_order":0,"comment_status":"closed","ping_status":"closed","template":"","meta":{"_et_pb_use_builder":"on","_et_pb_old_content":"","_et_gb_content_width":"","footnotes":""},"class_list":["post-109","page","type-page","status-publish","hentry"],"_links":{"self":[{"href":"https:\/\/wordpress-test.app.u-pariscite.fr\/ihss\/wp-json\/wp\/v2\/pages\/109","targetHints":{"allow":["GET"]}}],"collection":[{"href":"https:\/\/wordpress-test.app.u-pariscite.fr\/ihss\/wp-json\/wp\/v2\/pages"}],"about":[{"href":"https:\/\/wordpress-test.app.u-pariscite.fr\/ihss\/wp-json\/wp\/v2\/types\/page"}],"author":[{"embeddable":true,"href":"https:\/\/wordpress-test.app.u-pariscite.fr\/ihss\/wp-json\/wp\/v2\/users\/35"}],"replies":[{"embeddable":true,"href":"https:\/\/wordpress-test.app.u-pariscite.fr\/ihss\/wp-json\/wp\/v2\/comments?post=109"}],"version-history":[{"count":16,"href":"https:\/\/wordpress-test.app.u-pariscite.fr\/ihss\/wp-json\/wp\/v2\/pages\/109\/revisions"}],"predecessor-version":[{"id":32826,"href":"https:\/\/wordpress-test.app.u-pariscite.fr\/ihss\/wp-json\/wp\/v2\/pages\/109\/revisions\/32826"}],"up":[{"embeddable":true,"href":"https:\/\/wordpress-test.app.u-pariscite.fr\/ihss\/wp-json\/wp\/v2\/pages\/31110"}],"wp:attachment":[{"href":"https:\/\/wordpress-test.app.u-pariscite.fr\/ihss\/wp-json\/wp\/v2\/media?parent=109"}],"curies":[{"name":"wp","href":"https:\/\/api.w.org\/{rel}","templated":true}]}}