{"id":14263,"date":"2020-11-27T17:07:19","date_gmt":"2020-11-27T16:07:19","guid":{"rendered":"https:\/\/wordpress-test.app.u-pariscite.fr\/hospicovid\/?page_id=14263"},"modified":"2022-10-20T15:35:15","modified_gmt":"2022-10-20T13:35:15","slug":"actualites","status":"publish","type":"page","link":"https:\/\/wordpress-test.app.u-pariscite.fr\/hospicovid\/actualites\/","title":{"rendered":"Actualit\u00e9s"},"content":{"rendered":"<p>[et_pb_section bb_built=\u00a0\u00bb1&Prime; next_background_color=\u00a0\u00bb#000000&Prime; inner_width=\u00a0\u00bbauto\u00a0\u00bb inner_max_width=\u00a0\u00bbnone\u00a0\u00bb][et_pb_row][et_pb_column type=\u00a0\u00bb4_4&Prime;][et_pb_post_title _builder_version=\u00a0\u00bb3.22.1&Prime; meta=\u00a0\u00bboff\u00a0\u00bb featured_image=\u00a0\u00bboff\u00a0\u00bb text_shadow_horizontal_length=\u00a0\u00bbtext_shadow_style,%91object Object%93&Prime; text_shadow_vertical_length=\u00a0\u00bbtext_shadow_style,%91object Object%93&Prime; text_shadow_blur_strength=\u00a0\u00bbtext_shadow_style,%91object Object%93&Prime; title_text_shadow_horizontal_length=\u00a0\u00bbtitle_text_shadow_style,%91object Object%93&Prime; title_text_shadow_vertical_length=\u00a0\u00bbtitle_text_shadow_style,%91object Object%93&Prime; title_text_shadow_blur_strength=\u00a0\u00bbtitle_text_shadow_style,%91object Object%93&Prime; meta_text_shadow_horizontal_length=\u00a0\u00bbmeta_text_shadow_style,%91object Object%93&Prime; meta_text_shadow_vertical_length=\u00a0\u00bbmeta_text_shadow_style,%91object Object%93&Prime; meta_text_shadow_blur_strength=\u00a0\u00bbmeta_text_shadow_style,%91object Object%93&Prime; z_index_tablet=\u00a0\u00bb500&Prime; \/][\/et_pb_column][\/et_pb_row][\/et_pb_section][et_pb_section bb_built=\u00a0\u00bb1&Prime; specialty=\u00a0\u00bboff\u00a0\u00bb _builder_version=\u00a0\u00bb3.21&Prime; custom_padding=\u00a0\u00bb0px||0px|\u00a0\u00bb prev_background_color=\u00a0\u00bb#000000&Prime; inner_width=\u00a0\u00bbauto\u00a0\u00bb inner_max_width=\u00a0\u00bbnone\u00a0\u00bb next_background_color=\u00a0\u00bb#000000&Prime;][et_pb_row _builder_version=\u00a0\u00bb3.19.11&Prime; width=\u00a0\u00bb80%\u00a0\u00bb max_width=\u00a0\u00bb1080px\u00a0\u00bb][et_pb_column type=\u00a0\u00bb4_4&Prime;][et_pb_blog _builder_version=\u00a0\u00bb3.22.1&Prime; posts_number=\u00a0\u00bb4&Prime; include_categories=\u00a0\u00bb13&Prime; show_author=\u00a0\u00bboff\u00a0\u00bb show_date=\u00a0\u00bboff\u00a0\u00bb show_pagination=\u00a0\u00bboff\u00a0\u00bb border_width_bottom_fullwidth=\u00a0\u00bb1px\u00a0\u00bb border_color_bottom_fullwidth=\u00a0\u00bbrgba(51,51,51,0.18)\u00a0\u00bb custom_padding=\u00a0\u00bb||50px|\u00a0\u00bb module_id=\u00a0\u00bbpage_type_blog\u00a0\u00bb header_level=\u00a0\u00bbh4&Prime; \/][\/et_pb_column][\/et_pb_row][\/et_pb_section][et_pb_section bb_built=\u00a0\u00bb1&Prime; fullwidth=\u00a0\u00bboff\u00a0\u00bb specialty=\u00a0\u00bboff\u00a0\u00bb prev_background_color=\u00a0\u00bb#000000&Prime; inner_width=\u00a0\u00bbauto\u00a0\u00bb inner_max_width=\u00a0\u00bbnone\u00a0\u00bb][et_pb_row][et_pb_column type=\u00a0\u00bb4_4&Prime;][et_pb_text _builder_version=\u00a0\u00bb3.22.1&Prime; text_text_shadow_horizontal_length=\u00a0\u00bbtext_text_shadow_style,%91object Object%93&Prime; text_text_shadow_vertical_length=\u00a0\u00bbtext_text_shadow_style,%91object Object%93&Prime; text_text_shadow_blur_strength=\u00a0\u00bbtext_text_shadow_style,%91object Object%93&Prime; link_text_shadow_horizontal_length=\u00a0\u00bblink_text_shadow_style,%91object Object%93&Prime; link_text_shadow_vertical_length=\u00a0\u00bblink_text_shadow_style,%91object Object%93&Prime; link_text_shadow_blur_strength=\u00a0\u00bblink_text_shadow_style,%91object Object%93&Prime; ul_text_shadow_horizontal_length=\u00a0\u00bbul_text_shadow_style,%91object Object%93&Prime; ul_text_shadow_vertical_length=\u00a0\u00bbul_text_shadow_style,%91object Object%93&Prime; ul_text_shadow_blur_strength=\u00a0\u00bbul_text_shadow_style,%91object Object%93&Prime; ol_text_shadow_horizontal_length=\u00a0\u00bbol_text_shadow_style,%91object Object%93&Prime; ol_text_shadow_vertical_length=\u00a0\u00bbol_text_shadow_style,%91object Object%93&Prime; ol_text_shadow_blur_strength=\u00a0\u00bbol_text_shadow_style,%91object Object%93&Prime; quote_text_shadow_horizontal_length=\u00a0\u00bbquote_text_shadow_style,%91object Object%93&Prime; quote_text_shadow_vertical_length=\u00a0\u00bbquote_text_shadow_style,%91object Object%93&Prime; quote_text_shadow_blur_strength=\u00a0\u00bbquote_text_shadow_style,%91object Object%93&Prime; header_text_shadow_horizontal_length=\u00a0\u00bbheader_text_shadow_style,%91object Object%93&Prime; header_text_shadow_vertical_length=\u00a0\u00bbheader_text_shadow_style,%91object Object%93&Prime; header_text_shadow_blur_strength=\u00a0\u00bbheader_text_shadow_style,%91object Object%93&Prime; header_2_text_shadow_horizontal_length=\u00a0\u00bbheader_2_text_shadow_style,%91object Object%93&Prime; header_2_text_shadow_vertical_length=\u00a0\u00bbheader_2_text_shadow_style,%91object Object%93&Prime; header_2_text_shadow_blur_strength=\u00a0\u00bbheader_2_text_shadow_style,%91object Object%93&Prime; header_3_text_shadow_horizontal_length=\u00a0\u00bbheader_3_text_shadow_style,%91object Object%93&Prime; header_3_text_shadow_vertical_length=\u00a0\u00bbheader_3_text_shadow_style,%91object Object%93&Prime; header_3_text_shadow_blur_strength=\u00a0\u00bbheader_3_text_shadow_style,%91object Object%93&Prime; header_4_text_shadow_horizontal_length=\u00a0\u00bbheader_4_text_shadow_style,%91object Object%93&Prime; header_4_text_shadow_vertical_length=\u00a0\u00bbheader_4_text_shadow_style,%91object Object%93&Prime; header_4_text_shadow_blur_strength=\u00a0\u00bbheader_4_text_shadow_style,%91object Object%93&Prime; header_5_text_shadow_horizontal_length=\u00a0\u00bbheader_5_text_shadow_style,%91object Object%93&Prime; header_5_text_shadow_vertical_length=\u00a0\u00bbheader_5_text_shadow_style,%91object Object%93&Prime; header_5_text_shadow_blur_strength=\u00a0\u00bbheader_5_text_shadow_style,%91object Object%93&Prime; header_6_text_shadow_horizontal_length=\u00a0\u00bbheader_6_text_shadow_style,%91object Object%93&Prime; header_6_text_shadow_vertical_length=\u00a0\u00bbheader_6_text_shadow_style,%91object Object%93&Prime; header_6_text_shadow_blur_strength=\u00a0\u00bbheader_6_text_shadow_style,%91object Object%93&Prime; z_index_tablet=\u00a0\u00bb500&Prime;]<\/p>\n<p>&nbsp;<\/p>\n<p>&nbsp;<\/p>\n<p>[\/et_pb_text][et_pb_toggle admin_label=\u00a0\u00bbParticipation de l\u2019\u00e9quipe HoSPiCOVID \u00e0 des conf\u00e9rences\/colloques\/webinaires \u00a0\u00bb _builder_version=\u00a0\u00bb3.22.1&Prime; title=\u00a0\u00bbParticipation de l\u2019\u00e9quipe HoSPiCOVID \u00e0 des conf\u00e9rences\/colloques\/webinaires \u00a0\u00bb text_shadow_horizontal_length=\u00a0\u00bbtext_shadow_style,%91object Object%93&Prime; text_shadow_vertical_length=\u00a0\u00bbtext_shadow_style,%91object Object%93&Prime; text_shadow_blur_strength=\u00a0\u00bbtext_shadow_style,%91object Object%93&Prime; title_text_shadow_horizontal_length=\u00a0\u00bbtitle_text_shadow_style,%91object Object%93&Prime; title_text_shadow_vertical_length=\u00a0\u00bbtitle_text_shadow_style,%91object Object%93&Prime; title_text_shadow_blur_strength=\u00a0\u00bbtitle_text_shadow_style,%91object Object%93&Prime; body_text_shadow_horizontal_length=\u00a0\u00bbbody_text_shadow_style,%91object Object%93&Prime; body_text_shadow_vertical_length=\u00a0\u00bbbody_text_shadow_style,%91object Object%93&Prime; body_text_shadow_blur_strength=\u00a0\u00bbbody_text_shadow_style,%91object Object%93&Prime; z_index_tablet=\u00a0\u00bb500&Prime;]<\/p>\n<p>Derni\u00e8re actualisation : le 20\/10\/2022.<\/p>\n<p>\u00a0<\/p>\n<ul>\n<li><span style=\"font-weight: 400\">Fanny Chabrol, Renyou Hou. Exp\u00e9riences des soignant.e.s face \u00e0 la COVID-19 \u00e0 l\u2019H\u00f4pital Bichat Claude-Bernard. Colloque \u00ab Anthropocov \u00bb (RAEE). 29 octobre 2020<\/span><\/li>\n<li><span style=\"font-weight: 400\">Abdourahmane Coulibaly, Val\u00e9ry Ridde, Laurence Tour\u00e9. La gestion de la COVID-19 dans un contexte de p\u00e9nurie : les strat\u00e9gies d\u2019adaptation des acteurs dans un CHU du Mali \/ G\u00e9rer les difficult\u00e9s psychologiques des patients infect\u00e9s par la COVID-19 sans psychologue : l\u2019exp\u00e9rience de l\u2019H\u00f4pital du Mali (posters). Conf\u00e9rence AFRAVIH. 8 au 11 novembre 2020\u00a0<\/span><\/li>\n<li><span style=\"font-weight: 400\">Renyou Hou, Gilles Guiheux. Travailler en Chine au temps de la COVID-19. S\u00e9minaire EHESS. 12 janvier 2021<\/span><\/li>\n<li><span style=\"font-weight: 400\">Val\u00e9ry Ridde, Fanny Chabrol, Lola Traverson, Ayako Honda , Lucy Gilson, Katherine Ann Reyes. HPSR and its application in the covid-19 pandemic : Exploration of health systems resilience. Research seminar (Sophia University). 8 March 2021<\/span><\/li>\n<li><span style=\"font-weight: 400\">Sydia Oliveira. Mise en \u0153uvre de la r\u00e9ponse de la covid-19 dans un h\u00f4pital de r\u00e9f\u00e9rence au br\u00e9sil \/ R\u00e9silience du syst\u00e8me de sant\u00e9\u00a0: mise en \u0153uvre de la r\u00e9ponse \u00e0 la pand\u00e9mie de covid-19 \u00e0 pernambuco. 4e Congr\u00e8s br\u00e9silien sur la politique, la planification et la gestion de la sant\u00e9. 25 mars 2021<\/span><\/li>\n<li><span style=\"font-weight: 400\">Fanny Chabrol, Pierre-Marie David, Lola Traverson. HoSPiCOVID, un projet interdisciplinaire et multi-pays. 6e Colloque international francophone de recherche qualitative. 10 juin 2021<\/span><\/li>\n<li><span style=\"font-weight: 400\">Val\u00e9ry Ridde. Introduction au transfert des connaissances et ses outils. Webinaire AUF-IRD : Transfert de connaissances &amp; Policy brief. 17 juin 2021<\/span><\/li>\n<li>Marie-Catherine Gagnon-Dufresne. Consid\u00e9ration des in\u00e9galit\u00e9s sociales de sant\u00e9 dans la planification du d\u00e9pistage pour la COVID-19 \u00e0 Montr\u00e9al. Congr\u00e8s scientifique annuel 2021 CReSP (Montr\u00e9al). 13 octobre 2021<\/li>\n<li>Zo\u00e9 Richard. Sant\u00e9 publique en contexte pand\u00e9mique : les in\u00e9galit\u00e9s sociales de sant\u00e9 dans la lutte contre le coronavirus. Congr\u00e8s SFSP 2021 (Poitiers). 14 octobre 2021<\/li>\n<li>Lola Traverson. La r\u00e9silience des h\u00f4pitaux face \u00e0 la pand\u00e9mie de COVID-19 : une revue de la litt\u00e9rature internationale. Congr\u00e8s SFSP 2021 (Poitiers). 14 octobre 2021<\/li>\n<li>Camille Beaujoin, Zo\u00e9 Richard, Pauline Boivin, Val\u00e9ry Ridde. La prise en compte des in\u00e9galit\u00e9s sociales de sant\u00e9 dans la formulation des interventions de lutte contre la pand\u00e9mie de COVID-19 : analyses crois\u00e9es au Canada, en France et au Mali (HoSPiCOVID). S\u00e9minaire CERPOP (Toulouse). 18 novembre 2021<\/li>\n<li>Fanny Chabrol, Renyou Hou, Lisa Chotard. L&rsquo;H\u00f4pital face \u00e0 la Covid-19 : espaces, objets et relations en contexte de crise sanitaire. S\u00e9minaire Fronti\u00e8res, temporalit\u00e9, mat\u00e9rialit\u00e9s au prisme de la sant\u00e9 (Marseille). 18 novembre 2021<\/li>\n<li>Zo\u00e9 Richard, Lola Traverson. Les syst\u00e8mes de sant\u00e9 publique face \u00e0 la pand\u00e9mie de COVID-19. Conf\u00e9rences \u00e0 Bondy (en ligne). 17 f\u00e9vrier 2022<\/li>\n<li>Raylson\u00a0N\u00f3brega, St\u00e9phanie Medeiros, Sydia Oliveira. O planejamento da pol\u00edtica da testagem de COVID -19 no estado do Amazonas\/Brasil (Traduction : La planification de la politique de test COVID-19 dans l\u2019\u00e9tat Amazonas\/Br\u00e9sil). Pr\u00e9-conf\u00e9rence r\u00e9gionale des syst\u00e8mes de sant\u00e9 mondiaux HSG (visioconf\u00e9rence). 22 mars 2022\u00a0<\/li>\n<li class=\"m_-6474019984895708848MsoListParagraph\">Camille Beaujoin, Abdourahmane Coulibaly, St\u00e9phanie Medeiros, Zo\u00e9 Richard, Lara Gautier, Lola Traverson. Prendre en compte les in\u00e9galit\u00e9s sociales de sant\u00e9 dans les interventions de\u00a0d\u00e9tection et de pr\u00e9vention des cas de COVID-19\u00a0: une recherche multipays (Br\u00e9sil, Canada, France, Mali). Symposium. 24e conf\u00e9rence de l\u2019UIPES en promotion de la sant\u00e9, Montr\u00e9al. 16 mai 2022<\/li>\n<li>Zo\u00e9 Richard, Fanny Chabrol. Mise en flexibilit\u00e9 de l\u2019h\u00f4pital public en contexte pand\u00e9mique (Perspectives crois\u00e9es sur deux exp\u00e9riences d\u2019enqu\u00eates socio-anthropologiques). Colloque international francophone multisite de l\u2019AMADES \u00ab\u00a0Anthropologie et COVID-19 : Etats, exp\u00e9riences et incertitudes en temps de pand\u00e9mie\u00a0\u00bb. 16 juin 2022<\/li>\n<li>Fanny Chabrol, Marie-Catherine Gagnon-Dufresne, Muriel Kielende, Lola Traverson. Pr\u00e9sentation g\u00e9n\u00e9rale du projet HoSPiCOVID. S\u00e9minaire Axe 1 Ceped. 20 octobre 2022<\/li>\n<\/ul>\n<p>\u00a0<\/p>\n<p>[\/et_pb_toggle][\/et_pb_column][\/et_pb_row][\/et_pb_section]<\/p>\n","protected":false},"excerpt":{"rendered":"<div class=\"et_pb_row et_pb_row_0 et_pb_row_empty\"><\/div>\n<div class=\"et_pb_row et_pb_row_1 et_pb_row_empty\"><\/div>\n<p> &nbsp; &nbsp; Derni\u00e8re actualisation : le 20\/10\/2022.\u00a0Fanny Chabrol, Renyou Hou. Exp\u00e9riences des soignant.e.s face \u00e0 la COVID-19 \u00e0 l\u2019H\u00f4pital Bichat Claude-Bernard. Colloque \u00ab Anthropocov \u00bb (RAEE). 29 octobre 2020Abdourahmane Coulibaly, Val\u00e9ry Ridde, Laurence Tour\u00e9. La gestion de la COVID-19 dans un contexte de p\u00e9nurie : les strat\u00e9gies d\u2019adaptation des acteurs dans un CHU du&hellip; <a class=\"continue\" href=\"https:\/\/wordpress-test.app.u-pariscite.fr\/hospicovid\/actualites\/\">Lire la suite<span> Actualit\u00e9s<\/span><\/a><\/p>\n","protected":false},"author":35,"featured_media":0,"parent":0,"menu_order":0,"comment_status":"closed","ping_status":"closed","template":"","meta":{"_et_pb_use_builder":"on","_et_pb_old_content":"","_et_gb_content_width":"","footnotes":""},"class_list":["post-14263","page","type-page","status-publish","hentry"],"_links":{"self":[{"href":"https:\/\/wordpress-test.app.u-pariscite.fr\/hospicovid\/wp-json\/wp\/v2\/pages\/14263","targetHints":{"allow":["GET"]}}],"collection":[{"href":"https:\/\/wordpress-test.app.u-pariscite.fr\/hospicovid\/wp-json\/wp\/v2\/pages"}],"about":[{"href":"https:\/\/wordpress-test.app.u-pariscite.fr\/hospicovid\/wp-json\/wp\/v2\/types\/page"}],"author":[{"embeddable":true,"href":"https:\/\/wordpress-test.app.u-pariscite.fr\/hospicovid\/wp-json\/wp\/v2\/users\/35"}],"replies":[{"embeddable":true,"href":"https:\/\/wordpress-test.app.u-pariscite.fr\/hospicovid\/wp-json\/wp\/v2\/comments?post=14263"}],"version-history":[{"count":17,"href":"https:\/\/wordpress-test.app.u-pariscite.fr\/hospicovid\/wp-json\/wp\/v2\/pages\/14263\/revisions"}],"predecessor-version":[{"id":14677,"href":"https:\/\/wordpress-test.app.u-pariscite.fr\/hospicovid\/wp-json\/wp\/v2\/pages\/14263\/revisions\/14677"}],"wp:attachment":[{"href":"https:\/\/wordpress-test.app.u-pariscite.fr\/hospicovid\/wp-json\/wp\/v2\/media?parent=14263"}],"curies":[{"name":"wp","href":"https:\/\/api.w.org\/{rel}","templated":true}]}}