{"id":14208,"date":"2020-11-23T11:17:27","date_gmt":"2020-11-23T10:17:27","guid":{"rendered":"https:\/\/wordpress-test.app.u-pariscite.fr\/hospicovid\/?page_id=14208"},"modified":"2022-02-11T15:14:52","modified_gmt":"2022-02-11T14:14:52","slug":"scientific-publications","status":"publish","type":"page","link":"https:\/\/wordpress-test.app.u-pariscite.fr\/hospicovid\/scientific-publications\/","title":{"rendered":"Scientific publications"},"content":{"rendered":"<p>[et_pb_section bb_built=\u00a0\u00bb1&Prime; specialty=\u00a0\u00bboff\u00a0\u00bb _builder_version=\u00a0\u00bb3.22.1&Prime; z_index_tablet=\u00a0\u00bb500&Prime; next_background_color=\u00a0\u00bb#000000&Prime;][et_pb_row][et_pb_column type=\u00a0\u00bb4_4&Prime;][et_pb_post_title admin_label=\u00a0\u00bbTitre de la page\u00a0\u00bb _builder_version=\u00a0\u00bb3.22.1&Prime; meta=\u00a0\u00bboff\u00a0\u00bb featured_image=\u00a0\u00bboff\u00a0\u00bb \/][\/et_pb_column][\/et_pb_row][\/et_pb_section][et_pb_section bb_built=\u00a0\u00bb1&Prime; fullwidth=\u00a0\u00bboff\u00a0\u00bb specialty=\u00a0\u00bboff\u00a0\u00bb prev_background_color=\u00a0\u00bb#000000&Prime; inner_width=\u00a0\u00bbauto\u00a0\u00bb inner_max_width=\u00a0\u00bbnone\u00a0\u00bb][et_pb_row][et_pb_column type=\u00a0\u00bb4_4&Prime;][et_pb_toggle admin_label=\u00a0\u00bbProject protocol\u00a0\u00bb _builder_version=\u00a0\u00bb3.22.1&Prime; title=\u00a0\u00bbProject protocol\u00a0\u00bb text_shadow_horizontal_length=\u00a0\u00bbtext_shadow_style,%91object Object%93&Prime; text_shadow_vertical_length=\u00a0\u00bbtext_shadow_style,%91object Object%93&Prime; text_shadow_blur_strength=\u00a0\u00bbtext_shadow_style,%91object Object%93&Prime; title_text_shadow_horizontal_length=\u00a0\u00bbtitle_text_shadow_style,%91object Object%93&Prime; title_text_shadow_vertical_length=\u00a0\u00bbtitle_text_shadow_style,%91object Object%93&Prime; title_text_shadow_blur_strength=\u00a0\u00bbtitle_text_shadow_style,%91object Object%93&Prime; body_text_shadow_horizontal_length=\u00a0\u00bbbody_text_shadow_style,%91object Object%93&Prime; body_text_shadow_vertical_length=\u00a0\u00bbbody_text_shadow_style,%91object Object%93&Prime; body_text_shadow_blur_strength=\u00a0\u00bbbody_text_shadow_style,%91object Object%93&Prime; z_index_tablet=\u00a0\u00bb500&Prime;]<\/p>\n<p>&nbsp;<\/p>\n<p><a href=\"https:\/\/doi.org\/10.1186\/s12961-021-00707-z\" target=\"_blank\" rel=\"noopener noreferrer\">Learning from public health and hospital resilience to the SARS\u2011CoV\u20112 pandemic: protocol for a multiple case study (Brazil, Canada, China, France, Japan, and Mali)<\/a><\/p>\n<p>&nbsp;<\/p>\n<p>[\/et_pb_toggle][et_pb_toggle admin_label=\u00a0\u00bbHoSPiCOVID publications &amp; preprints\u00a0\u00bb _builder_version=\u00a0\u00bb3.22.1&Prime; title=\u00a0\u00bbHoSPiCOVID publications &amp; preprints\u00a0\u00bb text_shadow_horizontal_length=\u00a0\u00bbtext_shadow_style,%91object Object%93&Prime; text_shadow_vertical_length=\u00a0\u00bbtext_shadow_style,%91object Object%93&Prime; text_shadow_blur_strength=\u00a0\u00bbtext_shadow_style,%91object Object%93&Prime; title_text_shadow_horizontal_length=\u00a0\u00bbtitle_text_shadow_style,%91object Object%93&Prime; title_text_shadow_vertical_length=\u00a0\u00bbtitle_text_shadow_style,%91object Object%93&Prime; title_text_shadow_blur_strength=\u00a0\u00bbtitle_text_shadow_style,%91object Object%93&Prime; body_text_shadow_horizontal_length=\u00a0\u00bbbody_text_shadow_style,%91object Object%93&Prime; body_text_shadow_vertical_length=\u00a0\u00bbbody_text_shadow_style,%91object Object%93&Prime; body_text_shadow_blur_strength=\u00a0\u00bbbody_text_shadow_style,%91object Object%93&Prime; z_index_tablet=\u00a0\u00bb500&Prime;]<\/p>\n<p>Last update: 02\/08\/2022.<\/p>\n<p>\u00a0<\/p>\n<p><strong>Publications :<\/strong><\/p>\n<p>\u00a0<\/p>\n<ul>\n<li><span class=\"UpperCase\">De Araujo Oliveira<\/span>, Sydia Rosana, <span class=\"auteur\">Aletheia Soares Sampaio<\/span>, <span class=\"auteur\">Ana Lucia Vasconcelos<\/span>, <span class=\"auteur\">Gisele Cazarin<\/span>, <span class=\"auteur\">Amanda Zacarias<\/span>, <span class=\"auteur\">Betise Furtado<\/span>, <span class=\"auteur\">Andr\u00e9a Carla Andrade<\/span>, <span class=\"auteur\">Karla Myrelle Paz de Sousa<\/span>, <span class=\"auteur\">Val\u00e9ry Ridde<\/span>\u00a0(2022). Mise en \u0153uvre de la capacit\u00e9 de r\u00e9ponse \u00e0 la Covid-19 dans un h\u00f4pital au Br\u00e9sil. <i>Sant\u00e9 Publique<\/i>, <a href=\"https:\/\/doi.org\/10.3917\/spub.pr1.0008\" target=\"_blank\" rel=\"noopener noreferrer\">https:\/\/doi.org\/10.3917\/spub.pr1.0008<\/a><\/li>\n<li>Mathevet, Isadora, Katarina Ost, Lola Traverson, Kate Zinszer, et Val\u00e9ry Ridde. 2021. \u00ab\u00a0Accounting for Health Inequities in the Design of Contact Tracing Interventions: A Rapid Review\u00a0\u00bb. <i>International Journal of Infectious Diseases<\/i>. <a href=\"https:\/\/doi.org\/10.1016\/j.ijid.2021.03.010\" target=\"_blank\" rel=\"noopener noreferrer\">https:\/\/doi.org\/10.1016\/j.ijid.2021.03.010<\/a>. (<a href=\"https:\/\/www.protocols.io\/view\/contact-tracing-and-health-inequalities-during-dis-bn9rmh56\" target=\"_blank\" rel=\"noopener noreferrer\">protocole<\/a>)<\/li>\n<li>Ost, Katarina, Louise Duquesne, Claudia Duguay, Lola Traverson, Isadora Mathevet, Val\u00e9ry Ridde, et Kate Zinszer. 2021. \u00ab\u00a0A Rapid Review of Equity Considerations in Large-Scale Testing Campaigns during Infectious Disease Epidemics\u00a0\u00bb. <em>Journal of Clinical Epidemiology<\/em>. <a href=\"https:\/\/doi.org\/10.1016\/j.jclinepi.2021.11.030\" target=\"_blank\" rel=\"noopener noreferrer\">https:\/\/doi.org\/10.1016\/j.jclinepi.2021.11.030<\/a>. (<a href=\"https:\/\/www.protocols.io\/view\/mass-testing-equity-during-infectious-disease-outb-bivske6e\" target=\"_blank\" rel=\"noopener noreferrer\">protocole<\/a>)<\/li>\n<li>Ridde, Val\u00e9ry, Lara Gautier, Christian Dagenais, Fanny Chabrol, Renyou Hou, Emmanuel Bonnet, Pierre-Marie David, et al. 2021. \u00ab\u00a0Learning from Public Health and Hospital Resilience to the SARS-CoV-2 Pandemic: Protocol for a Multiple Case Study (Brazil, Canada, China, France, Japan, and Mali).\u00a0\u00bb. <a href=\"https:\/\/doi.org\/10.1186\/s12961-021-00707-z\" target=\"_blank\" rel=\"noopener noreferrer\">https:\/\/doi.org\/10.1186\/s12961-021-00707-z<\/a><\/li>\n<\/ul>\n<p>\u00a0<\/p>\n<p><strong>Preprints:<\/strong><\/p>\n<p>\u00a0<\/p>\n<ul>\n<li>Gagnon-Dufresne, Marie-Catherine, Lara Gautier, Camille Beaujoin, Ashley Savard, Rachel Mikanagu, Patrick Cloos, Val\u00e9ry Ridde, et Kate Zinszer. 2021. Considering Social Inequalities in Health in Large-Scale Testing for Covid-19 in Montreal: A Qualitative Case Study. <em>SSRN<\/em>.\u00a0<a href=\"http:\/\/dx.doi.org\/10.2139\/ssrn.3919128\">http:\/\/dx.doi.org\/10.2139\/ssrn.3919128<\/a>.<\/li>\n<li><span style=\"font-weight: 400\">Ost, Katarina, Louise Duquesne, Claudia Duguay, Lola Traverson, Isadora Mathevet, Val\u00e9ry Ridde, et Kate Zinszer. 2021. \u00ab\u00a0A Rapid Review of Equity Considerations in Large-Scale Testing Campaigns during Infectious Disease Epidemics\u00a0\u00bb. <\/span><i><span style=\"font-weight: 400\">MedRxiv<\/span><\/i><span style=\"font-weight: 400\">. <\/span><a href=\"https:\/\/doi.org\/10.1101\/2021.02.22.21252205\" target=\"_blank\" rel=\"noopener noreferrer\"><span style=\"font-weight: 400\">https:\/\/doi.org\/10.1101\/2021.02.22.21252205<\/span><\/a><span style=\"font-weight: 400\">. (<a href=\"https:\/\/www.protocols.io\/view\/mass-testing-equity-during-infectious-disease-outb-bivske6e\" target=\"_blank\" rel=\"noopener noreferrer\">protocole<\/a>)<\/span><\/li>\n<li><span style=\"font-weight: 400\">Stennett, Jack, Renyou Hou, Lola Traverson, Val\u00e9ry Ridde, Kate Zinszer, et Fanny Chabrol. 2021. \u00ab\u00a0Lessons Learned from the Resilience of Chinese Hospitals to the COVID-19 Pandemic: A Scoping Review\u00a0\u00bb. <\/span><i><span style=\"font-weight: 400\">MedRxiv<\/span><\/i><span style=\"font-weight: 400\">. <\/span><a href=\"https:\/\/doi.org\/10.1101\/2021.03.15.21253509\" target=\"_blank\" rel=\"noopener noreferrer\"><span style=\"font-weight: 400\">https:\/\/doi.org\/10.1101\/2021.03.15.21253509<\/span><\/a><span style=\"font-weight: 400\">.<\/span><\/li>\n<li><span style=\"font-weight: 400\">Traverson, Lola, Jack Stennett, Isadora Mathevet, Amanda Correia Paes Zacarias, Karla Paz de\u00a0Sousa, Andrea Andrade, Kate Zinszer, et Val\u00e9ry Ridde. 2021. \u00ab\u00a0Learning from the Resilience of Hospitals and Their Staff to the COVID-19 Pandemic: A Scoping Review\u00a0\u00bb. <\/span><i><span style=\"font-weight: 400\">MedRxiv<\/span><\/i><span style=\"font-weight: 400\">. <\/span><a href=\"https:\/\/doi.org\/10.1101\/2021.04.22.21255908\" target=\"_blank\" rel=\"noopener noreferrer\"><span style=\"font-weight: 400\">https:\/\/doi.org\/10.1101\/2021.04.22.21255908<\/span><\/a><span style=\"font-weight: 400\">. (<a href=\"https:\/\/www.protocols.io\/view\/lessons-learned-from-the-resilience-of-public-heal-birtkd6n\" target=\"_blank\" rel=\"noopener noreferrer\">protocole<\/a>)<\/span><\/li>\n<\/ul>\n<p>[\/et_pb_toggle][et_pb_toggle admin_label=\u00a0\u00bbMaster&rsquo;s degree dissertations\u00a0\u00bb _builder_version=\u00a0\u00bb3.22.1&Prime; title=\u00a0\u00bbMaster&rsquo;s degree dissertations\u00a0\u00bb text_shadow_horizontal_length=\u00a0\u00bbtext_shadow_style,%91object Object%93&Prime; text_shadow_vertical_length=\u00a0\u00bbtext_shadow_style,%91object Object%93&Prime; text_shadow_blur_strength=\u00a0\u00bbtext_shadow_style,%91object Object%93&Prime; title_text_shadow_horizontal_length=\u00a0\u00bbtitle_text_shadow_style,%91object Object%93&Prime; title_text_shadow_vertical_length=\u00a0\u00bbtitle_text_shadow_style,%91object Object%93&Prime; title_text_shadow_blur_strength=\u00a0\u00bbtitle_text_shadow_style,%91object Object%93&Prime; body_text_shadow_horizontal_length=\u00a0\u00bbbody_text_shadow_style,%91object Object%93&Prime; body_text_shadow_vertical_length=\u00a0\u00bbbody_text_shadow_style,%91object Object%93&Prime; body_text_shadow_blur_strength=\u00a0\u00bbbody_text_shadow_style,%91object Object%93&Prime; z_index_tablet=\u00a0\u00bb500&Prime;]<\/p>\n<p>&nbsp;<\/p>\n<ul>\n<li>Lisa Chotard&rsquo;s dissertation (Master 1 Populations et D\u00e9veloppement &#8211; Universit\u00e9 Paris Cit\u00e9) on:\u00a0<a href=\"https:\/\/www.dropbox.com\/s\/vv6mesfvbok1nfg\/M%C3%A9moire%20Lisa%20Chotard%20%22La%20prise%20en%20charge%20des%20d%C3%A9funts%20en%20milieu%20hospitalier%20parisien%20en%20p%C3%A9riode%20de%20pand%C3%A9mie%20de%20Covid-19%22.pdf?dl=0\" target=\"_blank\" rel=\"noopener noreferrer\">\u00ab\u00a0La prise en charge des d\u00e9funts en milieu hospitalier parisien en p\u00e9riode de pand\u00e9mie de Covid-19 : Analyse socio-anthropologique des enjeux de la mort, des morts et du travail mortuaire sur la sc\u00e8ne hospitali\u00e8re\u00a0\u00bb<\/a>\u00a0(defended on 18\/06\/2021).\u00a0<\/li>\n<\/ul>\n<p>&nbsp;<\/p>\n<ul>\n<li>Cl\u00e9mence Basse&rsquo;s dissertation (Master 1 Populations et D\u00e9veloppement &#8211; Universit\u00e9 Paris Cit\u00e9) on:\u00a0<a href=\"https:\/\/www.dropbox.com\/s\/wq8fiu39rg5rwei\/M%C3%A9moire%20Cl%C3%A9mence%20Basse%20%22L%E2%80%99impact%20de%20la%20pand%C3%A9mie%20de%20Covid-19%20sur%20les%20soins%20de%20suite%20et%20de%20r%C3%A9adaptation%22.pdf?dl=0\" target=\"_blank\" rel=\"noopener noreferrer\">\u00ab\u00a0L\u2019impact de la pand\u00e9mie de Covid-19 sur les soins de suite et de r\u00e9adaptation : Enqu\u00eate sur la r\u00e9silience d\u2019un service de soins de suite et de r\u00e9adaptation pneumologique de l\u2019h\u00f4pital Bich\u00e2t\u00a0\u00bb<\/a>\u00a0(defended\u00a0on 17\/06\/2021).\u00a0<\/li>\n<\/ul>\n<p>&nbsp;<\/p>\n<p>&nbsp;<\/p>\n<p>[\/et_pb_toggle][\/et_pb_column][\/et_pb_row][\/et_pb_section]<\/p>\n","protected":false},"excerpt":{"rendered":"<div class=\"et_pb_row et_pb_row_0 et_pb_row_empty\"><\/div>\n<div class=\"et_pb_row et_pb_row_1 et_pb_row_empty\"><\/div>\n<p> &nbsp; Learning from public health and hospital resilience to the SARS\u2011CoV\u20112 pandemic: protocol for a multiple case study (Brazil, Canada, China, France, Japan, and Mali) &nbsp; Last update: 02\/08\/2022.\u00a0Publications :\u00a0De Araujo Oliveira, Sydia Rosana, Aletheia Soares Sampaio, Ana Lucia Vasconcelos, Gisele Cazarin, Amanda Zacarias, Betise Furtado, Andr\u00e9a Carla Andrade, Karla Myrelle Paz de Sousa,&hellip; <a class=\"continue\" href=\"https:\/\/wordpress-test.app.u-pariscite.fr\/hospicovid\/scientific-publications\/\">Lire la suite<span> Scientific publications<\/span><\/a><\/p>\n","protected":false},"author":228,"featured_media":0,"parent":0,"menu_order":0,"comment_status":"closed","ping_status":"closed","template":"","meta":{"_et_pb_use_builder":"on","_et_pb_old_content":"","_et_gb_content_width":"","footnotes":""},"class_list":["post-14208","page","type-page","status-publish","hentry"],"_links":{"self":[{"href":"https:\/\/wordpress-test.app.u-pariscite.fr\/hospicovid\/wp-json\/wp\/v2\/pages\/14208","targetHints":{"allow":["GET"]}}],"collection":[{"href":"https:\/\/wordpress-test.app.u-pariscite.fr\/hospicovid\/wp-json\/wp\/v2\/pages"}],"about":[{"href":"https:\/\/wordpress-test.app.u-pariscite.fr\/hospicovid\/wp-json\/wp\/v2\/types\/page"}],"author":[{"embeddable":true,"href":"https:\/\/wordpress-test.app.u-pariscite.fr\/hospicovid\/wp-json\/wp\/v2\/users\/228"}],"replies":[{"embeddable":true,"href":"https:\/\/wordpress-test.app.u-pariscite.fr\/hospicovid\/wp-json\/wp\/v2\/comments?post=14208"}],"version-history":[{"count":11,"href":"https:\/\/wordpress-test.app.u-pariscite.fr\/hospicovid\/wp-json\/wp\/v2\/pages\/14208\/revisions"}],"predecessor-version":[{"id":14609,"href":"https:\/\/wordpress-test.app.u-pariscite.fr\/hospicovid\/wp-json\/wp\/v2\/pages\/14208\/revisions\/14609"}],"wp:attachment":[{"href":"https:\/\/wordpress-test.app.u-pariscite.fr\/hospicovid\/wp-json\/wp\/v2\/media?parent=14208"}],"curies":[{"name":"wp","href":"https:\/\/api.w.org\/{rel}","templated":true}]}}