{"id":13419,"date":"2020-04-24T12:45:04","date_gmt":"2020-04-24T10:45:04","guid":{"rendered":"https:\/\/wordpress-test.app.u-pariscite.fr\/hospicovid\/?page_id=13419"},"modified":"2020-07-09T09:24:55","modified_gmt":"2020-07-09T07:24:55","slug":"equipe","status":"publish","type":"page","link":"https:\/\/wordpress-test.app.u-pariscite.fr\/hospicovid\/equipe\/","title":{"rendered":"Equipe"},"content":{"rendered":"<p>[et_pb_section bb_built=\u00a0\u00bb1&Prime; inner_width=\u00a0\u00bbauto\u00a0\u00bb inner_max_width=\u00a0\u00bbnone\u00a0\u00bb][et_pb_row _builder_version=\u00a0\u00bb3.21&Prime; width=\u00a0\u00bb80%\u00a0\u00bb max_width=\u00a0\u00bb1080px\u00a0\u00bb][et_pb_column type=\u00a0\u00bb4_4&Prime;][et_pb_post_title admin_label=\u00a0\u00bbTitre de la page\u00a0\u00bb _builder_version=\u00a0\u00bb3.19.11&Prime; meta=\u00a0\u00bboff\u00a0\u00bb featured_image=\u00a0\u00bboff\u00a0\u00bb \/][\/et_pb_column][\/et_pb_row][et_pb_row][et_pb_column type=\u00a0\u00bb4_4&Prime;][et_pb_text _builder_version=\u00a0\u00bb3.22.1&Prime; text_text_shadow_horizontal_length=\u00a0\u00bbtext_text_shadow_style,%91object Object%93&Prime; text_text_shadow_vertical_length=\u00a0\u00bbtext_text_shadow_style,%91object Object%93&Prime; text_text_shadow_blur_strength=\u00a0\u00bbtext_text_shadow_style,%91object Object%93&Prime; link_text_shadow_horizontal_length=\u00a0\u00bblink_text_shadow_style,%91object Object%93&Prime; link_text_shadow_vertical_length=\u00a0\u00bblink_text_shadow_style,%91object Object%93&Prime; link_text_shadow_blur_strength=\u00a0\u00bblink_text_shadow_style,%91object Object%93&Prime; ul_text_shadow_horizontal_length=\u00a0\u00bbul_text_shadow_style,%91object Object%93&Prime; ul_text_shadow_vertical_length=\u00a0\u00bbul_text_shadow_style,%91object Object%93&Prime; ul_text_shadow_blur_strength=\u00a0\u00bbul_text_shadow_style,%91object Object%93&Prime; ol_text_shadow_horizontal_length=\u00a0\u00bbol_text_shadow_style,%91object Object%93&Prime; ol_text_shadow_vertical_length=\u00a0\u00bbol_text_shadow_style,%91object Object%93&Prime; ol_text_shadow_blur_strength=\u00a0\u00bbol_text_shadow_style,%91object Object%93&Prime; quote_text_shadow_horizontal_length=\u00a0\u00bbquote_text_shadow_style,%91object Object%93&Prime; quote_text_shadow_vertical_length=\u00a0\u00bbquote_text_shadow_style,%91object Object%93&Prime; quote_text_shadow_blur_strength=\u00a0\u00bbquote_text_shadow_style,%91object Object%93&Prime; header_text_shadow_horizontal_length=\u00a0\u00bbheader_text_shadow_style,%91object Object%93&Prime; header_text_shadow_vertical_length=\u00a0\u00bbheader_text_shadow_style,%91object Object%93&Prime; header_text_shadow_blur_strength=\u00a0\u00bbheader_text_shadow_style,%91object Object%93&Prime; header_2_text_shadow_horizontal_length=\u00a0\u00bbheader_2_text_shadow_style,%91object Object%93&Prime; header_2_text_shadow_vertical_length=\u00a0\u00bbheader_2_text_shadow_style,%91object Object%93&Prime; header_2_text_shadow_blur_strength=\u00a0\u00bbheader_2_text_shadow_style,%91object Object%93&Prime; header_3_text_shadow_horizontal_length=\u00a0\u00bbheader_3_text_shadow_style,%91object Object%93&Prime; header_3_text_shadow_vertical_length=\u00a0\u00bbheader_3_text_shadow_style,%91object Object%93&Prime; header_3_text_shadow_blur_strength=\u00a0\u00bbheader_3_text_shadow_style,%91object Object%93&Prime; header_4_text_shadow_horizontal_length=\u00a0\u00bbheader_4_text_shadow_style,%91object Object%93&Prime; header_4_text_shadow_vertical_length=\u00a0\u00bbheader_4_text_shadow_style,%91object Object%93&Prime; header_4_text_shadow_blur_strength=\u00a0\u00bbheader_4_text_shadow_style,%91object Object%93&Prime; header_5_text_shadow_horizontal_length=\u00a0\u00bbheader_5_text_shadow_style,%91object Object%93&Prime; header_5_text_shadow_vertical_length=\u00a0\u00bbheader_5_text_shadow_style,%91object Object%93&Prime; header_5_text_shadow_blur_strength=\u00a0\u00bbheader_5_text_shadow_style,%91object Object%93&Prime; header_6_text_shadow_horizontal_length=\u00a0\u00bbheader_6_text_shadow_style,%91object Object%93&Prime; header_6_text_shadow_vertical_length=\u00a0\u00bbheader_6_text_shadow_style,%91object Object%93&Prime; header_6_text_shadow_blur_strength=\u00a0\u00bbheader_6_text_shadow_style,%91object Object%93&Prime; z_index_tablet=\u00a0\u00bb500&Prime;]<\/p>\n<p>L&rsquo;\u00e9quipe de recherche du projet HoSPiCOVID est compos\u00e9e d&rsquo;experts internationaux et nationaux en mati\u00e8re de r\u00e9ponse aux \u00e9pid\u00e9mies, d&rsquo;analyse des syst\u00e8mes de soins et de sant\u00e9 publique et de transfert de connaissances. Il s&rsquo;agit d&rsquo;une \u00e9quipe multidisciplinaire compos\u00e9e de sp\u00e9cialistes en \u00e9pid\u00e9miologie, m\u00e9decine, sant\u00e9 publique, sciences sociales et g\u00e9ographie.<\/p>\n<p>\u00a0<\/p>\n<p>\u00a0<\/p>\n<p>[\/et_pb_text][\/et_pb_column][\/et_pb_row][et_pb_row][et_pb_column type=\u00a0\u00bb4_4&Prime;][et_pb_jv_team_list_members _builder_version=\u00a0\u00bb3.22.1&Prime; select_style=\u00a0\u00bbstyle6&Prime; filter_style=\u00a0\u00bbfstyle9&Prime; team_members_display_pagination=\u00a0\u00bbon\u00a0\u00bb text_shadow_horizontal_length=\u00a0\u00bbtext_shadow_style,%91object Object%93&Prime; text_shadow_vertical_length=\u00a0\u00bbtext_shadow_style,%91object Object%93&Prime; text_shadow_blur_strength=\u00a0\u00bbtext_shadow_style,%91object Object%93&Prime; team_name_line_height_tablet=\u00a0\u00bb2&Prime; team_name_text_shadow_horizontal_length=\u00a0\u00bbteam_name_text_shadow_style,%91object Object%93&Prime; team_name_text_shadow_vertical_length=\u00a0\u00bbteam_name_text_shadow_style,%91object Object%93&Prime; team_name_text_shadow_blur_strength=\u00a0\u00bbteam_name_text_shadow_style,%91object Object%93&Prime; designation_name_fonts_line_height_tablet=\u00a0\u00bb2&Prime; designation_name_fonts_text_shadow_horizontal_length=\u00a0\u00bbdesignation_name_fonts_text_shadow_style,%91object Object%93&Prime; designation_name_fonts_text_shadow_vertical_length=\u00a0\u00bbdesignation_name_fonts_text_shadow_style,%91object Object%93&Prime; designation_name_fonts_text_shadow_blur_strength=\u00a0\u00bbdesignation_name_fonts_text_shadow_style,%91object Object%93&Prime; descrption_name_fonts_line_height_tablet=\u00a0\u00bb2&Prime; descrption_name_fonts_text_shadow_horizontal_length=\u00a0\u00bbdescrption_name_fonts_text_shadow_style,%91object Object%93&Prime; descrption_name_fonts_text_shadow_vertical_length=\u00a0\u00bbdescrption_name_fonts_text_shadow_style,%91object Object%93&Prime; descrption_name_fonts_text_shadow_blur_strength=\u00a0\u00bbdescrption_name_fonts_text_shadow_style,%91object Object%93&Prime; button_text_shadow_horizontal_length=\u00a0\u00bbbutton_text_shadow_style,%91object Object%93&Prime; button_text_shadow_vertical_length=\u00a0\u00bbbutton_text_shadow_style,%91object Object%93&Prime; button_text_shadow_blur_strength=\u00a0\u00bbbutton_text_shadow_style,%91object Object%93&Prime; z_index_tablet=\u00a0\u00bb500&Prime; orderby=\u00a0\u00bbdate_asc\u00a0\u00bb read_more_text_btn=\u00a0\u00bbEn savoir plus\u00a0\u00bb filter_all_label=\u00a0\u00bbTous\u00a0\u00bb category_orderby=\u00a0\u00bbslug_asc\u00a0\u00bb display_category_filter=\u00a0\u00bboff\u00a0\u00bb \/][\/et_pb_column][\/et_pb_row][\/et_pb_section]<\/p>\n","protected":false},"excerpt":{"rendered":"<div class=\"et_pb_row et_pb_row_0 et_pb_row_empty\"><\/div>\n<p> L&rsquo;\u00e9quipe de recherche du projet HoSPiCOVID est compos\u00e9e d&rsquo;experts internationaux et nationaux en mati\u00e8re de r\u00e9ponse aux \u00e9pid\u00e9mies, d&rsquo;analyse des syst\u00e8mes de soins et de sant\u00e9 publique et de transfert de connaissances. Il s&rsquo;agit d&rsquo;une \u00e9quipe multidisciplinaire compos\u00e9e de sp\u00e9cialistes en \u00e9pid\u00e9miologie, m\u00e9decine, sant\u00e9 publique, sciences sociales et g\u00e9ographie.\u00a0\u00a0 <\/p>\n<div class=\"et_pb_row et_pb_row_1 et_pb_row_empty\"><\/div><\/p>\n","protected":false},"author":4,"featured_media":0,"parent":0,"menu_order":0,"comment_status":"closed","ping_status":"closed","template":"","meta":{"_et_pb_use_builder":"on","_et_pb_old_content":"<p>[et_pb_section bb_built=\"1\" inner_width=\"auto\" inner_max_width=\"none\"][et_pb_row _builder_version=\"3.21\" width=\"80%\" max_width=\"1080px\"][et_pb_column type=\"4_4\"][et_pb_post_title admin_label=\"Titre de la page\" _builder_version=\"3.19.11\" meta=\"off\" featured_image=\"off\" \/][\/et_pb_column][\/et_pb_row][et_pb_row _builder_version=\"3.19.11\" module_id=\"image-page-type\" width=\"80%\" max_width=\"1080px\"][et_pb_column type=\"3_4\"][et_pb_image admin_label=\"Image 1920 x 1080\" _builder_version=\"3.22.1\" src=\"https:\/\/wordpress-test.app.u-pariscite.fr\/hospicovid\/wp-content\/uploads\/sites\/12\/2020\/04\/formations-pop-1024x576.jpg\" module_id=\"image-page\" z_index_tablet=\"500\" \/][et_pb_text _builder_version=\"3.22.1\" \/][\/et_pb_column][et_pb_column type=\"1_4\"][\/et_pb_column][\/et_pb_row][et_pb_row _builder_version=\"3.19.11\" module_id=\"image-page-type\" width=\"80%\" max_width=\"1080px\"][et_pb_column type=\"3_4\"][et_pb_image admin_label=\"Image 1920 x 1080\" _builder_version=\"3.22.1\" src=\"https:\/\/wordpress-test.app.u-pariscite.fr\/hospicovid\/wp-content\/uploads\/sites\/12\/2020\/04\/formations-pop-1024x576.jpg\" module_id=\"image-page\" z_index_tablet=\"500\" \/][\/et_pb_column][et_pb_column type=\"1_4\"][et_pb_text admin_label=\"Texte image\" _builder_version=\"3.22.1\" module_id=\"texte-image\" background_color=\"rgba(242,242,242,0)\" custom_margin=\"|-15px||\" text_text_shadow_horizontal_length=\"text_text_shadow_style,%91object Object%93\" text_text_shadow_vertical_length=\"text_text_shadow_style,%91object Object%93\" text_text_shadow_blur_strength=\"text_text_shadow_style,%91object Object%93\" link_text_shadow_horizontal_length=\"link_text_shadow_style,%91object Object%93\" link_text_shadow_vertical_length=\"link_text_shadow_style,%91object Object%93\" link_text_shadow_blur_strength=\"link_text_shadow_style,%91object Object%93\" ul_text_shadow_horizontal_length=\"ul_text_shadow_style,%91object Object%93\" ul_text_shadow_vertical_length=\"ul_text_shadow_style,%91object Object%93\" ul_text_shadow_blur_strength=\"ul_text_shadow_style,%91object Object%93\" ol_text_shadow_horizontal_length=\"ol_text_shadow_style,%91object Object%93\" ol_text_shadow_vertical_length=\"ol_text_shadow_style,%91object Object%93\" ol_text_shadow_blur_strength=\"ol_text_shadow_style,%91object Object%93\" quote_text_shadow_horizontal_length=\"quote_text_shadow_style,%91object Object%93\" quote_text_shadow_vertical_length=\"quote_text_shadow_style,%91object Object%93\" quote_text_shadow_blur_strength=\"quote_text_shadow_style,%91object Object%93\" header_text_shadow_horizontal_length=\"header_text_shadow_style,%91object Object%93\" header_text_shadow_vertical_length=\"header_text_shadow_style,%91object Object%93\" header_text_shadow_blur_strength=\"header_text_shadow_style,%91object Object%93\" header_2_text_shadow_horizontal_length=\"header_2_text_shadow_style,%91object Object%93\" header_2_text_shadow_vertical_length=\"header_2_text_shadow_style,%91object Object%93\" header_2_text_shadow_blur_strength=\"header_2_text_shadow_style,%91object Object%93\" header_3_text_shadow_horizontal_length=\"header_3_text_shadow_style,%91object Object%93\" header_3_text_shadow_vertical_length=\"header_3_text_shadow_style,%91object Object%93\" header_3_text_shadow_blur_strength=\"header_3_text_shadow_style,%91object Object%93\" header_4_text_shadow_horizontal_length=\"header_4_text_shadow_style,%91object Object%93\" header_4_text_shadow_vertical_length=\"header_4_text_shadow_style,%91object Object%93\" header_4_text_shadow_blur_strength=\"header_4_text_shadow_style,%91object Object%93\" header_5_text_shadow_horizontal_length=\"header_5_text_shadow_style,%91object Object%93\" header_5_text_shadow_vertical_length=\"header_5_text_shadow_style,%91object Object%93\" header_5_text_shadow_blur_strength=\"header_5_text_shadow_style,%91object Object%93\" header_6_text_shadow_horizontal_length=\"header_6_text_shadow_style,%91object Object%93\" header_6_text_shadow_vertical_length=\"header_6_text_shadow_style,%91object Object%93\" header_6_text_shadow_blur_strength=\"header_6_text_shadow_style,%91object Object%93\" z_index_tablet=\"500\" \/][\/et_pb_column][\/et_pb_row][et_pb_row][et_pb_column type=\"4_4\"][et_pb_text admin_label=\"L\u00e9gende image\" _builder_version=\"3.22.1\" module_id=\"legende\" text_text_shadow_horizontal_length=\"text_text_shadow_style,%91object Object%93\" text_text_shadow_vertical_length=\"text_text_shadow_style,%91object Object%93\" text_text_shadow_blur_strength=\"text_text_shadow_style,%91object Object%93\" link_text_shadow_horizontal_length=\"link_text_shadow_style,%91object Object%93\" link_text_shadow_vertical_length=\"link_text_shadow_style,%91object Object%93\" link_text_shadow_blur_strength=\"link_text_shadow_style,%91object Object%93\" ul_text_shadow_horizontal_length=\"ul_text_shadow_style,%91object Object%93\" ul_text_shadow_vertical_length=\"ul_text_shadow_style,%91object Object%93\" ul_text_shadow_blur_strength=\"ul_text_shadow_style,%91object Object%93\" ol_text_shadow_horizontal_length=\"ol_text_shadow_style,%91object Object%93\" ol_text_shadow_vertical_length=\"ol_text_shadow_style,%91object Object%93\" ol_text_shadow_blur_strength=\"ol_text_shadow_style,%91object Object%93\" quote_text_shadow_horizontal_length=\"quote_text_shadow_style,%91object Object%93\" quote_text_shadow_vertical_length=\"quote_text_shadow_style,%91object Object%93\" quote_text_shadow_blur_strength=\"quote_text_shadow_style,%91object Object%93\" header_text_shadow_horizontal_length=\"header_text_shadow_style,%91object Object%93\" header_text_shadow_vertical_length=\"header_text_shadow_style,%91object Object%93\" header_text_shadow_blur_strength=\"header_text_shadow_style,%91object Object%93\" header_2_text_shadow_horizontal_length=\"header_2_text_shadow_style,%91object Object%93\" header_2_text_shadow_vertical_length=\"header_2_text_shadow_style,%91object Object%93\" header_2_text_shadow_blur_strength=\"header_2_text_shadow_style,%91object Object%93\" header_3_text_shadow_horizontal_length=\"header_3_text_shadow_style,%91object Object%93\" header_3_text_shadow_vertical_length=\"header_3_text_shadow_style,%91object Object%93\" header_3_text_shadow_blur_strength=\"header_3_text_shadow_style,%91object Object%93\" header_4_text_shadow_horizontal_length=\"header_4_text_shadow_style,%91object Object%93\" header_4_text_shadow_vertical_length=\"header_4_text_shadow_style,%91object Object%93\" header_4_text_shadow_blur_strength=\"header_4_text_shadow_style,%91object Object%93\" header_5_text_shadow_horizontal_length=\"header_5_text_shadow_style,%91object Object%93\" header_5_text_shadow_vertical_length=\"header_5_text_shadow_style,%91object Object%93\" header_5_text_shadow_blur_strength=\"header_5_text_shadow_style,%91object Object%93\" header_6_text_shadow_horizontal_length=\"header_6_text_shadow_style,%91object Object%93\" header_6_text_shadow_vertical_length=\"header_6_text_shadow_style,%91object Object%93\" header_6_text_shadow_blur_strength=\"header_6_text_shadow_style,%91object Object%93\" z_index_tablet=\"500\"]<\/p><div class=\"page\" title=\"Page 1\"><div class=\"layoutArea\"><div class=\"column\"><p>\u00a9 Tous droits r\u00e9serv\u00e9s<\/p><\/div><\/div><\/div><p>[\/et_pb_text][\/et_pb_column][\/et_pb_row][et_pb_row][et_pb_column type=\"3_4\"][et_pb_text _builder_version=\"3.22.1\" module_id=\"contenu\" text_text_shadow_horizontal_length=\"text_text_shadow_style,%91object Object%93\" text_text_shadow_vertical_length=\"text_text_shadow_style,%91object Object%93\" text_text_shadow_blur_strength=\"text_text_shadow_style,%91object Object%93\" link_text_shadow_horizontal_length=\"link_text_shadow_style,%91object Object%93\" link_text_shadow_vertical_length=\"link_text_shadow_style,%91object Object%93\" link_text_shadow_blur_strength=\"link_text_shadow_style,%91object Object%93\" ul_text_shadow_horizontal_length=\"ul_text_shadow_style,%91object Object%93\" ul_text_shadow_vertical_length=\"ul_text_shadow_style,%91object Object%93\" ul_text_shadow_blur_strength=\"ul_text_shadow_style,%91object Object%93\" ol_text_shadow_horizontal_length=\"ol_text_shadow_style,%91object Object%93\" ol_text_shadow_vertical_length=\"ol_text_shadow_style,%91object Object%93\" ol_text_shadow_blur_strength=\"ol_text_shadow_style,%91object Object%93\" quote_text_shadow_horizontal_length=\"quote_text_shadow_style,%91object Object%93\" quote_text_shadow_vertical_length=\"quote_text_shadow_style,%91object Object%93\" quote_text_shadow_blur_strength=\"quote_text_shadow_style,%91object Object%93\" header_text_shadow_horizontal_length=\"header_text_shadow_style,%91object Object%93\" header_text_shadow_vertical_length=\"header_text_shadow_style,%91object Object%93\" header_text_shadow_blur_strength=\"header_text_shadow_style,%91object Object%93\" header_2_text_shadow_horizontal_length=\"header_2_text_shadow_style,%91object Object%93\" header_2_text_shadow_vertical_length=\"header_2_text_shadow_style,%91object Object%93\" header_2_text_shadow_blur_strength=\"header_2_text_shadow_style,%91object Object%93\" header_3_text_shadow_horizontal_length=\"header_3_text_shadow_style,%91object Object%93\" header_3_text_shadow_vertical_length=\"header_3_text_shadow_style,%91object Object%93\" header_3_text_shadow_blur_strength=\"header_3_text_shadow_style,%91object Object%93\" header_4_text_shadow_horizontal_length=\"header_4_text_shadow_style,%91object Object%93\" header_4_text_shadow_vertical_length=\"header_4_text_shadow_style,%91object Object%93\" header_4_text_shadow_blur_strength=\"header_4_text_shadow_style,%91object Object%93\" header_5_text_shadow_horizontal_length=\"header_5_text_shadow_style,%91object Object%93\" header_5_text_shadow_vertical_length=\"header_5_text_shadow_style,%91object Object%93\" header_5_text_shadow_blur_strength=\"header_5_text_shadow_style,%91object Object%93\" header_6_text_shadow_horizontal_length=\"header_6_text_shadow_style,%91object Object%93\" header_6_text_shadow_vertical_length=\"header_6_text_shadow_style,%91object Object%93\" header_6_text_shadow_blur_strength=\"header_6_text_shadow_style,%91object Object%93\" z_index_tablet=\"500\"]<\/p><p>Contenu en cours de r\u00e9daction.<\/p><p>[\/et_pb_text][\/et_pb_column][et_pb_column type=\"1_4\"][\/et_pb_column][\/et_pb_row][\/et_pb_section]<\/p>","_et_gb_content_width":"","footnotes":""},"class_list":["post-13419","page","type-page","status-publish","hentry"],"_links":{"self":[{"href":"https:\/\/wordpress-test.app.u-pariscite.fr\/hospicovid\/wp-json\/wp\/v2\/pages\/13419","targetHints":{"allow":["GET"]}}],"collection":[{"href":"https:\/\/wordpress-test.app.u-pariscite.fr\/hospicovid\/wp-json\/wp\/v2\/pages"}],"about":[{"href":"https:\/\/wordpress-test.app.u-pariscite.fr\/hospicovid\/wp-json\/wp\/v2\/types\/page"}],"author":[{"embeddable":true,"href":"https:\/\/wordpress-test.app.u-pariscite.fr\/hospicovid\/wp-json\/wp\/v2\/users\/4"}],"replies":[{"embeddable":true,"href":"https:\/\/wordpress-test.app.u-pariscite.fr\/hospicovid\/wp-json\/wp\/v2\/comments?post=13419"}],"version-history":[{"count":24,"href":"https:\/\/wordpress-test.app.u-pariscite.fr\/hospicovid\/wp-json\/wp\/v2\/pages\/13419\/revisions"}],"predecessor-version":[{"id":13748,"href":"https:\/\/wordpress-test.app.u-pariscite.fr\/hospicovid\/wp-json\/wp\/v2\/pages\/13419\/revisions\/13748"}],"wp:attachment":[{"href":"https:\/\/wordpress-test.app.u-pariscite.fr\/hospicovid\/wp-json\/wp\/v2\/media?parent=13419"}],"curies":[{"name":"wp","href":"https:\/\/api.w.org\/{rel}","templated":true}]}}