{"id":13416,"date":"2020-04-24T11:30:55","date_gmt":"2020-04-24T09:30:55","guid":{"rendered":"https:\/\/wordpress-test.app.u-pariscite.fr\/hospicovid\/?page_id=13416"},"modified":"2020-09-09T13:41:16","modified_gmt":"2020-09-09T11:41:16","slug":"transfert-des-connaissances","status":"publish","type":"page","link":"https:\/\/wordpress-test.app.u-pariscite.fr\/hospicovid\/presentation-projet-hospicovid\/transfert-des-connaissances\/","title":{"rendered":"Transfert des connaissances"},"content":{"rendered":"<p>[et_pb_section bb_built=\u00a0\u00bb1&Prime; inner_width=\u00a0\u00bbauto\u00a0\u00bb inner_max_width=\u00a0\u00bbnone\u00a0\u00bb][et_pb_row _builder_version=\u00a0\u00bb3.21&Prime; width=\u00a0\u00bb80%\u00a0\u00bb max_width=\u00a0\u00bb1080px\u00a0\u00bb][et_pb_column type=\u00a0\u00bb4_4&Prime;][et_pb_post_title admin_label=\u00a0\u00bbTitre de la page\u00a0\u00bb _builder_version=\u00a0\u00bb3.22.1&Prime; meta=\u00a0\u00bboff\u00a0\u00bb featured_image=\u00a0\u00bboff\u00a0\u00bb \/][\/et_pb_column][\/et_pb_row][et_pb_row][et_pb_column type=\u00a0\u00bb4_4&Prime;][et_pb_text admin_label=\u00a0\u00bbIntro\u00a0\u00bb _builder_version=\u00a0\u00bb3.22.1&Prime; text_text_shadow_horizontal_length=\u00a0\u00bbtext_text_shadow_style,%91object Object%93&Prime; text_text_shadow_vertical_length=\u00a0\u00bbtext_text_shadow_style,%91object Object%93&Prime; text_text_shadow_blur_strength=\u00a0\u00bbtext_text_shadow_style,%91object Object%93&Prime; link_text_shadow_horizontal_length=\u00a0\u00bblink_text_shadow_style,%91object Object%93&Prime; link_text_shadow_vertical_length=\u00a0\u00bblink_text_shadow_style,%91object Object%93&Prime; link_text_shadow_blur_strength=\u00a0\u00bblink_text_shadow_style,%91object Object%93&Prime; ul_text_shadow_horizontal_length=\u00a0\u00bbul_text_shadow_style,%91object Object%93&Prime; ul_text_shadow_vertical_length=\u00a0\u00bbul_text_shadow_style,%91object Object%93&Prime; ul_text_shadow_blur_strength=\u00a0\u00bbul_text_shadow_style,%91object Object%93&Prime; ol_text_shadow_horizontal_length=\u00a0\u00bbol_text_shadow_style,%91object Object%93&Prime; ol_text_shadow_vertical_length=\u00a0\u00bbol_text_shadow_style,%91object Object%93&Prime; ol_text_shadow_blur_strength=\u00a0\u00bbol_text_shadow_style,%91object Object%93&Prime; quote_text_shadow_horizontal_length=\u00a0\u00bbquote_text_shadow_style,%91object Object%93&Prime; quote_text_shadow_vertical_length=\u00a0\u00bbquote_text_shadow_style,%91object Object%93&Prime; quote_text_shadow_blur_strength=\u00a0\u00bbquote_text_shadow_style,%91object Object%93&Prime; header_text_shadow_horizontal_length=\u00a0\u00bbheader_text_shadow_style,%91object Object%93&Prime; header_text_shadow_vertical_length=\u00a0\u00bbheader_text_shadow_style,%91object Object%93&Prime; header_text_shadow_blur_strength=\u00a0\u00bbheader_text_shadow_style,%91object Object%93&Prime; header_2_text_shadow_horizontal_length=\u00a0\u00bbheader_2_text_shadow_style,%91object Object%93&Prime; header_2_text_shadow_vertical_length=\u00a0\u00bbheader_2_text_shadow_style,%91object Object%93&Prime; header_2_text_shadow_blur_strength=\u00a0\u00bbheader_2_text_shadow_style,%91object Object%93&Prime; header_3_text_shadow_horizontal_length=\u00a0\u00bbheader_3_text_shadow_style,%91object Object%93&Prime; header_3_text_shadow_vertical_length=\u00a0\u00bbheader_3_text_shadow_style,%91object Object%93&Prime; header_3_text_shadow_blur_strength=\u00a0\u00bbheader_3_text_shadow_style,%91object Object%93&Prime; header_4_text_shadow_horizontal_length=\u00a0\u00bbheader_4_text_shadow_style,%91object Object%93&Prime; header_4_text_shadow_vertical_length=\u00a0\u00bbheader_4_text_shadow_style,%91object Object%93&Prime; header_4_text_shadow_blur_strength=\u00a0\u00bbheader_4_text_shadow_style,%91object Object%93&Prime; header_5_text_shadow_horizontal_length=\u00a0\u00bbheader_5_text_shadow_style,%91object Object%93&Prime; header_5_text_shadow_vertical_length=\u00a0\u00bbheader_5_text_shadow_style,%91object Object%93&Prime; header_5_text_shadow_blur_strength=\u00a0\u00bbheader_5_text_shadow_style,%91object Object%93&Prime; header_6_text_shadow_horizontal_length=\u00a0\u00bbheader_6_text_shadow_style,%91object Object%93&Prime; header_6_text_shadow_vertical_length=\u00a0\u00bbheader_6_text_shadow_style,%91object Object%93&Prime; header_6_text_shadow_blur_strength=\u00a0\u00bbheader_6_text_shadow_style,%91object Object%93&Prime; z_index_tablet=\u00a0\u00bb500&Prime;]<\/p>\n<p>La crise actuelle entourant la Covid-19 provoque une v\u00e9ritable course contre la montre pour sauver des vies. Actuellement, une multitude de projets sont en cours pour identifier les meilleures fa\u00e7ons de faire face \u00e0 ce nouvel \u00ab ennemi invisible \u00bb. \u00c0 cette profusion de projets essentiels, s\u2019ajoutent les opinions d\u2019experts auxquels se m\u00ealent fausses nouvelles et d\u00e9sinformation. On se retrouve ainsi avec une impressionnante quantit\u00e9 d\u2019information parfois contradictoires.<\/p>\n<p>&nbsp;<\/p>\n<p>[\/et_pb_text][\/et_pb_column][\/et_pb_row][et_pb_row][et_pb_column type=\u00a0\u00bb4_4&Prime;][et_pb_toggle admin_label=\u00a0\u00bbQuestions de recherche\u00a0\u00bb _builder_version=\u00a0\u00bb3.22.1&Prime; title=\u00a0\u00bbQuestions de recherche\u00a0\u00bb text_shadow_horizontal_length=\u00a0\u00bbtext_shadow_style,%91object Object%93&Prime; text_shadow_vertical_length=\u00a0\u00bbtext_shadow_style,%91object Object%93&Prime; text_shadow_blur_strength=\u00a0\u00bbtext_shadow_style,%91object Object%93&Prime; title_text_shadow_horizontal_length=\u00a0\u00bbtitle_text_shadow_style,%91object Object%93&Prime; title_text_shadow_vertical_length=\u00a0\u00bbtitle_text_shadow_style,%91object Object%93&Prime; title_text_shadow_blur_strength=\u00a0\u00bbtitle_text_shadow_style,%91object Object%93&Prime; body_text_shadow_horizontal_length=\u00a0\u00bbbody_text_shadow_style,%91object Object%93&Prime; body_text_shadow_vertical_length=\u00a0\u00bbbody_text_shadow_style,%91object Object%93&Prime; body_text_shadow_blur_strength=\u00a0\u00bbbody_text_shadow_style,%91object Object%93&Prime; z_index_tablet=\u00a0\u00bb500&Prime;]<\/p>\n<p>&nbsp;<\/p>\n<p>Comment tirer des \u00ab\u00a0le\u00e7ons apprises de qualit\u00e9\u00a0\u00bb pour les \u00e9quipes\/acteurs des h\u00f4pitaux et de la sant\u00e9 publique des cinq pays cibl\u00e9s ? Quelle est l\u2019efficacit\u00e9 des activit\u00e9s de transfert de connaissances mises en place pour mener \u00e0 l\u2019utilisation des le\u00e7ons apprises\u00a0? Quels sont les facteurs qui ont influenc\u00e9 l\u2019utilisation de ces le\u00e7ons\u00a0?<\/p>\n<p>&nbsp;<\/p>\n<p>[\/et_pb_toggle][et_pb_toggle admin_label=\u00a0\u00bbM\u00e9thode\u00a0\u00bb _builder_version=\u00a0\u00bb3.22.1&Prime; title=\u00a0\u00bbM\u00e9thode\u00a0\u00bb text_shadow_horizontal_length=\u00a0\u00bbtext_shadow_style,%91object Object%93&Prime; text_shadow_vertical_length=\u00a0\u00bbtext_shadow_style,%91object Object%93&Prime; text_shadow_blur_strength=\u00a0\u00bbtext_shadow_style,%91object Object%93&Prime; title_text_shadow_horizontal_length=\u00a0\u00bbtitle_text_shadow_style,%91object Object%93&Prime; title_text_shadow_vertical_length=\u00a0\u00bbtitle_text_shadow_style,%91object Object%93&Prime; title_text_shadow_blur_strength=\u00a0\u00bbtitle_text_shadow_style,%91object Object%93&Prime; body_text_shadow_horizontal_length=\u00a0\u00bbbody_text_shadow_style,%91object Object%93&Prime; body_text_shadow_vertical_length=\u00a0\u00bbbody_text_shadow_style,%91object Object%93&Prime; body_text_shadow_blur_strength=\u00a0\u00bbbody_text_shadow_style,%91object Object%93&Prime; z_index_tablet=\u00a0\u00bb500&Prime;]<\/p>\n<p>&nbsp;<\/p>\n<p>Une revue syst\u00e9matique de type \u00ab rapid review \u00bb (<a href=\"https:\/\/www.ceped.org\/fr\/publications-ressources\/working-papers-du-ceped\/article\/une-cartographie-de-quelques\" target=\"_blank\" rel=\"noopener noreferrer\">revue rapide<\/a>) sera r\u00e9alis\u00e9e afin de d\u00e9terminer la meilleure m\u00e9thode pour tirer des le\u00e7ons de qualit\u00e9. Une m\u00e9thodologie mixte alliant des questionnaires quantitatifs et des entretiens qualitatifs est pr\u00e9conis\u00e9e pour mesurer l\u2019atteinte de nos objectifs. Les outils et m\u00e9thodes anticip\u00e9es ont d\u00e9j\u00e0 \u00e9t\u00e9 exp\u00e9riment\u00e9s au sein de l\u2019<a href=\"https:\/\/www.equiperenard.org\/\" target=\"_blank\" rel=\"noopener noreferrer\">\u00c9quipe RENARD<\/a> et feront l\u2019objet d\u2019une adaptation.<\/p>\n<p>&nbsp;<\/p>\n<p>[\/et_pb_toggle][et_pb_toggle admin_label=\u00a0\u00bbR\u00e9sultats attendus\u00a0\u00bb _builder_version=\u00a0\u00bb3.22.1&Prime; title=\u00a0\u00bbR\u00e9sultats attendus\u00a0\u00bb text_shadow_horizontal_length=\u00a0\u00bbtext_shadow_style,%91object Object%93&Prime; text_shadow_vertical_length=\u00a0\u00bbtext_shadow_style,%91object Object%93&Prime; text_shadow_blur_strength=\u00a0\u00bbtext_shadow_style,%91object Object%93&Prime; title_text_shadow_horizontal_length=\u00a0\u00bbtitle_text_shadow_style,%91object Object%93&Prime; title_text_shadow_vertical_length=\u00a0\u00bbtitle_text_shadow_style,%91object Object%93&Prime; title_text_shadow_blur_strength=\u00a0\u00bbtitle_text_shadow_style,%91object Object%93&Prime; body_text_shadow_horizontal_length=\u00a0\u00bbbody_text_shadow_style,%91object Object%93&Prime; body_text_shadow_vertical_length=\u00a0\u00bbbody_text_shadow_style,%91object Object%93&Prime; body_text_shadow_blur_strength=\u00a0\u00bbbody_text_shadow_style,%91object Object%93&Prime; z_index_tablet=\u00a0\u00bb500&Prime;]<\/p>\n<p>\u00a0<\/p>\n<p>Nos r\u00e9sultats permettront de d\u00e9terminer une m\u00e9thode transparente et rigoureuse pour tirer des le\u00e7ons de qualit\u00e9 du projet dans les six pays concern\u00e9s par le projet HoSPiCOVID. Les activit\u00e9s de transfert permettront, quant \u00e0 elles, aux six pays de profiter des exp\u00e9riences v\u00e9cues par chacun et de se pr\u00e9parer \u00e0 affronter une \u00e9ventuelle prochaine pand\u00e9mie. \u00a0<\/p>\n<p>\u00a0<\/p>\n<p>[\/et_pb_toggle][\/et_pb_column][\/et_pb_row][\/et_pb_section]<\/p>\n","protected":false},"excerpt":{"rendered":"<div class=\"et_pb_row et_pb_row_0 et_pb_row_empty\"><\/div>\n<p> La crise actuelle entourant la Covid-19 provoque une v\u00e9ritable course contre la montre pour sauver des vies. Actuellement, une multitude de projets sont en cours pour identifier les meilleures fa\u00e7ons de faire face \u00e0 ce nouvel \u00ab ennemi invisible \u00bb. \u00c0 cette profusion de projets essentiels, s\u2019ajoutent les opinions d\u2019experts auxquels se m\u00ealent fausses&hellip; <a class=\"continue\" href=\"https:\/\/wordpress-test.app.u-pariscite.fr\/hospicovid\/presentation-projet-hospicovid\/transfert-des-connaissances\/\">Lire la suite<span> Transfert des connaissances<\/span><\/a><\/p>\n","protected":false},"author":4,"featured_media":0,"parent":13405,"menu_order":0,"comment_status":"closed","ping_status":"closed","template":"","meta":{"_et_pb_use_builder":"on","_et_pb_old_content":"","_et_gb_content_width":"","footnotes":""},"class_list":["post-13416","page","type-page","status-publish","hentry"],"_links":{"self":[{"href":"https:\/\/wordpress-test.app.u-pariscite.fr\/hospicovid\/wp-json\/wp\/v2\/pages\/13416","targetHints":{"allow":["GET"]}}],"collection":[{"href":"https:\/\/wordpress-test.app.u-pariscite.fr\/hospicovid\/wp-json\/wp\/v2\/pages"}],"about":[{"href":"https:\/\/wordpress-test.app.u-pariscite.fr\/hospicovid\/wp-json\/wp\/v2\/types\/page"}],"author":[{"embeddable":true,"href":"https:\/\/wordpress-test.app.u-pariscite.fr\/hospicovid\/wp-json\/wp\/v2\/users\/4"}],"replies":[{"embeddable":true,"href":"https:\/\/wordpress-test.app.u-pariscite.fr\/hospicovid\/wp-json\/wp\/v2\/comments?post=13416"}],"version-history":[{"count":13,"href":"https:\/\/wordpress-test.app.u-pariscite.fr\/hospicovid\/wp-json\/wp\/v2\/pages\/13416\/revisions"}],"predecessor-version":[{"id":13619,"href":"https:\/\/wordpress-test.app.u-pariscite.fr\/hospicovid\/wp-json\/wp\/v2\/pages\/13416\/revisions\/13619"}],"up":[{"embeddable":true,"href":"https:\/\/wordpress-test.app.u-pariscite.fr\/hospicovid\/wp-json\/wp\/v2\/pages\/13405"}],"wp:attachment":[{"href":"https:\/\/wordpress-test.app.u-pariscite.fr\/hospicovid\/wp-json\/wp\/v2\/media?parent=13416"}],"curies":[{"name":"wp","href":"https:\/\/api.w.org\/{rel}","templated":true}]}}