{"id":13414,"date":"2020-04-24T11:30:00","date_gmt":"2020-04-24T09:30:00","guid":{"rendered":"https:\/\/wordpress-test.app.u-pariscite.fr\/hospicovid\/?page_id=13414"},"modified":"2020-11-24T15:53:08","modified_gmt":"2020-11-24T14:53:08","slug":"litterature-scientifique","status":"publish","type":"page","link":"https:\/\/wordpress-test.app.u-pariscite.fr\/hospicovid\/presentation-projet-hospicovid\/litterature-scientifique\/","title":{"rendered":"Litt\u00e9rature scientifique"},"content":{"rendered":"<p>[et_pb_section bb_built=\u00a0\u00bb1&Prime; inner_width=\u00a0\u00bbauto\u00a0\u00bb inner_max_width=\u00a0\u00bbnone\u00a0\u00bb][et_pb_row _builder_version=\u00a0\u00bb3.21&Prime; width=\u00a0\u00bb80%\u00a0\u00bb max_width=\u00a0\u00bb1080px\u00a0\u00bb][et_pb_column type=\u00a0\u00bb4_4&Prime;][et_pb_post_title admin_label=\u00a0\u00bbTitre de la page\u00a0\u00bb _builder_version=\u00a0\u00bb3.19.11&Prime; meta=\u00a0\u00bboff\u00a0\u00bb featured_image=\u00a0\u00bboff\u00a0\u00bb \/][\/et_pb_column][\/et_pb_row][et_pb_row][et_pb_column type=\u00a0\u00bb4_4&Prime;][et_pb_text admin_label=\u00a0\u00bbIntro\u00a0\u00bb _builder_version=\u00a0\u00bb3.22.1&Prime; text_text_shadow_horizontal_length=\u00a0\u00bbtext_text_shadow_style,%91object Object%93&Prime; text_text_shadow_vertical_length=\u00a0\u00bbtext_text_shadow_style,%91object Object%93&Prime; text_text_shadow_blur_strength=\u00a0\u00bbtext_text_shadow_style,%91object Object%93&Prime; link_text_shadow_horizontal_length=\u00a0\u00bblink_text_shadow_style,%91object Object%93&Prime; link_text_shadow_vertical_length=\u00a0\u00bblink_text_shadow_style,%91object Object%93&Prime; link_text_shadow_blur_strength=\u00a0\u00bblink_text_shadow_style,%91object Object%93&Prime; ul_text_shadow_horizontal_length=\u00a0\u00bbul_text_shadow_style,%91object Object%93&Prime; ul_text_shadow_vertical_length=\u00a0\u00bbul_text_shadow_style,%91object Object%93&Prime; ul_text_shadow_blur_strength=\u00a0\u00bbul_text_shadow_style,%91object Object%93&Prime; ol_text_shadow_horizontal_length=\u00a0\u00bbol_text_shadow_style,%91object Object%93&Prime; ol_text_shadow_vertical_length=\u00a0\u00bbol_text_shadow_style,%91object Object%93&Prime; ol_text_shadow_blur_strength=\u00a0\u00bbol_text_shadow_style,%91object Object%93&Prime; quote_text_shadow_horizontal_length=\u00a0\u00bbquote_text_shadow_style,%91object Object%93&Prime; quote_text_shadow_vertical_length=\u00a0\u00bbquote_text_shadow_style,%91object Object%93&Prime; quote_text_shadow_blur_strength=\u00a0\u00bbquote_text_shadow_style,%91object Object%93&Prime; header_text_shadow_horizontal_length=\u00a0\u00bbheader_text_shadow_style,%91object Object%93&Prime; header_text_shadow_vertical_length=\u00a0\u00bbheader_text_shadow_style,%91object Object%93&Prime; header_text_shadow_blur_strength=\u00a0\u00bbheader_text_shadow_style,%91object Object%93&Prime; header_2_text_shadow_horizontal_length=\u00a0\u00bbheader_2_text_shadow_style,%91object Object%93&Prime; header_2_text_shadow_vertical_length=\u00a0\u00bbheader_2_text_shadow_style,%91object Object%93&Prime; header_2_text_shadow_blur_strength=\u00a0\u00bbheader_2_text_shadow_style,%91object Object%93&Prime; header_3_text_shadow_horizontal_length=\u00a0\u00bbheader_3_text_shadow_style,%91object Object%93&Prime; header_3_text_shadow_vertical_length=\u00a0\u00bbheader_3_text_shadow_style,%91object Object%93&Prime; header_3_text_shadow_blur_strength=\u00a0\u00bbheader_3_text_shadow_style,%91object Object%93&Prime; header_4_text_shadow_horizontal_length=\u00a0\u00bbheader_4_text_shadow_style,%91object Object%93&Prime; header_4_text_shadow_vertical_length=\u00a0\u00bbheader_4_text_shadow_style,%91object Object%93&Prime; header_4_text_shadow_blur_strength=\u00a0\u00bbheader_4_text_shadow_style,%91object Object%93&Prime; header_5_text_shadow_horizontal_length=\u00a0\u00bbheader_5_text_shadow_style,%91object Object%93&Prime; header_5_text_shadow_vertical_length=\u00a0\u00bbheader_5_text_shadow_style,%91object Object%93&Prime; header_5_text_shadow_blur_strength=\u00a0\u00bbheader_5_text_shadow_style,%91object Object%93&Prime; header_6_text_shadow_horizontal_length=\u00a0\u00bbheader_6_text_shadow_style,%91object Object%93&Prime; header_6_text_shadow_vertical_length=\u00a0\u00bbheader_6_text_shadow_style,%91object Object%93&Prime; header_6_text_shadow_blur_strength=\u00a0\u00bbheader_6_text_shadow_style,%91object Object%93&Prime; z_index_tablet=\u00a0\u00bb500&Prime;]<\/p>\n<p>Face \u00e0 cette crise sans pr\u00e9c\u00e9dent et \u00e0 la quantit\u00e9 d\u2019informations disponibles et publi\u00e9es chaque jour sur la COVID-19, il est absolument n\u00e9cessaire de se mobiliser pour rendre accessible, au plus grand nombre, les nouvelles connaissances scientifiques produites. Les\u00a0travaux men\u00e9s dans le cadre du projet HoSPiCOVID ont pour objectif de fournir des pistes de r\u00e9flexions, bas\u00e9es sur l\u2019\u00e9tat actuel des connaissances scientifiques, afin de permettre une meilleure compr\u00e9hension de certains enjeux li\u00e9s \u00e0 la pand\u00e9mie de COVID-19. Nos \u00e9tudes porteront sur la r\u00e9silience des institutions de sant\u00e9 publiques, des h\u00f4pitaux et des professionnels face \u00e0 la pand\u00e9mie de COVID-19 ainsi que sur la prise en compte des in\u00e9galit\u00e9s sociales de sant\u00e9 (ISS) dans le design des interventions de sant\u00e9 publique relatives \u00e0 la recherche des contacts (<em>contact tracing<\/em>) et au d\u00e9pistage.<\/p>\n<p>&nbsp;<\/p>\n<p>[\/et_pb_text][\/et_pb_column][\/et_pb_row][et_pb_row][et_pb_column type=\u00a0\u00bb4_4&Prime;][et_pb_toggle admin_label=\u00a0\u00bbQuestions de recherche\u00a0\u00bb _builder_version=\u00a0\u00bb3.22.1&Prime; title=\u00a0\u00bbQuestions de recherche\u00a0\u00bb text_shadow_horizontal_length=\u00a0\u00bbtext_shadow_style,%91object Object%93&Prime; text_shadow_vertical_length=\u00a0\u00bbtext_shadow_style,%91object Object%93&Prime; text_shadow_blur_strength=\u00a0\u00bbtext_shadow_style,%91object Object%93&Prime; title_text_shadow_horizontal_length=\u00a0\u00bbtitle_text_shadow_style,%91object Object%93&Prime; title_text_shadow_vertical_length=\u00a0\u00bbtitle_text_shadow_style,%91object Object%93&Prime; title_text_shadow_blur_strength=\u00a0\u00bbtitle_text_shadow_style,%91object Object%93&Prime; body_text_shadow_horizontal_length=\u00a0\u00bbbody_text_shadow_style,%91object Object%93&Prime; body_text_shadow_vertical_length=\u00a0\u00bbbody_text_shadow_style,%91object Object%93&Prime; body_text_shadow_blur_strength=\u00a0\u00bbbody_text_shadow_style,%91object Object%93&Prime; z_index_tablet=\u00a0\u00bb500&Prime;]<\/p>\n<p>&nbsp;<\/p>\n<p>Que dit la science sur la r\u00e9silience des syst\u00e8mes de sant\u00e9 publique, des h\u00f4pitaux et des professionnels face \u00e0 la pand\u00e9mie de COVID-19 ? Que dit-elle sur la prise en compte des ISS dans le design des interventions de sant\u00e9 publique relatives \u00e0 la recherche des contacts et au d\u00e9pistage ? Quelles le\u00e7ons pouvons-nous tirer de l&rsquo;analyse des nouvelles connaissances scientifiques produites ?<\/p>\n<p>&nbsp;<\/p>\n<p>[\/et_pb_toggle][et_pb_toggle admin_label=\u00a0\u00bbM\u00e9thode\u00a0\u00bb _builder_version=\u00a0\u00bb3.22.1&Prime; title=\u00a0\u00bbM\u00e9thode\u00a0\u00bb text_shadow_horizontal_length=\u00a0\u00bbtext_shadow_style,%91object Object%93&Prime; text_shadow_vertical_length=\u00a0\u00bbtext_shadow_style,%91object Object%93&Prime; text_shadow_blur_strength=\u00a0\u00bbtext_shadow_style,%91object Object%93&Prime; title_text_shadow_horizontal_length=\u00a0\u00bbtitle_text_shadow_style,%91object Object%93&Prime; title_text_shadow_vertical_length=\u00a0\u00bbtitle_text_shadow_style,%91object Object%93&Prime; title_text_shadow_blur_strength=\u00a0\u00bbtitle_text_shadow_style,%91object Object%93&Prime; body_text_shadow_horizontal_length=\u00a0\u00bbbody_text_shadow_style,%91object Object%93&Prime; body_text_shadow_vertical_length=\u00a0\u00bbbody_text_shadow_style,%91object Object%93&Prime; body_text_shadow_blur_strength=\u00a0\u00bbbody_text_shadow_style,%91object Object%93&Prime; z_index_tablet=\u00a0\u00bb500&Prime;]<\/p>\n<p>\u00a0<\/p>\n<p>L&rsquo;analyse des nouvelles connaissances scientifiques produites prendra la forme de revues de litt\u00e9rature syst\u00e9matiques, de type <a href=\"https:\/\/www.ceped.org\/fr\/publications-ressources\/working-papers-du-ceped\/article\/une-cartographie-de-quelques\" target=\"_blank\" rel=\"noopener noreferrer\">revue rapide ou exploratoire<\/a><a name=\"_ftnref1\"><\/a>.\u00a0Dans le cadre du projet HoSPiCOVID, trois revues seront r\u00e9dig\u00e9es :<\/p>\n<p>\u00a0<\/p>\n<ul>\n<li>Une revue exploratoire sur la r\u00e9silience des syst\u00e8mes de sant\u00e9 publique, des h\u00f4pitaux et des professionnels face \u00e0 la pand\u00e9mie de COVID-19.<\/li>\n<\/ul>\n<a href='https:\/\/www.protocols.io\/view\/lessons-learned-from-the-resilience-of-public-heal-birtkd6n' class='small-button smallsilver' target=\"_blank\">Acc\u00e9der au protocole de la revue sur la r\u00e9silience<\/a>\n<p>\u00a0<\/p>\n<p>Pour r\u00e9aliser cette revue, nous nous appuierons sur la strat\u00e9gie de recherche suivante :<\/p>\n<ol>\n<li>T\u00e9l\u00e9chargement du regroupement d&rsquo;articles accessible sur le site de la <a href=\"https:\/\/www.cdc.gov\/library\/researchguides\/2019novelcoronavirus\/researcharticles.html\" target=\"_blank\" rel=\"noopener noreferrer\">Stephen B. Thacker CDC Library<\/a> ;<\/li>\n<li>Importation des r\u00e9f\u00e9rences de la CDC Library sur Zotero (logiciel de gestion des donn\u00e9es bibliographiques) et premier tri des donn\u00e9es gr\u00e2ce \u00e0 une requ\u00eate en anglais ;<\/li>\n<li>Analyse des donn\u00e9es retenues par l&rsquo;<a href=\"https:\/\/atcer.iro.umontreal.ca\/\" target=\"_blank\" rel=\"noopener noreferrer\">outil CATES<\/a> (Classifieur Automatis\u00e9 de Textes sur les \u00c9tudes Scientifiques) pour ne retenir que les publications les plus empiriques ;<\/li>\n<li>Tri des donn\u00e9es retenues sur <a href=\"https:\/\/www.covidence.org\/home\" target=\"_blank\" rel=\"noopener noreferrer\">Covidence<\/a> (logiciel web simplifiant la production de revue syst\u00e9matique) pour l&rsquo;analyse des titres, des r\u00e9sum\u00e9s et des textes complets ;<\/li>\n<li>Extraction des donn\u00e9es et r\u00e9daction de la revue (ou de plusieurs revues selon les r\u00e9sultats obtenus).<\/li>\n<\/ol>\n<p><a href=\"https:\/\/www.dropbox.com\/s\/9ws2ilox9njmeye\/Strat%C3%A9gie%20de%20recherche%20-%20Revue%20r%C3%A9silience%20COVID-19.pdf?dl=0\" target=\"_blank\" rel=\"noopener noreferrer\">Acc\u00e9der \u00e0 la strat\u00e9gie de recherche de la revue sur la r\u00e9silience<\/a><\/p>\n<p>\u00a0<\/p>\n<p>\u00a0<\/p>\n<ul>\n<li>Une revue rapide sur la prise en compte des ISS dans le design des interventions de sant\u00e9 publique relatives \u00e0 la recherche des contacts.<\/li>\n<\/ul>\n<a href='https:\/\/www.protocols.io\/view\/contact-tracing-and-health-inequalities-during-dis-biijkccn' class='small-button smallsilver' target=\"_blank\">Acc\u00e9der au protocole de la revue sur la recherche des contacts<\/a>\n<p>\u00a0<\/p>\n<p>Pour r\u00e9aliser cette revue, nous nous appuierons sur la strat\u00e9gie de recherche suivante :<\/p>\n<ol>\n<li>Importer les r\u00e9f\u00e9rences des bases de donn\u00e9es PubMed et Web of Science ;<\/li>\n<li>Analyse des donn\u00e9es retenues par l&rsquo;<a href=\"https:\/\/atcer.iro.umontreal.ca\/\" target=\"_blank\" rel=\"noopener noreferrer\">outil CATES<\/a> (Classifieur Automatis\u00e9 de Textes sur les \u00c9tudes Scientifiques) pour ne retenir que les publications les plus empiriques ;<\/li>\n<li>Tri des donn\u00e9es retenues sur <a href=\"https:\/\/rayyan.qcri.org\/welcome\" target=\"_blank\" rel=\"noopener noreferrer\">Rayyan<\/a> (logiciel web simplifiant la production de revues syst\u00e9matiques) pour l&rsquo;analyse des titres, des r\u00e9sum\u00e9s et des textes int\u00e9graux ;<\/li>\n<li>Extraction des donn\u00e9es et r\u00e9daction de la revue ;<\/li>\n<li>Publication de la revue.<\/li>\n<\/ol>\n<p><a href=\"https:\/\/www.dropbox.com\/s\/plij5dl4b6bayx4\/Strat%C3%A9gie%20de%20recherche%20-%20Revue%20recherche%20des%20contacts.pdf?dl=0\" target=\"_blank\" rel=\"noopener noreferrer\">Acc\u00e9der \u00e0 la strat\u00e9gie de recherche de la revue sur la recherche des contacts<\/a><\/p>\n<p>\u00a0<\/p>\n<p>\u00a0<\/p>\n<ul>\n<li>Une revue rapide sur la prise en compte des ISS dans le design des interventions de sant\u00e9 publique relatives au d\u00e9pistage.<\/li>\n<\/ul>\n<a href='https:\/\/www.protocols.io\/view\/mass-testing-equity-during-infectious-disease-outb-bivske6e' class='small-button smallsilver' target=\"_blank\">Acc\u00e9der au protocole de la revue sur le d\u00e9pistage<\/a>\n<p>\u00a0<\/p>\n<p>Pour r\u00e9aliser cette revue, nous nous appuierons sur la strat\u00e9gie de recherche suivante :<\/p>\n<ol>\n<li>Importer les r\u00e9f\u00e9rences des bases de donn\u00e9es PubMed et Web of Science ;<\/li>\n<li>Analyse des donn\u00e9es retenues par l&rsquo;<a href=\"https:\/\/atcer.iro.umontreal.ca\/\" target=\"_blank\" rel=\"noopener noreferrer\">outil CATES<\/a> (Classifieur Automatis\u00e9 de Textes sur les \u00c9tudes Scientifiques) pour ne retenir que les publications les plus empiriques ;<\/li>\n<li>Tri des donn\u00e9es retenues sur <a href=\"https:\/\/rayyan.qcri.org\/welcome\" target=\"_blank\" rel=\"noopener noreferrer\">Rayyan<\/a> (logiciel web simplifiant la production de revues syst\u00e9matiques) pour l&rsquo;analyse des titres, des r\u00e9sum\u00e9s et des textes int\u00e9graux ;<\/li>\n<li>Extraction des donn\u00e9es et r\u00e9daction de la revue ;<\/li>\n<li>Publication de la revue.<\/li>\n<\/ol>\n<p><a href=\"https:\/\/www.dropbox.com\/s\/itt10raw7r27yux\/Strat%C3%A9gie%20de%20recherche%20-%20Revue%20d%C3%A9pistage.pdf?dl=0\" target=\"_blank\" rel=\"noopener noreferrer\">Acc\u00e9der \u00e0 la strat\u00e9gie de recherche de la revue sur le d\u00e9pistage<\/a><\/p>\n<p>\u00a0<\/p>\n<p>\u00a0<\/p>\n<p>[\/et_pb_toggle][et_pb_toggle admin_label=\u00a0\u00bbR\u00e9sultats attendus\u00a0\u00bb _builder_version=\u00a0\u00bb3.22.1&Prime; title=\u00a0\u00bbR\u00e9sultats attendus\u00a0\u00bb text_shadow_horizontal_length=\u00a0\u00bbtext_shadow_style,%91object Object%93&Prime; text_shadow_vertical_length=\u00a0\u00bbtext_shadow_style,%91object Object%93&Prime; text_shadow_blur_strength=\u00a0\u00bbtext_shadow_style,%91object Object%93&Prime; title_text_shadow_horizontal_length=\u00a0\u00bbtitle_text_shadow_style,%91object Object%93&Prime; title_text_shadow_vertical_length=\u00a0\u00bbtitle_text_shadow_style,%91object Object%93&Prime; title_text_shadow_blur_strength=\u00a0\u00bbtitle_text_shadow_style,%91object Object%93&Prime; body_text_shadow_horizontal_length=\u00a0\u00bbbody_text_shadow_style,%91object Object%93&Prime; body_text_shadow_vertical_length=\u00a0\u00bbbody_text_shadow_style,%91object Object%93&Prime; body_text_shadow_blur_strength=\u00a0\u00bbbody_text_shadow_style,%91object Object%93&Prime; z_index_tablet=\u00a0\u00bb500&Prime;]<\/p>\n<p>&nbsp;<\/p>\n<p>Les revues r\u00e9dig\u00e9es porteront sur :<\/p>\n<ul>\n<li>la r\u00e9silience des institutions de sant\u00e9 publique, des h\u00f4pitaux et des professionnels face \u00e0 la pand\u00e9mie de COVID-19 (en fonction des r\u00e9sultats, une ou plusieurs revues seront r\u00e9dig\u00e9es);<\/li>\n<li>la prise en compte des ISS dans le design des interventions de sant\u00e9 publique relatives \u00e0 la recherche des contacts;<\/li>\n<li>la prise en compte des ISS dans le design des interventions de sant\u00e9 publique relatives au d\u00e9pistage.<\/li>\n<\/ul>\n<p>&nbsp;<\/p>\n<p>[\/et_pb_toggle][\/et_pb_column][\/et_pb_row][\/et_pb_section]<\/p>\n","protected":false},"excerpt":{"rendered":"<div class=\"et_pb_row et_pb_row_0 et_pb_row_empty\"><\/div>\n<p> Face \u00e0 cette crise sans pr\u00e9c\u00e9dent et \u00e0 la quantit\u00e9 d\u2019informations disponibles et publi\u00e9es chaque jour sur la COVID-19, il est absolument n\u00e9cessaire de se mobiliser pour rendre accessible, au plus grand nombre, les nouvelles connaissances scientifiques produites. Les\u00a0travaux men\u00e9s dans le cadre du projet HoSPiCOVID ont pour objectif de fournir des pistes de&hellip; <a class=\"continue\" href=\"https:\/\/wordpress-test.app.u-pariscite.fr\/hospicovid\/presentation-projet-hospicovid\/litterature-scientifique\/\">Lire la suite<span> Litt\u00e9rature scientifique<\/span><\/a><\/p>\n","protected":false},"author":4,"featured_media":0,"parent":13405,"menu_order":0,"comment_status":"closed","ping_status":"closed","template":"","meta":{"_et_pb_use_builder":"on","_et_pb_old_content":"","_et_gb_content_width":"","footnotes":""},"class_list":["post-13414","page","type-page","status-publish","hentry"],"_links":{"self":[{"href":"https:\/\/wordpress-test.app.u-pariscite.fr\/hospicovid\/wp-json\/wp\/v2\/pages\/13414","targetHints":{"allow":["GET"]}}],"collection":[{"href":"https:\/\/wordpress-test.app.u-pariscite.fr\/hospicovid\/wp-json\/wp\/v2\/pages"}],"about":[{"href":"https:\/\/wordpress-test.app.u-pariscite.fr\/hospicovid\/wp-json\/wp\/v2\/types\/page"}],"author":[{"embeddable":true,"href":"https:\/\/wordpress-test.app.u-pariscite.fr\/hospicovid\/wp-json\/wp\/v2\/users\/4"}],"replies":[{"embeddable":true,"href":"https:\/\/wordpress-test.app.u-pariscite.fr\/hospicovid\/wp-json\/wp\/v2\/comments?post=13414"}],"version-history":[{"count":25,"href":"https:\/\/wordpress-test.app.u-pariscite.fr\/hospicovid\/wp-json\/wp\/v2\/pages\/13414\/revisions"}],"predecessor-version":[{"id":14218,"href":"https:\/\/wordpress-test.app.u-pariscite.fr\/hospicovid\/wp-json\/wp\/v2\/pages\/13414\/revisions\/14218"}],"up":[{"embeddable":true,"href":"https:\/\/wordpress-test.app.u-pariscite.fr\/hospicovid\/wp-json\/wp\/v2\/pages\/13405"}],"wp:attachment":[{"href":"https:\/\/wordpress-test.app.u-pariscite.fr\/hospicovid\/wp-json\/wp\/v2\/media?parent=13414"}],"curies":[{"name":"wp","href":"https:\/\/api.w.org\/{rel}","templated":true}]}}