{"id":61,"date":"2020-05-19T15:43:52","date_gmt":"2020-05-19T13:43:52","guid":{"rendered":"https:\/\/wordpress-test.app.u-pariscite.fr\/global-research-institute-paris\/?page_id=61"},"modified":"2023-05-25T15:06:09","modified_gmt":"2023-05-25T13:06:09","slug":"page-daccueil","status":"publish","type":"page","link":"https:\/\/wordpress-test.app.u-pariscite.fr\/global-research-institute-paris\/","title":{"rendered":"Page d&rsquo;accueil"},"content":{"rendered":"<p>[et_pb_section fb_built=\u00a0\u00bb1&Prime; admin_label=\u00a0\u00bbHero\u00a0\u00bb module_class=\u00a0\u00bbtop_accueil\u00a0\u00bb _builder_version=\u00a0\u00bb3.22.1&Prime; custom_margin=\u00a0\u00bb-74px||\u00a0\u00bb custom_padding=\u00a0\u00bb||17px|||\u00a0\u00bb animation_style=\u00a0\u00bbfade\u00a0\u00bb z_index_tablet=\u00a0\u00bb500&Prime;][et_pb_row use_custom_gutter=\u00a0\u00bbon\u00a0\u00bb gutter_width=\u00a0\u00bb1&Prime; custom_padding=\u00a0\u00bb0px|0px|0px|0px\u00a0\u00bb custom_margin=\u00a0\u00bb-10px|0px|0px|0px\u00a0\u00bb make_equal=\u00a0\u00bbon\u00a0\u00bb background_color_1=\u00a0\u00bb#0c509e\u00a0\u00bb bg_img_2=\u00a0\u00bbhttps:\/\/wordpress-test.app.u-pariscite.fr\/global-research-institute-paris\/wp-content\/uploads\/sites\/18\/2020\/11\/people-16-9.jpg\u00a0\u00bb padding_top_1=\u00a0\u00bb0px\u00a0\u00bb padding_top_2=\u00a0\u00bb0px\u00a0\u00bb padding_right_1=\u00a0\u00bb0px\u00a0\u00bb padding_right_2=\u00a0\u00bb0px\u00a0\u00bb padding_bottom_1=\u00a0\u00bb0px\u00a0\u00bb padding_bottom_2=\u00a0\u00bb0px\u00a0\u00bb padding_left_1=\u00a0\u00bb0px\u00a0\u00bb padding_left_2=\u00a0\u00bb0px\u00a0\u00bb custom_css_main_2=\u00a0\u00bbmin-height: 650px !important;\u00a0\u00bb module_class=\u00a0\u00bb \u00a0\u00bb _builder_version=\u00a0\u00bb3.22.1&Prime; background_color=\u00a0\u00bb#0c509e\u00a0\u00bb background_blend=\u00a0\u00bbmultiply\u00a0\u00bb width=\u00a0\u00bb100%\u00a0\u00bb width_last_edited=\u00a0\u00bbon|desktop\u00a0\u00bb max_width=\u00a0\u00bb100%\u00a0\u00bb max_width_last_edited=\u00a0\u00bbon|desktop\u00a0\u00bb animation_direction=\u00a0\u00bbtop\u00a0\u00bb z_index_tablet=\u00a0\u00bb500&Prime; custom_css_main_element=\u00a0\u00bbpadding: 0!important;\u00a0\u00bb make_fullwidth=\u00a0\u00bbon\u00a0\u00bb][et_pb_column type=\u00a0\u00bb1_2&Prime; _builder_version=\u00a0\u00bb3.0.47&Prime;][et_pb_text admin_label=\u00a0\u00bbtitre actu \u00e0 la une\u00a0\u00bb _builder_version=\u00a0\u00bb3.22.1&Prime; text_font=\u00a0\u00bb|||on|||||\u00a0\u00bb text_text_color=\u00a0\u00bb#ffffff\u00a0\u00bb text_font_size=\u00a0\u00bb2.6em\u00a0\u00bb text_line_height=\u00a0\u00bb1.3em\u00a0\u00bb header_font=\u00a0\u00bbMontserrat|700||on|||||\u00a0\u00bb header_text_color=\u00a0\u00bb#f7f7f7&Prime; header_font_size=\u00a0\u00bb60px\u00a0\u00bb header_font_size_tablet=\u00a0\u00bb34px\u00a0\u00bb header_font_size_phone=\u00a0\u00bb28px\u00a0\u00bb header_font_size_last_edited=\u00a0\u00bbon|phone\u00a0\u00bb header_line_height=\u00a0\u00bb1.3em\u00a0\u00bb width=\u00a0\u00bb85%\u00a0\u00bb custom_margin=\u00a0\u00bb60px|80px|20px|119px||\u00a0\u00bb custom_margin_phone=\u00a0\u00bb|||40px\u00a0\u00bb custom_margin_last_edited=\u00a0\u00bbon|phone\u00a0\u00bb custom_padding=\u00a0\u00bb25px|||||\u00a0\u00bb z_index_tablet=\u00a0\u00bb500&Prime; custom_css_main_element=\u00a0\u00bbfont-family: &lsquo;Darby Sans Web&rsquo; !important;||font-weight: 500 !important;\u00a0\u00bb locked=\u00a0\u00bboff\u00a0\u00bb]<br \/>\n[\/et_pb_text][et_pb_text admin_label=\u00a0\u00bbcontenu actu \u00e0 la une\u00a0\u00bb _builder_version=\u00a0\u00bb3.22.1&Prime; text_font=\u00a0\u00bbOpen Sans||||||||\u00a0\u00bb text_text_color=\u00a0\u00bb#ffffff\u00a0\u00bb text_font_size=\u00a0\u00bb20px\u00a0\u00bb text_line_height=\u00a0\u00bb1.8em\u00a0\u00bb background_size=\u00a0\u00bbcontain\u00a0\u00bb width=\u00a0\u00bb72.6%\u00a0\u00bb custom_margin=\u00a0\u00bb20px|50px|50px|100px||\u00a0\u00bb custom_margin_phone=\u00a0\u00bb20px|20px|50px|20px\u00a0\u00bb custom_margin_last_edited=\u00a0\u00bbon|phone\u00a0\u00bb custom_padding=\u00a0\u00bb64px|20px|50px|20px||\u00a0\u00bb animation_direction=\u00a0\u00bbtop\u00a0\u00bb z_index_tablet=\u00a0\u00bb500&Prime; locked=\u00a0\u00bboff\u00a0\u00bb]<\/p>\n<p>Le Global Research Institute of Paris (GRIP) est une initiative interdisciplinaire qui int\u00e8gre le p\u00e9rim\u00e8tre scientifique des Global Studies tout en menant une r\u00e9flexion sur les rapports Nord-Sud. Pens\u00e9 comme un m\u00e9ta-r\u00e9seau, le GRIP s\u2019adresse \u00e0 l\u2019ensemble des partenaires strat\u00e9giques d\u2019Universit\u00e9 Paris Cit\u00e9 pour cr\u00e9er une communaut\u00e9 scientifique \u00e0 forte visibilit\u00e9 autour des questions soci\u00e9tales li\u00e9es \u00e0 la globalisation.<\/p>\n<p>&nbsp;<\/p>\n<p>[\/et_pb_text][\/et_pb_column][et_pb_column type=\u00a0\u00bb1_2&Prime; _builder_version=\u00a0\u00bb3.0.47&Prime;][\/et_pb_column][\/et_pb_row][\/et_pb_section][et_pb_section fb_built=\u00a0\u00bb1&Prime; _builder_version=\u00a0\u00bb3.22.1&Prime; custom_padding=\u00a0\u00bb75px||110px||false|\u00a0\u00bb z_index_tablet=\u00a0\u00bb500&Prime;][et_pb_row _builder_version=\u00a0\u00bb3.22.1&Prime;][et_pb_column type=\u00a0\u00bb4_4&Prime; _builder_version=\u00a0\u00bb3.0.47&Prime;][et_pb_text admin_label=\u00a0\u00bb Actions structurantes\u00a0\u00bb _builder_version=\u00a0\u00bb3.22.1&Prime; z_index_tablet=\u00a0\u00bb500&Prime;]<\/p>\n<div class=\"et_pb_column et_pb_column_4_4 et_pb_column_2 et_pb_css_mix_blend_mode_passthrough et-last-child\">\n<div class=\"et_pb_module et_pb_text et_pb_text_2 et_pb_bg_layout_light et_pb_text_align_left\">\n<div class=\"et_pb_text_inner\">\n<h1>Axes de recherche<\/h1>\n<\/div>\n<\/div>\n<\/div>\n<p>[\/et_pb_text][\/et_pb_column][\/et_pb_row][et_pb_row _builder_version=\u00a0\u00bb3.22.1&Prime; background_size=\u00a0\u00bbinitial\u00a0\u00bb background_position=\u00a0\u00bbtop_left\u00a0\u00bb background_repeat=\u00a0\u00bbrepeat\u00a0\u00bb][et_pb_column type=\u00a0\u00bb1_3&Prime; _builder_version=\u00a0\u00bb3.0.47&Prime;][et_pb_text admin_label=\u00a0\u00bbAxe 1&Prime; _builder_version=\u00a0\u00bb3.22.1&Prime; background_color=\u00a0\u00bb#0c509e\u00a0\u00bb custom_padding=\u00a0\u00bb15px|15px|25px|30px||\u00a0\u00bb z_index_tablet=\u00a0\u00bb500&Prime; link_option_url=\u00a0\u00bbhttps:\/\/wordpress-test.app.u-pariscite.fr\/global-research-institute-paris\/citadinites-globales\/\u00a0\u00bb]<\/p>\n<p><span style=\"color: #ffffff\"><strong>Axe 1 : <\/strong><\/span><strong style=\"font-size: 16px\"><span style=\"color: #ffffff\">Citadinit\u00e9s globales<\/span><\/strong><\/p>\n<p><span style=\"color: #ffffff\">Analyse de la mont\u00e9e de la diversit\u00e9 urbaine et du cosmopolitisme en lien notamment avec la fonction croissante d\u2019accueil de migrants et de personnes en mobilit\u00e9s diverses.<\/span><\/p>\n<p>[\/et_pb_text][\/et_pb_column][et_pb_column type=\u00a0\u00bb1_3&Prime; _builder_version=\u00a0\u00bb3.0.47&Prime;][et_pb_text admin_label=\u00a0\u00bbAxe 2&Prime; _builder_version=\u00a0\u00bb3.22.1&Prime; background_color=\u00a0\u00bb#0c509e\u00a0\u00bb custom_padding=\u00a0\u00bb15px|15px|35px|30px||\u00a0\u00bb z_index_tablet=\u00a0\u00bb500&Prime; link_option_url=\u00a0\u00bbhttps:\/\/wordpress-test.app.u-pariscite.fr\/global-research-institute-paris\/circulations\/\u00a0\u00bb]<\/p>\n<p><span style=\"color: #ffffff\"><strong>Axe 2 :\u00a0<\/strong><\/span><strong style=\"font-size: 16px\"><span style=\"color: #ffffff\">Circulations<\/span><\/strong><\/p>\n<p><span style=\"color: #ffffff\">Interrogation des dynamiques de la globalisation sous l\u2019angle des circulations de personnes, de pratiques, d\u2019esth\u00e9tiques ainsi que d\u2019artefacts,<\/span><span style=\"color: #ffffff\"> de savoirs et de normes.<\/span><\/p>\n<p>[\/et_pb_text][\/et_pb_column][et_pb_column type=\u00a0\u00bb1_3&Prime; _builder_version=\u00a0\u00bb3.0.47&Prime;][et_pb_text admin_label=\u00a0\u00bbAxe 3&Prime; _builder_version=\u00a0\u00bb3.22.1&Prime; background_color=\u00a0\u00bb#0c509e\u00a0\u00bb custom_padding=\u00a0\u00bb15px|15px|11px|30px||\u00a0\u00bb z_index_tablet=\u00a0\u00bb500&Prime; link_option_url=\u00a0\u00bbhttps:\/\/wordpress-test.app.u-pariscite.fr\/global-research-institute-paris\/technologies-logiques-marchandes-vulnerabilites\/\u00a0\u00bb]<\/p>\n<p><span style=\"color: #ffffff\"><strong>Axe 3 :\u00a0<\/strong><\/span><strong style=\"font-size: 16px\"><span style=\"color: #ffffff\">Technologies, logiques marchandes et vuln\u00e9rabilit\u00e9s<\/span><\/strong><\/p>\n<p><span style=\"color: #ffffff\"> Analyse du r\u00f4le de la mondialisation \u00e9conomique et le d\u00e9veloppement technologique de nos soci\u00e9t\u00e9s dans la fragilisaton des modes d\u2019existence.<\/span>\u00a0<\/p>\n<p>&nbsp;<\/p>\n<p>[\/et_pb_text][\/et_pb_column][\/et_pb_row][\/et_pb_section][et_pb_section fb_built=\u00a0\u00bb1&Prime; _builder_version=\u00a0\u00bb3.22.1&Prime; background_color=\u00a0\u00bb#0c509e\u00a0\u00bb custom_padding=\u00a0\u00bb80px||100px\u00a0\u00bb z_index_tablet=\u00a0\u00bb500&Prime;][et_pb_row module_id=\u00a0\u00bbcarousel_accueil1&Prime; _builder_version=\u00a0\u00bb3.22.1&Prime; z_index_tablet=\u00a0\u00bb500&Prime;][et_pb_column type=\u00a0\u00bb4_4&Prime; _builder_version=\u00a0\u00bb3.0.47&Prime;][et_pb_text admin_label=\u00a0\u00bbTitre Actualit\u00e9\u00a0\u00bb _builder_version=\u00a0\u00bb3.22.1&Prime; z_index_tablet=\u00a0\u00bb500&Prime;]<\/p>\n<h1><span style=\"color: #ffffff\">Actualit\u00e9s<\/span><\/h1>\n<p>[\/et_pb_text][et_pb_nextend_smart_slider_3 slider=\u00a0\u00bb4&Prime; _builder_version=\u00a0\u00bb3.22.1&Prime;]<br \/>\n[\/et_pb_nextend_smart_slider_3][et_pb_button button_url=\u00a0\u00bbhttps:\/\/wordpress-test.app.u-pariscite.fr\/global-research-institute-paris\/category\/grip\/\u00a0\u00bb button_text=\u00a0\u00bbToute l&rsquo;actualit\u00e9\u00a0\u00bb button_alignment=\u00a0\u00bbleft\u00a0\u00bb admin_label=\u00a0\u00bbbouton &#8211; ajouter le lien vers la page\u00a0\u00bb _builder_version=\u00a0\u00bb3.22.1&Prime; custom_button=\u00a0\u00bbon\u00a0\u00bb button_text_color=\u00a0\u00bb#0c509e\u00a0\u00bb button_bg_color=\u00a0\u00bb#ffffff\u00a0\u00bb button_border_width=\u00a0\u00bb2&Prime; button_border_color=\u00a0\u00bb#0c509e\u00a0\u00bb button_border_radius=\u00a0\u00bb26&Prime; button_font=\u00a0\u00bb||||||||\u00a0\u00bb button_icon=\u00a0\u00bb%%20%%\u00a0\u00bb button_icon_color=\u00a0\u00bb#0c509e\u00a0\u00bb button_on_hover=\u00a0\u00bboff\u00a0\u00bb background_layout=\u00a0\u00bbdark\u00a0\u00bb z_index_tablet=\u00a0\u00bb500&Prime; custom_css_after=\u00a0\u00bbmargin-left: 0!important;\u00a0\u00bb saved_tabs=\u00a0\u00bball\u00a0\u00bb background_layout__hover_enabled=\u00a0\u00bbon\u00a0\u00bb background_layout__hover=\u00a0\u00bblight\u00a0\u00bb button_bg_color__hover_enabled=\u00a0\u00bbon\u00a0\u00bb button_bg_color__hover=\u00a0\u00bb#0c509e\u00a0\u00bb button_icon_color__hover_enabled=\u00a0\u00bbon\u00a0\u00bb button_icon_color__hover=\u00a0\u00bb#ffffff\u00a0\u00bb button_text_color__hover_enabled=\u00a0\u00bbon\u00a0\u00bb button_text_color__hover=\u00a0\u00bb#ffffff\u00a0\u00bb custom_css_after__hover_enabled=\u00a0\u00bbon\u00a0\u00bb custom_css_after__hover=\u00a0\u00bbmargin-left: 0!important;\u00a0\u00bb]<br \/>\n[\/et_pb_button][\/et_pb_column][\/et_pb_row][\/et_pb_section][et_pb_section fb_built=\u00a0\u00bb1&Prime; _builder_version=\u00a0\u00bb3.22.1&Prime; custom_padding=\u00a0\u00bb80px||80px||true\u00a0\u00bb z_index_tablet=\u00a0\u00bb500&Prime;][et_pb_row module_id=\u00a0\u00bbcarousel_accueil1&Prime; _builder_version=\u00a0\u00bb3.22.1&Prime;][et_pb_column type=\u00a0\u00bb4_4&Prime; _builder_version=\u00a0\u00bb3.0.47&Prime;][et_pb_text admin_label=\u00a0\u00bbTitre Partenaires\u00a0\u00bb _builder_version=\u00a0\u00bb3.22.1&Prime; z_index_tablet=\u00a0\u00bb500&Prime;]<\/p>\n<h1>Partenaires<\/h1>\n<p>[\/et_pb_text][\/et_pb_column][\/et_pb_row][et_pb_row _builder_version=\u00a0\u00bb3.22&Prime; background_size=\u00a0\u00bbinitial\u00a0\u00bb background_position=\u00a0\u00bbtop_left\u00a0\u00bb background_repeat=\u00a0\u00bbrepeat\u00a0\u00bb][et_pb_column type=\u00a0\u00bb1_5&Prime; _builder_version=\u00a0\u00bb3.0.47&Prime;][\/et_pb_column][et_pb_column type=\u00a0\u00bb1_5&Prime; _builder_version=\u00a0\u00bb3.0.47&Prime;][et_pb_image src=\u00a0\u00bbhttps:\/\/wordpress-test.app.u-pariscite.fr\/global-research-institute-paris\/wp-content\/uploads\/sites\/18\/2020\/11\/logo_ceped-1.jpg\u00a0\u00bb url=\u00a0\u00bbhttps:\/\/www.ceped.org\/fr\/Presentation\/article\/composition-du-ceped\u00a0\u00bb admin_label=\u00a0\u00bbCeped\u00a0\u00bb _builder_version=\u00a0\u00bb3.22.1&Prime; transform_scale=\u00a0\u00bb80%|80%\u00a0\u00bb transform_translate=\u00a0\u00bb0px|-15px\u00a0\u00bb transform_translate_linked=\u00a0\u00bboff\u00a0\u00bb z_index_tablet=\u00a0\u00bb500&Prime;]<br \/>\n[\/et_pb_image][\/et_pb_column][et_pb_column type=\u00a0\u00bb1_5&Prime; _builder_version=\u00a0\u00bb3.0.47&Prime;][et_pb_image src=\u00a0\u00bbhttps:\/\/wordpress-test.app.u-pariscite.fr\/global-research-institute-paris\/wp-content\/uploads\/sites\/18\/2020\/11\/logo-cessma.png\u00a0\u00bb url=\u00a0\u00bbhttps:\/\/www.cessma.org\/\u00a0\u00bb admin_label=\u00a0\u00bbcessma\u00a0\u00bb _builder_version=\u00a0\u00bb3.22.1&Prime; z_index_tablet=\u00a0\u00bb500&Prime;]<br \/>\n[\/et_pb_image][et_pb_image src=\u00a0\u00bbhttps:\/\/wordpress-test.app.u-pariscite.fr\/global-research-institute-paris\/wp-content\/uploads\/sites\/18\/2020\/11\/OIF-logo.gif\u00a0\u00bb url=\u00a0\u00bbhttps:\/\/www.francophonie.org\/\u00a0\u00bb admin_label=\u00a0\u00bbOIL\u00a0\u00bb _builder_version=\u00a0\u00bb3.22.1&Prime; custom_padding=\u00a0\u00bb5px||\u00a0\u00bb z_index_tablet=\u00a0\u00bb500&Prime;]<br \/>\n[\/et_pb_image][\/et_pb_column][et_pb_column type=\u00a0\u00bb1_5&Prime; _builder_version=\u00a0\u00bb3.0.47&Prime;][et_pb_image src=\u00a0\u00bbhttps:\/\/wordpress-test.app.u-pariscite.fr\/global-research-institute-paris\/wp-content\/uploads\/sites\/18\/2020\/11\/F3S_08b.jpg\u00a0\u00bb url=\u00a0\u00bbhttps:\/\/federation3s.com\/\u00a0\u00bb admin_label=\u00a0\u00bbf3s\u00a0\u00bb _builder_version=\u00a0\u00bb3.22.1&Prime; z_index_tablet=\u00a0\u00bb500&Prime;]<br \/>\n[\/et_pb_image][et_pb_image src=\u00a0\u00bbhttps:\/\/wordpress-test.app.u-pariscite.fr\/global-research-institute-paris\/wp-content\/uploads\/sites\/18\/2020\/11\/Logo_URMIS_04.jpg\u00a0\u00bb url=\u00a0\u00bbhttps:\/\/www.urmis.fr\/\u00a0\u00bb admin_label=\u00a0\u00bburmis\u00a0\u00bb _builder_version=\u00a0\u00bb3.22.1&Prime; custom_margin=\u00a0\u00bb-8px||\u00a0\u00bb custom_padding=\u00a0\u00bb0px||0px\u00a0\u00bb z_index_tablet=\u00a0\u00bb500&Prime;]<br \/>\n[\/et_pb_image][\/et_pb_column][et_pb_column type=\u00a0\u00bb1_5&Prime; _builder_version=\u00a0\u00bb3.0.47&Prime;][\/et_pb_column][\/et_pb_row][et_pb_row _builder_version=\u00a0\u00bb3.22&Prime; background_size=\u00a0\u00bbinitial\u00a0\u00bb background_position=\u00a0\u00bbtop_left\u00a0\u00bb background_repeat=\u00a0\u00bbrepeat\u00a0\u00bb][et_pb_column type=\u00a0\u00bb1_5&Prime; _builder_version=\u00a0\u00bb3.0.47&Prime;][\/et_pb_column][et_pb_column type=\u00a0\u00bb1_5&Prime; _builder_version=\u00a0\u00bb3.0.47&Prime;][et_pb_image src=\u00a0\u00bbhttps:\/\/wordpress-test.app.u-pariscite.fr\/global-research-institute-paris\/wp-content\/uploads\/sites\/18\/2021\/04\/logo_ladyss.png\u00a0\u00bb url=\u00a0\u00bbhttps:\/\/www.ladyss.com\/\u00a0\u00bb admin_label=\u00a0\u00bbLadyss\u00a0\u00bb _builder_version=\u00a0\u00bb3.22.1&Prime; transform_scale=\u00a0\u00bb80%|80%\u00a0\u00bb transform_translate=\u00a0\u00bb0px|-15px\u00a0\u00bb transform_translate_linked=\u00a0\u00bboff\u00a0\u00bb z_index_tablet=\u00a0\u00bb500&Prime; custom_margin=\u00a0\u00bb34px||\u00a0\u00bb]<br \/>\n[\/et_pb_image][et_pb_image src=\u00a0\u00bbhttps:\/\/wordpress-test.app.u-pariscite.fr\/global-research-institute-paris\/wp-content\/uploads\/sites\/18\/2021\/04\/sedyl-logo.jpg\u00a0\u00bb url=\u00a0\u00bbhttps:\/\/sedyl.cnrs.fr\/index.php\u00a0\u00bb admin_label=\u00a0\u00bbSedyl\u00a0\u00bb _builder_version=\u00a0\u00bb3.22.1&Prime; custom_padding=\u00a0\u00bb5px||\u00a0\u00bb z_index_tablet=\u00a0\u00bb500&Prime; custom_margin=\u00a0\u00bb5px||\u00a0\u00bb]<br \/>\n[\/et_pb_image][\/et_pb_column][et_pb_column type=\u00a0\u00bb1_5&Prime; _builder_version=\u00a0\u00bb3.0.47&Prime;][et_pb_image src=\u00a0\u00bbhttps:\/\/wordpress-test.app.u-pariscite.fr\/global-research-institute-paris\/wp-content\/uploads\/sites\/18\/2021\/04\/logo-cermes3.png\u00a0\u00bb url=\u00a0\u00bbhttps:\/\/www.cermes3.cnrs.fr\/fr\/\u00a0\u00bb admin_label=\u00a0\u00bbCermes\u00a0\u00bb _builder_version=\u00a0\u00bb3.22.1&Prime; z_index_tablet=\u00a0\u00bb500&Prime; custom_margin=\u00a0\u00bb-25px||\u00a0\u00bb]<br \/>\n[\/et_pb_image][et_pb_image src=\u00a0\u00bbhttps:\/\/wordpress-test.app.u-pariscite.fr\/global-research-institute-paris\/wp-content\/uploads\/sites\/18\/2021\/04\/logo-IRD.png\u00a0\u00bb url=\u00a0\u00bbhttps:\/\/www.ird.fr\/node\/8&Prime; admin_label=\u00a0\u00bbIRD\u00a0\u00bb _builder_version=\u00a0\u00bb3.22.1&Prime; custom_padding=\u00a0\u00bb5px||\u00a0\u00bb z_index_tablet=\u00a0\u00bb500&Prime;]<br \/>\n[\/et_pb_image][\/et_pb_column][et_pb_column type=\u00a0\u00bb1_5&Prime; _builder_version=\u00a0\u00bb3.0.47&Prime;][et_pb_image src=\u00a0\u00bbhttps:\/\/wordpress-test.app.u-pariscite.fr\/global-research-institute-paris\/wp-content\/uploads\/sites\/18\/2021\/04\/CNRS-Logo-1.jpg\u00a0\u00bb url=\u00a0\u00bbhttps:\/\/www.cnrs.fr\/fr\/page-daccueil\u00a0\u00bb admin_label=\u00a0\u00bbCNRS\u00a0\u00bb _builder_version=\u00a0\u00bb3.22.1&Prime; z_index_tablet=\u00a0\u00bb500&Prime; custom_margin=\u00a0\u00bb-12px||\u00a0\u00bb]<br \/>\n[\/et_pb_image][et_pb_image src=\u00a0\u00bbhttps:\/\/wordpress-test.app.u-pariscite.fr\/global-research-institute-paris\/wp-content\/uploads\/sites\/18\/2021\/04\/logo_LARCA.jpg\u00a0\u00bb url=\u00a0\u00bbhttps:\/\/larca.wordpress-test.app.u-pariscite.fr\/\u00a0\u00bb admin_label=\u00a0\u00bbLarca\u00a0\u00bb _builder_version=\u00a0\u00bb3.22.1&Prime; custom_margin=\u00a0\u00bb-8px||\u00a0\u00bb custom_padding=\u00a0\u00bb0px||0px\u00a0\u00bb z_index_tablet=\u00a0\u00bb500&Prime;]<br \/>\n[\/et_pb_image][\/et_pb_column][et_pb_column type=\u00a0\u00bb1_5&Prime; _builder_version=\u00a0\u00bb3.0.47&Prime;][\/et_pb_column][\/et_pb_row][\/et_pb_section]<\/p>\n","protected":false},"excerpt":{"rendered":"<p>Le Global Research Institute of Paris (GRIP) est une initiative interdisciplinaire qui int\u00e8gre le p\u00e9rim\u00e8tre scientifique des Global Studies tout en menant une r\u00e9flexion sur les rapports Nord-Sud. Pens\u00e9 comme un m\u00e9ta-r\u00e9seau, le GRIP s\u2019adresse \u00e0 l\u2019ensemble des partenaires strat\u00e9giques d\u2019Universit\u00e9 Paris Cit\u00e9 pour cr\u00e9er une communaut\u00e9 scientifique \u00e0 forte visibilit\u00e9 autour des questions soci\u00e9tales&hellip; <a class=\"continue\" href=\"https:\/\/wordpress-test.app.u-pariscite.fr\/global-research-institute-paris\/\">Lire la suite<span> Page d&rsquo;accueil<\/span><\/a><\/p>\n","protected":false},"author":35,"featured_media":0,"parent":0,"menu_order":0,"comment_status":"closed","ping_status":"closed","template":"","meta":{"_et_pb_use_builder":"on","_et_pb_old_content":"","_et_gb_content_width":"","footnotes":""},"class_list":["post-61","page","type-page","status-publish","hentry"],"_links":{"self":[{"href":"https:\/\/wordpress-test.app.u-pariscite.fr\/global-research-institute-paris\/wp-json\/wp\/v2\/pages\/61","targetHints":{"allow":["GET"]}}],"collection":[{"href":"https:\/\/wordpress-test.app.u-pariscite.fr\/global-research-institute-paris\/wp-json\/wp\/v2\/pages"}],"about":[{"href":"https:\/\/wordpress-test.app.u-pariscite.fr\/global-research-institute-paris\/wp-json\/wp\/v2\/types\/page"}],"author":[{"embeddable":true,"href":"https:\/\/wordpress-test.app.u-pariscite.fr\/global-research-institute-paris\/wp-json\/wp\/v2\/users\/35"}],"replies":[{"embeddable":true,"href":"https:\/\/wordpress-test.app.u-pariscite.fr\/global-research-institute-paris\/wp-json\/wp\/v2\/comments?post=61"}],"version-history":[{"count":40,"href":"https:\/\/wordpress-test.app.u-pariscite.fr\/global-research-institute-paris\/wp-json\/wp\/v2\/pages\/61\/revisions"}],"predecessor-version":[{"id":134,"href":"https:\/\/wordpress-test.app.u-pariscite.fr\/global-research-institute-paris\/wp-json\/wp\/v2\/pages\/61\/revisions\/134"}],"wp:attachment":[{"href":"https:\/\/wordpress-test.app.u-pariscite.fr\/global-research-institute-paris\/wp-json\/wp\/v2\/media?parent=61"}],"curies":[{"name":"wp","href":"https:\/\/api.w.org\/{rel}","templated":true}]}}