{"id":948,"date":"2021-12-08T15:10:44","date_gmt":"2021-12-08T14:10:44","guid":{"rendered":"https:\/\/wordpress-test.app.u-pariscite.fr\/ghes\/?page_id=948"},"modified":"2021-12-08T15:10:44","modified_gmt":"2021-12-08T14:10:44","slug":"reseau-interdisciplinaire-pour-lamenagement-du-territoire-europeen","status":"publish","type":"page","link":"https:\/\/wordpress-test.app.u-pariscite.fr\/ghes\/reseau-interdisciplinaire-pour-lamenagement-du-territoire-europeen\/","title":{"rendered":"RIATE (UMS 2414) \u2013 R\u00e9seau Interdisciplinaire pour l\u2019Am\u00e9nagement du Territoire Europ\u00e9en"},"content":{"rendered":"<p>[et_pb_section bb_built=\u00a0\u00bb1&Prime; inner_width_tablet=\u00a0\u00bb50px\u00a0\u00bb inner_max_width_tablet=\u00a0\u00bb50px\u00a0\u00bb _builder_version=\u00a0\u00bb3.22.1&Prime; module_id=\u00a0\u00bbHAL\u00a0\u00bb z_index_tablet=\u00a0\u00bb500&Prime;][et_pb_row][et_pb_column type=\u00a0\u00bb4_4&Prime;][et_pb_post_title admin_label=\u00a0\u00bbTitre de la page\u00a0\u00bb _builder_version=\u00a0\u00bb3.19.11&Prime; meta=\u00a0\u00bboff\u00a0\u00bb featured_image=\u00a0\u00bboff\u00a0\u00bb \/][et_pb_text _builder_version=\u00a0\u00bb3.22.1&Prime; module_id=\u00a0\u00bbcontenu\u00a0\u00bb text_text_shadow_horizontal_length=\u00a0\u00bbtext_text_shadow_style,%91object Object%93&Prime; text_text_shadow_vertical_length=\u00a0\u00bbtext_text_shadow_style,%91object Object%93&Prime; text_text_shadow_blur_strength=\u00a0\u00bbtext_text_shadow_style,%91object Object%93&Prime; link_text_shadow_horizontal_length=\u00a0\u00bblink_text_shadow_style,%91object Object%93&Prime; link_text_shadow_vertical_length=\u00a0\u00bblink_text_shadow_style,%91object Object%93&Prime; link_text_shadow_blur_strength=\u00a0\u00bblink_text_shadow_style,%91object Object%93&Prime; ul_text_shadow_horizontal_length=\u00a0\u00bbul_text_shadow_style,%91object Object%93&Prime; ul_text_shadow_vertical_length=\u00a0\u00bbul_text_shadow_style,%91object Object%93&Prime; ul_text_shadow_blur_strength=\u00a0\u00bbul_text_shadow_style,%91object Object%93&Prime; ol_text_shadow_horizontal_length=\u00a0\u00bbol_text_shadow_style,%91object Object%93&Prime; ol_text_shadow_vertical_length=\u00a0\u00bbol_text_shadow_style,%91object Object%93&Prime; ol_text_shadow_blur_strength=\u00a0\u00bbol_text_shadow_style,%91object Object%93&Prime; quote_text_shadow_horizontal_length=\u00a0\u00bbquote_text_shadow_style,%91object Object%93&Prime; quote_text_shadow_vertical_length=\u00a0\u00bbquote_text_shadow_style,%91object Object%93&Prime; quote_text_shadow_blur_strength=\u00a0\u00bbquote_text_shadow_style,%91object Object%93&Prime; header_text_shadow_horizontal_length=\u00a0\u00bbheader_text_shadow_style,%91object Object%93&Prime; header_text_shadow_vertical_length=\u00a0\u00bbheader_text_shadow_style,%91object Object%93&Prime; header_text_shadow_blur_strength=\u00a0\u00bbheader_text_shadow_style,%91object Object%93&Prime; header_2_text_shadow_horizontal_length=\u00a0\u00bbheader_2_text_shadow_style,%91object Object%93&Prime; header_2_text_shadow_vertical_length=\u00a0\u00bbheader_2_text_shadow_style,%91object Object%93&Prime; header_2_text_shadow_blur_strength=\u00a0\u00bbheader_2_text_shadow_style,%91object Object%93&Prime; header_3_text_shadow_horizontal_length=\u00a0\u00bbheader_3_text_shadow_style,%91object Object%93&Prime; header_3_text_shadow_vertical_length=\u00a0\u00bbheader_3_text_shadow_style,%91object Object%93&Prime; header_3_text_shadow_blur_strength=\u00a0\u00bbheader_3_text_shadow_style,%91object Object%93&Prime; header_4_text_shadow_horizontal_length=\u00a0\u00bbheader_4_text_shadow_style,%91object Object%93&Prime; header_4_text_shadow_vertical_length=\u00a0\u00bbheader_4_text_shadow_style,%91object Object%93&Prime; header_4_text_shadow_blur_strength=\u00a0\u00bbheader_4_text_shadow_style,%91object Object%93&Prime; header_5_text_shadow_horizontal_length=\u00a0\u00bbheader_5_text_shadow_style,%91object Object%93&Prime; header_5_text_shadow_vertical_length=\u00a0\u00bbheader_5_text_shadow_style,%91object Object%93&Prime; header_5_text_shadow_blur_strength=\u00a0\u00bbheader_5_text_shadow_style,%91object Object%93&Prime; header_6_text_shadow_horizontal_length=\u00a0\u00bbheader_6_text_shadow_style,%91object Object%93&Prime; header_6_text_shadow_vertical_length=\u00a0\u00bbheader_6_text_shadow_style,%91object Object%93&Prime; header_6_text_shadow_blur_strength=\u00a0\u00bbheader_6_text_shadow_style,%91object Object%93&Prime; z_index_tablet=\u00a0\u00bb500&Prime;]<\/p>\n<h3>Les derni\u00e8res publications<\/h3>\n<div class=\"feedzy-1fc0c19b51aff7eedec03cfc9fd818a0 feedzy-rss\"><ul><li  style=\"padding: 15px 0 25px\" class=\"rss_item\"><span class=\"title\"><a href=\"https:\/\/shs.hal.science\/halshs-02360088v1\" target=\"_blank\" rel=\" noopener\">[halshs-02360088] Documenting the Diffusion of the 2016 French Nuit Debout<\/a><\/span><div class=\"rss_content\" style=\"\"><small>by <a href=\"\/\/shs.hal.science\" target=\"_blank\" title=\"shs.hal.science\">ano.nymous@ccsd.cnrs.fr.invalid (St\u00e9phane Baciocchi)<\/a> on 5 mars 2025 <\/small><p>In the spring of 2016, France saw a major social movement, with strikes and demonstrations, and a new form of protest, the Nuit Debout. Following the Occupy Wall Street and Los Indignados models, open air assemblies started in Paris on March 31 and then spread throughout France and abroad. The [&hellip;]<\/p><\/div><\/li><li  style=\"padding: 15px 0 25px\" class=\"rss_item\"><span class=\"title\"><a href=\"https:\/\/shs.hal.science\/halshs-03728320v1\" target=\"_blank\" rel=\" noopener\">[halshs-03728320] The Atlas of Migration in Europe. A Critical Geography of Migration Policies<\/a><\/span><div class=\"rss_content\" style=\"\"><small>by <a href=\"\/\/shs.hal.science\" target=\"_blank\" title=\"shs.hal.science\">ano.nymous@ccsd.cnrs.fr.invalid (Olivier Clochard)<\/a> on 20 juillet 2022 <\/small><p>This book follows the journeys of those fleeing war, poverty or political crises, risking their lives as they attempt to find sanctuary in Europe. Over the past 25 years, almost 40,000 migrants have been reported missing or died due to drowning or exhaustion on the borders of Europe. 6,000 migrants [&hellip;]<\/p><\/div><\/li><li  style=\"padding: 15px 0 25px\" class=\"rss_item\"><span class=\"title\"><a href=\"https:\/\/hal.science\/hal-02939029v1\" target=\"_blank\" rel=\" noopener\">[hal-02939029] Contrefa\u00e7ons cartographiques<\/a><\/span><div class=\"rss_content\" style=\"\"><small>by <a href=\"\/\/hal.science\" target=\"_blank\" title=\"hal.science\">ano.nymous@ccsd.cnrs.fr.invalid (Fran\u00e7oise Bahoken)<\/a> on 15 septembre 2020 <\/small><p>Cette carte, intitul\u00e9e \u00ab Les migrants syriens\u2026 ne vont pas majoritairement en Europe \u00bb, d\u00e9crit, pour chacun des pays concern\u00e9s, le nombre de personnes de nationalit\u00e9 syrienne recens\u00e9es par l'ONU pour l'ann\u00e9e 2015. En Europe, elle r\u00e9v\u00e8le de fortes disparit\u00e9s g\u00e9ographiques : la Su\u00e8de [&hellip;]<\/p><\/div><\/li><li  style=\"padding: 15px 0 25px\" class=\"rss_item\"><span class=\"title\"><a href=\"https:\/\/shs.hal.science\/halshs-02937244v1\" target=\"_blank\" rel=\" noopener\">[halshs-02937244] Les enjeux de la cartographie #1 : un monde de cartes<\/a><\/span><div class=\"rss_content\" style=\"\"><small>by <a href=\"\/\/shs.hal.science\" target=\"_blank\" title=\"shs.hal.science\">ano.nymous@ccsd.cnrs.fr.invalid (Fran\u00e7oise Bahoken)<\/a> on 12 septembre 2020 <\/small><p>Cela fait longtemps que l&amp;apos;Humanit\u00e9 produit diff\u00e9rents types de cartes. Cartes polyn\u00e9siennes, table de Peutinger, portulans, etc., nombre d&amp;apos;entre elles \u00e9taient notamment con\u00e7ues pour le rep\u00e9rage et l&amp;apos;organisation des d\u00e9placements humains sur terre ou en mer. [&hellip;]<\/p><\/div><\/li><li  style=\"padding: 15px 0 25px\" class=\"rss_item\"><span class=\"title\"><a href=\"https:\/\/shs.hal.science\/halshs-02937243v1\" target=\"_blank\" rel=\" noopener\">[halshs-02937243] Les enjeux de la cartographie #2 : enjeux th\u00e9oriques et m\u00e9thodologiques<\/a><\/span><div class=\"rss_content\" style=\"\"><small>by <a href=\"\/\/shs.hal.science\" target=\"_blank\" title=\"shs.hal.science\">ano.nymous@ccsd.cnrs.fr.invalid (Fran\u00e7oise Bahoken)<\/a> on 12 septembre 2020 <\/small><p>Les images cartographiques produites au cours du temps sur des mouvements et d\u00e9placements apparaissent diverses dans leur forme, dans leur fond et dans leur mise en oeuvre. Dans la mesure o\u00f9 elles peuvent \u00eatre (per\u00e7ues comme) complexes, il devient int\u00e9ressant de les examiner de plus pr\u00e8s. [&hellip;]<\/p><\/div><\/li><li  style=\"padding: 15px 0 25px\" class=\"rss_item\"><span class=\"title\"><a href=\"https:\/\/shs.hal.science\/halshs-02937241v1\" target=\"_blank\" rel=\" noopener\">[halshs-02937241] Les enjeux de la cartographie #3 : enjeux rh\u00e9toriques<\/a><\/span><div class=\"rss_content\" style=\"\"><small>by <a href=\"\/\/shs.hal.science\" target=\"_blank\" title=\"shs.hal.science\">ano.nymous@ccsd.cnrs.fr.invalid (Nicolas Lambert)<\/a> on 12 septembre 2020 <\/small><p>La carte est l&amp;apos;instrument fondamental du g\u00e9ographe. Elle permet de faire \u00e9merger des hypoth\u00e8ses, de tester une intuition, de valider un raisonnement, de spatialiser le regard. En sciences, la carte peut d&amp;apos;ailleurs valoir de preuve. L&amp;apos;\u00e9laboration d&amp;apos;une carte [&hellip;]<\/p><\/div><\/li><li  style=\"padding: 15px 0 25px\" class=\"rss_item\"><span class=\"title\"><a href=\"https:\/\/shs.hal.science\/halshs-02937238v1\" target=\"_blank\" rel=\" noopener\">[halshs-02937238] Faut-il se m\u00e9fier des cartes ?<\/a><\/span><div class=\"rss_content\" style=\"\"><small>by <a href=\"\/\/shs.hal.science\" target=\"_blank\" title=\"shs.hal.science\">ano.nymous@ccsd.cnrs.fr.invalid (Nicolas Lambert)<\/a> on 12 septembre 2020 <\/small><p>[...]<\/p><\/div><\/li><li  style=\"padding: 15px 0 25px\" class=\"rss_item\"><span class=\"title\"><a href=\"https:\/\/shs.hal.science\/halshs-02937237v1\" target=\"_blank\" rel=\" noopener\">[halshs-02937237] La carte de flux : un mod\u00e8le inadapt\u00e9 \u00e0 la repr\u00e9sentation de migrations<\/a><\/span><div class=\"rss_content\" style=\"\"><small>by <a href=\"\/\/shs.hal.science\" target=\"_blank\" title=\"shs.hal.science\">ano.nymous@ccsd.cnrs.fr.invalid (Fran\u00e7oise Bahoken)<\/a> on 12 septembre 2020 <\/small><p>[...]<\/p><\/div><\/li><li  style=\"padding: 15px 0 25px\" class=\"rss_item\"><span class=\"title\"><a href=\"https:\/\/shs.hal.science\/halshs-02937236v1\" target=\"_blank\" rel=\" noopener\">[halshs-02937236] Interroger les cartes : raisons et affects<\/a><\/span><div class=\"rss_content\" style=\"\"><small>by <a href=\"\/\/shs.hal.science\" target=\"_blank\" title=\"shs.hal.science\">ano.nymous@ccsd.cnrs.fr.invalid (Fran\u00e7oise Bahoken)<\/a> on 12 septembre 2020 <\/small><p>[...]<\/p><\/div><\/li><li  style=\"padding: 15px 0 25px\" class=\"rss_item\"><span class=\"title\"><a href=\"https:\/\/shs.hal.science\/halshs-02937095v1\" target=\"_blank\" rel=\" noopener\">[halshs-02937095] M\u00e9fiez-vous des cartes, pas des migrants !<\/a><\/span><div class=\"rss_content\" style=\"\"><small>by <a href=\"\/\/shs.hal.science\" target=\"_blank\" title=\"shs.hal.science\">ano.nymous@ccsd.cnrs.fr.invalid (Fran\u00e7oise Bahoken)<\/a> on 12 septembre 2020 <\/small><p>La cartographie th\u00e9matique de donn\u00e9es statistiques implique de nombreux choix qui conduisent \u00e0 questionner son impartialit\u00e9. Il est possible d'agir sur les donn\u00e9es, num\u00e9riques et g\u00e9ographiques, sur leur repr\u00e9sentation et sur les \u00e9motions qu'elles suscitent. Cet exercice reproductible de [&hellip;]<\/p><\/div><\/li><li  style=\"padding: 15px 0 25px\" class=\"rss_item\"><span class=\"title\"><a href=\"https:\/\/shs.hal.science\/halshs-02533955v1\" target=\"_blank\" rel=\" noopener\">[halshs-02533955] Cartographier les migrations et leurs contr\u00f4les : r\u00e9flexions autour de l\u2019atlas de Migreurop<\/a><\/span><div class=\"rss_content\" style=\"\"><small>by <a href=\"\/\/shs.hal.science\" target=\"_blank\" title=\"shs.hal.science\">ano.nymous@ccsd.cnrs.fr.invalid (Olivier Clochard)<\/a> on 6 avril 2020 <\/small><p>[...]<\/p><\/div><\/li><li  style=\"padding: 15px 0 25px\" class=\"rss_item\"><span class=\"title\"><a href=\"https:\/\/shs.hal.science\/halshs-02515334v1\" target=\"_blank\" rel=\" noopener\">[halshs-02515334] L\u2019\u00e9volution d\u2019un r\u00e9gime frontalier en mer M\u00e9diterran\u00e9e<\/a><\/span><div class=\"rss_content\" style=\"\"><small>by <a href=\"\/\/shs.hal.science\" target=\"_blank\" title=\"shs.hal.science\">ano.nymous@ccsd.cnrs.fr.invalid (Olivier Clochard)<\/a> on 23 mars 2020 <\/small><p>[...]<\/p><\/div><\/li><\/ul> <\/div><style type=\"text\/css\" media=\"all\">.feedzy-rss .rss_item .rss_image{float:left;position:relative;border:none;text-decoration:none;max-width:100%}.feedzy-rss .rss_item .rss_image span{display:inline-block;position:absolute;width:100%;height:100%;background-position:50%;background-size:cover}.feedzy-rss .rss_item .rss_image{margin:.3em 1em 0 0;content-visibility:auto}.feedzy-rss ul{list-style:none}.feedzy-rss ul li{display:inline-block}<\/style>\n<p>[\/et_pb_text][\/et_pb_column][\/et_pb_row][et_pb_row][et_pb_column type=\u00a0\u00bb1_4&Prime;][et_pb_button admin_label=\u00a0\u00bbbouton &#8211; toutes les publicataions\u00a0\u00bb button_url=\u00a0\u00bbhttps:\/\/hal-univ-paris.archives-ouvertes.fr\/search\/index\/?q=%2A&amp;structId_i=1871&amp;sort=producedDate_tdate+desc\u00a0\u00bb button_text=\u00a0\u00bbToutes les publications\u00a0\u00bb button_alignment=\u00a0\u00bbleft\u00a0\u00bb _builder_version=\u00a0\u00bb3.22.1&Prime; custom_button=\u00a0\u00bbon\u00a0\u00bb button_text_color=\u00a0\u00bb#ffffff\u00a0\u00bb button_bg_color=\u00a0\u00bb#8a1538&Prime; button_border_width=\u00a0\u00bb2&Prime; button_border_radius=\u00a0\u00bb26&Prime; button_icon=\u00a0\u00bb%%20%%\u00a0\u00bb button_icon_color=\u00a0\u00bb#ffffff\u00a0\u00bb button_on_hover=\u00a0\u00bboff\u00a0\u00bb background_layout=\u00a0\u00bbdark\u00a0\u00bb hover_enabled=\u00a0\u00bb0&Prime; custom_css_after=\u00a0\u00bbmargin-left: 0!important;\u00a0\u00bb saved_tabs=\u00a0\u00bball\u00a0\u00bb background_layout__hover_enabled=\u00a0\u00bbon\u00a0\u00bb background_layout__hover=\u00a0\u00bblight\u00a0\u00bb button_bg_color__hover_enabled=\u00a0\u00bbon\u00a0\u00bb button_bg_color__hover=\u00a0\u00bb#ffffff\u00a0\u00bb button_icon_color__hover_enabled=\u00a0\u00bbon\u00a0\u00bb button_icon_color__hover=\u00a0\u00bb#aa004f\u00a0\u00bb button_text_color__hover_enabled=\u00a0\u00bbon\u00a0\u00bb button_text_color__hover=\u00a0\u00bb#aa004f\u00a0\u00bb custom_css_after__hover_enabled=\u00a0\u00bbon\u00a0\u00bb custom_css_after__hover=\u00a0\u00bbmargin-left: 0!important;\u00a0\u00bb button_border_color=\u00a0\u00bb#8a1538&Prime; button_text_shadow_horizontal_length=\u00a0\u00bbbutton_text_shadow_style,%91object Object%93&Prime; button_text_shadow_vertical_length=\u00a0\u00bbbutton_text_shadow_style,%91object Object%93&Prime; button_text_shadow_blur_strength=\u00a0\u00bbbutton_text_shadow_style,%91object Object%93&Prime; z_index_tablet=\u00a0\u00bb500&Prime; \/][\/et_pb_column][et_pb_column type=\u00a0\u00bb1_4&Prime;][\/et_pb_column][et_pb_column type=\u00a0\u00bb1_4&Prime;][\/et_pb_column][et_pb_column type=\u00a0\u00bb1_4&Prime;][\/et_pb_column][\/et_pb_row][\/et_pb_section]<\/p>\n","protected":false},"excerpt":{"rendered":"<div class=\"et_pb_row et_pb_row_0 et_pb_row_empty\"><\/div>\n<p> Les derni\u00e8res publications<\/p>\n<div class=\"feedzy-1fc0c19b51aff7eedec03cfc9fd818a0 feedzy-rss\">\n<ul>\n<li  style=\"padding: 15px 0 25px\" class=\"rss_item\"><span class=\"title\"><a href=\"https:\/\/shs.hal.science\/halshs-02360088v1\" target=\"_blank\" rel=\" noopener\">[halshs-02360088] Documenting the Diffusion of the 2016 French Nuit Debout<\/a><\/span>\n<div class=\"rss_content\" style=\"\"><small>by <a href=\"\/\/shs.hal.science\" target=\"_blank\" title=\"shs.hal.science\">ano.nymous@ccsd.cnrs.fr.invalid (St\u00e9phane Baciocchi)<\/a> on 5 mars 2025 <\/small><\/p>\n<p>In the spring of 2016, France saw a major social movement, with strikes and demonstrations, and a new form of protest, the Nuit Debout. Following the Occupy Wall Street and Los Indignados models, open air assemblies started in Paris on March 31 and then spread throughout France and abroad. The [&hellip;]<\/p>\n<\/div>\n<\/li>\n<li  style=\"padding: 15px 0 25px\" class=\"rss_item\"><span class=\"title\"><a href=\"https:\/\/shs.hal.science\/halshs-03728320v1\" target=\"_blank\" rel=\" noopener\">[halshs-03728320] The Atlas of Migration in Europe. A Critical Geography of Migration Policies<\/a><\/span>\n<div class=\"rss_content\" style=\"\"><small>by <a href=\"\/\/shs.hal.science\" target=\"_blank\" title=\"shs.hal.science\">ano.nymous@ccsd.cnrs.fr.invalid (Olivier Clochard)<\/a> on 20 juillet 2022 <\/small><\/p>\n<p>This book follows the journeys of those fleeing war, poverty or political crises, risking their lives as they attempt to find sanctuary in Europe. Over the past 25 years, almost 40,000 migrants have been reported missing or died due to drowning or exhaustion on the borders of Europe. 6,000 migrants [&hellip;]<\/p>\n<\/div>\n<\/li>\n<li  style=\"padding: 15px 0 25px\" class=\"rss_item\"><span class=\"title\"><a href=\"https:\/\/hal.science\/hal-02939029v1\" target=\"_blank\" rel=\" noopener\">[hal-02939029] Contrefa\u00e7ons cartographiques<\/a><\/span>\n<div class=\"rss_content\" style=\"\"><small>by <a href=\"\/\/hal.science\" target=\"_blank\" title=\"hal.science\">ano.nymous@ccsd.cnrs.fr.invalid (Fran\u00e7oise Bahoken)<\/a> on 15 septembre 2020 <\/small><\/p>\n<p>Cette carte, intitul\u00e9e \u00ab Les migrants syriens\u2026 ne vont pas majoritairement en Europe \u00bb, d\u00e9crit, pour chacun des pays concern\u00e9s, le nombre de personnes de nationalit\u00e9 syrienne recens\u00e9es par l'ONU pour l'ann\u00e9e 2015. En Europe, elle r\u00e9v\u00e8le de fortes disparit\u00e9s g\u00e9ographiques : la Su\u00e8de [&hellip;]<\/p>\n<\/div>\n<\/li>\n<li  style=\"padding: 15px 0 25px\" class=\"rss_item\"><span class=\"title\"><a href=\"https:\/\/shs.hal.science\/halshs-02937244v1\" target=\"_blank\" rel=\" noopener\">[halshs-02937244] Les enjeux de la cartographie #1 : un monde de cartes<\/a><\/span>\n<div class=\"rss_content\" style=\"\"><small>by <a href=\"\/\/shs.hal.science\" target=\"_blank\" title=\"shs.hal.science\">ano.nymous@ccsd.cnrs.fr.invalid (Fran\u00e7oise Bahoken)<\/a> on 12 septembre 2020 <\/small><\/p>\n<p>Cela fait longtemps que l&amp;apos;Humanit\u00e9 produit diff\u00e9rents types de cartes. Cartes polyn\u00e9siennes, table de Peutinger, portulans, etc., nombre d&amp;apos;entre elles \u00e9taient notamment con\u00e7ues pour le rep\u00e9rage et l&amp;apos;organisation des d\u00e9placements humains sur terre ou en mer. [&hellip;]<\/p>\n<\/div>\n<\/li>\n<li  style=\"padding: 15px 0 25px\" class=\"rss_item\"><span class=\"title\"><a href=\"https:\/\/shs.hal.science\/halshs-02937243v1\" target=\"_blank\" rel=\" noopener\">[halshs-02937243] Les enjeux de la cartographie #2 : enjeux th\u00e9oriques et m\u00e9thodologiques<\/a><\/span>\n<div class=\"rss_content\" style=\"\"><small>by <a href=\"\/\/shs.hal.science\" target=\"_blank\" title=\"shs.hal.science\">ano.nymous@ccsd.cnrs.fr.invalid (Fran\u00e7oise Bahoken)<\/a> on 12 septembre 2020 <\/small><\/p>\n<p>Les images cartographiques produites au cours du temps sur des mouvements et d\u00e9placements apparaissent diverses dans leur forme, dans leur fond et dans leur mise en oeuvre. Dans la mesure o\u00f9 elles peuvent \u00eatre (per\u00e7ues comme) complexes, il devient int\u00e9ressant de les examiner de plus pr\u00e8s. [&hellip;]<\/p>\n<\/div>\n<\/li>\n<li  style=\"padding: 15px 0 25px\" class=\"rss_item\"><span class=\"title\"><a href=\"https:\/\/shs.hal.science\/halshs-02937241v1\" target=\"_blank\" rel=\" noopener\">[halshs-02937241] Les enjeux de la cartographie #3 : enjeux rh\u00e9toriques<\/a><\/span>\n<div class=\"rss_content\" style=\"\"><small>by <a href=\"\/\/shs.hal.science\" target=\"_blank\" title=\"shs.hal.science\">ano.nymous@ccsd.cnrs.fr.invalid (Nicolas Lambert)<\/a> on 12 septembre 2020 <\/small><\/p>\n<p>La carte est l&amp;apos;instrument fondamental du g\u00e9ographe. Elle permet de faire \u00e9merger des hypoth\u00e8ses, de tester une intuition, de valider un raisonnement, de spatialiser le regard. En sciences, la carte peut d&amp;apos;ailleurs valoir de preuve. L&amp;apos;\u00e9laboration d&amp;apos;une carte [&hellip;]<\/p>\n<\/div>\n<\/li>\n<li  style=\"padding: 15px 0 25px\" class=\"rss_item\"><span class=\"title\"><a href=\"https:\/\/shs.hal.science\/halshs-02937238v1\" target=\"_blank\" rel=\" noopener\">[halshs-02937238] Faut-il se m\u00e9fier des cartes ?<\/a><\/span>\n<div class=\"rss_content\" style=\"\"><small>by <a href=\"\/\/shs.hal.science\" target=\"_blank\" title=\"shs.hal.science\">ano.nymous@ccsd.cnrs.fr.invalid (Nicolas Lambert)<\/a> on 12 septembre 2020 <\/small><\/p>\n<p>[...]<\/p>\n<\/div>\n<\/li>\n<li  style=\"padding: 15px 0 25px\" class=\"rss_item\"><span class=\"title\"><a href=\"https:\/\/shs.hal.science\/halshs-02937237v1\" target=\"_blank\" rel=\" noopener\">[halshs-02937237] La carte de flux : un mod\u00e8le inadapt\u00e9 \u00e0 la repr\u00e9sentation de migrations<\/a><\/span>\n<div class=\"rss_content\" style=\"\"><small>by <a href=\"\/\/shs.hal.science\" target=\"_blank\" title=\"shs.hal.science\">ano.nymous@ccsd.cnrs.fr.invalid (Fran\u00e7oise Bahoken)<\/a> on 12 septembre 2020 <\/small><\/p>\n<p>[...]<\/p>\n<\/div>\n<\/li>\n<li  style=\"padding: 15px 0 25px\" class=\"rss_item\"><span class=\"title\"><a href=\"https:\/\/shs.hal.science\/halshs-02937236v1\" target=\"_blank\" rel=\" noopener\">[halshs-02937236] Interroger les cartes : raisons et affects<\/a><\/span>\n<div class=\"rss_content\" style=\"\"><small>by <a href=\"\/\/shs.hal.science\" target=\"_blank\" title=\"shs.hal.science\">ano.nymous@ccsd.cnrs.fr.invalid (Fran\u00e7oise Bahoken)<\/a> on 12 septembre 2020 <\/small><\/p>\n<p>[...]<\/p>\n<\/div>\n<\/li>\n<li  style=\"padding: 15px 0 25px\" class=\"rss_item\"><span class=\"title\"><a href=\"https:\/\/shs.hal.science\/halshs-02937095v1\" target=\"_blank\" rel=\" noopener\">[halshs-02937095] M\u00e9fiez-vous des cartes, pas des migrants !<\/a><\/span>\n<div class=\"rss_content\" style=\"\"><small>by <a href=\"\/\/shs.hal.science\" target=\"_blank\" title=\"shs.hal.science\">ano.nymous@ccsd.cnrs.fr.invalid (Fran\u00e7oise Bahoken)<\/a> on 12 septembre 2020 <\/small><\/p>\n<p>La cartographie th\u00e9matique de donn\u00e9es statistiques implique de nombreux choix qui conduisent \u00e0 questionner son impartialit\u00e9. Il est possible d'agir sur les donn\u00e9es, num\u00e9riques et g\u00e9ographiques, sur leur repr\u00e9sentation et sur les \u00e9motions qu'elles suscitent. Cet exercice reproductible de [&hellip;]<\/p>\n<\/div>\n<\/li>\n<li  style=\"padding: 15px 0 25px\" class=\"rss_item\"><span class=\"title\"><a href=\"https:\/\/shs.hal.science\/halshs-02533955v1\" target=\"_blank\" rel=\" noopener\">[halshs-02533955] Cartographier les migrations et leurs contr\u00f4les : r\u00e9flexions autour de l\u2019atlas de Migreurop<\/a><\/span>\n<div class=\"rss_content\" style=\"\"><small>by <a href=\"\/\/shs.hal.science\" target=\"_blank\" title=\"shs.hal.science\">ano.nymous@ccsd.cnrs.fr.invalid (Olivier Clochard)<\/a> on 6 avril 2020 <\/small><\/p>\n<p>[...]<\/p>\n<\/div>\n<\/li>\n<li  style=\"padding: 15px 0 25px\" class=\"rss_item\"><span class=\"title\"><a href=\"https:\/\/shs.hal.science\/halshs-02515334v1\" target=\"_blank\" rel=\" noopener\">[halshs-02515334] L\u2019\u00e9volution d\u2019un r\u00e9gime frontalier en mer M\u00e9diterran\u00e9e<\/a><\/span>\n<div class=\"rss_content\" style=\"\"><small>by <a href=\"\/\/shs.hal.science\" target=\"_blank\" title=\"shs.hal.science\">ano.nymous@ccsd.cnrs.fr.invalid (Olivier Clochard)<\/a> on 23 mars 2020 <\/small><\/p>\n<p>[...]<\/p>\n<\/div>\n<\/li>\n<\/ul><\/div>\n<style type=\"text\/css\" media=\"all\">.feedzy-rss .rss_item .rss_image{float:left;position:relative;border:none;text-decoration:none;max-width:100%}.feedzy-rss .rss_item .rss_image span{display:inline-block;position:absolute;width:100%;height:100%;background-position:50%;background-size:cover}.feedzy-rss .rss_item .rss_image{margin:.3em 1em 0 0;content-visibility:auto}.feedzy-rss ul{list-style:none}.feedzy-rss ul li{display:inline-block}<\/style>\n<div class=\"et_pb_row et_pb_row_1 et_pb_row_empty\"><\/div><\/p>\n","protected":false},"author":8,"featured_media":0,"parent":0,"menu_order":0,"comment_status":"closed","ping_status":"closed","template":"","meta":{"_et_pb_use_builder":"on","_et_pb_old_content":"","_et_gb_content_width":"","footnotes":""},"class_list":["post-948","page","type-page","status-publish","hentry"],"_links":{"self":[{"href":"https:\/\/wordpress-test.app.u-pariscite.fr\/ghes\/wp-json\/wp\/v2\/pages\/948","targetHints":{"allow":["GET"]}}],"collection":[{"href":"https:\/\/wordpress-test.app.u-pariscite.fr\/ghes\/wp-json\/wp\/v2\/pages"}],"about":[{"href":"https:\/\/wordpress-test.app.u-pariscite.fr\/ghes\/wp-json\/wp\/v2\/types\/page"}],"author":[{"embeddable":true,"href":"https:\/\/wordpress-test.app.u-pariscite.fr\/ghes\/wp-json\/wp\/v2\/users\/8"}],"replies":[{"embeddable":true,"href":"https:\/\/wordpress-test.app.u-pariscite.fr\/ghes\/wp-json\/wp\/v2\/comments?post=948"}],"version-history":[{"count":1,"href":"https:\/\/wordpress-test.app.u-pariscite.fr\/ghes\/wp-json\/wp\/v2\/pages\/948\/revisions"}],"predecessor-version":[{"id":951,"href":"https:\/\/wordpress-test.app.u-pariscite.fr\/ghes\/wp-json\/wp\/v2\/pages\/948\/revisions\/951"}],"wp:attachment":[{"href":"https:\/\/wordpress-test.app.u-pariscite.fr\/ghes\/wp-json\/wp\/v2\/media?parent=948"}],"curies":[{"name":"wp","href":"https:\/\/api.w.org\/{rel}","templated":true}]}}