{"id":945,"date":"2021-12-08T15:05:31","date_gmt":"2021-12-08T14:05:31","guid":{"rendered":"https:\/\/wordpress-test.app.u-pariscite.fr\/ghes\/?page_id=945"},"modified":"2021-12-08T15:05:53","modified_gmt":"2021-12-08T14:05:53","slug":"pole-de-recherche-pour-lorganisation-et-la-diffusion-de-linformation-geographique","status":"publish","type":"page","link":"https:\/\/wordpress-test.app.u-pariscite.fr\/ghes\/pole-de-recherche-pour-lorganisation-et-la-diffusion-de-linformation-geographique\/","title":{"rendered":"PRODIG (UMR 8586) \u2013 P\u00f4le de Recherche pour l\u2019Organisation et la Diffusion de l\u2019Information G\u00e9ographique"},"content":{"rendered":"<p>[et_pb_section bb_built=\u00a0\u00bb1&Prime; inner_width_tablet=\u00a0\u00bb50px\u00a0\u00bb inner_max_width_tablet=\u00a0\u00bb50px\u00a0\u00bb _builder_version=\u00a0\u00bb3.22.1&Prime; module_id=\u00a0\u00bbHAL\u00a0\u00bb z_index_tablet=\u00a0\u00bb500&Prime;][et_pb_row][et_pb_column type=\u00a0\u00bb4_4&Prime;][et_pb_post_title admin_label=\u00a0\u00bbTitre de la page\u00a0\u00bb _builder_version=\u00a0\u00bb3.19.11&Prime; meta=\u00a0\u00bboff\u00a0\u00bb featured_image=\u00a0\u00bboff\u00a0\u00bb \/][et_pb_text _builder_version=\u00a0\u00bb3.22.1&Prime; module_id=\u00a0\u00bbcontenu\u00a0\u00bb text_text_shadow_horizontal_length=\u00a0\u00bbtext_text_shadow_style,%91object Object%93&Prime; text_text_shadow_vertical_length=\u00a0\u00bbtext_text_shadow_style,%91object Object%93&Prime; text_text_shadow_blur_strength=\u00a0\u00bbtext_text_shadow_style,%91object Object%93&Prime; link_text_shadow_horizontal_length=\u00a0\u00bblink_text_shadow_style,%91object Object%93&Prime; link_text_shadow_vertical_length=\u00a0\u00bblink_text_shadow_style,%91object Object%93&Prime; link_text_shadow_blur_strength=\u00a0\u00bblink_text_shadow_style,%91object Object%93&Prime; ul_text_shadow_horizontal_length=\u00a0\u00bbul_text_shadow_style,%91object Object%93&Prime; ul_text_shadow_vertical_length=\u00a0\u00bbul_text_shadow_style,%91object Object%93&Prime; ul_text_shadow_blur_strength=\u00a0\u00bbul_text_shadow_style,%91object Object%93&Prime; ol_text_shadow_horizontal_length=\u00a0\u00bbol_text_shadow_style,%91object Object%93&Prime; ol_text_shadow_vertical_length=\u00a0\u00bbol_text_shadow_style,%91object Object%93&Prime; ol_text_shadow_blur_strength=\u00a0\u00bbol_text_shadow_style,%91object Object%93&Prime; quote_text_shadow_horizontal_length=\u00a0\u00bbquote_text_shadow_style,%91object Object%93&Prime; quote_text_shadow_vertical_length=\u00a0\u00bbquote_text_shadow_style,%91object Object%93&Prime; quote_text_shadow_blur_strength=\u00a0\u00bbquote_text_shadow_style,%91object Object%93&Prime; header_text_shadow_horizontal_length=\u00a0\u00bbheader_text_shadow_style,%91object Object%93&Prime; header_text_shadow_vertical_length=\u00a0\u00bbheader_text_shadow_style,%91object Object%93&Prime; header_text_shadow_blur_strength=\u00a0\u00bbheader_text_shadow_style,%91object Object%93&Prime; header_2_text_shadow_horizontal_length=\u00a0\u00bbheader_2_text_shadow_style,%91object Object%93&Prime; header_2_text_shadow_vertical_length=\u00a0\u00bbheader_2_text_shadow_style,%91object Object%93&Prime; header_2_text_shadow_blur_strength=\u00a0\u00bbheader_2_text_shadow_style,%91object Object%93&Prime; header_3_text_shadow_horizontal_length=\u00a0\u00bbheader_3_text_shadow_style,%91object Object%93&Prime; header_3_text_shadow_vertical_length=\u00a0\u00bbheader_3_text_shadow_style,%91object Object%93&Prime; header_3_text_shadow_blur_strength=\u00a0\u00bbheader_3_text_shadow_style,%91object Object%93&Prime; header_4_text_shadow_horizontal_length=\u00a0\u00bbheader_4_text_shadow_style,%91object Object%93&Prime; header_4_text_shadow_vertical_length=\u00a0\u00bbheader_4_text_shadow_style,%91object Object%93&Prime; header_4_text_shadow_blur_strength=\u00a0\u00bbheader_4_text_shadow_style,%91object Object%93&Prime; header_5_text_shadow_horizontal_length=\u00a0\u00bbheader_5_text_shadow_style,%91object Object%93&Prime; header_5_text_shadow_vertical_length=\u00a0\u00bbheader_5_text_shadow_style,%91object Object%93&Prime; header_5_text_shadow_blur_strength=\u00a0\u00bbheader_5_text_shadow_style,%91object Object%93&Prime; header_6_text_shadow_horizontal_length=\u00a0\u00bbheader_6_text_shadow_style,%91object Object%93&Prime; header_6_text_shadow_vertical_length=\u00a0\u00bbheader_6_text_shadow_style,%91object Object%93&Prime; header_6_text_shadow_blur_strength=\u00a0\u00bbheader_6_text_shadow_style,%91object Object%93&Prime; z_index_tablet=\u00a0\u00bb500&Prime;]<\/p>\n<h3>Les derni\u00e8res publications<\/h3>\n<div class=\"feedzy-aefbfba9c48f84e9cbaed9704918a50d feedzy-rss\"><ul><li  style=\"padding: 15px 0 25px\" class=\"rss_item\"><span class=\"title\"><a href=\"https:\/\/hal.science\/hal-05571332v1\" target=\"_blank\" rel=\" noopener\">[hal-05571332] Sidewalk solidarity and networked camaraderie: app-based drivers and infrastructural citizenship in Vietnam<\/a><\/span><div class=\"rss_content\" style=\"\"><small>by <a href=\"\/\/hal.science\" target=\"_blank\" title=\"hal.science\">ano.nymous@ccsd.cnrs.fr.invalid (Binh Nguyen)<\/a> on 29 mars 2026 <\/small><p>Since ride-hailing platforms entered Vietnam in 2014, Hanoi and Ho Chi Minh City (HCMC) have witnessed a rapid increase in motorbike-based ride and delivery apps and driver numbers, alongside car-hailing options. While platformisation has reshaped urban labour and mobility markets, the social [&hellip;]<\/p><\/div><\/li><li  style=\"padding: 15px 0 25px\" class=\"rss_item\"><span class=\"title\"><a href=\"https:\/\/hal.science\/hal-05533618v1\" target=\"_blank\" rel=\" noopener\">[hal-05533618] Agriculture in the forest<\/a><\/span><div class=\"rss_content\" style=\"\"><small>by <a href=\"\/\/hal.science\" target=\"_blank\" title=\"hal.science\">ano.nymous@ccsd.cnrs.fr.invalid (Olivier Ducourtieux)<\/a> on 3 mars 2026 <\/small><p>Agriculture is now one of the main types of land use in the world. According to the Food and Agriculture Organization (FAO), forests covered only 31% of the land in the world in 2020, while land used for agriculture\u2014 i.e., arable land, permanent crops, and pastures\u2014 accounted for 37%. However, [&hellip;]<\/p><\/div><\/li><li  style=\"padding: 15px 0 25px\" class=\"rss_item\"><span class=\"title\"><a href=\"https:\/\/hal.science\/hal-05533599v1\" target=\"_blank\" rel=\" noopener\">[hal-05533599] Managing the Flooding Hazard Through Hydraulic Planning: The Tonle Sap (Cambodia) and Mekong Delta (Vietnam)<\/a><\/span><div class=\"rss_content\" style=\"\"><small>by <a href=\"\/\/hal.science\" target=\"_blank\" title=\"hal.science\">ano.nymous@ccsd.cnrs.fr.invalid (Olivier Ducourtieux)<\/a> on 2 mars 2026 <\/small><p>[...]<\/p><\/div><\/li><li  style=\"padding: 15px 0 25px\" class=\"rss_item\"><span class=\"title\"><a href=\"https:\/\/hal.science\/hal-05516941v1\" target=\"_blank\" rel=\" noopener\">[hal-05516941] La transition \u00e9cologique en mati\u00e8re de littoral en France<\/a><\/span><div class=\"rss_content\" style=\"\"><small>by <a href=\"\/\/hal.science\" target=\"_blank\" title=\"hal.science\">ano.nymous@ccsd.cnrs.fr.invalid (Fr\u00e9d\u00e9ric Bertrand)<\/a> on 18 f\u00e9vrier 2026 <\/small><p>[...]<\/p><\/div><\/li><li  style=\"padding: 15px 0 25px\" class=\"rss_item\"><span class=\"title\"><a href=\"https:\/\/hal.science\/hal-05299720v1\" target=\"_blank\" rel=\" noopener\">[hal-05299720] Dynamique de la v\u00e9g\u00e9tation et restauration \u00e9cologique du secteur d\u00e9pold\u00e9ris\u00e9 de Graveyron (Audenge, Gironde)<\/a><\/span><div class=\"rss_content\" style=\"\"><small>by <a href=\"\/\/hal.science\" target=\"_blank\" title=\"hal.science\">ano.nymous@ccsd.cnrs.fr.invalid (Fr\u00e9d\u00e9ric Bertrand)<\/a> on 6 octobre 2025 <\/small><p>La gestion du risque de submersion marine sur les c\u00f4tes basses \u00e0 vasi\u00e8res fait d\u00e9sormais appel aux techniques de d\u00e9fense souples impliquant la restauration \u00e9cologique des marais sal\u00e9s. La d\u00e9pold\u00e9risation accidentelle de la pointe du domaine de Graveyron (10ha), situ\u00e9 sur la rive interne [&hellip;]<\/p><\/div><\/li><li  style=\"padding: 15px 0 25px\" class=\"rss_item\"><span class=\"title\"><a href=\"https:\/\/hal.science\/hal-04308546v1\" target=\"_blank\" rel=\" noopener\">[hal-04308546] Modes de gestion de la diversit\u00e9 cultiv\u00e9e par les paysans dans le bassin arachidier au S\u00e9n\u00e9gal : la coexistence comme nouvelle...<\/a><\/span><div class=\"rss_content\" style=\"\"><small>by <a href=\"\/\/hal.science\" target=\"_blank\" title=\"hal.science\">ano.nymous@ccsd.cnrs.fr.invalid (Oc\u00e9ane Cobelli)<\/a> on 23 juillet 2025 <\/small><p>Les syst\u00e8mes semenciers paysans jouent un r\u00f4le crucial dans l'acc\u00e8s aux semences en Afrique de l'Ouest. Cependant, les \u00c9tats et les bailleurs de d\u00e9veloppement visent \u00e0 structurer ces syst\u00e8mes semenciers, notamment via l'expansion des coop\u00e9ratives semenci\u00e8res et la commercialisation de [&hellip;]<\/p><\/div><\/li><li  style=\"padding: 15px 0 25px\" class=\"rss_item\"><span class=\"title\"><a href=\"https:\/\/hal.science\/hal-04308536v1\" target=\"_blank\" rel=\" noopener\">[hal-04308536] Pr\u00e9sentation. Les syst\u00e8mes semenciers au prisme de l'\u00e9volution des normes<\/a><\/span><div class=\"rss_content\" style=\"\"><small>by <a href=\"\/\/hal.science\" target=\"_blank\" title=\"hal.science\">ano.nymous@ccsd.cnrs.fr.invalid (Christine Raimond)<\/a> on 23 juillet 2025 <\/small><p>[...]<\/p><\/div><\/li><li  style=\"padding: 15px 0 25px\" class=\"rss_item\"><span class=\"title\"><a href=\"https:\/\/hal.science\/hal-05075521v1\" target=\"_blank\" rel=\" noopener\">[hal-05075521] L'Inde dans la mondialisation pharmaceutique Sud-Sud<\/a><\/span><div class=\"rss_content\" style=\"\"><small>by <a href=\"\/\/hal.science\" target=\"_blank\" title=\"hal.science\">ano.nymous@ccsd.cnrs.fr.invalid (Yves-Marie Rault-Chodankar)<\/a> on 20 mai 2025 <\/small><p>L'Inde est aujourd'hui le principal exportateur de produits pharmaceutiques du Sud global. C'est le r\u00e9sultat d'une strat\u00e9gie d'\u00e9mancipation face \u00e0 une d\u00e9pendance h\u00e9rit\u00e9e de la p\u00e9riode coloniale britannique. Son industrie s'appuie sur un tissu dense d'entreprises de tailles vari\u00e9es, [&hellip;]<\/p><\/div><\/li><li  style=\"padding: 15px 0 25px\" class=\"rss_item\"><span class=\"title\"><a href=\"https:\/\/hal.science\/hal-05049554v1\" target=\"_blank\" rel=\" noopener\">[hal-05049554] De la science \u00e0 l\u2019\u00e9cole : retours d\u2019exp\u00e9rience Ouragame - Mon lopin de mer<\/a><\/span><div class=\"rss_content\" style=\"\"><small>by <a href=\"\/\/hal.science\" target=\"_blank\" title=\"hal.science\">ano.nymous@ccsd.cnrs.fr.invalid (Delphine Grancher)<\/a> on 28 avril 2025 <\/small><p>Cette pr\u00e9sentation vise \u00e0 apporter des r\u00e9ponses, sur la base de deux \u00e9tudes de cas, \u00e0 la question de savoir ce que l'utilisation de jeux dans un cadre scolaire impose en termes de format et de mode de conception et d'utilisation du jeu. Le jeu \u00ab Mon lopin de mer \u00bb est un jeu de plateau dont [&hellip;]<\/p><\/div><\/li><li  style=\"padding: 15px 0 25px\" class=\"rss_item\"><span class=\"title\"><a href=\"https:\/\/hal.science\/hal-04841647v1\" target=\"_blank\" rel=\" noopener\">[hal-04841647] Le pastoralisme et la jeunesse pastorale au Burkina Faso<\/a><\/span><div class=\"rss_content\" style=\"\"><small>by <a href=\"\/\/hal.science\" target=\"_blank\" title=\"hal.science\">ano.nymous@ccsd.cnrs.fr.invalid (V\u00e9ronique Ancey)<\/a> on 16 d\u00e9cembre 2024 <\/small><p>L\u2019\u00e9tude fait suite \u00e0 une recherche-action conduite en 2019-2020 par la FAO sur les \u00abJeunes Pasteurs en ville : Accompagner l\u2019insertion \u00e9conomique et sociale des jeunes pasteurs (Tchad et Burkina Faso)\u00bb. Les r\u00e9sultats de 2019-2020 avaient mis en \u00e9vidence le souci des populations [&hellip;]<\/p><\/div><\/li><li  style=\"padding: 15px 0 25px\" class=\"rss_item\"><span class=\"title\"><a href=\"https:\/\/shs.hal.science\/halshs-04817469v1\" target=\"_blank\" rel=\" noopener\">[halshs-04817469] D\u00e9r\u00e8glement climatique et zones humides au sahel : une acc\u00e9l\u00e9ration des d\u00e9parts en migration ?<\/a><\/span><div class=\"rss_content\" style=\"\"><small>by <a href=\"\/\/shs.hal.science\" target=\"_blank\" title=\"shs.hal.science\">ano.nymous@ccsd.cnrs.fr.invalid (Christine Raimond)<\/a> on 3 d\u00e9cembre 2024 <\/small><p>Les zones humides au Sahel sont reconnues pour les nombreux services qu\u2019elles rendent aux populations qui en d\u00e9pendent plus ou moins directement : tr\u00e8s li\u00e9es au climat, peut-on relier d\u00e9r\u00e8glement climatique et migration ? A partir du lac Fitri au centre du Tchad, nous rappelons [&hellip;]<\/p><\/div><\/li><li  style=\"padding: 15px 0 25px\" class=\"rss_item\"><span class=\"title\"><a href=\"https:\/\/amu.hal.science\/hal-04742183v1\" target=\"_blank\" rel=\" noopener\">[hal-04742183] Abdoulaye\u00a0Bara\u00a0Diop ou les d\u00e9buts d\u2019un pr\u00e9curseur \u00e0 l\u2019universit\u00e9 s\u00e9n\u00e9galaise<\/a><\/span><div class=\"rss_content\" style=\"\"><small>by <a href=\"\/\/amu.hal.science\" target=\"_blank\" title=\"amu.hal.science\">ano.nymous@ccsd.cnrs.fr.invalid (Sylvie Bredeloup)<\/a> on 17 octobre 2024 <\/small><p>[...]<\/p><\/div><\/li><\/ul> <\/div><style type=\"text\/css\" media=\"all\">.feedzy-rss .rss_item .rss_image{float:left;position:relative;border:none;text-decoration:none;max-width:100%}.feedzy-rss .rss_item .rss_image span{display:inline-block;position:absolute;width:100%;height:100%;background-position:50%;background-size:cover}.feedzy-rss .rss_item .rss_image{margin:.3em 1em 0 0;content-visibility:auto}.feedzy-rss ul{list-style:none}.feedzy-rss ul li{display:inline-block}<\/style>\n<p>[\/et_pb_text][\/et_pb_column][\/et_pb_row][et_pb_row][et_pb_column type=\u00a0\u00bb1_4&Prime;][et_pb_button admin_label=\u00a0\u00bbbouton &#8211; toutes les publicataions\u00a0\u00bb button_url=\u00a0\u00bbhttps:\/\/hal-univ-paris.archives-ouvertes.fr\/search\/index\/?q=%2A&amp;structId_i=409849&amp;sort=producedDate_tdate+desc\u00a0\u00bb button_text=\u00a0\u00bbToutes les publications\u00a0\u00bb button_alignment=\u00a0\u00bbleft\u00a0\u00bb _builder_version=\u00a0\u00bb3.22.1&Prime; custom_button=\u00a0\u00bbon\u00a0\u00bb button_text_color=\u00a0\u00bb#ffffff\u00a0\u00bb button_bg_color=\u00a0\u00bb#8a1538&Prime; button_border_width=\u00a0\u00bb2&Prime; button_border_radius=\u00a0\u00bb26&Prime; button_icon=\u00a0\u00bb%%20%%\u00a0\u00bb button_icon_color=\u00a0\u00bb#ffffff\u00a0\u00bb button_on_hover=\u00a0\u00bboff\u00a0\u00bb background_layout=\u00a0\u00bbdark\u00a0\u00bb hover_enabled=\u00a0\u00bb0&Prime; custom_css_after=\u00a0\u00bbmargin-left: 0!important;\u00a0\u00bb saved_tabs=\u00a0\u00bball\u00a0\u00bb background_layout__hover_enabled=\u00a0\u00bbon\u00a0\u00bb background_layout__hover=\u00a0\u00bblight\u00a0\u00bb button_bg_color__hover_enabled=\u00a0\u00bbon\u00a0\u00bb button_bg_color__hover=\u00a0\u00bb#ffffff\u00a0\u00bb button_icon_color__hover_enabled=\u00a0\u00bbon\u00a0\u00bb button_icon_color__hover=\u00a0\u00bb#aa004f\u00a0\u00bb button_text_color__hover_enabled=\u00a0\u00bbon\u00a0\u00bb button_text_color__hover=\u00a0\u00bb#aa004f\u00a0\u00bb custom_css_after__hover_enabled=\u00a0\u00bbon\u00a0\u00bb custom_css_after__hover=\u00a0\u00bbmargin-left: 0!important;\u00a0\u00bb button_border_color=\u00a0\u00bb#8a1538&Prime; button_text_shadow_horizontal_length=\u00a0\u00bbbutton_text_shadow_style,%91object Object%93&Prime; button_text_shadow_vertical_length=\u00a0\u00bbbutton_text_shadow_style,%91object Object%93&Prime; button_text_shadow_blur_strength=\u00a0\u00bbbutton_text_shadow_style,%91object Object%93&Prime; z_index_tablet=\u00a0\u00bb500&Prime; \/][\/et_pb_column][et_pb_column type=\u00a0\u00bb1_4&Prime;][\/et_pb_column][et_pb_column type=\u00a0\u00bb1_4&Prime;][\/et_pb_column][et_pb_column type=\u00a0\u00bb1_4&Prime;][\/et_pb_column][\/et_pb_row][\/et_pb_section]<\/p>\n","protected":false},"excerpt":{"rendered":"<div class=\"et_pb_row et_pb_row_0 et_pb_row_empty\"><\/div>\n<p> Les derni\u00e8res publications<\/p>\n<div class=\"feedzy-aefbfba9c48f84e9cbaed9704918a50d feedzy-rss\">\n<ul>\n<li  style=\"padding: 15px 0 25px\" class=\"rss_item\"><span class=\"title\"><a href=\"https:\/\/hal.science\/hal-05571332v1\" target=\"_blank\" rel=\" noopener\">[hal-05571332] Sidewalk solidarity and networked camaraderie: app-based drivers and infrastructural citizenship in Vietnam<\/a><\/span>\n<div class=\"rss_content\" style=\"\"><small>by <a href=\"\/\/hal.science\" target=\"_blank\" title=\"hal.science\">ano.nymous@ccsd.cnrs.fr.invalid (Binh Nguyen)<\/a> on 29 mars 2026 <\/small><\/p>\n<p>Since ride-hailing platforms entered Vietnam in 2014, Hanoi and Ho Chi Minh City (HCMC) have witnessed a rapid increase in motorbike-based ride and delivery apps and driver numbers, alongside car-hailing options. While platformisation has reshaped urban labour and mobility markets, the social [&hellip;]<\/p>\n<\/div>\n<\/li>\n<li  style=\"padding: 15px 0 25px\" class=\"rss_item\"><span class=\"title\"><a href=\"https:\/\/hal.science\/hal-05533618v1\" target=\"_blank\" rel=\" noopener\">[hal-05533618] Agriculture in the forest<\/a><\/span>\n<div class=\"rss_content\" style=\"\"><small>by <a href=\"\/\/hal.science\" target=\"_blank\" title=\"hal.science\">ano.nymous@ccsd.cnrs.fr.invalid (Olivier Ducourtieux)<\/a> on 3 mars 2026 <\/small><\/p>\n<p>Agriculture is now one of the main types of land use in the world. According to the Food and Agriculture Organization (FAO), forests covered only 31% of the land in the world in 2020, while land used for agriculture\u2014 i.e., arable land, permanent crops, and pastures\u2014 accounted for 37%. However, [&hellip;]<\/p>\n<\/div>\n<\/li>\n<li  style=\"padding: 15px 0 25px\" class=\"rss_item\"><span class=\"title\"><a href=\"https:\/\/hal.science\/hal-05533599v1\" target=\"_blank\" rel=\" noopener\">[hal-05533599] Managing the Flooding Hazard Through Hydraulic Planning: The Tonle Sap (Cambodia) and Mekong Delta (Vietnam)<\/a><\/span>\n<div class=\"rss_content\" style=\"\"><small>by <a href=\"\/\/hal.science\" target=\"_blank\" title=\"hal.science\">ano.nymous@ccsd.cnrs.fr.invalid (Olivier Ducourtieux)<\/a> on 2 mars 2026 <\/small><\/p>\n<p>[...]<\/p>\n<\/div>\n<\/li>\n<li  style=\"padding: 15px 0 25px\" class=\"rss_item\"><span class=\"title\"><a href=\"https:\/\/hal.science\/hal-05516941v1\" target=\"_blank\" rel=\" noopener\">[hal-05516941] La transition \u00e9cologique en mati\u00e8re de littoral en France<\/a><\/span>\n<div class=\"rss_content\" style=\"\"><small>by <a href=\"\/\/hal.science\" target=\"_blank\" title=\"hal.science\">ano.nymous@ccsd.cnrs.fr.invalid (Fr\u00e9d\u00e9ric Bertrand)<\/a> on 18 f\u00e9vrier 2026 <\/small><\/p>\n<p>[...]<\/p>\n<\/div>\n<\/li>\n<li  style=\"padding: 15px 0 25px\" class=\"rss_item\"><span class=\"title\"><a href=\"https:\/\/hal.science\/hal-05299720v1\" target=\"_blank\" rel=\" noopener\">[hal-05299720] Dynamique de la v\u00e9g\u00e9tation et restauration \u00e9cologique du secteur d\u00e9pold\u00e9ris\u00e9 de Graveyron (Audenge, Gironde)<\/a><\/span>\n<div class=\"rss_content\" style=\"\"><small>by <a href=\"\/\/hal.science\" target=\"_blank\" title=\"hal.science\">ano.nymous@ccsd.cnrs.fr.invalid (Fr\u00e9d\u00e9ric Bertrand)<\/a> on 6 octobre 2025 <\/small><\/p>\n<p>La gestion du risque de submersion marine sur les c\u00f4tes basses \u00e0 vasi\u00e8res fait d\u00e9sormais appel aux techniques de d\u00e9fense souples impliquant la restauration \u00e9cologique des marais sal\u00e9s. La d\u00e9pold\u00e9risation accidentelle de la pointe du domaine de Graveyron (10ha), situ\u00e9 sur la rive interne [&hellip;]<\/p>\n<\/div>\n<\/li>\n<li  style=\"padding: 15px 0 25px\" class=\"rss_item\"><span class=\"title\"><a href=\"https:\/\/hal.science\/hal-04308546v1\" target=\"_blank\" rel=\" noopener\">[hal-04308546] Modes de gestion de la diversit\u00e9 cultiv\u00e9e par les paysans dans le bassin arachidier au S\u00e9n\u00e9gal : la coexistence comme nouvelle...<\/a><\/span>\n<div class=\"rss_content\" style=\"\"><small>by <a href=\"\/\/hal.science\" target=\"_blank\" title=\"hal.science\">ano.nymous@ccsd.cnrs.fr.invalid (Oc\u00e9ane Cobelli)<\/a> on 23 juillet 2025 <\/small><\/p>\n<p>Les syst\u00e8mes semenciers paysans jouent un r\u00f4le crucial dans l'acc\u00e8s aux semences en Afrique de l'Ouest. Cependant, les \u00c9tats et les bailleurs de d\u00e9veloppement visent \u00e0 structurer ces syst\u00e8mes semenciers, notamment via l'expansion des coop\u00e9ratives semenci\u00e8res et la commercialisation de [&hellip;]<\/p>\n<\/div>\n<\/li>\n<li  style=\"padding: 15px 0 25px\" class=\"rss_item\"><span class=\"title\"><a href=\"https:\/\/hal.science\/hal-04308536v1\" target=\"_blank\" rel=\" noopener\">[hal-04308536] Pr\u00e9sentation. Les syst\u00e8mes semenciers au prisme de l'\u00e9volution des normes<\/a><\/span>\n<div class=\"rss_content\" style=\"\"><small>by <a href=\"\/\/hal.science\" target=\"_blank\" title=\"hal.science\">ano.nymous@ccsd.cnrs.fr.invalid (Christine Raimond)<\/a> on 23 juillet 2025 <\/small><\/p>\n<p>[...]<\/p>\n<\/div>\n<\/li>\n<li  style=\"padding: 15px 0 25px\" class=\"rss_item\"><span class=\"title\"><a href=\"https:\/\/hal.science\/hal-05075521v1\" target=\"_blank\" rel=\" noopener\">[hal-05075521] L'Inde dans la mondialisation pharmaceutique Sud-Sud<\/a><\/span>\n<div class=\"rss_content\" style=\"\"><small>by <a href=\"\/\/hal.science\" target=\"_blank\" title=\"hal.science\">ano.nymous@ccsd.cnrs.fr.invalid (Yves-Marie Rault-Chodankar)<\/a> on 20 mai 2025 <\/small><\/p>\n<p>L'Inde est aujourd'hui le principal exportateur de produits pharmaceutiques du Sud global. C'est le r\u00e9sultat d'une strat\u00e9gie d'\u00e9mancipation face \u00e0 une d\u00e9pendance h\u00e9rit\u00e9e de la p\u00e9riode coloniale britannique. Son industrie s'appuie sur un tissu dense d'entreprises de tailles vari\u00e9es, [&hellip;]<\/p>\n<\/div>\n<\/li>\n<li  style=\"padding: 15px 0 25px\" class=\"rss_item\"><span class=\"title\"><a href=\"https:\/\/hal.science\/hal-05049554v1\" target=\"_blank\" rel=\" noopener\">[hal-05049554] De la science \u00e0 l\u2019\u00e9cole : retours d\u2019exp\u00e9rience Ouragame - Mon lopin de mer<\/a><\/span>\n<div class=\"rss_content\" style=\"\"><small>by <a href=\"\/\/hal.science\" target=\"_blank\" title=\"hal.science\">ano.nymous@ccsd.cnrs.fr.invalid (Delphine Grancher)<\/a> on 28 avril 2025 <\/small><\/p>\n<p>Cette pr\u00e9sentation vise \u00e0 apporter des r\u00e9ponses, sur la base de deux \u00e9tudes de cas, \u00e0 la question de savoir ce que l'utilisation de jeux dans un cadre scolaire impose en termes de format et de mode de conception et d'utilisation du jeu. Le jeu \u00ab Mon lopin de mer \u00bb est un jeu de plateau dont [&hellip;]<\/p>\n<\/div>\n<\/li>\n<li  style=\"padding: 15px 0 25px\" class=\"rss_item\"><span class=\"title\"><a href=\"https:\/\/hal.science\/hal-04841647v1\" target=\"_blank\" rel=\" noopener\">[hal-04841647] Le pastoralisme et la jeunesse pastorale au Burkina Faso<\/a><\/span>\n<div class=\"rss_content\" style=\"\"><small>by <a href=\"\/\/hal.science\" target=\"_blank\" title=\"hal.science\">ano.nymous@ccsd.cnrs.fr.invalid (V\u00e9ronique Ancey)<\/a> on 16 d\u00e9cembre 2024 <\/small><\/p>\n<p>L\u2019\u00e9tude fait suite \u00e0 une recherche-action conduite en 2019-2020 par la FAO sur les \u00abJeunes Pasteurs en ville : Accompagner l\u2019insertion \u00e9conomique et sociale des jeunes pasteurs (Tchad et Burkina Faso)\u00bb. Les r\u00e9sultats de 2019-2020 avaient mis en \u00e9vidence le souci des populations [&hellip;]<\/p>\n<\/div>\n<\/li>\n<li  style=\"padding: 15px 0 25px\" class=\"rss_item\"><span class=\"title\"><a href=\"https:\/\/shs.hal.science\/halshs-04817469v1\" target=\"_blank\" rel=\" noopener\">[halshs-04817469] D\u00e9r\u00e8glement climatique et zones humides au sahel : une acc\u00e9l\u00e9ration des d\u00e9parts en migration ?<\/a><\/span>\n<div class=\"rss_content\" style=\"\"><small>by <a href=\"\/\/shs.hal.science\" target=\"_blank\" title=\"shs.hal.science\">ano.nymous@ccsd.cnrs.fr.invalid (Christine Raimond)<\/a> on 3 d\u00e9cembre 2024 <\/small><\/p>\n<p>Les zones humides au Sahel sont reconnues pour les nombreux services qu\u2019elles rendent aux populations qui en d\u00e9pendent plus ou moins directement : tr\u00e8s li\u00e9es au climat, peut-on relier d\u00e9r\u00e8glement climatique et migration ? A partir du lac Fitri au centre du Tchad, nous rappelons [&hellip;]<\/p>\n<\/div>\n<\/li>\n<li  style=\"padding: 15px 0 25px\" class=\"rss_item\"><span class=\"title\"><a href=\"https:\/\/amu.hal.science\/hal-04742183v1\" target=\"_blank\" rel=\" noopener\">[hal-04742183] Abdoulaye\u00a0Bara\u00a0Diop ou les d\u00e9buts d\u2019un pr\u00e9curseur \u00e0 l\u2019universit\u00e9 s\u00e9n\u00e9galaise<\/a><\/span>\n<div class=\"rss_content\" style=\"\"><small>by <a href=\"\/\/amu.hal.science\" target=\"_blank\" title=\"amu.hal.science\">ano.nymous@ccsd.cnrs.fr.invalid (Sylvie Bredeloup)<\/a> on 17 octobre 2024 <\/small><\/p>\n<p>[...]<\/p>\n<\/div>\n<\/li>\n<\/ul><\/div>\n<style type=\"text\/css\" media=\"all\">.feedzy-rss .rss_item .rss_image{float:left;position:relative;border:none;text-decoration:none;max-width:100%}.feedzy-rss .rss_item .rss_image span{display:inline-block;position:absolute;width:100%;height:100%;background-position:50%;background-size:cover}.feedzy-rss .rss_item .rss_image{margin:.3em 1em 0 0;content-visibility:auto}.feedzy-rss ul{list-style:none}.feedzy-rss ul li{display:inline-block}<\/style>\n<div class=\"et_pb_row et_pb_row_1 et_pb_row_empty\"><\/div><\/p>\n","protected":false},"author":8,"featured_media":0,"parent":0,"menu_order":0,"comment_status":"closed","ping_status":"closed","template":"","meta":{"_et_pb_use_builder":"on","_et_pb_old_content":"","_et_gb_content_width":"","footnotes":""},"class_list":["post-945","page","type-page","status-publish","hentry"],"_links":{"self":[{"href":"https:\/\/wordpress-test.app.u-pariscite.fr\/ghes\/wp-json\/wp\/v2\/pages\/945","targetHints":{"allow":["GET"]}}],"collection":[{"href":"https:\/\/wordpress-test.app.u-pariscite.fr\/ghes\/wp-json\/wp\/v2\/pages"}],"about":[{"href":"https:\/\/wordpress-test.app.u-pariscite.fr\/ghes\/wp-json\/wp\/v2\/types\/page"}],"author":[{"embeddable":true,"href":"https:\/\/wordpress-test.app.u-pariscite.fr\/ghes\/wp-json\/wp\/v2\/users\/8"}],"replies":[{"embeddable":true,"href":"https:\/\/wordpress-test.app.u-pariscite.fr\/ghes\/wp-json\/wp\/v2\/comments?post=945"}],"version-history":[{"count":2,"href":"https:\/\/wordpress-test.app.u-pariscite.fr\/ghes\/wp-json\/wp\/v2\/pages\/945\/revisions"}],"predecessor-version":[{"id":947,"href":"https:\/\/wordpress-test.app.u-pariscite.fr\/ghes\/wp-json\/wp\/v2\/pages\/945\/revisions\/947"}],"wp:attachment":[{"href":"https:\/\/wordpress-test.app.u-pariscite.fr\/ghes\/wp-json\/wp\/v2\/media?parent=945"}],"curies":[{"name":"wp","href":"https:\/\/api.w.org\/{rel}","templated":true}]}}