{"id":943,"date":"2021-12-08T14:57:06","date_gmt":"2021-12-08T13:57:06","guid":{"rendered":"https:\/\/wordpress-test.app.u-pariscite.fr\/ghes\/?page_id=943"},"modified":"2021-12-08T14:57:06","modified_gmt":"2021-12-08T13:57:06","slug":"laboratoire-dynamiques-sociales-et-recomposition-des-espaces","status":"publish","type":"page","link":"https:\/\/wordpress-test.app.u-pariscite.fr\/ghes\/laboratoire-dynamiques-sociales-et-recomposition-des-espaces\/","title":{"rendered":"LADYSS (UMR 7533) \u2013 Laboratoire Dynamiques Sociales et Recomposition des Espaces"},"content":{"rendered":"<p>[et_pb_section bb_built=\u00a0\u00bb1&Prime; inner_width_tablet=\u00a0\u00bb50px\u00a0\u00bb inner_max_width_tablet=\u00a0\u00bb50px\u00a0\u00bb _builder_version=\u00a0\u00bb3.22.1&Prime; module_id=\u00a0\u00bbHAL\u00a0\u00bb z_index_tablet=\u00a0\u00bb500&Prime;][et_pb_row][et_pb_column type=\u00a0\u00bb4_4&Prime;][et_pb_post_title admin_label=\u00a0\u00bbTitre de la page\u00a0\u00bb _builder_version=\u00a0\u00bb3.19.11&Prime; meta=\u00a0\u00bboff\u00a0\u00bb featured_image=\u00a0\u00bboff\u00a0\u00bb \/][et_pb_text _builder_version=\u00a0\u00bb3.22.1&Prime; module_id=\u00a0\u00bbcontenu\u00a0\u00bb text_text_shadow_horizontal_length=\u00a0\u00bbtext_text_shadow_style,%91object Object%93&Prime; text_text_shadow_vertical_length=\u00a0\u00bbtext_text_shadow_style,%91object Object%93&Prime; text_text_shadow_blur_strength=\u00a0\u00bbtext_text_shadow_style,%91object Object%93&Prime; link_text_shadow_horizontal_length=\u00a0\u00bblink_text_shadow_style,%91object Object%93&Prime; link_text_shadow_vertical_length=\u00a0\u00bblink_text_shadow_style,%91object Object%93&Prime; link_text_shadow_blur_strength=\u00a0\u00bblink_text_shadow_style,%91object Object%93&Prime; ul_text_shadow_horizontal_length=\u00a0\u00bbul_text_shadow_style,%91object Object%93&Prime; ul_text_shadow_vertical_length=\u00a0\u00bbul_text_shadow_style,%91object Object%93&Prime; ul_text_shadow_blur_strength=\u00a0\u00bbul_text_shadow_style,%91object Object%93&Prime; ol_text_shadow_horizontal_length=\u00a0\u00bbol_text_shadow_style,%91object Object%93&Prime; ol_text_shadow_vertical_length=\u00a0\u00bbol_text_shadow_style,%91object Object%93&Prime; ol_text_shadow_blur_strength=\u00a0\u00bbol_text_shadow_style,%91object Object%93&Prime; quote_text_shadow_horizontal_length=\u00a0\u00bbquote_text_shadow_style,%91object Object%93&Prime; quote_text_shadow_vertical_length=\u00a0\u00bbquote_text_shadow_style,%91object Object%93&Prime; quote_text_shadow_blur_strength=\u00a0\u00bbquote_text_shadow_style,%91object Object%93&Prime; header_text_shadow_horizontal_length=\u00a0\u00bbheader_text_shadow_style,%91object Object%93&Prime; header_text_shadow_vertical_length=\u00a0\u00bbheader_text_shadow_style,%91object Object%93&Prime; header_text_shadow_blur_strength=\u00a0\u00bbheader_text_shadow_style,%91object Object%93&Prime; header_2_text_shadow_horizontal_length=\u00a0\u00bbheader_2_text_shadow_style,%91object Object%93&Prime; header_2_text_shadow_vertical_length=\u00a0\u00bbheader_2_text_shadow_style,%91object Object%93&Prime; header_2_text_shadow_blur_strength=\u00a0\u00bbheader_2_text_shadow_style,%91object Object%93&Prime; header_3_text_shadow_horizontal_length=\u00a0\u00bbheader_3_text_shadow_style,%91object Object%93&Prime; header_3_text_shadow_vertical_length=\u00a0\u00bbheader_3_text_shadow_style,%91object Object%93&Prime; header_3_text_shadow_blur_strength=\u00a0\u00bbheader_3_text_shadow_style,%91object Object%93&Prime; header_4_text_shadow_horizontal_length=\u00a0\u00bbheader_4_text_shadow_style,%91object Object%93&Prime; header_4_text_shadow_vertical_length=\u00a0\u00bbheader_4_text_shadow_style,%91object Object%93&Prime; header_4_text_shadow_blur_strength=\u00a0\u00bbheader_4_text_shadow_style,%91object Object%93&Prime; header_5_text_shadow_horizontal_length=\u00a0\u00bbheader_5_text_shadow_style,%91object Object%93&Prime; header_5_text_shadow_vertical_length=\u00a0\u00bbheader_5_text_shadow_style,%91object Object%93&Prime; header_5_text_shadow_blur_strength=\u00a0\u00bbheader_5_text_shadow_style,%91object Object%93&Prime; header_6_text_shadow_horizontal_length=\u00a0\u00bbheader_6_text_shadow_style,%91object Object%93&Prime; header_6_text_shadow_vertical_length=\u00a0\u00bbheader_6_text_shadow_style,%91object Object%93&Prime; header_6_text_shadow_blur_strength=\u00a0\u00bbheader_6_text_shadow_style,%91object Object%93&Prime; z_index_tablet=\u00a0\u00bb500&Prime;]<\/p>\n<h3>Les derni\u00e8res publications<\/h3>\n<div class=\"feedzy-e9b16ba9709beffa68e9b9f541286cc1 feedzy-rss\"><ul><li  style=\"padding: 15px 0 25px\" class=\"rss_item\"><span class=\"title\"><a href=\"https:\/\/hal.science\/hal-05593947v1\" target=\"_blank\" rel=\" noopener\">[hal-05593947] Qualit\u00e9 du travail et satisfaction des salari\u00e9s selon les contextes socio-productifs<\/a><\/span><div class=\"rss_content\" style=\"\"><small>by <a href=\"\/\/hal.science\" target=\"_blank\" title=\"hal.science\">ano.nymous@ccsd.cnrs.fr.invalid (Camille Signoretto)<\/a> on 16 avril 2026 <\/small><p>Une vaste litt\u00e9rature empirique \u00e9tudie les effets des mod\u00e8les d\u2019organisation du travail sur les conditions de travail et\/ou la satisfaction des salari\u00e9s. Cet article cherche \u00e0 la fois \u00e0 enrichir cette litt\u00e9rature et \u00e0 la d\u00e9passer, en prenant en consid\u00e9ration plus largement les contextes [&hellip;]<\/p><\/div><\/li><li  style=\"padding: 15px 0 25px\" class=\"rss_item\"><span class=\"title\"><a href=\"https:\/\/shs.hal.science\/halshs-05580934v1\" target=\"_blank\" rel=\" noopener\">[halshs-05580934] L\u2019\u00e9conomie des conventions\u00a0: les exigences de l\u2019incertitude de la coordination. Entretien avec Guillemette de\u00a0Larquier<\/a><\/span><div class=\"rss_content\" style=\"\"><small>by <a href=\"\/\/shs.hal.science\" target=\"_blank\" title=\"shs.hal.science\">ano.nymous@ccsd.cnrs.fr.invalid (Guillemette De Larquier)<\/a> on 4 avril 2026 <\/small><p>Guillemette de Larquier est \u00e9conomiste, reconnue pour ses travaux en \u00e9conomie du travail et pour son implication dans l\u2019\u00e9conomie des conventions. D\u00e8s sa th\u00e8se \u00e0 l\u2019universit\u00e9 de Nanterre sous la direction d\u2019Olivier Favereau, elle d\u00e9veloppe une approche conventionnaliste en \u00e9conomie du [&hellip;]<\/p><\/div><\/li><li  style=\"padding: 15px 0 25px\" class=\"rss_item\"><span class=\"title\"><a href=\"https:\/\/hal.science\/hal-05564094v1\" target=\"_blank\" rel=\" noopener\">[hal-05564094] The Paris Sewer Renaissance: Data, Health and Participatory Science<\/a><\/span><div class=\"rss_content\" style=\"\"><small>by <a href=\"\/\/hal.science\" target=\"_blank\" title=\"hal.science\">ano.nymous@ccsd.cnrs.fr.invalid (Thomas Thiebault)<\/a> on 24 mars 2026 <\/small><p>&lt;div&gt;&lt;p&gt;Aging urban wastewater infrastructure, often overlooked, can become a powerful lever for environmental and public health policy. Through the lens of the Parisian sewer system, this article highlights the growing pressures on sanitation networks -from combined sewer overflows to [&hellip;]<\/p><\/div><\/li><li  style=\"padding: 15px 0 25px\" class=\"rss_item\"><span class=\"title\"><a href=\"https:\/\/hal.science\/hal-05556333v1\" target=\"_blank\" rel=\" noopener\">[hal-05556333] Hi\u00e9rarchie et centralit\u00e9 dans les r\u00e9seaux \u00e9cologiques<\/a><\/span><div class=\"rss_content\" style=\"\"><small>by <a href=\"\/\/hal.science\" target=\"_blank\" title=\"hal.science\">ano.nymous@ccsd.cnrs.fr.invalid (Yohan Sahraoui)<\/a> on 17 mars 2026 <\/small><p>La mod\u00e9lisation spatiale des r\u00e9seaux \u00e9cologiques est une approche classique d'\u00e9valuation de la connectivit\u00e9 paysag\u00e8re, soit la capacit\u00e9 des esp\u00e8ces \u00e0 se d\u00e9placer dans les paysages. La structure hi\u00e9rarchique de ces r\u00e9seaux et la centralit\u00e9 de certains de ses attributs peuvent \u00eatre [&hellip;]<\/p><\/div><\/li><li  style=\"padding: 15px 0 25px\" class=\"rss_item\"><span class=\"title\"><a href=\"https:\/\/hal.science\/hal-05554336v1\" target=\"_blank\" rel=\" noopener\">[hal-05554336] Territoires sensibles : explorer le vivant \u00e0 travers la cr\u00e9ativit\u00e9 environnementale [Table ronde]<\/a><\/span><div class=\"rss_content\" style=\"\"><small>by <a href=\"\/\/hal.science\" target=\"_blank\" title=\"hal.science\">ano.nymous@ccsd.cnrs.fr.invalid (Nathalie Blanc)<\/a> on 16 mars 2026 <\/small><p>[...]<\/p><\/div><\/li><li  style=\"padding: 15px 0 25px\" class=\"rss_item\"><span class=\"title\"><a href=\"https:\/\/hal.science\/hal-05554311v1\" target=\"_blank\" rel=\" noopener\">[hal-05554311] Des r\u00e9cits pour des collectivit\u00e9s au c\u0153ur des changements transformateurs [Table ronde]<\/a><\/span><div class=\"rss_content\" style=\"\"><small>by <a href=\"\/\/hal.science\" target=\"_blank\" title=\"hal.science\">ano.nymous@ccsd.cnrs.fr.invalid (Nathalie Blanc)<\/a> on 16 mars 2026 <\/small><p>[...]<\/p><\/div><\/li><li  style=\"padding: 15px 0 25px\" class=\"rss_item\"><span class=\"title\"><a href=\"https:\/\/hal.science\/hal-05554277v1\" target=\"_blank\" rel=\" noopener\">[hal-05554277] Assessing the benefits of part-night lighting on a tropical bat species endemic to Reunion Island<\/a><\/span><div class=\"rss_content\" style=\"\"><small>by <a href=\"\/\/hal.science\" target=\"_blank\" title=\"hal.science\">ano.nymous@ccsd.cnrs.fr.invalid (K\u00e9vin Barr\u00e9)<\/a> on 16 mars 2026 <\/small><p>Artificial light at night (ALAN) is recognised as an emerging threat to global biodiversity but no technical mitigation strategy can prevent all impacts on ecosystems. Consequently, the most effective measure remains turning-off lights whenever and wherever possible. However, few studies, all [&hellip;]<\/p><\/div><\/li><li  style=\"padding: 15px 0 25px\" class=\"rss_item\"><span class=\"title\"><a href=\"https:\/\/hal.science\/hal-05551929v1\" target=\"_blank\" rel=\" noopener\">[hal-05551929] Resituer les classes ais\u00e9es du point de vue de l\u2019action publique environnementale : le cas de la Ville de Paris<\/a><\/span><div class=\"rss_content\" style=\"\"><small>by <a href=\"\/\/hal.science\" target=\"_blank\" title=\"hal.science\">ano.nymous@ccsd.cnrs.fr.invalid (Nathalie Blanc)<\/a> on 13 mars 2026 <\/small><p>[...]<\/p><\/div><\/li><li  style=\"padding: 15px 0 25px\" class=\"rss_item\"><span class=\"title\"><a href=\"https:\/\/hal.science\/hal-05551914v1\" target=\"_blank\" rel=\" noopener\">[hal-05551914] L\u2019ancrage territorial, un levier politique des initiatives \u00e9cologiques citoyennes : le cas du Grand Paris (France) et d\u2019Arnhem...<\/a><\/span><div class=\"rss_content\" style=\"\"><small>by <a href=\"\/\/hal.science\" target=\"_blank\" title=\"hal.science\">ano.nymous@ccsd.cnrs.fr.invalid (Hugo Rochard)<\/a> on 13 mars 2026 <\/small><p>[...]<\/p><\/div><\/li><li  style=\"padding: 15px 0 25px\" class=\"rss_item\"><span class=\"title\"><a href=\"https:\/\/hal.science\/hal-05551803v1\" target=\"_blank\" rel=\" noopener\">[hal-05551803] La justice environnementale urbaine au prisme des limites plan\u00e9taires. Comment concilier justice sociale et transition \u00e9cologique...<\/a><\/span><div class=\"rss_content\" style=\"\"><small>by <a href=\"\/\/hal.science\" target=\"_blank\" title=\"hal.science\">ano.nymous@ccsd.cnrs.fr.invalid (Nathalie Blanc)<\/a> on 13 mars 2026 <\/small><p>Cette communication examine comment la justice environnementale et climatique peut \u00eatre int\u00e9gr\u00e9e aux politiques de transition \u00e9cologique de Paris. S\u2019appuyant sur une recherche collaborative avec la Ville de Paris, les auteurs proposent l\u2019habitabilit\u00e9 comme concept m\u00e9diateur reliant les [&hellip;]<\/p><\/div><\/li><li  style=\"padding: 15px 0 25px\" class=\"rss_item\"><span class=\"title\"><a href=\"https:\/\/hal.science\/hal-05551530v1\" target=\"_blank\" rel=\" noopener\">[hal-05551530] L\u2019\u00e9cologie urbaine r\u00e9invent\u00e9e. [Table ronde]<\/a><\/span><div class=\"rss_content\" style=\"\"><small>by <a href=\"\/\/hal.science\" target=\"_blank\" title=\"hal.science\">ano.nymous@ccsd.cnrs.fr.invalid (Nathalie Blanc)<\/a> on 13 mars 2026 <\/small><p>[...]<\/p><\/div><\/li><li  style=\"padding: 15px 0 25px\" class=\"rss_item\"><span class=\"title\"><a href=\"https:\/\/hal.science\/hal-05549369v1\" target=\"_blank\" rel=\" noopener\">[hal-05549369] Une universit\u00e9 chang\u00e9e par le climat ? Vers de nouvelles pratiques et \u00e9pist\u00e9mologies [Table ronde]<\/a><\/span><div class=\"rss_content\" style=\"\"><small>by <a href=\"\/\/hal.science\" target=\"_blank\" title=\"hal.science\">ano.nymous@ccsd.cnrs.fr.invalid (Nathalie Blanc)<\/a> on 12 mars 2026 <\/small><p>[...]<\/p><\/div><\/li><\/ul> <\/div><style type=\"text\/css\" media=\"all\">.feedzy-rss .rss_item .rss_image{float:left;position:relative;border:none;text-decoration:none;max-width:100%}.feedzy-rss .rss_item .rss_image span{display:inline-block;position:absolute;width:100%;height:100%;background-position:50%;background-size:cover}.feedzy-rss .rss_item .rss_image{margin:.3em 1em 0 0;content-visibility:auto}.feedzy-rss ul{list-style:none}.feedzy-rss ul li{display:inline-block}<\/style>\n<p>[\/et_pb_text][\/et_pb_column][\/et_pb_row][et_pb_row][et_pb_column type=\u00a0\u00bb1_4&Prime;][et_pb_button admin_label=\u00a0\u00bbbouton &#8211; toutes les publicataions\u00a0\u00bb button_url=\u00a0\u00bbhttps:\/\/hal-univ-paris.archives-ouvertes.fr\/search\/index\/?q=%2A&amp;structId_i=1004856&amp;sort=producedDate_tdate+desc\u00a0\u00bb button_text=\u00a0\u00bbToutes les publications\u00a0\u00bb button_alignment=\u00a0\u00bbleft\u00a0\u00bb _builder_version=\u00a0\u00bb3.22.1&Prime; custom_button=\u00a0\u00bbon\u00a0\u00bb button_text_color=\u00a0\u00bb#ffffff\u00a0\u00bb button_bg_color=\u00a0\u00bb#8a1538&Prime; button_border_width=\u00a0\u00bb2&Prime; button_border_radius=\u00a0\u00bb26&Prime; button_icon=\u00a0\u00bb%%20%%\u00a0\u00bb button_icon_color=\u00a0\u00bb#ffffff\u00a0\u00bb button_on_hover=\u00a0\u00bboff\u00a0\u00bb background_layout=\u00a0\u00bbdark\u00a0\u00bb hover_enabled=\u00a0\u00bb0&Prime; custom_css_after=\u00a0\u00bbmargin-left: 0!important;\u00a0\u00bb saved_tabs=\u00a0\u00bball\u00a0\u00bb background_layout__hover_enabled=\u00a0\u00bbon\u00a0\u00bb background_layout__hover=\u00a0\u00bblight\u00a0\u00bb button_bg_color__hover_enabled=\u00a0\u00bbon\u00a0\u00bb button_bg_color__hover=\u00a0\u00bb#ffffff\u00a0\u00bb button_icon_color__hover_enabled=\u00a0\u00bbon\u00a0\u00bb button_icon_color__hover=\u00a0\u00bb#aa004f\u00a0\u00bb button_text_color__hover_enabled=\u00a0\u00bbon\u00a0\u00bb button_text_color__hover=\u00a0\u00bb#aa004f\u00a0\u00bb custom_css_after__hover_enabled=\u00a0\u00bbon\u00a0\u00bb custom_css_after__hover=\u00a0\u00bbmargin-left: 0!important;\u00a0\u00bb button_border_color=\u00a0\u00bb#8a1538&Prime; button_text_shadow_horizontal_length=\u00a0\u00bbbutton_text_shadow_style,%91object Object%93&Prime; button_text_shadow_vertical_length=\u00a0\u00bbbutton_text_shadow_style,%91object Object%93&Prime; button_text_shadow_blur_strength=\u00a0\u00bbbutton_text_shadow_style,%91object Object%93&Prime; z_index_tablet=\u00a0\u00bb500&Prime; \/][\/et_pb_column][et_pb_column type=\u00a0\u00bb1_4&Prime;][\/et_pb_column][et_pb_column type=\u00a0\u00bb1_4&Prime;][\/et_pb_column][et_pb_column type=\u00a0\u00bb1_4&Prime;][\/et_pb_column][\/et_pb_row][\/et_pb_section]<\/p>\n","protected":false},"excerpt":{"rendered":"<div class=\"et_pb_row et_pb_row_0 et_pb_row_empty\"><\/div>\n<p> Les derni\u00e8res publications<\/p>\n<div class=\"feedzy-e9b16ba9709beffa68e9b9f541286cc1 feedzy-rss\">\n<ul>\n<li  style=\"padding: 15px 0 25px\" class=\"rss_item\"><span class=\"title\"><a href=\"https:\/\/hal.science\/hal-05593947v1\" target=\"_blank\" rel=\" noopener\">[hal-05593947] Qualit\u00e9 du travail et satisfaction des salari\u00e9s selon les contextes socio-productifs<\/a><\/span>\n<div class=\"rss_content\" style=\"\"><small>by <a href=\"\/\/hal.science\" target=\"_blank\" title=\"hal.science\">ano.nymous@ccsd.cnrs.fr.invalid (Camille Signoretto)<\/a> on 16 avril 2026 <\/small><\/p>\n<p>Une vaste litt\u00e9rature empirique \u00e9tudie les effets des mod\u00e8les d\u2019organisation du travail sur les conditions de travail et\/ou la satisfaction des salari\u00e9s. Cet article cherche \u00e0 la fois \u00e0 enrichir cette litt\u00e9rature et \u00e0 la d\u00e9passer, en prenant en consid\u00e9ration plus largement les contextes [&hellip;]<\/p>\n<\/div>\n<\/li>\n<li  style=\"padding: 15px 0 25px\" class=\"rss_item\"><span class=\"title\"><a href=\"https:\/\/shs.hal.science\/halshs-05580934v1\" target=\"_blank\" rel=\" noopener\">[halshs-05580934] L\u2019\u00e9conomie des conventions\u00a0: les exigences de l\u2019incertitude de la coordination. Entretien avec Guillemette de\u00a0Larquier<\/a><\/span>\n<div class=\"rss_content\" style=\"\"><small>by <a href=\"\/\/shs.hal.science\" target=\"_blank\" title=\"shs.hal.science\">ano.nymous@ccsd.cnrs.fr.invalid (Guillemette De Larquier)<\/a> on 4 avril 2026 <\/small><\/p>\n<p>Guillemette de Larquier est \u00e9conomiste, reconnue pour ses travaux en \u00e9conomie du travail et pour son implication dans l\u2019\u00e9conomie des conventions. D\u00e8s sa th\u00e8se \u00e0 l\u2019universit\u00e9 de Nanterre sous la direction d\u2019Olivier Favereau, elle d\u00e9veloppe une approche conventionnaliste en \u00e9conomie du [&hellip;]<\/p>\n<\/div>\n<\/li>\n<li  style=\"padding: 15px 0 25px\" class=\"rss_item\"><span class=\"title\"><a href=\"https:\/\/hal.science\/hal-05564094v1\" target=\"_blank\" rel=\" noopener\">[hal-05564094] The Paris Sewer Renaissance: Data, Health and Participatory Science<\/a><\/span>\n<div class=\"rss_content\" style=\"\"><small>by <a href=\"\/\/hal.science\" target=\"_blank\" title=\"hal.science\">ano.nymous@ccsd.cnrs.fr.invalid (Thomas Thiebault)<\/a> on 24 mars 2026 <\/small><\/p>\n<p>&lt;div&gt;&lt;p&gt;Aging urban wastewater infrastructure, often overlooked, can become a powerful lever for environmental and public health policy. Through the lens of the Parisian sewer system, this article highlights the growing pressures on sanitation networks -from combined sewer overflows to [&hellip;]<\/p>\n<\/div>\n<\/li>\n<li  style=\"padding: 15px 0 25px\" class=\"rss_item\"><span class=\"title\"><a href=\"https:\/\/hal.science\/hal-05556333v1\" target=\"_blank\" rel=\" noopener\">[hal-05556333] Hi\u00e9rarchie et centralit\u00e9 dans les r\u00e9seaux \u00e9cologiques<\/a><\/span>\n<div class=\"rss_content\" style=\"\"><small>by <a href=\"\/\/hal.science\" target=\"_blank\" title=\"hal.science\">ano.nymous@ccsd.cnrs.fr.invalid (Yohan Sahraoui)<\/a> on 17 mars 2026 <\/small><\/p>\n<p>La mod\u00e9lisation spatiale des r\u00e9seaux \u00e9cologiques est une approche classique d'\u00e9valuation de la connectivit\u00e9 paysag\u00e8re, soit la capacit\u00e9 des esp\u00e8ces \u00e0 se d\u00e9placer dans les paysages. La structure hi\u00e9rarchique de ces r\u00e9seaux et la centralit\u00e9 de certains de ses attributs peuvent \u00eatre [&hellip;]<\/p>\n<\/div>\n<\/li>\n<li  style=\"padding: 15px 0 25px\" class=\"rss_item\"><span class=\"title\"><a href=\"https:\/\/hal.science\/hal-05554336v1\" target=\"_blank\" rel=\" noopener\">[hal-05554336] Territoires sensibles : explorer le vivant \u00e0 travers la cr\u00e9ativit\u00e9 environnementale [Table ronde]<\/a><\/span>\n<div class=\"rss_content\" style=\"\"><small>by <a href=\"\/\/hal.science\" target=\"_blank\" title=\"hal.science\">ano.nymous@ccsd.cnrs.fr.invalid (Nathalie Blanc)<\/a> on 16 mars 2026 <\/small><\/p>\n<p>[...]<\/p>\n<\/div>\n<\/li>\n<li  style=\"padding: 15px 0 25px\" class=\"rss_item\"><span class=\"title\"><a href=\"https:\/\/hal.science\/hal-05554311v1\" target=\"_blank\" rel=\" noopener\">[hal-05554311] Des r\u00e9cits pour des collectivit\u00e9s au c\u0153ur des changements transformateurs [Table ronde]<\/a><\/span>\n<div class=\"rss_content\" style=\"\"><small>by <a href=\"\/\/hal.science\" target=\"_blank\" title=\"hal.science\">ano.nymous@ccsd.cnrs.fr.invalid (Nathalie Blanc)<\/a> on 16 mars 2026 <\/small><\/p>\n<p>[...]<\/p>\n<\/div>\n<\/li>\n<li  style=\"padding: 15px 0 25px\" class=\"rss_item\"><span class=\"title\"><a href=\"https:\/\/hal.science\/hal-05554277v1\" target=\"_blank\" rel=\" noopener\">[hal-05554277] Assessing the benefits of part-night lighting on a tropical bat species endemic to Reunion Island<\/a><\/span>\n<div class=\"rss_content\" style=\"\"><small>by <a href=\"\/\/hal.science\" target=\"_blank\" title=\"hal.science\">ano.nymous@ccsd.cnrs.fr.invalid (K\u00e9vin Barr\u00e9)<\/a> on 16 mars 2026 <\/small><\/p>\n<p>Artificial light at night (ALAN) is recognised as an emerging threat to global biodiversity but no technical mitigation strategy can prevent all impacts on ecosystems. Consequently, the most effective measure remains turning-off lights whenever and wherever possible. However, few studies, all [&hellip;]<\/p>\n<\/div>\n<\/li>\n<li  style=\"padding: 15px 0 25px\" class=\"rss_item\"><span class=\"title\"><a href=\"https:\/\/hal.science\/hal-05551929v1\" target=\"_blank\" rel=\" noopener\">[hal-05551929] Resituer les classes ais\u00e9es du point de vue de l\u2019action publique environnementale : le cas de la Ville de Paris<\/a><\/span>\n<div class=\"rss_content\" style=\"\"><small>by <a href=\"\/\/hal.science\" target=\"_blank\" title=\"hal.science\">ano.nymous@ccsd.cnrs.fr.invalid (Nathalie Blanc)<\/a> on 13 mars 2026 <\/small><\/p>\n<p>[...]<\/p>\n<\/div>\n<\/li>\n<li  style=\"padding: 15px 0 25px\" class=\"rss_item\"><span class=\"title\"><a href=\"https:\/\/hal.science\/hal-05551914v1\" target=\"_blank\" rel=\" noopener\">[hal-05551914] L\u2019ancrage territorial, un levier politique des initiatives \u00e9cologiques citoyennes : le cas du Grand Paris (France) et d\u2019Arnhem...<\/a><\/span>\n<div class=\"rss_content\" style=\"\"><small>by <a href=\"\/\/hal.science\" target=\"_blank\" title=\"hal.science\">ano.nymous@ccsd.cnrs.fr.invalid (Hugo Rochard)<\/a> on 13 mars 2026 <\/small><\/p>\n<p>[...]<\/p>\n<\/div>\n<\/li>\n<li  style=\"padding: 15px 0 25px\" class=\"rss_item\"><span class=\"title\"><a href=\"https:\/\/hal.science\/hal-05551803v1\" target=\"_blank\" rel=\" noopener\">[hal-05551803] La justice environnementale urbaine au prisme des limites plan\u00e9taires. Comment concilier justice sociale et transition \u00e9cologique...<\/a><\/span>\n<div class=\"rss_content\" style=\"\"><small>by <a href=\"\/\/hal.science\" target=\"_blank\" title=\"hal.science\">ano.nymous@ccsd.cnrs.fr.invalid (Nathalie Blanc)<\/a> on 13 mars 2026 <\/small><\/p>\n<p>Cette communication examine comment la justice environnementale et climatique peut \u00eatre int\u00e9gr\u00e9e aux politiques de transition \u00e9cologique de Paris. S\u2019appuyant sur une recherche collaborative avec la Ville de Paris, les auteurs proposent l\u2019habitabilit\u00e9 comme concept m\u00e9diateur reliant les [&hellip;]<\/p>\n<\/div>\n<\/li>\n<li  style=\"padding: 15px 0 25px\" class=\"rss_item\"><span class=\"title\"><a href=\"https:\/\/hal.science\/hal-05551530v1\" target=\"_blank\" rel=\" noopener\">[hal-05551530] L\u2019\u00e9cologie urbaine r\u00e9invent\u00e9e. [Table ronde]<\/a><\/span>\n<div class=\"rss_content\" style=\"\"><small>by <a href=\"\/\/hal.science\" target=\"_blank\" title=\"hal.science\">ano.nymous@ccsd.cnrs.fr.invalid (Nathalie Blanc)<\/a> on 13 mars 2026 <\/small><\/p>\n<p>[...]<\/p>\n<\/div>\n<\/li>\n<li  style=\"padding: 15px 0 25px\" class=\"rss_item\"><span class=\"title\"><a href=\"https:\/\/hal.science\/hal-05549369v1\" target=\"_blank\" rel=\" noopener\">[hal-05549369] Une universit\u00e9 chang\u00e9e par le climat ? Vers de nouvelles pratiques et \u00e9pist\u00e9mologies [Table ronde]<\/a><\/span>\n<div class=\"rss_content\" style=\"\"><small>by <a href=\"\/\/hal.science\" target=\"_blank\" title=\"hal.science\">ano.nymous@ccsd.cnrs.fr.invalid (Nathalie Blanc)<\/a> on 12 mars 2026 <\/small><\/p>\n<p>[...]<\/p>\n<\/div>\n<\/li>\n<\/ul><\/div>\n<style type=\"text\/css\" media=\"all\">.feedzy-rss .rss_item .rss_image{float:left;position:relative;border:none;text-decoration:none;max-width:100%}.feedzy-rss .rss_item .rss_image span{display:inline-block;position:absolute;width:100%;height:100%;background-position:50%;background-size:cover}.feedzy-rss .rss_item .rss_image{margin:.3em 1em 0 0;content-visibility:auto}.feedzy-rss ul{list-style:none}.feedzy-rss ul li{display:inline-block}<\/style>\n<div class=\"et_pb_row et_pb_row_1 et_pb_row_empty\"><\/div><\/p>\n","protected":false},"author":8,"featured_media":0,"parent":0,"menu_order":0,"comment_status":"closed","ping_status":"closed","template":"","meta":{"_et_pb_use_builder":"on","_et_pb_old_content":"","_et_gb_content_width":"","footnotes":""},"class_list":["post-943","page","type-page","status-publish","hentry"],"_links":{"self":[{"href":"https:\/\/wordpress-test.app.u-pariscite.fr\/ghes\/wp-json\/wp\/v2\/pages\/943","targetHints":{"allow":["GET"]}}],"collection":[{"href":"https:\/\/wordpress-test.app.u-pariscite.fr\/ghes\/wp-json\/wp\/v2\/pages"}],"about":[{"href":"https:\/\/wordpress-test.app.u-pariscite.fr\/ghes\/wp-json\/wp\/v2\/types\/page"}],"author":[{"embeddable":true,"href":"https:\/\/wordpress-test.app.u-pariscite.fr\/ghes\/wp-json\/wp\/v2\/users\/8"}],"replies":[{"embeddable":true,"href":"https:\/\/wordpress-test.app.u-pariscite.fr\/ghes\/wp-json\/wp\/v2\/comments?post=943"}],"version-history":[{"count":1,"href":"https:\/\/wordpress-test.app.u-pariscite.fr\/ghes\/wp-json\/wp\/v2\/pages\/943\/revisions"}],"predecessor-version":[{"id":944,"href":"https:\/\/wordpress-test.app.u-pariscite.fr\/ghes\/wp-json\/wp\/v2\/pages\/943\/revisions\/944"}],"wp:attachment":[{"href":"https:\/\/wordpress-test.app.u-pariscite.fr\/ghes\/wp-json\/wp\/v2\/media?parent=943"}],"curies":[{"name":"wp","href":"https:\/\/api.w.org\/{rel}","templated":true}]}}