{"id":941,"date":"2021-12-08T14:51:00","date_gmt":"2021-12-08T13:51:00","guid":{"rendered":"https:\/\/wordpress-test.app.u-pariscite.fr\/ghes\/?page_id=941"},"modified":"2021-12-08T14:51:00","modified_gmt":"2021-12-08T13:51:00","slug":"ict-ea-337-identites-cultures-territoires","status":"publish","type":"page","link":"https:\/\/wordpress-test.app.u-pariscite.fr\/ghes\/ict-ea-337-identites-cultures-territoires\/","title":{"rendered":"ICT (EA 337) \u2013 Identit\u00e9s, Cultures, Territoires"},"content":{"rendered":"<p>[et_pb_section bb_built=\u00a0\u00bb1&Prime; inner_width_tablet=\u00a0\u00bb50px\u00a0\u00bb inner_max_width_tablet=\u00a0\u00bb50px\u00a0\u00bb _builder_version=\u00a0\u00bb3.22.1&Prime; module_id=\u00a0\u00bbHAL\u00a0\u00bb z_index_tablet=\u00a0\u00bb500&Prime;][et_pb_row][et_pb_column type=\u00a0\u00bb4_4&Prime;][et_pb_post_title admin_label=\u00a0\u00bbTitre de la page\u00a0\u00bb _builder_version=\u00a0\u00bb3.19.11&Prime; meta=\u00a0\u00bboff\u00a0\u00bb featured_image=\u00a0\u00bboff\u00a0\u00bb \/][et_pb_text _builder_version=\u00a0\u00bb3.22.1&Prime; module_id=\u00a0\u00bbcontenu\u00a0\u00bb text_text_shadow_horizontal_length=\u00a0\u00bbtext_text_shadow_style,%91object Object%93&Prime; text_text_shadow_vertical_length=\u00a0\u00bbtext_text_shadow_style,%91object Object%93&Prime; text_text_shadow_blur_strength=\u00a0\u00bbtext_text_shadow_style,%91object Object%93&Prime; link_text_shadow_horizontal_length=\u00a0\u00bblink_text_shadow_style,%91object Object%93&Prime; link_text_shadow_vertical_length=\u00a0\u00bblink_text_shadow_style,%91object Object%93&Prime; link_text_shadow_blur_strength=\u00a0\u00bblink_text_shadow_style,%91object Object%93&Prime; ul_text_shadow_horizontal_length=\u00a0\u00bbul_text_shadow_style,%91object Object%93&Prime; ul_text_shadow_vertical_length=\u00a0\u00bbul_text_shadow_style,%91object Object%93&Prime; ul_text_shadow_blur_strength=\u00a0\u00bbul_text_shadow_style,%91object Object%93&Prime; ol_text_shadow_horizontal_length=\u00a0\u00bbol_text_shadow_style,%91object Object%93&Prime; ol_text_shadow_vertical_length=\u00a0\u00bbol_text_shadow_style,%91object Object%93&Prime; ol_text_shadow_blur_strength=\u00a0\u00bbol_text_shadow_style,%91object Object%93&Prime; quote_text_shadow_horizontal_length=\u00a0\u00bbquote_text_shadow_style,%91object Object%93&Prime; quote_text_shadow_vertical_length=\u00a0\u00bbquote_text_shadow_style,%91object Object%93&Prime; quote_text_shadow_blur_strength=\u00a0\u00bbquote_text_shadow_style,%91object Object%93&Prime; header_text_shadow_horizontal_length=\u00a0\u00bbheader_text_shadow_style,%91object Object%93&Prime; header_text_shadow_vertical_length=\u00a0\u00bbheader_text_shadow_style,%91object Object%93&Prime; header_text_shadow_blur_strength=\u00a0\u00bbheader_text_shadow_style,%91object Object%93&Prime; header_2_text_shadow_horizontal_length=\u00a0\u00bbheader_2_text_shadow_style,%91object Object%93&Prime; header_2_text_shadow_vertical_length=\u00a0\u00bbheader_2_text_shadow_style,%91object Object%93&Prime; header_2_text_shadow_blur_strength=\u00a0\u00bbheader_2_text_shadow_style,%91object Object%93&Prime; header_3_text_shadow_horizontal_length=\u00a0\u00bbheader_3_text_shadow_style,%91object Object%93&Prime; header_3_text_shadow_vertical_length=\u00a0\u00bbheader_3_text_shadow_style,%91object Object%93&Prime; header_3_text_shadow_blur_strength=\u00a0\u00bbheader_3_text_shadow_style,%91object Object%93&Prime; header_4_text_shadow_horizontal_length=\u00a0\u00bbheader_4_text_shadow_style,%91object Object%93&Prime; header_4_text_shadow_vertical_length=\u00a0\u00bbheader_4_text_shadow_style,%91object Object%93&Prime; header_4_text_shadow_blur_strength=\u00a0\u00bbheader_4_text_shadow_style,%91object Object%93&Prime; header_5_text_shadow_horizontal_length=\u00a0\u00bbheader_5_text_shadow_style,%91object Object%93&Prime; header_5_text_shadow_vertical_length=\u00a0\u00bbheader_5_text_shadow_style,%91object Object%93&Prime; header_5_text_shadow_blur_strength=\u00a0\u00bbheader_5_text_shadow_style,%91object Object%93&Prime; header_6_text_shadow_horizontal_length=\u00a0\u00bbheader_6_text_shadow_style,%91object Object%93&Prime; header_6_text_shadow_vertical_length=\u00a0\u00bbheader_6_text_shadow_style,%91object Object%93&Prime; header_6_text_shadow_blur_strength=\u00a0\u00bbheader_6_text_shadow_style,%91object Object%93&Prime; z_index_tablet=\u00a0\u00bb500&Prime;]<\/p>\n<h3>Les derni\u00e8res publications<\/h3>\n<div class=\"feedzy-7b510cf83e57f00f6540931fb94cfe89 feedzy-rss\"><ul><li  style=\"padding: 15px 0 25px\" class=\"rss_item\"><span class=\"title\"><a href=\"https:\/\/hal.science\/hal-05455714v1\" target=\"_blank\" rel=\" noopener\">[hal-05455714] Table ronde sur les sc\u00e8nes actuelles de Berlin et Brest, sous le prisme du modernisme urbain pr\u00e9dit par Kafka<\/a><\/span><div class=\"rss_content\" style=\"\"><small>by <a href=\"\/\/hal.science\" target=\"_blank\" title=\"hal.science\">ano.nymous@ccsd.cnrs.fr.invalid (Guillaume Robin)<\/a> on 13 janvier 2026 <\/small><p>Le Centre d\u2019Art Contemporain Passerelle accueille pour la Maison d'Allemagne du Finist\u00e8re une table ronde sur les sc\u00e8nes libres et la cr\u00e9ativit\u00e9 dans le modernisme urbain pr\u00e9dit par Franz Kafka, avec des comparaisons entre les sc\u00e8nes berlinoise et brestoise.<\/p><\/div><\/li><li  style=\"padding: 15px 0 25px\" class=\"rss_item\"><span class=\"title\"><a href=\"https:\/\/hal.science\/hal-05443200v1\" target=\"_blank\" rel=\" noopener\">[hal-05443200] Atlas historique du Moyen-Orient<\/a><\/span><div class=\"rss_content\" style=\"\"><small>by <a href=\"\/\/hal.science\" target=\"_blank\" title=\"hal.science\">ano.nymous@ccsd.cnrs.fr.invalid (Christian Grataloup)<\/a> on 6 janvier 2026 <\/small><p>[...]<\/p><\/div><\/li><li  style=\"padding: 15px 0 25px\" class=\"rss_item\"><span class=\"title\"><a href=\"https:\/\/hal.science\/hal-05426278v1\" target=\"_blank\" rel=\" noopener\">[hal-05426278] The postcolonial question in documentary movies on the Arab World in Argentina. Nestor Suleiman\u2019s Critical Insights<\/a><\/span><div class=\"rss_content\" style=\"\"><small>by <a href=\"\/\/hal.science\" target=\"_blank\" title=\"hal.science\">ano.nymous@ccsd.cnrs.fr.invalid (Edgardo Manero)<\/a> on 19 d\u00e9cembre 2025 <\/small><p>[...]<\/p><\/div><\/li><li  style=\"padding: 15px 0 25px\" class=\"rss_item\"><span class=\"title\"><a href=\"https:\/\/theses.hal.science\/tel-05351746v1\" target=\"_blank\" rel=\" noopener\">[tel-05351746] Documenting the experiences of gay and bisexual men in Trinidad and Tobago between 2009 and 2020<\/a><\/span><div class=\"rss_content\" style=\"\"><small>by <a href=\"\/\/theses.hal.science\" target=\"_blank\" title=\"theses.hal.science\">ano.nymous@ccsd.cnrs.fr.invalid (Dexter Peters)<\/a> on 6 novembre 2025 <\/small><p>Colonial buggery laws were maintained in a post-colonial Trinidad and Tobago. Pro-gay activist Jason Jones opposed these laws in a 2018 landmark case where the High court judged deemed that such laws were anti-constitutional. However, societal norms, inherited conservative religious beliefs and a [&hellip;]<\/p><\/div><\/li><li  style=\"padding: 15px 0 25px\" class=\"rss_item\"><span class=\"title\"><a href=\"https:\/\/u-paris.hal.science\/hal-05289394v1\" target=\"_blank\" rel=\" noopener\">[hal-05289394] De l'estomac. Controverses sur un organe (1709-1712)<\/a><\/span><div class=\"rss_content\" style=\"\"><small>by <a href=\"\/\/u-paris.hal.science\" target=\"_blank\" title=\"u-paris.hal.science\">ano.nymous@ccsd.cnrs.fr.invalid (Olivier Christin)<\/a> on 29 septembre 2025 <\/small><p>Ce livre retrace l\u2019une des premi\u00e8res controverses de ce type, \u00e0 la fois savante et politique, m\u00e9dicale et religieuse. Ouverte \u00e0 propos de l\u2019estomac et des m\u00e9canismes de la digestion, elle entra\u00eene dans son sillage quelques-uns des plus grands m\u00e9decins et chirurgiens du temps, des [&hellip;]<\/p><\/div><\/li><li  style=\"padding: 15px 0 25px\" class=\"rss_item\"><span class=\"title\"><a href=\"https:\/\/hal.science\/hal-05269117v1\" target=\"_blank\" rel=\" noopener\">[hal-05269117] Histoire globale des techniques, globalisation de l'histoire des techniques<\/a><\/span><div class=\"rss_content\" style=\"\"><small>by <a href=\"\/\/hal.science\" target=\"_blank\" title=\"hal.science\">ano.nymous@ccsd.cnrs.fr.invalid (Guillaume Carnino)<\/a> on 19 septembre 2025 <\/small><p>[...]<\/p><\/div><\/li><li  style=\"padding: 15px 0 25px\" class=\"rss_item\"><span class=\"title\"><a href=\"https:\/\/theses.hal.science\/tel-05265735v1\" target=\"_blank\" rel=\" noopener\">[tel-05265735] Entre ouverture et contr\u00f4le : l'immigration et la naturalisation dans l'entre-deux-guerres \u00e0 travers la loi sur la nationalit\u00e9 de...<\/a><\/span><div class=\"rss_content\" style=\"\"><small>by <a href=\"\/\/theses.hal.science\" target=\"_blank\" title=\"theses.hal.science\">ano.nymous@ccsd.cnrs.fr.invalid (Jinyoung Kim)<\/a> on 17 septembre 2025 <\/small><p>Cette th\u00e8se, qui a pour sujet l'immigration en France dans l'entre-deux-guerres \u00e0 travers la loi sur la nationalit\u00e9 de 1927, entend analyser la politique vis-\u00e0-vis des \u00e9trangers modifi\u00e9e par la r\u00e8gle de la nationalit\u00e9 fran\u00e7aise. En examinant l'attitude de la France \u00e0 l'\u00e9gard des [&hellip;]<\/p><\/div><\/li><li  style=\"padding: 15px 0 25px\" class=\"rss_item\"><span class=\"title\"><a href=\"https:\/\/shs.hal.science\/halshs-05166951v1\" target=\"_blank\" rel=\" noopener\">[halshs-05166951] B\u00e2tards de princes. Identit\u00e9, parent\u00e9 et pouvoir des enfants naturels chez les Bourbon (XIVe-milieu du XVIe si\u00e8cle).<\/a><\/span><div class=\"rss_content\" style=\"\"><small>by <a href=\"\/\/shs.hal.science\" target=\"_blank\" title=\"shs.hal.science\">ano.nymous@ccsd.cnrs.fr.invalid (Marie-Lise Fieyre)<\/a> on 17 juillet 2025 <\/small><p>Traditionnellement, la qualification de \u00ab b\u00e2tard \u00bb rappelle la naissance hors mariage de son porteur, fruit d\u2019une inconduite sexuelle parentale. Longtemps per\u00e7ue comme une d\u00e9viance sociale et familiale, la b\u00e2tardise stigmatise l\u2019enfant qui se retrouve entach\u00e9 d\u2019un defectus natalium. \u00c0 [&hellip;]<\/p><\/div><\/li><li  style=\"padding: 15px 0 25px\" class=\"rss_item\"><span class=\"title\"><a href=\"https:\/\/hal.science\/hal-05144915v1\" target=\"_blank\" rel=\" noopener\">[hal-05144915] Of Bits and Pieces: Gendered Equine Knowledge in the Mesnagier de Paris<\/a><\/span><div class=\"rss_content\" style=\"\"><small>by <a href=\"\/\/hal.science\" target=\"_blank\" title=\"hal.science\">ano.nymous@ccsd.cnrs.fr.invalid (Cl\u00e9mentine Girault)<\/a> on 4 juillet 2025 <\/small><p>This article explores the gender and species dynamics depicted in a medieval aphorism from the Mesnagier de Paris (ca. 1392\u20131405), which compares the qualities of a good horse to those of a maiden. The aphorism lists characteristics such as a handsome mane, a beautiful chest, fine-looking loins, [&hellip;]<\/p><\/div><\/li><li  style=\"padding: 15px 0 25px\" class=\"rss_item\"><span class=\"title\"><a href=\"https:\/\/hal.science\/hal-05144892v1\" target=\"_blank\" rel=\" noopener\">[hal-05144892] Introduction. Le genre domestique : vingt-cinq ans de recherches sur la maison m\u00e9di\u00e9vale et le genre<\/a><\/span><div class=\"rss_content\" style=\"\"><small>by <a href=\"\/\/hal.science\" target=\"_blank\" title=\"hal.science\">ano.nymous@ccsd.cnrs.fr.invalid (Sol\u00e8ne Baron)<\/a> on 4 juillet 2025 <\/small><p>Cet article cherche \u00e0 tirer les conclusions d\u2019un quart de si\u00e8cle de recherches sur la maison m\u00e9di\u00e9vale du point de vue du genre, anim\u00e9es par la remise en cause du mod\u00e8le des sph\u00e8res s\u00e9par\u00e9es et une attention particuli\u00e8re \u00e0 la culture mat\u00e9rielle, ainsi qu\u2019aux enjeux de [&hellip;]<\/p><\/div><\/li><li  style=\"padding: 15px 0 25px\" class=\"rss_item\"><span class=\"title\"><a href=\"https:\/\/shs.hal.science\/halshs-05104778v1\" target=\"_blank\" rel=\" noopener\">[halshs-05104778] L\u2019Empire contre-attaque. Renouveaux historiographiques sur l\u2019Allemagne imp\u00e9riale (1871-1918)<\/a><\/span><div class=\"rss_content\" style=\"\"><small>by <a href=\"\/\/shs.hal.science\" target=\"_blank\" title=\"shs.hal.science\">ano.nymous@ccsd.cnrs.fr.invalid (Antonin Dubois)<\/a> on 10 juin 2025 <\/small><p>Cet article revient sur les paradigmes, d\u00e9bats et \u00e9volutions de l\u2019historiographie portant sur l\u2019Empire allemand (1871-1918), principalement de langue allemande, mais aussi fran\u00e7aise et anglaise, depuis le lendemain de la Seconde Guerre mondiale. Il montre ainsi la place centrale qu\u2019a [&hellip;]<\/p><\/div><\/li><li  style=\"padding: 15px 0 25px\" class=\"rss_item\"><span class=\"title\"><a href=\"https:\/\/shs.hal.science\/halshs-05104771v1\" target=\"_blank\" rel=\" noopener\">[halshs-05104771] Le retour du Kaiserreich (1871-1918). \u00c9crire l\u2019histoire de l\u2019Allemagne imp\u00e9riale au XXIe si\u00e8cle. Introduction<\/a><\/span><div class=\"rss_content\" style=\"\"><small>by <a href=\"\/\/shs.hal.science\" target=\"_blank\" title=\"shs.hal.science\">ano.nymous@ccsd.cnrs.fr.invalid (Antonin Dubois)<\/a> on 10 juin 2025 <\/small><p>[...]<\/p><\/div><\/li><\/ul> <\/div><style type=\"text\/css\" media=\"all\">.feedzy-rss .rss_item .rss_image{float:left;position:relative;border:none;text-decoration:none;max-width:100%}.feedzy-rss .rss_item .rss_image span{display:inline-block;position:absolute;width:100%;height:100%;background-position:50%;background-size:cover}.feedzy-rss .rss_item .rss_image{margin:.3em 1em 0 0;content-visibility:auto}.feedzy-rss ul{list-style:none}.feedzy-rss ul li{display:inline-block}<\/style>\n<p>[\/et_pb_text][\/et_pb_column][\/et_pb_row][et_pb_row][et_pb_column type=\u00a0\u00bb1_4&Prime;][et_pb_button admin_label=\u00a0\u00bbbouton &#8211; toutes les publicataions\u00a0\u00bb button_url=\u00a0\u00bbhttps:\/\/hal-univ-paris.archives-ouvertes.fr\/search\/index\/?q=%2A&amp;structId_i=1004863&amp;sort=producedDate_tdate+desc\u00a0\u00bb button_text=\u00a0\u00bbToutes les publications\u00a0\u00bb button_alignment=\u00a0\u00bbleft\u00a0\u00bb _builder_version=\u00a0\u00bb3.22.1&Prime; custom_button=\u00a0\u00bbon\u00a0\u00bb button_text_color=\u00a0\u00bb#ffffff\u00a0\u00bb button_bg_color=\u00a0\u00bb#8a1538&Prime; button_border_width=\u00a0\u00bb2&Prime; button_border_radius=\u00a0\u00bb26&Prime; button_icon=\u00a0\u00bb%%20%%\u00a0\u00bb button_icon_color=\u00a0\u00bb#ffffff\u00a0\u00bb button_on_hover=\u00a0\u00bboff\u00a0\u00bb background_layout=\u00a0\u00bbdark\u00a0\u00bb hover_enabled=\u00a0\u00bb0&Prime; custom_css_after=\u00a0\u00bbmargin-left: 0!important;\u00a0\u00bb saved_tabs=\u00a0\u00bball\u00a0\u00bb background_layout__hover_enabled=\u00a0\u00bbon\u00a0\u00bb background_layout__hover=\u00a0\u00bblight\u00a0\u00bb button_bg_color__hover_enabled=\u00a0\u00bbon\u00a0\u00bb button_bg_color__hover=\u00a0\u00bb#ffffff\u00a0\u00bb button_icon_color__hover_enabled=\u00a0\u00bbon\u00a0\u00bb button_icon_color__hover=\u00a0\u00bb#aa004f\u00a0\u00bb button_text_color__hover_enabled=\u00a0\u00bbon\u00a0\u00bb button_text_color__hover=\u00a0\u00bb#aa004f\u00a0\u00bb custom_css_after__hover_enabled=\u00a0\u00bbon\u00a0\u00bb custom_css_after__hover=\u00a0\u00bbmargin-left: 0!important;\u00a0\u00bb button_border_color=\u00a0\u00bb#8a1538&Prime; button_text_shadow_horizontal_length=\u00a0\u00bbbutton_text_shadow_style,%91object Object%93&Prime; button_text_shadow_vertical_length=\u00a0\u00bbbutton_text_shadow_style,%91object Object%93&Prime; button_text_shadow_blur_strength=\u00a0\u00bbbutton_text_shadow_style,%91object Object%93&Prime; z_index_tablet=\u00a0\u00bb500&Prime; \/][\/et_pb_column][et_pb_column type=\u00a0\u00bb1_4&Prime;][\/et_pb_column][et_pb_column type=\u00a0\u00bb1_4&Prime;][\/et_pb_column][et_pb_column type=\u00a0\u00bb1_4&Prime;][\/et_pb_column][\/et_pb_row][\/et_pb_section]<\/p>\n","protected":false},"excerpt":{"rendered":"<div class=\"et_pb_row et_pb_row_0 et_pb_row_empty\"><\/div>\n<p> Les derni\u00e8res publications<\/p>\n<div class=\"feedzy-7b510cf83e57f00f6540931fb94cfe89 feedzy-rss\">\n<ul>\n<li  style=\"padding: 15px 0 25px\" class=\"rss_item\"><span class=\"title\"><a href=\"https:\/\/hal.science\/hal-05455714v1\" target=\"_blank\" rel=\" noopener\">[hal-05455714] Table ronde sur les sc\u00e8nes actuelles de Berlin et Brest, sous le prisme du modernisme urbain pr\u00e9dit par Kafka<\/a><\/span>\n<div class=\"rss_content\" style=\"\"><small>by <a href=\"\/\/hal.science\" target=\"_blank\" title=\"hal.science\">ano.nymous@ccsd.cnrs.fr.invalid (Guillaume Robin)<\/a> on 13 janvier 2026 <\/small><\/p>\n<p>Le Centre d\u2019Art Contemporain Passerelle accueille pour la Maison d'Allemagne du Finist\u00e8re une table ronde sur les sc\u00e8nes libres et la cr\u00e9ativit\u00e9 dans le modernisme urbain pr\u00e9dit par Franz Kafka, avec des comparaisons entre les sc\u00e8nes berlinoise et brestoise.<\/p>\n<\/div>\n<\/li>\n<li  style=\"padding: 15px 0 25px\" class=\"rss_item\"><span class=\"title\"><a href=\"https:\/\/hal.science\/hal-05443200v1\" target=\"_blank\" rel=\" noopener\">[hal-05443200] Atlas historique du Moyen-Orient<\/a><\/span>\n<div class=\"rss_content\" style=\"\"><small>by <a href=\"\/\/hal.science\" target=\"_blank\" title=\"hal.science\">ano.nymous@ccsd.cnrs.fr.invalid (Christian Grataloup)<\/a> on 6 janvier 2026 <\/small><\/p>\n<p>[...]<\/p>\n<\/div>\n<\/li>\n<li  style=\"padding: 15px 0 25px\" class=\"rss_item\"><span class=\"title\"><a href=\"https:\/\/hal.science\/hal-05426278v1\" target=\"_blank\" rel=\" noopener\">[hal-05426278] The postcolonial question in documentary movies on the Arab World in Argentina. Nestor Suleiman\u2019s Critical Insights<\/a><\/span>\n<div class=\"rss_content\" style=\"\"><small>by <a href=\"\/\/hal.science\" target=\"_blank\" title=\"hal.science\">ano.nymous@ccsd.cnrs.fr.invalid (Edgardo Manero)<\/a> on 19 d\u00e9cembre 2025 <\/small><\/p>\n<p>[...]<\/p>\n<\/div>\n<\/li>\n<li  style=\"padding: 15px 0 25px\" class=\"rss_item\"><span class=\"title\"><a href=\"https:\/\/theses.hal.science\/tel-05351746v1\" target=\"_blank\" rel=\" noopener\">[tel-05351746] Documenting the experiences of gay and bisexual men in Trinidad and Tobago between 2009 and 2020<\/a><\/span>\n<div class=\"rss_content\" style=\"\"><small>by <a href=\"\/\/theses.hal.science\" target=\"_blank\" title=\"theses.hal.science\">ano.nymous@ccsd.cnrs.fr.invalid (Dexter Peters)<\/a> on 6 novembre 2025 <\/small><\/p>\n<p>Colonial buggery laws were maintained in a post-colonial Trinidad and Tobago. Pro-gay activist Jason Jones opposed these laws in a 2018 landmark case where the High court judged deemed that such laws were anti-constitutional. However, societal norms, inherited conservative religious beliefs and a [&hellip;]<\/p>\n<\/div>\n<\/li>\n<li  style=\"padding: 15px 0 25px\" class=\"rss_item\"><span class=\"title\"><a href=\"https:\/\/u-paris.hal.science\/hal-05289394v1\" target=\"_blank\" rel=\" noopener\">[hal-05289394] De l'estomac. Controverses sur un organe (1709-1712)<\/a><\/span>\n<div class=\"rss_content\" style=\"\"><small>by <a href=\"\/\/u-paris.hal.science\" target=\"_blank\" title=\"u-paris.hal.science\">ano.nymous@ccsd.cnrs.fr.invalid (Olivier Christin)<\/a> on 29 septembre 2025 <\/small><\/p>\n<p>Ce livre retrace l\u2019une des premi\u00e8res controverses de ce type, \u00e0 la fois savante et politique, m\u00e9dicale et religieuse. Ouverte \u00e0 propos de l\u2019estomac et des m\u00e9canismes de la digestion, elle entra\u00eene dans son sillage quelques-uns des plus grands m\u00e9decins et chirurgiens du temps, des [&hellip;]<\/p>\n<\/div>\n<\/li>\n<li  style=\"padding: 15px 0 25px\" class=\"rss_item\"><span class=\"title\"><a href=\"https:\/\/hal.science\/hal-05269117v1\" target=\"_blank\" rel=\" noopener\">[hal-05269117] Histoire globale des techniques, globalisation de l'histoire des techniques<\/a><\/span>\n<div class=\"rss_content\" style=\"\"><small>by <a href=\"\/\/hal.science\" target=\"_blank\" title=\"hal.science\">ano.nymous@ccsd.cnrs.fr.invalid (Guillaume Carnino)<\/a> on 19 septembre 2025 <\/small><\/p>\n<p>[...]<\/p>\n<\/div>\n<\/li>\n<li  style=\"padding: 15px 0 25px\" class=\"rss_item\"><span class=\"title\"><a href=\"https:\/\/theses.hal.science\/tel-05265735v1\" target=\"_blank\" rel=\" noopener\">[tel-05265735] Entre ouverture et contr\u00f4le : l'immigration et la naturalisation dans l'entre-deux-guerres \u00e0 travers la loi sur la nationalit\u00e9 de...<\/a><\/span>\n<div class=\"rss_content\" style=\"\"><small>by <a href=\"\/\/theses.hal.science\" target=\"_blank\" title=\"theses.hal.science\">ano.nymous@ccsd.cnrs.fr.invalid (Jinyoung Kim)<\/a> on 17 septembre 2025 <\/small><\/p>\n<p>Cette th\u00e8se, qui a pour sujet l'immigration en France dans l'entre-deux-guerres \u00e0 travers la loi sur la nationalit\u00e9 de 1927, entend analyser la politique vis-\u00e0-vis des \u00e9trangers modifi\u00e9e par la r\u00e8gle de la nationalit\u00e9 fran\u00e7aise. En examinant l'attitude de la France \u00e0 l'\u00e9gard des [&hellip;]<\/p>\n<\/div>\n<\/li>\n<li  style=\"padding: 15px 0 25px\" class=\"rss_item\"><span class=\"title\"><a href=\"https:\/\/shs.hal.science\/halshs-05166951v1\" target=\"_blank\" rel=\" noopener\">[halshs-05166951] B\u00e2tards de princes. Identit\u00e9, parent\u00e9 et pouvoir des enfants naturels chez les Bourbon (XIVe-milieu du XVIe si\u00e8cle).<\/a><\/span>\n<div class=\"rss_content\" style=\"\"><small>by <a href=\"\/\/shs.hal.science\" target=\"_blank\" title=\"shs.hal.science\">ano.nymous@ccsd.cnrs.fr.invalid (Marie-Lise Fieyre)<\/a> on 17 juillet 2025 <\/small><\/p>\n<p>Traditionnellement, la qualification de \u00ab b\u00e2tard \u00bb rappelle la naissance hors mariage de son porteur, fruit d\u2019une inconduite sexuelle parentale. Longtemps per\u00e7ue comme une d\u00e9viance sociale et familiale, la b\u00e2tardise stigmatise l\u2019enfant qui se retrouve entach\u00e9 d\u2019un defectus natalium. \u00c0 [&hellip;]<\/p>\n<\/div>\n<\/li>\n<li  style=\"padding: 15px 0 25px\" class=\"rss_item\"><span class=\"title\"><a href=\"https:\/\/hal.science\/hal-05144915v1\" target=\"_blank\" rel=\" noopener\">[hal-05144915] Of Bits and Pieces: Gendered Equine Knowledge in the Mesnagier de Paris<\/a><\/span>\n<div class=\"rss_content\" style=\"\"><small>by <a href=\"\/\/hal.science\" target=\"_blank\" title=\"hal.science\">ano.nymous@ccsd.cnrs.fr.invalid (Cl\u00e9mentine Girault)<\/a> on 4 juillet 2025 <\/small><\/p>\n<p>This article explores the gender and species dynamics depicted in a medieval aphorism from the Mesnagier de Paris (ca. 1392\u20131405), which compares the qualities of a good horse to those of a maiden. The aphorism lists characteristics such as a handsome mane, a beautiful chest, fine-looking loins, [&hellip;]<\/p>\n<\/div>\n<\/li>\n<li  style=\"padding: 15px 0 25px\" class=\"rss_item\"><span class=\"title\"><a href=\"https:\/\/hal.science\/hal-05144892v1\" target=\"_blank\" rel=\" noopener\">[hal-05144892] Introduction. Le genre domestique : vingt-cinq ans de recherches sur la maison m\u00e9di\u00e9vale et le genre<\/a><\/span>\n<div class=\"rss_content\" style=\"\"><small>by <a href=\"\/\/hal.science\" target=\"_blank\" title=\"hal.science\">ano.nymous@ccsd.cnrs.fr.invalid (Sol\u00e8ne Baron)<\/a> on 4 juillet 2025 <\/small><\/p>\n<p>Cet article cherche \u00e0 tirer les conclusions d\u2019un quart de si\u00e8cle de recherches sur la maison m\u00e9di\u00e9vale du point de vue du genre, anim\u00e9es par la remise en cause du mod\u00e8le des sph\u00e8res s\u00e9par\u00e9es et une attention particuli\u00e8re \u00e0 la culture mat\u00e9rielle, ainsi qu\u2019aux enjeux de [&hellip;]<\/p>\n<\/div>\n<\/li>\n<li  style=\"padding: 15px 0 25px\" class=\"rss_item\"><span class=\"title\"><a href=\"https:\/\/shs.hal.science\/halshs-05104778v1\" target=\"_blank\" rel=\" noopener\">[halshs-05104778] L\u2019Empire contre-attaque. Renouveaux historiographiques sur l\u2019Allemagne imp\u00e9riale (1871-1918)<\/a><\/span>\n<div class=\"rss_content\" style=\"\"><small>by <a href=\"\/\/shs.hal.science\" target=\"_blank\" title=\"shs.hal.science\">ano.nymous@ccsd.cnrs.fr.invalid (Antonin Dubois)<\/a> on 10 juin 2025 <\/small><\/p>\n<p>Cet article revient sur les paradigmes, d\u00e9bats et \u00e9volutions de l\u2019historiographie portant sur l\u2019Empire allemand (1871-1918), principalement de langue allemande, mais aussi fran\u00e7aise et anglaise, depuis le lendemain de la Seconde Guerre mondiale. Il montre ainsi la place centrale qu\u2019a [&hellip;]<\/p>\n<\/div>\n<\/li>\n<li  style=\"padding: 15px 0 25px\" class=\"rss_item\"><span class=\"title\"><a href=\"https:\/\/shs.hal.science\/halshs-05104771v1\" target=\"_blank\" rel=\" noopener\">[halshs-05104771] Le retour du Kaiserreich (1871-1918). \u00c9crire l\u2019histoire de l\u2019Allemagne imp\u00e9riale au XXIe si\u00e8cle. Introduction<\/a><\/span>\n<div class=\"rss_content\" style=\"\"><small>by <a href=\"\/\/shs.hal.science\" target=\"_blank\" title=\"shs.hal.science\">ano.nymous@ccsd.cnrs.fr.invalid (Antonin Dubois)<\/a> on 10 juin 2025 <\/small><\/p>\n<p>[...]<\/p>\n<\/div>\n<\/li>\n<\/ul><\/div>\n<style type=\"text\/css\" media=\"all\">.feedzy-rss .rss_item .rss_image{float:left;position:relative;border:none;text-decoration:none;max-width:100%}.feedzy-rss .rss_item .rss_image span{display:inline-block;position:absolute;width:100%;height:100%;background-position:50%;background-size:cover}.feedzy-rss .rss_item .rss_image{margin:.3em 1em 0 0;content-visibility:auto}.feedzy-rss ul{list-style:none}.feedzy-rss ul li{display:inline-block}<\/style>\n<div class=\"et_pb_row et_pb_row_1 et_pb_row_empty\"><\/div><\/p>\n","protected":false},"author":8,"featured_media":0,"parent":0,"menu_order":0,"comment_status":"closed","ping_status":"closed","template":"","meta":{"_et_pb_use_builder":"on","_et_pb_old_content":"","_et_gb_content_width":"","footnotes":""},"class_list":["post-941","page","type-page","status-publish","hentry"],"_links":{"self":[{"href":"https:\/\/wordpress-test.app.u-pariscite.fr\/ghes\/wp-json\/wp\/v2\/pages\/941","targetHints":{"allow":["GET"]}}],"collection":[{"href":"https:\/\/wordpress-test.app.u-pariscite.fr\/ghes\/wp-json\/wp\/v2\/pages"}],"about":[{"href":"https:\/\/wordpress-test.app.u-pariscite.fr\/ghes\/wp-json\/wp\/v2\/types\/page"}],"author":[{"embeddable":true,"href":"https:\/\/wordpress-test.app.u-pariscite.fr\/ghes\/wp-json\/wp\/v2\/users\/8"}],"replies":[{"embeddable":true,"href":"https:\/\/wordpress-test.app.u-pariscite.fr\/ghes\/wp-json\/wp\/v2\/comments?post=941"}],"version-history":[{"count":1,"href":"https:\/\/wordpress-test.app.u-pariscite.fr\/ghes\/wp-json\/wp\/v2\/pages\/941\/revisions"}],"predecessor-version":[{"id":942,"href":"https:\/\/wordpress-test.app.u-pariscite.fr\/ghes\/wp-json\/wp\/v2\/pages\/941\/revisions\/942"}],"wp:attachment":[{"href":"https:\/\/wordpress-test.app.u-pariscite.fr\/ghes\/wp-json\/wp\/v2\/media?parent=941"}],"curies":[{"name":"wp","href":"https:\/\/api.w.org\/{rel}","templated":true}]}}