{"id":937,"date":"2021-12-08T14:43:45","date_gmt":"2021-12-08T13:43:45","guid":{"rendered":"https:\/\/wordpress-test.app.u-pariscite.fr\/ghes\/?page_id=937"},"modified":"2021-12-08T14:43:45","modified_gmt":"2021-12-08T13:43:45","slug":"geographie-cites","status":"publish","type":"page","link":"https:\/\/wordpress-test.app.u-pariscite.fr\/ghes\/geographie-cites\/","title":{"rendered":"G\u00c9OGRAPHIE-CIT\u00c9S (UMR 8504)"},"content":{"rendered":"<p>[et_pb_section bb_built=\u00a0\u00bb1&Prime; inner_width_tablet=\u00a0\u00bb50px\u00a0\u00bb inner_max_width_tablet=\u00a0\u00bb50px\u00a0\u00bb _builder_version=\u00a0\u00bb3.22.1&Prime; module_id=\u00a0\u00bbHAL\u00a0\u00bb z_index_tablet=\u00a0\u00bb500&Prime;][et_pb_row][et_pb_column type=\u00a0\u00bb4_4&Prime;][et_pb_post_title admin_label=\u00a0\u00bbTitre de la page\u00a0\u00bb _builder_version=\u00a0\u00bb3.19.11&Prime; meta=\u00a0\u00bboff\u00a0\u00bb featured_image=\u00a0\u00bboff\u00a0\u00bb \/][et_pb_text _builder_version=\u00a0\u00bb3.22.1&Prime; module_id=\u00a0\u00bbcontenu\u00a0\u00bb text_text_shadow_horizontal_length=\u00a0\u00bbtext_text_shadow_style,%91object Object%93&Prime; text_text_shadow_vertical_length=\u00a0\u00bbtext_text_shadow_style,%91object Object%93&Prime; text_text_shadow_blur_strength=\u00a0\u00bbtext_text_shadow_style,%91object Object%93&Prime; link_text_shadow_horizontal_length=\u00a0\u00bblink_text_shadow_style,%91object Object%93&Prime; link_text_shadow_vertical_length=\u00a0\u00bblink_text_shadow_style,%91object Object%93&Prime; link_text_shadow_blur_strength=\u00a0\u00bblink_text_shadow_style,%91object Object%93&Prime; ul_text_shadow_horizontal_length=\u00a0\u00bbul_text_shadow_style,%91object Object%93&Prime; ul_text_shadow_vertical_length=\u00a0\u00bbul_text_shadow_style,%91object Object%93&Prime; ul_text_shadow_blur_strength=\u00a0\u00bbul_text_shadow_style,%91object Object%93&Prime; ol_text_shadow_horizontal_length=\u00a0\u00bbol_text_shadow_style,%91object Object%93&Prime; ol_text_shadow_vertical_length=\u00a0\u00bbol_text_shadow_style,%91object Object%93&Prime; ol_text_shadow_blur_strength=\u00a0\u00bbol_text_shadow_style,%91object Object%93&Prime; quote_text_shadow_horizontal_length=\u00a0\u00bbquote_text_shadow_style,%91object Object%93&Prime; quote_text_shadow_vertical_length=\u00a0\u00bbquote_text_shadow_style,%91object Object%93&Prime; quote_text_shadow_blur_strength=\u00a0\u00bbquote_text_shadow_style,%91object Object%93&Prime; header_text_shadow_horizontal_length=\u00a0\u00bbheader_text_shadow_style,%91object Object%93&Prime; header_text_shadow_vertical_length=\u00a0\u00bbheader_text_shadow_style,%91object Object%93&Prime; header_text_shadow_blur_strength=\u00a0\u00bbheader_text_shadow_style,%91object Object%93&Prime; header_2_text_shadow_horizontal_length=\u00a0\u00bbheader_2_text_shadow_style,%91object Object%93&Prime; header_2_text_shadow_vertical_length=\u00a0\u00bbheader_2_text_shadow_style,%91object Object%93&Prime; header_2_text_shadow_blur_strength=\u00a0\u00bbheader_2_text_shadow_style,%91object Object%93&Prime; header_3_text_shadow_horizontal_length=\u00a0\u00bbheader_3_text_shadow_style,%91object Object%93&Prime; header_3_text_shadow_vertical_length=\u00a0\u00bbheader_3_text_shadow_style,%91object Object%93&Prime; header_3_text_shadow_blur_strength=\u00a0\u00bbheader_3_text_shadow_style,%91object Object%93&Prime; header_4_text_shadow_horizontal_length=\u00a0\u00bbheader_4_text_shadow_style,%91object Object%93&Prime; header_4_text_shadow_vertical_length=\u00a0\u00bbheader_4_text_shadow_style,%91object Object%93&Prime; header_4_text_shadow_blur_strength=\u00a0\u00bbheader_4_text_shadow_style,%91object Object%93&Prime; header_5_text_shadow_horizontal_length=\u00a0\u00bbheader_5_text_shadow_style,%91object Object%93&Prime; header_5_text_shadow_vertical_length=\u00a0\u00bbheader_5_text_shadow_style,%91object Object%93&Prime; header_5_text_shadow_blur_strength=\u00a0\u00bbheader_5_text_shadow_style,%91object Object%93&Prime; header_6_text_shadow_horizontal_length=\u00a0\u00bbheader_6_text_shadow_style,%91object Object%93&Prime; header_6_text_shadow_vertical_length=\u00a0\u00bbheader_6_text_shadow_style,%91object Object%93&Prime; header_6_text_shadow_blur_strength=\u00a0\u00bbheader_6_text_shadow_style,%91object Object%93&Prime; z_index_tablet=\u00a0\u00bb500&Prime;]<\/p>\n<h3>Les derni\u00e8res publications<\/h3>\n<div class=\"feedzy-e5c632e36a0f5866cbab65a1ef90468c feedzy-rss\"><ul><li  style=\"padding: 15px 0 25px\" class=\"rss_item\"><span class=\"title\"><a href=\"https:\/\/hal.science\/hal-05561068v1\" target=\"_blank\" rel=\" noopener\">[hal-05561068] Compte rendu : Meth Paula, Charlton Sarah, Goodfellow Tom, Todes Alison, Living the Urban Periphery. Infrastructure, Everyday Life and...<\/a><\/span><div class=\"rss_content\" style=\"\"><small>by <a href=\"\/\/hal.science\" target=\"_blank\" title=\"hal.science\">ano.nymous@ccsd.cnrs.fr.invalid (Claire Simonneau)<\/a> on 20 mars 2026 <\/small><p>[...]<\/p><\/div><\/li><li  style=\"padding: 15px 0 25px\" class=\"rss_item\"><span class=\"title\"><a href=\"https:\/\/shs.hal.science\/halshs-05543957v1\" target=\"_blank\" rel=\" noopener\">[halshs-05543957] Des fronti\u00e8res reliques aux fronti\u00e8res fant\u00f4mes : retour sur les origines et les implicites de deux m\u00e9taphores<\/a><\/span><div class=\"rss_content\" style=\"\"><small>by <a href=\"\/\/shs.hal.science\" target=\"_blank\" title=\"shs.hal.science\">ano.nymous@ccsd.cnrs.fr.invalid (B\u00e9atrice von Hirschhausen)<\/a> on 17 mars 2026 <\/small><p>L\u2019usage de m\u00e9taphores dans les sciences humaines et sociales n\u2019est pas anodin. Bernard Debarbieux (2014) montre qu\u2019une analyse critique des significations m\u00e9taphorique mobilis\u00e9es dans nos disciplines permet d\u2019expliciter les concepts et les cat\u00e9gories du lexique scientifique. Il montre [&hellip;]<\/p><\/div><\/li><li  style=\"padding: 15px 0 25px\" class=\"rss_item\"><span class=\"title\"><a href=\"https:\/\/hal.science\/hal-05542141v1\" target=\"_blank\" rel=\" noopener\">[hal-05542141] Lutter contre les contraintes de mobilit\u00e9 dans les villes petites et moyennes\u00a0: action publique et solidarit\u00e9s locales<\/a><\/span><div class=\"rss_content\" style=\"\"><small>by <a href=\"\/\/hal.science\" target=\"_blank\" title=\"hal.science\">ano.nymous@ccsd.cnrs.fr.invalid (Julie Chouraqui)<\/a> on 8 mars 2026 <\/small><p>Dans le contexte de villes petites et moyennes marqu\u00e9es par la d\u00e9pendance \u00e0 l\u2019automobile et les contraintes de mobilit\u00e9s li\u00e9es \u00e0 la faiblesse des r\u00e9seaux de transport en commun, cet article interroge les formes d\u2019intervention de l\u2019action publique en termes de politiques locales de [&hellip;]<\/p><\/div><\/li><li  style=\"padding: 15px 0 25px\" class=\"rss_item\"><span class=\"title\"><a href=\"https:\/\/shs.hal.science\/halshs-05540336v1\" target=\"_blank\" rel=\" noopener\">[halshs-05540336] Aire culturelle<\/a><\/span><div class=\"rss_content\" style=\"\"><small>by <a href=\"\/\/shs.hal.science\" target=\"_blank\" title=\"shs.hal.science\">ano.nymous@ccsd.cnrs.fr.invalid (B\u00e9atrice von Hirschhausen)<\/a> on 6 mars 2026 <\/small><p>[...]<\/p><\/div><\/li><li  style=\"padding: 15px 0 25px\" class=\"rss_item\"><span class=\"title\"><a href=\"https:\/\/hal.science\/hal-05526593v1\" target=\"_blank\" rel=\" noopener\">[hal-05526593] Imaginaires du futur et construction des mondes<\/a><\/span><div class=\"rss_content\" style=\"\"><small>by <a href=\"\/\/hal.science\" target=\"_blank\" title=\"hal.science\">ano.nymous@ccsd.cnrs.fr.invalid (Clarisse Didelon-Loiseau)<\/a> on 2 mars 2026 <\/small><p>&lt;div&gt;&lt;p&gt;Dans un contexte marqu\u00e9 d'une part par la transformation des rapports au temps caract\u00e9ris\u00e9s par une r\u00e9traction de l'horizon d'attente (Koselleck, 1990) et d'autre part par l'enjeu de la construction du Monde comme espace social pour appr\u00e9hender les d\u00e9fis contemporains [&hellip;]<\/p><\/div><\/li><li  style=\"padding: 15px 0 25px\" class=\"rss_item\"><span class=\"title\"><a href=\"https:\/\/hal.science\/hal-05426053v1\" target=\"_blank\" rel=\" noopener\">[hal-05426053] An agent-based model to investigate the effects of urban segregation around the clock on inequalities in health behaviour<\/a><\/span><div class=\"rss_content\" style=\"\"><small>by <a href=\"\/\/hal.science\" target=\"_blank\" title=\"hal.science\">ano.nymous@ccsd.cnrs.fr.invalid (Cl\u00e9mentine Cottineau-Mugadza)<\/a> on 21 janvier 2026 <\/small><p>Social segregation in cities refers to the uneven spatial distribution of individuals from unequal social groups, such as affluent and economically vulnerable people. Social segregation may, in turn, produce social inequalities through contextual effects, since neighbourhood mixing or concentration [&hellip;]<\/p><\/div><\/li><li  style=\"padding: 15px 0 25px\" class=\"rss_item\"><span class=\"title\"><a href=\"https:\/\/hal.science\/hal-05468354v1\" target=\"_blank\" rel=\" noopener\">[hal-05468354] Mobilit\u00e9<\/a><\/span><div class=\"rss_content\" style=\"\"><small>by <a href=\"\/\/hal.science\" target=\"_blank\" title=\"hal.science\">ano.nymous@ccsd.cnrs.fr.invalid (Nadine Cattan)<\/a> on 20 janvier 2026 <\/small><p>[...]<\/p><\/div><\/li><li  style=\"padding: 15px 0 25px\" class=\"rss_item\"><span class=\"title\"><a href=\"https:\/\/hal.science\/hal-05443778v1\" target=\"_blank\" rel=\" noopener\">[hal-05443778] Adaptive Redesign of Urban Industrial Landscapes: The Case of Komotini\u2019s Technical Chamber Square, Greece<\/a><\/span><div class=\"rss_content\" style=\"\"><small>by <a href=\"\/\/hal.science\" target=\"_blank\" title=\"hal.science\">ano.nymous@ccsd.cnrs.fr.invalid (Varvara Toura)<\/a> on 6 janvier 2026 <\/small><p>Deindustrialization has left many industrial buildings inactive, raising questions about their role in contemporary urban life. This article explores how semiotics and psychogeography can reframe such structures as dynamic architectural happenings, shifting emphasis from preservation toward social [&hellip;]<\/p><\/div><\/li><li  style=\"padding: 15px 0 25px\" class=\"rss_item\"><span class=\"title\"><a href=\"https:\/\/shs.hal.science\/halshs-05394704v1\" target=\"_blank\" rel=\" noopener\">[halshs-05394704] Analyse multidimensionnelle de la pr\u00e9carit\u00e9 dans le syst\u00e8me urbain fran\u00e7ais<\/a><\/span><div class=\"rss_content\" style=\"\"><small>by <a href=\"\/\/shs.hal.science\" target=\"_blank\" title=\"shs.hal.science\">ano.nymous@ccsd.cnrs.fr.invalid (Paul Gourdon)<\/a> on 3 d\u00e9cembre 2025 <\/small><p>La pr\u00e9carit\u00e9 est une notion multidimensionnelle, associant instabilit\u00e9 \u00e9conomique, pauvret\u00e9 mon\u00e9taire et \u00e9loignement du salariat. Si ses manifestations sont d\u00e9j\u00e0 \u00e9tudi\u00e9es, notamment en sociologie, la g\u00e9ographie s\u2019est davantage int\u00e9ress\u00e9e aux dynamiques urbaines de s\u00e9gr\u00e9gation et [&hellip;]<\/p><\/div><\/li><li  style=\"padding: 15px 0 25px\" class=\"rss_item\"><span class=\"title\"><a href=\"https:\/\/shs.hal.science\/halshs-05354619v1\" target=\"_blank\" rel=\" noopener\">[halshs-05354619] Espaces publics<\/a><\/span><div class=\"rss_content\" style=\"\"><small>by <a href=\"\/\/shs.hal.science\" target=\"_blank\" title=\"shs.hal.science\">ano.nymous@ccsd.cnrs.fr.invalid (Antoine Fleury)<\/a> on 7 novembre 2025 <\/small><p>[...]<\/p><\/div><\/li><li  style=\"padding: 15px 0 25px\" class=\"rss_item\"><span class=\"title\"><a href=\"https:\/\/shs.hal.science\/halshs-05233708v1\" target=\"_blank\" rel=\" noopener\">[halshs-05233708] Rapport de conjoncture 2025 - Section 39 Espaces, territoires, socie\u0301te\u0301s<\/a><\/span><div class=\"rss_content\" style=\"\"><small>by <a href=\"\/\/shs.hal.science\" target=\"_blank\" title=\"shs.hal.science\">ano.nymous@ccsd.cnrs.fr.invalid (B\u00e9atrice von Hirschhausen)<\/a> on 1 septembre 2025 <\/small><p>La communaut\u00e9 scientifique de la section 39 \u00e9tudie la dimension spatiale des ph\u00e9nom\u00e8nes sociaux. Elle \u00e9claire ainsi r\u00e9ciproquement l'organisation, le fonctionnement et l'\u00e9volution des territoires en prenant en compte la complexit\u00e9 de l'inscription des soci\u00e9t\u00e9s dans leurs environnements \u00e0 [&hellip;]<\/p><\/div><\/li><li  style=\"padding: 15px 0 25px\" class=\"rss_item\"><span class=\"title\"><a href=\"https:\/\/hal.science\/hal-05210286v1\" target=\"_blank\" rel=\" noopener\">[hal-05210286] Urban Communities, Housing Commons, and Real Estate Investment: Revisiting Housing Cooperative Development in Senegal Since the...<\/a><\/span><div class=\"rss_content\" style=\"\"><small>by <a href=\"\/\/hal.science\" target=\"_blank\" title=\"hal.science\">ano.nymous@ccsd.cnrs.fr.invalid (Claire Simonneau)<\/a> on 14 ao\u00fbt 2025 <\/small><p>Since the 2000s, the renewed interest in housing cooperatives in the Global South has ascribed to them a number of virtues: a successful mechanism for mutual aid and escape from poverty, a \u201cthird way\u201d in the face of the failures of public production and the speculative excesses of private [&hellip;]<\/p><\/div><\/li><\/ul> <\/div><style type=\"text\/css\" media=\"all\">.feedzy-rss .rss_item .rss_image{float:left;position:relative;border:none;text-decoration:none;max-width:100%}.feedzy-rss .rss_item .rss_image span{display:inline-block;position:absolute;width:100%;height:100%;background-position:50%;background-size:cover}.feedzy-rss .rss_item .rss_image{margin:.3em 1em 0 0;content-visibility:auto}.feedzy-rss ul{list-style:none}.feedzy-rss ul li{display:inline-block}<\/style>\n<p>[\/et_pb_text][\/et_pb_column][\/et_pb_row][et_pb_row][et_pb_column type=\u00a0\u00bb1_4&Prime;][et_pb_button admin_label=\u00a0\u00bbbouton &#8211; toutes les publicataions\u00a0\u00bb button_url=\u00a0\u00bbhttps:\/\/hal-univ-paris.archives-ouvertes.fr\/search\/index\/?q=%2A&amp;structId_i=43649&amp;sort=producedDate_tdate+desc\u00a0\u00bb button_text=\u00a0\u00bbToutes les publications\u00a0\u00bb button_alignment=\u00a0\u00bbleft\u00a0\u00bb _builder_version=\u00a0\u00bb3.22.1&Prime; custom_button=\u00a0\u00bbon\u00a0\u00bb button_text_color=\u00a0\u00bb#ffffff\u00a0\u00bb button_bg_color=\u00a0\u00bb#8a1538&Prime; button_border_width=\u00a0\u00bb2&Prime; button_border_radius=\u00a0\u00bb26&Prime; button_icon=\u00a0\u00bb%%20%%\u00a0\u00bb button_icon_color=\u00a0\u00bb#ffffff\u00a0\u00bb button_on_hover=\u00a0\u00bboff\u00a0\u00bb background_layout=\u00a0\u00bbdark\u00a0\u00bb hover_enabled=\u00a0\u00bb0&Prime; custom_css_after=\u00a0\u00bbmargin-left: 0!important;\u00a0\u00bb saved_tabs=\u00a0\u00bball\u00a0\u00bb background_layout__hover_enabled=\u00a0\u00bbon\u00a0\u00bb background_layout__hover=\u00a0\u00bblight\u00a0\u00bb button_bg_color__hover_enabled=\u00a0\u00bbon\u00a0\u00bb button_bg_color__hover=\u00a0\u00bb#ffffff\u00a0\u00bb button_icon_color__hover_enabled=\u00a0\u00bbon\u00a0\u00bb button_icon_color__hover=\u00a0\u00bb#aa004f\u00a0\u00bb button_text_color__hover_enabled=\u00a0\u00bbon\u00a0\u00bb button_text_color__hover=\u00a0\u00bb#aa004f\u00a0\u00bb custom_css_after__hover_enabled=\u00a0\u00bbon\u00a0\u00bb custom_css_after__hover=\u00a0\u00bbmargin-left: 0!important;\u00a0\u00bb button_border_color=\u00a0\u00bb#8a1538&Prime; button_text_shadow_horizontal_length=\u00a0\u00bbbutton_text_shadow_style,%91object Object%93&Prime; button_text_shadow_vertical_length=\u00a0\u00bbbutton_text_shadow_style,%91object Object%93&Prime; button_text_shadow_blur_strength=\u00a0\u00bbbutton_text_shadow_style,%91object Object%93&Prime; z_index_tablet=\u00a0\u00bb500&Prime; \/][\/et_pb_column][et_pb_column type=\u00a0\u00bb1_4&Prime;][\/et_pb_column][et_pb_column type=\u00a0\u00bb1_4&Prime;][\/et_pb_column][et_pb_column type=\u00a0\u00bb1_4&Prime;][\/et_pb_column][\/et_pb_row][\/et_pb_section]<\/p>\n","protected":false},"excerpt":{"rendered":"<div class=\"et_pb_row et_pb_row_0 et_pb_row_empty\"><\/div>\n<p> Les derni\u00e8res publications<\/p>\n<div class=\"feedzy-e5c632e36a0f5866cbab65a1ef90468c feedzy-rss\">\n<ul>\n<li  style=\"padding: 15px 0 25px\" class=\"rss_item\"><span class=\"title\"><a href=\"https:\/\/hal.science\/hal-05561068v1\" target=\"_blank\" rel=\" noopener\">[hal-05561068] Compte rendu : Meth Paula, Charlton Sarah, Goodfellow Tom, Todes Alison, Living the Urban Periphery. Infrastructure, Everyday Life and...<\/a><\/span>\n<div class=\"rss_content\" style=\"\"><small>by <a href=\"\/\/hal.science\" target=\"_blank\" title=\"hal.science\">ano.nymous@ccsd.cnrs.fr.invalid (Claire Simonneau)<\/a> on 20 mars 2026 <\/small><\/p>\n<p>[...]<\/p>\n<\/div>\n<\/li>\n<li  style=\"padding: 15px 0 25px\" class=\"rss_item\"><span class=\"title\"><a href=\"https:\/\/shs.hal.science\/halshs-05543957v1\" target=\"_blank\" rel=\" noopener\">[halshs-05543957] Des fronti\u00e8res reliques aux fronti\u00e8res fant\u00f4mes : retour sur les origines et les implicites de deux m\u00e9taphores<\/a><\/span>\n<div class=\"rss_content\" style=\"\"><small>by <a href=\"\/\/shs.hal.science\" target=\"_blank\" title=\"shs.hal.science\">ano.nymous@ccsd.cnrs.fr.invalid (B\u00e9atrice von Hirschhausen)<\/a> on 17 mars 2026 <\/small><\/p>\n<p>L\u2019usage de m\u00e9taphores dans les sciences humaines et sociales n\u2019est pas anodin. Bernard Debarbieux (2014) montre qu\u2019une analyse critique des significations m\u00e9taphorique mobilis\u00e9es dans nos disciplines permet d\u2019expliciter les concepts et les cat\u00e9gories du lexique scientifique. Il montre [&hellip;]<\/p>\n<\/div>\n<\/li>\n<li  style=\"padding: 15px 0 25px\" class=\"rss_item\"><span class=\"title\"><a href=\"https:\/\/hal.science\/hal-05542141v1\" target=\"_blank\" rel=\" noopener\">[hal-05542141] Lutter contre les contraintes de mobilit\u00e9 dans les villes petites et moyennes\u00a0: action publique et solidarit\u00e9s locales<\/a><\/span>\n<div class=\"rss_content\" style=\"\"><small>by <a href=\"\/\/hal.science\" target=\"_blank\" title=\"hal.science\">ano.nymous@ccsd.cnrs.fr.invalid (Julie Chouraqui)<\/a> on 8 mars 2026 <\/small><\/p>\n<p>Dans le contexte de villes petites et moyennes marqu\u00e9es par la d\u00e9pendance \u00e0 l\u2019automobile et les contraintes de mobilit\u00e9s li\u00e9es \u00e0 la faiblesse des r\u00e9seaux de transport en commun, cet article interroge les formes d\u2019intervention de l\u2019action publique en termes de politiques locales de [&hellip;]<\/p>\n<\/div>\n<\/li>\n<li  style=\"padding: 15px 0 25px\" class=\"rss_item\"><span class=\"title\"><a href=\"https:\/\/shs.hal.science\/halshs-05540336v1\" target=\"_blank\" rel=\" noopener\">[halshs-05540336] Aire culturelle<\/a><\/span>\n<div class=\"rss_content\" style=\"\"><small>by <a href=\"\/\/shs.hal.science\" target=\"_blank\" title=\"shs.hal.science\">ano.nymous@ccsd.cnrs.fr.invalid (B\u00e9atrice von Hirschhausen)<\/a> on 6 mars 2026 <\/small><\/p>\n<p>[...]<\/p>\n<\/div>\n<\/li>\n<li  style=\"padding: 15px 0 25px\" class=\"rss_item\"><span class=\"title\"><a href=\"https:\/\/hal.science\/hal-05526593v1\" target=\"_blank\" rel=\" noopener\">[hal-05526593] Imaginaires du futur et construction des mondes<\/a><\/span>\n<div class=\"rss_content\" style=\"\"><small>by <a href=\"\/\/hal.science\" target=\"_blank\" title=\"hal.science\">ano.nymous@ccsd.cnrs.fr.invalid (Clarisse Didelon-Loiseau)<\/a> on 2 mars 2026 <\/small><\/p>\n<p>&lt;div&gt;&lt;p&gt;Dans un contexte marqu\u00e9 d'une part par la transformation des rapports au temps caract\u00e9ris\u00e9s par une r\u00e9traction de l'horizon d'attente (Koselleck, 1990) et d'autre part par l'enjeu de la construction du Monde comme espace social pour appr\u00e9hender les d\u00e9fis contemporains [&hellip;]<\/p>\n<\/div>\n<\/li>\n<li  style=\"padding: 15px 0 25px\" class=\"rss_item\"><span class=\"title\"><a href=\"https:\/\/hal.science\/hal-05426053v1\" target=\"_blank\" rel=\" noopener\">[hal-05426053] An agent-based model to investigate the effects of urban segregation around the clock on inequalities in health behaviour<\/a><\/span>\n<div class=\"rss_content\" style=\"\"><small>by <a href=\"\/\/hal.science\" target=\"_blank\" title=\"hal.science\">ano.nymous@ccsd.cnrs.fr.invalid (Cl\u00e9mentine Cottineau-Mugadza)<\/a> on 21 janvier 2026 <\/small><\/p>\n<p>Social segregation in cities refers to the uneven spatial distribution of individuals from unequal social groups, such as affluent and economically vulnerable people. Social segregation may, in turn, produce social inequalities through contextual effects, since neighbourhood mixing or concentration [&hellip;]<\/p>\n<\/div>\n<\/li>\n<li  style=\"padding: 15px 0 25px\" class=\"rss_item\"><span class=\"title\"><a href=\"https:\/\/hal.science\/hal-05468354v1\" target=\"_blank\" rel=\" noopener\">[hal-05468354] Mobilit\u00e9<\/a><\/span>\n<div class=\"rss_content\" style=\"\"><small>by <a href=\"\/\/hal.science\" target=\"_blank\" title=\"hal.science\">ano.nymous@ccsd.cnrs.fr.invalid (Nadine Cattan)<\/a> on 20 janvier 2026 <\/small><\/p>\n<p>[...]<\/p>\n<\/div>\n<\/li>\n<li  style=\"padding: 15px 0 25px\" class=\"rss_item\"><span class=\"title\"><a href=\"https:\/\/hal.science\/hal-05443778v1\" target=\"_blank\" rel=\" noopener\">[hal-05443778] Adaptive Redesign of Urban Industrial Landscapes: The Case of Komotini\u2019s Technical Chamber Square, Greece<\/a><\/span>\n<div class=\"rss_content\" style=\"\"><small>by <a href=\"\/\/hal.science\" target=\"_blank\" title=\"hal.science\">ano.nymous@ccsd.cnrs.fr.invalid (Varvara Toura)<\/a> on 6 janvier 2026 <\/small><\/p>\n<p>Deindustrialization has left many industrial buildings inactive, raising questions about their role in contemporary urban life. This article explores how semiotics and psychogeography can reframe such structures as dynamic architectural happenings, shifting emphasis from preservation toward social [&hellip;]<\/p>\n<\/div>\n<\/li>\n<li  style=\"padding: 15px 0 25px\" class=\"rss_item\"><span class=\"title\"><a href=\"https:\/\/shs.hal.science\/halshs-05394704v1\" target=\"_blank\" rel=\" noopener\">[halshs-05394704] Analyse multidimensionnelle de la pr\u00e9carit\u00e9 dans le syst\u00e8me urbain fran\u00e7ais<\/a><\/span>\n<div class=\"rss_content\" style=\"\"><small>by <a href=\"\/\/shs.hal.science\" target=\"_blank\" title=\"shs.hal.science\">ano.nymous@ccsd.cnrs.fr.invalid (Paul Gourdon)<\/a> on 3 d\u00e9cembre 2025 <\/small><\/p>\n<p>La pr\u00e9carit\u00e9 est une notion multidimensionnelle, associant instabilit\u00e9 \u00e9conomique, pauvret\u00e9 mon\u00e9taire et \u00e9loignement du salariat. Si ses manifestations sont d\u00e9j\u00e0 \u00e9tudi\u00e9es, notamment en sociologie, la g\u00e9ographie s\u2019est davantage int\u00e9ress\u00e9e aux dynamiques urbaines de s\u00e9gr\u00e9gation et [&hellip;]<\/p>\n<\/div>\n<\/li>\n<li  style=\"padding: 15px 0 25px\" class=\"rss_item\"><span class=\"title\"><a href=\"https:\/\/shs.hal.science\/halshs-05354619v1\" target=\"_blank\" rel=\" noopener\">[halshs-05354619] Espaces publics<\/a><\/span>\n<div class=\"rss_content\" style=\"\"><small>by <a href=\"\/\/shs.hal.science\" target=\"_blank\" title=\"shs.hal.science\">ano.nymous@ccsd.cnrs.fr.invalid (Antoine Fleury)<\/a> on 7 novembre 2025 <\/small><\/p>\n<p>[...]<\/p>\n<\/div>\n<\/li>\n<li  style=\"padding: 15px 0 25px\" class=\"rss_item\"><span class=\"title\"><a href=\"https:\/\/shs.hal.science\/halshs-05233708v1\" target=\"_blank\" rel=\" noopener\">[halshs-05233708] Rapport de conjoncture 2025 - Section 39 Espaces, territoires, socie\u0301te\u0301s<\/a><\/span>\n<div class=\"rss_content\" style=\"\"><small>by <a href=\"\/\/shs.hal.science\" target=\"_blank\" title=\"shs.hal.science\">ano.nymous@ccsd.cnrs.fr.invalid (B\u00e9atrice von Hirschhausen)<\/a> on 1 septembre 2025 <\/small><\/p>\n<p>La communaut\u00e9 scientifique de la section 39 \u00e9tudie la dimension spatiale des ph\u00e9nom\u00e8nes sociaux. Elle \u00e9claire ainsi r\u00e9ciproquement l'organisation, le fonctionnement et l'\u00e9volution des territoires en prenant en compte la complexit\u00e9 de l'inscription des soci\u00e9t\u00e9s dans leurs environnements \u00e0 [&hellip;]<\/p>\n<\/div>\n<\/li>\n<li  style=\"padding: 15px 0 25px\" class=\"rss_item\"><span class=\"title\"><a href=\"https:\/\/hal.science\/hal-05210286v1\" target=\"_blank\" rel=\" noopener\">[hal-05210286] Urban Communities, Housing Commons, and Real Estate Investment: Revisiting Housing Cooperative Development in Senegal Since the...<\/a><\/span>\n<div class=\"rss_content\" style=\"\"><small>by <a href=\"\/\/hal.science\" target=\"_blank\" title=\"hal.science\">ano.nymous@ccsd.cnrs.fr.invalid (Claire Simonneau)<\/a> on 14 ao\u00fbt 2025 <\/small><\/p>\n<p>Since the 2000s, the renewed interest in housing cooperatives in the Global South has ascribed to them a number of virtues: a successful mechanism for mutual aid and escape from poverty, a \u201cthird way\u201d in the face of the failures of public production and the speculative excesses of private [&hellip;]<\/p>\n<\/div>\n<\/li>\n<\/ul><\/div>\n<style type=\"text\/css\" media=\"all\">.feedzy-rss .rss_item .rss_image{float:left;position:relative;border:none;text-decoration:none;max-width:100%}.feedzy-rss .rss_item .rss_image span{display:inline-block;position:absolute;width:100%;height:100%;background-position:50%;background-size:cover}.feedzy-rss .rss_item .rss_image{margin:.3em 1em 0 0;content-visibility:auto}.feedzy-rss ul{list-style:none}.feedzy-rss ul li{display:inline-block}<\/style>\n<div class=\"et_pb_row et_pb_row_1 et_pb_row_empty\"><\/div><\/p>\n","protected":false},"author":8,"featured_media":0,"parent":0,"menu_order":0,"comment_status":"closed","ping_status":"closed","template":"","meta":{"_et_pb_use_builder":"on","_et_pb_old_content":"","_et_gb_content_width":"","footnotes":""},"class_list":["post-937","page","type-page","status-publish","hentry"],"_links":{"self":[{"href":"https:\/\/wordpress-test.app.u-pariscite.fr\/ghes\/wp-json\/wp\/v2\/pages\/937","targetHints":{"allow":["GET"]}}],"collection":[{"href":"https:\/\/wordpress-test.app.u-pariscite.fr\/ghes\/wp-json\/wp\/v2\/pages"}],"about":[{"href":"https:\/\/wordpress-test.app.u-pariscite.fr\/ghes\/wp-json\/wp\/v2\/types\/page"}],"author":[{"embeddable":true,"href":"https:\/\/wordpress-test.app.u-pariscite.fr\/ghes\/wp-json\/wp\/v2\/users\/8"}],"replies":[{"embeddable":true,"href":"https:\/\/wordpress-test.app.u-pariscite.fr\/ghes\/wp-json\/wp\/v2\/comments?post=937"}],"version-history":[{"count":1,"href":"https:\/\/wordpress-test.app.u-pariscite.fr\/ghes\/wp-json\/wp\/v2\/pages\/937\/revisions"}],"predecessor-version":[{"id":940,"href":"https:\/\/wordpress-test.app.u-pariscite.fr\/ghes\/wp-json\/wp\/v2\/pages\/937\/revisions\/940"}],"wp:attachment":[{"href":"https:\/\/wordpress-test.app.u-pariscite.fr\/ghes\/wp-json\/wp\/v2\/media?parent=937"}],"curies":[{"name":"wp","href":"https:\/\/api.w.org\/{rel}","templated":true}]}}