{"id":742,"date":"2021-12-01T11:36:41","date_gmt":"2021-12-01T10:36:41","guid":{"rendered":"https:\/\/wordpress-test.app.u-pariscite.fr\/ghes\/?page_id=742"},"modified":"2024-03-14T15:23:15","modified_gmt":"2024-03-14T14:23:15","slug":"laboratoires-du-departement-deconomie","status":"publish","type":"page","link":"https:\/\/wordpress-test.app.u-pariscite.fr\/ghes\/laboratoires-du-departement-deconomie\/","title":{"rendered":"Laboratoires du d\u00e9partement d&rsquo;Economie"},"content":{"rendered":"<p>[et_pb_section bb_built=\u00a0\u00bb1&Prime; next_background_color=\u00a0\u00bb#000000&Prime; inner_width=\u00a0\u00bbauto\u00a0\u00bb inner_max_width=\u00a0\u00bbnone\u00a0\u00bb][et_pb_row][et_pb_column type=\u00a0\u00bb4_4&Prime;][et_pb_post_title admin_label=\u00a0\u00bbTitre de la page\u00a0\u00bb _builder_version=\u00a0\u00bb3.19.11&Prime; meta=\u00a0\u00bboff\u00a0\u00bb featured_image=\u00a0\u00bboff\u00a0\u00bb \/][\/et_pb_column][\/et_pb_row][et_pb_row][et_pb_column type=\u00a0\u00bb3_4&Prime;][et_pb_text _builder_version=\u00a0\u00bb3.22.1&Prime; module_id=\u00a0\u00bbcontenu\u00a0\u00bb text_text_shadow_horizontal_length=\u00a0\u00bbtext_text_shadow_style,%91object Object%93&Prime; text_text_shadow_vertical_length=\u00a0\u00bbtext_text_shadow_style,%91object Object%93&Prime; text_text_shadow_blur_strength=\u00a0\u00bbtext_text_shadow_style,%91object Object%93&Prime; link_text_shadow_horizontal_length=\u00a0\u00bblink_text_shadow_style,%91object Object%93&Prime; link_text_shadow_vertical_length=\u00a0\u00bblink_text_shadow_style,%91object Object%93&Prime; link_text_shadow_blur_strength=\u00a0\u00bblink_text_shadow_style,%91object Object%93&Prime; ul_text_shadow_horizontal_length=\u00a0\u00bbul_text_shadow_style,%91object Object%93&Prime; ul_text_shadow_vertical_length=\u00a0\u00bbul_text_shadow_style,%91object Object%93&Prime; ul_text_shadow_blur_strength=\u00a0\u00bbul_text_shadow_style,%91object Object%93&Prime; ol_text_shadow_horizontal_length=\u00a0\u00bbol_text_shadow_style,%91object Object%93&Prime; ol_text_shadow_vertical_length=\u00a0\u00bbol_text_shadow_style,%91object Object%93&Prime; ol_text_shadow_blur_strength=\u00a0\u00bbol_text_shadow_style,%91object Object%93&Prime; quote_text_shadow_horizontal_length=\u00a0\u00bbquote_text_shadow_style,%91object Object%93&Prime; quote_text_shadow_vertical_length=\u00a0\u00bbquote_text_shadow_style,%91object Object%93&Prime; quote_text_shadow_blur_strength=\u00a0\u00bbquote_text_shadow_style,%91object Object%93&Prime; header_text_shadow_horizontal_length=\u00a0\u00bbheader_text_shadow_style,%91object Object%93&Prime; header_text_shadow_vertical_length=\u00a0\u00bbheader_text_shadow_style,%91object Object%93&Prime; header_text_shadow_blur_strength=\u00a0\u00bbheader_text_shadow_style,%91object Object%93&Prime; header_2_text_shadow_horizontal_length=\u00a0\u00bbheader_2_text_shadow_style,%91object Object%93&Prime; header_2_text_shadow_vertical_length=\u00a0\u00bbheader_2_text_shadow_style,%91object Object%93&Prime; header_2_text_shadow_blur_strength=\u00a0\u00bbheader_2_text_shadow_style,%91object Object%93&Prime; header_3_text_shadow_horizontal_length=\u00a0\u00bbheader_3_text_shadow_style,%91object Object%93&Prime; header_3_text_shadow_vertical_length=\u00a0\u00bbheader_3_text_shadow_style,%91object Object%93&Prime; header_3_text_shadow_blur_strength=\u00a0\u00bbheader_3_text_shadow_style,%91object Object%93&Prime; header_4_text_shadow_horizontal_length=\u00a0\u00bbheader_4_text_shadow_style,%91object Object%93&Prime; header_4_text_shadow_vertical_length=\u00a0\u00bbheader_4_text_shadow_style,%91object Object%93&Prime; header_4_text_shadow_blur_strength=\u00a0\u00bbheader_4_text_shadow_style,%91object Object%93&Prime; header_5_text_shadow_horizontal_length=\u00a0\u00bbheader_5_text_shadow_style,%91object Object%93&Prime; header_5_text_shadow_vertical_length=\u00a0\u00bbheader_5_text_shadow_style,%91object Object%93&Prime; header_5_text_shadow_blur_strength=\u00a0\u00bbheader_5_text_shadow_style,%91object Object%93&Prime; header_6_text_shadow_horizontal_length=\u00a0\u00bbheader_6_text_shadow_style,%91object Object%93&Prime; header_6_text_shadow_vertical_length=\u00a0\u00bbheader_6_text_shadow_style,%91object Object%93&Prime; header_6_text_shadow_blur_strength=\u00a0\u00bbheader_6_text_shadow_style,%91object Object%93&Prime; z_index_tablet=\u00a0\u00bb500&Prime;]<\/p>\n<h2><strong>LIED &#8211; UMR 8236<\/strong> (Universit\u00e9 Paris Cit\u00e9, Chimie-Paristech, CNRS)<\/h2>\n<p>\u00a0<\/p>\n<blockquote>\n<p>Les transitions \u00e9nerg\u00e9tiques pass\u00e9es, en cours et \u00e0 venir constituent l\u2019objet central de la recherche du LIED.<\/p>\n<\/blockquote>\n<p>L\u2019\u00e9tude d\u2019un objet aussi complexe qu\u2019une transition \u00e9nerg\u00e9tique implique de recourir aux connaissances de disciplines tr\u00e8s diff\u00e9rentes ; les recherches pratiqu\u00e9es dans notre laboratoire s\u2019appuient sur des comp\u00e9tences disciplinaires en Physique, en Biologie et des Sciences Humaines et Sociales. La coop\u00e9ration entre sp\u00e9cialistes de disciplines tr\u00e8s \u00e9loign\u00e9es n\u2019a pas pour but de constituer un domaine de \u00ab science interdisciplinaire \u00bb, difficile \u00e0 imaginer. Elle implique de la part de chacun des chercheurs une ouverture aux questionnements issus d\u2019autres domaines et la capacit\u00e9 \u00e0 produire des donn\u00e9es susceptibles de poser de multiples questionnements.<\/p>\n<p><a href=\"http:\/\/www.lied-pieri.univ-paris-diderot.fr\" target=\"_blank\" rel=\"noopener noreferrer\">&gt; Site de l&rsquo;URM LIED<\/a><\/p>\n<h2>\u00a0<\/h2>\n<h2><strong>LADYSS &#8211; UMR 7533<\/strong> (Universit\u00e9 Paris Cit\u00e9, Universit\u00e9 Paris 1, Universit\u00e9 Paris 8, Universit\u00e9 Paris Ouest Nanterre, CNRS)<\/h2>\n<p>\u00a0<\/p>\n<p>Le laboratoire Dynamiques sociales et recomposition des espaces (LADYSS) est une UMR pluridisciplinaire active sur 4 les sites de ces quatre tutelles universitaires (Universit\u00e9 Paris Cit\u00e9, Universit\u00e9s Paris 1, Paris 8, Paris 10). Rattach\u00e9 \u00e0 deux Instituts du CNRS (INSHS et INEE), le Ladyss d\u00e9pend de deux sections du CNRS (39 et 36) et de trois sections du CNU (19, 23, 24). Il est issu de la fusion, en 1997, de 2 laboratoires repr\u00e9sentant chacun une discipline : la sociologie, et la g\u00e9ographie.<\/p>\n<p>C\u2019est int\u00e9gr\u00e9 ensuite un collectif d\u2019\u00e9conomistes dont les approches sp\u00e9cifiques du terrain et notamment l\u2019analyse \u00e9conomique de donn\u00e9es quantitatives et\/ou qualitatives est venue renforcer et nourrir l\u2019approche terrain du LADYSS. C\u2019est sur cette dynamique que se renforcent des d\u00e9marches ancr\u00e9es dans l\u2019\u00e9conomie politique institutionnaliste, faisant r\u00e9f\u00e9rence \u00e0 une lecture de l\u2019\u00e9conomie au sein des sciences sociales. L\u2019insertion des probl\u00e9matiques d\u2019\u00e9conomie politique vient enrichir notamment les mani\u00e8res de penser les ph\u00e9nom\u00e8nes de mondialisation, de transition, de formes r\u00e9gionales de capitalisme ou la structuration de l\u2019entreprise.<\/p>\n<p>Les d\u00e9fis dont le LADYSS entend se saisir portent sur la compr\u00e9hension des transformations sociales et environnementales, et sur les r\u00e9ponses qu\u2019individus et groupes sociaux cherchent \u00e0 y apporter. Le LADYSS entend poursuivre comme creuset de son identit\u00e9 de recherche le lien au local, demeurant attentif aux d\u00e9marches et r\u00e9sultats de l\u2019action publique et de l\u2019action collective. Dans la poursuite de son orientation sur les relations soci\u00e9t\u00e9s\/environnement, le laboratoire porte une attention soutenue aux processus de globalisation et \u00e0 leurs effets sur les populations et les milieux. Son identit\u00e9 historique se projette dans une relation science\/soci\u00e9t\u00e9 construite et pens\u00e9e par allers\/retours entre chercheurs et divers acteurs qui fa\u00e7onnent, g\u00e8rent, transforment, s\u2019approprient les territoires. Les d\u00e9marches de recherche qu\u2019il investit s\u2019ouvrent \u00e0 diff\u00e9rentes formes de mobilisation et d\u2019agir collectif.<\/p>\n<p>Le laboratoire est organis\u00e9 autour de La d\u00e9marche collective du LADYSS repose sur trois Transversalit\u00e9s qui permettent une probl\u00e9matisation commune \u00e0 l\u2019ensemble du Laboratoire :<\/p>\n<ul>\n<li>Transversalit\u00e9 1. In\u00e9galit\u00e9s et injustice territoriale : renouveler les apports ;<\/li>\n<li>Transversalit\u00e9 2. Mobilisations, engagement, action collective ;<\/li>\n<li>Transversalit\u00e9 3. Questionnements m\u00e9thodologiques et r\u00e9flexivit\u00e9 des d\u00e9marches scientifiques.<\/li>\n<\/ul>\n<p>Les Transversalit\u00e9s portent la politique scientifique du laboratoire, elles en sont l\u2019espace d\u2019\u00e9change, de convergence et de discussion. Le travail courant de la recherche est quant \u00e0 lui, men\u00e9 par les coll\u00e8gues r\u00e9unis en Ateliers.<\/p>\n<ul>\n<li>Atelier 1 : Mod\u00e8les alternatifs d\u2019Entreprises et d\u2019Organisations.<\/li>\n<li>Atelier 2 : Transition : Organisations, Territoires et Soci\u00e9t\u00e9s.<\/li>\n<li>Atelier 3 : Agriculture, alimentation et coh\u00e9sion sociale.<\/li>\n<li>Atelier 4 : Sant\u00e9, Enjeux sanitaires et Territoires.<\/li>\n<li>Atelier 5 : Le vivant et ses enjeux territoriaux et environnementaux.<\/li>\n<li>Atelier 6 : Spatialit\u00e9 des Vivants, du geste intime au fa\u00e7onnage collectif des milieux.<\/li>\n<\/ul>\n<p><a href=\"http:\/\/www.ladyss.com\" target=\"_blank\" rel=\"noopener noreferrer\">&gt; Site de l&rsquo;UMR LADYSS<\/a><\/p>\n<p>[\/et_pb_text][\/et_pb_column][et_pb_column type=\u00a0\u00bb1_4&Prime;][\/et_pb_column][\/et_pb_row][\/et_pb_section][et_pb_section bb_built=\u00a0\u00bb1&Prime; specialty=\u00a0\u00bboff\u00a0\u00bb _builder_version=\u00a0\u00bb3.21&Prime; custom_padding=\u00a0\u00bb0px||0px|\u00a0\u00bb prev_background_color=\u00a0\u00bb#000000&Prime; inner_width=\u00a0\u00bbauto\u00a0\u00bb inner_max_width=\u00a0\u00bbnone\u00a0\u00bb][et_pb_row _builder_version=\u00a0\u00bb3.19.11&Prime; width=\u00a0\u00bb80%\u00a0\u00bb max_width=\u00a0\u00bb1080px\u00a0\u00bb][et_pb_column type=\u00a0\u00bb4_4&Prime;][et_pb_text admin_label=\u00a0\u00bb\u00c0 lire aussi\u00a0\u00bb _builder_version=\u00a0\u00bb3.21&Prime;]<\/p>\n<h2><span class=\"st\">\u00c0<\/span> lire aussi<\/h2>\n<p>[\/et_pb_text][et_pb_blog _builder_version=\u00a0\u00bb3.21&Prime; posts_number=\u00a0\u00bb4&Prime; include_categories=\u00a0\u00bb13&Prime; show_author=\u00a0\u00bboff\u00a0\u00bb show_date=\u00a0\u00bboff\u00a0\u00bb show_pagination=\u00a0\u00bboff\u00a0\u00bb border_width_bottom_fullwidth=\u00a0\u00bb1px\u00a0\u00bb border_color_bottom_fullwidth=\u00a0\u00bbrgba(51,51,51,0.18)\u00a0\u00bb custom_padding=\u00a0\u00bb||50px|\u00a0\u00bb module_id=\u00a0\u00bbpage_type_blog\u00a0\u00bb header_level=\u00a0\u00bbh4&Prime; \/][\/et_pb_column][\/et_pb_row][\/et_pb_section]<\/p>\n","protected":false},"excerpt":{"rendered":"<div class=\"et_pb_row et_pb_row_0 et_pb_row_empty\"><\/div>\n<div class=\"et_pb_row et_pb_row_1 et_pb_row_empty\"><\/div>\n<p> LIED &#8211; UMR 8236 (Universit\u00e9 Paris Cit\u00e9, Chimie-Paristech, CNRS)\u00a0Les transitions \u00e9nerg\u00e9tiques pass\u00e9es, en cours et \u00e0 venir constituent l\u2019objet central de la recherche du LIED.L\u2019\u00e9tude d\u2019un objet aussi complexe qu\u2019une transition \u00e9nerg\u00e9tique implique de recourir aux connaissances de disciplines tr\u00e8s diff\u00e9rentes ; les recherches pratiqu\u00e9es dans notre laboratoire s\u2019appuient sur des comp\u00e9tences disciplinaires en&hellip; <a class=\"continue\" href=\"https:\/\/wordpress-test.app.u-pariscite.fr\/ghes\/laboratoires-du-departement-deconomie\/\">Lire la suite<span> Laboratoires du d\u00e9partement d&rsquo;Economie<\/span><\/a><\/p>\n","protected":false},"author":248,"featured_media":0,"parent":0,"menu_order":0,"comment_status":"closed","ping_status":"closed","template":"","meta":{"_et_pb_use_builder":"on","_et_pb_old_content":"","_et_gb_content_width":"","footnotes":""},"class_list":["post-742","page","type-page","status-publish","hentry"],"_links":{"self":[{"href":"https:\/\/wordpress-test.app.u-pariscite.fr\/ghes\/wp-json\/wp\/v2\/pages\/742","targetHints":{"allow":["GET"]}}],"collection":[{"href":"https:\/\/wordpress-test.app.u-pariscite.fr\/ghes\/wp-json\/wp\/v2\/pages"}],"about":[{"href":"https:\/\/wordpress-test.app.u-pariscite.fr\/ghes\/wp-json\/wp\/v2\/types\/page"}],"author":[{"embeddable":true,"href":"https:\/\/wordpress-test.app.u-pariscite.fr\/ghes\/wp-json\/wp\/v2\/users\/248"}],"replies":[{"embeddable":true,"href":"https:\/\/wordpress-test.app.u-pariscite.fr\/ghes\/wp-json\/wp\/v2\/comments?post=742"}],"version-history":[{"count":5,"href":"https:\/\/wordpress-test.app.u-pariscite.fr\/ghes\/wp-json\/wp\/v2\/pages\/742\/revisions"}],"predecessor-version":[{"id":1210,"href":"https:\/\/wordpress-test.app.u-pariscite.fr\/ghes\/wp-json\/wp\/v2\/pages\/742\/revisions\/1210"}],"wp:attachment":[{"href":"https:\/\/wordpress-test.app.u-pariscite.fr\/ghes\/wp-json\/wp\/v2\/media?parent=742"}],"curies":[{"name":"wp","href":"https:\/\/api.w.org\/{rel}","templated":true}]}}