{"id":727,"date":"2021-12-01T09:59:37","date_gmt":"2021-12-01T08:59:37","guid":{"rendered":"https:\/\/wordpress-test.app.u-pariscite.fr\/ghes\/?page_id=727"},"modified":"2024-02-19T11:39:47","modified_gmt":"2024-02-19T10:39:47","slug":"contacts-du-departement-dhistoire","status":"publish","type":"page","link":"https:\/\/wordpress-test.app.u-pariscite.fr\/ghes\/contacts-du-departement-dhistoire\/","title":{"rendered":"Contacts du d\u00e9partement d&rsquo;Histoire"},"content":{"rendered":"<p>[et_pb_section bb_built=\u00a0\u00bb1&Prime; next_background_color=\u00a0\u00bb#000000&Prime; inner_width=\u00a0\u00bbauto\u00a0\u00bb inner_max_width=\u00a0\u00bbnone\u00a0\u00bb][et_pb_row][et_pb_column type=\u00a0\u00bb4_4&Prime;][et_pb_post_title admin_label=\u00a0\u00bbTitre de la page\u00a0\u00bb _builder_version=\u00a0\u00bb3.19.11&Prime; meta=\u00a0\u00bboff\u00a0\u00bb featured_image=\u00a0\u00bboff\u00a0\u00bb \/][\/et_pb_column][\/et_pb_row][et_pb_row][et_pb_column type=\u00a0\u00bb3_4&Prime;][et_pb_text _builder_version=\u00a0\u00bb3.22.1&Prime; module_id=\u00a0\u00bbcontenu\u00a0\u00bb text_text_shadow_horizontal_length=\u00a0\u00bbtext_text_shadow_style,%91object Object%93&Prime; text_text_shadow_vertical_length=\u00a0\u00bbtext_text_shadow_style,%91object Object%93&Prime; text_text_shadow_blur_strength=\u00a0\u00bbtext_text_shadow_style,%91object Object%93&Prime; link_text_shadow_horizontal_length=\u00a0\u00bblink_text_shadow_style,%91object Object%93&Prime; link_text_shadow_vertical_length=\u00a0\u00bblink_text_shadow_style,%91object Object%93&Prime; link_text_shadow_blur_strength=\u00a0\u00bblink_text_shadow_style,%91object Object%93&Prime; ul_text_shadow_horizontal_length=\u00a0\u00bbul_text_shadow_style,%91object Object%93&Prime; ul_text_shadow_vertical_length=\u00a0\u00bbul_text_shadow_style,%91object Object%93&Prime; ul_text_shadow_blur_strength=\u00a0\u00bbul_text_shadow_style,%91object Object%93&Prime; ol_text_shadow_horizontal_length=\u00a0\u00bbol_text_shadow_style,%91object Object%93&Prime; ol_text_shadow_vertical_length=\u00a0\u00bbol_text_shadow_style,%91object Object%93&Prime; ol_text_shadow_blur_strength=\u00a0\u00bbol_text_shadow_style,%91object Object%93&Prime; quote_text_shadow_horizontal_length=\u00a0\u00bbquote_text_shadow_style,%91object Object%93&Prime; quote_text_shadow_vertical_length=\u00a0\u00bbquote_text_shadow_style,%91object Object%93&Prime; quote_text_shadow_blur_strength=\u00a0\u00bbquote_text_shadow_style,%91object Object%93&Prime; header_text_shadow_horizontal_length=\u00a0\u00bbheader_text_shadow_style,%91object Object%93&Prime; header_text_shadow_vertical_length=\u00a0\u00bbheader_text_shadow_style,%91object Object%93&Prime; header_text_shadow_blur_strength=\u00a0\u00bbheader_text_shadow_style,%91object Object%93&Prime; header_2_text_shadow_horizontal_length=\u00a0\u00bbheader_2_text_shadow_style,%91object Object%93&Prime; header_2_text_shadow_vertical_length=\u00a0\u00bbheader_2_text_shadow_style,%91object Object%93&Prime; header_2_text_shadow_blur_strength=\u00a0\u00bbheader_2_text_shadow_style,%91object Object%93&Prime; header_3_text_shadow_horizontal_length=\u00a0\u00bbheader_3_text_shadow_style,%91object Object%93&Prime; header_3_text_shadow_vertical_length=\u00a0\u00bbheader_3_text_shadow_style,%91object Object%93&Prime; header_3_text_shadow_blur_strength=\u00a0\u00bbheader_3_text_shadow_style,%91object Object%93&Prime; header_4_text_shadow_horizontal_length=\u00a0\u00bbheader_4_text_shadow_style,%91object Object%93&Prime; header_4_text_shadow_vertical_length=\u00a0\u00bbheader_4_text_shadow_style,%91object Object%93&Prime; header_4_text_shadow_blur_strength=\u00a0\u00bbheader_4_text_shadow_style,%91object Object%93&Prime; header_5_text_shadow_horizontal_length=\u00a0\u00bbheader_5_text_shadow_style,%91object Object%93&Prime; header_5_text_shadow_vertical_length=\u00a0\u00bbheader_5_text_shadow_style,%91object Object%93&Prime; header_5_text_shadow_blur_strength=\u00a0\u00bbheader_5_text_shadow_style,%91object Object%93&Prime; header_6_text_shadow_horizontal_length=\u00a0\u00bbheader_6_text_shadow_style,%91object Object%93&Prime; header_6_text_shadow_vertical_length=\u00a0\u00bbheader_6_text_shadow_style,%91object Object%93&Prime; header_6_text_shadow_blur_strength=\u00a0\u00bbheader_6_text_shadow_style,%91object Object%93&Prime; z_index_tablet=\u00a0\u00bb500&Prime;]<\/p>\n<ul>\n<li><strong>Directrice du d\u00e9partement <\/strong>: Anne-Sophie BENTZ (<a href=\"mailto:dir.dep.hist@univ-paris-diderot.fr\">dir.dep.hist@univ-paris-diderot.fr<\/a>)<\/li>\n<li><strong>Directeur des \u00e9tudes de Licence<\/strong> : Mathieu EYCHENNE (<a href=\"mailto:mathieu.eychenne@wordpress-test.app.u-pariscite.fr\">mathieu.eychenne@wordpress-test.app.u-pariscite.fr<\/a>)<\/li>\n<\/ul>\n<p>\u00a0<\/p>\n<ul>\n<li><strong>Responsable de la L1<\/strong> : Beno\u00eet BEUCHER (<a href=\"mailto:benoit.beucher@wordpress-test.app.u-pariscite.fr\">benoit.beucher@wordpress-test.app.u-pariscite.fr<\/a>)<\/li>\n<li><strong>Responsable de la L2<\/strong> : Pascal MONTLAHUC (<a href=\"mailto:pascal.montlahuc@hotmail.fr\">pascal.montlahuc@wordpress-test.app.u-pariscite.fr<\/a>)<\/li>\n<li><strong>Secr\u00e9tariat p\u00e9dagogique de la L1-L2<\/strong> <strong>(d\u00e9partement LSH)<\/strong> : Sabine ZYZEMSKI (<a href=\"mailto:sabine.zyzemski@wordpress-test.app.u-pariscite.fr\">sabine.zyzemski@wordpress-test.app.u-pariscite.fr<\/a>)<\/li>\n<\/ul>\n<p>\u00a0<\/p>\n<ul>\n<li><strong>Responsable de la L3<\/strong> : Gabrielle HOUBRE (<a href=\"mailto:gabrielle.houbre@wordpress-test.app.u-pariscite.fr\" target=\"_blank\" rel=\"noopener noreferrer\">gabrielle.houbre@wordpress-test.app.u-pariscite.fr<\/a>)<\/li>\n<li><strong>Secr\u00e9tariat p\u00e9dagogique de la L3<\/strong> : Souhila GHARBI (<a href=\"mailto:souhila.gharbi@wordpress-test.app.u-pariscite.fr\">souhila.gharbi@wordpress-test.app.u-pariscite.fr<\/a>)<\/li>\n<\/ul>\n<p>\u00a0<\/p>\n<ul>\n<li><strong>Directeur du Master Histoire, civilisations, patrimoine<\/strong> : Jean-Pierre GUILHEMBET (<a href=\"mailto:didier.lett@wanadoo.fr\">jean-pierre.guilhembet@wordpress-test.app.u-pariscite.fr<\/a>)<\/li>\n<li><strong>Secr\u00e9tariat p\u00e9dagogique du Master<\/strong> : Gilles PIDARD (<a href=\"mailto:gilles.pidard@wordpress-test.app.u-pariscite.fr\">gilles.pidard@wordpress-test.app.u-pariscite.fr<\/a>)<\/li>\n<\/ul>\n<p>[\/et_pb_text][\/et_pb_column][et_pb_column type=\u00a0\u00bb1_4&Prime;][\/et_pb_column][\/et_pb_row][\/et_pb_section][et_pb_section bb_built=\u00a0\u00bb1&Prime; specialty=\u00a0\u00bboff\u00a0\u00bb _builder_version=\u00a0\u00bb3.21&Prime; custom_padding=\u00a0\u00bb0px||0px|\u00a0\u00bb prev_background_color=\u00a0\u00bb#000000&Prime; inner_width=\u00a0\u00bbauto\u00a0\u00bb inner_max_width=\u00a0\u00bbnone\u00a0\u00bb][et_pb_row _builder_version=\u00a0\u00bb3.19.11&Prime; width=\u00a0\u00bb80%\u00a0\u00bb max_width=\u00a0\u00bb1080px\u00a0\u00bb][et_pb_column type=\u00a0\u00bb4_4&Prime;][et_pb_text admin_label=\u00a0\u00bb\u00c0 lire aussi\u00a0\u00bb _builder_version=\u00a0\u00bb3.21&Prime;]<\/p>\n<h2><span class=\"st\">\u00c0<\/span> lire aussi<\/h2>\n<p>[\/et_pb_text][et_pb_blog _builder_version=\u00a0\u00bb3.21&Prime; posts_number=\u00a0\u00bb4&Prime; include_categories=\u00a0\u00bb13&Prime; show_author=\u00a0\u00bboff\u00a0\u00bb show_date=\u00a0\u00bboff\u00a0\u00bb show_pagination=\u00a0\u00bboff\u00a0\u00bb border_width_bottom_fullwidth=\u00a0\u00bb1px\u00a0\u00bb border_color_bottom_fullwidth=\u00a0\u00bbrgba(51,51,51,0.18)\u00a0\u00bb custom_padding=\u00a0\u00bb||50px|\u00a0\u00bb module_id=\u00a0\u00bbpage_type_blog\u00a0\u00bb header_level=\u00a0\u00bbh4&Prime; \/][\/et_pb_column][\/et_pb_row][\/et_pb_section]<\/p>\n","protected":false},"excerpt":{"rendered":"<div class=\"et_pb_row et_pb_row_0 et_pb_row_empty\"><\/div>\n<div class=\"et_pb_row et_pb_row_1 et_pb_row_empty\"><\/div>\n<p> Directrice du d\u00e9partement : Anne-Sophie BENTZ (dir.dep.hist@univ-paris-diderot.fr)Directeur des \u00e9tudes de Licence : Mathieu EYCHENNE (mathieu.eychenne@wordpress-test.app.u-pariscite.fr)\u00a0Responsable de la L1 : Beno\u00eet BEUCHER (benoit.beucher@wordpress-test.app.u-pariscite.fr)Responsable de la L2 : Pascal MONTLAHUC (pascal.montlahuc@wordpress-test.app.u-pariscite.fr)Secr\u00e9tariat p\u00e9dagogique de la L1-L2 (d\u00e9partement LSH) : Sabine ZYZEMSKI (sabine.zyzemski@wordpress-test.app.u-pariscite.fr)\u00a0Responsable de la L3 : Gabrielle HOUBRE (gabrielle.houbre@wordpress-test.app.u-pariscite.fr)Secr\u00e9tariat p\u00e9dagogique de la L3 : Souhila GHARBI (souhila.gharbi@wordpress-test.app.u-pariscite.fr)\u00a0Directeur&hellip; <a class=\"continue\" href=\"https:\/\/wordpress-test.app.u-pariscite.fr\/ghes\/contacts-du-departement-dhistoire\/\">Lire la suite<span> Contacts du d\u00e9partement d&rsquo;Histoire<\/span><\/a><\/p>\n","protected":false},"author":248,"featured_media":0,"parent":0,"menu_order":0,"comment_status":"closed","ping_status":"closed","template":"","meta":{"_et_pb_use_builder":"on","_et_pb_old_content":"","_et_gb_content_width":"","footnotes":""},"class_list":["post-727","page","type-page","status-publish","hentry"],"_links":{"self":[{"href":"https:\/\/wordpress-test.app.u-pariscite.fr\/ghes\/wp-json\/wp\/v2\/pages\/727","targetHints":{"allow":["GET"]}}],"collection":[{"href":"https:\/\/wordpress-test.app.u-pariscite.fr\/ghes\/wp-json\/wp\/v2\/pages"}],"about":[{"href":"https:\/\/wordpress-test.app.u-pariscite.fr\/ghes\/wp-json\/wp\/v2\/types\/page"}],"author":[{"embeddable":true,"href":"https:\/\/wordpress-test.app.u-pariscite.fr\/ghes\/wp-json\/wp\/v2\/users\/248"}],"replies":[{"embeddable":true,"href":"https:\/\/wordpress-test.app.u-pariscite.fr\/ghes\/wp-json\/wp\/v2\/comments?post=727"}],"version-history":[{"count":15,"href":"https:\/\/wordpress-test.app.u-pariscite.fr\/ghes\/wp-json\/wp\/v2\/pages\/727\/revisions"}],"predecessor-version":[{"id":2286,"href":"https:\/\/wordpress-test.app.u-pariscite.fr\/ghes\/wp-json\/wp\/v2\/pages\/727\/revisions\/2286"}],"wp:attachment":[{"href":"https:\/\/wordpress-test.app.u-pariscite.fr\/ghes\/wp-json\/wp\/v2\/media?parent=727"}],"curies":[{"name":"wp","href":"https:\/\/api.w.org\/{rel}","templated":true}]}}