{"id":707,"date":"2021-12-01T09:18:24","date_gmt":"2021-12-01T08:18:24","guid":{"rendered":"https:\/\/wordpress-test.app.u-pariscite.fr\/ghes\/?page_id=707"},"modified":"2024-02-02T14:12:39","modified_gmt":"2024-02-02T13:12:39","slug":"membres-departement-histoire","status":"publish","type":"page","link":"https:\/\/wordpress-test.app.u-pariscite.fr\/ghes\/membres-departement-histoire\/","title":{"rendered":"Membres du d\u00e9partement d&rsquo;Histoire"},"content":{"rendered":"<p>[et_pb_section bb_built=\u00a0\u00bb1&Prime; next_background_color=\u00a0\u00bb#000000&Prime; inner_width=\u00a0\u00bbauto\u00a0\u00bb inner_max_width=\u00a0\u00bbnone\u00a0\u00bb][et_pb_row][et_pb_column type=\u00a0\u00bb4_4&Prime;][et_pb_post_title admin_label=\u00a0\u00bbTitre de la page\u00a0\u00bb _builder_version=\u00a0\u00bb3.19.11&Prime; meta=\u00a0\u00bboff\u00a0\u00bb featured_image=\u00a0\u00bboff\u00a0\u00bb \/][\/et_pb_column][\/et_pb_row][et_pb_row _builder_version=\u00a0\u00bb3.22.1&Prime; module_id=\u00a0\u00bbimage-page-type\u00a0\u00bb width_phone=\u00a0\u00bb50px\u00a0\u00bb max_width_phone=\u00a0\u00bb1280px\u00a0\u00bb disabled=\u00a0\u00bboff\u00a0\u00bb disabled_on=\u00a0\u00bboff|off|off\u00a0\u00bb z_index_tablet=\u00a0\u00bb500&Prime;][et_pb_column type=\u00a0\u00bb3_4&Prime;][et_pb_image admin_label=\u00a0\u00bbImage 1920 x 1080&Prime; _builder_version=\u00a0\u00bb3.22.1&Prime; src=\u00a0\u00bbhttps:\/\/wordpress-test.app.u-pariscite.fr\/ghes\/wp-content\/uploads\/sites\/46\/2021\/12\/Asso.jpg\u00a0\u00bb module_id=\u00a0\u00bbimage-page\u00a0\u00bb z_index_tablet=\u00a0\u00bb500&Prime; \/][\/et_pb_column][et_pb_column type=\u00a0\u00bb1_4&Prime;][et_pb_text admin_label=\u00a0\u00bbL\u00e9gende image\u00a0\u00bb _builder_version=\u00a0\u00bb3.22.1&Prime; module_id=\u00a0\u00bbtexte-image\u00a0\u00bb custom_margin=\u00a0\u00bb|-15px||\u00a0\u00bb text_text_shadow_horizontal_length=\u00a0\u00bbtext_text_shadow_style,%91object Object%93&Prime; text_text_shadow_vertical_length=\u00a0\u00bbtext_text_shadow_style,%91object Object%93&Prime; text_text_shadow_blur_strength=\u00a0\u00bbtext_text_shadow_style,%91object Object%93&Prime; link_text_shadow_horizontal_length=\u00a0\u00bblink_text_shadow_style,%91object Object%93&Prime; link_text_shadow_vertical_length=\u00a0\u00bblink_text_shadow_style,%91object Object%93&Prime; link_text_shadow_blur_strength=\u00a0\u00bblink_text_shadow_style,%91object Object%93&Prime; ul_text_shadow_horizontal_length=\u00a0\u00bbul_text_shadow_style,%91object Object%93&Prime; ul_text_shadow_vertical_length=\u00a0\u00bbul_text_shadow_style,%91object Object%93&Prime; ul_text_shadow_blur_strength=\u00a0\u00bbul_text_shadow_style,%91object Object%93&Prime; ol_text_shadow_horizontal_length=\u00a0\u00bbol_text_shadow_style,%91object Object%93&Prime; ol_text_shadow_vertical_length=\u00a0\u00bbol_text_shadow_style,%91object Object%93&Prime; ol_text_shadow_blur_strength=\u00a0\u00bbol_text_shadow_style,%91object Object%93&Prime; quote_text_shadow_horizontal_length=\u00a0\u00bbquote_text_shadow_style,%91object Object%93&Prime; quote_text_shadow_vertical_length=\u00a0\u00bbquote_text_shadow_style,%91object Object%93&Prime; quote_text_shadow_blur_strength=\u00a0\u00bbquote_text_shadow_style,%91object Object%93&Prime; header_text_shadow_horizontal_length=\u00a0\u00bbheader_text_shadow_style,%91object Object%93&Prime; header_text_shadow_vertical_length=\u00a0\u00bbheader_text_shadow_style,%91object Object%93&Prime; header_text_shadow_blur_strength=\u00a0\u00bbheader_text_shadow_style,%91object Object%93&Prime; header_2_text_shadow_horizontal_length=\u00a0\u00bbheader_2_text_shadow_style,%91object Object%93&Prime; header_2_text_shadow_vertical_length=\u00a0\u00bbheader_2_text_shadow_style,%91object Object%93&Prime; header_2_text_shadow_blur_strength=\u00a0\u00bbheader_2_text_shadow_style,%91object Object%93&Prime; header_3_text_shadow_horizontal_length=\u00a0\u00bbheader_3_text_shadow_style,%91object Object%93&Prime; header_3_text_shadow_vertical_length=\u00a0\u00bbheader_3_text_shadow_style,%91object Object%93&Prime; header_3_text_shadow_blur_strength=\u00a0\u00bbheader_3_text_shadow_style,%91object Object%93&Prime; header_4_text_shadow_horizontal_length=\u00a0\u00bbheader_4_text_shadow_style,%91object Object%93&Prime; header_4_text_shadow_vertical_length=\u00a0\u00bbheader_4_text_shadow_style,%91object Object%93&Prime; header_4_text_shadow_blur_strength=\u00a0\u00bbheader_4_text_shadow_style,%91object Object%93&Prime; header_5_text_shadow_horizontal_length=\u00a0\u00bbheader_5_text_shadow_style,%91object Object%93&Prime; header_5_text_shadow_vertical_length=\u00a0\u00bbheader_5_text_shadow_style,%91object Object%93&Prime; header_5_text_shadow_blur_strength=\u00a0\u00bbheader_5_text_shadow_style,%91object Object%93&Prime; header_6_text_shadow_horizontal_length=\u00a0\u00bbheader_6_text_shadow_style,%91object Object%93&Prime; header_6_text_shadow_vertical_length=\u00a0\u00bbheader_6_text_shadow_style,%91object Object%93&Prime; header_6_text_shadow_blur_strength=\u00a0\u00bbheader_6_text_shadow_style,%91object Object%93&Prime; z_index_tablet=\u00a0\u00bb500&Prime; \/][\/et_pb_column][\/et_pb_row][et_pb_row _builder_version=\u00a0\u00bb3.22.1&Prime; disabled=\u00a0\u00bboff\u00a0\u00bb disabled_on=\u00a0\u00bboff|off|off\u00a0\u00bb z_index_tablet=\u00a0\u00bb500&Prime;][et_pb_column type=\u00a0\u00bb4_4&Prime;][et_pb_text admin_label=\u00a0\u00bbCopyright\u00a0\u00bb _builder_version=\u00a0\u00bb3.22.1&Prime; module_id=\u00a0\u00bblegende\u00a0\u00bb text_text_shadow_horizontal_length=\u00a0\u00bbtext_text_shadow_style,%91object Object%93&Prime; text_text_shadow_vertical_length=\u00a0\u00bbtext_text_shadow_style,%91object Object%93&Prime; text_text_shadow_blur_strength=\u00a0\u00bbtext_text_shadow_style,%91object Object%93&Prime; link_text_shadow_horizontal_length=\u00a0\u00bblink_text_shadow_style,%91object Object%93&Prime; link_text_shadow_vertical_length=\u00a0\u00bblink_text_shadow_style,%91object Object%93&Prime; link_text_shadow_blur_strength=\u00a0\u00bblink_text_shadow_style,%91object Object%93&Prime; ul_text_shadow_horizontal_length=\u00a0\u00bbul_text_shadow_style,%91object Object%93&Prime; ul_text_shadow_vertical_length=\u00a0\u00bbul_text_shadow_style,%91object Object%93&Prime; ul_text_shadow_blur_strength=\u00a0\u00bbul_text_shadow_style,%91object Object%93&Prime; ol_text_shadow_horizontal_length=\u00a0\u00bbol_text_shadow_style,%91object Object%93&Prime; ol_text_shadow_vertical_length=\u00a0\u00bbol_text_shadow_style,%91object Object%93&Prime; ol_text_shadow_blur_strength=\u00a0\u00bbol_text_shadow_style,%91object Object%93&Prime; quote_text_shadow_horizontal_length=\u00a0\u00bbquote_text_shadow_style,%91object Object%93&Prime; quote_text_shadow_vertical_length=\u00a0\u00bbquote_text_shadow_style,%91object Object%93&Prime; quote_text_shadow_blur_strength=\u00a0\u00bbquote_text_shadow_style,%91object Object%93&Prime; header_text_shadow_horizontal_length=\u00a0\u00bbheader_text_shadow_style,%91object Object%93&Prime; header_text_shadow_vertical_length=\u00a0\u00bbheader_text_shadow_style,%91object Object%93&Prime; header_text_shadow_blur_strength=\u00a0\u00bbheader_text_shadow_style,%91object Object%93&Prime; header_2_text_shadow_horizontal_length=\u00a0\u00bbheader_2_text_shadow_style,%91object Object%93&Prime; header_2_text_shadow_vertical_length=\u00a0\u00bbheader_2_text_shadow_style,%91object Object%93&Prime; header_2_text_shadow_blur_strength=\u00a0\u00bbheader_2_text_shadow_style,%91object Object%93&Prime; header_3_text_shadow_horizontal_length=\u00a0\u00bbheader_3_text_shadow_style,%91object Object%93&Prime; header_3_text_shadow_vertical_length=\u00a0\u00bbheader_3_text_shadow_style,%91object Object%93&Prime; header_3_text_shadow_blur_strength=\u00a0\u00bbheader_3_text_shadow_style,%91object Object%93&Prime; header_4_text_shadow_horizontal_length=\u00a0\u00bbheader_4_text_shadow_style,%91object Object%93&Prime; header_4_text_shadow_vertical_length=\u00a0\u00bbheader_4_text_shadow_style,%91object Object%93&Prime; header_4_text_shadow_blur_strength=\u00a0\u00bbheader_4_text_shadow_style,%91object Object%93&Prime; header_5_text_shadow_horizontal_length=\u00a0\u00bbheader_5_text_shadow_style,%91object Object%93&Prime; header_5_text_shadow_vertical_length=\u00a0\u00bbheader_5_text_shadow_style,%91object Object%93&Prime; header_5_text_shadow_blur_strength=\u00a0\u00bbheader_5_text_shadow_style,%91object Object%93&Prime; header_6_text_shadow_horizontal_length=\u00a0\u00bbheader_6_text_shadow_style,%91object Object%93&Prime; header_6_text_shadow_vertical_length=\u00a0\u00bbheader_6_text_shadow_style,%91object Object%93&Prime; header_6_text_shadow_blur_strength=\u00a0\u00bbheader_6_text_shadow_style,%91object Object%93&Prime; z_index_tablet=\u00a0\u00bb500&Prime;]<\/p>\n<div class=\"page\" title=\"Page 1\">\n<div class=\"layoutArea\">\n<div class=\"column\">\n<p>\u00a9 Tous droits r\u00e9serv\u00e9s<\/p>\n<\/div>\n<\/div>\n<\/div>\n<p>[\/et_pb_text][\/et_pb_column][\/et_pb_row][et_pb_row][et_pb_column type=\u00a0\u00bb3_4&Prime;][et_pb_text _builder_version=\u00a0\u00bb3.22.1&Prime; module_id=\u00a0\u00bbcontenu\u00a0\u00bb text_text_shadow_horizontal_length=\u00a0\u00bbtext_text_shadow_style,%91object Object%93&Prime; text_text_shadow_vertical_length=\u00a0\u00bbtext_text_shadow_style,%91object Object%93&Prime; text_text_shadow_blur_strength=\u00a0\u00bbtext_text_shadow_style,%91object Object%93&Prime; link_text_shadow_horizontal_length=\u00a0\u00bblink_text_shadow_style,%91object Object%93&Prime; link_text_shadow_vertical_length=\u00a0\u00bblink_text_shadow_style,%91object Object%93&Prime; link_text_shadow_blur_strength=\u00a0\u00bblink_text_shadow_style,%91object Object%93&Prime; ul_text_shadow_horizontal_length=\u00a0\u00bbul_text_shadow_style,%91object Object%93&Prime; ul_text_shadow_vertical_length=\u00a0\u00bbul_text_shadow_style,%91object Object%93&Prime; ul_text_shadow_blur_strength=\u00a0\u00bbul_text_shadow_style,%91object Object%93&Prime; ol_text_shadow_horizontal_length=\u00a0\u00bbol_text_shadow_style,%91object Object%93&Prime; ol_text_shadow_vertical_length=\u00a0\u00bbol_text_shadow_style,%91object Object%93&Prime; ol_text_shadow_blur_strength=\u00a0\u00bbol_text_shadow_style,%91object Object%93&Prime; quote_text_shadow_horizontal_length=\u00a0\u00bbquote_text_shadow_style,%91object Object%93&Prime; quote_text_shadow_vertical_length=\u00a0\u00bbquote_text_shadow_style,%91object Object%93&Prime; quote_text_shadow_blur_strength=\u00a0\u00bbquote_text_shadow_style,%91object Object%93&Prime; header_text_shadow_horizontal_length=\u00a0\u00bbheader_text_shadow_style,%91object Object%93&Prime; header_text_shadow_vertical_length=\u00a0\u00bbheader_text_shadow_style,%91object Object%93&Prime; header_text_shadow_blur_strength=\u00a0\u00bbheader_text_shadow_style,%91object Object%93&Prime; header_2_text_shadow_horizontal_length=\u00a0\u00bbheader_2_text_shadow_style,%91object Object%93&Prime; header_2_text_shadow_vertical_length=\u00a0\u00bbheader_2_text_shadow_style,%91object Object%93&Prime; header_2_text_shadow_blur_strength=\u00a0\u00bbheader_2_text_shadow_style,%91object Object%93&Prime; header_3_text_shadow_horizontal_length=\u00a0\u00bbheader_3_text_shadow_style,%91object Object%93&Prime; header_3_text_shadow_vertical_length=\u00a0\u00bbheader_3_text_shadow_style,%91object Object%93&Prime; header_3_text_shadow_blur_strength=\u00a0\u00bbheader_3_text_shadow_style,%91object Object%93&Prime; header_4_text_shadow_horizontal_length=\u00a0\u00bbheader_4_text_shadow_style,%91object Object%93&Prime; header_4_text_shadow_vertical_length=\u00a0\u00bbheader_4_text_shadow_style,%91object Object%93&Prime; header_4_text_shadow_blur_strength=\u00a0\u00bbheader_4_text_shadow_style,%91object Object%93&Prime; header_5_text_shadow_horizontal_length=\u00a0\u00bbheader_5_text_shadow_style,%91object Object%93&Prime; header_5_text_shadow_vertical_length=\u00a0\u00bbheader_5_text_shadow_style,%91object Object%93&Prime; header_5_text_shadow_blur_strength=\u00a0\u00bbheader_5_text_shadow_style,%91object Object%93&Prime; header_6_text_shadow_horizontal_length=\u00a0\u00bbheader_6_text_shadow_style,%91object Object%93&Prime; header_6_text_shadow_vertical_length=\u00a0\u00bbheader_6_text_shadow_style,%91object Object%93&Prime; header_6_text_shadow_blur_strength=\u00a0\u00bbheader_6_text_shadow_style,%91object Object%93&Prime; z_index_tablet=\u00a0\u00bb500&Prime;]<\/p>\n<blockquote>\n<p>Les membres du D\u00e9partement Histoire<\/p>\n<\/blockquote>\n<p>[\/et_pb_text][et_pb_toggle admin_label=\u00a0\u00bbBascule &#8211; Enseignant.e.s-chercheur.e.s \u00a0\u00bb _builder_version=\u00a0\u00bb3.22.1&Prime; title=\u00a0\u00bbEnseignant.e.s &#8211; Chercheur.e.s \u00a0\u00bb text_shadow_horizontal_length=\u00a0\u00bbtext_shadow_style,%91object Object%93&Prime; text_shadow_vertical_length=\u00a0\u00bbtext_shadow_style,%91object Object%93&Prime; text_shadow_blur_strength=\u00a0\u00bbtext_shadow_style,%91object Object%93&Prime; title_text_shadow_horizontal_length=\u00a0\u00bbtitle_text_shadow_style,%91object Object%93&Prime; title_text_shadow_vertical_length=\u00a0\u00bbtitle_text_shadow_style,%91object Object%93&Prime; title_text_shadow_blur_strength=\u00a0\u00bbtitle_text_shadow_style,%91object Object%93&Prime; body_text_shadow_horizontal_length=\u00a0\u00bbbody_text_shadow_style,%91object Object%93&Prime; body_text_shadow_vertical_length=\u00a0\u00bbbody_text_shadow_style,%91object Object%93&Prime; body_text_shadow_blur_strength=\u00a0\u00bbbody_text_shadow_style,%91object Object%93&Prime; z_index_tablet=\u00a0\u00bb500&Prime;]<\/p>\n<ul>\n<li><a href=\"https:\/\/histparis.hypotheses.org\/anais-albert\" target=\"_blank\" rel=\"noopener noreferrer\">ALBERT Ana\u00efs<\/a><\/li>\n<li><a href=\"https:\/\/histparis.hypotheses.org\/mathieu-arnoux\" target=\"_blank\" rel=\"noopener noreferrer\">ARNOUX <\/a><a href=\"https:\/\/histparis.hypotheses.org\/mathieu-arnoux\" target=\"_blank\" rel=\"noopener noreferrer\">Mathieu <\/a><\/li>\n<li><a href=\"https:\/\/histparis.hypotheses.org\/anne-sophie-bentz\" target=\"_blank\" rel=\"noopener noreferrer\">BENTZ <\/a><a href=\"https:\/\/histparis.hypotheses.org\/anne-sophie-bentz\" target=\"_blank\" rel=\"noopener noreferrer\">Anne-Sophie<\/a>, Directrice du d\u00e9partement d\u2019Histoire<\/li>\n<li><a href=\"https:\/\/www.cessma.org\/BEUCHER-Benoit\">BEUCHER Beno\u00eet,<\/a> Responsable de la L1<\/li>\n<li><a href=\"https:\/\/histparis.hypotheses.org\/olivier-bouquet\" target=\"_blank\" rel=\"noopener noreferrer\">BOUQUET Olivier<\/a><\/li>\n<li><a href=\"https:\/\/histparis.hypotheses.org\/3839\">CLAUSTRE Julie<\/a><\/li>\n<li><a href=\"https:\/\/histparis.hypotheses.org\/4088\">CHAPUIS-DESPR\u00c9S Stephanie<\/a><\/li>\n<li><a href=\"https:\/\/histparis.hypotheses.org\/sophie-coeure\" target=\"_blank\" rel=\"noopener noreferrer\">COEURE Sophie<\/a>, Responsable des relations internationales du d\u00e9partement<\/li>\n<li><a href=\"https:\/\/histparis.hypotheses.org\/quentin-deluermoz\" target=\"_blank\" rel=\"noopener noreferrer\">DELUERMOZ Quentin<\/a><\/li>\n<li>DELZANT Jean-Baptiste<\/li>\n<li><a href=\"https:\/\/histparis.hypotheses.org\/mathieu-eychenne\" target=\"_blank\" rel=\"noopener noreferrer\">EYCHENNE Mathieu<\/a>, Directeur des \u00e9tudes de licence, Co-responsable de la licence bidisciplinaire Histoire-Anglais<\/li>\n<li><a href=\"https:\/\/histparis.hypotheses.org\/patrick-farges\" target=\"_blank\" rel=\"noopener noreferrer\">FARGES Patrick<\/a>, Responsable du cursus int\u00e9gr\u00e9 franco-allemand d\u2019histoire Paris-Bielefeld (UFR EILA)<\/li>\n<li><a href=\"https:\/\/histparis.hypotheses.org\/florence-gherchanoc\" target=\"_blank\" rel=\"noopener noreferrer\">GHERCHANOC Florence<\/a><\/li>\n<li><a href=\"https:\/\/histparis.hypotheses.org\/laurence-gillot\" target=\"_blank\" rel=\"noopener noreferrer\">GILLOT Laurence<\/a>, Co-responsable du M2 <em>Ville, Architecture, Patrimoine (VAP)<\/em><\/li>\n<li><a href=\"https:\/\/histparis.hypotheses.org\/pilar-gonzalez-bernaldo-de-quiros\" target=\"_blank\" rel=\"noopener noreferrer\">GONZALEZ-BERNALDO <\/a><a href=\"https:\/\/histparis.hypotheses.org\/pilar-gonzalez-bernaldo-de-quiros\" target=\"_blank\" rel=\"noopener noreferrer\">Pilar<\/a>, Responsable du M2 \u00ab Identit\u00e9s, alt\u00e9rit\u00e9s, circulations (Europe, M\u00e9diterran\u00e9e, Am\u00e9riques) \u00bb<\/li>\n<li><a href=\"https:\/\/histparis.hypotheses.org\/elisa-grandi\" target=\"_blank\" rel=\"noopener noreferrer\">GRANDI <\/a><a href=\"https:\/\/histparis.hypotheses.org\/elisa-grandi\" target=\"_blank\" rel=\"noopener noreferrer\">Elisa,<\/a> Responsable du <a href=\"https:\/\/odf.wordpress-test.app.u-pariscite.fr\/fr\/offre-de-formation\/master-XB\/sciences-humaines-et-sociales-SHS\/energie-K2VO6LRQ\/\/master-energie-m2-parcours-energie-ecologie-societe-JRXL45NG.html\">M2 <em>Energie, Ecologie, Soci\u00e9t\u00e9 (E2S)<\/em><\/a> et du <a href=\"https:\/\/histparis.hypotheses.org\/2029\">Master in European History<\/a><\/li>\n<li><a href=\"https:\/\/histparis.hypotheses.org\/jean-pierre-guilhembet\" target=\"_blank\" rel=\"noopener noreferrer\">GUILHEMBET<\/a><a href=\"https:\/\/histparis.hypotheses.org\/jean-pierre-guilhembet\" target=\"_blank\" rel=\"noopener noreferrer\"> Jean-Pierre<\/a>, Directeur du Master \u00ab Histoire, civilisations, patrimoine \u00bb<\/li>\n<li><a href=\"https:\/\/histparis.hypotheses.org\/liliane-hilaire-perez\" target=\"_blank\" rel=\"noopener noreferrer\">HILAIRE-PEREZ <\/a><a href=\"https:\/\/histparis.hypotheses.org\/liliane-hilaire-perez\" target=\"_blank\" rel=\"noopener noreferrer\">Liliane<\/a>, Co-responsable du M2 <em>Patrimoine Scientifique, Technique, Naturel et Architectural (PSTN-A)<\/em><\/li>\n<li><a href=\"https:\/\/histparis.hypotheses.org\/gabrielle-houbre\" target=\"_blank\" rel=\"noopener noreferrer\">HOUBRE Gabrielle,<\/a> Responsable de la L3<\/li>\n<li><a href=\"https:\/\/histparis.hypotheses.org\/nathalie-kouame\" target=\"_blank\" rel=\"noopener noreferrer\">KOUAME Nathalie<\/a><\/li>\n<li><a href=\"https:\/\/histparis.hypotheses.org\/didier-lett\" target=\"_blank\" rel=\"noopener noreferrer\">LETT Didier<\/a><\/li>\n<li><a href=\"https:\/\/histparis.hypotheses.org\/aurelia-michel\" target=\"_blank\" rel=\"noopener noreferrer\">MICHEL Aur\u00e9lia<\/a>, Responsable du M2 \u00ab Mondes africains, asiatiques et moyens-orientaux : sources, soci\u00e9t\u00e9s, enjeux \u00bb<\/li>\n<li><a href=\"https:\/\/histparis.hypotheses.org\/pascal-montlahuc\" target=\"_blank\" rel=\"noopener noreferrer\">MONTLAHUC Pascal<\/a>, Responsable de la L2 et du Master franco-italien Paris Cit\u00e9\/Universit\u00e9 de Bologne<\/li>\n<li><a href=\"https:\/\/histparis.hypotheses.org\/didier-nativel\" target=\"_blank\" rel=\"noopener noreferrer\">NATIVEL Didier<\/a><\/li>\n<li><a href=\"https:\/\/histparis.hypotheses.org\/judicael-petrowiste\" target=\"_blank\" rel=\"noopener noreferrer\">PETROWISTE Judica\u00ebl<\/a><\/li>\n<li><a href=\"https:\/\/ict.wordpress-test.app.u-pariscite.fr\/alexandre-rios-bordes\">RIOS-BORDES Alexandre<\/a><\/li>\n<li><a href=\"https:\/\/histparis.hypotheses.org\/thi-lien-claire-tran\" target=\"_blank\" rel=\"noopener noreferrer\">TRAN Claire Thi Li\u00ean<\/a><\/li>\n<li><a href=\"https:\/\/histparis.hypotheses.org\/fabien-simon\" target=\"_blank\" rel=\"noopener noreferrer\">SIMON Fabien<\/a>, Co-responsable de la licence bidisciplinaire Histoire-G\u00e9ographie<\/li>\n<li><a href=\"https:\/\/histparis.hypotheses.org\/stephanie-wyler\" target=\"_blank\" rel=\"noopener noreferrer\">WYLER St\u00e9phanie<\/a>, Co-responsable de la licence bidisciplinaire Lettres-Histoire<\/li>\n<li><a href=\"https:\/\/histparis.hypotheses.org\/francois-zanetti\" target=\"_blank\" rel=\"noopener noreferrer\">ZANETTI Fran\u00e7ois<\/a>, Co-responsable du Master MEEF parcours Histoire-G\u00e9ographie<\/li>\n<\/ul>\n<p><strong>\u00a0<\/strong><\/p>\n<p>[\/et_pb_toggle][et_pb_toggle admin_label=\u00a0\u00bbBascule &#8211; Personnels administratifs\u00a0\u00bb _builder_version=\u00a0\u00bb3.22.1&Prime; title=\u00a0\u00bbPersonnels administratifs\u00a0\u00bb text_shadow_horizontal_length=\u00a0\u00bbtext_shadow_style,%91object Object%93&Prime; text_shadow_vertical_length=\u00a0\u00bbtext_shadow_style,%91object Object%93&Prime; text_shadow_blur_strength=\u00a0\u00bbtext_shadow_style,%91object Object%93&Prime; title_text_shadow_horizontal_length=\u00a0\u00bbtitle_text_shadow_style,%91object Object%93&Prime; title_text_shadow_vertical_length=\u00a0\u00bbtitle_text_shadow_style,%91object Object%93&Prime; title_text_shadow_blur_strength=\u00a0\u00bbtitle_text_shadow_style,%91object Object%93&Prime; body_text_shadow_horizontal_length=\u00a0\u00bbbody_text_shadow_style,%91object Object%93&Prime; body_text_shadow_vertical_length=\u00a0\u00bbbody_text_shadow_style,%91object Object%93&Prime; body_text_shadow_blur_strength=\u00a0\u00bbbody_text_shadow_style,%91object Object%93&Prime; z_index_tablet=\u00a0\u00bb500&Prime;]<\/p>\n<ul>\n<li><strong>Secr\u00e9tariat p\u00e9dagogique de L1-L2 (<a href=\"https:\/\/lsh.wordpress-test.app.u-pariscite.fr\/\">D\u00e9partement LSH<\/a>) :<\/strong> Sabine ZYZEMSKI<br \/>&gt; <a href=\"mailto:sabine.zyzemski@wordpress-test.app.u-pariscite.fr\">sabine.zyzemski@wordpress-test.app.u-pariscite.fr<\/a> \/ 01.57.27.63.18<br \/>B\u00e2timent des Grands Moulins, bureau 195 C (1<sup>er<\/sup> \u00e9tage)<br \/>16 rue Marguerite Duras, 75013 Paris<\/li>\n<li><strong>Secr\u00e9tariat p\u00e9dagogique de L3\u00a0:<\/strong> Souhila GHARBI<br \/>&gt; <a href=\"mailto:souhila.gharbi@wordpress-test.app.u-pariscite.fr\">souhila.gharbi@wordpress-test.app.u-pariscite.fr<\/a> \/ 01 57 27 71 67<br \/>B\u00e2timent Olympe de Gouges, bureau 411 (4<sup>e<\/sup> \u00e9tage)<br \/>8 place Paul Ricoeur, 75013 Paris<\/li>\n<li><strong>Secr\u00e9tariat p\u00e9dagogique de M1-M2\u00a0: <\/strong>Gilles PIDARD<br \/>&gt; <a href=\"mailto:gilles.pidard@wordpress-test.app.u-pariscite.fr\">gilles.pidard@wordpress-test.app.u-pariscite.fr<\/a> \/ 01.57.27.71.71<br \/>B\u00e2timent Olympe de Gouges, bureau 410 (4<sup>e<\/sup> \u00e9tage)<br \/>8 place Paul Ricoeur, 75013 Paris<\/li>\n<\/ul>\n<p>[\/et_pb_toggle][\/et_pb_column][et_pb_column type=\u00a0\u00bb1_4&Prime;][\/et_pb_column][\/et_pb_row][\/et_pb_section][et_pb_section bb_built=\u00a0\u00bb1&Prime; specialty=\u00a0\u00bboff\u00a0\u00bb _builder_version=\u00a0\u00bb3.21&Prime; custom_padding=\u00a0\u00bb0px||0px|\u00a0\u00bb prev_background_color=\u00a0\u00bb#000000&Prime; inner_width=\u00a0\u00bbauto\u00a0\u00bb inner_max_width=\u00a0\u00bbnone\u00a0\u00bb][et_pb_row _builder_version=\u00a0\u00bb3.19.11&Prime; width=\u00a0\u00bb80%\u00a0\u00bb max_width=\u00a0\u00bb1080px\u00a0\u00bb][et_pb_column type=\u00a0\u00bb4_4&Prime;][et_pb_text admin_label=\u00a0\u00bb\u00c0 lire aussi\u00a0\u00bb _builder_version=\u00a0\u00bb3.21&Prime;]<\/p>\n<h2><span class=\"st\">\u00c0<\/span> lire aussi<\/h2>\n<p>[\/et_pb_text][et_pb_blog _builder_version=\u00a0\u00bb3.21&Prime; posts_number=\u00a0\u00bb4&Prime; include_categories=\u00a0\u00bb13&Prime; show_author=\u00a0\u00bboff\u00a0\u00bb show_date=\u00a0\u00bboff\u00a0\u00bb show_pagination=\u00a0\u00bboff\u00a0\u00bb border_width_bottom_fullwidth=\u00a0\u00bb1px\u00a0\u00bb border_color_bottom_fullwidth=\u00a0\u00bbrgba(51,51,51,0.18)\u00a0\u00bb custom_padding=\u00a0\u00bb||50px|\u00a0\u00bb module_id=\u00a0\u00bbpage_type_blog\u00a0\u00bb header_level=\u00a0\u00bbh4&Prime; \/][\/et_pb_column][\/et_pb_row][\/et_pb_section]<\/p>\n","protected":false},"excerpt":{"rendered":"<div class=\"et_pb_row et_pb_row_0 et_pb_row_empty\"><\/div>\n<p> \u00a9 Tous droits r\u00e9serv\u00e9s <\/p>\n<div class=\"et_pb_row et_pb_row_1 et_pb_row_empty\"><\/div>\n<p> Les membres du D\u00e9partement Histoire ALBERT Ana\u00efsARNOUX Mathieu BENTZ Anne-Sophie, Directrice du d\u00e9partement d\u2019HistoireBEUCHER Beno\u00eet, Responsable de la L1BOUQUET OlivierCLAUSTRE JulieCHAPUIS-DESPR\u00c9S StephanieCOEURE Sophie, Responsable des relations internationales du d\u00e9partementDELUERMOZ QuentinDELZANT Jean-BaptisteEYCHENNE Mathieu, Directeur des \u00e9tudes de licence, Co-responsable de la licence bidisciplinaire Histoire-AnglaisFARGES Patrick, Responsable du cursus int\u00e9gr\u00e9 franco-allemand&hellip; <a class=\"continue\" href=\"https:\/\/wordpress-test.app.u-pariscite.fr\/ghes\/membres-departement-histoire\/\">Lire la suite<span> Membres du d\u00e9partement d&rsquo;Histoire<\/span><\/a><\/p>\n","protected":false},"author":248,"featured_media":0,"parent":0,"menu_order":0,"comment_status":"closed","ping_status":"closed","template":"","meta":{"_et_pb_use_builder":"on","_et_pb_old_content":"","_et_gb_content_width":"","footnotes":""},"class_list":["post-707","page","type-page","status-publish","hentry"],"_links":{"self":[{"href":"https:\/\/wordpress-test.app.u-pariscite.fr\/ghes\/wp-json\/wp\/v2\/pages\/707","targetHints":{"allow":["GET"]}}],"collection":[{"href":"https:\/\/wordpress-test.app.u-pariscite.fr\/ghes\/wp-json\/wp\/v2\/pages"}],"about":[{"href":"https:\/\/wordpress-test.app.u-pariscite.fr\/ghes\/wp-json\/wp\/v2\/types\/page"}],"author":[{"embeddable":true,"href":"https:\/\/wordpress-test.app.u-pariscite.fr\/ghes\/wp-json\/wp\/v2\/users\/248"}],"replies":[{"embeddable":true,"href":"https:\/\/wordpress-test.app.u-pariscite.fr\/ghes\/wp-json\/wp\/v2\/comments?post=707"}],"version-history":[{"count":20,"href":"https:\/\/wordpress-test.app.u-pariscite.fr\/ghes\/wp-json\/wp\/v2\/pages\/707\/revisions"}],"predecessor-version":[{"id":2280,"href":"https:\/\/wordpress-test.app.u-pariscite.fr\/ghes\/wp-json\/wp\/v2\/pages\/707\/revisions\/2280"}],"wp:attachment":[{"href":"https:\/\/wordpress-test.app.u-pariscite.fr\/ghes\/wp-json\/wp\/v2\/media?parent=707"}],"curies":[{"name":"wp","href":"https:\/\/api.w.org\/{rel}","templated":true}]}}