{"id":675,"date":"2021-11-30T15:19:00","date_gmt":"2021-11-30T14:19:00","guid":{"rendered":"https:\/\/wordpress-test.app.u-pariscite.fr\/ghes\/?page_id=675"},"modified":"2024-06-28T09:53:56","modified_gmt":"2024-06-28T07:53:56","slug":"contacts-departement-geographie","status":"publish","type":"page","link":"https:\/\/wordpress-test.app.u-pariscite.fr\/ghes\/contacts-departement-geographie\/","title":{"rendered":"Contacts du d\u00e9partement de G\u00e9ographie"},"content":{"rendered":"<p>[et_pb_section fb_built=\u00a0\u00bb1&Prime; _builder_version=\u00a0\u00bb3.22&Prime;][et_pb_row _builder_version=\u00a0\u00bb3.22&Prime; background_size=\u00a0\u00bbinitial\u00a0\u00bb background_position=\u00a0\u00bbtop_left\u00a0\u00bb background_repeat=\u00a0\u00bbrepeat\u00a0\u00bb][et_pb_column type=\u00a0\u00bb4_4&Prime; _builder_version=\u00a0\u00bb3.0.47&Prime;][et_pb_post_title meta=\u00a0\u00bboff\u00a0\u00bb featured_image=\u00a0\u00bboff\u00a0\u00bb admin_label=\u00a0\u00bbTitre de la page\u00a0\u00bb _builder_version=\u00a0\u00bb3.19.11&Prime;][\/et_pb_post_title][\/et_pb_column][\/et_pb_row][et_pb_row _builder_version=\u00a0\u00bb3.22&Prime; background_size=\u00a0\u00bbinitial\u00a0\u00bb background_position=\u00a0\u00bbtop_left\u00a0\u00bb background_repeat=\u00a0\u00bbrepeat\u00a0\u00bb][et_pb_column type=\u00a0\u00bb3_4&Prime; _builder_version=\u00a0\u00bb3.0.47&Prime;][et_pb_text admin_label=\u00a0\u00bbIntro\u00a0\u00bb module_id=\u00a0\u00bbintro\u00a0\u00bb _builder_version=\u00a0\u00bb3.22.1&Prime; z_index_tablet=\u00a0\u00bb500&Prime;]<\/p>\n<div class=\"page\" title=\"Page 1\">\n<div class=\"layoutArea\">\n<div class=\"column\">\n<p>Retrouvez ci-dessous tous les contacts du d\u00e9partement de G\u00e9ographie.<\/p>\n<\/div>\n<\/div>\n<\/div>\n<p>[\/et_pb_text][\/et_pb_column][et_pb_column type=\u00a0\u00bb1_4&Prime; _builder_version=\u00a0\u00bb3.0.47&Prime;][\/et_pb_column][\/et_pb_row][et_pb_row disabled_on=\u00a0\u00bboff|off|off\u00a0\u00bb module_id=\u00a0\u00bbimage-page-type\u00a0\u00bb _builder_version=\u00a0\u00bb3.22.1&Prime; width_phone=\u00a0\u00bb50px\u00a0\u00bb max_width_phone=\u00a0\u00bb1280px\u00a0\u00bb z_index_tablet=\u00a0\u00bb500&Prime;][et_pb_column type=\u00a0\u00bb3_4&Prime; _builder_version=\u00a0\u00bb3.0.47&Prime;][et_pb_image src=\u00a0\u00bbhttps:\/\/wordpress-test.app.u-pariscite.fr\/ghes\/wp-content\/uploads\/sites\/46\/2021\/12\/Contact.jpg\u00a0\u00bb admin_label=\u00a0\u00bbImage 1920 x 1080&Prime; module_id=\u00a0\u00bbimage-page\u00a0\u00bb _builder_version=\u00a0\u00bb3.22.1&Prime; z_index_tablet=\u00a0\u00bb500&Prime;][\/et_pb_image][\/et_pb_column][et_pb_column type=\u00a0\u00bb1_4&Prime; _builder_version=\u00a0\u00bb3.0.47&Prime;][et_pb_text admin_label=\u00a0\u00bbL\u00e9gende image\u00a0\u00bb module_id=\u00a0\u00bbtexte-image\u00a0\u00bb _builder_version=\u00a0\u00bb3.22.1&Prime; custom_margin=\u00a0\u00bb|-15px||\u00a0\u00bb z_index_tablet=\u00a0\u00bb500&Prime;][\/et_pb_text][\/et_pb_column][\/et_pb_row][et_pb_row disabled_on=\u00a0\u00bboff|off|off\u00a0\u00bb _builder_version=\u00a0\u00bb3.22.1&Prime; z_index_tablet=\u00a0\u00bb500&Prime;][et_pb_column type=\u00a0\u00bb4_4&Prime; _builder_version=\u00a0\u00bb3.0.47&Prime;][et_pb_text admin_label=\u00a0\u00bbCopyright\u00a0\u00bb module_id=\u00a0\u00bblegende\u00a0\u00bb _builder_version=\u00a0\u00bb3.22.1&Prime; z_index_tablet=\u00a0\u00bb500&Prime;]<\/p>\n<div class=\"page\" title=\"Page 1\">\n<div class=\"layoutArea\">\n<div class=\"column\">\n<p>\u00a9 Tous droits r\u00e9serv\u00e9s<\/p>\n<\/div>\n<\/div>\n<\/div>\n<p>[\/et_pb_text][\/et_pb_column][\/et_pb_row][et_pb_row _builder_version=\u00a0\u00bb3.22&Prime; background_size=\u00a0\u00bbinitial\u00a0\u00bb background_position=\u00a0\u00bbtop_left\u00a0\u00bb background_repeat=\u00a0\u00bbrepeat\u00a0\u00bb][et_pb_column type=\u00a0\u00bb3_4&Prime; _builder_version=\u00a0\u00bb3.0.47&Prime;][et_pb_text module_id=\u00a0\u00bbcontenu\u00a0\u00bb _builder_version=\u00a0\u00bb3.22.1&Prime; custom_padding=\u00a0\u00bb0px|||||\u00a0\u00bb z_index_tablet=\u00a0\u00bb500&Prime;]<\/p>\n<ul>\n<li><strong>Direction du d\u00e9partement<\/strong> : Nathalie FAU (<a href=\"mailto:nathalie.fau@wordpress-test.app.u-pariscite.fr\">nathalie.fau@wordpress-test.app.u-pariscite.fr<\/a>)<\/li>\n<li><strong>Direction des \u00e9tudes de Licence<\/strong> : Claude GRASLAND (<a href=\"mailto:claude.grasland@parisgeo.cnrs.fr\">claude.grasland@parisgeo.cnrs.fr<\/a>)<\/li>\n<li><strong>Responsable de la L1<\/strong> : Mathieu GIGOT (<a href=\"mailto:mathieu.gigot@wordpress-test.app.u-pariscite.fr\">mathieu.gigot@wordpress-test.app.u-pariscite.fr<\/a>)<\/li>\n<li><strong>Responsable de la L2<\/strong> : Adrien DORON (<a href=\"mailto:adrien.doron@wordpress-test.app.u-pariscite.fr\">adrien.doron@wordpress-test.app.u-pariscite.fr<\/a>)<\/li>\n<li><strong>Responsable de la L3<\/strong>\u00a0: Malika MADELIN (<a href=\"mailto:malika.madelin@wordpress-test.app.u-pariscite.fr\">malika.madelin@wordpress-test.app.u-pariscite.fr<\/a>)<\/li>\n<li><strong>Direction<\/strong><strong> du Master GAED<\/strong> (G\u00e9ographie, Am\u00e9nagement, Environnement, D\u00e9veloppement) : Nicolas DELBART (<a href=\"mailto:nicolas.delbart@wordpress-test.app.u-pariscite.fr\">nicolas.delbart@wordpress-test.app.u-pariscite.fr<\/a>)<\/li>\n<li><strong>Direction du Master M\u00c9CI<\/strong> (M\u00e9tiers des \u00c9tudes, du Conseil et de l&rsquo;Intervention) : \u00c9ric MAGNIN (<a href=\"mailto:eric.magnin@wordpress-test.app.u-pariscite.fr\">eric.magnin@wordpress-test.app.u-pariscite.fr<\/a>)<\/li>\n<li><strong>Secr\u00e9tariat p\u00e9dagogique de la L1-L2<\/strong> : Marie BATHILY (<a href=\"mailto:marie.bathily@wordpress-test.app.u-pariscite.fr\">marie.bathily@wordpress-test.app.u-pariscite.fr<\/a>)<br \/> <em>01.57.27.63.22 &#8211; Bureau ODG 345A<br \/><\/em><\/li>\n<li><strong>Secr\u00e9tariat p\u00e9dagogique de la L3<\/strong>\u00a0: S\u00e9bastien TH\u00c9VENET (<a href=\"mailto:sebastien.thevenet@wordpress-test.app.u-pariscite.fr\">sebastien.thevenet@wordpress-test.app.u-pariscite.fr<\/a>)<br \/> <em>01.57.27.71.62 &#8211; Bureau ODG 411<\/em><\/li>\n<li><strong>Secr\u00e9tariat p\u00e9dagogique du Master GAED<\/strong> : S\u00e9bastien TH\u00c9VENET (<a href=\"mailto:sebastien.thevenet@wordpress-test.app.u-pariscite.fr\">sebastien.thevenet@wordpress-test.app.u-pariscite.fr<\/a>)<br \/> <em>01.57.27.71.62 &#8211; Bureau ODG 411<\/em><\/li>\n<li><strong>Secr\u00e9tariat p\u00e9dagogique du Master M\u00c9CI<\/strong> : Aur\u00e9lia DELABROUSSE (<a href=\"mailto:aurelia.delabrousse@wordpress-test.app.u-pariscite.fr\">aurelia.delabrousse@wordpress-test.app.u-pariscite.fr<\/a>)<br \/> <em>01.57.27.58.94 &#8211; Bureau ODG 412<\/em><\/li>\n<\/ul>\n<p>[\/et_pb_text][\/et_pb_column][et_pb_column type=\u00a0\u00bb1_4&Prime; _builder_version=\u00a0\u00bb3.0.47&Prime;][\/et_pb_column][\/et_pb_row][\/et_pb_section][et_pb_section fb_built=\u00a0\u00bb1&Prime; _builder_version=\u00a0\u00bb3.22&Prime; custom_padding=\u00a0\u00bb0px||0px|\u00a0\u00bb][et_pb_row _builder_version=\u00a0\u00bb3.22&Prime;][et_pb_column type=\u00a0\u00bb4_4&Prime; _builder_version=\u00a0\u00bb3.0.47&Prime;][et_pb_text admin_label=\u00a0\u00bb\u00c0 lire aussi\u00a0\u00bb _builder_version=\u00a0\u00bb3.21&Prime;]<\/p>\n<h2><span class=\"st\">\u00c0<\/span> lire aussi<\/h2>\n<p>[\/et_pb_text][et_pb_blog posts_number=\u00a0\u00bb4&Prime; include_categories=\u00a0\u00bb13&Prime; show_author=\u00a0\u00bboff\u00a0\u00bb show_date=\u00a0\u00bboff\u00a0\u00bb show_pagination=\u00a0\u00bboff\u00a0\u00bb module_id=\u00a0\u00bbpage_type_blog\u00a0\u00bb _builder_version=\u00a0\u00bb3.21&Prime; header_level=\u00a0\u00bbh4&Prime; border_width_bottom_fullwidth=\u00a0\u00bb1px\u00a0\u00bb border_color_bottom_fullwidth=\u00a0\u00bbrgba(51,51,51,0.18)\u00a0\u00bb custom_padding=\u00a0\u00bb||50px|\u00a0\u00bb][\/et_pb_blog][\/et_pb_column][\/et_pb_row][\/et_pb_section]<\/p>\n","protected":false},"excerpt":{"rendered":"<p>Retrouvez ci-dessous tous les contacts du d\u00e9partement de G\u00e9ographie. \u00a9 Tous droits r\u00e9serv\u00e9s Direction du d\u00e9partement : Nathalie FAU (nathalie.fau@wordpress-test.app.u-pariscite.fr) Direction des \u00e9tudes de Licence : Claude GRASLAND (claude.grasland@parisgeo.cnrs.fr) Responsable de la L1 : Mathieu GIGOT (mathieu.gigot@wordpress-test.app.u-pariscite.fr) Responsable de la L2 : Adrien DORON (adrien.doron@wordpress-test.app.u-pariscite.fr) Responsable de la L3\u00a0: Malika MADELIN (malika.madelin@wordpress-test.app.u-pariscite.fr) Direction du Master&hellip; <a class=\"continue\" href=\"https:\/\/wordpress-test.app.u-pariscite.fr\/ghes\/contacts-departement-geographie\/\">Lire la suite<span> Contacts du d\u00e9partement de G\u00e9ographie<\/span><\/a><\/p>\n","protected":false},"author":248,"featured_media":0,"parent":0,"menu_order":0,"comment_status":"closed","ping_status":"closed","template":"","meta":{"_et_pb_use_builder":"on","_et_pb_old_content":"","_et_gb_content_width":"","footnotes":""},"class_list":["post-675","page","type-page","status-publish","hentry"],"_links":{"self":[{"href":"https:\/\/wordpress-test.app.u-pariscite.fr\/ghes\/wp-json\/wp\/v2\/pages\/675","targetHints":{"allow":["GET"]}}],"collection":[{"href":"https:\/\/wordpress-test.app.u-pariscite.fr\/ghes\/wp-json\/wp\/v2\/pages"}],"about":[{"href":"https:\/\/wordpress-test.app.u-pariscite.fr\/ghes\/wp-json\/wp\/v2\/types\/page"}],"author":[{"embeddable":true,"href":"https:\/\/wordpress-test.app.u-pariscite.fr\/ghes\/wp-json\/wp\/v2\/users\/248"}],"replies":[{"embeddable":true,"href":"https:\/\/wordpress-test.app.u-pariscite.fr\/ghes\/wp-json\/wp\/v2\/comments?post=675"}],"version-history":[{"count":23,"href":"https:\/\/wordpress-test.app.u-pariscite.fr\/ghes\/wp-json\/wp\/v2\/pages\/675\/revisions"}],"predecessor-version":[{"id":2469,"href":"https:\/\/wordpress-test.app.u-pariscite.fr\/ghes\/wp-json\/wp\/v2\/pages\/675\/revisions\/2469"}],"wp:attachment":[{"href":"https:\/\/wordpress-test.app.u-pariscite.fr\/ghes\/wp-json\/wp\/v2\/media?parent=675"}],"curies":[{"name":"wp","href":"https:\/\/api.w.org\/{rel}","templated":true}]}}