{"id":560,"date":"2021-10-14T09:41:19","date_gmt":"2021-10-14T07:41:19","guid":{"rendered":"https:\/\/wordpress-test.app.u-pariscite.fr\/ghes\/?page_id=560"},"modified":"2024-04-09T17:13:17","modified_gmt":"2024-04-09T15:13:17","slug":"plateformes-scientifiques-et-technologiques-du-departement-de-geographie","status":"publish","type":"page","link":"https:\/\/wordpress-test.app.u-pariscite.fr\/ghes\/plateformes-scientifiques-et-technologiques-du-departement-de-geographie\/","title":{"rendered":"Plateformes scientifiques et technologiques du d\u00e9partement de G\u00e9ographie"},"content":{"rendered":"<p>[et_pb_section fb_built=\u00a0\u00bb1&Prime; _builder_version=\u00a0\u00bb3.22&Prime;][et_pb_row _builder_version=\u00a0\u00bb3.22&Prime; background_size=\u00a0\u00bbinitial\u00a0\u00bb background_position=\u00a0\u00bbtop_left\u00a0\u00bb background_repeat=\u00a0\u00bbrepeat\u00a0\u00bb][et_pb_column type=\u00a0\u00bb4_4&Prime; _builder_version=\u00a0\u00bb3.0.47&Prime;][et_pb_post_title meta=\u00a0\u00bboff\u00a0\u00bb featured_image=\u00a0\u00bboff\u00a0\u00bb admin_label=\u00a0\u00bbTitre de la page\u00a0\u00bb _builder_version=\u00a0\u00bb3.22.1&Prime;][\/et_pb_post_title][\/et_pb_column][\/et_pb_row][et_pb_row _builder_version=\u00a0\u00bb3.22&Prime; background_size=\u00a0\u00bbinitial\u00a0\u00bb background_position=\u00a0\u00bbtop_left\u00a0\u00bb background_repeat=\u00a0\u00bbrepeat\u00a0\u00bb][et_pb_column type=\u00a0\u00bb3_4&Prime; _builder_version=\u00a0\u00bb3.0.47&Prime;][et_pb_text module_id=\u00a0\u00bbcontenu\u00a0\u00bb _builder_version=\u00a0\u00bb3.22.1&Prime; z_index_tablet=\u00a0\u00bb500&Prime;]<\/p>\n<h2>G\u00e9ot\u00e9ca<\/h2>\n<p>&nbsp;<\/p>\n<p class=\"Textbody\">G\u00e9ot\u00e9ca (G\u00e9ographie-T\u00e9l\u00e9d\u00e9tection-Cartographie) est une <strong>plateforme universitaire mutualis\u00e9e<\/strong> <strong>d&rsquo;Universit\u00e9<\/strong> <strong>Paris Cit\u00e9 d\u00e9di\u00e9e \u00e0 l\u2019image et \u00e0 la donn\u00e9e num\u00e9rique et spatiale<\/strong>. Elle vise \u00e0 mettre en commun les comp\u00e9tences et les mat\u00e9riels d\u00e9di\u00e9s \u00e0 l\u2019analyse des donn\u00e9es et des images, dans toutes les disciplines utilisant ces techniques, depuis les sciences humaines jusqu\u2019aux sciences de la Terre et des plan\u00e8tes. \u00c0 ce jour, une quinzaine de laboratoires sont partenaires de G\u00e9ot\u00e9ca.<\/p>\n<blockquote>\n<p>G\u00e9ot\u00e9ca assure des missions de :<\/p>\n<\/blockquote>\n<ul>\n<li>Accueil de stagiaires (M1\/M2), doctorant.es, post-doctorant.es, professeur.es invit\u00e9.es dans un espace de travail d\u00e9di\u00e9, offre de conseil, d\u2019animation et de formations ;<\/li>\n<li>Appui aux projets en terme d\u2019analyse d\u2019images, de traitement de donn\u00e9es, de cartographie ;<\/li>\n<li>Acquisition de donn\u00e9es, achat et maintenance d\u2019\u00e9quipements et de logiciels sp\u00e9cialis\u00e9s ;<\/li>\n<li>Veille technologique ;<\/li>\n<li>Soutien aux collaborations interdisciplinaires entre laboratoires.<\/li>\n<\/ul>\n<p>L\u2019\u00e9quipe est compos\u00e9e de 2 co-directeur.ices (V\u00e9ronique Michot et Paul Passy), une Ing\u00e9nieure de Recherche (Cathy Chatel), une Technicienne (Isabelle Marchand) et un Ing\u00e9nieur d\u2019\u00e9tude (Brian Plaisant)<\/p>\n<blockquote>\n<p>Qui peut travailler \u00e0 G\u00e9ot\u00e9ca ?<\/p>\n<\/blockquote>\n<ul>\n<li>Toute l\u2019ann\u00e9e, tous les jours, apr\u00e8s inscription : les stagiaires, doctorant.es, chercheur.es, et ing\u00e9nieur.es des laboratoires partenaires.<\/li>\n<\/ul>\n<p>G\u00e9ot\u00e9ca est rattach\u00e9e \u00e0 l\u2019UFR GHES.<\/p>\n<blockquote>\n<p><a href=\"https:\/\/geoteca.wordpress-test.app.u-pariscite.fr\/\" target=\"_blank\" rel=\"noopener noreferrer\">Site Internet de G\u00e9ot\u00e9ca<\/a><\/p>\n<\/blockquote>\n<h2>\u00a0<\/h2>\n<h2>CIST<\/h2>\n<p><strong>\u00a0<\/strong><\/p>\n<p>Constitu\u00e9 en 2010 comme groupement d\u2019int\u00e9r\u00eat scientifique (GIS) le <strong>Coll\u00e8ge international des sciences du territoire (CIST)<\/strong> est devenu au 1er janvier 2017 la f\u00e9d\u00e9ration de recherche CNRS FR2007 regroupant aujourd\u2019hui 25 \u00e9quipes de recherche avec pour tutelles principales le CNRS, l\u2019Universit\u00e9 Paris Cit\u00e9, l\u2019Universit\u00e9 Paris 1 Panth\u00e9on Sorbonne, l\u2019INED, l\u2019IRD, l\u2019Universit\u00e9 de Rouen-Normandie et l\u2019Universit\u00e9 Grenoble-Alpes.<\/p>\n<p><strong>\u00a0<\/strong><\/p>\n<p>Le CIST a pour objectif de contribuer \u00e0 <strong>formaliser et organiser le champ de recherche interdisciplinaire des sciences territoriales \u00a0\u00e0 une \u00e9chelle fran\u00e7aise et internationale<\/strong>. Il d\u00e9veloppe pour cela 7 axes de recherche associant des chercheurs, enseignants-chercheurs et ing\u00e9nieurs d\u2019\u00e9quipes et de disciplines diff\u00e9rentes.<\/p>\n<p><strong>\u00a0<\/strong><\/p>\n<ul>\n<li>\u00a0\u00a0\u00a0 Actions &amp; territorialisations (A&amp;T) ;<\/li>\n<li>\u00a0 \u00a0 Information territoriale locale (INFTER) ;<\/li>\n<li>\u00a0\u00a0\u00a0 M\u00e9dias et territoires (MEDIA) ;<\/li>\n<li>\u00a0 \u00a0 Mobilit\u00e9s, identit\u00e9s et territoires (MIT) ;<\/li>\n<li>\u00a0\u00a0\u00a0 Temps longs des territoires (PAST) ;<\/li>\n<li>\u00a0\u00a0\u00a0 R\u00e9gionalisation, mondialisations, circulations (REMOC) ;<\/li>\n<li>\u00a0\u00a0\u00a0 Territoires et sant\u00e9 (SANTE).<\/li>\n<\/ul>\n<p><strong>\u00a0<\/strong><\/p>\n<p>Les colloques internationaux du CIST constituent les temps forts de croisement des recherches men\u00e9es dans les diff\u00e9rents axes et d\u2019ouverture \u00e0 l\u2019international. Le cinqui\u00e8me colloque CIST \u00ab\u00a0Population, Temps, Territoire\u00a0\u00bb qui s\u2019est tenu en 2020 a rassembl\u00e9 plus de 300 participants.<\/p>\n<p>&nbsp;<\/p>\n<blockquote>\n<p><a href=\"https:\/\/cist.cnrs.fr\/\" target=\"_blank\" rel=\"noopener noreferrer\">Site Internet du CIST<\/a><\/p>\n<\/blockquote>\n<p><strong>\u00a0<\/strong><\/p>\n<p><strong>\u00a0<\/strong><\/p>\n<p>[\/et_pb_text][\/et_pb_column][et_pb_column type=\u00a0\u00bb1_4&Prime; _builder_version=\u00a0\u00bb3.0.47&Prime;][\/et_pb_column][\/et_pb_row][\/et_pb_section][et_pb_section fb_built=\u00a0\u00bb1&Prime; _builder_version=\u00a0\u00bb3.22&Prime; custom_padding=\u00a0\u00bb0px||0px|\u00a0\u00bb][et_pb_row _builder_version=\u00a0\u00bb3.22&Prime;][et_pb_column type=\u00a0\u00bb4_4&Prime; _builder_version=\u00a0\u00bb3.0.47&Prime;][et_pb_text admin_label=\u00a0\u00bb\u00c0 lire aussi\u00a0\u00bb _builder_version=\u00a0\u00bb3.21&Prime;]<\/p>\n<h2><span class=\"st\">\u00c0<\/span> lire aussi<\/h2>\n<p>[\/et_pb_text][et_pb_blog posts_number=\u00a0\u00bb4&Prime; include_categories=\u00a0\u00bb13&Prime; show_author=\u00a0\u00bboff\u00a0\u00bb show_date=\u00a0\u00bboff\u00a0\u00bb show_pagination=\u00a0\u00bboff\u00a0\u00bb module_id=\u00a0\u00bbpage_type_blog\u00a0\u00bb _builder_version=\u00a0\u00bb3.21&Prime; header_level=\u00a0\u00bbh4&Prime; border_width_bottom_fullwidth=\u00a0\u00bb1px\u00a0\u00bb border_color_bottom_fullwidth=\u00a0\u00bbrgba(51,51,51,0.18)\u00a0\u00bb custom_padding=\u00a0\u00bb||50px|\u00a0\u00bb][\/et_pb_blog][\/et_pb_column][\/et_pb_row][\/et_pb_section]<\/p>\n","protected":false},"excerpt":{"rendered":"<p>G\u00e9ot\u00e9ca &nbsp; G\u00e9ot\u00e9ca (G\u00e9ographie-T\u00e9l\u00e9d\u00e9tection-Cartographie) est une plateforme universitaire mutualis\u00e9e d&rsquo;Universit\u00e9 Paris Cit\u00e9 d\u00e9di\u00e9e \u00e0 l\u2019image et \u00e0 la donn\u00e9e num\u00e9rique et spatiale. Elle vise \u00e0 mettre en commun les comp\u00e9tences et les mat\u00e9riels d\u00e9di\u00e9s \u00e0 l\u2019analyse des donn\u00e9es et des images, dans toutes les disciplines utilisant ces techniques, depuis les sciences humaines jusqu\u2019aux sciences de&hellip; <a class=\"continue\" href=\"https:\/\/wordpress-test.app.u-pariscite.fr\/ghes\/plateformes-scientifiques-et-technologiques-du-departement-de-geographie\/\">Lire la suite<span> Plateformes scientifiques et technologiques du d\u00e9partement de G\u00e9ographie<\/span><\/a><\/p>\n","protected":false},"author":248,"featured_media":0,"parent":0,"menu_order":0,"comment_status":"closed","ping_status":"closed","template":"","meta":{"_et_pb_use_builder":"on","_et_pb_old_content":"","_et_gb_content_width":"","footnotes":""},"class_list":["post-560","page","type-page","status-publish","hentry"],"_links":{"self":[{"href":"https:\/\/wordpress-test.app.u-pariscite.fr\/ghes\/wp-json\/wp\/v2\/pages\/560","targetHints":{"allow":["GET"]}}],"collection":[{"href":"https:\/\/wordpress-test.app.u-pariscite.fr\/ghes\/wp-json\/wp\/v2\/pages"}],"about":[{"href":"https:\/\/wordpress-test.app.u-pariscite.fr\/ghes\/wp-json\/wp\/v2\/types\/page"}],"author":[{"embeddable":true,"href":"https:\/\/wordpress-test.app.u-pariscite.fr\/ghes\/wp-json\/wp\/v2\/users\/248"}],"replies":[{"embeddable":true,"href":"https:\/\/wordpress-test.app.u-pariscite.fr\/ghes\/wp-json\/wp\/v2\/comments?post=560"}],"version-history":[{"count":11,"href":"https:\/\/wordpress-test.app.u-pariscite.fr\/ghes\/wp-json\/wp\/v2\/pages\/560\/revisions"}],"predecessor-version":[{"id":2457,"href":"https:\/\/wordpress-test.app.u-pariscite.fr\/ghes\/wp-json\/wp\/v2\/pages\/560\/revisions\/2457"}],"wp:attachment":[{"href":"https:\/\/wordpress-test.app.u-pariscite.fr\/ghes\/wp-json\/wp\/v2\/media?parent=560"}],"curies":[{"name":"wp","href":"https:\/\/api.w.org\/{rel}","templated":true}]}}