{"id":555,"date":"2021-10-14T09:38:25","date_gmt":"2021-10-14T07:38:25","guid":{"rendered":"https:\/\/wordpress-test.app.u-pariscite.fr\/ghes\/?page_id=555"},"modified":"2024-08-30T10:26:16","modified_gmt":"2024-08-30T08:26:16","slug":"laboratoires-du-departement-de-geographie","status":"publish","type":"page","link":"https:\/\/wordpress-test.app.u-pariscite.fr\/ghes\/laboratoires-du-departement-de-geographie\/","title":{"rendered":"Laboratoires du d\u00e9partement de G\u00e9ographie"},"content":{"rendered":"<p>[et_pb_section fb_built=\u00a0\u00bb1&Prime; _builder_version=\u00a0\u00bb3.22&Prime;][et_pb_row _builder_version=\u00a0\u00bb3.22&Prime; background_size=\u00a0\u00bbinitial\u00a0\u00bb background_position=\u00a0\u00bbtop_left\u00a0\u00bb background_repeat=\u00a0\u00bbrepeat\u00a0\u00bb][et_pb_column type=\u00a0\u00bb4_4&Prime; _builder_version=\u00a0\u00bb3.0.47&Prime;][et_pb_post_title meta=\u00a0\u00bboff\u00a0\u00bb featured_image=\u00a0\u00bboff\u00a0\u00bb admin_label=\u00a0\u00bbTitre de la page\u00a0\u00bb _builder_version=\u00a0\u00bb3.19.11&Prime;][\/et_pb_post_title][\/et_pb_column][\/et_pb_row][et_pb_row _builder_version=\u00a0\u00bb3.22&Prime; background_size=\u00a0\u00bbinitial\u00a0\u00bb background_position=\u00a0\u00bbtop_left\u00a0\u00bb background_repeat=\u00a0\u00bbrepeat\u00a0\u00bb][et_pb_column type=\u00a0\u00bb3_4&Prime; _builder_version=\u00a0\u00bb3.0.47&Prime;][et_pb_text admin_label=\u00a0\u00bbIntro\u00a0\u00bb module_id=\u00a0\u00bbintro\u00a0\u00bb _builder_version=\u00a0\u00bb3.22.1&Prime; z_index_tablet=\u00a0\u00bb500&Prime;][\/et_pb_text][\/et_pb_column][et_pb_column type=\u00a0\u00bb1_4&Prime; _builder_version=\u00a0\u00bb3.0.47&Prime;][\/et_pb_column][\/et_pb_row][et_pb_row _builder_version=\u00a0\u00bb3.22&Prime; background_size=\u00a0\u00bbinitial\u00a0\u00bb background_position=\u00a0\u00bbtop_left\u00a0\u00bb background_repeat=\u00a0\u00bbrepeat\u00a0\u00bb][et_pb_column type=\u00a0\u00bb3_4&Prime; _builder_version=\u00a0\u00bb3.0.47&Prime;][et_pb_toggle title=\u00a0\u00bbGEOGRAPHIE-CITES &#8211; UMR 8504 \u00a0\u00bb admin_label=\u00a0\u00bbBascule &#8211; GEOGRAPHIE-CITES &#8211; UMR 8504 \u00a0\u00bb _builder_version=\u00a0\u00bb3.22.1&Prime; z_index_tablet=\u00a0\u00bb500&Prime;]<\/p>\n<p><strong>GEOGRAPHIE-CITES &#8211; UMR 8504<\/strong> (Universit\u00e9 Paris Cit\u00e9, Universit\u00e9 Paris 1 Panth\u00e9on-Sorbonne, CNRS, EHESS)<\/p>\n<p>&nbsp;<\/p>\n<p>G\u00e9ographie-cit\u00e9s est un <strong>laboratoire interdisciplinaire au carrefour de la g\u00e9ographie humaine et des \u00e9tudes urbaines<\/strong>. Il r\u00e9unit quatre-vingt enseignants-chercheurs, chercheurs, ing\u00e9nieurs, techniciens et autant de doctorants, autour de <strong>recherches qui combinent r\u00e9flexions th\u00e9oriques et \u00e9pist\u00e9mologiques, m\u00e9thodes quantitatives et qualitatives, travaux empiriques et d\u00e9marche comparative<\/strong>.<br \/>Il est impliqu\u00e9 dans de nombreux programmes avec des terrains et des partenariats scientifiques, tant en France qu\u2019\u00e0 l\u2019international, en Europe, en Asie et en Am\u00e9rique. Il compte quatre cotutelles : le CNRS, l\u2019Universit\u00e9 Paris 1 Panth\u00e9on-Sorbonne , l\u2019Universit\u00e9 Paris Cit\u00e9 et l\u2019\u00c9cole des Hautes \u00c9tudes en Sciences Sociales.<\/p>\n<p>L&rsquo;UMR G\u00e9ographie-cit\u00e9s est compos\u00e9e de<strong> trois \u00e9quipes \u2013 <a href=\"https:\/\/geographie-cites.cnrs.fr\/equipes\/cria\/\" target=\"_blank\" rel=\"noopener noreferrer\">CRIA<\/a>, <a href=\"https:\/\/geographie-cites.cnrs.fr\/equipes\/ehgo\/\">EHGO<\/a> et <a href=\"https:\/\/geographie-cites.cnrs.fr\/equipes\/paris\/\">PARIS<\/a><\/strong> \u2013 qui d\u00e9veloppent \u00e0 la fois leurs propres recherches et des th\u00e9matiques communes. Ces recherches articulent r\u00e9flexivit\u00e9, g\u00e9ographie humaine, \u00e9tudes urbaines et urbanisme.<\/p>\n<p>&nbsp;<\/p>\n<blockquote>\n<p><a href=\"https:\/\/geographie-cites.cnrs.fr\/\">Site de l&rsquo;UMR G\u00e9ographie-cit\u00e9s<\/a><a href=\"https:\/\/geographie-cites.cnrs.fr\/publications\/\" target=\"_blank\" rel=\"noopener noreferrer\"><br \/>Publications<\/a><\/p>\n<\/blockquote>\n<p>[\/et_pb_toggle][et_pb_toggle title=\u00a0\u00bbCESSMA &#8211; UMR 245 \u00a0\u00bb admin_label=\u00a0\u00bbBascule &#8211; CESSMA &#8211; UMR 245 \u00a0\u00bb _builder_version=\u00a0\u00bb3.22.1&Prime; z_index_tablet=\u00a0\u00bb500&Prime;]<\/p>\n<p><strong>CESSMA\u00a0&#8211; UMR 245<\/strong> (Universit\u00e9 Paris Cit\u00e9, Inalco, IRD)<\/p>\n<p>&nbsp;<\/p>\n<p>Le CESSMA, <strong>Centre d\u2019\u00e9tudes en sciences sociales sur les mondes africains, am\u00e9ricains et asiatiques<\/strong>\u00a0est une unit\u00e9 mixte de recherche (UMR 245) form\u00e9e en 2014 par la fusion de plusieurs \u00e9quipes ant\u00e9rieures. Le CESSMA a une triple tutelle\u00a0: l\u2019Universit\u00e9 Paris Cit\u00e9, l\u2019Institut national des langues et civilisations orientales (Inalco), l\u2019Institut de recherche pour le d\u00e9veloppement (IRD).<\/p>\n<p>Le laboratoire a pour mission <strong>l\u2019analyse des dynamiques de d\u00e9veloppement et de transformation des Suds dans la mondialisation \u00e0 partir des configurations socio-historiques et territoriales qui permettent d&rsquo;analyser ces processus<\/strong>. Qu\u2019ils viennent de la tradition des aires culturelles ou des \u00e9tudes sur le d\u00e9veloppement, l\u2019ensemble des membres de l\u2019unit\u00e9 partagent une m\u00eame pratique des sciences sociales marqu\u00e9e par l\u2019interdisciplinarit\u00e9, le comparatisme et le dialogue avec les partenaires scientifiques des mondes qu\u2019ils \u00e9tudient.<\/p>\n<p>L\u2019unit\u00e9 est multidisciplinaire et rassemble historiens, g\u00e9ographes, sociologues, anthropologues, \u00e9conomistes, d\u00e9mographes et urbanistes. Les terrains d\u2019enqu\u00eate sont en Am\u00e9rique centrale et du Sud, en Afrique et dans le monde arabe, en Asie du Sud, du Sud-Est et en Asie orientale.<\/p>\n<p>&nbsp;<\/p>\n<blockquote>\n<p><a href=\"https:\/\/www.cessma.org\/\" target=\"_blank\" rel=\"noopener noreferrer\">Site de l&rsquo;UMR CESSMA<\/a><\/p>\n<p><a href=\"https:\/\/www.cessma.org\/Publications\" target=\"_blank\" rel=\"noopener noreferrer\">Publications<\/a><\/p>\n<\/blockquote>\n<p>[\/et_pb_toggle][et_pb_toggle title=\u00a0\u00bbLADYSS &#8211; UMR 7533 \u00a0\u00bb admin_label=\u00a0\u00bbBascule &#8211; LADYSS &#8211; UMR 7533 \u00a0\u00bb _builder_version=\u00a0\u00bb3.22.1&Prime; z_index_tablet=\u00a0\u00bb500&Prime;]<\/p>\n<p><strong>LADYSS &#8211; UMR 7533<\/strong> (Universit\u00e9 Paris Cit\u00e9, Universit\u00e9 Paris 1, Universit\u00e9 Paris 8, Universit\u00e9 Paris Ouest Nanterre, CNRS)<\/p>\n<p>&nbsp;<\/p>\n<p>Le <strong>laboratoire Dynamiques sociales et recomposition des espaces <\/strong>(<a href=\"https:\/\/www.ladyss.com\/\" target=\"_blank\" rel=\"noopener noreferrer\">LADYSS<\/a>) est une UMR pluridisciplinaire distribu\u00e9e sur 4 sites universitaires (<a href=\"http:\/\/www.univ-paris1.fr\/\" target=\"_blank\" rel=\"noopener noreferrer\">Paris 1<\/a>, <a href=\"https:\/\/wordpress-test.app.u-pariscite.fr\/\" target=\"_blank\" rel=\"noopener noreferrer\">UPC<\/a>, <a href=\"http:\/\/www.univ-paris8.fr\/\" target=\"_blank\" rel=\"noopener noreferrer\">Paris 8<\/a>, <a href=\"http:\/\/www.u-paris10.fr\/\" target=\"_blank\" rel=\"noopener noreferrer\">Paris 10<\/a>). Les recherches qui y sont men\u00e9es visent \u00e0 rendre compte des <strong>processus d\u2019ancrage spatial des individus et des groupes sociaux, des d\u00e9marches de construction de l\u2019action<\/strong> (collective, mais aussi publique), \u00e0 <strong>diff\u00e9rentes \u00e9chelles<\/strong> (locale, r\u00e9gionale et internationale), dans des contextes tr\u00e8s vari\u00e9s, depuis des <strong>espaces ruraux<\/strong> faiblement peupl\u00e9s jusqu\u2019aux <strong>c\u0153urs m\u00e9tropolitains<\/strong> et aux <strong>espaces p\u00e9riurbains<\/strong>. Les g\u00e9ographes du LADYSS de l\u2019Universit\u00e9 Paris Cit\u00e9 travaillent plus sp\u00e9cifiquement sur les enjeux de biodiversit\u00e9 en lien avec les territoires, autour de questions \u00e0 l\u2019articulation entre fonctionnement \u00e9cologique et enjeux sociaux\u00a0: place de la nature en ville\u00a0; gestion durable des milieux ; conflits humains\/non humains\u00a0; pratiques de d\u00e9veloppement \u00ab\u00a0alternatives\u00a0\u00bb\u00a0; mobilisations environnementales\u00a0; etc. Les m\u00e9thodes mobilis\u00e9es rel\u00e8vent \u00e0 la fois d\u2019approches qualitatives (entretien, observation participante) et d\u2019approches quantitatives (cartographie, t\u00e9l\u00e9d\u00e9tection, mod\u00e9lisation).<\/p>\n<p>&nbsp;<\/p>\n<blockquote>\n<p><a href=\"https:\/\/www.ladyss.com\" target=\"_blank\" rel=\"noopener noreferrer\">Site de l&rsquo;UMR LADYSS<\/a><\/p>\n<p><a href=\"https:\/\/www.ladyss.com\/publications\/\" target=\"_blank\" rel=\"noopener noreferrer\">Publications<\/a><\/p>\n<\/blockquote>\n<p>[\/et_pb_toggle][et_pb_toggle title=\u00a0\u00bbLIED &#8211; UMR 8236 \u00a0\u00bb admin_label=\u00a0\u00bbBascule &#8211; LIED &#8211; UMR 8236 \u00a0\u00bb _builder_version=\u00a0\u00bb3.22.1&Prime; z_index_tablet=\u00a0\u00bb500&Prime;]<\/p>\n<p><strong>LIED &#8211; UMR 8236<\/strong> (Universit\u00e9 Paris Cit\u00e9, Chimie-Paristech, CNRS)<\/p>\n<p>&nbsp;<\/p>\n<p><strong><\/strong>Le Laboratoire Interdisciplinaire des Energies de Demain (LIED) a pour objectif fondateur de <strong>d\u00e9velopper \u00ab\u00a0l\u2019\u00e9cologie des \u00e9nergies\u00a0\u00bb<\/strong>, en menant \u00e0 la fois <strong>recherches scientifiques et techniques guid\u00e9es par les probl\u00e8mes \u00e0 r\u00e9soudre dans le cadre de la transition \u00e9nerg\u00e9tique et de l\u2019accroissement des besoins mondiaux en \u00e9nergie<\/strong>.<br \/>Il r\u00e9pond \u00e0 la n\u00e9cessit\u00e9 d\u2019une <strong>approche interdisciplinaire des probl\u00e8mes pos\u00e9s<\/strong>, en f\u00e9d\u00e9rant les membres \u2013 universitaires ou venant d\u2019entreprises \u2013 des secteurs Sciences (Biologie, Chimie, Informatique, Math\u00e9matiques, Physique, Sciences de l\u2019Ing\u00e9nieur, Sciences de la Terre) et Sciences Humaines et Sociales (Anthropologie, Economie, G\u00e9ographie, Histoire, Philosophie, Ecologie, Sciences politiques, Sociologie)<\/p>\n<p>&nbsp;<\/p>\n<blockquote>\n<p><a href=\"http:\/\/www.lied-pieri.univ-paris-diderot.fr\" target=\"_blank\" rel=\"noopener noreferrer\">Site de l&rsquo;UMR LIED<\/a><\/p>\n<p><a href=\"https:\/\/liedlab.net\/production-scientifique\/\">Publications<\/a><\/p>\n<\/blockquote>\n<p>[\/et_pb_toggle][et_pb_toggle title=\u00a0\u00bbPRODIG &#8211; UMR  8586 \u00a0\u00bb admin_label=\u00a0\u00bbBascule &#8211; PRODIG &#8211; UMR  8586 \u00a0\u00bb _builder_version=\u00a0\u00bb3.22.1&Prime; z_index_tablet=\u00a0\u00bb500&Prime;]<\/p>\n<p><strong>PRODIG &#8211; UMR\u00a0 8586 <\/strong>(Universit\u00e9 Paris Cit\u00e9, Universit\u00e9 Paris 1 Panth\u00e9on-Sorbonne, AgroParisTech, CNRS, IRD)<\/p>\n<p>&nbsp;<\/p>\n<p>PRODIG est une unit\u00e9 mixte de recherche qui associe le CNRS, l&rsquo;Universit\u00e9 Paris 1 Panth\u00e9on-Sorbonne, l&rsquo;Universit\u00e9 Paris Cit\u00e9, les \u00e9tablissements IRD et AgroParisTech, en partenariat avec Sorbonne Universit\u00e9. L\u2019UMR PRODIG totalise 150 membres dont une \u00e9quipe de 61 membres permanents (chercheur.es, enseignant.es-chercheur.es, ing\u00e9nieur.es et technicien.nes, administratifs), 5 \u00e9m\u00e9rites, 65 doctorants et 37 membres associ\u00e9s. <strong>Les membres de l\u2019UMR travaillent sur de nombreux terrains en Afrique, en Am\u00e9rique latine, en Asie et en Europe<\/strong>. Les recherches couvrent 3 th\u00e8mes et une activit\u00e9 transversale\u00a0:<\/p>\n<ul>\n<li>Th\u00e8me 1 \u2013 Processus productifs et \u00e9changes, r\u00e9gulations et dynamiques territoriales<\/li>\n<li>Th\u00e8me 2 \u2013 M\u00e9tropolisation, circulations et dynamiques urbaines<\/li>\n<li>Th\u00e8me 3 \u2013 Changements environnementaux et enjeux de soci\u00e9t\u00e9<\/li>\n<li>Activit\u00e9 transversale : AVIG\u00e9o<\/li>\n<\/ul>\n<p>L\u2019UMR PRODIG accorde une importance particuli\u00e8re \u00e0 la <strong>valorisation de l\u2019information g\u00e9ographique dans ses projets de recherche \u00e0 travers l\u2019action de valorisation de l&rsquo;information g\u00e9ographique<\/strong> (AVIGEO). Les membres de l\u2019UMR PRODIG animent plusieurs Masters et interviennent r\u00e9guli\u00e8rement dans des formations diverses, en France et \u00e0 l&rsquo;\u00e9tranger. L\u2019UMR PRODIG pilote plus de 30 projets de recherche, en partenariat avec des organismes fran\u00e7ais et \u00e9trangers. Plus de 80 th\u00e8ses ont \u00e9t\u00e9 soutenues depuis 2014. Le laboratoire est rattach\u00e9 \u00e0 trois \u00e9coles doctorales. Plus de 75 doctorants ont soutenu leur th\u00e8se \u00e0 PRODIG depuis 2014. Les publications scientifiques des membres de l\u2019UMR PRODIG sont disponibles sur le portail HAL. Gr\u00e2ce \u00e0 sa pr\u00e9sence sur quatre sites, le laboratoire b\u00e9n\u00e9ficie de synergies multiples.<\/p>\n<p>&nbsp;<\/p>\n<blockquote>\n<p><a href=\"http:\/\/www.prodig.cnrs.fr\" target=\"_blank\" rel=\"noopener noreferrer\">Site de l&rsquo;UMR PRODIG<\/a><\/p>\n<p><a href=\"https:\/\/hal.archives-ouvertes.fr\/PRODIG-PUBLICATIONS\">Publications<\/a><\/p>\n<\/blockquote>\n<p>[\/et_pb_toggle][et_pb_toggle title=\u00a0\u00bbRIATE &#8211; UAR 2414&Prime; admin_label=\u00a0\u00bbBascule &#8211; UMS RIATE\u00a0\u00bb _builder_version=\u00a0\u00bb3.22.1&Prime; z_index_tablet=\u00a0\u00bb500&Prime;]<\/p>\n<p><strong>UAR RIATE<\/strong><\/p>\n<p>&nbsp;<\/p>\n<p>Le RIATE est une Unit\u00e9 d\u2019Appui et de Recherche du CNRS et de l\u2019Universit\u00e9 Paris Cit\u00e9. Il \u00e9labore des <strong>outils et des m\u00e9thodes pour le traitement et la visualisation de donn\u00e9es spatialis\u00e9es<\/strong>. Il contribue \u00e0 la diffusion et au partage de savoir-faire et de connaissances en sciences de l\u2019information g\u00e9ographique. Il d\u00e9veloppe <strong>des savoir-faire et des comp\u00e9tences en analyse spatiale<\/strong> dans le cadre de participations \u00e0 des projets de recherche ou d\u2019expertises. Cette unit\u00e9 a particip\u00e9, depuis 2002, \u00e0 de tr\u00e8s nombreux projets europ\u00e9ens, pour lesquelles elle a d\u00e9velopp\u00e9 une expertise importante (dans le cadre du programme ESPON). Les activit\u00e9s de l&rsquo;UAR RIATE s&rsquo;inscrivent dans une d\u00e9marche de recherche reproductible favorisant la production et la diffusion de donn\u00e9es et des m\u00e9thodologies libres et open source, avec une expertise ancr\u00e9e dans le champ des humanit\u00e9s num\u00e9riques.<\/p>\n<p>Pour les publics \u00e9tudiants, <strong>l\u2019UAR RIATE a d\u00e9velopp\u00e9 et maintient l\u2019outil d\u2019initiation \u00e0 la cartographie th\u00e9matique <a href=\"http:\/\/magrit.cnrs.fr\">Magrit<\/a><\/strong>. Elle d\u00e9veloppe, avec ses ing\u00e9nieurs, de nombreuses applications g\u00e9omatiques opensources, notamment sous R, dans le cadre du <a href=\"https:\/\/github.com\/riatelab\">Riatelab<\/a>.\u00a0 Elle accueille chaque ann\u00e9e un.e ou deux \u00e9tudiant.es de master en stages (parcours G\u00e9oprisme ou Carthag\u00e9o, ces offres de stage sont annonc\u00e9es au premier semestre sur les projets en cours), et des chercheur.es ou enseignant.es chercheur.es en \u00ab\u00a0r\u00e9sidence\u00a0\u00bb sur des questions m\u00e9thodologiques et du d\u00e9veloppement. Ses ing\u00e9nieur.es interviennent aussi dans les formations g\u00e9omatiques dispens\u00e9es \u00e0 l\u2019Universit\u00e9 Paris Cit\u00e9.<\/p>\n<p>&nbsp;<\/p>\n<blockquote>\n<p><a href=\"https:\/\/riate.cnrs.fr\" target=\"_blank\" rel=\"noopener noreferrer\">Site de l&rsquo;UAR RIATE <\/a><\/p>\n<\/blockquote>\n<p>[\/et_pb_toggle][\/et_pb_column][et_pb_column type=\u00a0\u00bb1_4&Prime; _builder_version=\u00a0\u00bb3.0.47&Prime;][\/et_pb_column][\/et_pb_row][\/et_pb_section][et_pb_section fb_built=\u00a0\u00bb1&Prime; _builder_version=\u00a0\u00bb3.22&Prime; custom_padding=\u00a0\u00bb0px||0px|\u00a0\u00bb][et_pb_row _builder_version=\u00a0\u00bb3.22&Prime;][et_pb_column type=\u00a0\u00bb4_4&Prime; _builder_version=\u00a0\u00bb3.0.47&Prime;][et_pb_text admin_label=\u00a0\u00bb\u00c0 lire aussi\u00a0\u00bb _builder_version=\u00a0\u00bb3.21&Prime;]<\/p>\n<h2><span class=\"st\">\u00c0<\/span> lire aussi<\/h2>\n<p>[\/et_pb_text][et_pb_blog posts_number=\u00a0\u00bb4&Prime; include_categories=\u00a0\u00bb13&Prime; show_author=\u00a0\u00bboff\u00a0\u00bb show_date=\u00a0\u00bboff\u00a0\u00bb show_pagination=\u00a0\u00bboff\u00a0\u00bb module_id=\u00a0\u00bbpage_type_blog\u00a0\u00bb _builder_version=\u00a0\u00bb3.21&Prime; header_level=\u00a0\u00bbh4&Prime; border_width_bottom_fullwidth=\u00a0\u00bb1px\u00a0\u00bb border_color_bottom_fullwidth=\u00a0\u00bbrgba(51,51,51,0.18)\u00a0\u00bb custom_padding=\u00a0\u00bb||50px|\u00a0\u00bb][\/et_pb_blog][\/et_pb_column][\/et_pb_row][\/et_pb_section]<\/p>\n","protected":false},"excerpt":{"rendered":"<p>GEOGRAPHIE-CITES &#8211; UMR 8504 (Universit\u00e9 Paris Cit\u00e9, Universit\u00e9 Paris 1 Panth\u00e9on-Sorbonne, CNRS, EHESS) &nbsp; G\u00e9ographie-cit\u00e9s est un laboratoire interdisciplinaire au carrefour de la g\u00e9ographie humaine et des \u00e9tudes urbaines. Il r\u00e9unit quatre-vingt enseignants-chercheurs, chercheurs, ing\u00e9nieurs, techniciens et autant de doctorants, autour de recherches qui combinent r\u00e9flexions th\u00e9oriques et \u00e9pist\u00e9mologiques, m\u00e9thodes quantitatives et qualitatives, travaux empiriques&hellip; <a class=\"continue\" href=\"https:\/\/wordpress-test.app.u-pariscite.fr\/ghes\/laboratoires-du-departement-de-geographie\/\">Lire la suite<span> Laboratoires du d\u00e9partement de G\u00e9ographie<\/span><\/a><\/p>\n","protected":false},"author":248,"featured_media":0,"parent":0,"menu_order":0,"comment_status":"closed","ping_status":"closed","template":"","meta":{"_et_pb_use_builder":"on","_et_pb_old_content":"","_et_gb_content_width":"","footnotes":""},"class_list":["post-555","page","type-page","status-publish","hentry"],"_links":{"self":[{"href":"https:\/\/wordpress-test.app.u-pariscite.fr\/ghes\/wp-json\/wp\/v2\/pages\/555","targetHints":{"allow":["GET"]}}],"collection":[{"href":"https:\/\/wordpress-test.app.u-pariscite.fr\/ghes\/wp-json\/wp\/v2\/pages"}],"about":[{"href":"https:\/\/wordpress-test.app.u-pariscite.fr\/ghes\/wp-json\/wp\/v2\/types\/page"}],"author":[{"embeddable":true,"href":"https:\/\/wordpress-test.app.u-pariscite.fr\/ghes\/wp-json\/wp\/v2\/users\/248"}],"replies":[{"embeddable":true,"href":"https:\/\/wordpress-test.app.u-pariscite.fr\/ghes\/wp-json\/wp\/v2\/comments?post=555"}],"version-history":[{"count":15,"href":"https:\/\/wordpress-test.app.u-pariscite.fr\/ghes\/wp-json\/wp\/v2\/pages\/555\/revisions"}],"predecessor-version":[{"id":2571,"href":"https:\/\/wordpress-test.app.u-pariscite.fr\/ghes\/wp-json\/wp\/v2\/pages\/555\/revisions\/2571"}],"wp:attachment":[{"href":"https:\/\/wordpress-test.app.u-pariscite.fr\/ghes\/wp-json\/wp\/v2\/media?parent=555"}],"curies":[{"name":"wp","href":"https:\/\/api.w.org\/{rel}","templated":true}]}}