{"id":539,"date":"2021-10-14T09:15:29","date_gmt":"2021-10-14T07:15:29","guid":{"rendered":"https:\/\/wordpress-test.app.u-pariscite.fr\/ghes\/?page_id=539"},"modified":"2023-07-26T16:36:27","modified_gmt":"2023-07-26T14:36:27","slug":"associations-etudiantes-departement-geographie","status":"publish","type":"page","link":"https:\/\/wordpress-test.app.u-pariscite.fr\/ghes\/associations-etudiantes-departement-geographie\/","title":{"rendered":"Associations \u00e9tudiantes du d\u00e9partement de g\u00e9ographie"},"content":{"rendered":"<p>[et_pb_section fb_built=\u00a0\u00bb1&Prime; _builder_version=\u00a0\u00bb3.22&Prime;][et_pb_row _builder_version=\u00a0\u00bb3.22&Prime; background_size=\u00a0\u00bbinitial\u00a0\u00bb background_position=\u00a0\u00bbtop_left\u00a0\u00bb background_repeat=\u00a0\u00bbrepeat\u00a0\u00bb][et_pb_column type=\u00a0\u00bb4_4&Prime; _builder_version=\u00a0\u00bb3.0.47&Prime;][et_pb_post_title meta=\u00a0\u00bboff\u00a0\u00bb featured_image=\u00a0\u00bboff\u00a0\u00bb admin_label=\u00a0\u00bbTitre de la page\u00a0\u00bb _builder_version=\u00a0\u00bb3.19.11&Prime;][\/et_pb_post_title][\/et_pb_column][\/et_pb_row][et_pb_row _builder_version=\u00a0\u00bb3.22&Prime; background_size=\u00a0\u00bbinitial\u00a0\u00bb background_position=\u00a0\u00bbtop_left\u00a0\u00bb background_repeat=\u00a0\u00bbrepeat\u00a0\u00bb][et_pb_column type=\u00a0\u00bb3_4&Prime; _builder_version=\u00a0\u00bb3.0.47&Prime;][et_pb_text module_id=\u00a0\u00bbcontenu\u00a0\u00bb _builder_version=\u00a0\u00bb3.22.1&Prime; z_index_tablet=\u00a0\u00bb500&Prime; custom_padding=\u00a0\u00bb0px|||||\u00a0\u00bb]<\/p>\n<h2>Pang\u00e9o<\/h2>\n<p>&nbsp;<\/p>\n<p>Pang\u00e9o est l\u2019association de fili\u00e8re des \u00e9tudiants de g\u00e9ographie \u00e0 Universit\u00e9 Paris Cit\u00e9.<\/p>\n<blockquote>\n<p>Elle organise des \u00e9v\u00e8nements et a un r\u00f4le d\u2019information et d\u2019assistance aupr\u00e8s des \u00e9tudiants.<\/p>\n<\/blockquote>\n<p>Pang\u00e9o organise des <strong>soir\u00e9es<\/strong>, des <strong>afterworks<\/strong> et des rencontres \u00e0 caract\u00e8res festifs.<br \/>Elle est aussi pr\u00e9sente lors des \u00e9v\u00e8nements organis\u00e9s par l\u2019universit\u00e9 (JAVA, f\u00eate du printemps&#8230;).<\/p>\n<blockquote>\n<p>L\u2019association organise des <strong>caf\u00e9s-g\u00e9ographie<\/strong>, des <strong>rencontres d\u00e9bats<\/strong> autour de th\u00e9matiques li\u00e9es \u00e0 la g\u00e9ographie et propose des <strong>sorties culturelles<\/strong>, des <strong>conf\u00e9rences<\/strong> et des activit\u00e9s en lien avec des associations humanitaires. Au cours de l&rsquo;ann\u00e9e, plusieurs \u00e9v\u00e9nements de vulgarisation de la culture g\u00e9ographique sont organis\u00e9s, toujours dans la joie et la bonne humeur !<\/p>\n<\/blockquote>\n<p>Sur le plan scolaire, Pang\u00e9o met \u00e0 disposition des \u00e9tudiants en Licence, <strong>des cours et des fiches<\/strong>.<br \/>Enfin, Pang\u00e9o met en place des <strong>projets \u00e0 caract\u00e8re social ou \u00e9cologique<\/strong> dans le but d\u2019am\u00e9liorer la vie des \u00e9tudiants pr\u00e9caires sur les campus des Grands Moulins. Elle a par exemple \u00e9t\u00e9 \u00e0 l\u2019initiative de distributions alimentaires qui sont organis\u00e9es le plus souvent possible.<\/p>\n<p>&gt; L\u2019<strong>adh\u00e9sion de 5\u20ac<\/strong> permet de b\u00e9n\u00e9ficier de toutes leurs actions.<\/p>\n<blockquote>\n<p><a href=\"mailto:asso.pangeo@gmail.com\" target=\"_blank\" rel=\"noopener noreferrer\">Contact <\/a>: asso.pangeo@gmail.com\u00a0\u00a0\u00a0\u00a0\u00a0 <br \/><a href=\"https:\/\/www.facebook.com\/PangeoP7\/?ref=page_internal\" target=\"_blank\" rel=\"noopener noreferrer\">Page Facebook<\/a><br \/><a href=\"https:\/\/wordpress-test.app.u-pariscite.fr\/teams\/pangeo\/\" target=\"_blank\" rel=\"noopener noreferrer\">Plus d&rsquo;informations<\/a><\/p>\n<\/blockquote>\n<p>&nbsp;<\/p>\n<p>&nbsp;<\/p>\n<p>&nbsp;<\/p>\n<p>[\/et_pb_text][et_pb_text _builder_version=\u00a0\u00bb3.22.1&Prime; z_index_tablet=\u00a0\u00bb500&Prime;]<\/p>\n<h2>G\u00e9omie<\/h2>\n<p>&nbsp;<\/p>\n<p>G\u00e9omie est l\u2019association de fili\u00e8re de la Double Licence G\u00e9ographie et\u00a0\u00c9conomie d\u2019Universit\u00e9 Paris Cit\u00e9 et l\u2019Universit\u00e9 Sorbonne Paris Nord (anciennement Paris Diderot et Paris Villetaneuse).\u00a0Cr\u00e9\u00e9e en <strong>2016 <\/strong>par les\u00a0\u00e9tudiants de la double licence de la premi\u00e8re promotion,<strong>\u00a0<\/strong><em>Les D\u00e9vorants<\/em> avec le soutien de l\u2019\u00e9quipe p\u00e9dagogique, elle est domicili\u00e9e\u00a0\u00e0 l\u2019Universit\u00e9 Paris Cit\u00e9.\u00a0<\/p>\n<p>Promouvant la <strong>g\u00e9ographie<\/strong> et <strong>l\u2019\u00e9conomie<\/strong> dans leur diversit\u00e9 et pluralit\u00e9, l\u2019association est <strong>ouverte<\/strong>\u00a0aux enseignants qui ont partag\u00e9 leurs <strong>connaissances<\/strong> et <strong>savoir-faire<\/strong> avec les\u00a0\u00e9tudiants,\u00a0ainsi qu\u2019\u00e0\u00a0toute personne s\u2019int\u00e9ressant aux probl\u00e9matiques trait\u00e9s par les g\u00e9ographes et\u00a0\u00e9conomistes. Plus de <strong>renseignements <\/strong>concernant l\u2019adh\u00e9sion de nouveaux membres sont fournis sur demande par mail (voir la rubrique Contact).<\/p>\n<p>G\u00e9omie a pour vocation d\u2019\u00eatre un lieu de <strong>partage et d\u2019\u00e9change<\/strong> de connaissances autour de la g\u00e9ographie et de l\u2019\u00e9conomie pour les membres de la communaut\u00e9 qui la forment.<\/p>\n<p>L\u2019association\u00a0<strong>s\u2019engage <\/strong>aupr\u00e8s des\u00a0\u00e9tudiants pendant et apr\u00e8s leurs\u00a0\u00e9tudes afin de les aider\u00a0\u00e0 <strong>r\u00e9ussir les projets<\/strong> qu\u2019ils entreprennent au cours ou\u00a0\u00e0 la suite de leur p\u00e9riode estudiantine.<\/p>\n<blockquote>\n<p><a href=\"http:\/\/geomie.fr\/\" target=\"_blank\" rel=\"noopener noreferrer\">Site web<\/a><\/p>\n<\/blockquote>\n<p>[\/et_pb_text][\/et_pb_column][et_pb_column type=\u00a0\u00bb1_4&Prime; _builder_version=\u00a0\u00bb3.0.47&Prime;][et_pb_image src=\u00a0\u00bbhttps:\/\/wordpress-test.app.u-pariscite.fr\/ghes\/wp-content\/uploads\/sites\/46\/2023\/04\/LOGO-PANGEO.jpeg\u00a0\u00bb _builder_version=\u00a0\u00bb3.22.1&Prime; custom_margin=\u00a0\u00bb72px|||||\u00a0\u00bb z_index_tablet=\u00a0\u00bb500&Prime;][\/et_pb_image][et_pb_image src=\u00a0\u00bbhttps:\/\/wordpress-test.app.u-pariscite.fr\/ghes\/wp-content\/uploads\/sites\/46\/2021\/12\/cropped-Ge\u0301omieBaseline_V3-4-300&#215;161.png\u00a0\u00bb _builder_version=\u00a0\u00bb3.22.1&Prime; custom_margin=\u00a0\u00bb428px|||||\u00a0\u00bb z_index_tablet=\u00a0\u00bb500&Prime;][\/et_pb_image][\/et_pb_column][\/et_pb_row][\/et_pb_section][et_pb_section fb_built=\u00a0\u00bb1&Prime; _builder_version=\u00a0\u00bb3.22&Prime; custom_padding=\u00a0\u00bb0px||0px|\u00a0\u00bb][et_pb_row _builder_version=\u00a0\u00bb3.22&Prime;][et_pb_column type=\u00a0\u00bb4_4&Prime; _builder_version=\u00a0\u00bb3.0.47&Prime;][et_pb_text admin_label=\u00a0\u00bb\u00c0 lire aussi\u00a0\u00bb _builder_version=\u00a0\u00bb3.21&Prime;]<\/p>\n<h2><span class=\"st\">\u00c0<\/span> lire aussi<\/h2>\n<p>[\/et_pb_text][et_pb_blog posts_number=\u00a0\u00bb4&Prime; include_categories=\u00a0\u00bb13&Prime; show_author=\u00a0\u00bboff\u00a0\u00bb show_date=\u00a0\u00bboff\u00a0\u00bb show_pagination=\u00a0\u00bboff\u00a0\u00bb module_id=\u00a0\u00bbpage_type_blog\u00a0\u00bb _builder_version=\u00a0\u00bb3.21&Prime; header_level=\u00a0\u00bbh4&Prime; border_width_bottom_fullwidth=\u00a0\u00bb1px\u00a0\u00bb border_color_bottom_fullwidth=\u00a0\u00bbrgba(51,51,51,0.18)\u00a0\u00bb custom_padding=\u00a0\u00bb||50px|\u00a0\u00bb][\/et_pb_blog][\/et_pb_column][\/et_pb_row][\/et_pb_section]<\/p>\n","protected":false},"excerpt":{"rendered":"<p>Pang\u00e9o &nbsp; Pang\u00e9o est l\u2019association de fili\u00e8re des \u00e9tudiants de g\u00e9ographie \u00e0 Universit\u00e9 Paris Cit\u00e9. Elle organise des \u00e9v\u00e8nements et a un r\u00f4le d\u2019information et d\u2019assistance aupr\u00e8s des \u00e9tudiants. Pang\u00e9o organise des soir\u00e9es, des afterworks et des rencontres \u00e0 caract\u00e8res festifs.Elle est aussi pr\u00e9sente lors des \u00e9v\u00e8nements organis\u00e9s par l\u2019universit\u00e9 (JAVA, f\u00eate du printemps&#8230;). L\u2019association&hellip; <a class=\"continue\" href=\"https:\/\/wordpress-test.app.u-pariscite.fr\/ghes\/associations-etudiantes-departement-geographie\/\">Lire la suite<span> Associations \u00e9tudiantes du d\u00e9partement de g\u00e9ographie<\/span><\/a><\/p>\n","protected":false},"author":248,"featured_media":0,"parent":0,"menu_order":0,"comment_status":"closed","ping_status":"closed","template":"","meta":{"_et_pb_use_builder":"on","_et_pb_old_content":"","_et_gb_content_width":"","footnotes":""},"class_list":["post-539","page","type-page","status-publish","hentry"],"_links":{"self":[{"href":"https:\/\/wordpress-test.app.u-pariscite.fr\/ghes\/wp-json\/wp\/v2\/pages\/539","targetHints":{"allow":["GET"]}}],"collection":[{"href":"https:\/\/wordpress-test.app.u-pariscite.fr\/ghes\/wp-json\/wp\/v2\/pages"}],"about":[{"href":"https:\/\/wordpress-test.app.u-pariscite.fr\/ghes\/wp-json\/wp\/v2\/types\/page"}],"author":[{"embeddable":true,"href":"https:\/\/wordpress-test.app.u-pariscite.fr\/ghes\/wp-json\/wp\/v2\/users\/248"}],"replies":[{"embeddable":true,"href":"https:\/\/wordpress-test.app.u-pariscite.fr\/ghes\/wp-json\/wp\/v2\/comments?post=539"}],"version-history":[{"count":14,"href":"https:\/\/wordpress-test.app.u-pariscite.fr\/ghes\/wp-json\/wp\/v2\/pages\/539\/revisions"}],"predecessor-version":[{"id":1923,"href":"https:\/\/wordpress-test.app.u-pariscite.fr\/ghes\/wp-json\/wp\/v2\/pages\/539\/revisions\/1923"}],"wp:attachment":[{"href":"https:\/\/wordpress-test.app.u-pariscite.fr\/ghes\/wp-json\/wp\/v2\/media?parent=539"}],"curies":[{"name":"wp","href":"https:\/\/api.w.org\/{rel}","templated":true}]}}