{"id":531,"date":"2021-10-14T08:54:00","date_gmt":"2021-10-14T06:54:00","guid":{"rendered":"https:\/\/wordpress-test.app.u-pariscite.fr\/ghes\/?page_id=531"},"modified":"2024-03-14T15:22:45","modified_gmt":"2024-03-14T14:22:45","slug":"masters-economie","status":"publish","type":"page","link":"https:\/\/wordpress-test.app.u-pariscite.fr\/ghes\/masters-economie\/","title":{"rendered":"Masters \u00e9conomie"},"content":{"rendered":"<p>[et_pb_section bb_built=\u00a0\u00bb1&Prime; next_background_color=\u00a0\u00bb#000000&Prime; inner_width=\u00a0\u00bbauto\u00a0\u00bb inner_max_width=\u00a0\u00bbnone\u00a0\u00bb][et_pb_row][et_pb_column type=\u00a0\u00bb4_4&Prime;][et_pb_post_title admin_label=\u00a0\u00bbTitre de la page\u00a0\u00bb _builder_version=\u00a0\u00bb3.19.11&Prime; meta=\u00a0\u00bboff\u00a0\u00bb featured_image=\u00a0\u00bboff\u00a0\u00bb \/][\/et_pb_column][\/et_pb_row][et_pb_row][et_pb_column type=\u00a0\u00bb3_4&Prime;][et_pb_text _builder_version=\u00a0\u00bb3.22.1&Prime; module_id=\u00a0\u00bbcontenu\u00a0\u00bb text_text_shadow_horizontal_length=\u00a0\u00bbtext_text_shadow_style,%91object Object%93&Prime; text_text_shadow_vertical_length=\u00a0\u00bbtext_text_shadow_style,%91object Object%93&Prime; text_text_shadow_blur_strength=\u00a0\u00bbtext_text_shadow_style,%91object Object%93&Prime; link_text_shadow_horizontal_length=\u00a0\u00bblink_text_shadow_style,%91object Object%93&Prime; link_text_shadow_vertical_length=\u00a0\u00bblink_text_shadow_style,%91object Object%93&Prime; link_text_shadow_blur_strength=\u00a0\u00bblink_text_shadow_style,%91object Object%93&Prime; ul_text_shadow_horizontal_length=\u00a0\u00bbul_text_shadow_style,%91object Object%93&Prime; ul_text_shadow_vertical_length=\u00a0\u00bbul_text_shadow_style,%91object Object%93&Prime; ul_text_shadow_blur_strength=\u00a0\u00bbul_text_shadow_style,%91object Object%93&Prime; ol_text_shadow_horizontal_length=\u00a0\u00bbol_text_shadow_style,%91object Object%93&Prime; ol_text_shadow_vertical_length=\u00a0\u00bbol_text_shadow_style,%91object Object%93&Prime; ol_text_shadow_blur_strength=\u00a0\u00bbol_text_shadow_style,%91object Object%93&Prime; quote_text_shadow_horizontal_length=\u00a0\u00bbquote_text_shadow_style,%91object Object%93&Prime; quote_text_shadow_vertical_length=\u00a0\u00bbquote_text_shadow_style,%91object Object%93&Prime; quote_text_shadow_blur_strength=\u00a0\u00bbquote_text_shadow_style,%91object Object%93&Prime; header_text_shadow_horizontal_length=\u00a0\u00bbheader_text_shadow_style,%91object Object%93&Prime; header_text_shadow_vertical_length=\u00a0\u00bbheader_text_shadow_style,%91object Object%93&Prime; header_text_shadow_blur_strength=\u00a0\u00bbheader_text_shadow_style,%91object Object%93&Prime; header_2_text_shadow_horizontal_length=\u00a0\u00bbheader_2_text_shadow_style,%91object Object%93&Prime; header_2_text_shadow_vertical_length=\u00a0\u00bbheader_2_text_shadow_style,%91object Object%93&Prime; header_2_text_shadow_blur_strength=\u00a0\u00bbheader_2_text_shadow_style,%91object Object%93&Prime; header_3_text_shadow_horizontal_length=\u00a0\u00bbheader_3_text_shadow_style,%91object Object%93&Prime; header_3_text_shadow_vertical_length=\u00a0\u00bbheader_3_text_shadow_style,%91object Object%93&Prime; header_3_text_shadow_blur_strength=\u00a0\u00bbheader_3_text_shadow_style,%91object Object%93&Prime; header_4_text_shadow_horizontal_length=\u00a0\u00bbheader_4_text_shadow_style,%91object Object%93&Prime; header_4_text_shadow_vertical_length=\u00a0\u00bbheader_4_text_shadow_style,%91object Object%93&Prime; header_4_text_shadow_blur_strength=\u00a0\u00bbheader_4_text_shadow_style,%91object Object%93&Prime; header_5_text_shadow_horizontal_length=\u00a0\u00bbheader_5_text_shadow_style,%91object Object%93&Prime; header_5_text_shadow_vertical_length=\u00a0\u00bbheader_5_text_shadow_style,%91object Object%93&Prime; header_5_text_shadow_blur_strength=\u00a0\u00bbheader_5_text_shadow_style,%91object Object%93&Prime; header_6_text_shadow_horizontal_length=\u00a0\u00bbheader_6_text_shadow_style,%91object Object%93&Prime; header_6_text_shadow_vertical_length=\u00a0\u00bbheader_6_text_shadow_style,%91object Object%93&Prime; header_6_text_shadow_blur_strength=\u00a0\u00bbheader_6_text_shadow_style,%91object Object%93&Prime; z_index_tablet=\u00a0\u00bb500&Prime;]<\/p>\n<h2>Masters<\/h2>\n<h3>Masters M\u00e9tiers des \u00c9tudes, du Conseil et de l&rsquo;Intervention &#8211; MECI<\/h3>\n<p>&gt; <a href=\"https:\/\/odf.wordpress-test.app.u-pariscite.fr\/fr\/offre-de-formation\/master-XB\/sciences-humaines-et-sociales-SHS\/metiers-des-etudes-du-conseil-et-de-l-intervention-K2VOC5NX\/\/master-metiers-des-etudes-du-conseil-et-de-l-intervention-parcours-amenagement-et-developpement-local-JRWEDP8B.html\" target=\"_blank\" rel=\"noopener noreferrer\">Master 1 MECI Parcours Am\u00e9nagement et d\u00e9veloppement local (ADL)<\/a><\/p>\n<p>&gt; <a href=\"https:\/\/odf.wordpress-test.app.u-pariscite.fr\/fr\/offre-de-formation\/master-XB\/sciences-humaines-et-sociales-SHS\/metiers-des-etudes-du-conseil-et-de-l-intervention-K2VOC5NX\/\/master-metiers-des-etudes-du-conseil-et-de-l-intervention-parcours-consultants-et-charges-d-etudes-socio-economiques-JRWFB64J.html\" target=\"_blank\" rel=\"noopener noreferrer\">Master 1 MECI Parcours Consultants et charg\u00e9s d\u2019\u00e9tudes socio-\u00e9conomiques (CCESE)<\/a><\/p>\n<p>&gt; <a href=\"https:\/\/odf.wordpress-test.app.u-pariscite.fr\/fr\/offre-de-formation\/master-XB\/sciences-humaines-et-sociales-SHS\/metiers-des-etudes-du-conseil-et-de-l-intervention-K2VOC5NX\/\/master-metiers-des-etudes-du-conseil-et-de-l-intervention-parcours-projets-informatiques-et-strategie-d-entreprise-IJVJ596D.html\" target=\"_blank\" rel=\"noopener noreferrer\">Master 1 MECI Parcours Projets informatiques et Strat\u00e9gie d&rsquo;entreprise (PISE)<\/a><\/p>\n<p>&nbsp;<\/p>\n<p>&gt; <a href=\"https:\/\/odf.wordpress-test.app.u-pariscite.fr\/fr\/offre-de-formation\/master-XB\/sciences-humaines-et-sociales-SHS\/metiers-des-etudes-du-conseil-et-de-l-intervention-K2VOC5NX\/\/master-metiers-des-etudes-du-conseil-et-de-l-intervention-parcours-amenagement-et-developpement-local-JRWEDP8B.html\" target=\"_blank\" rel=\"noopener noreferrer\">Master 2 MECI\u00a0 Parcours Am\u00e9nagement et d\u00e9veloppement local (ADL)<\/a><\/p>\n<p>&gt; <a href=\"https:\/\/odf.wordpress-test.app.u-pariscite.fr\/fr\/offre-de-formation\/master-XB\/sciences-humaines-et-sociales-SHS\/metiers-des-etudes-du-conseil-et-de-l-intervention-K2VOC5NX\/\/master-metiers-des-etudes-du-conseil-et-de-l-intervention-parcours-projets-informatiques-et-strategie-d-entreprise-IJVJ596D.html\">Master 2 MECI\u00a0 Parcours Projets informatiques et Strat\u00e9gie d&rsquo;entreprise (PISE)<\/a><\/p>\n<p>&gt; <a href=\"https:\/\/odf.wordpress-test.app.u-pariscite.fr\/fr\/offre-de-formation\/master-XB\/sciences-humaines-et-sociales-SHS\/metiers-des-etudes-du-conseil-et-de-l-intervention-K2VOC5NX\/\/master-metiers-des-etudes-du-conseil-et-de-l-intervention-parcours-consultants-et-charges-d-etudes-socio-economiques-JRWFB64J.html\" target=\"_blank\" rel=\"noopener noreferrer\">Master 2 MECI\u00a0 Parcours Consultants et charg\u00e9s d\u2019\u00e9tudes socio-\u00e9conomiques (CCESE)<\/a><\/p>\n<p>&nbsp;<\/p>\n<h3>Masters Analyse et Politiques \u00c9conomiques &#8211; APE<\/h3>\n<p>&gt; <a href=\"https:\/\/odf.wordpress-test.app.u-pariscite.fr\/fr\/offre-de-formation\/master-XB\/droit-economie-gestion-DEG\/analyse-et-politique-economique-K2VO48VH\/\/master-analyse-et-politique-economique-m1-ape-JRRZY9R5.html\" target=\"_blank\" rel=\"noopener noreferrer\">Master 1 APE\u00a0: \u00a0Analyse et politiques \u00e9conomique<\/a><a href=\"https:\/\/odf.wordpress-test.app.u-pariscite.fr\/fr\/offre-de-formation\/master-XB\/droit-economie-gestion-DEG\/analyse-et-politique-economique-K2VO48VH\/\/master-analyse-et-politique-economique-m1-ape-JRRZY9R5.html\" target=\"_blank\" rel=\"noopener noreferrer\">s<\/a><\/p>\n<p>&gt; <a href=\"https:\/\/wordpress-test.app.u-pariscite.fr\/en\/erasmus-mundus-joint-master-degree-economic-policies-for-the-global-transition-epog\/\" target=\"_blank\" rel=\"noopener noreferrer\">Master 1 APE :\u00a0 Parcours EPOG+ (Economic Policies for the Global transition) &#8211; Erasmus Mundus Joint Master Degree<\/a><\/p>\n<p>&nbsp;<\/p>\n<p>&gt; <a href=\"https:\/\/odf.wordpress-test.app.u-pariscite.fr\/fr\/offre-de-formation\/master-XB\/droit-economie-gestion-DEG\/analyse-et-politique-economique-K2VO48VH\/\/master-analyse-et-politique-economique-m2-ape-parcours-entreprises-societe-soutenabilite-IMX82B4R.html\" target=\"_blank\" rel=\"noopener noreferrer\">Master 2 APE :\u00a0 Parcours Entreprises, soci\u00e9t\u00e9, soutenabilit\u00e9\u00a0\u00a0<\/a><\/p>\n<p>&gt; <a href=\"https:\/\/wordpress-test.app.u-pariscite.fr\/en\/erasmus-mundus-joint-master-degree-economic-policies-for-the-global-transition-epog\/\" target=\"_blank\" rel=\"noopener noreferrer\">Master 2 APE : Parcours EPOG+ (Economic Policies for the Global transition) &#8211; Erasmus Mundus Joint Master Degree<\/a><\/p>\n<p>&gt; <a href=\"https:\/\/odf.wordpress-test.app.u-pariscite.fr\/fr\/offre-de-formation\/master-XB\/droit-economie-gestion-DEG\/analyse-et-politique-economique-K2VO48VH\/\/master-analyse-et-politique-economique-m2-ape-parcours-development-and-sustainability-policies-states-and-corporations-JRRZTQPG.html\" target=\"_blank\" rel=\"noopener noreferrer\">Master 2 APE :\u00a0 Parcours EPOG 2 Development and Sustainability : Policies, States and Corporations<\/a><\/p>\n<p>&nbsp;<\/p>\n<h3>Masters \u00c9nergie<\/h3>\n<p>&gt;\u00a0 <a href=\"https:\/\/odf.wordpress-test.app.u-pariscite.fr\/fr\/offre-de-formation\/master-XB\/sciences-humaines-et-sociales-SHS\/energie-K2VO6LRQ\/\/master-energie-m1-parcours-approches-sociales-des-enjeux-energetiques-JRXKXVHF.html\" target=\"_blank\" rel=\"noopener noreferrer\">Master 1 \u00c9nergie &#8211; Approches sociales des enjeux \u00e9nerg\u00e9tiques<\/a><\/p>\n<p>&gt; <a href=\"https:\/\/odf.wordpress-test.app.u-pariscite.fr\/fr\/offre-de-formation\/master-XB\/sciences-humaines-et-sociales-SHS\/energie-K2VO6LRQ\/\/master-energie-m2-parcours-energie-ecologie-societe-JRXL45NG.html\" target=\"_blank\" rel=\"noopener noreferrer\">Master 2 \u00c9nergie Parcours \u00c9nergie, \u00e9cologie, soci\u00e9t\u00e9<\/a><\/p>\n<p>&nbsp;<\/p>\n<h2>Contacts du d\u00e9partement d\u2019\u00e9conomie<\/h2>\n<p>&nbsp;<\/p>\n<ul>\n<li>Directeur du d\u00e9partement\u00a0: Christophe Darmangeat (<a href=\"mailto:christophe.darmangeat@wordpress-test.app.u-pariscite.fr\">christophe.darmangeat@wordpress-test.app.u-pariscite.fr<\/a>)<\/li>\n<li>Secr\u00e9tariat p\u00e9dagogique des Masters 1 : Aur\u00e9lia Delabrousse (<a href=\"mailto:aurelia.delabrousse@wordpress-test.app.u-pariscite.fr\">aurelia.delabrousse@wordpress-test.app.u-pariscite.fr<\/a>)\u00a0<\/li>\n<li>Secr\u00e9tariat p\u00e9dagogique des Masters 2 : Elisabeth Lafont (<a href=\"mailto:elisabeth.lafont@wordpress-test.app.u-pariscite.fr\">elisabeth.lafont@wordpress-test.app.u-pariscite.fr<\/a>)<\/li>\n<\/ul>\n<p>[\/et_pb_text][\/et_pb_column][et_pb_column type=\u00a0\u00bb1_4&Prime;][\/et_pb_column][\/et_pb_row][\/et_pb_section][et_pb_section bb_built=\u00a0\u00bb1&Prime; specialty=\u00a0\u00bboff\u00a0\u00bb _builder_version=\u00a0\u00bb3.21&Prime; custom_padding=\u00a0\u00bb0px||0px|\u00a0\u00bb prev_background_color=\u00a0\u00bb#000000&Prime; inner_width=\u00a0\u00bbauto\u00a0\u00bb inner_max_width=\u00a0\u00bbnone\u00a0\u00bb][et_pb_row _builder_version=\u00a0\u00bb3.19.11&Prime; width=\u00a0\u00bb80%\u00a0\u00bb max_width=\u00a0\u00bb1080px\u00a0\u00bb][et_pb_column type=\u00a0\u00bb4_4&Prime;][et_pb_text admin_label=\u00a0\u00bb\u00c0 lire aussi\u00a0\u00bb _builder_version=\u00a0\u00bb3.21&Prime;]<\/p>\n<h2><span class=\"st\">\u00c0<\/span> lire aussi<\/h2>\n<p>[\/et_pb_text][et_pb_blog _builder_version=\u00a0\u00bb3.21&Prime; posts_number=\u00a0\u00bb4&Prime; include_categories=\u00a0\u00bb13&Prime; show_author=\u00a0\u00bboff\u00a0\u00bb show_date=\u00a0\u00bboff\u00a0\u00bb show_pagination=\u00a0\u00bboff\u00a0\u00bb border_width_bottom_fullwidth=\u00a0\u00bb1px\u00a0\u00bb border_color_bottom_fullwidth=\u00a0\u00bbrgba(51,51,51,0.18)\u00a0\u00bb custom_padding=\u00a0\u00bb||50px|\u00a0\u00bb module_id=\u00a0\u00bbpage_type_blog\u00a0\u00bb header_level=\u00a0\u00bbh4&Prime; \/][\/et_pb_column][\/et_pb_row][\/et_pb_section]<\/p>\n","protected":false},"excerpt":{"rendered":"<div class=\"et_pb_row et_pb_row_0 et_pb_row_empty\"><\/div>\n<div class=\"et_pb_row et_pb_row_1 et_pb_row_empty\"><\/div>\n<p> Masters Masters M\u00e9tiers des \u00c9tudes, du Conseil et de l&rsquo;Intervention &#8211; MECI &gt; Master 1 MECI Parcours Am\u00e9nagement et d\u00e9veloppement local (ADL) &gt; Master 1 MECI Parcours Consultants et charg\u00e9s d\u2019\u00e9tudes socio-\u00e9conomiques (CCESE) &gt; Master 1 MECI Parcours Projets informatiques et Strat\u00e9gie d&rsquo;entreprise (PISE) &nbsp; &gt; Master 2 MECI\u00a0 Parcours Am\u00e9nagement et d\u00e9veloppement local&hellip; <a class=\"continue\" href=\"https:\/\/wordpress-test.app.u-pariscite.fr\/ghes\/masters-economie\/\">Lire la suite<span> Masters \u00e9conomie<\/span><\/a><\/p>\n","protected":false},"author":248,"featured_media":0,"parent":0,"menu_order":0,"comment_status":"closed","ping_status":"closed","template":"","meta":{"_et_pb_use_builder":"on","_et_pb_old_content":"","_et_gb_content_width":"","footnotes":""},"class_list":["post-531","page","type-page","status-publish","hentry"],"_links":{"self":[{"href":"https:\/\/wordpress-test.app.u-pariscite.fr\/ghes\/wp-json\/wp\/v2\/pages\/531","targetHints":{"allow":["GET"]}}],"collection":[{"href":"https:\/\/wordpress-test.app.u-pariscite.fr\/ghes\/wp-json\/wp\/v2\/pages"}],"about":[{"href":"https:\/\/wordpress-test.app.u-pariscite.fr\/ghes\/wp-json\/wp\/v2\/types\/page"}],"author":[{"embeddable":true,"href":"https:\/\/wordpress-test.app.u-pariscite.fr\/ghes\/wp-json\/wp\/v2\/users\/248"}],"replies":[{"embeddable":true,"href":"https:\/\/wordpress-test.app.u-pariscite.fr\/ghes\/wp-json\/wp\/v2\/comments?post=531"}],"version-history":[{"count":5,"href":"https:\/\/wordpress-test.app.u-pariscite.fr\/ghes\/wp-json\/wp\/v2\/pages\/531\/revisions"}],"predecessor-version":[{"id":1120,"href":"https:\/\/wordpress-test.app.u-pariscite.fr\/ghes\/wp-json\/wp\/v2\/pages\/531\/revisions\/1120"}],"wp:attachment":[{"href":"https:\/\/wordpress-test.app.u-pariscite.fr\/ghes\/wp-json\/wp\/v2\/media?parent=531"}],"curies":[{"name":"wp","href":"https:\/\/api.w.org\/{rel}","templated":true}]}}