{"id":527,"date":"2021-10-14T08:52:45","date_gmt":"2021-10-14T06:52:45","guid":{"rendered":"https:\/\/wordpress-test.app.u-pariscite.fr\/ghes\/?page_id=527"},"modified":"2024-12-02T17:31:05","modified_gmt":"2024-12-02T16:31:05","slug":"masters-geographie","status":"publish","type":"page","link":"https:\/\/wordpress-test.app.u-pariscite.fr\/ghes\/masters-geographie\/","title":{"rendered":"Masters g\u00e9ographie"},"content":{"rendered":"<p>[et_pb_section fb_built=\u00a0\u00bb1&Prime; _builder_version=\u00a0\u00bb3.22&Prime;][et_pb_row _builder_version=\u00a0\u00bb3.22&Prime; background_size=\u00a0\u00bbinitial\u00a0\u00bb background_position=\u00a0\u00bbtop_left\u00a0\u00bb background_repeat=\u00a0\u00bbrepeat\u00a0\u00bb][et_pb_column type=\u00a0\u00bb4_4&Prime; _builder_version=\u00a0\u00bb3.0.47&Prime;][et_pb_post_title meta=\u00a0\u00bboff\u00a0\u00bb featured_image=\u00a0\u00bboff\u00a0\u00bb admin_label=\u00a0\u00bbTitre de la page\u00a0\u00bb _builder_version=\u00a0\u00bb3.22.1&Prime;][\/et_pb_post_title][\/et_pb_column][\/et_pb_row][et_pb_row _builder_version=\u00a0\u00bb3.22&Prime; background_size=\u00a0\u00bbinitial\u00a0\u00bb background_position=\u00a0\u00bbtop_left\u00a0\u00bb background_repeat=\u00a0\u00bbrepeat\u00a0\u00bb][et_pb_column type=\u00a0\u00bb3_4&Prime; _builder_version=\u00a0\u00bb3.0.47&Prime;][et_pb_text module_id=\u00a0\u00bbcontenu\u00a0\u00bb _builder_version=\u00a0\u00bb3.22.1&Prime; custom_padding=\u00a0\u00bb1px|||||\u00a0\u00bb z_index_tablet=\u00a0\u00bb500&Prime;]<\/p>\n<h2>Master G\u00e9ographie, Am\u00e9nagement, Environnement et D\u00e9veloppement &#8211; GAED<\/h2>\n<ul>\n<li>Direction du Master GAED (G\u00e9ographie, Am\u00e9nagement, Environnement et D\u00e9veloppement) : Nicolas DELBART (<a href=\"mailto:nicolas.delbart@wordpress-test.app.u-pariscite.fr\">nicolas.delbart@wordpress-test.app.u-pariscite.fr<\/a>)<\/li>\n<li>Secr\u00e9tariat p\u00e9dagogique du Master GAED : S\u00e9bastien THEVENET (<a href=\"mailto:sebastien.thevenet@wordpress-test.app.u-pariscite.fr\">sebastien.thevenet@wordpress-test.app.u-pariscite.fr<\/a>)<\/li>\n<\/ul>\n<p>&gt; <a href=\"https:\/\/odf.wordpress-test.app.u-pariscite.fr\/fr\/offre-de-formation\/master-XB\/sciences-humaines-et-sociales-SHS\/geographie-amenagement-environnement-et-developpement-K2VO0KVP.html\" target=\"_blank\" rel=\"noopener noreferrer\">Master 1 GAED &#8211; G\u00e9ographie, Am\u00e9nagement, Environnement et D\u00e9veloppement<\/a><\/p>\n<p>&gt; <a href=\"https:\/\/odf.wordpress-test.app.u-pariscite.fr\/fr\/offre-de-formation\/master-XB\/sciences-humaines-et-sociales-SHS\/geographie-amenagement-environnement-et-developpement-K2VO0KVP\/master-gaed-parcours-carthageo-conception-et-construction-de-realisations-geomatiques-carthageo-m2-JRS269HP.html\" target=\"_blank\" rel=\"noopener noreferrer\">Master 2 GAED parcours <em>Carthag\u00e9o : Conception et construction de r\u00e9alisations g\u00e9omatiques<\/em><\/a><\/p>\n<p>&gt; <a href=\"https:\/\/odf.wordpress-test.app.u-pariscite.fr\/fr\/offre-de-formation\/master-XB\/sciences-humaines-et-sociales-SHS\/geographie-amenagement-environnement-et-developpement-K2VO0KVP\/master-gaed-parcours-dynamique-des-milieux-a-risques-dynarisk-m2-JRS2DNF6.html\" target=\"_blank\" rel=\"noopener noreferrer\">Master 2 GAED parcours <em>Dynarisk : Dynamiques des milieux et risques<\/em><\/a><\/p>\n<p>&gt; <a href=\"https:\/\/odf.wordpress-test.app.u-pariscite.fr\/fr\/offre-de-formation\/master-XB\/sciences-humaines-et-sociales-SHS\/geographie-amenagement-environnement-et-developpement-K2VO0KVP\/master-gaed-parcours-dynamiques-des-pays-emergents-et-en-developpement-dynped-m2-JRS2LGOD.html\" target=\"_blank\" rel=\"noopener noreferrer\">Master 2 GAED parcours <em>Dynped : Dynamiques des pays \u00e9mergents et en d\u00e9veloppement<\/em><\/a><\/p>\n<p>&gt; <a href=\"https:\/\/odf.wordpress-test.app.u-pariscite.fr\/fr\/offre-de-formation\/master-XB\/sciences-humaines-et-sociales-SHS\/geographie-amenagement-environnement-et-developpement-K2VO0KVP\/master-2-gaed-parcours-espaces-et-milieux-territoires-ecologiques-emte-JRWB2TZ1.html\" target=\"_blank\" rel=\"noopener noreferrer\">Master 2 GAED parcours <em>Espace et milieux : Territoires \u00e9cologiques<\/em><\/a><\/p>\n<p>&gt; <a href=\"https:\/\/odf.wordpress-test.app.u-pariscite.fr\/fr\/offre-de-formation\/master-XB\/sciences-humaines-et-sociales-SHS\/geographie-amenagement-environnement-et-developpement-K2VO0KVP\/master-gaed-parcours-teledetection-et-geomatique-appliquees-a-l-environnement-tgae-m2-JRWBKY4F.html\" target=\"_blank\" rel=\"noopener noreferrer\">Master 2 GAED parcours <em>TGAE : T\u00e9l\u00e9d\u00e9tection et G\u00e9omatique Appliqu\u00e9e \u00e0 l&rsquo;Environnement<\/em><\/a><\/p>\n<p>&gt; <a href=\"https:\/\/odf.wordpress-test.app.u-pariscite.fr\/fr\/offre-de-formation\/master-XB\/sciences-humaines-et-sociales-SHS\/geographie-amenagement-environnement-et-developpement-K2VO0KVP\/master-gaed-parcours-geoprisme-analyse-spatiale-et-modelisation-dynamiques-spatiales-en-europe-construction-des-savoirs-en-geographie-m2-JRWBB63J.html\" target=\"_blank\" rel=\"noopener noreferrer\">Master 2 GAED parcours <em>G\u00e9oprisme : Analyse spatiale et mod\u00e9lisation<\/em><\/a><\/p>\n<p>&nbsp;<\/p>\n<h2>Master M\u00e9tiers des \u00c9tudes, du Conseil et de l&rsquo;Intervention, parcours Am\u00e9nagement et D\u00e9veloppement Local &#8211; M\u00c9CI-ADL<\/h2>\n<ul>\n<li>Direction du Master M\u00c9CI, parcours ADL : Matthieu GIMAT (<a href=\"mailto:matthieu.gimat@wordpress-test.app.u-pariscite.fr\" target=\"_blank\" rel=\"noopener noreferrer\">matthieu.gimat@wordpress-test.app.u-pariscite.fr<\/a>) et Mathieu GIGOT (<a href=\"mailto:mathieu.gigot@wordpress-test.app.u-pariscite.fr\" target=\"_blank\" rel=\"noopener noreferrer\">mathieu.gigot@wordpress-test.app.u-pariscite.fr<\/a>)<\/li>\n<li>Secr\u00e9tariat p\u00e9dagogique du Master M\u00c9CI : Aur\u00e9lia DELABROUSSE (<a href=\"mailto:aurelia.delabrousse@wordpress-test.app.u-pariscite.fr\">aurelia.delabrousse@wordpress-test.app.u-pariscite.fr<\/a>)<\/li>\n<\/ul>\n<p>&gt; <a href=\"https:\/\/odf.wordpress-test.app.u-pariscite.fr\/fr\/offre-de-formation\/master-XB\/sciences-humaines-et-sociales-SHS\/metiers-des-etudes-du-conseil-et-de-l-intervention-K2VOC5NX\/master-metiers-des-etudes-du-conseil-et-de-l-intervention-parcours-amenagement-et-developpement-local-JRWEDP8B.html\" target=\"_blank\" rel=\"noopener noreferrer\">Master 1 M\u00c9CI parcours <em>ADL : Am\u00e9nagement et D\u00e9veloppement Local<\/em><\/a><\/p>\n<p>&gt; <a href=\"https:\/\/odf.wordpress-test.app.u-pariscite.fr\/fr\/offre-de-formation\/master-XB\/sciences-humaines-et-sociales-SHS\/metiers-des-etudes-du-conseil-et-de-l-intervention-K2VOC5NX\/master-metiers-des-etudes-du-conseil-et-de-l-intervention-parcours-amenagement-et-developpement-local-JRWEDP8B.html\" target=\"_blank\" rel=\"noopener noreferrer\">Master 2 M\u00c9CI parcours <em>ADL : Am\u00e9nagement et D\u00e9veloppement Local<\/em><\/a><\/p>\n<p>&nbsp;<\/p>\n<h2>Master\u00a0M\u00e9tiers de l\u2019Enseignement, de l\u2019\u00c9ducation et de la Formation &#8211; MEEF<\/h2>\n<ul>\n<li>Direction du Master MEEF (M\u00e9tiers de l&rsquo;Enseignement, de l&rsquo;\u00c9ducation et de la Formation) : Fran\u00e7ois ZANETTI (<a href=\"mailto:francois.zanetti@wordpress-test.app.u-pariscite.fr\" target=\"_blank\" rel=\"noopener noreferrer\">francois.zanetti@wordpress-test.app.u-pariscite.fr<\/a>)<\/li>\n<li>Secr\u00e9tariat p\u00e9dagogique du Master MEEF : Souhila GHARBI (<a href=\"mailto:souhila.gharbi@wordpress-test.app.u-pariscite.fr\">souhila.gharbi@wordpress-test.app.u-pariscite.fr<\/a>)<\/li>\n<\/ul>\n<p>&gt;\u00a0<a href=\"https:\/\/odf.wordpress-test.app.u-pariscite.fr\/fr\/offre-de-formation\/master-XB\/sciences-humaines-et-sociales-SHS\/metiers-de-l-enseignement-de-l-education-et-de-la-formation-meef-2e-degre-sciences-humaines-et-sociales-KF41LILP\/\/master-metiers-de-l-enseignement-de-l-education-et-de-la-formation-2nd-degre-parcours-histoire-geographie-KFF872IX.html\" target=\"_blank\" rel=\"noopener noreferrer\">Master 1 MEEF\u00a0 \u2013 second degr\u00e9 \u2013 Histoire-G\u00e9ographie<\/a><\/p>\n<p>&gt;\u00a0<a href=\"https:\/\/odf.wordpress-test.app.u-pariscite.fr\/fr\/offre-de-formation\/master-XB\/sciences-humaines-et-sociales-SHS\/metiers-de-l-enseignement-de-l-education-et-de-la-formation-meef-2e-degre-sciences-humaines-et-sociales-KF41LILP\/\/master-metiers-de-l-enseignement-de-l-education-et-de-la-formation-2nd-degre-parcours-histoire-geographie-KFF872IX.html\" target=\"_blank\" rel=\"noopener noreferrer\">Master 2 MEEF\u00a0 \u2013 second degr\u00e9 \u2013 Histoire-G\u00e9ographie<\/a><\/p>\n<p>&nbsp;<\/p>\n<p>[\/et_pb_text][\/et_pb_column][et_pb_column type=\u00a0\u00bb1_4&Prime; _builder_version=\u00a0\u00bb3.0.47&Prime;][\/et_pb_column][\/et_pb_row][\/et_pb_section][et_pb_section fb_built=\u00a0\u00bb1&Prime; _builder_version=\u00a0\u00bb3.22&Prime; custom_padding=\u00a0\u00bb0px||0px|\u00a0\u00bb][et_pb_row _builder_version=\u00a0\u00bb3.22&Prime;][et_pb_column type=\u00a0\u00bb4_4&Prime; _builder_version=\u00a0\u00bb3.0.47&Prime;][et_pb_text admin_label=\u00a0\u00bb\u00c0 lire aussi\u00a0\u00bb _builder_version=\u00a0\u00bb3.21&Prime;]<\/p>\n<h2><span class=\"st\">\u00c0<\/span> lire aussi<\/h2>\n<p>[\/et_pb_text][et_pb_blog posts_number=\u00a0\u00bb4&Prime; include_categories=\u00a0\u00bb13&Prime; show_author=\u00a0\u00bboff\u00a0\u00bb show_date=\u00a0\u00bboff\u00a0\u00bb show_pagination=\u00a0\u00bboff\u00a0\u00bb module_id=\u00a0\u00bbpage_type_blog\u00a0\u00bb _builder_version=\u00a0\u00bb3.21&Prime; header_level=\u00a0\u00bbh4&Prime; border_width_bottom_fullwidth=\u00a0\u00bb1px\u00a0\u00bb border_color_bottom_fullwidth=\u00a0\u00bbrgba(51,51,51,0.18)\u00a0\u00bb custom_padding=\u00a0\u00bb||50px|\u00a0\u00bb][\/et_pb_blog][\/et_pb_column][\/et_pb_row][\/et_pb_section]<\/p>\n","protected":false},"excerpt":{"rendered":"<p>Master G\u00e9ographie, Am\u00e9nagement, Environnement et D\u00e9veloppement &#8211; GAED Direction du Master GAED (G\u00e9ographie, Am\u00e9nagement, Environnement et D\u00e9veloppement) : Nicolas DELBART (nicolas.delbart@wordpress-test.app.u-pariscite.fr) Secr\u00e9tariat p\u00e9dagogique du Master GAED : S\u00e9bastien THEVENET (sebastien.thevenet@wordpress-test.app.u-pariscite.fr) &gt; Master 1 GAED &#8211; G\u00e9ographie, Am\u00e9nagement, Environnement et D\u00e9veloppement &gt; Master 2 GAED parcours Carthag\u00e9o : Conception et construction de r\u00e9alisations g\u00e9omatiques &gt; Master&hellip; <a class=\"continue\" href=\"https:\/\/wordpress-test.app.u-pariscite.fr\/ghes\/masters-geographie\/\">Lire la suite<span> Masters g\u00e9ographie<\/span><\/a><\/p>\n","protected":false},"author":248,"featured_media":0,"parent":0,"menu_order":0,"comment_status":"closed","ping_status":"closed","template":"","meta":{"_et_pb_use_builder":"on","_et_pb_old_content":"","_et_gb_content_width":"","footnotes":""},"class_list":["post-527","page","type-page","status-publish","hentry"],"_links":{"self":[{"href":"https:\/\/wordpress-test.app.u-pariscite.fr\/ghes\/wp-json\/wp\/v2\/pages\/527","targetHints":{"allow":["GET"]}}],"collection":[{"href":"https:\/\/wordpress-test.app.u-pariscite.fr\/ghes\/wp-json\/wp\/v2\/pages"}],"about":[{"href":"https:\/\/wordpress-test.app.u-pariscite.fr\/ghes\/wp-json\/wp\/v2\/types\/page"}],"author":[{"embeddable":true,"href":"https:\/\/wordpress-test.app.u-pariscite.fr\/ghes\/wp-json\/wp\/v2\/users\/248"}],"replies":[{"embeddable":true,"href":"https:\/\/wordpress-test.app.u-pariscite.fr\/ghes\/wp-json\/wp\/v2\/comments?post=527"}],"version-history":[{"count":24,"href":"https:\/\/wordpress-test.app.u-pariscite.fr\/ghes\/wp-json\/wp\/v2\/pages\/527\/revisions"}],"predecessor-version":[{"id":2684,"href":"https:\/\/wordpress-test.app.u-pariscite.fr\/ghes\/wp-json\/wp\/v2\/pages\/527\/revisions\/2684"}],"wp:attachment":[{"href":"https:\/\/wordpress-test.app.u-pariscite.fr\/ghes\/wp-json\/wp\/v2\/media?parent=527"}],"curies":[{"name":"wp","href":"https:\/\/api.w.org\/{rel}","templated":true}]}}