{"id":518,"date":"2021-10-14T08:45:07","date_gmt":"2021-10-14T06:45:07","guid":{"rendered":"https:\/\/wordpress-test.app.u-pariscite.fr\/ghes\/?page_id=518"},"modified":"2024-08-27T13:44:57","modified_gmt":"2024-08-27T11:44:57","slug":"licence-geographie","status":"publish","type":"page","link":"https:\/\/wordpress-test.app.u-pariscite.fr\/ghes\/licence-geographie\/","title":{"rendered":"Licence G\u00e9ographie"},"content":{"rendered":"<p>[et_pb_section fb_built=\u00a0\u00bb1&Prime; _builder_version=\u00a0\u00bb3.22&Prime;][et_pb_row _builder_version=\u00a0\u00bb3.22&Prime; background_size=\u00a0\u00bbinitial\u00a0\u00bb background_position=\u00a0\u00bbtop_left\u00a0\u00bb background_repeat=\u00a0\u00bbrepeat\u00a0\u00bb][et_pb_column type=\u00a0\u00bb4_4&Prime; _builder_version=\u00a0\u00bb3.0.47&Prime;][et_pb_post_title meta=\u00a0\u00bboff\u00a0\u00bb featured_image=\u00a0\u00bboff\u00a0\u00bb admin_label=\u00a0\u00bbTitre de la page\u00a0\u00bb _builder_version=\u00a0\u00bb3.22.1&Prime;][\/et_pb_post_title][\/et_pb_column][\/et_pb_row][et_pb_row disabled_on=\u00a0\u00bboff|off|off\u00a0\u00bb module_id=\u00a0\u00bbimage-page-type\u00a0\u00bb _builder_version=\u00a0\u00bb3.22.1&Prime; width_phone=\u00a0\u00bb50px\u00a0\u00bb max_width_phone=\u00a0\u00bb1280px\u00a0\u00bb z_index_tablet=\u00a0\u00bb500&Prime;][et_pb_column type=\u00a0\u00bb3_4&Prime; _builder_version=\u00a0\u00bb3.0.47&Prime;][et_pb_image src=\u00a0\u00bbhttps:\/\/wordpress-test.app.u-pariscite.fr\/ghes\/wp-content\/uploads\/sites\/46\/2024\/07\/Stage-St-Etienne_21bis.jpg\u00a0\u00bb admin_label=\u00a0\u00bbImage 1920 x 1080&Prime; module_id=\u00a0\u00bbimage-page\u00a0\u00bb _builder_version=\u00a0\u00bb3.22.1&Prime; z_index_tablet=\u00a0\u00bb500&Prime;][\/et_pb_image][\/et_pb_column][et_pb_column type=\u00a0\u00bb1_4&Prime; _builder_version=\u00a0\u00bb3.0.47&Prime;][et_pb_text admin_label=\u00a0\u00bbL\u00e9gende image\u00a0\u00bb module_id=\u00a0\u00bbtexte-image\u00a0\u00bb _builder_version=\u00a0\u00bb3.22.1&Prime; custom_margin=\u00a0\u00bb|-15px||\u00a0\u00bb z_index_tablet=\u00a0\u00bb500&Prime;][\/et_pb_text][\/et_pb_column][\/et_pb_row][et_pb_row disabled_on=\u00a0\u00bbon|on|on\u00a0\u00bb _builder_version=\u00a0\u00bb3.22.1&Prime; z_index_tablet=\u00a0\u00bb500&Prime; disabled=\u00a0\u00bbon\u00a0\u00bb][et_pb_column type=\u00a0\u00bb4_4&Prime; _builder_version=\u00a0\u00bb3.0.47&Prime;][et_pb_text admin_label=\u00a0\u00bbCopyright\u00a0\u00bb module_id=\u00a0\u00bblegende\u00a0\u00bb _builder_version=\u00a0\u00bb3.22.1&Prime; custom_padding=\u00a0\u00bb||33px|||\u00a0\u00bb z_index_tablet=\u00a0\u00bb500&Prime;]<\/p>\n<div class=\"page\" title=\"Page 1\">\n<div class=\"layoutArea\">\n<div class=\"column\">\n<p>\u00a9 Tous droits r\u00e9serv\u00e9s<\/p>\n<\/div>\n<\/div>\n<\/div>\n<p>[\/et_pb_text][\/et_pb_column][\/et_pb_row][et_pb_row _builder_version=\u00a0\u00bb3.22.1&Prime;][et_pb_column type=\u00a0\u00bb3_4&Prime; _builder_version=\u00a0\u00bb3.0.47&Prime;][et_pb_text module_id=\u00a0\u00bbcontenu\u00a0\u00bb _builder_version=\u00a0\u00bb3.22.1&Prime; custom_margin=\u00a0\u00bb3px|||||\u00a0\u00bb z_index_tablet=\u00a0\u00bb500&Prime;]<\/p>\n<ul>\n<li>Directrice du d\u00e9partement : Nathalie FAU (<a href=\"mailto:nathalie.fau@wordpress-test.app.u-pariscite.fr\">nathalie.fau@wordpress-test.app.u-pariscite.fr<\/a>)<\/li>\n<li>Directeur des \u00e9tudes de Licence : Claude GRASLAND (<a href=\"mailto:claude.grasland@parisgeo.cnrs.fr\">claude.grasland@parisgeo.cnrs.fr<\/a>)<\/li>\n<\/ul>\n<h2><\/h2>\n<h2>Licence<\/h2>\n<p>&gt; <a href=\"https:\/\/odf.wordpress-test.app.u-pariscite.fr\/fr\/offre-de-formation\/licence-XA\/sciences-humaines-et-sociales-SHS\/geographie-et-amenagement-K2VO0TXZ\/\/licence-geographie-et-amenagement-parcours-geographie-amenagenement-environnement-developpement-IGXS1T5H.html\" target=\"_blank\" rel=\"noopener noreferrer\">Licence G\u00e9ographie et am\u00e9nagement parcours GAED : G\u00e9ographie Am\u00e9nagement Environnement D\u00e9veloppement<\/a><\/p>\n<p><a href=\"https:\/\/cloud.wordpress-test.app.u-pariscite.fr\/s\/KXRjAXkLtMai43S\"><em><strong>Brochure de la Licence G\u00e9ographie et am\u00e9nagement<\/strong><\/em><\/a><\/p>\n<ul>\n<li>Responsable de la L1 : Mathieu GIGOT (<a href=\"mailto:mathieu.gigot@wordpress-test.app.u-pariscite.fr\">mathieu.gigot@wordpress-test.app.u-pariscite.fr<\/a>)<\/li>\n<li>Responsable de la L2 : Adrien DORON (<a href=\"mailto:adrien.doron@wordpress-test.app.u-pariscite.fr\">adrien.doron@wordpress-test.app.u-pariscite.fr<\/a>)<\/li>\n<li>Secr\u00e9tariat p\u00e9dagogique de la L1-L2 (D\u00e9partement LSH) : \u00a0Marie BATHILY (<a href=\"mailto:marie.bathily@wordpress-test.app.u-pariscite.fr\">marie.bathily@wordpress-test.app.u-pariscite.fr<\/a>)<\/li>\n<li>Responsable de la L3 : Malika MADELIN (<a href=\"mailto:malika.madelin@wordpress-test.app.u-pariscite.fr\">malika.madelin@wordpress-test.app.u-pariscite.fr<\/a>)<\/li>\n<li>Secr\u00e9tariat p\u00e9dagogique de la L3 : S\u00e9bastien TH\u00c9VENET (<a href=\"mailto:sebastien.thevenet@wordpress-test.app.u-pariscite.fr\">sebastien.thevenet@wordpress-test.app.u-pariscite.fr<\/a>)<\/li>\n<\/ul>\n<p>&nbsp;<\/p>\n<h2>Double Licence<\/h2>\n<p>&gt; <a href=\"https:\/\/odf.wordpress-test.app.u-pariscite.fr\/fr\/offre-de-formation\/double-licence-XAA\/droit-economie-gestion-DEG\/economie-K4E6ASDI\/\/double-licence-economie-geographie-IWNNN9D2.html\" target=\"_blank\" rel=\"noopener noreferrer\">Licence G\u00e9ographie et am\u00e9nagement parcours G\u00e9ographie\/\u00c9conomie<\/a><\/p>\n<ul>\n<li>Responsables de la Double Licence :<br \/> G\u00e9ographie : Pierre PISTRE (<a href=\"mailto:pierre.pistre@wordpress-test.app.u-pariscite.fr\">pierre.pistre@wordpress-test.app.u-pariscite.fr<\/a>)<br \/> \u00c9conomie : Renaud METEREAU\u00a0 (<a href=\"mailto:renaud.metereau@wordpress-test.app.u-pariscite.fr\">renaud.metereau@wordpress-test.app.u-pariscite.fr)<\/a><\/li>\n<\/ul>\n<p>[\/et_pb_text][\/et_pb_column][et_pb_column type=\u00a0\u00bb1_4&Prime; _builder_version=\u00a0\u00bb3.0.47&Prime;][\/et_pb_column][\/et_pb_row][\/et_pb_section][et_pb_section fb_built=\u00a0\u00bb1&Prime; _builder_version=\u00a0\u00bb3.22&Prime; custom_padding=\u00a0\u00bb0px||0px|\u00a0\u00bb][et_pb_row custom_margin=\u00a0\u00bb|168px||auto||\u00a0\u00bb _builder_version=\u00a0\u00bb3.22&Prime;][et_pb_column type=\u00a0\u00bb4_4&Prime; _builder_version=\u00a0\u00bb3.0.47&Prime;][et_pb_text admin_label=\u00a0\u00bb\u00c0 lire aussi\u00a0\u00bb _builder_version=\u00a0\u00bb3.21&Prime;]<\/p>\n<h2><span class=\"st\">\u00c0<\/span> lire aussi<\/h2>\n<p>[\/et_pb_text][et_pb_blog posts_number=\u00a0\u00bb4&Prime; include_categories=\u00a0\u00bb13&Prime; show_author=\u00a0\u00bboff\u00a0\u00bb show_date=\u00a0\u00bboff\u00a0\u00bb show_pagination=\u00a0\u00bboff\u00a0\u00bb module_id=\u00a0\u00bbpage_type_blog\u00a0\u00bb _builder_version=\u00a0\u00bb3.21&Prime; header_level=\u00a0\u00bbh4&Prime; border_width_bottom_fullwidth=\u00a0\u00bb1px\u00a0\u00bb border_color_bottom_fullwidth=\u00a0\u00bbrgba(51,51,51,0.18)\u00a0\u00bb custom_padding=\u00a0\u00bb||50px|\u00a0\u00bb][\/et_pb_blog][\/et_pb_column][\/et_pb_row][\/et_pb_section]<\/p>\n","protected":false},"excerpt":{"rendered":"<p>\u00a9 Tous droits r\u00e9serv\u00e9s Directrice du d\u00e9partement : Nathalie FAU (nathalie.fau@wordpress-test.app.u-pariscite.fr) Directeur des \u00e9tudes de Licence : Claude GRASLAND (claude.grasland@parisgeo.cnrs.fr) Licence &gt; Licence G\u00e9ographie et am\u00e9nagement parcours GAED : G\u00e9ographie Am\u00e9nagement Environnement D\u00e9veloppement Brochure de la Licence G\u00e9ographie et am\u00e9nagement Responsable de la L1 : Mathieu GIGOT (mathieu.gigot@wordpress-test.app.u-pariscite.fr) Responsable de la L2 : Adrien DORON&hellip; <a class=\"continue\" href=\"https:\/\/wordpress-test.app.u-pariscite.fr\/ghes\/licence-geographie\/\">Lire la suite<span> Licence G\u00e9ographie<\/span><\/a><\/p>\n","protected":false},"author":248,"featured_media":0,"parent":0,"menu_order":0,"comment_status":"closed","ping_status":"closed","template":"","meta":{"_et_pb_use_builder":"on","_et_pb_old_content":"","_et_gb_content_width":"","footnotes":""},"class_list":["post-518","page","type-page","status-publish","hentry"],"_links":{"self":[{"href":"https:\/\/wordpress-test.app.u-pariscite.fr\/ghes\/wp-json\/wp\/v2\/pages\/518","targetHints":{"allow":["GET"]}}],"collection":[{"href":"https:\/\/wordpress-test.app.u-pariscite.fr\/ghes\/wp-json\/wp\/v2\/pages"}],"about":[{"href":"https:\/\/wordpress-test.app.u-pariscite.fr\/ghes\/wp-json\/wp\/v2\/types\/page"}],"author":[{"embeddable":true,"href":"https:\/\/wordpress-test.app.u-pariscite.fr\/ghes\/wp-json\/wp\/v2\/users\/248"}],"replies":[{"embeddable":true,"href":"https:\/\/wordpress-test.app.u-pariscite.fr\/ghes\/wp-json\/wp\/v2\/comments?post=518"}],"version-history":[{"count":26,"href":"https:\/\/wordpress-test.app.u-pariscite.fr\/ghes\/wp-json\/wp\/v2\/pages\/518\/revisions"}],"predecessor-version":[{"id":2520,"href":"https:\/\/wordpress-test.app.u-pariscite.fr\/ghes\/wp-json\/wp\/v2\/pages\/518\/revisions\/2520"}],"wp:attachment":[{"href":"https:\/\/wordpress-test.app.u-pariscite.fr\/ghes\/wp-json\/wp\/v2\/media?parent=518"}],"curies":[{"name":"wp","href":"https:\/\/api.w.org\/{rel}","templated":true}]}}