{"id":393,"date":"2021-07-09T16:46:49","date_gmt":"2021-07-09T14:46:49","guid":{"rendered":"https:\/\/wordpress-test.app.u-pariscite.fr\/ghes\/?page_id=393"},"modified":"2024-02-19T11:45:13","modified_gmt":"2024-02-19T10:45:13","slug":"contacts","status":"publish","type":"page","link":"https:\/\/wordpress-test.app.u-pariscite.fr\/ghes\/contacts\/","title":{"rendered":"Contacts"},"content":{"rendered":"<p>[et_pb_section bb_built=\u00a0\u00bb1&Prime; next_background_color=\u00a0\u00bb#000000&Prime; inner_width=\u00a0\u00bbauto\u00a0\u00bb inner_max_width=\u00a0\u00bbnone\u00a0\u00bb][et_pb_row][et_pb_column type=\u00a0\u00bb4_4&Prime;][et_pb_post_title admin_label=\u00a0\u00bbTitre de la page\u00a0\u00bb _builder_version=\u00a0\u00bb3.19.11&Prime; meta=\u00a0\u00bboff\u00a0\u00bb featured_image=\u00a0\u00bboff\u00a0\u00bb \/][\/et_pb_column][\/et_pb_row][\/et_pb_section][et_pb_section bb_built=\u00a0\u00bb1&Prime; specialty=\u00a0\u00bboff\u00a0\u00bb _builder_version=\u00a0\u00bb3.21&Prime; custom_padding=\u00a0\u00bb0px||0px|\u00a0\u00bb prev_background_color=\u00a0\u00bb#000000&Prime; inner_width=\u00a0\u00bbauto\u00a0\u00bb inner_max_width=\u00a0\u00bbnone\u00a0\u00bb next_background_color=\u00a0\u00bb#000000&Prime;][et_pb_row _builder_version=\u00a0\u00bb3.19.11&Prime; width=\u00a0\u00bb80%\u00a0\u00bb max_width=\u00a0\u00bb1080px\u00a0\u00bb][et_pb_column type=\u00a0\u00bb3_4&Prime;][et_pb_jv_team_list_members _builder_version=\u00a0\u00bb3.22.1&Prime; select_style=\u00a0\u00bbstyle6&Prime; filter_style=\u00a0\u00bbfstyle9&Prime; orderby=\u00a0\u00bbtitle_asc\u00a0\u00bb filter_all_label=\u00a0\u00bbTous\u00a0\u00bb category_orderby=\u00a0\u00bbname_asc\u00a0\u00bb read_more_text_btn=\u00a0\u00bbEn savoir plus\u00a0\u00bb text_shadow_horizontal_length=\u00a0\u00bbtext_shadow_style,%91object Object%93&Prime; text_shadow_vertical_length=\u00a0\u00bbtext_shadow_style,%91object Object%93&Prime; text_shadow_blur_strength=\u00a0\u00bbtext_shadow_style,%91object Object%93&Prime; team_name_line_height_tablet=\u00a0\u00bb2&Prime; team_name_text_shadow_horizontal_length=\u00a0\u00bbteam_name_text_shadow_style,%91object Object%93&Prime; team_name_text_shadow_vertical_length=\u00a0\u00bbteam_name_text_shadow_style,%91object Object%93&Prime; team_name_text_shadow_blur_strength=\u00a0\u00bbteam_name_text_shadow_style,%91object Object%93&Prime; designation_name_fonts_line_height_tablet=\u00a0\u00bb2&Prime; designation_name_fonts_text_shadow_horizontal_length=\u00a0\u00bbdesignation_name_fonts_text_shadow_style,%91object Object%93&Prime; designation_name_fonts_text_shadow_vertical_length=\u00a0\u00bbdesignation_name_fonts_text_shadow_style,%91object Object%93&Prime; designation_name_fonts_text_shadow_blur_strength=\u00a0\u00bbdesignation_name_fonts_text_shadow_style,%91object Object%93&Prime; descrption_name_fonts_line_height_tablet=\u00a0\u00bb2&Prime; descrption_name_fonts_text_shadow_horizontal_length=\u00a0\u00bbdescrption_name_fonts_text_shadow_style,%91object Object%93&Prime; descrption_name_fonts_text_shadow_vertical_length=\u00a0\u00bbdescrption_name_fonts_text_shadow_style,%91object Object%93&Prime; descrption_name_fonts_text_shadow_blur_strength=\u00a0\u00bbdescrption_name_fonts_text_shadow_style,%91object Object%93&Prime; button_text_shadow_horizontal_length=\u00a0\u00bbbutton_text_shadow_style,%91object Object%93&Prime; button_text_shadow_vertical_length=\u00a0\u00bbbutton_text_shadow_style,%91object Object%93&Prime; button_text_shadow_blur_strength=\u00a0\u00bbbutton_text_shadow_style,%91object Object%93&Prime; z_index_tablet=\u00a0\u00bb500&Prime; disabled=\u00a0\u00bbon\u00a0\u00bb disabled_on=\u00a0\u00bbon|on|on\u00a0\u00bb \/][et_pb_text _builder_version=\u00a0\u00bb3.22.1&Prime; text_text_shadow_horizontal_length=\u00a0\u00bbtext_text_shadow_style,%91object Object%93&Prime; text_text_shadow_vertical_length=\u00a0\u00bbtext_text_shadow_style,%91object Object%93&Prime; text_text_shadow_blur_strength=\u00a0\u00bbtext_text_shadow_style,%91object Object%93&Prime; link_text_shadow_horizontal_length=\u00a0\u00bblink_text_shadow_style,%91object Object%93&Prime; link_text_shadow_vertical_length=\u00a0\u00bblink_text_shadow_style,%91object Object%93&Prime; link_text_shadow_blur_strength=\u00a0\u00bblink_text_shadow_style,%91object Object%93&Prime; ul_text_shadow_horizontal_length=\u00a0\u00bbul_text_shadow_style,%91object Object%93&Prime; ul_text_shadow_vertical_length=\u00a0\u00bbul_text_shadow_style,%91object Object%93&Prime; ul_text_shadow_blur_strength=\u00a0\u00bbul_text_shadow_style,%91object Object%93&Prime; ol_text_shadow_horizontal_length=\u00a0\u00bbol_text_shadow_style,%91object Object%93&Prime; ol_text_shadow_vertical_length=\u00a0\u00bbol_text_shadow_style,%91object Object%93&Prime; ol_text_shadow_blur_strength=\u00a0\u00bbol_text_shadow_style,%91object Object%93&Prime; quote_text_shadow_horizontal_length=\u00a0\u00bbquote_text_shadow_style,%91object Object%93&Prime; quote_text_shadow_vertical_length=\u00a0\u00bbquote_text_shadow_style,%91object Object%93&Prime; quote_text_shadow_blur_strength=\u00a0\u00bbquote_text_shadow_style,%91object Object%93&Prime; header_text_shadow_horizontal_length=\u00a0\u00bbheader_text_shadow_style,%91object Object%93&Prime; header_text_shadow_vertical_length=\u00a0\u00bbheader_text_shadow_style,%91object Object%93&Prime; header_text_shadow_blur_strength=\u00a0\u00bbheader_text_shadow_style,%91object Object%93&Prime; header_2_text_shadow_horizontal_length=\u00a0\u00bbheader_2_text_shadow_style,%91object Object%93&Prime; header_2_text_shadow_vertical_length=\u00a0\u00bbheader_2_text_shadow_style,%91object Object%93&Prime; header_2_text_shadow_blur_strength=\u00a0\u00bbheader_2_text_shadow_style,%91object Object%93&Prime; header_3_text_shadow_horizontal_length=\u00a0\u00bbheader_3_text_shadow_style,%91object Object%93&Prime; header_3_text_shadow_vertical_length=\u00a0\u00bbheader_3_text_shadow_style,%91object Object%93&Prime; header_3_text_shadow_blur_strength=\u00a0\u00bbheader_3_text_shadow_style,%91object Object%93&Prime; header_4_text_shadow_horizontal_length=\u00a0\u00bbheader_4_text_shadow_style,%91object Object%93&Prime; header_4_text_shadow_vertical_length=\u00a0\u00bbheader_4_text_shadow_style,%91object Object%93&Prime; header_4_text_shadow_blur_strength=\u00a0\u00bbheader_4_text_shadow_style,%91object Object%93&Prime; header_5_text_shadow_horizontal_length=\u00a0\u00bbheader_5_text_shadow_style,%91object Object%93&Prime; header_5_text_shadow_vertical_length=\u00a0\u00bbheader_5_text_shadow_style,%91object Object%93&Prime; header_5_text_shadow_blur_strength=\u00a0\u00bbheader_5_text_shadow_style,%91object Object%93&Prime; header_6_text_shadow_horizontal_length=\u00a0\u00bbheader_6_text_shadow_style,%91object Object%93&Prime; header_6_text_shadow_vertical_length=\u00a0\u00bbheader_6_text_shadow_style,%91object Object%93&Prime; header_6_text_shadow_blur_strength=\u00a0\u00bbheader_6_text_shadow_style,%91object Object%93&Prime; z_index_tablet=\u00a0\u00bb500&Prime;]<\/p>\n<ul>\n<li><strong>Directeur de l\u2019UFR <\/strong>: Salem DAHECH (<a href=\"mailto:philippe.cadene@u.paris.fr\">salem.dahech@u.paris.fr<\/a>)<\/li>\n<li><strong>Directrice-adjointe de l\u2019UFR<\/strong> : Nathalie BERTA (<a href=\"mailto:nathalie.berta@wordpress-test.app.u-pariscite.fr\">nathalie.berta@wordpress-test.app.u-pariscite.fr<\/a>)<\/li>\n<li><strong>Directrice-adjointe de l\u2019UFR <\/strong>: St\u00e9phanie WYLER (<a href=\"mailto:stephanie.wyler@wordpress-test.app.u-pariscite.fr\">stephanie.wyler@wordpress-test.app.u-pariscite.fr<\/a><strong>)<br \/><\/strong><\/li>\n<li><strong>Pr\u00e9sident du Conseil Scientifique de l\u2019UFR<\/strong> : Denis CHARTIER (<a href=\"mailto:denis.chartier@wordpress-test.app.u-pariscite.fr\">denis.chartier@wordpress-test.app.u-pariscite.fr<\/a>)<\/li>\n<li><strong>Responsable administratif<\/strong> <strong>de l&rsquo;UFR<\/strong> : Benjamin MATHIEU (<a href=\"mailto:benjamin.mathieu@wordpress-test.app.u-pariscite.fr\">benjamin.mathieu@wordpress-test.app.u-pariscite.fr<\/a>)<\/li>\n<li><strong>Responsable de la scolarit\u00e9<\/strong> : Gilles PIDARD (<a href=\"mailto:gilles.pidard@wordpress-test.app.u-pariscite.fr\">gilles.pidard@wordpress-test.app.u-pariscite.fr<\/a>)<\/li>\n<li><strong>Assistante de direction<\/strong> : Fany EGGERS (<a href=\"mailto:fany.eggers@wordpress-test.app.u-pariscite.fr\">fany.eggers@wordpress-test.app.u-pariscite.fr<\/a>)<\/li>\n<\/ul>\n<p>\u00a0<\/p>\n<blockquote>\n<p><a href=\"https:\/\/wordpress-test.app.u-pariscite.fr\/ghes\/contacts-departement-geographie\/\">Contacts D\u00e9partement G\u00e9ographie<\/a><\/p>\n<p><a href=\"https:\/\/wordpress-test.app.u-pariscite.fr\/ghes\/contacts-du-departement-dhistoire\/\">Contacts D\u00e9partement Histoire<\/a><\/p>\n<p><a href=\"https:\/\/wordpress-test.app.u-pariscite.fr\/ghes\/contacts-du-departement-deconomie\/\">Contacts D\u00e9partement \u00c9conomie<\/a><\/p>\n<\/blockquote>\n<p>\u00a0<\/p>\n<p>\u00a0<\/p>\n<p>[\/et_pb_text][\/et_pb_column][et_pb_column type=\u00a0\u00bb1_4&Prime;][\/et_pb_column][\/et_pb_row][\/et_pb_section][et_pb_section bb_built=\u00a0\u00bb1&Prime; specialty=\u00a0\u00bboff\u00a0\u00bb _builder_version=\u00a0\u00bb3.21&Prime; custom_padding=\u00a0\u00bb0px||0px|\u00a0\u00bb prev_background_color=\u00a0\u00bb#000000&Prime; inner_width=\u00a0\u00bbauto\u00a0\u00bb inner_max_width=\u00a0\u00bbnone\u00a0\u00bb][et_pb_row _builder_version=\u00a0\u00bb3.19.11&Prime; width=\u00a0\u00bb80%\u00a0\u00bb max_width=\u00a0\u00bb1080px\u00a0\u00bb][et_pb_column type=\u00a0\u00bb4_4&Prime;][et_pb_text admin_label=\u00a0\u00bb\u00c0 lire aussi\u00a0\u00bb _builder_version=\u00a0\u00bb3.21&Prime;]<\/p>\n<h2><span class=\"st\">\u00c0<\/span> lire aussi<\/h2>\n<p>[\/et_pb_text][et_pb_blog _builder_version=\u00a0\u00bb3.21&Prime; posts_number=\u00a0\u00bb4&Prime; include_categories=\u00a0\u00bb13&Prime; show_author=\u00a0\u00bboff\u00a0\u00bb show_date=\u00a0\u00bboff\u00a0\u00bb show_pagination=\u00a0\u00bboff\u00a0\u00bb border_width_bottom_fullwidth=\u00a0\u00bb1px\u00a0\u00bb border_color_bottom_fullwidth=\u00a0\u00bbrgba(51,51,51,0.18)\u00a0\u00bb custom_padding=\u00a0\u00bb||50px|\u00a0\u00bb module_id=\u00a0\u00bbpage_type_blog\u00a0\u00bb header_level=\u00a0\u00bbh4&Prime; \/][\/et_pb_column][\/et_pb_row][\/et_pb_section]<\/p>\n","protected":false},"excerpt":{"rendered":"<div class=\"et_pb_row et_pb_row_0 et_pb_row_empty\"><\/div>\n<p> Directeur de l\u2019UFR : Salem DAHECH (salem.dahech@u.paris.fr)Directrice-adjointe de l\u2019UFR : Nathalie BERTA (nathalie.berta@wordpress-test.app.u-pariscite.fr)Directrice-adjointe de l\u2019UFR : St\u00e9phanie WYLER (stephanie.wyler@wordpress-test.app.u-pariscite.fr)Pr\u00e9sident du Conseil Scientifique de l\u2019UFR : Denis CHARTIER (denis.chartier@wordpress-test.app.u-pariscite.fr)Responsable administratif de l&rsquo;UFR : Benjamin MATHIEU (benjamin.mathieu@wordpress-test.app.u-pariscite.fr)Responsable de la scolarit\u00e9 : Gilles PIDARD (gilles.pidard@wordpress-test.app.u-pariscite.fr)Assistante de direction : Fany EGGERS (fany.eggers@wordpress-test.app.u-pariscite.fr)\u00a0Contacts D\u00e9partement G\u00e9ographieContacts D\u00e9partement HistoireContacts D\u00e9partement \u00c9conomie\u00a0\u00a0&hellip; <a class=\"continue\" href=\"https:\/\/wordpress-test.app.u-pariscite.fr\/ghes\/contacts\/\">Lire la suite<span> Contacts<\/span><\/a><\/p>\n","protected":false},"author":8,"featured_media":0,"parent":0,"menu_order":0,"comment_status":"closed","ping_status":"closed","template":"","meta":{"_et_pb_use_builder":"on","_et_pb_old_content":"","_et_gb_content_width":"","footnotes":""},"class_list":["post-393","page","type-page","status-publish","hentry"],"_links":{"self":[{"href":"https:\/\/wordpress-test.app.u-pariscite.fr\/ghes\/wp-json\/wp\/v2\/pages\/393","targetHints":{"allow":["GET"]}}],"collection":[{"href":"https:\/\/wordpress-test.app.u-pariscite.fr\/ghes\/wp-json\/wp\/v2\/pages"}],"about":[{"href":"https:\/\/wordpress-test.app.u-pariscite.fr\/ghes\/wp-json\/wp\/v2\/types\/page"}],"author":[{"embeddable":true,"href":"https:\/\/wordpress-test.app.u-pariscite.fr\/ghes\/wp-json\/wp\/v2\/users\/8"}],"replies":[{"embeddable":true,"href":"https:\/\/wordpress-test.app.u-pariscite.fr\/ghes\/wp-json\/wp\/v2\/comments?post=393"}],"version-history":[{"count":11,"href":"https:\/\/wordpress-test.app.u-pariscite.fr\/ghes\/wp-json\/wp\/v2\/pages\/393\/revisions"}],"predecessor-version":[{"id":2287,"href":"https:\/\/wordpress-test.app.u-pariscite.fr\/ghes\/wp-json\/wp\/v2\/pages\/393\/revisions\/2287"}],"wp:attachment":[{"href":"https:\/\/wordpress-test.app.u-pariscite.fr\/ghes\/wp-json\/wp\/v2\/media?parent=393"}],"curies":[{"name":"wp","href":"https:\/\/api.w.org\/{rel}","templated":true}]}}