{"id":1389,"date":"2022-05-31T14:37:42","date_gmt":"2022-05-31T12:37:42","guid":{"rendered":"https:\/\/wordpress-test.app.u-pariscite.fr\/ghes\/?page_id=1389"},"modified":"2022-05-31T14:37:42","modified_gmt":"2022-05-31T12:37:42","slug":"scientific-and-technological-platforms","status":"publish","type":"page","link":"https:\/\/wordpress-test.app.u-pariscite.fr\/ghes\/en\/scientific-and-technological-platforms\/","title":{"rendered":"Scientific and Technological Platforms"},"content":{"rendered":"<p>[et_pb_section bb_built=\u00a0\u00bb1&Prime; inner_width=\u00a0\u00bbauto\u00a0\u00bb inner_max_width=\u00a0\u00bbnone\u00a0\u00bb][et_pb_row][et_pb_column type=\u00a0\u00bb4_4&Prime;][et_pb_post_title admin_label=\u00a0\u00bbTitre de la page\u00a0\u00bb _builder_version=\u00a0\u00bb3.19.11&Prime; meta=\u00a0\u00bboff\u00a0\u00bb featured_image=\u00a0\u00bboff\u00a0\u00bb \/][\/et_pb_column][\/et_pb_row][et_pb_row][et_pb_column type=\u00a0\u00bb3_4&Prime;][et_pb_text _builder_version=\u00a0\u00bb3.22.1&Prime; module_id=\u00a0\u00bbcontenu\u00a0\u00bb text_text_shadow_horizontal_length=\u00a0\u00bbtext_text_shadow_style,%91object Object%93&Prime; text_text_shadow_vertical_length=\u00a0\u00bbtext_text_shadow_style,%91object Object%93&Prime; text_text_shadow_blur_strength=\u00a0\u00bbtext_text_shadow_style,%91object Object%93&Prime; link_text_shadow_horizontal_length=\u00a0\u00bblink_text_shadow_style,%91object Object%93&Prime; link_text_shadow_vertical_length=\u00a0\u00bblink_text_shadow_style,%91object Object%93&Prime; link_text_shadow_blur_strength=\u00a0\u00bblink_text_shadow_style,%91object Object%93&Prime; ul_text_shadow_horizontal_length=\u00a0\u00bbul_text_shadow_style,%91object Object%93&Prime; ul_text_shadow_vertical_length=\u00a0\u00bbul_text_shadow_style,%91object Object%93&Prime; ul_text_shadow_blur_strength=\u00a0\u00bbul_text_shadow_style,%91object Object%93&Prime; ol_text_shadow_horizontal_length=\u00a0\u00bbol_text_shadow_style,%91object Object%93&Prime; ol_text_shadow_vertical_length=\u00a0\u00bbol_text_shadow_style,%91object Object%93&Prime; ol_text_shadow_blur_strength=\u00a0\u00bbol_text_shadow_style,%91object Object%93&Prime; quote_text_shadow_horizontal_length=\u00a0\u00bbquote_text_shadow_style,%91object Object%93&Prime; quote_text_shadow_vertical_length=\u00a0\u00bbquote_text_shadow_style,%91object Object%93&Prime; quote_text_shadow_blur_strength=\u00a0\u00bbquote_text_shadow_style,%91object Object%93&Prime; header_text_shadow_horizontal_length=\u00a0\u00bbheader_text_shadow_style,%91object Object%93&Prime; header_text_shadow_vertical_length=\u00a0\u00bbheader_text_shadow_style,%91object Object%93&Prime; header_text_shadow_blur_strength=\u00a0\u00bbheader_text_shadow_style,%91object Object%93&Prime; header_2_text_shadow_horizontal_length=\u00a0\u00bbheader_2_text_shadow_style,%91object Object%93&Prime; header_2_text_shadow_vertical_length=\u00a0\u00bbheader_2_text_shadow_style,%91object Object%93&Prime; header_2_text_shadow_blur_strength=\u00a0\u00bbheader_2_text_shadow_style,%91object Object%93&Prime; header_3_text_shadow_horizontal_length=\u00a0\u00bbheader_3_text_shadow_style,%91object Object%93&Prime; header_3_text_shadow_vertical_length=\u00a0\u00bbheader_3_text_shadow_style,%91object Object%93&Prime; header_3_text_shadow_blur_strength=\u00a0\u00bbheader_3_text_shadow_style,%91object Object%93&Prime; header_4_text_shadow_horizontal_length=\u00a0\u00bbheader_4_text_shadow_style,%91object Object%93&Prime; header_4_text_shadow_vertical_length=\u00a0\u00bbheader_4_text_shadow_style,%91object Object%93&Prime; header_4_text_shadow_blur_strength=\u00a0\u00bbheader_4_text_shadow_style,%91object Object%93&Prime; header_5_text_shadow_horizontal_length=\u00a0\u00bbheader_5_text_shadow_style,%91object Object%93&Prime; header_5_text_shadow_vertical_length=\u00a0\u00bbheader_5_text_shadow_style,%91object Object%93&Prime; header_5_text_shadow_blur_strength=\u00a0\u00bbheader_5_text_shadow_style,%91object Object%93&Prime; header_6_text_shadow_horizontal_length=\u00a0\u00bbheader_6_text_shadow_style,%91object Object%93&Prime; header_6_text_shadow_vertical_length=\u00a0\u00bbheader_6_text_shadow_style,%91object Object%93&Prime; header_6_text_shadow_blur_strength=\u00a0\u00bbheader_6_text_shadow_style,%91object Object%93&Prime; z_index_tablet=\u00a0\u00bb500&Prime;]<\/p>\n<h3>CIST (FR 2007)<\/h3>\n<p>Initially designed as a scientific interest group in 2010, the <strong>International College of Territorial Sciences (CIST)<\/strong> became a CNRS research federation (FR 2007) on January 1, 2017. Today, CIST comprises 25 research teams, including six research units from Universit\u00e9 Paris Cit\u00e9.<\/p>\n<p>The aim of CIST is to contribute to formalizing and organizing multidisciplinary research in territorial science locally and internationally. Along with its researchers, professors and engineers from varying teams and disciplines, it has developed seven research areas, namely:<\/p>\n<p><strong>\u00a0<\/strong><\/p>\n<ul>\n<li>\u00a0\u00a0\u00a0 Actions &amp; Territorializations (A&amp;T)<\/li>\n<li>\u00a0\u00a0\u00a0 Local Territorial Information (INFTER)<\/li>\n<li>\u00a0\u00a0\u00a0 Medias and Territories (MEDIA)<\/li>\n<li>\u00a0\u00a0\u00a0 Mobilities, Identities and Territories (MIT)<\/li>\n<li>\u00a0\u00a0\u00a0 Territories on the Long Run (PAST)<\/li>\n<li>\u00a0\u00a0\u00a0 Regionalizations, Globalizations, Circulations (REMOC)<\/li>\n<li>\u00a0\u00a0\u00a0 Territories and Health (SANTE)<\/li>\n<\/ul>\n<p><strong>\u00a0<\/strong><\/p>\n<p>CIST\u2019s international conferences are key moments for research conducted across the world in a variety of fields to be presented. In 2020, CIST held its 5<sup>th<\/sup> staging of its conference entitled \u201cPopulation, Times, Territories\u201d, which saw over 300 participants.<\/p>\n<p>Currently, CIST is strengthening its training efforts and is preparing to host a summer school in France and Benin to be held in 2022.<\/p>\n<blockquote>\n<p>For more information, visit <a href=\"https:\/\/cist.cnrs.fr\/en\/\" target=\"_blank\" rel=\"noopener noreferrer\">website<\/a><\/p>\n<\/blockquote>\n<p>\u00a0<\/p>\n<h3>G\u00e9ot\u00e9ca<\/h3>\n<p>G\u00e9ot\u00e9ca (Geomatics, Remote Sensing &amp; Cartography) is a shared research platform at Universit\u00e9 de Paris dedicated to imaging and digital and spatial data. Its objective is to pool together the skills and material necessary for analyzing data and images in all the disciplines that use these techniques, from the humanities to planetary science. To date, 15 laboratories partner with G\u00e9ot\u00e9ca.<\/p>\n<p><strong>G\u00e9ot\u00e9ca\u2019s roles include<\/strong> :<\/p>\n<ul>\n<li>Providing a dedicated work space, providing consultations, organizing events and hosting training programs ;<\/li>\n<li>Providing project support in the form of image analysis, data processing and cartography ;<\/li>\n<li>Acquiring data, purchasing and maintaining specialized equipment and software ;<\/li>\n<li>Providing technology intelligence ;<\/li>\n<li>\u00a0Lending support to interdisciplinary projects among laboratories.<\/li>\n<\/ul>\n<p>The team is composed of codirectors Cl\u00e9lia Bilodeau and Paul Passy, research engineer Cathy Chatel, technician Isabelle Marchand and design engineer Violaine Jury.<\/p>\n<p><strong>Who can work at G\u00e9ot\u00e9ca ?<\/strong><\/p>\n<ul>\n<li>All year, every day, after registering : doctoral candidates, researchers and engineers at partnering laboratories ;<\/li>\n<li>In the second semester from Monday to Thursday, after signing an agreement: M1 and M2 students doing an internship or their thesis.<\/li>\n<\/ul>\n<p>G\u00e9ot\u00e9ca is affiliated with the GHES Department.<\/p>\n<blockquote>\n<p><a href=\"https:\/\/geoteca.wordpress-test.app.u-pariscite.fr\/\" target=\"_blank\" rel=\"noopener noreferrer\">\u00a0G\u00e9ot\u00e9ca\u2019s website<\/a><\/p>\n<\/blockquote>\n<p>[\/et_pb_text][\/et_pb_column][et_pb_column type=\u00a0\u00bb1_4&Prime;][\/et_pb_column][\/et_pb_row][\/et_pb_section]<\/p>\n","protected":false},"excerpt":{"rendered":"<div class=\"et_pb_row et_pb_row_0 et_pb_row_empty\"><\/div>\n<div class=\"et_pb_row et_pb_row_1 et_pb_row_empty\"><\/div>\n<p> CIST (FR 2007)Initially designed as a scientific interest group in 2010, the International College of Territorial Sciences (CIST) became a CNRS research federation (FR 2007) on January 1, 2017. Today, CIST comprises 25 research teams, including six research units from Universit\u00e9 Paris Cit\u00e9.The aim of CIST is to contribute to formalizing and organizing multidisciplinary&hellip; <a class=\"continue\" href=\"https:\/\/wordpress-test.app.u-pariscite.fr\/ghes\/en\/scientific-and-technological-platforms\/\">Lire la suite<span> Scientific and Technological Platforms<\/span><\/a><\/p>\n","protected":false},"author":248,"featured_media":0,"parent":0,"menu_order":0,"comment_status":"closed","ping_status":"closed","template":"","meta":{"_et_pb_use_builder":"on","_et_pb_old_content":"","_et_gb_content_width":"","footnotes":""},"class_list":["post-1389","page","type-page","status-publish","hentry"],"_links":{"self":[{"href":"https:\/\/wordpress-test.app.u-pariscite.fr\/ghes\/wp-json\/wp\/v2\/pages\/1389","targetHints":{"allow":["GET"]}}],"collection":[{"href":"https:\/\/wordpress-test.app.u-pariscite.fr\/ghes\/wp-json\/wp\/v2\/pages"}],"about":[{"href":"https:\/\/wordpress-test.app.u-pariscite.fr\/ghes\/wp-json\/wp\/v2\/types\/page"}],"author":[{"embeddable":true,"href":"https:\/\/wordpress-test.app.u-pariscite.fr\/ghes\/wp-json\/wp\/v2\/users\/248"}],"replies":[{"embeddable":true,"href":"https:\/\/wordpress-test.app.u-pariscite.fr\/ghes\/wp-json\/wp\/v2\/comments?post=1389"}],"version-history":[{"count":1,"href":"https:\/\/wordpress-test.app.u-pariscite.fr\/ghes\/wp-json\/wp\/v2\/pages\/1389\/revisions"}],"predecessor-version":[{"id":1390,"href":"https:\/\/wordpress-test.app.u-pariscite.fr\/ghes\/wp-json\/wp\/v2\/pages\/1389\/revisions\/1390"}],"wp:attachment":[{"href":"https:\/\/wordpress-test.app.u-pariscite.fr\/ghes\/wp-json\/wp\/v2\/media?parent=1389"}],"curies":[{"name":"wp","href":"https:\/\/api.w.org\/{rel}","templated":true}]}}