{"id":1380,"date":"2022-05-31T13:47:32","date_gmt":"2022-05-31T11:47:32","guid":{"rendered":"https:\/\/wordpress-test.app.u-pariscite.fr\/ghes\/?page_id=1380"},"modified":"2022-05-31T14:07:40","modified_gmt":"2022-05-31T12:07:40","slug":"laboratories","status":"publish","type":"page","link":"https:\/\/wordpress-test.app.u-pariscite.fr\/ghes\/en\/laboratories\/","title":{"rendered":"Laboratories"},"content":{"rendered":"<p>[et_pb_section bb_built=\u00a0\u00bb1&Prime; inner_width=\u00a0\u00bbauto\u00a0\u00bb inner_max_width=\u00a0\u00bbnone\u00a0\u00bb][et_pb_row][et_pb_column type=\u00a0\u00bb4_4&Prime;][et_pb_post_title admin_label=\u00a0\u00bbTitre de la page\u00a0\u00bb _builder_version=\u00a0\u00bb3.19.11&Prime; meta=\u00a0\u00bboff\u00a0\u00bb featured_image=\u00a0\u00bboff\u00a0\u00bb \/][\/et_pb_column][\/et_pb_row][et_pb_row][et_pb_column type=\u00a0\u00bb3_4&Prime;][et_pb_text _builder_version=\u00a0\u00bb3.22.1&Prime; module_id=\u00a0\u00bbcontenu\u00a0\u00bb text_text_shadow_horizontal_length=\u00a0\u00bbtext_text_shadow_style,%91object Object%93&Prime; text_text_shadow_vertical_length=\u00a0\u00bbtext_text_shadow_style,%91object Object%93&Prime; text_text_shadow_blur_strength=\u00a0\u00bbtext_text_shadow_style,%91object Object%93&Prime; link_text_shadow_horizontal_length=\u00a0\u00bblink_text_shadow_style,%91object Object%93&Prime; link_text_shadow_vertical_length=\u00a0\u00bblink_text_shadow_style,%91object Object%93&Prime; link_text_shadow_blur_strength=\u00a0\u00bblink_text_shadow_style,%91object Object%93&Prime; ul_text_shadow_horizontal_length=\u00a0\u00bbul_text_shadow_style,%91object Object%93&Prime; ul_text_shadow_vertical_length=\u00a0\u00bbul_text_shadow_style,%91object Object%93&Prime; ul_text_shadow_blur_strength=\u00a0\u00bbul_text_shadow_style,%91object Object%93&Prime; ol_text_shadow_horizontal_length=\u00a0\u00bbol_text_shadow_style,%91object Object%93&Prime; ol_text_shadow_vertical_length=\u00a0\u00bbol_text_shadow_style,%91object Object%93&Prime; ol_text_shadow_blur_strength=\u00a0\u00bbol_text_shadow_style,%91object Object%93&Prime; quote_text_shadow_horizontal_length=\u00a0\u00bbquote_text_shadow_style,%91object Object%93&Prime; quote_text_shadow_vertical_length=\u00a0\u00bbquote_text_shadow_style,%91object Object%93&Prime; quote_text_shadow_blur_strength=\u00a0\u00bbquote_text_shadow_style,%91object Object%93&Prime; header_text_shadow_horizontal_length=\u00a0\u00bbheader_text_shadow_style,%91object Object%93&Prime; header_text_shadow_vertical_length=\u00a0\u00bbheader_text_shadow_style,%91object Object%93&Prime; header_text_shadow_blur_strength=\u00a0\u00bbheader_text_shadow_style,%91object Object%93&Prime; header_2_text_shadow_horizontal_length=\u00a0\u00bbheader_2_text_shadow_style,%91object Object%93&Prime; header_2_text_shadow_vertical_length=\u00a0\u00bbheader_2_text_shadow_style,%91object Object%93&Prime; header_2_text_shadow_blur_strength=\u00a0\u00bbheader_2_text_shadow_style,%91object Object%93&Prime; header_3_text_shadow_horizontal_length=\u00a0\u00bbheader_3_text_shadow_style,%91object Object%93&Prime; header_3_text_shadow_vertical_length=\u00a0\u00bbheader_3_text_shadow_style,%91object Object%93&Prime; header_3_text_shadow_blur_strength=\u00a0\u00bbheader_3_text_shadow_style,%91object Object%93&Prime; header_4_text_shadow_horizontal_length=\u00a0\u00bbheader_4_text_shadow_style,%91object Object%93&Prime; header_4_text_shadow_vertical_length=\u00a0\u00bbheader_4_text_shadow_style,%91object Object%93&Prime; header_4_text_shadow_blur_strength=\u00a0\u00bbheader_4_text_shadow_style,%91object Object%93&Prime; header_5_text_shadow_horizontal_length=\u00a0\u00bbheader_5_text_shadow_style,%91object Object%93&Prime; header_5_text_shadow_vertical_length=\u00a0\u00bbheader_5_text_shadow_style,%91object Object%93&Prime; header_5_text_shadow_blur_strength=\u00a0\u00bbheader_5_text_shadow_style,%91object Object%93&Prime; header_6_text_shadow_horizontal_length=\u00a0\u00bbheader_6_text_shadow_style,%91object Object%93&Prime; header_6_text_shadow_vertical_length=\u00a0\u00bbheader_6_text_shadow_style,%91object Object%93&Prime; header_6_text_shadow_blur_strength=\u00a0\u00bbheader_6_text_shadow_style,%91object Object%93&Prime; z_index_tablet=\u00a0\u00bb500&Prime;]<\/p>\n<h3>ANHIMA (UMR 8210)<strong> &#8211; <\/strong>Anthropology and History of Ancient Societies(CNRS, Paris 1, EPHE, EHESS).<\/h3>\n<blockquote>\n<p><a href=\"https:\/\/www.anhima.fr\/\" target=\"_blank\" rel=\"noopener noreferrer\">ANHIMA (UMR 8210) website<\/a><\/p>\n<\/blockquote>\n<p>\u00a0<\/p>\n<h3>CESSMA (UMR 245)<\/h3>\n<p>The Centre for Social Science Studies on the African, American and Asian Worlds (CESSMA) is a joint research unit (UMR 245) created in 2014 following the merger of various scientific teams. CESSMA is affiliated with three institutions, namely Universit\u00e9 de Paris, the National Institute for Eastern Languages and Cultures (INALCO), and the French National Research Institute for Sustainable Development (IRD).\u00a0<\/p>\n<p>The laboratory\u2019s mission is to analyze developments and transformative changes in the Global South, in light of the effects of globalization, using socio-historical and territorial criteria as part of its analyses. The members of our research unit have diverse backgrounds ranging from cultural studies to development issues, but they all share a common practice of social sciences rooted in interdisciplinarity, comparative studies, and dialogue with scientific stakeholders who reside in the countries of study.\u00a0<\/p>\n<p>The unit covers a range of disciplines and benefits from the contributions of historians, geographers, sociologists, anthropologists, economists, demographers and urban planners. Fieldwork is conducted in Central and South America, Africa and the Arabic-speaking world, and South, Southeast and East Asia.\u00a0<\/p>\n<blockquote>\n<p><a href=\"http:\/\/www.cessma.univ-paris-diderot.fr\" target=\"_blank\" rel=\"noopener noreferrer\">CESSMA Website<\/a><\/p>\n<\/blockquote>\n<p>\u00a0<\/p>\n<h3>G\u00c9OGRAPHIE-CIT\u00c9S (UMR 8504) &#8211; (CNRS, Paris 1, EHESS)<\/h3>\n<p>The G\u00e9ographie-Cit\u00e9s research unit boasts over 60 professors, researchers, engineers, and technicians, and around 80 doctoral candidates. Members carry out research using theoretical and epistemological considerations, quantitative and qualitative methods, empirical data, and comparative approaches. Using this shared foundation, the three teams in the unit, namely CRIA, EHGO and PARIS, develop their research on their specific areas of interest.<\/p>\n<blockquote>\n<p><a href=\"https:\/\/geographie-cites.cnrs.fr\/en\/geographie-cites\/\" target=\"_blank\" rel=\"noopener noreferrer\">G\u00e9ographie-Cit\u00e9s Website<\/a><\/p>\n<\/blockquote>\n<p>\u00a0<\/p>\n<h3>ICT (EA 337) &#8211; Identities, Cultures, Territories<\/h3>\n<p>The Identities, Cultures and Territories (ICT, EA 337) Laboratory is a research unit made up of history and civilization specialists focusing on medieval, modern and contemporary periods of history, both in and outside of Europe (the English-speaking, German-speaking and Spanish-speaking worlds). The laboratory is affiliated with two departments, namely the Department of Geography, History, Economics and Societal Studies (GHES) and the Department of Intercultural Studies and Applied Languages (EILA).<\/p>\n<p>The scientific goals of the ICT were designed based on an interdisciplinary and intercultural approach to history. The laboratory also strives to work with other disciplines in social sciences and the humanities, and even with the natural sciences and medicine. Interculturality, which is defined as the interaction between cultures, the analysis of movement dynamics and translation, and which includes scope and links between global and local matters, is one of the fundamentals of our research. Our researchers work in a variety of areas and examine territorial dynamics, matters relating to the movement of people and knowledge, and forms of exclusion and conflict. Gender is one of the essential research areas of the laboratory, as well as issues pertaining to heritage. This is made possible thanks to an agreement with the professors of Ecole Nationale Sup\u00e9rieure d\u2019Architecture Paris Val de Seine (ENSAPVS) who conduct research in our laboratory.<\/p>\n<blockquote>\n<p><a href=\"https:\/\/ict.wordpress-test.app.u-pariscite.fr\/\" target=\"_blank\" rel=\"noopener noreferrer\">ICT (EA 337) &#8211; Identities, Cultures, Territories website <\/a><\/p>\n<\/blockquote>\n<p>\u00a0<\/p>\n<h3>LADYSS (UMR 7533) &#8211; Laboratoire Dynamiques Sociales et Recomposition des Espaces (CNRS, Paris 1, Paris 8, Paris Nanterre).<\/h3>\n<p>The <strong>Laboratory of Social Dynamics and Spatial Reconstruction<\/strong> (<a href=\"https:\/\/www.ladyss.com\/about-us?lang=fr\" target=\"_blank\" rel=\"noopener noreferrer\">LADYSS<\/a>) is a multidisciplinary research unit with locations on four university campuses, namely <a href=\"http:\/\/www.univ-paris1.fr\/\" target=\"_blank\" rel=\"noopener noreferrer\">Universit\u00e9 Paris 1<\/a>, <a href=\"https:\/\/wordpress-test.app.u-pariscite.fr\/en\/\" target=\"_blank\" rel=\"noopener noreferrer\">Universit\u00e9 de Paris<\/a>, <a href=\"http:\/\/www.univ-paris8.fr\/\" target=\"_blank\" rel=\"noopener noreferrer\">Universit\u00e9 Paris 8<\/a> and <a href=\"https:\/\/university.parisnanterre.fr\/\" target=\"_blank\" rel=\"noopener noreferrer\">Universit\u00e9 Paris 10<\/a>. Its research focuses on the <strong>processes by which individuals and social groups lay roots in communities, and the ways in which both collective and public actions are created<\/strong>, at <strong>different levels<\/strong> (locally, regionally and internationally) and at varying levels of population density (scarcely populated <strong>rural areas<\/strong> to <strong>metropolitan centers<\/strong> and <strong>suburban areas<\/strong>). The laboratory\u2019s geography specialists focus more specifically on biodiversity at the local level and examine the relationship between the environment and social issues. Questions raised include the role of nature in cities, sustainable management of the environment, human and non-human conflicts, \u201calternative\u201d development practices, environmental movements, among others. The methods used are both qualitative (interviews, participant observations) and quantitative (charts, remote sensing, modeling).<\/p>\n<blockquote>\n<p><a href=\"https:\/\/www.ladyss.com\/\" target=\"_blank\" rel=\"noopener noreferrer\">LADYSS (UMR 7533) &#8211; Laboratoire Dynamiques Sociales et Recomposition des Espaces website<\/a><\/p>\n<\/blockquote>\n<p>\u00a0<\/p>\n<h3><a href=\"https:\/\/www.prodig.cnrs.fr\/\" target=\"_blank\" rel=\"noopener noreferrer\">PRODIG (UMR 8586)<em> &#8211;\u00a0<\/em> (CNRS, Paris 1, IRD, AgroParisTech).<\/a><\/h3>\n<p>PRODIG is a joint research unit which incorporates the CNRS, Universit\u00e9 Paris 1 Panth\u00e9on-Sorbonne, Universit\u00e9 de Paris, the IRD, AgroParisTech, and Sorbonne Universit\u00e9. The unit has over 150 members, including 61 permanent members (researchers, professors, engineers, technicians, administrative staff), 5 professors emeritus, 65 doctoral candidates and 37 associate members. Members conduct their work in a number of fields with a focus on Africa, Latin America, Asia and Europe. Their research covers three themes and one interdisciplinary project:<\/p>\n<ul>\n<li>Theme 1 \u2013 Productive Processes and Exchange, Territorial Regulations and Dynamics<\/li>\n<li>Theme 2 \u2013 Metropolization, Circulation and Urban Dynamics<\/li>\n<li>Theme 3 \u2013 Environmental Changes and Societal Issues<\/li>\n<li>Interdisciplinary Project: AVIG\u00e9o<\/li>\n<\/ul>\n<p>PRODIG places significant importance on the use of geographic information in its research, through the implementation of the AVIGEO project. Members of PRODIG lecture at the graduate level and contribute to a range of training programs both locally and internationally. The unit leads more than 30 research projects in collaboration with French and international organizations. PRODIG is affiliated with three doctoral schools, and over 80 doctoral candidates have defended their theses since 2014. Our members\u2019 publications can be found on the HAL open archive. Thanks to its four locations, PRODIG benefits from tremendous synergy.<\/p>\n<blockquote>\n<p><a href=\"https:\/\/www.prodig.cnrs.fr\/\" target=\"_blank\" rel=\"noopener noreferrer\">PRODIG (UMR 8586) website<\/a><\/p>\n<\/blockquote>\n<p>\u00a0<\/p>\n<h3>RIATE (UMS 2414)<\/h3>\n<p>The <strong>Interdisciplinary Network for European Spatial Planning<\/strong> (UMS RIATE) participates in projects that focus on methodologies and tools used for territorial analysis. It supports research by developing cross-sectional skills and sharing knowledge relating to geographic, scientific and technical information. Since 2002, the RIATE unit has participated in a large number of European projects and has acquired extensive expertise, particularly through the ESPON program. Thanks to its expertise in digital humanities, the unit&rsquo;s pattern of research activities promotes the dissemination of free and open source data and methodologies.<\/p>\n<p>RIATE has developed and continues to maintain the thematic cartography starter tool <a href=\"http:\/\/magrit.cnrs.fr\" target=\"_blank\" rel=\"noopener noreferrer\">Magrit<\/a> for its students. It has also developed a range of open source geomatics programs using the R programming language with its team of engineers, which are available on <a href=\"https:\/\/github.com\/riatelab\" target=\"_blank\" rel=\"noopener noreferrer\">Riatelab<\/a>. Each year, one or two students can carry out an internship at RIATE (particularly students of the master\u2019s in Geographical Modelling or Cartography; internship announcements are published in the first semester for ongoing projects). It also hosts \u201cresident\u201d researchers and professors who work on methodologies and development issues. RIATE&rsquo;s engineers also contribute to the geomatics courses at Universit\u00e9 Paris Cit\u00e9.<\/p>\n<blockquote>\n<p>For more information, visit the <a href=\"https:\/\/riate.cnrs.fr\" target=\"_blank\" rel=\"noopener noreferrer\">website<\/a><\/p>\n<\/blockquote>\n<p>\u00a0<\/p>\n<h3>LIED (UMR 8236) &#8211; unit (Universit\u00e9 Paris Cit\u00e9, Chimie Paristech, CNRS), which is managed by the Physics Department, also participates in the work of the GHES Department<\/h3>\n<p>The main focus of the LIED\u2019s research is the past, present and future of energy transitions. The study of an issue as complex as an energy transition involves the use of expertise from a broad range of disciplines, and our laboratory features research from the fields of physics, biology, the humanities, and social sciences. The collaboration among specialists from distinct disciplines does not seek to create an \u201cinterdisciplinary science\u201d, which may be difficult to conceive. Rather, it incites researchers to open their minds to other ways of examining issues and produce data that shows multiple perspectives and insights.<\/p>\n<blockquote>\n<p><a href=\"http:\/\/www.lied-pieri.univ-paris-diderot.fr\" target=\"_blank\" rel=\"noopener noreferrer\">UMR LIED Website<\/a><\/p>\n<\/blockquote>\n<p>[\/et_pb_text][\/et_pb_column][et_pb_column type=\u00a0\u00bb1_4&Prime;][\/et_pb_column][\/et_pb_row][\/et_pb_section]<\/p>\n","protected":false},"excerpt":{"rendered":"<div class=\"et_pb_row et_pb_row_0 et_pb_row_empty\"><\/div>\n<div class=\"et_pb_row et_pb_row_1 et_pb_row_empty\"><\/div>\n<p> ANHIMA (UMR 8210) &#8211; Anthropology and History of Ancient Societies(CNRS, Paris 1, EPHE, EHESS).ANHIMA (UMR 8210) website\u00a0CESSMA (UMR 245)The Centre for Social Science Studies on the African, American and Asian Worlds (CESSMA) is a joint research unit (UMR 245) created in 2014 following the merger of various scientific teams. CESSMA is affiliated with three&hellip; <a class=\"continue\" href=\"https:\/\/wordpress-test.app.u-pariscite.fr\/ghes\/en\/laboratories\/\">Lire la suite<span> Laboratories<\/span><\/a><\/p>\n","protected":false},"author":248,"featured_media":0,"parent":0,"menu_order":0,"comment_status":"closed","ping_status":"closed","template":"","meta":{"_et_pb_use_builder":"on","_et_pb_old_content":"","_et_gb_content_width":"","footnotes":""},"class_list":["post-1380","page","type-page","status-publish","hentry"],"_links":{"self":[{"href":"https:\/\/wordpress-test.app.u-pariscite.fr\/ghes\/wp-json\/wp\/v2\/pages\/1380","targetHints":{"allow":["GET"]}}],"collection":[{"href":"https:\/\/wordpress-test.app.u-pariscite.fr\/ghes\/wp-json\/wp\/v2\/pages"}],"about":[{"href":"https:\/\/wordpress-test.app.u-pariscite.fr\/ghes\/wp-json\/wp\/v2\/types\/page"}],"author":[{"embeddable":true,"href":"https:\/\/wordpress-test.app.u-pariscite.fr\/ghes\/wp-json\/wp\/v2\/users\/248"}],"replies":[{"embeddable":true,"href":"https:\/\/wordpress-test.app.u-pariscite.fr\/ghes\/wp-json\/wp\/v2\/comments?post=1380"}],"version-history":[{"count":5,"href":"https:\/\/wordpress-test.app.u-pariscite.fr\/ghes\/wp-json\/wp\/v2\/pages\/1380\/revisions"}],"predecessor-version":[{"id":1388,"href":"https:\/\/wordpress-test.app.u-pariscite.fr\/ghes\/wp-json\/wp\/v2\/pages\/1380\/revisions\/1388"}],"wp:attachment":[{"href":"https:\/\/wordpress-test.app.u-pariscite.fr\/ghes\/wp-json\/wp\/v2\/media?parent=1380"}],"curies":[{"name":"wp","href":"https:\/\/api.w.org\/{rel}","templated":true}]}}