{"id":9716,"date":"2022-01-03T14:16:31","date_gmt":"2022-01-03T13:16:31","guid":{"rendered":"https:\/\/wordpress-test.app.u-pariscite.fr\/etudes-anglophones\/?page_id=9716"},"modified":"2024-11-11T18:01:51","modified_gmt":"2024-11-11T17:01:51","slug":"assistanat-france-education-international","status":"publish","type":"page","link":"https:\/\/wordpress-test.app.u-pariscite.fr\/etudes-anglophones\/assistanat-france-education-international\/","title":{"rendered":"Assistanat France \u00c9ducation International"},"content":{"rendered":"<p>[et_pb_section bb_built=\u00a0\u00bb1&Prime; inner_width=\u00a0\u00bbauto\u00a0\u00bb inner_max_width=\u00a0\u00bbnone\u00a0\u00bb next_background_color=\u00a0\u00bb#000000&Prime;][et_pb_row _builder_version=\u00a0\u00bb3.21&Prime; width=\u00a0\u00bb80%\u00a0\u00bb max_width=\u00a0\u00bb1080px\u00a0\u00bb][et_pb_column type=\u00a0\u00bb4_4&Prime;][et_pb_post_title admin_label=\u00a0\u00bbTitre de la page\u00a0\u00bb _builder_version=\u00a0\u00bb3.22.1&Prime; meta=\u00a0\u00bboff\u00a0\u00bb featured_image=\u00a0\u00bboff\u00a0\u00bb \/][\/et_pb_column][\/et_pb_row][et_pb_row][et_pb_column type=\u00a0\u00bb3_4&Prime;][et_pb_text admin_label=\u00a0\u00bbTexte Assistanat\u00a0\u00bb _builder_version=\u00a0\u00bb3.22.1&Prime; text_text_shadow_horizontal_length=\u00a0\u00bbtext_text_shadow_style,%91object Object%93&Prime; text_text_shadow_vertical_length=\u00a0\u00bbtext_text_shadow_style,%91object Object%93&Prime; text_text_shadow_blur_strength=\u00a0\u00bbtext_text_shadow_style,%91object Object%93&Prime; link_text_shadow_horizontal_length=\u00a0\u00bblink_text_shadow_style,%91object Object%93&Prime; link_text_shadow_vertical_length=\u00a0\u00bblink_text_shadow_style,%91object Object%93&Prime; link_text_shadow_blur_strength=\u00a0\u00bblink_text_shadow_style,%91object Object%93&Prime; ul_text_shadow_horizontal_length=\u00a0\u00bbul_text_shadow_style,%91object Object%93&Prime; ul_text_shadow_vertical_length=\u00a0\u00bbul_text_shadow_style,%91object Object%93&Prime; ul_text_shadow_blur_strength=\u00a0\u00bbul_text_shadow_style,%91object Object%93&Prime; ol_text_shadow_horizontal_length=\u00a0\u00bbol_text_shadow_style,%91object Object%93&Prime; ol_text_shadow_vertical_length=\u00a0\u00bbol_text_shadow_style,%91object Object%93&Prime; ol_text_shadow_blur_strength=\u00a0\u00bbol_text_shadow_style,%91object Object%93&Prime; quote_text_shadow_horizontal_length=\u00a0\u00bbquote_text_shadow_style,%91object Object%93&Prime; quote_text_shadow_vertical_length=\u00a0\u00bbquote_text_shadow_style,%91object Object%93&Prime; quote_text_shadow_blur_strength=\u00a0\u00bbquote_text_shadow_style,%91object Object%93&Prime; header_text_shadow_horizontal_length=\u00a0\u00bbheader_text_shadow_style,%91object Object%93&Prime; header_text_shadow_vertical_length=\u00a0\u00bbheader_text_shadow_style,%91object Object%93&Prime; header_text_shadow_blur_strength=\u00a0\u00bbheader_text_shadow_style,%91object Object%93&Prime; header_2_text_shadow_horizontal_length=\u00a0\u00bbheader_2_text_shadow_style,%91object Object%93&Prime; header_2_text_shadow_vertical_length=\u00a0\u00bbheader_2_text_shadow_style,%91object Object%93&Prime; header_2_text_shadow_blur_strength=\u00a0\u00bbheader_2_text_shadow_style,%91object Object%93&Prime; header_3_text_shadow_horizontal_length=\u00a0\u00bbheader_3_text_shadow_style,%91object Object%93&Prime; header_3_text_shadow_vertical_length=\u00a0\u00bbheader_3_text_shadow_style,%91object Object%93&Prime; header_3_text_shadow_blur_strength=\u00a0\u00bbheader_3_text_shadow_style,%91object Object%93&Prime; header_4_text_shadow_horizontal_length=\u00a0\u00bbheader_4_text_shadow_style,%91object Object%93&Prime; header_4_text_shadow_vertical_length=\u00a0\u00bbheader_4_text_shadow_style,%91object Object%93&Prime; header_4_text_shadow_blur_strength=\u00a0\u00bbheader_4_text_shadow_style,%91object Object%93&Prime; header_5_text_shadow_horizontal_length=\u00a0\u00bbheader_5_text_shadow_style,%91object Object%93&Prime; header_5_text_shadow_vertical_length=\u00a0\u00bbheader_5_text_shadow_style,%91object Object%93&Prime; header_5_text_shadow_blur_strength=\u00a0\u00bbheader_5_text_shadow_style,%91object Object%93&Prime; header_6_text_shadow_horizontal_length=\u00a0\u00bbheader_6_text_shadow_style,%91object Object%93&Prime; header_6_text_shadow_vertical_length=\u00a0\u00bbheader_6_text_shadow_style,%91object Object%93&Prime; header_6_text_shadow_blur_strength=\u00a0\u00bbheader_6_text_shadow_style,%91object Object%93&Prime; z_index_tablet=\u00a0\u00bb500&Prime;]<\/p>\n<div id=\"contenu\" class=\"et_pb_module et_pb_text et_pb_text_3 et_pb_bg_layout_light et_pb_text_align_left\">\n<div class=\"et_pb_text_inner\">\n<p>Vous d\u00e9sirez am\u00e9liorer vos comp\u00e9tences p\u00e9dagogiques et linguistiques en approfondissant votre connaissance d\u2019une culture \u00e9trang\u00e8re, \u00eatre un repr\u00e9sentant de la langue fran\u00e7aise et de sa culture ?<\/p>\n<p>Vous aimeriez contribuer au d\u00e9veloppement des \u00e9changes entre \u00e9tudiants, professeurs et \u00e9l\u00e8ves ? Vous \u00eates pr\u00eat.e \u00e0 participer \u00e0 la vie d\u2019un \u00e9tablissement, d\u2019une classe, \u00e0 partager votre \u00e9nergie et votre enthousiasme ?<\/p>\n<p>Vous voulez faire des rencontres, d\u00e9couvrir un pays et ses habitants ? Devenez assistant.e de fran\u00e7ais \u00e0 l\u2019\u00e9tranger \u00e0 travers le programme d\u2019assistanat propos\u00e9 par <a href=\"https:\/\/www.france-education-international.fr\/assistants-francais-a-letranger\" target=\"_blank\" rel=\"noopener noreferrer\">France \u00c9ducation International<\/a><\/p>\n<h3 class=\"niveau3\">Pays propos\u00e9s<\/h3>\n<p class=\"paragraphe\">Consulter la <a class=\"ext extlink\" href=\"https:\/\/www.france-education-international.fr\/partir-letranger\/devenir-assistant-de-langue-francaise-letranger\/pays-concernes?langue=fr\" target=\"_blank\" rel=\"noopener noreferrer\">liste des pays<\/a><\/p>\n<h3 class=\"niveau3\">Dur\u00e9e mobilit\u00e9<\/h3>\n<p>De 7 \u00e0 11 mois<\/p>\n<h3 class=\"niveau3\">Niveau d\u2019\u00e9tudes requis et crit\u00e8res d\u2019\u00e9ligibilit\u00e9<\/h3>\n<p>Au minimum l\u2019ann\u00e9e de licence 2 doit \u00eatre valid\u00e9e au moment de la candidature. Certaines destinations n\u00e9cessitent un niveau plus avanc\u00e9.<\/p>\n<p>V\u00e9rifier votre \u00e9ligibilit\u00e9 sur le site de <a class=\"ext extlink\" href=\"https:\/\/www.france-education-international.fr\/partir-letranger\/devenir-assistant-de-langue-francaise-letranger\/votre-candidature\" target=\"_blank\" rel=\"noopener noreferrer\">France \u00c9ducation International<\/a><\/p>\n<h3 class=\"niveau3\">Profils recherch\u00e9s<\/h3>\n<p>Les \u00e9tablissements \u00e9trangers sont \u00e0 la recherche de jeunes gens volontaires et enthousiastes, qui feront preuve de maturit\u00e9 et de professionnalisme avec leurs futurs coll\u00e8gues et \u00e9l\u00e8ves et pourront travailler de mani\u00e8re autonome.<br \/>Les assistants de langue \u00e9tant de v\u00e9ritables ambassadeurs de la France aupr\u00e8s des \u00e9l\u00e8ves \u00e9trangers, il est donc important qu\u2019ils poss\u00e8dent \u00e9galement les comp\u00e9tences suivantes :<\/p>\n<ul>\n<li>maitrise du fran\u00e7ais avec le niveau d\u2019un francophone natif,<\/li>\n<li>connaissance de la culture contemporaine fran\u00e7aise (m\u00e9dias, actualit\u00e9 \u2026),<\/li>\n<li>connaissance du syst\u00e8me \u00e9ducatif fran\u00e7ais (organisation de la scolarit\u00e9, examens nationaux, enseignement sup\u00e9rieur \u2026),<\/li>\n<li>connaissance de la culture et des traditions fran\u00e7aises (\u00e9v\u00e9nements culturels embl\u00e9matiques \u2013 nationaux et r\u00e9gionaux, actualit\u00e9 \u2026).<\/li>\n<\/ul>\n<p>Afin de mettre toutes les chances de votre c\u00f4t\u00e9 pour \u00eatre s\u00e9lectionn\u00e9s, voici quelques conseils pour remplir votre dossier : soigner votre orthographe et votre expression, insister sur vos comp\u00e9tences extra-scolaires, tr\u00e8s pris\u00e9es des \u00e9tablissements (th\u00e9\u00e2tre, musique, sport, etc), montrer votre enthousiasme dans la lettre de motivation et votre envie d\u2019\u00e9changer avec les \u00e9l\u00e8ves.<\/p>\n<h3 class=\"niveau3\">Proc\u00e9dure de candidature<\/h3>\n<blockquote>\n<p>Campagne de recrutement pour l\u2019ann\u00e9e 2025-2026 : ouverture le <strong>6 janvier 2025. <\/strong><\/p>\n<p>Visioconf\u00e9rences d\u2019information en ligne (les enregistrements de ces visioconf\u00e9rences seront mis en ligne et accessibles sur la <a href=\"https:\/\/www.youtube.com\/channel\/UCBBAOJBiEmha4oSMBELvkRA\">cha\u00eene YouTube de FEI<\/a>.<\/p>\n<ul>\n<li>le 25 novembre 2024 de 12h \u00e0 13h (heure de Paris) : <a href=\"https:\/\/teams.microsoft.com\/l\/meetup-join\/19%3ameeting_ZGNmOWRhMjEtMjZmOS00MDVkLWIwMTAtZGQxNTJlYWE0NGRk%40thread.v2\/0?context=%7b%22Tid%22%3a%2276a6c98e-bae1-4f8f-83ef-bdcc86784954%22%2c%22Oid%22%3a%227d7a5e75-0e1a-4d8f-9eba-f30f11c26abc%22%7d\"><strong>Cliquez ici pour rejoindre la visioconf\u00e9rence (<em>via<\/em> Microsoft Teams)<\/strong><\/a><strong> ;<\/strong><\/li>\n<li>le 23 janvier 2025 de 19h \u00e0 20h (heure de Paris) : <a href=\"https:\/\/teams.microsoft.com\/l\/meetup-join\/19%3ameeting_ZjBiMzZiYmQtNTgwYy00MTlmLTg4ODctNjk5YzI2Y2VhYzYy%40thread.v2\/0?context=%7b%22Tid%22%3a%2276a6c98e-bae1-4f8f-83ef-bdcc86784954%22%2c%22Oid%22%3a%227d7a5e75-0e1a-4d8f-9eba-f30f11c26abc%22%7d\"><strong>Cliquez ici pour rejoindre la visioconf\u00e9rence (<em>via<\/em> Microsoft Teams)<\/strong><\/a><\/li>\n<li>Ce document r\u00e9sume les s\u00e9ances pr\u00e9vues pour les candidats, avec des QR Codes \u00e0 scanner pour rejoindre les r\u00e9unions\u00a0: <a href=\"https:\/\/www.france-education-international.fr\/document\/webinaires-alf-dam-2025-2026\"><u>https:\/\/www.france-education-international.fr\/document\/webinaires-alf-dam-2025-2026<\/u><\/a>.<\/li>\n<\/ul>\n<\/blockquote>\n<p>Vous devez d\u00e9poser un dossier uniquement aupr\u00e8s de France \u00c9ducation International<\/p>\n<p>Le recrutement des assistants de langue fran\u00e7aise se fait sur l&rsquo;application <a href=\"https:\/\/assistants.france-education-international.fr\/#al\" target=\"_blank\" rel=\"noopener noreferrer\">ADELE<\/a>, accessible depuis un t\u00e9l\u00e9phone, une tablette ou un ordinateur.<\/p>\n<p><a href=\"https:\/\/www.france-education-international.fr\/document\/tutoriel-candidats-alve-adele-fr\" target=\"_blank\" rel=\"noopener noreferrer\">Tutoriel FEI \u00e0 destination des candidats<\/a><\/p>\n<blockquote>\n<p><strong>Pour le choix du professeur-\u00e9valuateur<\/strong><\/p>\n<\/blockquote>\n<ol>\n<li>Contactez un enseignant (en priorit\u00e9 de l&rsquo;UFR, sauf si vous avez besoin d&rsquo;une \u00e9valuation pour une autre langue que l&rsquo;anglais) qui vous conna\u00eet bien et demandez-lui s\u2019il accepte de r\u00e9diger votre \u00e9valuation pour France \u00c9ducation International. L\u2019id\u00e9al serait de lui fournir quelques \u00e9l\u00e9ments qui l\u2019aideront \u00e0 r\u00e9diger votre \u00e9valuation (relev\u00e9s de notes, lettres de motivation en fran\u00e7ais et anglais, CV avec formation et exp\u00e9rience).<\/li>\n<li>Apr\u00e8s accord de votre professeur-\u00e9valuateur, le s\u00e9lectionner s&rsquo;il est d\u00e9j\u00e0 inscrit sur ADELE.<\/li>\n<li>Sinon, il vous sera possible de l&rsquo;inviter (en cliquant sur le bouton d\u00e9di\u00e9) \u00e0 cr\u00e9er son profil de PE sur la plateforme ADELE. Si vous n&rsquo;y arrivez pas, adressez-vous \u00e0 <a href=\"https:\/\/wordpress-test.app.u-pariscite.fr\/etudes-anglophones\/ri_coordination\/\" target=\"_blank\" rel=\"noopener noreferrer\">Laurence Cros<\/a> qui lui indiquera comment le faire.<\/li>\n<\/ol>\n<\/div>\n<\/div>\n<p>[\/et_pb_text][\/et_pb_column][et_pb_column type=\u00a0\u00bb1_4&Prime;][\/et_pb_column][\/et_pb_row][\/et_pb_section][et_pb_section bb_built=\u00a0\u00bb1&Prime; specialty=\u00a0\u00bboff\u00a0\u00bb _builder_version=\u00a0\u00bb3.21&Prime; custom_padding=\u00a0\u00bb0px||0px|\u00a0\u00bb prev_background_color=\u00a0\u00bb#000000&Prime; inner_width=\u00a0\u00bbauto\u00a0\u00bb inner_max_width=\u00a0\u00bbnone\u00a0\u00bb][et_pb_row _builder_version=\u00a0\u00bb3.19.11&Prime; width=\u00a0\u00bb80%\u00a0\u00bb max_width=\u00a0\u00bb1080px\u00a0\u00bb][et_pb_column type=\u00a0\u00bb4_4&Prime;][et_pb_text admin_label=\u00a0\u00bb\u00c0 lire aussi\u00a0\u00bb _builder_version=\u00a0\u00bb3.21&Prime;]<\/p>\n<h2><span class=\"st\">\u00c0<\/span> lire aussi<\/h2>\n<p>[\/et_pb_text][et_pb_blog _builder_version=\u00a0\u00bb3.21&Prime; posts_number=\u00a0\u00bb4&Prime; include_categories=\u00a0\u00bb13&Prime; show_author=\u00a0\u00bboff\u00a0\u00bb show_date=\u00a0\u00bboff\u00a0\u00bb show_pagination=\u00a0\u00bboff\u00a0\u00bb border_width_bottom_fullwidth=\u00a0\u00bb1px\u00a0\u00bb border_color_bottom_fullwidth=\u00a0\u00bbrgba(51,51,51,0.18)\u00a0\u00bb custom_padding=\u00a0\u00bb||50px|\u00a0\u00bb module_id=\u00a0\u00bbpage_type_blog\u00a0\u00bb header_level=\u00a0\u00bbh4&Prime; \/][\/et_pb_column][\/et_pb_row][\/et_pb_section]<\/p>\n","protected":false},"excerpt":{"rendered":"<div class=\"et_pb_row et_pb_row_0 et_pb_row_empty\"><\/div>\n<p> Vous d\u00e9sirez am\u00e9liorer vos comp\u00e9tences p\u00e9dagogiques et linguistiques en approfondissant votre connaissance d\u2019une culture \u00e9trang\u00e8re, \u00eatre un repr\u00e9sentant de la langue fran\u00e7aise et de sa culture ?Vous aimeriez contribuer au d\u00e9veloppement des \u00e9changes entre \u00e9tudiants, professeurs et \u00e9l\u00e8ves ? Vous \u00eates pr\u00eat.e \u00e0 participer \u00e0 la vie d\u2019un \u00e9tablissement, d\u2019une classe, \u00e0 partager votre&hellip; <a class=\"continue\" href=\"https:\/\/wordpress-test.app.u-pariscite.fr\/etudes-anglophones\/assistanat-france-education-international\/\">Lire la suite<span> Assistanat France \u00c9ducation International<\/span><\/a><\/p>\n","protected":false},"author":41,"featured_media":0,"parent":0,"menu_order":0,"comment_status":"closed","ping_status":"closed","template":"","meta":{"_et_pb_use_builder":"on","_et_pb_old_content":"","_et_gb_content_width":"","footnotes":""},"class_list":["post-9716","page","type-page","status-publish","hentry"],"_links":{"self":[{"href":"https:\/\/wordpress-test.app.u-pariscite.fr\/etudes-anglophones\/wp-json\/wp\/v2\/pages\/9716","targetHints":{"allow":["GET"]}}],"collection":[{"href":"https:\/\/wordpress-test.app.u-pariscite.fr\/etudes-anglophones\/wp-json\/wp\/v2\/pages"}],"about":[{"href":"https:\/\/wordpress-test.app.u-pariscite.fr\/etudes-anglophones\/wp-json\/wp\/v2\/types\/page"}],"author":[{"embeddable":true,"href":"https:\/\/wordpress-test.app.u-pariscite.fr\/etudes-anglophones\/wp-json\/wp\/v2\/users\/41"}],"replies":[{"embeddable":true,"href":"https:\/\/wordpress-test.app.u-pariscite.fr\/etudes-anglophones\/wp-json\/wp\/v2\/comments?post=9716"}],"version-history":[{"count":19,"href":"https:\/\/wordpress-test.app.u-pariscite.fr\/etudes-anglophones\/wp-json\/wp\/v2\/pages\/9716\/revisions"}],"predecessor-version":[{"id":12367,"href":"https:\/\/wordpress-test.app.u-pariscite.fr\/etudes-anglophones\/wp-json\/wp\/v2\/pages\/9716\/revisions\/12367"}],"wp:attachment":[{"href":"https:\/\/wordpress-test.app.u-pariscite.fr\/etudes-anglophones\/wp-json\/wp\/v2\/media?parent=9716"}],"curies":[{"name":"wp","href":"https:\/\/api.w.org\/{rel}","templated":true}]}}