{"id":9486,"date":"2021-11-23T15:41:05","date_gmt":"2021-11-23T14:41:05","guid":{"rendered":"https:\/\/wordpress-test.app.u-pariscite.fr\/etudes-anglophones\/?page_id=9486"},"modified":"2024-09-12T10:34:52","modified_gmt":"2024-09-12T08:34:52","slug":"parcours-etudes-anglophones-joint-degree-of-english-and-american-studies","status":"publish","type":"page","link":"https:\/\/wordpress-test.app.u-pariscite.fr\/etudes-anglophones\/parcours-etudes-anglophones-joint-degree-of-english-and-american-studies\/","title":{"rendered":"Master LLCER &#8211; Parcours Etudes Anglophones : Joint Degree of English and American Studies"},"content":{"rendered":"<p>[et_pb_section bb_built=\u00a0\u00bb1&Prime; next_background_color=\u00a0\u00bb#000000&Prime; inner_width=\u00a0\u00bbauto\u00a0\u00bb inner_max_width=\u00a0\u00bbnone\u00a0\u00bb][et_pb_row][et_pb_column type=\u00a0\u00bb4_4&Prime;][et_pb_post_title admin_label=\u00a0\u00bbTitre de la page\u00a0\u00bb _builder_version=\u00a0\u00bb3.19.11&Prime; meta=\u00a0\u00bboff\u00a0\u00bb featured_image=\u00a0\u00bboff\u00a0\u00bb \/][\/et_pb_column][\/et_pb_row][et_pb_row][et_pb_column type=\u00a0\u00bb3_4&Prime;][et_pb_text admin_label=\u00a0\u00bbIntro\u00a0\u00bb _builder_version=\u00a0\u00bb3.22.1&Prime; module_id=\u00a0\u00bbintro\u00a0\u00bb text_text_shadow_horizontal_length=\u00a0\u00bbtext_text_shadow_style,%91object Object%93&Prime; text_text_shadow_vertical_length=\u00a0\u00bbtext_text_shadow_style,%91object Object%93&Prime; text_text_shadow_blur_strength=\u00a0\u00bbtext_text_shadow_style,%91object Object%93&Prime; link_text_shadow_horizontal_length=\u00a0\u00bblink_text_shadow_style,%91object Object%93&Prime; link_text_shadow_vertical_length=\u00a0\u00bblink_text_shadow_style,%91object Object%93&Prime; link_text_shadow_blur_strength=\u00a0\u00bblink_text_shadow_style,%91object Object%93&Prime; ul_text_shadow_horizontal_length=\u00a0\u00bbul_text_shadow_style,%91object Object%93&Prime; ul_text_shadow_vertical_length=\u00a0\u00bbul_text_shadow_style,%91object Object%93&Prime; ul_text_shadow_blur_strength=\u00a0\u00bbul_text_shadow_style,%91object Object%93&Prime; ol_text_shadow_horizontal_length=\u00a0\u00bbol_text_shadow_style,%91object Object%93&Prime; ol_text_shadow_vertical_length=\u00a0\u00bbol_text_shadow_style,%91object Object%93&Prime; ol_text_shadow_blur_strength=\u00a0\u00bbol_text_shadow_style,%91object Object%93&Prime; quote_text_shadow_horizontal_length=\u00a0\u00bbquote_text_shadow_style,%91object Object%93&Prime; quote_text_shadow_vertical_length=\u00a0\u00bbquote_text_shadow_style,%91object Object%93&Prime; quote_text_shadow_blur_strength=\u00a0\u00bbquote_text_shadow_style,%91object Object%93&Prime; header_text_shadow_horizontal_length=\u00a0\u00bbheader_text_shadow_style,%91object Object%93&Prime; header_text_shadow_vertical_length=\u00a0\u00bbheader_text_shadow_style,%91object Object%93&Prime; header_text_shadow_blur_strength=\u00a0\u00bbheader_text_shadow_style,%91object Object%93&Prime; header_2_text_shadow_horizontal_length=\u00a0\u00bbheader_2_text_shadow_style,%91object Object%93&Prime; header_2_text_shadow_vertical_length=\u00a0\u00bbheader_2_text_shadow_style,%91object Object%93&Prime; header_2_text_shadow_blur_strength=\u00a0\u00bbheader_2_text_shadow_style,%91object Object%93&Prime; header_3_text_shadow_horizontal_length=\u00a0\u00bbheader_3_text_shadow_style,%91object Object%93&Prime; header_3_text_shadow_vertical_length=\u00a0\u00bbheader_3_text_shadow_style,%91object Object%93&Prime; header_3_text_shadow_blur_strength=\u00a0\u00bbheader_3_text_shadow_style,%91object Object%93&Prime; header_4_text_shadow_horizontal_length=\u00a0\u00bbheader_4_text_shadow_style,%91object Object%93&Prime; header_4_text_shadow_vertical_length=\u00a0\u00bbheader_4_text_shadow_style,%91object Object%93&Prime; header_4_text_shadow_blur_strength=\u00a0\u00bbheader_4_text_shadow_style,%91object Object%93&Prime; header_5_text_shadow_horizontal_length=\u00a0\u00bbheader_5_text_shadow_style,%91object Object%93&Prime; header_5_text_shadow_vertical_length=\u00a0\u00bbheader_5_text_shadow_style,%91object Object%93&Prime; header_5_text_shadow_blur_strength=\u00a0\u00bbheader_5_text_shadow_style,%91object Object%93&Prime; header_6_text_shadow_horizontal_length=\u00a0\u00bbheader_6_text_shadow_style,%91object Object%93&Prime; header_6_text_shadow_vertical_length=\u00a0\u00bbheader_6_text_shadow_style,%91object Object%93&Prime; header_6_text_shadow_blur_strength=\u00a0\u00bbheader_6_text_shadow_style,%91object Object%93&Prime; z_index_tablet=\u00a0\u00bb500&Prime;]<\/p>\n<div class=\"page\" title=\"Page 1\">\n<div class=\"layoutArea\">\n<div class=\"column\">\n<div class=\"et_pb_row et_pb_row_0\">\n<div class=\"et_pb_column et_pb_column_4_4 et_pb_column_0 et_pb_css_mix_blend_mode_passthrough et-last-child\">\n<div class=\"et_pb_module et_pb_post_title et_pb_post_title_0 et_pb_bg_layout_light et_pb_text_align_left\">\n<div class=\"et_pb_title_container\">\n<p>L\u2019UFR d\u2019\u00c9tudes Anglophones a mis en place avec un consortium de partenaires un Master Cursus int\u00e9gr\u00e9 en \u00e9tudes anglaises et am\u00e9ricaines (Joint Degree in English and American Studies).<\/p>\n<\/div>\n<\/div>\n<\/div>\n<\/div>\n<\/div>\n<\/div>\n<\/div>\n<p>[\/et_pb_text][\/et_pb_column][et_pb_column type=\u00a0\u00bb1_4&Prime;][\/et_pb_column][\/et_pb_row][et_pb_row][et_pb_column type=\u00a0\u00bb3_4&Prime;][et_pb_text _builder_version=\u00a0\u00bb3.22.1&Prime; module_id=\u00a0\u00bbcontenu\u00a0\u00bb text_text_shadow_horizontal_length=\u00a0\u00bbtext_text_shadow_style,%91object Object%93&Prime; text_text_shadow_vertical_length=\u00a0\u00bbtext_text_shadow_style,%91object Object%93&Prime; text_text_shadow_blur_strength=\u00a0\u00bbtext_text_shadow_style,%91object Object%93&Prime; link_text_shadow_horizontal_length=\u00a0\u00bblink_text_shadow_style,%91object Object%93&Prime; link_text_shadow_vertical_length=\u00a0\u00bblink_text_shadow_style,%91object Object%93&Prime; link_text_shadow_blur_strength=\u00a0\u00bblink_text_shadow_style,%91object Object%93&Prime; ul_text_shadow_horizontal_length=\u00a0\u00bbul_text_shadow_style,%91object Object%93&Prime; ul_text_shadow_vertical_length=\u00a0\u00bbul_text_shadow_style,%91object Object%93&Prime; ul_text_shadow_blur_strength=\u00a0\u00bbul_text_shadow_style,%91object Object%93&Prime; ol_text_shadow_horizontal_length=\u00a0\u00bbol_text_shadow_style,%91object Object%93&Prime; ol_text_shadow_vertical_length=\u00a0\u00bbol_text_shadow_style,%91object Object%93&Prime; ol_text_shadow_blur_strength=\u00a0\u00bbol_text_shadow_style,%91object Object%93&Prime; quote_text_shadow_horizontal_length=\u00a0\u00bbquote_text_shadow_style,%91object Object%93&Prime; quote_text_shadow_vertical_length=\u00a0\u00bbquote_text_shadow_style,%91object Object%93&Prime; quote_text_shadow_blur_strength=\u00a0\u00bbquote_text_shadow_style,%91object Object%93&Prime; header_text_shadow_horizontal_length=\u00a0\u00bbheader_text_shadow_style,%91object Object%93&Prime; header_text_shadow_vertical_length=\u00a0\u00bbheader_text_shadow_style,%91object Object%93&Prime; header_text_shadow_blur_strength=\u00a0\u00bbheader_text_shadow_style,%91object Object%93&Prime; header_2_text_shadow_horizontal_length=\u00a0\u00bbheader_2_text_shadow_style,%91object Object%93&Prime; header_2_text_shadow_vertical_length=\u00a0\u00bbheader_2_text_shadow_style,%91object Object%93&Prime; header_2_text_shadow_blur_strength=\u00a0\u00bbheader_2_text_shadow_style,%91object Object%93&Prime; header_3_text_shadow_horizontal_length=\u00a0\u00bbheader_3_text_shadow_style,%91object Object%93&Prime; header_3_text_shadow_vertical_length=\u00a0\u00bbheader_3_text_shadow_style,%91object Object%93&Prime; header_3_text_shadow_blur_strength=\u00a0\u00bbheader_3_text_shadow_style,%91object Object%93&Prime; header_4_text_shadow_horizontal_length=\u00a0\u00bbheader_4_text_shadow_style,%91object Object%93&Prime; header_4_text_shadow_vertical_length=\u00a0\u00bbheader_4_text_shadow_style,%91object Object%93&Prime; header_4_text_shadow_blur_strength=\u00a0\u00bbheader_4_text_shadow_style,%91object Object%93&Prime; header_5_text_shadow_horizontal_length=\u00a0\u00bbheader_5_text_shadow_style,%91object Object%93&Prime; header_5_text_shadow_vertical_length=\u00a0\u00bbheader_5_text_shadow_style,%91object Object%93&Prime; header_5_text_shadow_blur_strength=\u00a0\u00bbheader_5_text_shadow_style,%91object Object%93&Prime; header_6_text_shadow_horizontal_length=\u00a0\u00bbheader_6_text_shadow_style,%91object Object%93&Prime; header_6_text_shadow_vertical_length=\u00a0\u00bbheader_6_text_shadow_style,%91object Object%93&Prime; header_6_text_shadow_blur_strength=\u00a0\u00bbheader_6_text_shadow_style,%91object Object%93&Prime; z_index_tablet=\u00a0\u00bb500&Prime;]<\/p>\n<div class=\"et_pb_column et_pb_column_4_4 et_pb_column_1 et_pb_css_mix_blend_mode_passthrough et-last-child\">\n<div class=\"et_pb_module et_pb_text et_pb_text_0 et_pb_bg_layout_light et_pb_text_align_left\">\n<div class=\"et_pb_text_inner\">\n<div class=\"panel-pane pane-entity-field pane-node-body\">\n<div class=\"pane-content\">\n<div class=\"field field-name-body field-type-text-with-summary field-label-hidden\">\n<div class=\"field-items\">\n<div class=\"field-item even\">\n<blockquote>\n<p>Ce parcours s\u2019inscrit dans le Master recherche \u00c9tudes Anglophones.<\/p>\n<\/blockquote>\n<p><span class=\"ILfuVd\"><span class=\"hgKElc\">\u00c0<\/span><\/span> l\u2019issue des deux ann\u00e9es de Master, l\u2019\u00e9tudiant recevra le dipl\u00f4me du Master \u00c9tudes Anglophones d\u2019Universit\u00e9 Paris Cit\u00e9 et le dipl\u00f4me de son universit\u00e9 de mobilit\u00e9 (parmi les \u00ab universit\u00e9s dipl\u00f4mantes \u00bb).<\/p>\n<p>Le consortium d\u2019universit\u00e9s\u00a0comprend\u00a0:<\/p>\n<p>Universit\u00e9s dipl\u00f4mantes\u00a0:<\/p>\n<ul>\n<li>Karl-Franzens-University, Graz \/ Autriche<\/li>\n<li>Otto-Friedrich University, Bamberg \/ Allemagne<\/li>\n<li>Ca\u2019 Foscari University, Venice \/ Italie<\/li>\n<li>Universit\u00e9 Paris Diderot, Paris \/ France<\/li>\n<li>Jagiellonian University of Krak\u00f3w \/ Pologne<\/li>\n<li>Universitat Aut\u00f2noma de Barcelona \/ Espagne<\/li>\n<\/ul>\n<p>Universit\u00e9s de mobilit\u00e9 :<\/p>\n<ul>\n<li>University of P\u00e9cs \/ Hongrie<\/li>\n<li>The City College of New York \/ USA<\/li>\n<li>\n<p>Le cursus se fera sur deux ans (M1 et M2), avec une mobilit\u00e9 obligatoire d\u2019un semestre en M2S3 dans l\u2019une des universit\u00e9s partenaires.<\/p>\n<\/li>\n<li>Le responsable du JDEAS \u00e0 Universit\u00e9 Paris Cit\u00e9 est le Professeur Fran\u00e7ois VERGNIOLLE DE CHANTAL ( <a href=\"mailto:fdechantal@wordpress-test.app.u-pariscite.fr\">fdechantal@wordpress-test.app.u-pariscite.fr<\/a> ) qui est disponible pour tout renseignement compl\u00e9mentaire.<br \/>NB: pour l&rsquo;ann\u00e9e 2023-2024, contactez Laurence Cros (<a href=\"laurence.cros@u-paris\">laurence.cros@u-paris<\/a>)<\/li>\n<li>\n<p>Site web du <a class=\"ext extlink\" href=\"http:\/\/www.jointdegree.eu\/de\/eas\/\" target=\"_blank\" rel=\"noopener noreferrer\">Joint Degree in English and American Studies<\/a><\/p>\n<\/li>\n<\/ul>\n<\/div>\n<\/div>\n<\/div>\n<div class=\"field field-name-body field-type-text-with-summary field-label-hidden\">\n<div class=\"field-items\">\n<div class=\"field-item even\">\n<h3><strong>Candidature et s\u00e9lection (en cours de L3)<\/strong><\/h3>\n<p>La candidature se fait durant le semestre de L3S5, \u00e0 la fois pour le choix de l\u2019universit\u00e9 d\u2019entr\u00e9e en M1, et pour le choix de l\u2019universit\u00e9 de mobilit\u00e9 en M2.<\/p>\n<blockquote>\n<p>Il s\u2019agit d\u2019une fili\u00e8re s\u00e9lective, n\u00e9cessitant de bons r\u00e9sultats en Licence ainsi qu\u2019un bon score \u00e0 un test de langue anglaise (TOEFL\u00a0ou IELTS).<\/p>\n<\/blockquote>\n<p>La s\u00e9lection des candidats est faite \u00a0sur dossier par les repr\u00e9sentants du consortium.<\/p>\n<blockquote>\n<p>Campagne de candidature : janvier-mars. Informations et candidature : <a class=\"ext extlink\" href=\"http:\/\/www.jointdegree.eu\/de\/eas\/application-selection\/\" target=\"_blank\" rel=\"noopener noreferrer\">http:\/\/www.jointdegree.eu\/de\/eas\/application-selection\/<\/a><\/p>\n<\/blockquote>\n<p><strong>Attention : pour les \u00e9tudiants originaires de pays suivants et qui souhaitent postuler pour Universit\u00e9 Paris Cit\u00e9 comme universit\u00e9 d\u2019entr\u00e9e, il faut \u00e9galement d\u00e9poser une candidature sur <a href=\"https:\/\/www.campusfrance.org\/fr\" target=\"_blank\" rel=\"noopener noreferrer\">Campus France\u00a0<\/a> &#8211; <\/strong><strong>Date limite vers la mi-d\u00e9cembre<\/strong><\/p>\n<p>Afrique du Sud, Azerba\u00efdjan, Alg\u00e9rie, Arabie Saoudite, Argentine, Bahre\u00efn, B\u00e9nin, Bolivie, Br\u00e9sil, Burkina Faso, Burundi, Cambodge, Cameroun, Canada, Chili, Chine, Colombie, Comores, Congo, Cor\u00e9e du Sud, C\u00f4te d&rsquo;Ivoire, Djibouti, \u00c9mirats arabes unis, \u00c9gypte, \u00c9quateur, \u00c9tats-Unis, \u00c9thiopie, Gabon, G\u00e9orgie, Ghana, Guin\u00e9e, Ha\u00efti, Hong-Kong, Inde, Indon\u00e9sie, Iran, Isra\u00ebl, Japon, Jordanie, Kenya, Kowe\u00eft, Liban, Madagascar, Malaisie, Mali, Maroc, Maurice, Mauritanie, Mexique, N\u00e9pal, Niger, Nigeria, Pakistan, P\u00e9rou, Qatar, R\u00e9publique d\u00e9mocratique du Congo, R\u00e9publique dominicaine, Royaume-Uni, Russie, S\u00e9n\u00e9gal, Singapour, Ta\u00efwan, Tchad, Tha\u00eflande, Togo, Tunisie, Turquie, Ukraine, Vietnam<\/p>\n<p>Veuillez noter que Campus France exige un test de langue fran\u00e7aise pour les \u00e9tudiants internationaux hors UE. Bien que tous nos cours soient en anglais, vous devrez peut-\u00eatre d\u00e9montrer un certain degr\u00e9 de ma\u00eetrise du fran\u00e7ais pour obtenir un visa \u00e9tudiant.<\/p>\n<\/div>\n<\/div>\n<\/div>\n<\/div>\n<h3><strong>Sp\u00e9cialisation et cours \u00e0 Paris Cit\u00e9<\/strong><\/h3>\n<p>Vous devez mentionner dans votre candidature JDEAS le domaine de sp\u00e9cialisation que vous envisagez, puisqu&rsquo;en septembre, une fois inscrit, il vous sera demand\u00e9 de choisir un sujet de recherche et un directeur de recherche pour votre m\u00e9moire.<\/p>\n<p>Les domaines de recherche et directeurs potentiels sont list\u00e9s ici : <a href=\"https:\/\/wordpress-test.app.u-pariscite.fr\/etudes-anglophones\/liste-des-directeurs-de-master\/\">https:\/\/wordpress-test.app.u-pariscite.fr\/etudes-anglophones\/liste-des-directeurs-de-master\/<\/a><\/p>\n<p>Il est recommand\u00e9 de prendre contact avec un directeur potentiel en juin, une fois votre candidature au JDEAS accept\u00e9e. N&rsquo;oubliez pas d&rsquo;expliquer que vous vous inscrivez au Joint Master (cursus int\u00e9gr\u00e9 en \u00e9tudes anglaises et am\u00e9ricaines), et non \u00e0 un autre de nos parcours de master (art et culture visuelle \u2013 histoire et civilisation \u2013 linguistique \u2013 litt\u00e9rature &#8211; premi\u00e8res modernit\u00e9s)<\/p>\n<p>Les consignes de r\u00e9daction de m\u00e9moire en M1 et M2 sont variables en fonction de la sp\u00e9cialisation choisie. Les \u00e9tudiants du JDEAS suivront des s\u00e9minaires communs avec les \u00e9tudiants des autres parcours de master (art et culture visuelle \u2013 histoire et civilisation \u2013 linguistique \u2013 litt\u00e9rature &#8211; premi\u00e8res modernit\u00e9s)<\/p>\n<p>Listes des diff\u00e9rents parcours du Master \u00e9tudes anglophones : <a href=\"https:\/\/wordpress-test.app.u-pariscite.fr\/etudes-anglophones\/masters-recherche\/\" target=\"_blank\" rel=\"noopener noreferrer\">https:\/\/wordpress-test.app.u-pariscite.fr\/etudes-anglophones\/masters-recherche\/<\/a><\/p>\n<div class=\"pane-content\">\n<div class=\"field field-name-body field-type-text-with-summary field-label-hidden\">\n<div class=\"field-items\">\n<div class=\"field-item even\">\n<p>T\u00e9l\u00e9charger la <a href=\"https:\/\/cloud.parisdescartes.fr\/index.php\/s\/Ewndj2AjfTo8czJ\">brochure des enseignements en 2024-25<\/a><\/p>\n<\/div>\n<\/div>\n<\/div>\n<\/div>\n<\/div>\n<\/div>\n<\/div>\n<\/div>\n<p>[\/et_pb_text][\/et_pb_column][et_pb_column type=\u00a0\u00bb1_4&Prime;][\/et_pb_column][\/et_pb_row][\/et_pb_section][et_pb_section bb_built=\u00a0\u00bb1&Prime; specialty=\u00a0\u00bboff\u00a0\u00bb _builder_version=\u00a0\u00bb3.21&Prime; custom_padding=\u00a0\u00bb0px||0px|\u00a0\u00bb prev_background_color=\u00a0\u00bb#000000&Prime; inner_width=\u00a0\u00bbauto\u00a0\u00bb inner_max_width=\u00a0\u00bbnone\u00a0\u00bb][et_pb_row _builder_version=\u00a0\u00bb3.19.11&Prime; width=\u00a0\u00bb80%\u00a0\u00bb max_width=\u00a0\u00bb1080px\u00a0\u00bb][et_pb_column type=\u00a0\u00bb4_4&Prime;][et_pb_text admin_label=\u00a0\u00bb\u00c0 lire aussi\u00a0\u00bb _builder_version=\u00a0\u00bb3.21&Prime;]<\/p>\n<h2><span class=\"st\">\u00c0<\/span> lire aussi<\/h2>\n<p>[\/et_pb_text][et_pb_blog _builder_version=\u00a0\u00bb3.21&Prime; posts_number=\u00a0\u00bb4&Prime; include_categories=\u00a0\u00bb13&Prime; show_author=\u00a0\u00bboff\u00a0\u00bb show_date=\u00a0\u00bboff\u00a0\u00bb show_pagination=\u00a0\u00bboff\u00a0\u00bb border_width_bottom_fullwidth=\u00a0\u00bb1px\u00a0\u00bb border_color_bottom_fullwidth=\u00a0\u00bbrgba(51,51,51,0.18)\u00a0\u00bb custom_padding=\u00a0\u00bb||50px|\u00a0\u00bb module_id=\u00a0\u00bbpage_type_blog\u00a0\u00bb header_level=\u00a0\u00bbh4&Prime; \/][\/et_pb_column][\/et_pb_row][\/et_pb_section]<\/p>\n","protected":false},"excerpt":{"rendered":"<div class=\"et_pb_row et_pb_row_0 et_pb_row_empty\"><\/div>\n<div class=\"et_pb_row et_pb_row_1 et_pb_row_empty\"><\/div>\n<p> L\u2019UFR d\u2019\u00c9tudes Anglophones a mis en place avec un consortium de partenaires un Master Cursus int\u00e9gr\u00e9 en \u00e9tudes anglaises et am\u00e9ricaines (Joint Degree in English and American Studies). <\/p>\n<div class=\"et_pb_row et_pb_row_2 et_pb_row_empty\"><\/div>\n<p> Ce parcours s\u2019inscrit dans le Master recherche \u00c9tudes Anglophones.\u00c0 l\u2019issue des deux ann\u00e9es de Master, l\u2019\u00e9tudiant recevra le dipl\u00f4me du Master \u00c9tudes Anglophones d\u2019Universit\u00e9 Paris&hellip; <a class=\"continue\" href=\"https:\/\/wordpress-test.app.u-pariscite.fr\/etudes-anglophones\/parcours-etudes-anglophones-joint-degree-of-english-and-american-studies\/\">Lire la suite<span> Master LLCER &#8211; Parcours Etudes Anglophones : Joint Degree of English and American Studies<\/span><\/a><\/p>\n","protected":false},"author":36,"featured_media":0,"parent":0,"menu_order":0,"comment_status":"closed","ping_status":"closed","template":"","meta":{"_et_pb_use_builder":"on","_et_pb_old_content":"","_et_gb_content_width":"","footnotes":""},"class_list":["post-9486","page","type-page","status-publish","hentry"],"_links":{"self":[{"href":"https:\/\/wordpress-test.app.u-pariscite.fr\/etudes-anglophones\/wp-json\/wp\/v2\/pages\/9486","targetHints":{"allow":["GET"]}}],"collection":[{"href":"https:\/\/wordpress-test.app.u-pariscite.fr\/etudes-anglophones\/wp-json\/wp\/v2\/pages"}],"about":[{"href":"https:\/\/wordpress-test.app.u-pariscite.fr\/etudes-anglophones\/wp-json\/wp\/v2\/types\/page"}],"author":[{"embeddable":true,"href":"https:\/\/wordpress-test.app.u-pariscite.fr\/etudes-anglophones\/wp-json\/wp\/v2\/users\/36"}],"replies":[{"embeddable":true,"href":"https:\/\/wordpress-test.app.u-pariscite.fr\/etudes-anglophones\/wp-json\/wp\/v2\/comments?post=9486"}],"version-history":[{"count":11,"href":"https:\/\/wordpress-test.app.u-pariscite.fr\/etudes-anglophones\/wp-json\/wp\/v2\/pages\/9486\/revisions"}],"predecessor-version":[{"id":12225,"href":"https:\/\/wordpress-test.app.u-pariscite.fr\/etudes-anglophones\/wp-json\/wp\/v2\/pages\/9486\/revisions\/12225"}],"wp:attachment":[{"href":"https:\/\/wordpress-test.app.u-pariscite.fr\/etudes-anglophones\/wp-json\/wp\/v2\/media?parent=9486"}],"curies":[{"name":"wp","href":"https:\/\/api.w.org\/{rel}","templated":true}]}}