{"id":9481,"date":"2021-11-23T15:13:51","date_gmt":"2021-11-23T14:13:51","guid":{"rendered":"https:\/\/wordpress-test.app.u-pariscite.fr\/etudes-anglophones\/?page_id=9481"},"modified":"2024-09-12T10:34:01","modified_gmt":"2024-09-12T08:34:01","slug":"parcours-etudes-anglophones-premieres-modernites","status":"publish","type":"page","link":"https:\/\/wordpress-test.app.u-pariscite.fr\/etudes-anglophones\/parcours-etudes-anglophones-premieres-modernites\/","title":{"rendered":"Master LLCER &#8211; Parcours \u00c9tudes Anglophones : Premi\u00e8res modernit\u00e9s"},"content":{"rendered":"<p>[et_pb_section bb_built=\u00a0\u00bb1&Prime; next_background_color=\u00a0\u00bb#000000&Prime; inner_width=\u00a0\u00bbauto\u00a0\u00bb inner_max_width=\u00a0\u00bbnone\u00a0\u00bb][et_pb_row][et_pb_column type=\u00a0\u00bb4_4&Prime;][et_pb_post_title admin_label=\u00a0\u00bbTitre de la page\u00a0\u00bb _builder_version=\u00a0\u00bb3.19.11&Prime; meta=\u00a0\u00bboff\u00a0\u00bb featured_image=\u00a0\u00bboff\u00a0\u00bb \/][\/et_pb_column][\/et_pb_row][et_pb_row][et_pb_column type=\u00a0\u00bb3_4&Prime;][et_pb_text admin_label=\u00a0\u00bbIntro\u00a0\u00bb _builder_version=\u00a0\u00bb3.22.1&Prime; module_id=\u00a0\u00bbintro\u00a0\u00bb text_text_shadow_horizontal_length=\u00a0\u00bbtext_text_shadow_style,%91object Object%93&Prime; text_text_shadow_vertical_length=\u00a0\u00bbtext_text_shadow_style,%91object Object%93&Prime; text_text_shadow_blur_strength=\u00a0\u00bbtext_text_shadow_style,%91object Object%93&Prime; link_text_shadow_horizontal_length=\u00a0\u00bblink_text_shadow_style,%91object Object%93&Prime; link_text_shadow_vertical_length=\u00a0\u00bblink_text_shadow_style,%91object Object%93&Prime; link_text_shadow_blur_strength=\u00a0\u00bblink_text_shadow_style,%91object Object%93&Prime; ul_text_shadow_horizontal_length=\u00a0\u00bbul_text_shadow_style,%91object Object%93&Prime; ul_text_shadow_vertical_length=\u00a0\u00bbul_text_shadow_style,%91object Object%93&Prime; ul_text_shadow_blur_strength=\u00a0\u00bbul_text_shadow_style,%91object Object%93&Prime; ol_text_shadow_horizontal_length=\u00a0\u00bbol_text_shadow_style,%91object Object%93&Prime; ol_text_shadow_vertical_length=\u00a0\u00bbol_text_shadow_style,%91object Object%93&Prime; ol_text_shadow_blur_strength=\u00a0\u00bbol_text_shadow_style,%91object Object%93&Prime; quote_text_shadow_horizontal_length=\u00a0\u00bbquote_text_shadow_style,%91object Object%93&Prime; quote_text_shadow_vertical_length=\u00a0\u00bbquote_text_shadow_style,%91object Object%93&Prime; quote_text_shadow_blur_strength=\u00a0\u00bbquote_text_shadow_style,%91object Object%93&Prime; header_text_shadow_horizontal_length=\u00a0\u00bbheader_text_shadow_style,%91object Object%93&Prime; header_text_shadow_vertical_length=\u00a0\u00bbheader_text_shadow_style,%91object Object%93&Prime; header_text_shadow_blur_strength=\u00a0\u00bbheader_text_shadow_style,%91object Object%93&Prime; header_2_text_shadow_horizontal_length=\u00a0\u00bbheader_2_text_shadow_style,%91object Object%93&Prime; header_2_text_shadow_vertical_length=\u00a0\u00bbheader_2_text_shadow_style,%91object Object%93&Prime; header_2_text_shadow_blur_strength=\u00a0\u00bbheader_2_text_shadow_style,%91object Object%93&Prime; header_3_text_shadow_horizontal_length=\u00a0\u00bbheader_3_text_shadow_style,%91object Object%93&Prime; header_3_text_shadow_vertical_length=\u00a0\u00bbheader_3_text_shadow_style,%91object Object%93&Prime; header_3_text_shadow_blur_strength=\u00a0\u00bbheader_3_text_shadow_style,%91object Object%93&Prime; header_4_text_shadow_horizontal_length=\u00a0\u00bbheader_4_text_shadow_style,%91object Object%93&Prime; header_4_text_shadow_vertical_length=\u00a0\u00bbheader_4_text_shadow_style,%91object Object%93&Prime; header_4_text_shadow_blur_strength=\u00a0\u00bbheader_4_text_shadow_style,%91object Object%93&Prime; header_5_text_shadow_horizontal_length=\u00a0\u00bbheader_5_text_shadow_style,%91object Object%93&Prime; header_5_text_shadow_vertical_length=\u00a0\u00bbheader_5_text_shadow_style,%91object Object%93&Prime; header_5_text_shadow_blur_strength=\u00a0\u00bbheader_5_text_shadow_style,%91object Object%93&Prime; header_6_text_shadow_horizontal_length=\u00a0\u00bbheader_6_text_shadow_style,%91object Object%93&Prime; header_6_text_shadow_vertical_length=\u00a0\u00bbheader_6_text_shadow_style,%91object Object%93&Prime; header_6_text_shadow_blur_strength=\u00a0\u00bbheader_6_text_shadow_style,%91object Object%93&Prime; z_index_tablet=\u00a0\u00bb500&Prime;]<\/p>\n<div class=\"page\" title=\"Page 1\">\n<div class=\"layoutArea\">\n<div class=\"column\">\n<div class=\"et_pb_row et_pb_row_0\">\n<div class=\"et_pb_column et_pb_column_4_4 et_pb_column_0 et_pb_css_mix_blend_mode_passthrough et-last-child\">\n<div class=\"et_pb_module et_pb_post_title et_pb_post_title_0 et_pb_bg_layout_light et_pb_text_align_left\">\n<div class=\"et_pb_title_container\">\n<p>Premi\u00e8res Modernit\u00e9s (16e-18e)<\/p>\n<\/div>\n<\/div>\n<\/div>\n<\/div>\n<\/div>\n<\/div>\n<\/div>\n<p>[\/et_pb_text][\/et_pb_column][et_pb_column type=\u00a0\u00bb1_4&Prime;][\/et_pb_column][\/et_pb_row][et_pb_row][et_pb_column type=\u00a0\u00bb3_4&Prime;][et_pb_text _builder_version=\u00a0\u00bb3.22.1&Prime; module_id=\u00a0\u00bbcontenu\u00a0\u00bb text_text_shadow_horizontal_length=\u00a0\u00bbtext_text_shadow_style,%91object Object%93&Prime; text_text_shadow_vertical_length=\u00a0\u00bbtext_text_shadow_style,%91object Object%93&Prime; text_text_shadow_blur_strength=\u00a0\u00bbtext_text_shadow_style,%91object Object%93&Prime; link_text_shadow_horizontal_length=\u00a0\u00bblink_text_shadow_style,%91object Object%93&Prime; link_text_shadow_vertical_length=\u00a0\u00bblink_text_shadow_style,%91object Object%93&Prime; link_text_shadow_blur_strength=\u00a0\u00bblink_text_shadow_style,%91object Object%93&Prime; ul_text_shadow_horizontal_length=\u00a0\u00bbul_text_shadow_style,%91object Object%93&Prime; ul_text_shadow_vertical_length=\u00a0\u00bbul_text_shadow_style,%91object Object%93&Prime; ul_text_shadow_blur_strength=\u00a0\u00bbul_text_shadow_style,%91object Object%93&Prime; ol_text_shadow_horizontal_length=\u00a0\u00bbol_text_shadow_style,%91object Object%93&Prime; ol_text_shadow_vertical_length=\u00a0\u00bbol_text_shadow_style,%91object Object%93&Prime; ol_text_shadow_blur_strength=\u00a0\u00bbol_text_shadow_style,%91object Object%93&Prime; quote_text_shadow_horizontal_length=\u00a0\u00bbquote_text_shadow_style,%91object Object%93&Prime; quote_text_shadow_vertical_length=\u00a0\u00bbquote_text_shadow_style,%91object Object%93&Prime; quote_text_shadow_blur_strength=\u00a0\u00bbquote_text_shadow_style,%91object Object%93&Prime; header_text_shadow_horizontal_length=\u00a0\u00bbheader_text_shadow_style,%91object Object%93&Prime; header_text_shadow_vertical_length=\u00a0\u00bbheader_text_shadow_style,%91object Object%93&Prime; header_text_shadow_blur_strength=\u00a0\u00bbheader_text_shadow_style,%91object Object%93&Prime; header_2_text_shadow_horizontal_length=\u00a0\u00bbheader_2_text_shadow_style,%91object Object%93&Prime; header_2_text_shadow_vertical_length=\u00a0\u00bbheader_2_text_shadow_style,%91object Object%93&Prime; header_2_text_shadow_blur_strength=\u00a0\u00bbheader_2_text_shadow_style,%91object Object%93&Prime; header_3_text_shadow_horizontal_length=\u00a0\u00bbheader_3_text_shadow_style,%91object Object%93&Prime; header_3_text_shadow_vertical_length=\u00a0\u00bbheader_3_text_shadow_style,%91object Object%93&Prime; header_3_text_shadow_blur_strength=\u00a0\u00bbheader_3_text_shadow_style,%91object Object%93&Prime; header_4_text_shadow_horizontal_length=\u00a0\u00bbheader_4_text_shadow_style,%91object Object%93&Prime; header_4_text_shadow_vertical_length=\u00a0\u00bbheader_4_text_shadow_style,%91object Object%93&Prime; header_4_text_shadow_blur_strength=\u00a0\u00bbheader_4_text_shadow_style,%91object Object%93&Prime; header_5_text_shadow_horizontal_length=\u00a0\u00bbheader_5_text_shadow_style,%91object Object%93&Prime; header_5_text_shadow_vertical_length=\u00a0\u00bbheader_5_text_shadow_style,%91object Object%93&Prime; header_5_text_shadow_blur_strength=\u00a0\u00bbheader_5_text_shadow_style,%91object Object%93&Prime; header_6_text_shadow_horizontal_length=\u00a0\u00bbheader_6_text_shadow_style,%91object Object%93&Prime; header_6_text_shadow_vertical_length=\u00a0\u00bbheader_6_text_shadow_style,%91object Object%93&Prime; header_6_text_shadow_blur_strength=\u00a0\u00bbheader_6_text_shadow_style,%91object Object%93&Prime; z_index_tablet=\u00a0\u00bb500&Prime;]<\/p>\n<div class=\"et_pb_column et_pb_column_4_4 et_pb_column_1 et_pb_css_mix_blend_mode_passthrough et-last-child\">\n<div class=\"et_pb_module et_pb_text et_pb_text_0 et_pb_bg_layout_light et_pb_text_align_left\">\n<div class=\"et_pb_text_inner\">\n<div class=\"panel-pane pane-entity-field pane-node-body\">\n<div class=\"pane-content\">\n<div class=\"field field-name-body field-type-text-with-summary field-label-hidden\">\n<div class=\"field-items\">\n<div class=\"field-item even\">\n<blockquote>\n<p>Unique en France, propos\u00e9 int\u00e9gralement en anglais, ce master a pour vocation de former des \u00e9tudiants fran\u00e7ais et internationaux int\u00e9ress\u00e9s par une \u00e9tude diachronique innovante sur une p\u00e9riode d\u00e9terminante pour la modernit\u00e9 occidentale.<\/p>\n<\/blockquote>\n<p>Il s\u2019appuie sur des s\u00e9minaires existants, ouverts dans les autres parcours du Master Recherche.<\/p>\n<p>Les \u00e9tudiants ayant suivi cette sp\u00e9cialisation auront re\u00e7u une formation interdisciplinaire riche et polyvalente qui en fera non seulement des sp\u00e9cialistes recherch\u00e9s de la p\u00e9riode moderne de la Renaissance aux Lumi\u00e8res et au Romantisme, mais aussi de bons analystes de la p\u00e9riode contemporaine, dont ils pourront faire comprendre les grands enjeux et les questionnements \u00e0 la lumi\u00e8re de l\u2019histoire des id\u00e9es et des mentalit\u00e9s.<\/p>\n<blockquote>\n<p>Ils auront vocation \u00e0 poursuivre leur parcours sous forme d\u2019un projet doctoral, \u00e9ventuellement en co-tutelle internationale, avec l\u2019une des universit\u00e9s partenaires, mais aussi \u00e0 se pr\u00e9senter aux concours de recrutement dans les meilleures conditions.<\/p>\n<\/blockquote>\n<p>&gt; Responsable de parcours : Ladan Niayesh : <a href=\"mailto:niayesh@univ-paris-diderot.fr\">niayesh@univ-paris-diderot.fr<\/a><span class=\"mailto\"><span class=\"element-invisible\"><br \/><\/span><\/span><\/p>\n<blockquote>\n<p>T\u00e9l\u00e9charger la<a href=\"https:\/\/cloud.parisdescartes.fr\/index.php\/s\/B2Yt4g86WPk3jLo\" target=\"_blank\" rel=\"noopener noreferrer\"> brochure des enseignements parcours Premi\u00e8res modernit\u00e9s<\/a><\/p>\n<\/blockquote>\n<p><strong>PRE-REQUIS <\/strong><\/p>\n<p><strong>Pr\u00e9-requis obligatoire <\/strong><\/p>\n<p>Licence d&rsquo;\u00e9tudes anglophones (ou \u00e9quivalent,\u00a0soumis \u00e0 appr\u00e9ciation de la commission d\u2019admission)<\/p>\n<p><strong>Attendus de la formation<\/strong><\/p>\n<p>Excellente ma\u00eetrise de l\u2019expression \u00e9crite et orale en anglais\u00a0: Le niveau exig\u00e9 en anglais est C1. Pour les candidatures hors-Europe et pas issues d\u2019un pays anglophone, ce niveau doit \u00eatre attest\u00e9 par un r\u00e9sultat de test de langue internationalement reconnu (ex\u00a0: minimum 7 \u00e0 IELTS, 100 au TOEFL, 130 au test Duolingo, ou le Cambridge Proficiency).<\/p>\n<p>Capacit\u00e9s argumentatives en anglais ; solide culture g\u00e9n\u00e9rale sur la litt\u00e9rature des mondes anglophones. Capacit\u00e9 \u00e0 travailler seul pour mener un projet de recherche en autonomie.\u00a0<\/p>\n<p><strong>Niveau de fran\u00e7ais<\/strong><\/p>\n<p>Aucun niveau de fran\u00e7ais n\u2019est exig\u00e9 pour le parcours Recherche, mais il est recommand\u00e9 d\u2019avoir des comp\u00e9tences suffisantes pour communiquer au quotidien.\u00a0<\/p>\n<p><strong>Crit\u00e8res g\u00e9n\u00e9raux d\u2019examen des dossiers<\/strong><\/p>\n<p>La commission d\u2019admission pr\u00eate une attention toute particuli\u00e8re aux r\u00e9sultats en Licence (en particulier le premier semestre de la L3),\u00a0\u00e0 la coh\u00e9rence du parcours ant\u00e9rieur de l\u2019\u00e9tudiant avec la formation envisag\u00e9e, et \u00e0 la lettre de motivation r\u00e9dig\u00e9e en anglais.\u00a0Les \u00e9ventuelles activit\u00e9s extra-universitaires sont \u00e9galement prises en compte quand elles sont en lien avec la formation (projets, stages, volontariat, service civique).\u00a0<\/p>\n<p>\u00a0<\/p>\n<p><strong>Consignes pour r\u00e9diger la <u>lettre de motivation en anglais \u00e0 joindre \u00e0 votre dossier de candidature<\/u><\/strong><\/p>\n<p>Veillez \u00e0 ne pas \u00e9crire une lettre de motivation standard telle que trouv\u00e9e sur internet, \u00e9vitez les clich\u00e9s d\u2019usage, mais essayez de donner une id\u00e9e de vos int\u00e9r\u00eats et de votre personnalit\u00e9 en r\u00e9pondant \u00e0 ce type de questions\u00a0:<\/p>\n<ul>\n<li>pourquoi souhaitez-vous int\u00e9grer ce master \/ ce parcours\u00a0? Quels sont les aspects de la formation qui vous attirent le plus\u00a0?<\/li>\n<li>quels sont les objets auxquels vous vous int\u00e9ressez le plus (archives historiques, corpus litt\u00e9raires, arts visuels, etc.), et pourquoi (essayez de ne pas en rester simplement \u00e0 vos go\u00fbts, mais tentez de dire pourquoi tel ou tel m\u00e9dium vous int\u00e9resse)\u00a0?<\/li>\n<li>quelles sont vos pratiques culturelles (quels mus\u00e9es ou expositions, quels types de livres, etc.) ? L\u00e0 encore, expliquez pourquoi.<\/li>\n<li>R\u00e9fl\u00e9chissez\u00a0\u00e0 des sujets de m\u00e9moire de recherche potentiels : choisissez-en deux et d\u00e9crivez-les en quelques lignes chacun (prose, po\u00e9sie, th\u00e9\u00e2tre, quelle p\u00e9riode, quel corpus\u2026), en\u00a0esquissant des pistes d&rsquo;approche critique (quel type de sources pourrait \u00eatre pertinent, quelle m\u00e9thodologie, quels ouvrages th\u00e9oriques ?)<\/li>\n<\/ul>\n<p>NB : les sujets de m\u00e9moire sont \u00e9labor\u00e9s en collaboration avec l\u2019\u00e9quipe p\u00e9dagogique au cours du 1<sup>er<\/sup>\u00a0semestre. Le m\u00e9moire est r\u00e9dig\u00e9 en 2 ans (M1 et M2).<\/p>\n<ul>\n<li>avez-vous d\u00e9j\u00e0 fait des s\u00e9jours dans des pays anglophones, dans quel contexte (s\u00e9jour linguistique, job d\u2019\u00e9t\u00e9, etc.), combien de temps\u00a0?<\/li>\n<\/ul>\n<p>\u00a0<\/p>\n<\/div>\n<\/div>\n<\/div>\n<\/div>\n<\/div>\n<\/div>\n<\/div>\n<\/div>\n<p>[\/et_pb_text][\/et_pb_column][et_pb_column type=\u00a0\u00bb1_4&Prime;][\/et_pb_column][\/et_pb_row][\/et_pb_section][et_pb_section bb_built=\u00a0\u00bb1&Prime; specialty=\u00a0\u00bboff\u00a0\u00bb _builder_version=\u00a0\u00bb3.21&Prime; custom_padding=\u00a0\u00bb0px||0px|\u00a0\u00bb prev_background_color=\u00a0\u00bb#000000&Prime; inner_width=\u00a0\u00bbauto\u00a0\u00bb inner_max_width=\u00a0\u00bbnone\u00a0\u00bb][et_pb_row _builder_version=\u00a0\u00bb3.19.11&Prime; width=\u00a0\u00bb80%\u00a0\u00bb max_width=\u00a0\u00bb1080px\u00a0\u00bb][et_pb_column type=\u00a0\u00bb4_4&Prime;][et_pb_text admin_label=\u00a0\u00bb\u00c0 lire aussi\u00a0\u00bb _builder_version=\u00a0\u00bb3.21&Prime;]<\/p>\n<h2><span class=\"st\">\u00c0<\/span> lire aussi<\/h2>\n<p>[\/et_pb_text][et_pb_blog _builder_version=\u00a0\u00bb3.21&Prime; posts_number=\u00a0\u00bb4&Prime; include_categories=\u00a0\u00bb13&Prime; show_author=\u00a0\u00bboff\u00a0\u00bb show_date=\u00a0\u00bboff\u00a0\u00bb show_pagination=\u00a0\u00bboff\u00a0\u00bb border_width_bottom_fullwidth=\u00a0\u00bb1px\u00a0\u00bb border_color_bottom_fullwidth=\u00a0\u00bbrgba(51,51,51,0.18)\u00a0\u00bb custom_padding=\u00a0\u00bb||50px|\u00a0\u00bb module_id=\u00a0\u00bbpage_type_blog\u00a0\u00bb header_level=\u00a0\u00bbh4&Prime; \/][\/et_pb_column][\/et_pb_row][\/et_pb_section]<\/p>\n","protected":false},"excerpt":{"rendered":"<div class=\"et_pb_row et_pb_row_0 et_pb_row_empty\"><\/div>\n<div class=\"et_pb_row et_pb_row_1 et_pb_row_empty\"><\/div>\n<p> Premi\u00e8res Modernit\u00e9s (16e-18e) <\/p>\n<div class=\"et_pb_row et_pb_row_2 et_pb_row_empty\"><\/div>\n<p> Unique en France, propos\u00e9 int\u00e9gralement en anglais, ce master a pour vocation de former des \u00e9tudiants fran\u00e7ais et internationaux int\u00e9ress\u00e9s par une \u00e9tude diachronique innovante sur une p\u00e9riode d\u00e9terminante pour la modernit\u00e9 occidentale.Il s\u2019appuie sur des s\u00e9minaires existants, ouverts dans les autres parcours du Master Recherche.Les \u00e9tudiants ayant suivi cette&hellip; <a class=\"continue\" href=\"https:\/\/wordpress-test.app.u-pariscite.fr\/etudes-anglophones\/parcours-etudes-anglophones-premieres-modernites\/\">Lire la suite<span> Master LLCER &#8211; Parcours \u00c9tudes Anglophones : Premi\u00e8res modernit\u00e9s<\/span><\/a><\/p>\n","protected":false},"author":36,"featured_media":0,"parent":0,"menu_order":0,"comment_status":"closed","ping_status":"closed","template":"","meta":{"_et_pb_use_builder":"on","_et_pb_old_content":"","_et_gb_content_width":"","footnotes":""},"class_list":["post-9481","page","type-page","status-publish","hentry"],"_links":{"self":[{"href":"https:\/\/wordpress-test.app.u-pariscite.fr\/etudes-anglophones\/wp-json\/wp\/v2\/pages\/9481","targetHints":{"allow":["GET"]}}],"collection":[{"href":"https:\/\/wordpress-test.app.u-pariscite.fr\/etudes-anglophones\/wp-json\/wp\/v2\/pages"}],"about":[{"href":"https:\/\/wordpress-test.app.u-pariscite.fr\/etudes-anglophones\/wp-json\/wp\/v2\/types\/page"}],"author":[{"embeddable":true,"href":"https:\/\/wordpress-test.app.u-pariscite.fr\/etudes-anglophones\/wp-json\/wp\/v2\/users\/36"}],"replies":[{"embeddable":true,"href":"https:\/\/wordpress-test.app.u-pariscite.fr\/etudes-anglophones\/wp-json\/wp\/v2\/comments?post=9481"}],"version-history":[{"count":12,"href":"https:\/\/wordpress-test.app.u-pariscite.fr\/etudes-anglophones\/wp-json\/wp\/v2\/pages\/9481\/revisions"}],"predecessor-version":[{"id":12224,"href":"https:\/\/wordpress-test.app.u-pariscite.fr\/etudes-anglophones\/wp-json\/wp\/v2\/pages\/9481\/revisions\/12224"}],"wp:attachment":[{"href":"https:\/\/wordpress-test.app.u-pariscite.fr\/etudes-anglophones\/wp-json\/wp\/v2\/media?parent=9481"}],"curies":[{"name":"wp","href":"https:\/\/api.w.org\/{rel}","templated":true}]}}