{"id":8959,"date":"2021-07-08T15:04:06","date_gmt":"2021-07-08T13:04:06","guid":{"rendered":"https:\/\/wordpress-test.app.u-pariscite.fr\/etudes-anglophones\/?page_id=8959"},"modified":"2022-09-24T20:59:21","modified_gmt":"2022-09-24T18:59:21","slug":"contrat-detudes-hors-europe","status":"publish","type":"page","link":"https:\/\/wordpress-test.app.u-pariscite.fr\/etudes-anglophones\/contrat-detudes-hors-europe\/","title":{"rendered":"Contrat d\u2019\u00e9tudes hors Europe pour les \u00e9tudiants de l\u2019UFR \u00c9tudes Anglophones"},"content":{"rendered":"<p>[et_pb_section bb_built=\u00a0\u00bb1&Prime; inner_width=\u00a0\u00bbauto\u00a0\u00bb inner_max_width=\u00a0\u00bbnone\u00a0\u00bb next_background_color=\u00a0\u00bb#000000&Prime;][et_pb_row][et_pb_column type=\u00a0\u00bb4_4&Prime;][et_pb_post_title _builder_version=\u00a0\u00bb3.22.1&Prime; meta=\u00a0\u00bboff\u00a0\u00bb featured_image=\u00a0\u00bboff\u00a0\u00bb text_shadow_horizontal_length=\u00a0\u00bbtext_shadow_style,%91object Object%93&Prime; text_shadow_vertical_length=\u00a0\u00bbtext_shadow_style,%91object Object%93&Prime; text_shadow_blur_strength=\u00a0\u00bbtext_shadow_style,%91object Object%93&Prime; title_text_shadow_horizontal_length=\u00a0\u00bbtitle_text_shadow_style,%91object Object%93&Prime; title_text_shadow_vertical_length=\u00a0\u00bbtitle_text_shadow_style,%91object Object%93&Prime; title_text_shadow_blur_strength=\u00a0\u00bbtitle_text_shadow_style,%91object Object%93&Prime; meta_text_shadow_horizontal_length=\u00a0\u00bbmeta_text_shadow_style,%91object Object%93&Prime; meta_text_shadow_vertical_length=\u00a0\u00bbmeta_text_shadow_style,%91object Object%93&Prime; meta_text_shadow_blur_strength=\u00a0\u00bbmeta_text_shadow_style,%91object Object%93&Prime; z_index_tablet=\u00a0\u00bb500&Prime; \/][\/et_pb_column][\/et_pb_row][et_pb_row][et_pb_column type=\u00a0\u00bb3_4&Prime;][et_pb_text admin_label=\u00a0\u00bbContrat d&rsquo;\u00e9tudes hors Europe\u00a0\u00bb _builder_version=\u00a0\u00bb3.22.1&Prime; text_text_shadow_horizontal_length=\u00a0\u00bbtext_text_shadow_style,%91object Object%93&Prime; text_text_shadow_vertical_length=\u00a0\u00bbtext_text_shadow_style,%91object Object%93&Prime; text_text_shadow_blur_strength=\u00a0\u00bbtext_text_shadow_style,%91object Object%93&Prime; text_orientation=\u00a0\u00bbjustified\u00a0\u00bb link_text_shadow_horizontal_length=\u00a0\u00bblink_text_shadow_style,%91object Object%93&Prime; link_text_shadow_vertical_length=\u00a0\u00bblink_text_shadow_style,%91object Object%93&Prime; link_text_shadow_blur_strength=\u00a0\u00bblink_text_shadow_style,%91object Object%93&Prime; ul_text_shadow_horizontal_length=\u00a0\u00bbul_text_shadow_style,%91object Object%93&Prime; ul_text_shadow_vertical_length=\u00a0\u00bbul_text_shadow_style,%91object Object%93&Prime; ul_text_shadow_blur_strength=\u00a0\u00bbul_text_shadow_style,%91object Object%93&Prime; ol_text_shadow_horizontal_length=\u00a0\u00bbol_text_shadow_style,%91object Object%93&Prime; ol_text_shadow_vertical_length=\u00a0\u00bbol_text_shadow_style,%91object Object%93&Prime; ol_text_shadow_blur_strength=\u00a0\u00bbol_text_shadow_style,%91object Object%93&Prime; quote_text_shadow_horizontal_length=\u00a0\u00bbquote_text_shadow_style,%91object Object%93&Prime; quote_text_shadow_vertical_length=\u00a0\u00bbquote_text_shadow_style,%91object Object%93&Prime; quote_text_shadow_blur_strength=\u00a0\u00bbquote_text_shadow_style,%91object Object%93&Prime; header_text_shadow_horizontal_length=\u00a0\u00bbheader_text_shadow_style,%91object Object%93&Prime; header_text_shadow_vertical_length=\u00a0\u00bbheader_text_shadow_style,%91object Object%93&Prime; header_text_shadow_blur_strength=\u00a0\u00bbheader_text_shadow_style,%91object Object%93&Prime; header_2_text_shadow_horizontal_length=\u00a0\u00bbheader_2_text_shadow_style,%91object Object%93&Prime; header_2_text_shadow_vertical_length=\u00a0\u00bbheader_2_text_shadow_style,%91object Object%93&Prime; header_2_text_shadow_blur_strength=\u00a0\u00bbheader_2_text_shadow_style,%91object Object%93&Prime; header_3_text_shadow_horizontal_length=\u00a0\u00bbheader_3_text_shadow_style,%91object Object%93&Prime; header_3_text_shadow_vertical_length=\u00a0\u00bbheader_3_text_shadow_style,%91object Object%93&Prime; header_3_text_shadow_blur_strength=\u00a0\u00bbheader_3_text_shadow_style,%91object Object%93&Prime; header_4_text_shadow_horizontal_length=\u00a0\u00bbheader_4_text_shadow_style,%91object Object%93&Prime; header_4_text_shadow_vertical_length=\u00a0\u00bbheader_4_text_shadow_style,%91object Object%93&Prime; header_4_text_shadow_blur_strength=\u00a0\u00bbheader_4_text_shadow_style,%91object Object%93&Prime; header_5_text_shadow_horizontal_length=\u00a0\u00bbheader_5_text_shadow_style,%91object Object%93&Prime; header_5_text_shadow_vertical_length=\u00a0\u00bbheader_5_text_shadow_style,%91object Object%93&Prime; header_5_text_shadow_blur_strength=\u00a0\u00bbheader_5_text_shadow_style,%91object Object%93&Prime; header_6_text_shadow_horizontal_length=\u00a0\u00bbheader_6_text_shadow_style,%91object Object%93&Prime; header_6_text_shadow_vertical_length=\u00a0\u00bbheader_6_text_shadow_style,%91object Object%93&Prime; header_6_text_shadow_blur_strength=\u00a0\u00bbheader_6_text_shadow_style,%91object Object%93&Prime; z_index_tablet=\u00a0\u00bb500&Prime;]<\/p>\n<p>Le contrat d\u2019\u00e9tudes est la liste des cours que vous suivrez dans votre universit\u00e9 d&rsquo;accueil. Il doit \u00eatre sign\u00e9 par le <a href=\"https:\/\/wordpress-test.app.u-pariscite.fr\/etudes-anglophones\/ri_coordination\/\" target=\"_blank\" rel=\"noopener noreferrer\">coordinateur p\u00e9dagogique de l\u2019UFR<\/a><\/p>\n<blockquote>\n<p><a href=\"https:\/\/cloud.parisdescartes.fr\/index.php\/s\/deCSATeXqGS33Fs\" target=\"_blank\" rel=\"noopener noreferrer\">Acc\u00e9der aux mod\u00e8les de contrats hors Europe<\/a><\/p>\n<\/blockquote>\n<p><strong>Attention :<\/strong> Les consignes ci-dessous indiquent le nombre de cours n\u00e9cessaires pour la validation de votre dipl\u00f4me fran\u00e7ais. N\u00e9anmoins, conform\u00e9ment aux exigences des services d\u2019immigration des \u00c9tats-Unis et d\u2019Australie, les \u00e9tudiants sont tenus d&rsquo;\u00e9tre \u00e9tudiants \u00e0 plein temps et pour cela doivent s\u2019inscrire \u00e0 un nombre minimal de cr\u00e9dits chaque semestre (\u00c9tats-Unis 12 \/ Australie 18). Il sera donc peut-\u00eatre n\u00e9cessaire de compl\u00e9ter les cours \u00ab\u00a0validants\u00a0\u00bb (dont la note sera prise en compte pour la validation de votre dipl\u00f4me) par des cours \u00ab\u00a0non validants\u00a0\u00bb (dont la note ne sera pas prise en compte pour la validation de votre dipl\u00f4me). Ces cours suppl\u00e9mentaires \u00ab\u00a0non validants\u00a0\u00bb pourront \u00eatre dans le domaine qui vous plait et\/ou de niveau moins avanc\u00e9\u00a0; il sera aussi possible, pour les \u00e9tudiants de Master, de prendre des cours \u00ab\u00a0Independent Study\u00a0\u00bb, qui permettent de travailler sur votre sujet de m\u00e9moire. Notez que certaines universit\u00e9s am\u00e9ricaines (par exemple New York University) permettent d\u2019obtenir un \u00ab Full-time equivalence \u00bb (FTE) pour le statut l\u00e9gal d\u2019\u00e9tudiant \u00e0 temps plein en s\u2019inscrivant \u00e0 moins de cours. Cette option est tr\u00e8s utile lorsque les cours propos\u00e9s sont exclusivement graduate, et que l\u2019\u00e9tudiant souhaite pouvoir se concentrer sur son\/ses cours validant(s), ou son m\u00e9moire.<\/p>\n<ul>\n<li>Un \u00e9tudiant de<strong> L3 <\/strong>doit suivre 30 ECTS par semestre, soit 15 cr\u00e9dits nord-am\u00e9ricains ou 24 cr\u00e9dits australiens (normalement 5 cours \u00ab undergraduate \u00bb par semestre, sauf si l&rsquo;universit\u00e9 d&rsquo;accueil vous limite \u00e0 4 cours par semestre). Les cours suivis doivent \u00eatre enseign\u00e9s en anglais dans les domaines du cursus LLCER Anglais (civilisation, litt\u00e9rature, arts visuels des pays anglophones, linguistique et langue anglaises &#8211; id\u00e9alement au moins un cours dans chaque domaine).<\/li>\n<\/ul>\n<ul>\n<li>Un \u00e9tudiant de <strong>M1<\/strong>, en plus de son m\u00e9moire (14 ECTS), doit suivre dans son universit\u00e9 d&rsquo;accueil des cours enseign\u00e9s en anglais pour un minimum de 46 ECTS par an, ce qui correspond \u00e0 peu pr\u00e8s \u00e0\u00a05 cours undergraduate avanc\u00e9s (3e ou 4e ann\u00e9e) ou graduate\/postgraduate. Les cours suivis doivent \u00eatre dans le domaine de sp\u00e9cialit\u00e9 de l\u2019\u00e9tudiant et \u00eatre approuv\u00e9s par son directeur de recherche.<\/li>\n<\/ul>\n<ul>\n<li>Un \u00e9tudiant de <strong>M1 A.Sp\u00e9<\/strong> devra suivre au 1er semestre trois cours enseign\u00e9s en anglais de niveau undergraduate avanc\u00e9s (3e ou 4e ann\u00e9e) ou graduate dans le domaine des \u00e9tudes anglophones (le nombre de cours pourra \u00eatre r\u00e9duit \u00e0 2, en particulier pour les mobilit\u00e9s d&rsquo;assistanat). Au 2e semestre, il faudra suivre un cours.\u00a0 Ces cours serviront \u00e0 valider les UE de Cultures et civilisations de l\u2019aire anglophone). Toutes les autres UE seront valid\u00e9es par correspondance.<\/li>\n<\/ul>\n<ul>\n<li>Un \u00e9tudiant de <strong>M2<\/strong>, en plus de son m\u00e9moire (24 ECTS) doit suivre 36 ECTS par an, soit \u00e0 peu pr\u00e8s 4 s\u00e9minaires graduate ou postgraduate par an. Les cours suivis doivent \u00eatre enseign\u00e9s en anglais de niveau graduate\/postgraduate, dans le domaine de sp\u00e9cialit\u00e9 de l\u2019\u00e9tudiant et \u00eatre approuv\u00e9s par son directeur de recherche.<\/li>\n<\/ul>\n<p>Dans les universit\u00e9s nord-am\u00e9ricaines et australiennes, vous trouverez les cours n\u00e9cessaires pour votre cursus dans les d\u00e9partements suivants :<br \/>&#8211;\u00a0\u00a0 \u00a0Department of English (literature, linguistique)<br \/>&#8211;\u00a0\u00a0 \u00a0Department of Linguistics<br \/>&#8211;\u00a0\u00a0 \u00a0Department of History (civilisation)<br \/>&#8211;\u00a0\u00a0 \u00a0Department of Political Sciences (civilisation)<br \/>&#8211;\u00a0\u00a0 \u00a0Department of American Studies (literature et civilisation am\u00e9ricaine)<br \/>&#8211;\u00a0\u00a0 \u00a0Department of Arts \/ Film Studies (arts visuals)<br \/>&#8211;\u00a0\u00a0 \u00a0Department of Women\u2019s Studies \/ gender Studies<\/p>\n<p>Dans les universit\u00e9s nord-am\u00e9ricaines, le code du cours indique souvent le niveau d\u2019\u00e9tudes.<br \/>Niveau 1- 4 : premi\u00e8re-quatri\u00e8me ann\u00e9e d\u2019\u00e9tudes : correspondent aux 4 ann\u00e9es du Bachelor of Arts.<br \/>Niveau 5 &#8211; 6 = les deux ann\u00e9es du master of Arts.<br \/>Exemples : EN 4222 \u2013 The English Renaissance and the Orient\u00a0 = cours de quatri\u00e8me ann\u00e9e (derni\u00e8re ann\u00e9e du Bachelor of Arts \u2013 senior year).<br \/>Les \u00e9tudiants de L3 suivront normalement des cours de niveau 1 \u00e0 3 ; ceux de M1 suivront des cours niveau 3 et au-del\u00e0. Ceux de M2 suivront exclusivement des cours niveau 5 et au-del\u00e0 (graduate courses).<\/p>\n<p>\u00a0<\/p>\n<p>[\/et_pb_text][\/et_pb_column][et_pb_column type=\u00a0\u00bb1_4&Prime;][\/et_pb_column][\/et_pb_row][\/et_pb_section][et_pb_section bb_built=\u00a0\u00bb1&Prime; specialty=\u00a0\u00bboff\u00a0\u00bb _builder_version=\u00a0\u00bb3.21&Prime; custom_padding=\u00a0\u00bb0px||0px|\u00a0\u00bb prev_background_color=\u00a0\u00bb#000000&Prime; inner_width=\u00a0\u00bbauto\u00a0\u00bb inner_max_width=\u00a0\u00bbnone\u00a0\u00bb][et_pb_row _builder_version=\u00a0\u00bb3.19.11&Prime; width=\u00a0\u00bb80%\u00a0\u00bb max_width=\u00a0\u00bb1080px\u00a0\u00bb][et_pb_column type=\u00a0\u00bb4_4&Prime;][et_pb_text admin_label=\u00a0\u00bb\u00c0 lire aussi\u00a0\u00bb _builder_version=\u00a0\u00bb3.21&Prime;]<\/p>\n<h2><span class=\"st\">\u00c0<\/span> lire aussi<\/h2>\n<p>[\/et_pb_text][et_pb_blog _builder_version=\u00a0\u00bb3.21&Prime; posts_number=\u00a0\u00bb4&Prime; include_categories=\u00a0\u00bb13&Prime; show_author=\u00a0\u00bboff\u00a0\u00bb show_date=\u00a0\u00bboff\u00a0\u00bb show_pagination=\u00a0\u00bboff\u00a0\u00bb border_width_bottom_fullwidth=\u00a0\u00bb1px\u00a0\u00bb border_color_bottom_fullwidth=\u00a0\u00bbrgba(51,51,51,0.18)\u00a0\u00bb custom_padding=\u00a0\u00bb||50px|\u00a0\u00bb module_id=\u00a0\u00bbpage_type_blog\u00a0\u00bb header_level=\u00a0\u00bbh4&Prime; \/][\/et_pb_column][\/et_pb_row][\/et_pb_section]<\/p>\n","protected":false},"excerpt":{"rendered":"<div class=\"et_pb_row et_pb_row_0 et_pb_row_empty\"><\/div>\n<div class=\"et_pb_row et_pb_row_1 et_pb_row_empty\"><\/div>\n<p> Le contrat d\u2019\u00e9tudes est la liste des cours que vous suivrez dans votre universit\u00e9 d&rsquo;accueil. Il doit \u00eatre sign\u00e9 par le coordinateur p\u00e9dagogique de l\u2019UFRAcc\u00e9der aux mod\u00e8les de contrats hors EuropeAttention : Les consignes ci-dessous indiquent le nombre de cours n\u00e9cessaires pour la validation de votre dipl\u00f4me fran\u00e7ais. N\u00e9anmoins, conform\u00e9ment aux exigences des services&hellip; <a class=\"continue\" href=\"https:\/\/wordpress-test.app.u-pariscite.fr\/etudes-anglophones\/contrat-detudes-hors-europe\/\">Lire la suite<span> Contrat d\u2019\u00e9tudes hors Europe pour les \u00e9tudiants de l\u2019UFR \u00c9tudes Anglophones<\/span><\/a><\/p>\n","protected":false},"author":41,"featured_media":0,"parent":0,"menu_order":0,"comment_status":"closed","ping_status":"closed","template":"","meta":{"_et_pb_use_builder":"on","_et_pb_old_content":"","_et_gb_content_width":"","footnotes":""},"class_list":["post-8959","page","type-page","status-publish","hentry"],"_links":{"self":[{"href":"https:\/\/wordpress-test.app.u-pariscite.fr\/etudes-anglophones\/wp-json\/wp\/v2\/pages\/8959","targetHints":{"allow":["GET"]}}],"collection":[{"href":"https:\/\/wordpress-test.app.u-pariscite.fr\/etudes-anglophones\/wp-json\/wp\/v2\/pages"}],"about":[{"href":"https:\/\/wordpress-test.app.u-pariscite.fr\/etudes-anglophones\/wp-json\/wp\/v2\/types\/page"}],"author":[{"embeddable":true,"href":"https:\/\/wordpress-test.app.u-pariscite.fr\/etudes-anglophones\/wp-json\/wp\/v2\/users\/41"}],"replies":[{"embeddable":true,"href":"https:\/\/wordpress-test.app.u-pariscite.fr\/etudes-anglophones\/wp-json\/wp\/v2\/comments?post=8959"}],"version-history":[{"count":11,"href":"https:\/\/wordpress-test.app.u-pariscite.fr\/etudes-anglophones\/wp-json\/wp\/v2\/pages\/8959\/revisions"}],"predecessor-version":[{"id":10611,"href":"https:\/\/wordpress-test.app.u-pariscite.fr\/etudes-anglophones\/wp-json\/wp\/v2\/pages\/8959\/revisions\/10611"}],"wp:attachment":[{"href":"https:\/\/wordpress-test.app.u-pariscite.fr\/etudes-anglophones\/wp-json\/wp\/v2\/media?parent=8959"}],"curies":[{"name":"wp","href":"https:\/\/api.w.org\/{rel}","templated":true}]}}