{"id":8790,"date":"2021-06-30T11:36:27","date_gmt":"2021-06-30T09:36:27","guid":{"rendered":"https:\/\/wordpress-test.app.u-pariscite.fr\/etudes-anglophones\/?page_id=8790"},"modified":"2022-04-19T10:06:26","modified_gmt":"2022-04-19T08:06:26","slug":"infos-pratiques-masters-pro-et-agregation","status":"publish","type":"page","link":"https:\/\/wordpress-test.app.u-pariscite.fr\/etudes-anglophones\/infos-pratiques-masters-pro-et-agregation\/","title":{"rendered":"Infos Pratiques Masters Pro et Agr\u00e9gation"},"content":{"rendered":"<p>[et_pb_section bb_built=\u00a0\u00bb1&Prime; inner_width=\u00a0\u00bbauto\u00a0\u00bb inner_max_width=\u00a0\u00bbnone\u00a0\u00bb next_background_color=\u00a0\u00bb#000000&Prime;][et_pb_row][et_pb_column type=\u00a0\u00bb4_4&Prime;][et_pb_post_title admin_label=\u00a0\u00bbTitre de la page\u00a0\u00bb _builder_version=\u00a0\u00bb3.22.1&Prime; meta=\u00a0\u00bboff\u00a0\u00bb featured_image=\u00a0\u00bboff\u00a0\u00bb \/][\/et_pb_column][\/et_pb_row][et_pb_row][et_pb_column type=\u00a0\u00bb3_4&Prime;][et_pb_text _builder_version=\u00a0\u00bb3.22.1&Prime; module_id=\u00a0\u00bbcontenu\u00a0\u00bb text_text_shadow_horizontal_length=\u00a0\u00bbtext_text_shadow_style,%91object Object%93&Prime; text_text_shadow_vertical_length=\u00a0\u00bbtext_text_shadow_style,%91object Object%93&Prime; text_text_shadow_blur_strength=\u00a0\u00bbtext_text_shadow_style,%91object Object%93&Prime; link_text_shadow_horizontal_length=\u00a0\u00bblink_text_shadow_style,%91object Object%93&Prime; link_text_shadow_vertical_length=\u00a0\u00bblink_text_shadow_style,%91object Object%93&Prime; link_text_shadow_blur_strength=\u00a0\u00bblink_text_shadow_style,%91object Object%93&Prime; ul_text_shadow_horizontal_length=\u00a0\u00bbul_text_shadow_style,%91object Object%93&Prime; ul_text_shadow_vertical_length=\u00a0\u00bbul_text_shadow_style,%91object Object%93&Prime; ul_text_shadow_blur_strength=\u00a0\u00bbul_text_shadow_style,%91object Object%93&Prime; ol_text_shadow_horizontal_length=\u00a0\u00bbol_text_shadow_style,%91object Object%93&Prime; ol_text_shadow_vertical_length=\u00a0\u00bbol_text_shadow_style,%91object Object%93&Prime; ol_text_shadow_blur_strength=\u00a0\u00bbol_text_shadow_style,%91object Object%93&Prime; quote_text_shadow_horizontal_length=\u00a0\u00bbquote_text_shadow_style,%91object Object%93&Prime; quote_text_shadow_vertical_length=\u00a0\u00bbquote_text_shadow_style,%91object Object%93&Prime; quote_text_shadow_blur_strength=\u00a0\u00bbquote_text_shadow_style,%91object Object%93&Prime; header_text_shadow_horizontal_length=\u00a0\u00bbheader_text_shadow_style,%91object Object%93&Prime; header_text_shadow_vertical_length=\u00a0\u00bbheader_text_shadow_style,%91object Object%93&Prime; header_text_shadow_blur_strength=\u00a0\u00bbheader_text_shadow_style,%91object Object%93&Prime; header_2_text_shadow_horizontal_length=\u00a0\u00bbheader_2_text_shadow_style,%91object Object%93&Prime; header_2_text_shadow_vertical_length=\u00a0\u00bbheader_2_text_shadow_style,%91object Object%93&Prime; header_2_text_shadow_blur_strength=\u00a0\u00bbheader_2_text_shadow_style,%91object Object%93&Prime; header_3_text_shadow_horizontal_length=\u00a0\u00bbheader_3_text_shadow_style,%91object Object%93&Prime; header_3_text_shadow_vertical_length=\u00a0\u00bbheader_3_text_shadow_style,%91object Object%93&Prime; header_3_text_shadow_blur_strength=\u00a0\u00bbheader_3_text_shadow_style,%91object Object%93&Prime; header_4_text_shadow_horizontal_length=\u00a0\u00bbheader_4_text_shadow_style,%91object Object%93&Prime; header_4_text_shadow_vertical_length=\u00a0\u00bbheader_4_text_shadow_style,%91object Object%93&Prime; header_4_text_shadow_blur_strength=\u00a0\u00bbheader_4_text_shadow_style,%91object Object%93&Prime; header_5_text_shadow_horizontal_length=\u00a0\u00bbheader_5_text_shadow_style,%91object Object%93&Prime; header_5_text_shadow_vertical_length=\u00a0\u00bbheader_5_text_shadow_style,%91object Object%93&Prime; header_5_text_shadow_blur_strength=\u00a0\u00bbheader_5_text_shadow_style,%91object Object%93&Prime; header_6_text_shadow_horizontal_length=\u00a0\u00bbheader_6_text_shadow_style,%91object Object%93&Prime; header_6_text_shadow_vertical_length=\u00a0\u00bbheader_6_text_shadow_style,%91object Object%93&Prime; header_6_text_shadow_blur_strength=\u00a0\u00bbheader_6_text_shadow_style,%91object Object%93&Prime; z_index_tablet=\u00a0\u00bb500&Prime;]<\/p>\n<div class=\"page\" title=\"Page 1\">\n<div class=\"layoutArea\">\n<div class=\"column\">\n<h2>Secr\u00e9tariat\u00a0p\u00e9dagogique :<\/h2>\n<p><a href=\"mailto:sophie.rouquette@wordpress-test.app.u-pariscite.fr\">sophie.rouquette@wordpress-test.app.u-pariscite.fr<\/a><\/p>\n<p>En t\u00e9l\u00e9travail les jeudis et vendredis, joignable par e-mail uniquement.<\/p>\n<p>\u00a0<\/p>\n<\/div>\n<blockquote>\n<h2>Campagne de candidature Master MEEF anglais :\u00a0<\/h2>\n<p><strong>Du 11 avril \u00e0 9h30 au 23 mai 2022 inclus<\/strong><\/p>\n<p><a href=\"https:\/\/www.inspe-paris.fr\/candidatures-m1-meef-2022-2023\">https:\/\/www.inspe-paris.fr\/candidatures-m1-meef-2022-2023<\/a><\/p>\n<\/blockquote>\n<\/div>\n<\/div>\n<p>\u00a0<\/p>\n<blockquote>\n<h2>Campagne de candidature Agr\u00e9gations :<\/h2>\n<p><strong>Du 30 avril au 4 juillet 2022<\/strong><\/p>\n<p>Les inscriptions en Agr\u00e9gations Internes et Externes se font par <a href=\"https:\/\/ecandidat.app.wordpress-test.app.u-pariscite.fr\/sh1\/#%21accueilView\">l\u2019application\u00a0E-Candidat<\/a>.<br \/>Retrouvez toutes les informations sur la\u00a0<a href=\"https:\/\/wordpress-test.app.u-pariscite.fr\/candidature-via-ecandidat\/\">candidature via E-candidat.<\/a><\/p>\n<\/blockquote>\n<p>\u00a0<\/p>\n<div class=\"page\" title=\"Page 1\">\n<div class=\"layoutArea\">\n<blockquote>\n<h2>Candidature Master Professionnel<\/h2>\n<h2>\u2013 Rentr\u00e9e 2022-23<\/h2>\n<p>La campagne de candidatures pour les parcours en Master Professionnel a commenc\u00e9 : <a href=\"https:\/\/wordpress-test.app.u-pariscite.fr\/etudes-anglophones\/inscriptions-master-professionnel-etudes-anglophones\/\">Inscriptions Master professionnel Etudes anglophones.<\/a><\/p>\n<p>Mme Rouquette (&lt;sophie.rouquette@wordpress-test.app.u-pariscite.fr&gt;) reste \u00e0 votre disposition si vous avez d\u2019autres questions.<\/p>\n<\/blockquote>\n<h2>\u00a0<\/h2>\n<blockquote>\n<h2><strong>Formulaire de demande de dipl\u00f4me :<\/strong><\/h2>\n<p>Les dipl\u00f4mes seront envoy\u00e9s par la Scolarit\u00e9 G\u00e9n\u00e9rale, <strong>sur demande de l\u2019\u00e9tudiant uniquement<\/strong>, via ce formulaire de demande de dipl\u00f4me, qu\u2019il faudra compl\u00e9ter et envoyer \u00e0 l\u2019adresse indiqu\u00e9e, avec les pi\u00e8ces justificatives demand\u00e9es : <a href=\"https:\/\/cloud.parisdescartes.fr\/index.php\/s\/7GgwaxjoNLDdAfT\">Formulaire demande de dipl\u00f4me PDF<\/a> &amp; <a href=\"https:\/\/cloud.parisdescartes.fr\/index.php\/s\/mRnadKS4ZSjkTdM\">Formulaire demande de dipl\u00f4me.docx<\/a><\/p>\n<\/blockquote>\n<p>\u00a0<\/p>\n<blockquote>\n<h2><strong>Utilisation du nom d\u2019usage sur le dipl\u00f4me :<\/strong><\/h2>\n<p>Vous avez la possibilit\u00e9 de faire inscrire votre nom d\u2019usage sur votre dipl\u00f4me en utilisant le formulaire suivant : <a href=\"https:\/\/cloud.parisdescartes.fr\/index.php\/s\/WxXmcFdkSyz48DN\">Formulaire nom d\u2019usage<\/a><\/p>\n<\/blockquote>\n<p>\u00a0<\/p>\n<\/div>\n<\/div>\n<div class=\"page\" title=\"Page 1\">\n<div class=\"layoutArea\">\n<div class=\"column\">\n<blockquote>\n<p>D\u00e9couvrez le <a href=\"https:\/\/online.fliphtml5.com\/uonni\/chlo\/\" target=\"_blank\" rel=\"noopener noreferrer\">journal \u00e9tudiant <\/a><a href=\"https:\/\/online.fliphtml5.com\/uonni\/chlo\/\" target=\"_blank\" rel=\"noopener noreferrer\">RecLess<\/a> r\u00e9alis\u00e9 par et pour les \u00e9tudiants de l&rsquo;UFR \u00c9tudes Anglophones.<\/p>\n<\/blockquote>\n<\/div>\n<\/div>\n<\/div>\n<p>[\/et_pb_text][\/et_pb_column][et_pb_column type=\u00a0\u00bb1_4&Prime;][\/et_pb_column][\/et_pb_row][\/et_pb_section][et_pb_section bb_built=\u00a0\u00bb1&Prime; specialty=\u00a0\u00bboff\u00a0\u00bb _builder_version=\u00a0\u00bb3.21&Prime; custom_padding=\u00a0\u00bb0px||0px|\u00a0\u00bb prev_background_color=\u00a0\u00bb#000000&Prime; inner_width=\u00a0\u00bbauto\u00a0\u00bb inner_max_width=\u00a0\u00bbnone\u00a0\u00bb][et_pb_row _builder_version=\u00a0\u00bb3.19.11&Prime; width=\u00a0\u00bb80%\u00a0\u00bb max_width=\u00a0\u00bb1080px\u00a0\u00bb][et_pb_column type=\u00a0\u00bb4_4&Prime;][et_pb_text admin_label=\u00a0\u00bb\u00c0 lire aussi\u00a0\u00bb _builder_version=\u00a0\u00bb3.21&Prime;]<\/p>\n<h2><span class=\"st\">\u00c0<\/span> lire aussi<\/h2>\n<p>[\/et_pb_text][et_pb_blog _builder_version=\u00a0\u00bb3.21&Prime; posts_number=\u00a0\u00bb4&Prime; include_categories=\u00a0\u00bb13&Prime; show_author=\u00a0\u00bboff\u00a0\u00bb show_date=\u00a0\u00bboff\u00a0\u00bb show_pagination=\u00a0\u00bboff\u00a0\u00bb border_width_bottom_fullwidth=\u00a0\u00bb1px\u00a0\u00bb border_color_bottom_fullwidth=\u00a0\u00bbrgba(51,51,51,0.18)\u00a0\u00bb custom_padding=\u00a0\u00bb||50px|\u00a0\u00bb module_id=\u00a0\u00bbpage_type_blog\u00a0\u00bb header_level=\u00a0\u00bbh4&Prime; \/][\/et_pb_column][\/et_pb_row][\/et_pb_section]<\/p>\n","protected":false},"excerpt":{"rendered":"<div class=\"et_pb_row et_pb_row_0 et_pb_row_empty\"><\/div>\n<div class=\"et_pb_row et_pb_row_1 et_pb_row_empty\"><\/div>\n<p> Secr\u00e9tariat\u00a0p\u00e9dagogique :sophie.rouquette@wordpress-test.app.u-pariscite.frEn t\u00e9l\u00e9travail les jeudis et vendredis, joignable par e-mail uniquement.\u00a0Campagne de candidature Master MEEF anglais :\u00a0Du 11 avril \u00e0 9h30 au 23 mai 2022 inclushttps:\/\/www.inspe-paris.fr\/candidatures-m1-meef-2022-2023\u00a0Campagne de candidature Agr\u00e9gations :Du 30 avril au 4 juillet 2022Les inscriptions en Agr\u00e9gations Internes et Externes se font par l\u2019application\u00a0E-Candidat.Retrouvez toutes les informations sur la\u00a0candidature via E-candidat.\u00a0Candidature Master&hellip; <a class=\"continue\" href=\"https:\/\/wordpress-test.app.u-pariscite.fr\/etudes-anglophones\/infos-pratiques-masters-pro-et-agregation\/\">Lire la suite<span> Infos Pratiques Masters Pro et Agr\u00e9gation<\/span><\/a><\/p>\n","protected":false},"author":36,"featured_media":0,"parent":0,"menu_order":0,"comment_status":"closed","ping_status":"closed","template":"","meta":{"_et_pb_use_builder":"on","_et_pb_old_content":"","_et_gb_content_width":"","footnotes":""},"class_list":["post-8790","page","type-page","status-publish","hentry"],"_links":{"self":[{"href":"https:\/\/wordpress-test.app.u-pariscite.fr\/etudes-anglophones\/wp-json\/wp\/v2\/pages\/8790","targetHints":{"allow":["GET"]}}],"collection":[{"href":"https:\/\/wordpress-test.app.u-pariscite.fr\/etudes-anglophones\/wp-json\/wp\/v2\/pages"}],"about":[{"href":"https:\/\/wordpress-test.app.u-pariscite.fr\/etudes-anglophones\/wp-json\/wp\/v2\/types\/page"}],"author":[{"embeddable":true,"href":"https:\/\/wordpress-test.app.u-pariscite.fr\/etudes-anglophones\/wp-json\/wp\/v2\/users\/36"}],"replies":[{"embeddable":true,"href":"https:\/\/wordpress-test.app.u-pariscite.fr\/etudes-anglophones\/wp-json\/wp\/v2\/comments?post=8790"}],"version-history":[{"count":14,"href":"https:\/\/wordpress-test.app.u-pariscite.fr\/etudes-anglophones\/wp-json\/wp\/v2\/pages\/8790\/revisions"}],"predecessor-version":[{"id":10118,"href":"https:\/\/wordpress-test.app.u-pariscite.fr\/etudes-anglophones\/wp-json\/wp\/v2\/pages\/8790\/revisions\/10118"}],"wp:attachment":[{"href":"https:\/\/wordpress-test.app.u-pariscite.fr\/etudes-anglophones\/wp-json\/wp\/v2\/media?parent=8790"}],"curies":[{"name":"wp","href":"https:\/\/api.w.org\/{rel}","templated":true}]}}