{"id":8665,"date":"2021-06-23T09:34:24","date_gmt":"2021-06-23T07:34:24","guid":{"rendered":"https:\/\/wordpress-test.app.u-pariscite.fr\/etudes-anglophones\/?page_id=8665"},"modified":"2024-11-07T22:04:34","modified_gmt":"2024-11-07T21:04:34","slug":"masters-recherche","status":"publish","type":"page","link":"https:\/\/wordpress-test.app.u-pariscite.fr\/etudes-anglophones\/masters-recherche\/","title":{"rendered":"Masters Recherche"},"content":{"rendered":"<p>[et_pb_section bb_built=\u00a0\u00bb1&Prime; next_background_color=\u00a0\u00bb#000000&Prime; inner_width=\u00a0\u00bbauto\u00a0\u00bb inner_max_width=\u00a0\u00bbnone\u00a0\u00bb][et_pb_row _builder_version=\u00a0\u00bb3.22.1&Prime;][et_pb_column type=\u00a0\u00bb4_4&Prime;][et_pb_post_title admin_label=\u00a0\u00bbTitre de la page\u00a0\u00bb _builder_version=\u00a0\u00bb3.22.1&Prime; meta=\u00a0\u00bboff\u00a0\u00bb featured_image=\u00a0\u00bboff\u00a0\u00bb \/][\/et_pb_column][\/et_pb_row][et_pb_row _builder_version=\u00a0\u00bb3.22.1&Prime;][et_pb_column type=\u00a0\u00bb3_4&Prime;][et_pb_text _builder_version=\u00a0\u00bb3.22.1&Prime; module_id=\u00a0\u00bbcontenu\u00a0\u00bb text_text_shadow_horizontal_length=\u00a0\u00bbtext_text_shadow_style,%91object Object%93&Prime; text_text_shadow_vertical_length=\u00a0\u00bbtext_text_shadow_style,%91object Object%93&Prime; text_text_shadow_blur_strength=\u00a0\u00bbtext_text_shadow_style,%91object Object%93&Prime; link_text_shadow_horizontal_length=\u00a0\u00bblink_text_shadow_style,%91object Object%93&Prime; link_text_shadow_vertical_length=\u00a0\u00bblink_text_shadow_style,%91object Object%93&Prime; link_text_shadow_blur_strength=\u00a0\u00bblink_text_shadow_style,%91object Object%93&Prime; ul_text_shadow_horizontal_length=\u00a0\u00bbul_text_shadow_style,%91object Object%93&Prime; ul_text_shadow_vertical_length=\u00a0\u00bbul_text_shadow_style,%91object Object%93&Prime; ul_text_shadow_blur_strength=\u00a0\u00bbul_text_shadow_style,%91object Object%93&Prime; ol_text_shadow_horizontal_length=\u00a0\u00bbol_text_shadow_style,%91object Object%93&Prime; ol_text_shadow_vertical_length=\u00a0\u00bbol_text_shadow_style,%91object Object%93&Prime; ol_text_shadow_blur_strength=\u00a0\u00bbol_text_shadow_style,%91object Object%93&Prime; quote_text_shadow_horizontal_length=\u00a0\u00bbquote_text_shadow_style,%91object Object%93&Prime; quote_text_shadow_vertical_length=\u00a0\u00bbquote_text_shadow_style,%91object Object%93&Prime; quote_text_shadow_blur_strength=\u00a0\u00bbquote_text_shadow_style,%91object Object%93&Prime; header_text_shadow_horizontal_length=\u00a0\u00bbheader_text_shadow_style,%91object Object%93&Prime; header_text_shadow_vertical_length=\u00a0\u00bbheader_text_shadow_style,%91object Object%93&Prime; header_text_shadow_blur_strength=\u00a0\u00bbheader_text_shadow_style,%91object Object%93&Prime; header_2_text_shadow_horizontal_length=\u00a0\u00bbheader_2_text_shadow_style,%91object Object%93&Prime; header_2_text_shadow_vertical_length=\u00a0\u00bbheader_2_text_shadow_style,%91object Object%93&Prime; header_2_text_shadow_blur_strength=\u00a0\u00bbheader_2_text_shadow_style,%91object Object%93&Prime; header_3_text_shadow_horizontal_length=\u00a0\u00bbheader_3_text_shadow_style,%91object Object%93&Prime; header_3_text_shadow_vertical_length=\u00a0\u00bbheader_3_text_shadow_style,%91object Object%93&Prime; header_3_text_shadow_blur_strength=\u00a0\u00bbheader_3_text_shadow_style,%91object Object%93&Prime; header_4_text_shadow_horizontal_length=\u00a0\u00bbheader_4_text_shadow_style,%91object Object%93&Prime; header_4_text_shadow_vertical_length=\u00a0\u00bbheader_4_text_shadow_style,%91object Object%93&Prime; header_4_text_shadow_blur_strength=\u00a0\u00bbheader_4_text_shadow_style,%91object Object%93&Prime; header_5_text_shadow_horizontal_length=\u00a0\u00bbheader_5_text_shadow_style,%91object Object%93&Prime; header_5_text_shadow_vertical_length=\u00a0\u00bbheader_5_text_shadow_style,%91object Object%93&Prime; header_5_text_shadow_blur_strength=\u00a0\u00bbheader_5_text_shadow_style,%91object Object%93&Prime; header_6_text_shadow_horizontal_length=\u00a0\u00bbheader_6_text_shadow_style,%91object Object%93&Prime; header_6_text_shadow_vertical_length=\u00a0\u00bbheader_6_text_shadow_style,%91object Object%93&Prime; header_6_text_shadow_blur_strength=\u00a0\u00bbheader_6_text_shadow_style,%91object Object%93&Prime; z_index_tablet=\u00a0\u00bb500&Prime;]<\/p>\n<blockquote>\n<h2><a href=\"https:\/\/wordpress-test.app.u-pariscite.fr\/candidater-a-universite-paris-cite\/\"><span style=\"color: #800000\">Candidater<\/span><\/a> en Master 1 :<\/h2>\n<h2>&#8211; par la plateforme nationale\u00a0 <span style=\"color: #800000\"><a style=\"color: #800000\" href=\"https:\/\/www.monmaster.gouv.fr\/\">Mon Master<\/a><\/span><\/h2>\n<h2>&#8211; \u00e9tudiants internationaux : attention, les \u00e9tudiants venant de <span style=\"color: #800000\"><a style=\"color: #800000\" href=\"https:\/\/www.campusfrance.org\/fr\/faq\/quels-sont-les-pays-relevant-de-la-procedure-etudes-en-france\"><u>ces pays<\/u><\/a><\/span> doivent passer par la proc\u00e9dure <span style=\"color: #800000\"><a style=\"color: #800000\" href=\"https:\/\/www.campusfrance.org\/fr\"><u>Campus France<\/u><\/a><\/span> et non par Mon Master.<\/h2>\n<\/blockquote>\n<hr \/>\n<div id=\"contenu\" class=\"et_pb_module et_pb_text et_pb_text_0 et_pb_bg_layout_light et_pb_text_align_left\">\n<div class=\"et_pb_text_inner\">\n<div class=\"et_pb_module et_pb_text et_pb_text_8 et_pb_bg_layout_light et_pb_text_align_left\">\n<div class=\"et_pb_text_inner\">\n<h2>Masters Recherche<\/h2>\n<h3>Masters Langues, litt\u00e9ratures, Civilisations \u00c9trang\u00e8res et R\u00e9gionales &#8211; (LLCER)<\/h3>\n<\/div>\n<\/div>\n<div class=\"et_pb_module et_pb_text et_pb_text_8 et_pb_bg_layout_light et_pb_text_align_left\">\n<div class=\"et_pb_text_inner\">\n<ul>\n<li>M1 &amp; M2 LLCER \u2013 Parcours Arts et culture visuelle des pays anglophones\u00a0 :<br \/>&gt; <a href=\"https:\/\/wordpress-test.app.u-pariscite.fr\/etudes-anglophones\/parcours-arts-et-culture-visuelle-des-pays-anglophones\/\" rel=\"noopener noreferrer\">Pr\u00e9sentation du Master<\/a><br \/>&gt;<a href=\"https:\/\/odf.wordpress-test.app.u-pariscite.fr\/fr\/offre-de-formation\/master-XB\/arts-lettres-langues-ALL\/langues-litteratures-et-civilisations-etrangeres-et-regionales-etudes-anglophones-K2VO577S\/\/master-langues-litteratures-et-civilisations-etrangeres-et-regionales-parcours-etudes-anglophones-arts-et-culture-visuelle-JRQK0BCC.html\" target=\"_blank\" rel=\"noopener noreferrer\"> Plaquette de formation<\/a><\/li>\n<\/ul>\n<ul>\n<li>M1 &amp; M2 LLCER \u2013 Parcours Histoire et civilisation des mondes anglophones :<br \/>&gt; <a href=\"https:\/\/wordpress-test.app.u-pariscite.fr\/etudes-anglophones\/parcours-civilisations-anglophones\/\" rel=\"noopener noreferrer\">Pr\u00e9sentation du Master<\/a><br \/>&gt;<a href=\"https:\/\/odf.wordpress-test.app.u-pariscite.fr\/fr\/offre-de-formation\/master-XB\/arts-lettres-langues-ALL\/langues-litteratures-et-civilisations-etrangeres-et-regionales-etudes-anglophones-K2VO577S\/\/master-langues-litteratures-et-civilisations-etrangeres-et-regionales-parcours-etudes-anglophones-histoire-et-civilisation-JRQKH4DP.html\" target=\"_blank\" rel=\"noopener noreferrer\"> Plaquette de formation<\/a><\/li>\n<\/ul>\n<ul>\n<li>M1 &amp; M2 LLCER \u2013 Parcours Litt\u00e9ratures anglophones :<br \/>&gt;<a href=\"https:\/\/wordpress-test.app.u-pariscite.fr\/etudes-anglophones\/parcours-etudes-anglophones-litteratures-anglophones\/\" rel=\"noopener noreferrer\"> Pr\u00e9sentation du Master<\/a><br \/>&gt;<a href=\"https:\/\/odf.wordpress-test.app.u-pariscite.fr\/fr\/offre-de-formation\/master-XB\/arts-lettres-langues-ALL\/langues-litteratures-et-civilisations-etrangeres-et-regionales-etudes-anglophones-K2VO577S\/master-langues-litteratures-et-civilisations-etrangeres-et-regionales-parcours-etudes-anglophones-litteratures-anglophones-JRQMBNBX.html\" target=\"_blank\" rel=\"noopener noreferrer\"> Plaquette de formation<\/a><\/li>\n<\/ul>\n<ul>\n<li>M1 &amp; M2 LLCER \u2013 \u00a0Parcours Linguistique anglaise :<br \/>&gt;<a href=\"https:\/\/wordpress-test.app.u-pariscite.fr\/etudes-anglophones\/parcours-etudes-anglophones-linguistique-anglaise\/\" rel=\"noopener noreferrer\"> Pr\u00e9sentation du Master<\/a><br \/>&gt;<a href=\"https:\/\/odf.wordpress-test.app.u-pariscite.fr\/fr\/offre-de-formation\/master-XB\/arts-lettres-langues-ALL\/langues-litteratures-et-civilisations-etrangeres-et-regionales-etudes-anglophones-K2VO577S\/\/master-langues-litteratures-et-civilisations-etrangeres-et-regionales-parcours-etudes-anglophones-linguistique-JRQLOO6Q.html\" target=\"_blank\" rel=\"noopener noreferrer\"> Plaquette de formation<\/a><\/li>\n<\/ul>\n<\/div>\n<\/div>\n<div class=\"et_pb_module et_pb_text et_pb_text_8 et_pb_bg_layout_light et_pb_text_align_left\">\n<div class=\"et_pb_text_inner\">\n<ul>\n<li>M1 &amp; M2 LLCER \u2013 Parcours Mondes Anglophones \u2013 (\u00ab Asp\u00e9 \u00bb), co-accr\u00e9dit\u00e9 avec l\u2019ENS de Paris-Saclay :<br \/>&gt;<a href=\"https:\/\/wordpress-test.app.u-pariscite.fr\/etudes-anglophones\/parcours-anglais-de-specialite\/\" rel=\"noopener noreferrer\"> Pr\u00e9sentation du Master<\/a><br \/>&gt;<a href=\"https:\/\/odf.wordpress-test.app.u-pariscite.fr\/fr\/offre-de-formation\/master-XB\/arts-lettres-langues-ALL\/langues-litteratures-et-civilisations-etrangeres-et-regionales-etudes-anglophones-K2VO577S\/\/master-langues-litteratures-et-civilisations-etrangeres-et-regionales-parcours-etudes-anglophones-anglais-de-specialite-JRQJR4V6.html\" target=\"_blank\" rel=\"noopener noreferrer\"> Plaquette de formation<\/a><\/li>\n<\/ul>\n<ul>\n<li>M1 &amp; M2 LLCER \u2013 Parcours Premi\u00e8res modernit\u00e9s :<br \/>&gt; <a href=\"https:\/\/wordpress-test.app.u-pariscite.fr\/etudes-anglophones\/parcours-etudes-anglophones-premieres-modernites\/\" rel=\"noopener noreferrer\">Pr\u00e9sentation du Master<\/a><br \/>&gt;<a href=\"https:\/\/odf.wordpress-test.app.u-pariscite.fr\/fr\/offre-de-formation\/master-XB\/arts-lettres-langues-ALL\/langues-litteratures-et-civilisations-etrangeres-et-regionales-etudes-anglophones-K2VO577S\/\/master-langues-litteratures-et-civilisations-etrangeres-et-regionales-parcours-etudes-anglophones-premieres-modernites-JRQPYN6P.html\" target=\"_blank\" rel=\"noopener noreferrer\"> Plaquette de formation<\/a><\/li>\n<\/ul>\n<ul>\n<li>M1 &amp; M2 LLCER \u2013 Parcours Cursus int\u00e9gr\u00e9 en \u00e9tudes anglaises et am\u00e9ricaines :<br \/>&gt;<a href=\"https:\/\/wordpress-test.app.u-pariscite.fr\/etudes-anglophones\/parcours-etudes-anglophones-joint-degree-of-english-and-american-studies\/\" rel=\"noopener noreferrer\"> Pr\u00e9sentation du Master<\/a><br \/>&gt;<a href=\"https:\/\/odf.wordpress-test.app.u-pariscite.fr\/fr\/offre-de-formation\/master-XB\/arts-lettres-langues-ALL\/langues-litteratures-et-civilisations-etrangeres-et-regionales-etudes-anglophones-K2VO577S\/\/master-langues-litteratures-et-civilisations-etrangeres-et-regionales-parcours-etudes-anglophones-joint-degree-in-english-and-american-studies-JRQLDJRU.html\" target=\"_blank\" rel=\"noopener noreferrer\"> Plaquette de formation<\/a><\/li>\n<\/ul>\n<h3>Double Master \u00ab\u00a0Film Studies\u00a0\u00bb<\/h3>\n<ul>\n<li>M1 &amp; M2 LLCER \u2013 Parcours\u00a0 Anglais Cin\u00e9ma (UFR de r\u00e9f\u00e9rence : <a href=\"https:\/\/wordpress-test.app.u-pariscite.fr\/lac\/\" target=\"_blank\" rel=\"noopener noreferrer\">Lettres, Arts et Cin\u00e9ma<\/a>) :<br \/>&gt;<a href=\"https:\/\/wordpress-test.app.u-pariscite.fr\/etudes-anglophones\/cinema-et-audiovisuel-parcours-film-studies-anglais-cinema\/\" rel=\"noopener noreferrer\"> Pr\u00e9sentation du Master<\/a><br \/>&gt;<a href=\"https:\/\/odf.wordpress-test.app.u-pariscite.fr\/fr\/offre-de-formation\/double-master-XBB\/arts-lettres-langues-ALL\/cinema-et-audiovisuel-K8HF9GP2\/double-master-cinema-et-audiovisuel-langues-litteratures-et-civilisations-etrangeres-et-regionales-parcours-film-studies-anglais-cinema-dm-JRQJBU6A.html\" target=\"_blank\" rel=\"noopener noreferrer\"> Plaquette de formation<\/a><\/li>\n<\/ul>\n<\/div>\n<\/div>\n<\/div>\n<p>&nbsp;<\/p>\n<\/div>\n<blockquote>\n<h2><a href=\"https:\/\/wordpress-test.app.u-pariscite.fr\/candidater-a-universite-paris-cite\/\"><span style=\"color: #800000\">Candidater<\/span><\/a> en Master 2 Recherche Etudes Anglophones (pour les \u00e9tudiants ext\u00e9rieurs uniquement)<\/h2>\n<h2>&#8211; par la plateforme <span style=\"color: #993300\"><a style=\"color: #993300\" href=\"https:\/\/ecandidat.app.wordpress-test.app.u-pariscite.fr\/sh1\/#!accueilView\">E-candidat\u00a0<\/a><\/span><\/h2>\n<h2>&#8211; \u00c9tudiants internationaux : attention, les \u00e9tudiants venant de <span style=\"color: #800000\"><a style=\"color: #800000\" href=\"https:\/\/www.campusfrance.org\/fr\/faq\/quels-sont-les-pays-relevant-de-la-procedure-etudes-en-france\"><u>ces pays<\/u><\/a><\/span> doivent obligatoirement passer par la proc\u00e9dure <span style=\"color: #800000\"><a style=\"color: #800000\" href=\"https:\/\/www.campusfrance.org\/fr\"><u>Campus France<\/u><\/a><\/span><\/h2>\n<\/blockquote>\n<p>Pour en savoir plus sur les parcours du Master Recherche, contactez les <strong><a href=\"https:\/\/wordpress-test.app.u-pariscite.fr\/etudes-anglophones\/responsables-pedagogiques-du-master-recherche\" rel=\"noopener noreferrer\">responsables p\u00e9dagogiques<\/a><\/strong> du Master Recherche.<\/p>\n<p>Retrouvez une liste d\u00e9taill\u00e9e qui vous permettra de prendre contact avec un des <a href=\"https:\/\/wordpress-test.app.u-pariscite.fr\/etudes-anglophones\/liste-des-directeurs-de-master\/\" target=\"_blank\" rel=\"noopener noreferrer\"><strong>directeurs de recherche<\/strong><\/a> potentiel d\u00e8s le mois de juin pr\u00e9c\u00e9dant l\u2019ann\u00e9e de M2 pour d\u00e9finir un sujet pr\u00e9liminaire. <strong>Attention<\/strong>: Il faudra pr\u00e9senter un sujet de recherche valid\u00e9 par un directeur\/une directrice de m\u00e9moire. Le formulaire s&rsquo;obtient aupr\u00e8s de Murielle Guillemont.<\/p>\n<p>Prochaine campagne E-Candidat: <b>2 au 6 septembre 2024<\/b><\/p>\n<p>&nbsp;<\/p>\n<hr \/>\n<div id=\"contenu\" class=\"et_pb_module et_pb_text et_pb_text_0 et_pb_bg_layout_light et_pb_text_align_left\">\n<div class=\"et_pb_text_inner\">\n<div class=\"et_pb_module et_pb_text et_pb_text_8 et_pb_bg_layout_light et_pb_text_align_left\">\n<div class=\"et_pb_text_inner\">\n<div class=\"et_pb_module et_pb_text et_pb_text_9 et_pb_bg_layout_light et_pb_text_align_left\">\n<div class=\"et_pb_text_inner\">\n<p>&nbsp;<\/p>\n<blockquote>\n<p>Consulter la totalit\u00e9 de l\u2019<a href=\"https:\/\/odf.wordpress-test.app.u-pariscite.fr\/fr\/offre-de-formation-par-faculte\/offre-de-formation-de-la-faculte-societes-et-humanites.html\" target=\"_blank\" rel=\"noopener noreferrer\">offre de formation<\/a> de la Facult\u00e9 Soci\u00e9t\u00e9s &amp; Humanit\u00e9s.<\/p>\n<\/blockquote>\n<\/div>\n<\/div>\n<\/div>\n<\/div>\n<\/div>\n<\/div>\n<p>[\/et_pb_text][\/et_pb_column][et_pb_column type=\u00a0\u00bb1_4&Prime;][et_pb_text admin_label=\u00a0\u00bbL\u00e9gende image\u00a0\u00bb _builder_version=\u00a0\u00bb3.22.1&Prime; module_id=\u00a0\u00bbtexte-image\u00a0\u00bb custom_margin=\u00a0\u00bb|0px||\u00a0\u00bb text_text_shadow_horizontal_length=\u00a0\u00bbtext_text_shadow_style,%91object Object%93&Prime; text_text_shadow_vertical_length=\u00a0\u00bbtext_text_shadow_style,%91object Object%93&Prime; text_text_shadow_blur_strength=\u00a0\u00bbtext_text_shadow_style,%91object Object%93&Prime; link_text_shadow_horizontal_length=\u00a0\u00bblink_text_shadow_style,%91object Object%93&Prime; link_text_shadow_vertical_length=\u00a0\u00bblink_text_shadow_style,%91object Object%93&Prime; link_text_shadow_blur_strength=\u00a0\u00bblink_text_shadow_style,%91object Object%93&Prime; ul_text_shadow_horizontal_length=\u00a0\u00bbul_text_shadow_style,%91object Object%93&Prime; ul_text_shadow_vertical_length=\u00a0\u00bbul_text_shadow_style,%91object Object%93&Prime; ul_text_shadow_blur_strength=\u00a0\u00bbul_text_shadow_style,%91object Object%93&Prime; ol_text_shadow_horizontal_length=\u00a0\u00bbol_text_shadow_style,%91object Object%93&Prime; ol_text_shadow_vertical_length=\u00a0\u00bbol_text_shadow_style,%91object Object%93&Prime; ol_text_shadow_blur_strength=\u00a0\u00bbol_text_shadow_style,%91object Object%93&Prime; quote_text_shadow_horizontal_length=\u00a0\u00bbquote_text_shadow_style,%91object Object%93&Prime; quote_text_shadow_vertical_length=\u00a0\u00bbquote_text_shadow_style,%91object Object%93&Prime; quote_text_shadow_blur_strength=\u00a0\u00bbquote_text_shadow_style,%91object Object%93&Prime; header_text_shadow_horizontal_length=\u00a0\u00bbheader_text_shadow_style,%91object Object%93&Prime; header_text_shadow_vertical_length=\u00a0\u00bbheader_text_shadow_style,%91object Object%93&Prime; header_text_shadow_blur_strength=\u00a0\u00bbheader_text_shadow_style,%91object Object%93&Prime; header_2_text_shadow_horizontal_length=\u00a0\u00bbheader_2_text_shadow_style,%91object Object%93&Prime; header_2_text_shadow_vertical_length=\u00a0\u00bbheader_2_text_shadow_style,%91object Object%93&Prime; header_2_text_shadow_blur_strength=\u00a0\u00bbheader_2_text_shadow_style,%91object Object%93&Prime; header_3_text_shadow_horizontal_length=\u00a0\u00bbheader_3_text_shadow_style,%91object Object%93&Prime; header_3_text_shadow_vertical_length=\u00a0\u00bbheader_3_text_shadow_style,%91object Object%93&Prime; header_3_text_shadow_blur_strength=\u00a0\u00bbheader_3_text_shadow_style,%91object Object%93&Prime; header_4_text_shadow_horizontal_length=\u00a0\u00bbheader_4_text_shadow_style,%91object Object%93&Prime; header_4_text_shadow_vertical_length=\u00a0\u00bbheader_4_text_shadow_style,%91object Object%93&Prime; header_4_text_shadow_blur_strength=\u00a0\u00bbheader_4_text_shadow_style,%91object Object%93&Prime; header_5_text_shadow_horizontal_length=\u00a0\u00bbheader_5_text_shadow_style,%91object Object%93&Prime; header_5_text_shadow_vertical_length=\u00a0\u00bbheader_5_text_shadow_style,%91object Object%93&Prime; header_5_text_shadow_blur_strength=\u00a0\u00bbheader_5_text_shadow_style,%91object Object%93&Prime; header_6_text_shadow_horizontal_length=\u00a0\u00bbheader_6_text_shadow_style,%91object Object%93&Prime; header_6_text_shadow_vertical_length=\u00a0\u00bbheader_6_text_shadow_style,%91object Object%93&Prime; header_6_text_shadow_blur_strength=\u00a0\u00bbheader_6_text_shadow_style,%91object Object%93&Prime; z_index_tablet=\u00a0\u00bb500&Prime; background_color=\u00a0\u00bb#dce6ef\u00a0\u00bb custom_padding=\u00a0\u00bb10px|10px|10px|10px\u00a0\u00bb]<\/p>\n<div class=\"page\" title=\"Page 1\">\n<div class=\"layoutArea\">\n<div class=\"column\">\n<div class=\"et_pb_module et_pb_text et_pb_text_1 et_pb_bg_layout_light et_pb_text_align_left\">\n<div class=\"et_pb_text_inner\">\n<h4><strong>Contacts <\/strong><strong>Master Recherche<\/strong><\/h4>\n<blockquote>\n<p>Secr\u00e9tariat P\u00e9dagogique :<\/p>\n<\/blockquote>\n<p>Murielle Guillemont<br \/>01.57.27.58.54<br \/>&gt;<a class=\"mailto\" href=\"mailto:m.guillemont@wordpress-test.app.u-pariscite.fr\"> m.guillemont@wordpress-test.app.u-pariscite.fr <\/a><br \/>Bureau 449\u2013 B\u00e2timent Olympe de Gouges<\/p>\n<p class=\"entry-title\"><strong><a href=\"https:\/\/wordpress-test.app.u-pariscite.fr\/etudes-anglophones\/responsables-pedagogiques-du-master-recherche\/\">&gt; Responsables p\u00e9dagogiques<\/a>\u00a0<\/strong><\/p>\n<blockquote>\n<p>Responsable Campus France:\u00a0<\/p>\n<p style=\"font-weight: 400\">Clara Manco (<a href=\"mailto:clara.manco@wordpress-test.app.u-pariscite.fr\">clara.manco@wordpress-test.app.u-pariscite.fr<\/a>)<\/p>\n<\/blockquote>\n<p>&gt; Liste des <a href=\"https:\/\/wordpress-test.app.u-pariscite.fr\/etudes-anglophones\/liste-des-directeurs-de-master\/\">directeurs de m\u00e9moires (par sp\u00e9cialit\u00e9)<\/a><\/p>\n<h4><strong>\u00a0<\/strong><\/h4>\n<p>\u00a0<\/p>\n<\/div>\n<\/div>\n<\/div>\n<\/div>\n<\/div>\n<p>[\/et_pb_text][\/et_pb_column][\/et_pb_row][\/et_pb_section][et_pb_section bb_built=\u00a0\u00bb1&Prime; specialty=\u00a0\u00bboff\u00a0\u00bb _builder_version=\u00a0\u00bb3.21&Prime; custom_padding=\u00a0\u00bb0px||0px|\u00a0\u00bb prev_background_color=\u00a0\u00bb#000000&Prime; inner_width=\u00a0\u00bbauto\u00a0\u00bb inner_max_width=\u00a0\u00bbnone\u00a0\u00bb][et_pb_row _builder_version=\u00a0\u00bb3.22.1&Prime; width=\u00a0\u00bb80%\u00a0\u00bb max_width=\u00a0\u00bb1080px\u00a0\u00bb][et_pb_column type=\u00a0\u00bb4_4&Prime;][et_pb_text admin_label=\u00a0\u00bb\u00c0 lire aussi\u00a0\u00bb _builder_version=\u00a0\u00bb3.22.1&Prime;]<\/p>\n<h2><span class=\"st\">\u00c0<\/span> lire aussi<\/h2>\n<p>[\/et_pb_text][et_pb_blog _builder_version=\u00a0\u00bb3.22.1&Prime; posts_number=\u00a0\u00bb4&Prime; include_categories=\u00a0\u00bb13&Prime; show_author=\u00a0\u00bboff\u00a0\u00bb show_date=\u00a0\u00bboff\u00a0\u00bb show_pagination=\u00a0\u00bboff\u00a0\u00bb border_width_bottom_fullwidth=\u00a0\u00bb1px\u00a0\u00bb border_color_bottom_fullwidth=\u00a0\u00bbrgba(51,51,51,0.18)\u00a0\u00bb custom_padding=\u00a0\u00bb||50px|\u00a0\u00bb module_id=\u00a0\u00bbpage_type_blog\u00a0\u00bb header_level=\u00a0\u00bbh4&Prime; \/][\/et_pb_column][\/et_pb_row][\/et_pb_section]<\/p>\n","protected":false},"excerpt":{"rendered":"<p>Candidater en Master 1 : &#8211; par la plateforme nationale\u00a0 Mon Master &#8211; \u00e9tudiants internationaux : attention, les \u00e9tudiants venant de ces pays doivent passer par la proc\u00e9dure Campus France et non par Mon Master. Masters Recherche Masters Langues, litt\u00e9ratures, Civilisations \u00c9trang\u00e8res et R\u00e9gionales &#8211; (LLCER) M1 &amp; M2 LLCER \u2013 Parcours Arts et culture&hellip; <a class=\"continue\" href=\"https:\/\/wordpress-test.app.u-pariscite.fr\/etudes-anglophones\/masters-recherche\/\">Lire la suite<span> Masters Recherche<\/span><\/a><\/p>\n","protected":false},"author":248,"featured_media":0,"parent":0,"menu_order":0,"comment_status":"closed","ping_status":"closed","template":"","meta":{"_et_pb_use_builder":"on","_et_pb_old_content":"","_et_gb_content_width":"","footnotes":""},"class_list":["post-8665","page","type-page","status-publish","hentry"],"_links":{"self":[{"href":"https:\/\/wordpress-test.app.u-pariscite.fr\/etudes-anglophones\/wp-json\/wp\/v2\/pages\/8665","targetHints":{"allow":["GET"]}}],"collection":[{"href":"https:\/\/wordpress-test.app.u-pariscite.fr\/etudes-anglophones\/wp-json\/wp\/v2\/pages"}],"about":[{"href":"https:\/\/wordpress-test.app.u-pariscite.fr\/etudes-anglophones\/wp-json\/wp\/v2\/types\/page"}],"author":[{"embeddable":true,"href":"https:\/\/wordpress-test.app.u-pariscite.fr\/etudes-anglophones\/wp-json\/wp\/v2\/users\/248"}],"replies":[{"embeddable":true,"href":"https:\/\/wordpress-test.app.u-pariscite.fr\/etudes-anglophones\/wp-json\/wp\/v2\/comments?post=8665"}],"version-history":[{"count":65,"href":"https:\/\/wordpress-test.app.u-pariscite.fr\/etudes-anglophones\/wp-json\/wp\/v2\/pages\/8665\/revisions"}],"predecessor-version":[{"id":12141,"href":"https:\/\/wordpress-test.app.u-pariscite.fr\/etudes-anglophones\/wp-json\/wp\/v2\/pages\/8665\/revisions\/12141"}],"wp:attachment":[{"href":"https:\/\/wordpress-test.app.u-pariscite.fr\/etudes-anglophones\/wp-json\/wp\/v2\/media?parent=8665"}],"curies":[{"name":"wp","href":"https:\/\/api.w.org\/{rel}","templated":true}]}}