{"id":8371,"date":"2021-06-15T13:42:20","date_gmt":"2021-06-15T11:42:20","guid":{"rendered":"https:\/\/wordpress-test.app.u-pariscite.fr\/etudes-anglophones\/?page_id=8371"},"modified":"2021-11-29T15:07:43","modified_gmt":"2021-11-29T14:07:43","slug":"service-de-scolarite-generale","status":"publish","type":"page","link":"https:\/\/wordpress-test.app.u-pariscite.fr\/etudes-anglophones\/service-de-scolarite-generale\/","title":{"rendered":"Service de Scolarit\u00e9 g\u00e9n\u00e9rale"},"content":{"rendered":"<p>[et_pb_section bb_built=\u00a0\u00bb1&Prime; inner_width=\u00a0\u00bbauto\u00a0\u00bb inner_max_width=\u00a0\u00bbnone\u00a0\u00bb][et_pb_row][et_pb_column type=\u00a0\u00bb4_4&Prime;][et_pb_post_title _builder_version=\u00a0\u00bb3.22.1&Prime; meta=\u00a0\u00bboff\u00a0\u00bb featured_image=\u00a0\u00bboff\u00a0\u00bb text_shadow_horizontal_length=\u00a0\u00bbtext_shadow_style,%91object Object%93&Prime; text_shadow_vertical_length=\u00a0\u00bbtext_shadow_style,%91object Object%93&Prime; text_shadow_blur_strength=\u00a0\u00bbtext_shadow_style,%91object Object%93&Prime; title_text_shadow_horizontal_length=\u00a0\u00bbtitle_text_shadow_style,%91object Object%93&Prime; title_text_shadow_vertical_length=\u00a0\u00bbtitle_text_shadow_style,%91object Object%93&Prime; title_text_shadow_blur_strength=\u00a0\u00bbtitle_text_shadow_style,%91object Object%93&Prime; meta_text_shadow_horizontal_length=\u00a0\u00bbmeta_text_shadow_style,%91object Object%93&Prime; meta_text_shadow_vertical_length=\u00a0\u00bbmeta_text_shadow_style,%91object Object%93&Prime; meta_text_shadow_blur_strength=\u00a0\u00bbmeta_text_shadow_style,%91object Object%93&Prime; z_index_tablet=\u00a0\u00bb500&Prime; \/][\/et_pb_column][\/et_pb_row][et_pb_row][et_pb_column type=\u00a0\u00bb3_4&Prime;][et_pb_text _builder_version=\u00a0\u00bb3.22.1&Prime; text_text_shadow_horizontal_length=\u00a0\u00bbtext_text_shadow_style,%91object Object%93&Prime; text_text_shadow_vertical_length=\u00a0\u00bbtext_text_shadow_style,%91object Object%93&Prime; text_text_shadow_blur_strength=\u00a0\u00bbtext_text_shadow_style,%91object Object%93&Prime; link_text_shadow_horizontal_length=\u00a0\u00bblink_text_shadow_style,%91object Object%93&Prime; link_text_shadow_vertical_length=\u00a0\u00bblink_text_shadow_style,%91object Object%93&Prime; link_text_shadow_blur_strength=\u00a0\u00bblink_text_shadow_style,%91object Object%93&Prime; ul_text_shadow_horizontal_length=\u00a0\u00bbul_text_shadow_style,%91object Object%93&Prime; ul_text_shadow_vertical_length=\u00a0\u00bbul_text_shadow_style,%91object Object%93&Prime; ul_text_shadow_blur_strength=\u00a0\u00bbul_text_shadow_style,%91object Object%93&Prime; ol_text_shadow_horizontal_length=\u00a0\u00bbol_text_shadow_style,%91object Object%93&Prime; ol_text_shadow_vertical_length=\u00a0\u00bbol_text_shadow_style,%91object Object%93&Prime; ol_text_shadow_blur_strength=\u00a0\u00bbol_text_shadow_style,%91object Object%93&Prime; quote_text_shadow_horizontal_length=\u00a0\u00bbquote_text_shadow_style,%91object Object%93&Prime; quote_text_shadow_vertical_length=\u00a0\u00bbquote_text_shadow_style,%91object Object%93&Prime; quote_text_shadow_blur_strength=\u00a0\u00bbquote_text_shadow_style,%91object Object%93&Prime; header_text_shadow_horizontal_length=\u00a0\u00bbheader_text_shadow_style,%91object Object%93&Prime; header_text_shadow_vertical_length=\u00a0\u00bbheader_text_shadow_style,%91object Object%93&Prime; header_text_shadow_blur_strength=\u00a0\u00bbheader_text_shadow_style,%91object Object%93&Prime; header_2_text_shadow_horizontal_length=\u00a0\u00bbheader_2_text_shadow_style,%91object Object%93&Prime; header_2_text_shadow_vertical_length=\u00a0\u00bbheader_2_text_shadow_style,%91object Object%93&Prime; header_2_text_shadow_blur_strength=\u00a0\u00bbheader_2_text_shadow_style,%91object Object%93&Prime; header_3_text_shadow_horizontal_length=\u00a0\u00bbheader_3_text_shadow_style,%91object Object%93&Prime; header_3_text_shadow_vertical_length=\u00a0\u00bbheader_3_text_shadow_style,%91object Object%93&Prime; header_3_text_shadow_blur_strength=\u00a0\u00bbheader_3_text_shadow_style,%91object Object%93&Prime; header_4_text_shadow_horizontal_length=\u00a0\u00bbheader_4_text_shadow_style,%91object Object%93&Prime; header_4_text_shadow_vertical_length=\u00a0\u00bbheader_4_text_shadow_style,%91object Object%93&Prime; header_4_text_shadow_blur_strength=\u00a0\u00bbheader_4_text_shadow_style,%91object Object%93&Prime; header_5_text_shadow_horizontal_length=\u00a0\u00bbheader_5_text_shadow_style,%91object Object%93&Prime; header_5_text_shadow_vertical_length=\u00a0\u00bbheader_5_text_shadow_style,%91object Object%93&Prime; header_5_text_shadow_blur_strength=\u00a0\u00bbheader_5_text_shadow_style,%91object Object%93&Prime; header_6_text_shadow_horizontal_length=\u00a0\u00bbheader_6_text_shadow_style,%91object Object%93&Prime; header_6_text_shadow_vertical_length=\u00a0\u00bbheader_6_text_shadow_style,%91object Object%93&Prime; header_6_text_shadow_blur_strength=\u00a0\u00bbheader_6_text_shadow_style,%91object Object%93&Prime; z_index_tablet=\u00a0\u00bb500&Prime;]<\/p>\n<p>Le Service de Scolarit\u00e9 G\u00e9n\u00e9rale (SSG) accompagne l\u2019entr\u00e9e de l\u2019\u00e9tudiant dans son parcours de formation en g\u00e9rant sa candidature et son inscription administrative (hors Sant\u00e9 et Doctorat) :<\/p>\n<ul>\n<li>Le <a class=\"ext extlink\" href=\"https:\/\/wordpress-test.app.u-pariscite.fr\/linscription-administrative\/\" target=\"_blank\" rel=\"noopener noreferrer\"><strong>Bureau des Inscriptions Administratives<\/strong> <\/a> pilote l\u2019organisation des inscriptions administratives. Il d\u00e9veloppe la d\u00e9mat\u00e9rialisation de la proc\u00e9dure d\u2019inscription via le web, assure les inscriptions administratives en pr\u00e9sentiel et g\u00e8re les aides financi\u00e8res et les commissions d\u2019exon\u00e9ration.<\/li>\n<li>Le <a href=\"https:\/\/wordpress-test.app.u-pariscite.fr\/centre-de-contact\/\" target=\"_blank\" rel=\"noopener noreferrer\"><strong>Centre de contact<\/strong><\/a> coordonne l\u2019accueil et l\u2019assistance technique aupr\u00e8s des usagers (mail, t\u00e9l\u00e9phone, pr\u00e9sence). Il s&rsquo;occupe \u00e9galement de la scolarit\u00e9 dite de premier niveau, c&rsquo;est \u00e0 dire de l&rsquo;\u00e9laboration de certificats de scolarit\u00e9, des transferts de dossiers\u2026<\/li>\n<li>Le <strong>Bureau des candidatures et dipl\u00f4mes<\/strong> g\u00e8re les arr\u00eat\u00e9s de composition des jurys et des commissions p\u00e9dagogiques d\u2019admission ainsi que les dossiers de candidatures. Il v\u00e9rifie et d\u00e9livre les dipl\u00f4mes.<\/li>\n<\/ul>\n<p>&nbsp;<\/p>\n<p><strong>Administration, accueil<\/strong><\/p>\n<blockquote>\n<p>Horaires et <a href=\"https:\/\/wordpress-test.app.u-pariscite.fr\/centre-de-contact\/\" target=\"_blank\" rel=\"noopener noreferrer\">contact<\/a> du Service de Scolarit\u00e9 G\u00e9n\u00e9rale.<\/p>\n<\/blockquote>\n<p>[\/et_pb_text][\/et_pb_column][et_pb_column type=\u00a0\u00bb1_4&Prime;][\/et_pb_column][\/et_pb_row][\/et_pb_section]<\/p>\n","protected":false},"excerpt":{"rendered":"<div class=\"et_pb_row et_pb_row_0 et_pb_row_empty\"><\/div>\n<div class=\"et_pb_row et_pb_row_1 et_pb_row_empty\"><\/div>\n<p> Le Service de Scolarit\u00e9 G\u00e9n\u00e9rale (SSG) accompagne l\u2019entr\u00e9e de l\u2019\u00e9tudiant dans son parcours de formation en g\u00e9rant sa candidature et son inscription administrative (hors Sant\u00e9 et Doctorat) : Le Bureau des Inscriptions Administratives pilote l\u2019organisation des inscriptions administratives. Il d\u00e9veloppe la d\u00e9mat\u00e9rialisation de la proc\u00e9dure d\u2019inscription via le web, assure les inscriptions administratives en&hellip; <a class=\"continue\" href=\"https:\/\/wordpress-test.app.u-pariscite.fr\/etudes-anglophones\/service-de-scolarite-generale\/\">Lire la suite<span> Service de Scolarit\u00e9 g\u00e9n\u00e9rale<\/span><\/a><\/p>\n","protected":false},"author":248,"featured_media":0,"parent":0,"menu_order":0,"comment_status":"closed","ping_status":"closed","template":"","meta":{"_et_pb_use_builder":"on","_et_pb_old_content":"","_et_gb_content_width":"","footnotes":""},"class_list":["post-8371","page","type-page","status-publish","hentry"],"_links":{"self":[{"href":"https:\/\/wordpress-test.app.u-pariscite.fr\/etudes-anglophones\/wp-json\/wp\/v2\/pages\/8371","targetHints":{"allow":["GET"]}}],"collection":[{"href":"https:\/\/wordpress-test.app.u-pariscite.fr\/etudes-anglophones\/wp-json\/wp\/v2\/pages"}],"about":[{"href":"https:\/\/wordpress-test.app.u-pariscite.fr\/etudes-anglophones\/wp-json\/wp\/v2\/types\/page"}],"author":[{"embeddable":true,"href":"https:\/\/wordpress-test.app.u-pariscite.fr\/etudes-anglophones\/wp-json\/wp\/v2\/users\/248"}],"replies":[{"embeddable":true,"href":"https:\/\/wordpress-test.app.u-pariscite.fr\/etudes-anglophones\/wp-json\/wp\/v2\/comments?post=8371"}],"version-history":[{"count":7,"href":"https:\/\/wordpress-test.app.u-pariscite.fr\/etudes-anglophones\/wp-json\/wp\/v2\/pages\/8371\/revisions"}],"predecessor-version":[{"id":9533,"href":"https:\/\/wordpress-test.app.u-pariscite.fr\/etudes-anglophones\/wp-json\/wp\/v2\/pages\/8371\/revisions\/9533"}],"wp:attachment":[{"href":"https:\/\/wordpress-test.app.u-pariscite.fr\/etudes-anglophones\/wp-json\/wp\/v2\/media?parent=8371"}],"curies":[{"name":"wp","href":"https:\/\/api.w.org\/{rel}","templated":true}]}}