{"id":8345,"date":"2021-06-15T11:23:44","date_gmt":"2021-06-15T09:23:44","guid":{"rendered":"https:\/\/wordpress-test.app.u-pariscite.fr\/etudes-anglophones\/?page_id=8345"},"modified":"2024-10-01T10:23:44","modified_gmt":"2024-10-01T08:23:44","slug":"brochures","status":"publish","type":"page","link":"https:\/\/wordpress-test.app.u-pariscite.fr\/etudes-anglophones\/brochures\/","title":{"rendered":"Brochures"},"content":{"rendered":"<p>[et_pb_section bb_built=\u00a0\u00bb1&Prime; inner_width=\u00a0\u00bbauto\u00a0\u00bb inner_max_width=\u00a0\u00bbnone\u00a0\u00bb next_background_color=\u00a0\u00bb#000000&Prime;][et_pb_row][et_pb_column type=\u00a0\u00bb4_4&Prime;][et_pb_post_title _builder_version=\u00a0\u00bb3.22.1&Prime; meta=\u00a0\u00bboff\u00a0\u00bb featured_image=\u00a0\u00bboff\u00a0\u00bb text_shadow_horizontal_length=\u00a0\u00bbtext_shadow_style,%91object Object%93&Prime; text_shadow_vertical_length=\u00a0\u00bbtext_shadow_style,%91object Object%93&Prime; text_shadow_blur_strength=\u00a0\u00bbtext_shadow_style,%91object Object%93&Prime; title_text_shadow_horizontal_length=\u00a0\u00bbtitle_text_shadow_style,%91object Object%93&Prime; title_text_shadow_vertical_length=\u00a0\u00bbtitle_text_shadow_style,%91object Object%93&Prime; title_text_shadow_blur_strength=\u00a0\u00bbtitle_text_shadow_style,%91object Object%93&Prime; meta_text_shadow_horizontal_length=\u00a0\u00bbmeta_text_shadow_style,%91object Object%93&Prime; meta_text_shadow_vertical_length=\u00a0\u00bbmeta_text_shadow_style,%91object Object%93&Prime; meta_text_shadow_blur_strength=\u00a0\u00bbmeta_text_shadow_style,%91object Object%93&Prime; z_index_tablet=\u00a0\u00bb500&Prime; \/][\/et_pb_column][\/et_pb_row][et_pb_row][et_pb_column type=\u00a0\u00bb3_4&Prime;][et_pb_text _builder_version=\u00a0\u00bb3.22.1&Prime; text_text_shadow_horizontal_length=\u00a0\u00bbtext_text_shadow_style,%91object Object%93&Prime; text_text_shadow_vertical_length=\u00a0\u00bbtext_text_shadow_style,%91object Object%93&Prime; text_text_shadow_blur_strength=\u00a0\u00bbtext_text_shadow_style,%91object Object%93&Prime; link_text_shadow_horizontal_length=\u00a0\u00bblink_text_shadow_style,%91object Object%93&Prime; link_text_shadow_vertical_length=\u00a0\u00bblink_text_shadow_style,%91object Object%93&Prime; link_text_shadow_blur_strength=\u00a0\u00bblink_text_shadow_style,%91object Object%93&Prime; ul_text_shadow_horizontal_length=\u00a0\u00bbul_text_shadow_style,%91object Object%93&Prime; ul_text_shadow_vertical_length=\u00a0\u00bbul_text_shadow_style,%91object Object%93&Prime; ul_text_shadow_blur_strength=\u00a0\u00bbul_text_shadow_style,%91object Object%93&Prime; ol_text_shadow_horizontal_length=\u00a0\u00bbol_text_shadow_style,%91object Object%93&Prime; ol_text_shadow_vertical_length=\u00a0\u00bbol_text_shadow_style,%91object Object%93&Prime; ol_text_shadow_blur_strength=\u00a0\u00bbol_text_shadow_style,%91object Object%93&Prime; quote_text_shadow_horizontal_length=\u00a0\u00bbquote_text_shadow_style,%91object Object%93&Prime; quote_text_shadow_vertical_length=\u00a0\u00bbquote_text_shadow_style,%91object Object%93&Prime; quote_text_shadow_blur_strength=\u00a0\u00bbquote_text_shadow_style,%91object Object%93&Prime; header_text_shadow_horizontal_length=\u00a0\u00bbheader_text_shadow_style,%91object Object%93&Prime; header_text_shadow_vertical_length=\u00a0\u00bbheader_text_shadow_style,%91object Object%93&Prime; header_text_shadow_blur_strength=\u00a0\u00bbheader_text_shadow_style,%91object Object%93&Prime; header_2_text_shadow_horizontal_length=\u00a0\u00bbheader_2_text_shadow_style,%91object Object%93&Prime; header_2_text_shadow_vertical_length=\u00a0\u00bbheader_2_text_shadow_style,%91object Object%93&Prime; header_2_text_shadow_blur_strength=\u00a0\u00bbheader_2_text_shadow_style,%91object Object%93&Prime; header_3_text_shadow_horizontal_length=\u00a0\u00bbheader_3_text_shadow_style,%91object Object%93&Prime; header_3_text_shadow_vertical_length=\u00a0\u00bbheader_3_text_shadow_style,%91object Object%93&Prime; header_3_text_shadow_blur_strength=\u00a0\u00bbheader_3_text_shadow_style,%91object Object%93&Prime; header_4_text_shadow_horizontal_length=\u00a0\u00bbheader_4_text_shadow_style,%91object Object%93&Prime; header_4_text_shadow_vertical_length=\u00a0\u00bbheader_4_text_shadow_style,%91object Object%93&Prime; header_4_text_shadow_blur_strength=\u00a0\u00bbheader_4_text_shadow_style,%91object Object%93&Prime; header_5_text_shadow_horizontal_length=\u00a0\u00bbheader_5_text_shadow_style,%91object Object%93&Prime; header_5_text_shadow_vertical_length=\u00a0\u00bbheader_5_text_shadow_style,%91object Object%93&Prime; header_5_text_shadow_blur_strength=\u00a0\u00bbheader_5_text_shadow_style,%91object Object%93&Prime; header_6_text_shadow_horizontal_length=\u00a0\u00bbheader_6_text_shadow_style,%91object Object%93&Prime; header_6_text_shadow_vertical_length=\u00a0\u00bbheader_6_text_shadow_style,%91object Object%93&Prime; header_6_text_shadow_blur_strength=\u00a0\u00bbheader_6_text_shadow_style,%91object Object%93&Prime; z_index_tablet=\u00a0\u00bb500&Prime;]<\/p>\n<p>Les brochures contiennent les descriptifs de tous les cours, ainsi que les modalit\u00e9s de contr\u00f4le de connaissances.<\/p>\n<h3>Licence<\/h3>\n<h4>Langues, litt\u00e9ratures, Civilisations \u00c9trang\u00e8res et R\u00e9gionales \u2013 (LLCER)<\/h4>\n<ul>\n<li><a href=\"https:\/\/cloud.parisdescartes.fr\/index.php\/s\/69rJspGbiy2jJ6r\">Licence LLCER ANGLAIS : Brochure 2024-25<\/a><\/li>\n<\/ul>\n<h3>Masters Recherche &#8211; Langues, litt\u00e9ratures, Civilisations \u00c9trang\u00e8res et R\u00e9gionales \u2013 (LLCER)<\/h3>\n<div class=\"et_pb_module et_pb_text et_pb_text_8 et_pb_bg_layout_light et_pb_text_align_left\">\n<div class=\"et_pb_text_inner\">\n<ul>\n<li><a href=\"https:\/\/cloud.parisdescartes.fr\/index.php\/s\/AwcRnfTiJ8Tb7TK\">M1 &amp; M2 LLCER \u2013 Parcours Arts et culture visuelle des pays anglophones &#8211; brochure 2024-25<\/a><\/li>\n<li><a href=\"https:\/\/cloud.parisdescartes.fr\/index.php\/s\/S3PTNQD6RyGP93H\">M1 &amp; M2 LLCER \u2013 Parcours Histoire et civilisation des mondes anglophones &#8211; brochure 2024-25<\/a><\/li>\n<li><a href=\"https:\/\/cloud.parisdescartes.fr\/index.php\/s\/5TwMYTWyFtgQ5RP\">M1 &amp; M2 LLCER \u2013 Parcours Litt\u00e9ratures anglophones &#8211; brochure 2024-25<\/a><\/li>\n<li><a href=\"https:\/\/cloud.parisdescartes.fr\/index.php\/s\/Rbcdrk6pdkEKtF4\">M1 &amp; M2 LLCER \u2013 \u00a0Parcours Linguistique anglaise &#8211; brochure 2024-25<\/a><\/li>\n<li><a href=\"https:\/\/cloud.parisdescartes.fr\/index.php\/s\/sTmxkgAR9XD7erC\">M1 &amp; M2 LLCER \u2013 Parcours Domaines anglophones\u2013co-accr\u00e9dit\u00e9 avec l\u2019ENS de Paris-Saclay &#8211; brochure 2024-25<\/a><\/li>\n<li><a href=\"https:\/\/cloud.parisdescartes.fr\/index.php\/s\/B2Yt4g86WPk3jLo\">M1 &amp; M2 LLCER \u2013 Parcours Premi\u00e8res modernit\u00e9s &#8211; brochure 2024-25<\/a><\/li>\n<li><a href=\"https:\/\/cloud.parisdescartes.fr\/index.php\/s\/Ewndj2AjfTo8czJ\">M1 &amp; M2 LLCER \u2013 Parcours Cursus int\u00e9gr\u00e9 en \u00e9tudes anglaises et am\u00e9ricaines &#8211; brochure 2024-25<\/a><\/li>\n<\/ul>\n<h3>Double Master \u00ab\u00a0Film Studies\u00a0\u00bb<\/h3>\n<ul>\n<li><a href=\"https:\/\/cloud.parisdescartes.fr\/index.php\/s\/eoLK5egZA9rPY7K\">M1 &amp; M2 LLCER \u2013 Parcours Anglais Cin\u00e9ma\u00a0 &#8211; brochure 2024-25<\/a><\/li>\n<\/ul>\n<\/div>\n<\/div>\n<div class=\"et_pb_module et_pb_text et_pb_text_8 et_pb_bg_layout_light et_pb_text_align_left\">\n<div class=\"et_pb_text_inner\">\n<div class=\"et_pb_module et_pb_text et_pb_text_9 et_pb_bg_layout_light et_pb_text_align_left\">\n<div class=\"et_pb_text_inner\">\n<h3>\u00a0<\/h3>\n<h3>Master Professionnel &#8211; Langues, litt\u00e9ratures, Civilisations \u00c9trang\u00e8res et R\u00e9gionales (LLCER)<\/h3>\n<ul>\n<li>M1 &amp; M2 LLCER \u2013 <a href=\"https:\/\/cloud.parisdescartes.fr\/index.php\/s\/Gt9GCa4cfSf88WZ\">Parcours Sp\u00e9cialit\u00e9 Intelligence et innovation culturelles (IIC) &#8211; brochure 2024-25<\/a><\/li>\n<li>M1 &amp; M2 LLCER \u2013 <a href=\"https:\/\/cloud.parisdescartes.fr\/index.php\/s\/9fZr6kbAPRQS3kk\">Parcours Traduction litt\u00e9raire &#8211; brochure 2024-2025<\/a><\/li>\n<\/ul>\n<\/div>\n<h3>\u00a0<\/h3>\n<h3>Agr\u00e9gations<\/h3>\n<ul>\n<li><a href=\"https:\/\/cloud.parisdescartes.fr\/index.php\/s\/Y2PawD8ZWpdSbDE\">Agr\u00e9gation interne Brochure 2024-2025<\/a><\/li>\n<li><a href=\"https:\/\/cloud.parisdescartes.fr\/index.php\/s\/N66fs2HDC2DfA4b\">Agr\u00e9gation externe Brochure 2024-2025<\/a><\/li>\n<\/ul>\n<\/div>\n<\/div>\n<\/div>\n<p>[\/et_pb_text][\/et_pb_column][et_pb_column type=\u00a0\u00bb1_4&Prime;][\/et_pb_column][\/et_pb_row][\/et_pb_section][et_pb_section bb_built=\u00a0\u00bb1&Prime; specialty=\u00a0\u00bboff\u00a0\u00bb _builder_version=\u00a0\u00bb3.21&Prime; custom_padding=\u00a0\u00bb0px||0px|\u00a0\u00bb prev_background_color=\u00a0\u00bb#000000&Prime; inner_width=\u00a0\u00bbauto\u00a0\u00bb inner_max_width=\u00a0\u00bbnone\u00a0\u00bb][et_pb_row _builder_version=\u00a0\u00bb3.19.11&Prime; width=\u00a0\u00bb80%\u00a0\u00bb max_width=\u00a0\u00bb1080px\u00a0\u00bb][et_pb_column type=\u00a0\u00bb4_4&Prime;][et_pb_text admin_label=\u00a0\u00bb\u00c0 lire aussi\u00a0\u00bb _builder_version=\u00a0\u00bb3.21&Prime;]<\/p>\n<h2><span class=\"st\">\u00c0<\/span> lire aussi<\/h2>\n<p>[\/et_pb_text][et_pb_blog _builder_version=\u00a0\u00bb3.22.1&Prime; posts_number=\u00a0\u00bb4&Prime; include_categories=\u00a0\u00bb13&Prime; show_author=\u00a0\u00bboff\u00a0\u00bb show_date=\u00a0\u00bboff\u00a0\u00bb show_pagination=\u00a0\u00bboff\u00a0\u00bb border_width_bottom_fullwidth=\u00a0\u00bb1px\u00a0\u00bb border_color_bottom_fullwidth=\u00a0\u00bbrgba(51,51,51,0.18)\u00a0\u00bb custom_padding=\u00a0\u00bb||50px|\u00a0\u00bb module_id=\u00a0\u00bbpage_type_blog\u00a0\u00bb header_level=\u00a0\u00bbh4&Prime; \/][\/et_pb_column][\/et_pb_row][\/et_pb_section]<\/p>\n","protected":false},"excerpt":{"rendered":"<div class=\"et_pb_row et_pb_row_0 et_pb_row_empty\"><\/div>\n<div class=\"et_pb_row et_pb_row_1 et_pb_row_empty\"><\/div>\n<p> Les brochures contiennent les descriptifs de tous les cours, ainsi que les modalit\u00e9s de contr\u00f4le de connaissances.LicenceLangues, litt\u00e9ratures, Civilisations \u00c9trang\u00e8res et R\u00e9gionales \u2013 (LLCER)Licence LLCER ANGLAIS : Brochure 2024-25Masters Recherche &#8211; Langues, litt\u00e9ratures, Civilisations \u00c9trang\u00e8res et R\u00e9gionales \u2013 (LLCER)M1 &amp; M2 LLCER \u2013 Parcours Arts et culture visuelle des pays anglophones &#8211; brochure 2024-25M1&hellip; <a class=\"continue\" href=\"https:\/\/wordpress-test.app.u-pariscite.fr\/etudes-anglophones\/brochures\/\">Lire la suite<span> Brochures<\/span><\/a><\/p>\n","protected":false},"author":248,"featured_media":0,"parent":0,"menu_order":0,"comment_status":"closed","ping_status":"closed","template":"","meta":{"_et_pb_use_builder":"on","_et_pb_old_content":"","_et_gb_content_width":"","footnotes":""},"class_list":["post-8345","page","type-page","status-publish","hentry"],"_links":{"self":[{"href":"https:\/\/wordpress-test.app.u-pariscite.fr\/etudes-anglophones\/wp-json\/wp\/v2\/pages\/8345","targetHints":{"allow":["GET"]}}],"collection":[{"href":"https:\/\/wordpress-test.app.u-pariscite.fr\/etudes-anglophones\/wp-json\/wp\/v2\/pages"}],"about":[{"href":"https:\/\/wordpress-test.app.u-pariscite.fr\/etudes-anglophones\/wp-json\/wp\/v2\/types\/page"}],"author":[{"embeddable":true,"href":"https:\/\/wordpress-test.app.u-pariscite.fr\/etudes-anglophones\/wp-json\/wp\/v2\/users\/248"}],"replies":[{"embeddable":true,"href":"https:\/\/wordpress-test.app.u-pariscite.fr\/etudes-anglophones\/wp-json\/wp\/v2\/comments?post=8345"}],"version-history":[{"count":44,"href":"https:\/\/wordpress-test.app.u-pariscite.fr\/etudes-anglophones\/wp-json\/wp\/v2\/pages\/8345\/revisions"}],"predecessor-version":[{"id":12265,"href":"https:\/\/wordpress-test.app.u-pariscite.fr\/etudes-anglophones\/wp-json\/wp\/v2\/pages\/8345\/revisions\/12265"}],"wp:attachment":[{"href":"https:\/\/wordpress-test.app.u-pariscite.fr\/etudes-anglophones\/wp-json\/wp\/v2\/media?parent=8345"}],"curies":[{"name":"wp","href":"https:\/\/api.w.org\/{rel}","templated":true}]}}