{"id":7894,"date":"2019-11-14T10:54:58","date_gmt":"2019-11-14T09:54:58","guid":{"rendered":"https:\/\/wordpress-test.app.u-pariscite.fr\/etudes-anglophones\/lecteur-a-paris-diderot-cours-et-recherche\/"},"modified":"2022-12-13T09:55:17","modified_gmt":"2022-12-13T08:55:17","slug":"lecteur-universite-paris-cours-et-recherche","status":"publish","type":"page","link":"https:\/\/wordpress-test.app.u-pariscite.fr\/etudes-anglophones\/lecteur-universite-paris-cours-et-recherche\/","title":{"rendered":"Lecteur \u00e0 Universit\u00e9 Paris Cit\u00e9 : cours et recherche"},"content":{"rendered":"<p>[et_pb_section bb_built=\u00a0\u00bb1&Prime; next_background_color=\u00a0\u00bb#000000&Prime; inner_width=\u00a0\u00bbauto\u00a0\u00bb inner_max_width=\u00a0\u00bbnone\u00a0\u00bb][et_pb_row _builder_version=\u00a0\u00bb3.21&Prime; width=\u00a0\u00bb80%\u00a0\u00bb max_width=\u00a0\u00bb1080px\u00a0\u00bb][et_pb_column type=\u00a0\u00bb4_4&Prime;][et_pb_post_title admin_label=\u00a0\u00bbTitre de la page\u00a0\u00bb _builder_version=\u00a0\u00bb3.22.1&Prime; meta=\u00a0\u00bboff\u00a0\u00bb featured_image=\u00a0\u00bboff\u00a0\u00bb text_orientation=\u00a0\u00bbcenter\u00a0\u00bb text_shadow_horizontal_length=\u00a0\u00bbtext_shadow_style,%91object Object%93&Prime; text_shadow_vertical_length=\u00a0\u00bbtext_shadow_style,%91object Object%93&Prime; text_shadow_blur_strength=\u00a0\u00bbtext_shadow_style,%91object Object%93&Prime; title_text_align=\u00a0\u00bbcenter\u00a0\u00bb title_text_shadow_horizontal_length=\u00a0\u00bbtitle_text_shadow_style,%91object Object%93&Prime; title_text_shadow_vertical_length=\u00a0\u00bbtitle_text_shadow_style,%91object Object%93&Prime; title_text_shadow_blur_strength=\u00a0\u00bbtitle_text_shadow_style,%91object Object%93&Prime; meta_text_shadow_horizontal_length=\u00a0\u00bbmeta_text_shadow_style,%91object Object%93&Prime; meta_text_shadow_vertical_length=\u00a0\u00bbmeta_text_shadow_style,%91object Object%93&Prime; meta_text_shadow_blur_strength=\u00a0\u00bbmeta_text_shadow_style,%91object Object%93&Prime; z_index_tablet=\u00a0\u00bb500&Prime; \/][\/et_pb_column][\/et_pb_row][et_pb_row][et_pb_column type=\u00a0\u00bb3_4&Prime;][et_pb_text _builder_version=\u00a0\u00bb3.22.1&Prime; module_id=\u00a0\u00bbcontenu\u00a0\u00bb text_text_shadow_horizontal_length=\u00a0\u00bbtext_text_shadow_style,%91object Object%93&Prime; text_text_shadow_vertical_length=\u00a0\u00bbtext_text_shadow_style,%91object Object%93&Prime; text_text_shadow_blur_strength=\u00a0\u00bbtext_text_shadow_style,%91object Object%93&Prime; link_text_shadow_horizontal_length=\u00a0\u00bblink_text_shadow_style,%91object Object%93&Prime; link_text_shadow_vertical_length=\u00a0\u00bblink_text_shadow_style,%91object Object%93&Prime; link_text_shadow_blur_strength=\u00a0\u00bblink_text_shadow_style,%91object Object%93&Prime; ul_text_shadow_horizontal_length=\u00a0\u00bbul_text_shadow_style,%91object Object%93&Prime; ul_text_shadow_vertical_length=\u00a0\u00bbul_text_shadow_style,%91object Object%93&Prime; ul_text_shadow_blur_strength=\u00a0\u00bbul_text_shadow_style,%91object Object%93&Prime; ol_text_shadow_horizontal_length=\u00a0\u00bbol_text_shadow_style,%91object Object%93&Prime; ol_text_shadow_vertical_length=\u00a0\u00bbol_text_shadow_style,%91object Object%93&Prime; ol_text_shadow_blur_strength=\u00a0\u00bbol_text_shadow_style,%91object Object%93&Prime; quote_text_shadow_horizontal_length=\u00a0\u00bbquote_text_shadow_style,%91object Object%93&Prime; quote_text_shadow_vertical_length=\u00a0\u00bbquote_text_shadow_style,%91object Object%93&Prime; quote_text_shadow_blur_strength=\u00a0\u00bbquote_text_shadow_style,%91object Object%93&Prime; header_text_shadow_horizontal_length=\u00a0\u00bbheader_text_shadow_style,%91object Object%93&Prime; header_text_shadow_vertical_length=\u00a0\u00bbheader_text_shadow_style,%91object Object%93&Prime; header_text_shadow_blur_strength=\u00a0\u00bbheader_text_shadow_style,%91object Object%93&Prime; header_2_text_shadow_horizontal_length=\u00a0\u00bbheader_2_text_shadow_style,%91object Object%93&Prime; header_2_text_shadow_vertical_length=\u00a0\u00bbheader_2_text_shadow_style,%91object Object%93&Prime; header_2_text_shadow_blur_strength=\u00a0\u00bbheader_2_text_shadow_style,%91object Object%93&Prime; header_3_text_shadow_horizontal_length=\u00a0\u00bbheader_3_text_shadow_style,%91object Object%93&Prime; header_3_text_shadow_vertical_length=\u00a0\u00bbheader_3_text_shadow_style,%91object Object%93&Prime; header_3_text_shadow_blur_strength=\u00a0\u00bbheader_3_text_shadow_style,%91object Object%93&Prime; header_4_text_shadow_horizontal_length=\u00a0\u00bbheader_4_text_shadow_style,%91object Object%93&Prime; header_4_text_shadow_vertical_length=\u00a0\u00bbheader_4_text_shadow_style,%91object Object%93&Prime; header_4_text_shadow_blur_strength=\u00a0\u00bbheader_4_text_shadow_style,%91object Object%93&Prime; header_5_text_shadow_horizontal_length=\u00a0\u00bbheader_5_text_shadow_style,%91object Object%93&Prime; header_5_text_shadow_vertical_length=\u00a0\u00bbheader_5_text_shadow_style,%91object Object%93&Prime; header_5_text_shadow_blur_strength=\u00a0\u00bbheader_5_text_shadow_style,%91object Object%93&Prime; header_6_text_shadow_horizontal_length=\u00a0\u00bbheader_6_text_shadow_style,%91object Object%93&Prime; header_6_text_shadow_vertical_length=\u00a0\u00bbheader_6_text_shadow_style,%91object Object%93&Prime; header_6_text_shadow_blur_strength=\u00a0\u00bbheader_6_text_shadow_style,%91object Object%93&Prime; z_index_tablet=\u00a0\u00bb500&Prime; \/][et_pb_toggle admin_label=\u00a0\u00bbRecherche et cours en auditeur libre\u00a0\u00bb _builder_version=\u00a0\u00bb3.22.1&Prime; title=\u00a0\u00bbRecherche et cours en auditeur.rice libre\u00a0\u00bb text_shadow_horizontal_length=\u00a0\u00bbtext_shadow_style,%91object Object%93&Prime; text_shadow_vertical_length=\u00a0\u00bbtext_shadow_style,%91object Object%93&Prime; text_shadow_blur_strength=\u00a0\u00bbtext_shadow_style,%91object Object%93&Prime; title_text_shadow_horizontal_length=\u00a0\u00bbtitle_text_shadow_style,%91object Object%93&Prime; title_text_shadow_vertical_length=\u00a0\u00bbtitle_text_shadow_style,%91object Object%93&Prime; title_text_shadow_blur_strength=\u00a0\u00bbtitle_text_shadow_style,%91object Object%93&Prime; body_text_shadow_horizontal_length=\u00a0\u00bbbody_text_shadow_style,%91object Object%93&Prime; body_text_shadow_vertical_length=\u00a0\u00bbbody_text_shadow_style,%91object Object%93&Prime; body_text_shadow_blur_strength=\u00a0\u00bbbody_text_shadow_style,%91object Object%93&Prime; z_index_tablet=\u00a0\u00bb500&Prime;]<\/p>\n<p>Les lecteurs ont \u00e0 la fois le statut d\u2019enseignant et le statut d\u2019\u00e9tudiant. Les lecteurs recevront une carte d\u2019\u00e9tudiant qui leur donne acc\u00e8s \u00e0 la biblioth\u00e8que d\u2019Universit\u00e9 Paris Cit\u00e9 et aux services num\u00e9riques.<\/p>\n<p>Tous les lecteurs peuvent assister aux cours en auditeur libre, sous r\u00e9serve de l\u2019accord de l\u2019enseignant. Vous pouvez consulter l\u2019offre de cours \u00e0 UPCit\u00e9 sur <a href=\"https:\/\/wordpress-test.app.u-pariscite.fr\/choisir-sa-formation\/\" target=\"_blank\" rel=\"noopener noreferrer\">cette page <\/a>et acc\u00e9der \u00e0 l&rsquo;offre sp\u00e9cifique en Etudes Anglophones \u00e0 partir de <a href=\"https:\/\/wordpress-test.app.u-pariscite.fr\/etudes-anglophones\/modules-in-english\/\" target=\"_blank\" rel=\"noopener noreferrer\">notre page d&rsquo;informations<\/a>.<\/p>\n<p>Les lecteurs sont encourag\u00e9s \u00e0 suivre les activit\u00e9s de recherche de l\u2019UFR \u00c9tudes anglophones et de ses laboratoires. La secr\u00e9taire de l\u2019UFR, Mme Sylvie Morin, (<a href=\"mailto:sylvie.morin@u-paris\">sylvie.morin@u-paris<\/a>) vous ajoutera \u00e0 la liste de diffusion de l\u2019UFR pour vous tenir au courant des \u00e9v\u00e8nements.<\/p>\n<p>L\u2019UFR comprend deux laboratoires de recherche\u00a0:<\/p>\n<p>LARCA (UMR 8225)\u00a0: Le Laboratoire de Recherches sur les Cultures Anglophones regroupe des enseignants-chercheurs actifs dans les domaines de litt\u00e9rature, d\u2019histoire et de culture visuelle du monde anglophone. Site web\u00a0: <a href=\"https:\/\/larca.wordpress-test.app.u-pariscite.fr\/en\/home\/\" target=\"_blank\" rel=\"noopener noreferrer\">https:\/\/larca.wordpress-test.app.u-pariscite.fr\/en\/home\/<\/a><\/p>\n<p>CLILLAC (\u00e9quipe d&rsquo;accueil 3967)\u00a0: Centre de Linguistique Inter-langues, de Lexicologie, de Linguistique Anglaise et de Corpus. Site web\u00a0: <a href=\"http:\/\/www.clillac-arp.univ-paris-diderot.fr\/\" target=\"_blank\" rel=\"noopener noreferrer\">http:\/\/www.clillac-arp.univ-paris-diderot.fr\/<\/a><\/p>\n<p>Les lecteurs sont invit\u00e9s \u00e0 participer aux activit\u00e9s des laboratoires de recherche et \u00e0 rencontrer les doctorants, dont certains enseignent \u00e0 l\u2019UFR en tant qu\u2019ATER. Les doctorants disposent de salles au 8<sup>e<\/sup> \u00e9tage du b\u00e2timent Olympe de Gouges, auxquelles vous avez acc\u00e8s. Pour \u00eatre ajout\u00e9 aux listes de diffusion des laboratoires, et obtenir la cl\u00e9 des salles des doctorants, contactez le responsable administratif recherche\u00a0: Corinne Hamel (<a href=\"mailto:Corinne.Hamel@wordpress-test.app.u-pariscite.fr\">Corinne.Hamel@wordpress-test.app.u-pariscite.fr<\/a>), Olympe de Gouges, bureau 463, 4<sup>e<\/sup> \u00e9tage<\/p>\n<p>Les lecteurs en cours de doctorat peuvent \u00e9galement participer aux activit\u00e9s des \u00e9coles doctorales\u00a0:<\/p>\n<p>&#8211; ED 131\u00a0: Langue, Litt\u00e9rature et Image : civilisations et sciences humaines (domaines francophone, anglophone et d&rsquo;Asie orientale)\u00a0: <a href=\"https:\/\/ed131.wordpress-test.app.u-pariscite.fr\/\" target=\"_blank\" rel=\"noopener noreferrer\">https:\/\/ed131.wordpress-test.app.u-pariscite.fr\/<\/a><\/p>\n<p>&#8211; ED 622\u00a0: Sciences du Langage\u00a0: <a href=\"http:\/\/ed132.ed.univ-paris-diderot.fr\/doku.php\" target=\"_blank\" rel=\"noopener noreferrer\">http:\/\/ed132.ed.univ-paris-diderot.fr\/doku.php<\/a><\/p>\n<p>Tous les lecteurs ont acc\u00e8s aux \u00e9quipements sportifs et cours de sport de Paris Diderot\u00a0: <a href=\"https:\/\/sport.wordpress-test.app.u-pariscite.fr\/\">https:\/\/sport.wordpress-test.app.u-pariscite.fr\/<\/a><\/p>\n<p>Le certificat m\u00e9dical n\u00e9cessaire aux activit\u00e9s sportives peut \u00eatre obtenu aupr\u00e8s du Service de la M\u00e9decine Pr\u00e9ventive\u00a0: <a href=\"https:\/\/wordpress-test.app.u-pariscite.fr\/sante-prevention\/\" target=\"_blank\" rel=\"noopener noreferrer\">https:\/\/wordpress-test.app.u-pariscite.fr\/sante-prevention\/<\/a><\/p>\n<p>[\/et_pb_toggle][et_pb_toggle admin_label=\u00a0\u00bbInscription \u00e0 des cours comme \u00e9tudiant.e\u00a0\u00bb _builder_version=\u00a0\u00bb3.22.1&Prime; title=\u00a0\u00bbInscription \u00e0 des cours comme \u00e9tudiant\u00a0\u00bb text_shadow_horizontal_length=\u00a0\u00bbtext_shadow_style,%91object Object%93&Prime; text_shadow_vertical_length=\u00a0\u00bbtext_shadow_style,%91object Object%93&Prime; text_shadow_blur_strength=\u00a0\u00bbtext_shadow_style,%91object Object%93&Prime; title_text_shadow_horizontal_length=\u00a0\u00bbtitle_text_shadow_style,%91object Object%93&Prime; title_text_shadow_vertical_length=\u00a0\u00bbtitle_text_shadow_style,%91object Object%93&Prime; title_text_shadow_blur_strength=\u00a0\u00bbtitle_text_shadow_style,%91object Object%93&Prime; body_text_shadow_horizontal_length=\u00a0\u00bbbody_text_shadow_style,%91object Object%93&Prime; body_text_shadow_vertical_length=\u00a0\u00bbbody_text_shadow_style,%91object Object%93&Prime; body_text_shadow_blur_strength=\u00a0\u00bbbody_text_shadow_style,%91object Object%93&Prime; z_index_tablet=\u00a0\u00bb500&Prime;]<\/p>\n<p>Sur la base d\u2019accords r\u00e9ciproques, l\u2019inscription officielle \u00e0 des cours de Licence ou Master est possible pour les lecteurs de <strong>SUNY Buffalo, University of Arizona, University of Minnesota <\/strong>ou <strong>University of Pennsylvania<\/strong>.<\/p>\n<p>Tous les lecteurs peuvent assister aux cours en auditeur libre, sous r\u00e9serve de l\u2019accord de l\u2019enseignant. Vous pouvez consulter l\u2019offre de cours \u00e0 UPCit\u00e9 sur <a href=\"https:\/\/wordpress-test.app.u-pariscite.fr\/choisir-sa-formation\/\" target=\"_blank\" rel=\"noopener noreferrer\">cette page <\/a>et acc\u00e9der \u00e0 l&rsquo;offre sp\u00e9cifique en Etudes Anglophones \u00e0 partir de <a href=\"https:\/\/wordpress-test.app.u-pariscite.fr\/etudes-anglophones\/modules-in-english\/\" target=\"_blank\" rel=\"noopener noreferrer\">notre page d&rsquo;informations<\/a>.<\/p>\n<p>Si vous souhaitez vous inscrire \u00e0 des cours, merci d\u2019en informer Cl\u00e9mence Follea : clemence.follea@wordpress-test.app.u-pariscite.fr<\/p>\n<p>Une fois vos cours choisis, il faudra remplir un contrat d\u2019\u00e9tudes et aller avec votre carte d\u2019\u00e9tudiant \u00e0 la Scolarit\u00e9 de l\u2019UFR o\u00f9 vous souhaitez suivre des cours pour vous inscrire pour les cours qui vous int\u00e9ressent (cette \u00e9tape est votre \u00ab\u00a0inscription p\u00e9dagogique\u00a0\u00bb).<\/p>\n<p>Les cours commencent mi-septembre pour le premier semestre et mi-janvier pour le second semestre. Vous pouvez consulter le calendrier de l&rsquo;ann\u00e9e en cours pour l&rsquo;UFR Etudes Anglophones sur <a href=\"https:\/\/wordpress-test.app.u-pariscite.fr\/etudes-anglophones\/modules-in-english\/\" target=\"_blank\" rel=\"noopener noreferrer\">notre page d&rsquo;informations<\/a>.<\/p>\n<p>Votre relev\u00e9 de notes officiel vous sera envoy\u00e9 par le P\u00f4le Strat\u00e9gie et relations internationales \u00e0 la fin de l\u2019ann\u00e9e universitaire.<\/p>\n<p>[\/et_pb_toggle][\/et_pb_column][et_pb_column type=\u00a0\u00bb1_4&Prime;][\/et_pb_column][\/et_pb_row][\/et_pb_section][et_pb_section bb_built=\u00a0\u00bb1&Prime; specialty=\u00a0\u00bboff\u00a0\u00bb prev_background_color=\u00a0\u00bb#000000&Prime; _builder_version=\u00a0\u00bb3.19.11&Prime; custom_padding=\u00a0\u00bb0px||0px|\u00a0\u00bb inner_width=\u00a0\u00bbauto\u00a0\u00bb inner_max_width=\u00a0\u00bbnone\u00a0\u00bb][et_pb_row _builder_version=\u00a0\u00bb3.19.11&Prime; width=\u00a0\u00bb80%\u00a0\u00bb max_width=\u00a0\u00bb1080px\u00a0\u00bb][et_pb_column type=\u00a0\u00bb4_4&Prime;][et_pb_text admin_label=\u00a0\u00bbArticles similaires\u00a0\u00bb _builder_version=\u00a0\u00bb3.16.1&Prime;]<\/p>\n<h2><span class=\"st\">\u00c0<\/span> lire aussi<\/h2>\n<p>[\/et_pb_text][et_pb_blog _builder_version=\u00a0\u00bb3.21&Prime; posts_number=\u00a0\u00bb4&Prime; include_categories=\u00a0\u00bb38,45,14,12,11,15,1,13&Prime; show_author=\u00a0\u00bboff\u00a0\u00bb show_date=\u00a0\u00bboff\u00a0\u00bb show_pagination=\u00a0\u00bboff\u00a0\u00bb border_width_bottom_fullwidth=\u00a0\u00bb1px\u00a0\u00bb border_color_bottom_fullwidth=\u00a0\u00bbrgba(51,51,51,0.18)\u00a0\u00bb custom_padding=\u00a0\u00bb||50px|\u00a0\u00bb module_id=\u00a0\u00bbpage_type_blog\u00a0\u00bb header_level=\u00a0\u00bbh4&Prime; \/][\/et_pb_column][\/et_pb_row][\/et_pb_section]<\/p>\n","protected":false},"excerpt":{"rendered":"<div class=\"et_pb_row et_pb_row_0 et_pb_row_empty\"><\/div>\n<p> Les lecteurs ont \u00e0 la fois le statut d\u2019enseignant et le statut d\u2019\u00e9tudiant. Les lecteurs recevront une carte d\u2019\u00e9tudiant qui leur donne acc\u00e8s \u00e0 la biblioth\u00e8que d\u2019Universit\u00e9 Paris Cit\u00e9 et aux services num\u00e9riques.Tous les lecteurs peuvent assister aux cours en auditeur libre, sous r\u00e9serve de l\u2019accord de l\u2019enseignant. Vous pouvez consulter l\u2019offre de cours&hellip; <a class=\"continue\" href=\"https:\/\/wordpress-test.app.u-pariscite.fr\/etudes-anglophones\/lecteur-universite-paris-cours-et-recherche\/\">Lire la suite<span> Lecteur \u00e0 Universit\u00e9 Paris Cit\u00e9 : cours et recherche<\/span><\/a><\/p>\n","protected":false},"author":8,"featured_media":0,"parent":0,"menu_order":0,"comment_status":"open","ping_status":"closed","template":"","meta":{"_et_pb_use_builder":"on","_et_pb_old_content":"[et_pb_section bb_built=\"1\" next_background_color=\"#000000\"][et_pb_row _builder_version=\"3.19.11\" module_id=\"image-page-type\"][et_pb_column type=\"3_4\"][et_pb_image admin_label=\"Image 1920 x 1080\" _builder_version=\"3.19.11\" src=\"http:\/\/localhost\/wp-content\/uploads\/2019\/05\/maple-leaves-background.jpg\" module_id=\"image-page\" \/][\/et_pb_column][et_pb_column type=\"1_4\"][et_pb_text admin_label=\"Texte image\" _builder_version=\"3.16.1\" module_id=\"texte-image\" background_color=\"rgba(242,242,242,0)\" custom_margin=\"|-15px||\"]\r\n<div class=\"page\" title=\"Page 1\">\r\n<div class=\"layoutArea\">\r\n<div class=\"column\">\r\n<h4>titre texte image<\/h4>\r\ntexte image\r\n\r\n<\/div>\r\n<\/div>\r\n<\/div>\r\n[\/et_pb_text][\/et_pb_column][\/et_pb_row][et_pb_row][et_pb_column type=\"4_4\"][et_pb_text admin_label=\"l\u00c8gende\" _builder_version=\"3.16.1\" module_id=\"legende\"]\r\n<div class=\"page\" title=\"Page 1\">\r\n<div class=\"layoutArea\">\r\n<div class=\"column\">\r\n\r\n\u00a9 Tous droits r\u00e9serv\u00e9s\r\n\r\n<\/div>\r\n<\/div>\r\n<\/div>\r\n[\/et_pb_text][\/et_pb_column][\/et_pb_row][et_pb_row][et_pb_column type=\"3_4\"][et_pb_text _builder_version=\"3.16.1\" module_id=\"contenu\"]\r\n\r\n<h3>Cours en auditeur libre, recherche et sport<\/h3>\r\n\r\n<p>Les lecteurs ont \u00e0 la fois le statut d\u2019enseignant et le statut d\u2019\u00e9tudiant. Les lecteurs recevront une carte d\u2019\u00e9tudiant qui leur donne acc\u00e8s \u00e0 la biblioth\u00e8que de Paris-Diderot et \u00e0 l\u2019Environnement Num\u00e9rique de travail (ENT), qui permet de se connecter \u00e0 la documentation \u00e9lectronique et aux bases de donn\u00e9es auxquelles l\u2019universit\u00e9 est abonn\u00e9e.<\/p>\r\n\r\n<p>Tous les lecteurs peuvent assister aux cours en auditeur libre, sous r\u00e9serve de l\u2019accord de l\u2019enseignant. Voir l\u2019offre des <a href=\"https:\/\/formation.univ-paris-diderot.fr\/trouver-une-formation\" target=\"_blank\" rel=\"noopener noreferrer\">cours de l\u2019universit\u00e9<\/a>.<\/p>\r\n\r\n<p>Les lecteurs sont encourag\u00e9s \u00e0 suivre les activit\u00e9s de recherche de l\u2019UFR d\u2019\u00c9tudes anglophones et de ses laboratoires. La secr\u00e9taire de l\u2019UFR, Mme Sylvie Morin, (<a href=\"mailto:sylvie.morin@univ-paris-diderot.fr\">sylvie.morin@univ-paris-diderot.fr<\/a>) vous ajoutera \u00e0 la liste de diffusion de l\u2019UFR pour vous tenir au courant des \u00e9v\u00e8nements.<\/p>\r\n\r\n<p>L\u2019UFR comprend deux laboratoires de recherche\u00a0:<\/p>\r\n\r\n<p>LARCA (UMR 8225)\u00a0: Le Laboratoire de Recherches sur les Cultures Anglophones regroupe des enseignants-chercheurs actifs dans les domaines de litt\u00e9rature, d\u2019histoire et de culture visuelle du monde anglophone. Site web\u00a0: <a href=\"http:\/\/www.larca.univ-paris-diderot.fr\/\" target=\"_blank\" rel=\"noopener noreferrer\">http:\/\/www.larca.univ-paris-diderot.fr\/<\/a><\/p>\r\n\r\n<p>CLILLAC (\u00e9quipe d'accueil 3967)\u00a0: Centre de Linguistique Inter-langues, de Lexicologie, de Linguistique Anglaise et de Corpus. Site web\u00a0: <a href=\"http:\/\/www.clillac-arp.univ-paris-diderot.fr\/\" target=\"_blank\" rel=\"noopener noreferrer\">http:\/\/www.clillac-arp.univ-paris-diderot.fr\/<\/a><\/p>\r\n\r\n<p>Les lecteurs sont invit\u00e9s \u00e0 participer aux activit\u00e9s des laboratoires de recherche et \u00e0 rencontrer les doctorants, dont certains enseignent \u00e0 l\u2019UFR en tant qu\u2019ATER. Les doctorants disposent de salles au 8e \u00e9tage du b\u00e2timent Olympe de Gouges, auxquelles vous avez acc\u00e8s. Pour \u00eatre ajout\u00e9 aux listes de diffusion des laboratoires, et obtenir la cl\u00e9 des salles des doctorants, contactez le responsable administratif recherche\u00a0: Jean-Marie Boeglin (jean-marie.boeglin@univ-paris-diderot.fr<\/p>\r\n\r\n<p>Les lecteurs en cours de doctorat peuvent \u00e9galement participer aux activit\u00e9s des \u00e9coles doctorales\u00a0:<\/p>\r\n\r\n<p>- ED 131\u00a0: Langue, Litt\u00e9rature et Image : civilisations et sciences humaines (domaines francophone, anglophone et d'Asie orientale)\u00a0: <a href=\"https:\/\/ed131.univ-paris-diderot.fr\/\" target=\"_blank\" rel=\"noopener noreferrer\">https:\/\/ed131.univ-paris-diderot.fr\/<\/a><\/p>\r\n\r\n<p>- ED 132\u00a0: Sciences du Langage\u00a0: <a href=\"http:\/\/ed132.ed.univ-paris-diderot.fr\/doku.php\" target=\"_blank\" rel=\"noopener noreferrer\">http:\/\/ed132.ed.univ-paris-diderot.fr\/doku.php<\/a><\/p>\r\n\r\n<p>Tous les lecteurs ont acc\u00e8s aux \u00e9quipements sportifs et cours de sport de Paris Diderot\u00a0: <a href=\"https:\/\/sport.univ-paris-diderot.fr\/\" target=\"_blank\" rel=\"noopener noreferrer\">https:\/\/sport.univ-paris-diderot.fr\/<\/a><\/p>\r\n\r\n<p>Le certificat m\u00e9dical n\u00e9cessaire aux activit\u00e9s sportives peut \u00eatre obtenu aupr\u00e8s du Service de la M\u00e9decine Pr\u00e9ventive\u00a0: <a href=\"https:\/\/campus.univ-paris-diderot.fr\/sante\" target=\"_blank\" rel=\"noopener noreferrer\">https:\/\/campus.univ-paris-diderot.fr\/sante<\/a><\/p>\r\n\r\n<h3>Inscription \u00e0 des cours<\/h3>\r\n\r\n<p>Sur la base d\u2019accords r\u00e9ciproques, l\u2019inscription officielle \u00e0 des cours de licence ou master est possible pour les lecteurs de SUNY Buffalo, the University of Arizona, the University of Minnesota and the University of Pennsylvania.<\/p>\r\n\r\n<p>Si vous souhaitez vous inscrire \u00e0 des cours, merci d\u2019en informer Laurence Cros, <a href=\"mailto:laurence.cros@univ-paris-diderot.fr\">laurence.cros@univ-paris-diderot.fr<\/a><\/p>\r\n\r\n<p>En plus du formulaire de candidature Moveon, vous devrez \u00e9galement fournir un <a href=\"https:\/\/international.univ-paris-diderot.fr\/file\/6822\/download?token=RjUneEEc\" target=\"_blank\" rel=\"noopener noreferrer\">contrat d\u2019\u00e9tudes<\/a>. Id\u00e9alement ce document doit nous parvenir avant votre arriv\u00e9e.<\/p>\r\n\r\n<p>Pour connaitre les cours offerts par les diff\u00e9rentes UFR de Paris-Diderot, voir ici\u00a0: https:\/\/formation.univ-paris-diderot.fr\/trouver-une-formation<\/p>\r\n\r\n<p>\u00c0 votre arriv\u00e9e, passez au BRI chercher votre carte d\u2019\u00e9tudiant. Votre contact est\u00a0: Mme Naoko KRONGELB (<a href=\"mailto:accueilentrants@univ-paris-diderot.fr\">accueilentrants@univ-paris-diderot.fr<\/a>)<\/p>\r\n\r\n<p>Dans un deuxi\u00e8me temps, avec votre carte d\u2019\u00e9tudiant, vous irez \u00e0 la Scolarit\u00e9 de l\u2019UFR o\u00f9 vous souhaitez suivre des cours pour vous inscrire pour les cours qui vous int\u00e9ressent (inscription p\u00e9dagogique).<\/p>\r\n\r\n<p>Les cours commencent mi-septembre pour le premier semestre et mi-janvier pour le second semestre.<\/p>\r\n\r\n<p>Il y a un calendrier universitaire mais il peut y avoir de l\u00e9g\u00e8res variations d\u2019une UFR \u00e0 l\u2019autre\u00a0: <a href=\"https:\/\/www.univ-paris-diderot.fr\/tags\/calendrier-universitaire\" target=\"_blank\" rel=\"noopener noreferrer\">https:\/\/www.univ-paris-diderot.fr\/tags\/calendrier-universitaire<\/a><\/p>\r\n\r\n<p>Vos relev\u00e9s de notes seront envoy\u00e9s pour le BRI \u00e0 la fin de l\u2019ann\u00e9e.<\/p>\r\n\r\n[\/et_pb_text][\/et_pb_column][et_pb_column type=\"1_4\"][\/et_pb_column][\/et_pb_row][\/et_pb_section][et_pb_section bb_built=\"1\" specialty=\"off\" prev_background_color=\"#000000\" _builder_version=\"3.19.11\" custom_padding=\"0px||0px|\"][et_pb_row _builder_version=\"3.19.11\"][et_pb_column type=\"4_4\"][et_pb_text admin_label=\"Articles similaires\" _builder_version=\"3.16.1\"]\r\n<h2><span class=\"st\">\u00c0<\/span> lire aussi<\/h2>\r\n[\/et_pb_text][et_pb_blog _builder_version=\"3.21\" posts_number=\"4\" include_categories=\"38,45,14,12,11,15,1,13\" show_author=\"off\" show_date=\"off\" show_pagination=\"off\" border_width_bottom_fullwidth=\"1px\" border_color_bottom_fullwidth=\"rgba(51,51,51,0.18)\" custom_padding=\"||50px|\" module_id=\"page_type_blog\" header_level=\"h4\" \/][\/et_pb_column][\/et_pb_row][\/et_pb_section]","_et_gb_content_width":"","footnotes":""},"class_list":["post-7894","page","type-page","status-publish","hentry"],"_links":{"self":[{"href":"https:\/\/wordpress-test.app.u-pariscite.fr\/etudes-anglophones\/wp-json\/wp\/v2\/pages\/7894","targetHints":{"allow":["GET"]}}],"collection":[{"href":"https:\/\/wordpress-test.app.u-pariscite.fr\/etudes-anglophones\/wp-json\/wp\/v2\/pages"}],"about":[{"href":"https:\/\/wordpress-test.app.u-pariscite.fr\/etudes-anglophones\/wp-json\/wp\/v2\/types\/page"}],"author":[{"embeddable":true,"href":"https:\/\/wordpress-test.app.u-pariscite.fr\/etudes-anglophones\/wp-json\/wp\/v2\/users\/8"}],"replies":[{"embeddable":true,"href":"https:\/\/wordpress-test.app.u-pariscite.fr\/etudes-anglophones\/wp-json\/wp\/v2\/comments?post=7894"}],"version-history":[{"count":13,"href":"https:\/\/wordpress-test.app.u-pariscite.fr\/etudes-anglophones\/wp-json\/wp\/v2\/pages\/7894\/revisions"}],"predecessor-version":[{"id":10855,"href":"https:\/\/wordpress-test.app.u-pariscite.fr\/etudes-anglophones\/wp-json\/wp\/v2\/pages\/7894\/revisions\/10855"}],"wp:attachment":[{"href":"https:\/\/wordpress-test.app.u-pariscite.fr\/etudes-anglophones\/wp-json\/wp\/v2\/media?parent=7894"}],"curies":[{"name":"wp","href":"https:\/\/api.w.org\/{rel}","templated":true}]}}