{"id":7893,"date":"2019-11-14T10:54:58","date_gmt":"2019-11-14T09:54:58","guid":{"rendered":"https:\/\/wordpress-test.app.u-pariscite.fr\/etudes-anglophones\/lecteur-a-paris-diderot-missions\/"},"modified":"2022-12-12T14:53:35","modified_gmt":"2022-12-12T13:53:35","slug":"lecteur-universite-paris-missions","status":"publish","type":"page","link":"https:\/\/wordpress-test.app.u-pariscite.fr\/etudes-anglophones\/lecteur-universite-paris-missions\/","title":{"rendered":"Lecteur \u00e0 Universit\u00e9 Paris Cit\u00e9 : missions"},"content":{"rendered":"<p>[et_pb_section bb_built=\u00a0\u00bb1&Prime; next_background_color=\u00a0\u00bb#000000&Prime; inner_width=\u00a0\u00bbauto\u00a0\u00bb inner_max_width=\u00a0\u00bbnone\u00a0\u00bb][et_pb_row _builder_version=\u00a0\u00bb3.21&Prime; width=\u00a0\u00bb80%\u00a0\u00bb max_width=\u00a0\u00bb1080px\u00a0\u00bb][et_pb_column type=\u00a0\u00bb4_4&Prime;][et_pb_post_title admin_label=\u00a0\u00bbTitre de la page\u00a0\u00bb _builder_version=\u00a0\u00bb3.22.1&Prime; meta=\u00a0\u00bboff\u00a0\u00bb featured_image=\u00a0\u00bboff\u00a0\u00bb text_orientation=\u00a0\u00bbcenter\u00a0\u00bb text_shadow_horizontal_length=\u00a0\u00bbtext_shadow_style,%91object Object%93&Prime; text_shadow_vertical_length=\u00a0\u00bbtext_shadow_style,%91object Object%93&Prime; text_shadow_blur_strength=\u00a0\u00bbtext_shadow_style,%91object Object%93&Prime; title_text_align=\u00a0\u00bbcenter\u00a0\u00bb title_text_shadow_horizontal_length=\u00a0\u00bbtitle_text_shadow_style,%91object Object%93&Prime; title_text_shadow_vertical_length=\u00a0\u00bbtitle_text_shadow_style,%91object Object%93&Prime; title_text_shadow_blur_strength=\u00a0\u00bbtitle_text_shadow_style,%91object Object%93&Prime; meta_text_align=\u00a0\u00bbcenter\u00a0\u00bb meta_text_shadow_horizontal_length=\u00a0\u00bbmeta_text_shadow_style,%91object Object%93&Prime; meta_text_shadow_vertical_length=\u00a0\u00bbmeta_text_shadow_style,%91object Object%93&Prime; meta_text_shadow_blur_strength=\u00a0\u00bbmeta_text_shadow_style,%91object Object%93&Prime; z_index_tablet=\u00a0\u00bb500&Prime; \/][\/et_pb_column][\/et_pb_row][et_pb_row][et_pb_column type=\u00a0\u00bb3_4&Prime;][et_pb_text _builder_version=\u00a0\u00bb3.22.1&Prime; module_id=\u00a0\u00bbcontenu\u00a0\u00bb text_text_shadow_horizontal_length=\u00a0\u00bbtext_text_shadow_style,%91object Object%93&Prime; text_text_shadow_vertical_length=\u00a0\u00bbtext_text_shadow_style,%91object Object%93&Prime; text_text_shadow_blur_strength=\u00a0\u00bbtext_text_shadow_style,%91object Object%93&Prime; link_text_shadow_horizontal_length=\u00a0\u00bblink_text_shadow_style,%91object Object%93&Prime; link_text_shadow_vertical_length=\u00a0\u00bblink_text_shadow_style,%91object Object%93&Prime; link_text_shadow_blur_strength=\u00a0\u00bblink_text_shadow_style,%91object Object%93&Prime; ul_text_shadow_horizontal_length=\u00a0\u00bbul_text_shadow_style,%91object Object%93&Prime; ul_text_shadow_vertical_length=\u00a0\u00bbul_text_shadow_style,%91object Object%93&Prime; ul_text_shadow_blur_strength=\u00a0\u00bbul_text_shadow_style,%91object Object%93&Prime; ol_text_shadow_horizontal_length=\u00a0\u00bbol_text_shadow_style,%91object Object%93&Prime; ol_text_shadow_vertical_length=\u00a0\u00bbol_text_shadow_style,%91object Object%93&Prime; ol_text_shadow_blur_strength=\u00a0\u00bbol_text_shadow_style,%91object Object%93&Prime; quote_text_shadow_horizontal_length=\u00a0\u00bbquote_text_shadow_style,%91object Object%93&Prime; quote_text_shadow_vertical_length=\u00a0\u00bbquote_text_shadow_style,%91object Object%93&Prime; quote_text_shadow_blur_strength=\u00a0\u00bbquote_text_shadow_style,%91object Object%93&Prime; header_text_shadow_horizontal_length=\u00a0\u00bbheader_text_shadow_style,%91object Object%93&Prime; header_text_shadow_vertical_length=\u00a0\u00bbheader_text_shadow_style,%91object Object%93&Prime; header_text_shadow_blur_strength=\u00a0\u00bbheader_text_shadow_style,%91object Object%93&Prime; header_2_text_shadow_horizontal_length=\u00a0\u00bbheader_2_text_shadow_style,%91object Object%93&Prime; header_2_text_shadow_vertical_length=\u00a0\u00bbheader_2_text_shadow_style,%91object Object%93&Prime; header_2_text_shadow_blur_strength=\u00a0\u00bbheader_2_text_shadow_style,%91object Object%93&Prime; header_3_text_shadow_horizontal_length=\u00a0\u00bbheader_3_text_shadow_style,%91object Object%93&Prime; header_3_text_shadow_vertical_length=\u00a0\u00bbheader_3_text_shadow_style,%91object Object%93&Prime; header_3_text_shadow_blur_strength=\u00a0\u00bbheader_3_text_shadow_style,%91object Object%93&Prime; header_4_text_shadow_horizontal_length=\u00a0\u00bbheader_4_text_shadow_style,%91object Object%93&Prime; header_4_text_shadow_vertical_length=\u00a0\u00bbheader_4_text_shadow_style,%91object Object%93&Prime; header_4_text_shadow_blur_strength=\u00a0\u00bbheader_4_text_shadow_style,%91object Object%93&Prime; header_5_text_shadow_horizontal_length=\u00a0\u00bbheader_5_text_shadow_style,%91object Object%93&Prime; header_5_text_shadow_vertical_length=\u00a0\u00bbheader_5_text_shadow_style,%91object Object%93&Prime; header_5_text_shadow_blur_strength=\u00a0\u00bbheader_5_text_shadow_style,%91object Object%93&Prime; header_6_text_shadow_horizontal_length=\u00a0\u00bbheader_6_text_shadow_style,%91object Object%93&Prime; header_6_text_shadow_vertical_length=\u00a0\u00bbheader_6_text_shadow_style,%91object Object%93&Prime; header_6_text_shadow_blur_strength=\u00a0\u00bbheader_6_text_shadow_style,%91object Object%93&Prime; z_index_tablet=\u00a0\u00bb500&Prime; text_orientation=\u00a0\u00bbjustified\u00a0\u00bb]<\/p>\n<p>Les lecteurs sont soumis \u00e0 un r\u00e9gime national \u00e9tabli par le Minist\u00e8re de l\u2019Enseignement sup\u00e9rieur et de la recherche. Les conditions de recrutement, le salaire, et le nombre d\u2019heures de travail sont fix\u00e9s nationalement par le Minist\u00e8re et non par l\u2019universit\u00e9 qui vous emploie.<\/p>\n<blockquote>\n<p>La responsable des lecteurs \u00e0 l\u2019UFR d\u2019\u00c9tudes anglophones est Mme Anne Talbot-Guyot : <a href=\"anne.talbot@wordpress-test.app.u-pariscite.fr\">anne.talbot@wordpress-test.app.u-pariscite.fr<\/a><\/p>\n<\/blockquote>\n<p>[\/et_pb_text][et_pb_toggle admin_label=\u00a0\u00bbResponsabilit\u00e9s p\u00e9dagogiques\u00a0\u00bb _builder_version=\u00a0\u00bb3.22.1&Prime; title=\u00a0\u00bbResponsabilit\u00e9s p\u00e9dagogiques\u00a0\u00bb text_shadow_horizontal_length=\u00a0\u00bbtext_shadow_style,%91object Object%93&Prime; text_shadow_vertical_length=\u00a0\u00bbtext_shadow_style,%91object Object%93&Prime; text_shadow_blur_strength=\u00a0\u00bbtext_shadow_style,%91object Object%93&Prime; title_text_shadow_horizontal_length=\u00a0\u00bbtitle_text_shadow_style,%91object Object%93&Prime; title_text_shadow_vertical_length=\u00a0\u00bbtitle_text_shadow_style,%91object Object%93&Prime; title_text_shadow_blur_strength=\u00a0\u00bbtitle_text_shadow_style,%91object Object%93&Prime; body_text_shadow_horizontal_length=\u00a0\u00bbbody_text_shadow_style,%91object Object%93&Prime; body_text_shadow_vertical_length=\u00a0\u00bbbody_text_shadow_style,%91object Object%93&Prime; body_text_shadow_blur_strength=\u00a0\u00bbbody_text_shadow_style,%91object Object%93&Prime; z_index_tablet=\u00a0\u00bb500&Prime;]<\/p>\n<p>Votre contrat \u00e9tablit un<strong> service annuel de 300 heures<\/strong>, ce qui revient \u00e0 peu pr\u00e8s \u00e0<strong> 12 heures d\u2019enseignement hebdomadaire avec des semestres de 12 semaines.<\/strong><\/p>\n<p>Normalement vous enseignerez <strong>trois jours sur cinq<\/strong> pendant les deux semestres, et vous assurerez les <strong>examens en janvier, mai et juin<\/strong> (voir calendrier ci-dessous).<\/p>\n<p>Les lecteurs se concentrent essentiellement sur l\u2019enseignement des <strong>comp\u00e9tences de communication et de compr\u00e9hension orale<\/strong>. Cela inclut des groupes d\u2019expression orale et des cours en laboratoire de langue. Une connaissance de l\u2019alphabet phon\u00e9tique et des principes de phon\u00e9tique et de phonologie est utile pour ce type de cours. Si vous ne connaissez pas ces principes, ils vous seront pr\u00e9sent\u00e9s lors de la semaine de formation acc\u00e9l\u00e9r\u00e9e. Vous pouvez aussi vous familiariser avec l\u2019alphabet phon\u00e9tique de l\u2019anglais pendant l\u2019\u00e9t\u00e9 en vous procurant l\u2019ouvrage de Peter Roach, <em>English Phonetics and Phonology<\/em>.<\/p>\n<p>Vous pouvez avoir des <strong>cours de tout niveau<\/strong>, du L1 au L3 (<em>undergraduate<\/em>) ou des cours de Master (<em>postgraduate<\/em>). Vous serez mis au courant par le responsable d\u2019oral de l\u2019ann\u00e9e d\u2019\u00e9tudes. Des r\u00e9unions r\u00e9guli\u00e8res avec les responsables d\u2019ann\u00e9e seront programm\u00e9es pour discuter des programmes, du contenu des cours, de l\u2019\u00e9valuation, et tout autre probl\u00e8me. Les lecteurs re\u00e7oivent des instructions tr\u00e8s claires du responsable p\u00e9dagogique du cours.<\/p>\n<p>Les lecteurs peuvent parfois mais rarement assurer d\u2019autres types de cours (litt\u00e9rature, art et cin\u00e9ma, creative writing, traduction), et uniquement s\u2019ils sont comp\u00e9tents dans ces domaines.<\/p>\n<p>Vous enseignerez la plupart du temps \u00e0 des groupes r\u00e9duits d\u2019<strong>une dizaine d\u2019\u00e9tudiants<\/strong> pour les cours d\u2019oral, d\u2019expression, et de laboratoire. Si vous enseignez d\u2019autres cours, les groupes seront plus nombreux (25\/30 \u00e9tudiants).<\/p>\n<p>Le travail des lecteurs et la pr\u00e9paration des cours est <strong>encadr\u00e9 par les enseignant.es d\u2019anglais oral de l\u2019UFR<\/strong>. Le travail en \u00e9quipe est bien d\u00e9velopp\u00e9 et permet d&rsquo;all\u00e9ger la charge des pr\u00e9parations.<\/p>\n<blockquote>\n<p>Merci d\u2019indiquer sur vos CV toute exp\u00e9rience en enseignement de l&rsquo;anglais langue \u00e9trang\u00e8re, vos connaissances en phon\u00e9tique\/linguistique et toute autre comp\u00e9tence en litt\u00e9rature des pays anglophones, \u00e9tudes cin\u00e9matographiques, histoire de l\u2019art, creative writing\u2026<\/p>\n<\/blockquote>\n<p>Pour des raisons d&rsquo;organisation, les <strong>emplois du temps d\u00e9finitifs<\/strong> sont rarement pr\u00eats \u00e0 la rentr\u00e9e. Des ajustements peuvent se faire dans les semaines qui suivent la rentr\u00e9e.<\/p>\n<p>Merci de noter que les lecteurs ne doivent<strong> jamais s&rsquo;absenter de Paris sans autorisation<\/strong>, ni sans pr\u00e9venir le \/la responsable des lecteurs.<\/p>\n<p>&nbsp;<\/p>\n<p>[\/et_pb_toggle][et_pb_toggle admin_label=\u00a0\u00bbCalendrier universitaire\u00a0\u00bb _builder_version=\u00a0\u00bb3.22.1&Prime; title=\u00a0\u00bbCalendrier universitaire\u00a0\u00bb text_shadow_horizontal_length=\u00a0\u00bbtext_shadow_style,%91object Object%93&Prime; text_shadow_vertical_length=\u00a0\u00bbtext_shadow_style,%91object Object%93&Prime; text_shadow_blur_strength=\u00a0\u00bbtext_shadow_style,%91object Object%93&Prime; title_text_shadow_horizontal_length=\u00a0\u00bbtitle_text_shadow_style,%91object Object%93&Prime; title_text_shadow_vertical_length=\u00a0\u00bbtitle_text_shadow_style,%91object Object%93&Prime; title_text_shadow_blur_strength=\u00a0\u00bbtitle_text_shadow_style,%91object Object%93&Prime; body_text_shadow_horizontal_length=\u00a0\u00bbbody_text_shadow_style,%91object Object%93&Prime; body_text_shadow_vertical_length=\u00a0\u00bbbody_text_shadow_style,%91object Object%93&Prime; body_text_shadow_blur_strength=\u00a0\u00bbbody_text_shadow_style,%91object Object%93&Prime; z_index_tablet=\u00a0\u00bb500&Prime;]<\/p>\n<p>Votre contrat commence le 1er septembre, mais la rentr\u00e9e a lieu vers la mi- septembre. Vous devez pr\u00e9voir d\u2019<strong>arriver \u00e0 Paris pendant la premi\u00e8re semaine de septembre pour vous installer<\/strong>.<\/p>\n<p>Pendant la <strong>2e semaine de septembre<\/strong>, vous devez \u00eatre disponible pour une semaine de <strong>formation acc\u00e9l\u00e9r\u00e9e<\/strong>. Cette semaine vous permettra de vous familiariser avec votre enseignement et de faire connaissance avec les lieux et les gens.<\/p>\n<ul>\n<li>1er semestre : mi-septembre \u00e0 mi-d\u00e9cembre<\/li>\n<li>2 semaines de vacances \u00e0 No\u00ebl<\/li>\n<li>Examens du 1er semestre\u00a0: les deux premi\u00e8res semaines de janvier<\/li>\n<li>2e semestre\u00a0: fin janvier \u00e0 fin avril, avec 2 semaines de vacances de printemps en mars ou avril<\/li>\n<li>Examens du 2e semestre\u00a0: mai<\/li>\n<li>Session de rattrapage pour les deux semestres\u00a0: juin<\/li>\n<\/ul>\n<blockquote>\n<p>Voir le <strong>calendrier de l&rsquo;ann\u00e9e en cours<\/strong> pour l&rsquo;UFR Etudes Anglophones <a href=\"https:\/\/wordpress-test.app.u-pariscite.fr\/etudes-anglophones\/modules-in-english\/\" target=\"_blank\" rel=\"noopener noreferrer\">ici<\/a>.<\/p>\n<\/blockquote>\n<p>[\/et_pb_toggle][et_pb_toggle admin_label=\u00a0\u00bbSalaire\u00a0\u00bb _builder_version=\u00a0\u00bb3.22.1&Prime; title=\u00a0\u00bbSalaire\u00a0\u00bb text_shadow_horizontal_length=\u00a0\u00bbtext_shadow_style,%91object Object%93&Prime; text_shadow_vertical_length=\u00a0\u00bbtext_shadow_style,%91object Object%93&Prime; text_shadow_blur_strength=\u00a0\u00bbtext_shadow_style,%91object Object%93&Prime; title_text_shadow_horizontal_length=\u00a0\u00bbtitle_text_shadow_style,%91object Object%93&Prime; title_text_shadow_vertical_length=\u00a0\u00bbtitle_text_shadow_style,%91object Object%93&Prime; title_text_shadow_blur_strength=\u00a0\u00bbtitle_text_shadow_style,%91object Object%93&Prime; body_text_shadow_horizontal_length=\u00a0\u00bbbody_text_shadow_style,%91object Object%93&Prime; body_text_shadow_vertical_length=\u00a0\u00bbbody_text_shadow_style,%91object Object%93&Prime; body_text_shadow_blur_strength=\u00a0\u00bbbody_text_shadow_style,%91object Object%93&Prime; z_index_tablet=\u00a0\u00bb500&Prime;]<\/p>\n<p><strong>Salaire annuel brut<\/strong> : 18 588 euros incluant les cotisations de sant\u00e9<\/p>\n<p><strong>Salaire mensuel net<\/strong> : autour de 1300 euros x 12 mois<\/p>\n<p>[\/et_pb_toggle][et_pb_toggle admin_label=\u00a0\u00bbS\u00e9curit\u00e9 sociale (assurance sant\u00e9)\u00a0\u00bb _builder_version=\u00a0\u00bb3.22.1&Prime; title=\u00a0\u00bbS\u00e9curit\u00e9 sociale (assurance sant\u00e9)\u00a0\u00bb text_shadow_horizontal_length=\u00a0\u00bbtext_shadow_style,%91object Object%93&Prime; text_shadow_vertical_length=\u00a0\u00bbtext_shadow_style,%91object Object%93&Prime; text_shadow_blur_strength=\u00a0\u00bbtext_shadow_style,%91object Object%93&Prime; title_text_shadow_horizontal_length=\u00a0\u00bbtitle_text_shadow_style,%91object Object%93&Prime; title_text_shadow_vertical_length=\u00a0\u00bbtitle_text_shadow_style,%91object Object%93&Prime; title_text_shadow_blur_strength=\u00a0\u00bbtitle_text_shadow_style,%91object Object%93&Prime; body_text_shadow_horizontal_length=\u00a0\u00bbbody_text_shadow_style,%91object Object%93&Prime; body_text_shadow_vertical_length=\u00a0\u00bbbody_text_shadow_style,%91object Object%93&Prime; body_text_shadow_blur_strength=\u00a0\u00bbbody_text_shadow_style,%91object Object%93&Prime; z_index_tablet=\u00a0\u00bb500&Prime;]<\/p>\n<p>Les <strong>risques couverts<\/strong> par l\u2019assurance sant\u00e9 des lecteurs incluent\u00a0: <strong>frais de sant\u00e9, de maternit\u00e9, s\u00e9jours hospitaliers, accidents du travail et handicap<\/strong> selon les conditions du r\u00e9gime g\u00e9n\u00e9ral de la s\u00e9curit\u00e9 sociale.<\/p>\n<p>Les cotisations de sant\u00e9 sont inclues dans le salaire brut.<\/p>\n<blockquote>\n<p>N\u00e9anmoins, <strong>il est recommand\u00e9 que les lecteurs souscrivent une assurance pour la responsabilit\u00e9 civile<\/strong> (automatique avec l\u2019assurance habitation) <strong>et pour les frais de rapatriement.<\/strong><\/p>\n<\/blockquote>\n<p>[\/et_pb_toggle][\/et_pb_column][et_pb_column type=\u00a0\u00bb1_4&Prime;][\/et_pb_column][\/et_pb_row][\/et_pb_section][et_pb_section bb_built=\u00a0\u00bb1&Prime; specialty=\u00a0\u00bboff\u00a0\u00bb prev_background_color=\u00a0\u00bb#000000&Prime; _builder_version=\u00a0\u00bb3.19.11&Prime; custom_padding=\u00a0\u00bb0px||0px|\u00a0\u00bb inner_width=\u00a0\u00bbauto\u00a0\u00bb inner_max_width=\u00a0\u00bbnone\u00a0\u00bb][et_pb_row _builder_version=\u00a0\u00bb3.19.11&Prime; width=\u00a0\u00bb80%\u00a0\u00bb max_width=\u00a0\u00bb1080px\u00a0\u00bb][et_pb_column type=\u00a0\u00bb4_4&Prime;][et_pb_text admin_label=\u00a0\u00bbArticles similaires\u00a0\u00bb _builder_version=\u00a0\u00bb3.16.1&Prime;]<\/p>\n<h2><span class=\"st\">\u00c0<\/span> lire aussi<\/h2>\n<p>[\/et_pb_text][et_pb_blog _builder_version=\u00a0\u00bb3.21&Prime; posts_number=\u00a0\u00bb4&Prime; include_categories=\u00a0\u00bb38,45,14,12,11,15,1,13&Prime; show_author=\u00a0\u00bboff\u00a0\u00bb show_date=\u00a0\u00bboff\u00a0\u00bb show_pagination=\u00a0\u00bboff\u00a0\u00bb border_width_bottom_fullwidth=\u00a0\u00bb1px\u00a0\u00bb border_color_bottom_fullwidth=\u00a0\u00bbrgba(51,51,51,0.18)\u00a0\u00bb custom_padding=\u00a0\u00bb||50px|\u00a0\u00bb module_id=\u00a0\u00bbpage_type_blog\u00a0\u00bb header_level=\u00a0\u00bbh4&Prime; \/][\/et_pb_column][\/et_pb_row][\/et_pb_section]<\/p>\n","protected":false},"excerpt":{"rendered":"<div class=\"et_pb_row et_pb_row_0 et_pb_row_empty\"><\/div>\n<p> Les lecteurs sont soumis \u00e0 un r\u00e9gime national \u00e9tabli par le Minist\u00e8re de l\u2019Enseignement sup\u00e9rieur et de la recherche. Les conditions de recrutement, le salaire, et le nombre d\u2019heures de travail sont fix\u00e9s nationalement par le Minist\u00e8re et non par l\u2019universit\u00e9 qui vous emploie.La responsable des lecteurs \u00e0 l\u2019UFR d\u2019\u00c9tudes anglophones est Mme Anne&hellip; <a class=\"continue\" href=\"https:\/\/wordpress-test.app.u-pariscite.fr\/etudes-anglophones\/lecteur-universite-paris-missions\/\">Lire la suite<span> Lecteur \u00e0 Universit\u00e9 Paris Cit\u00e9 : missions<\/span><\/a><\/p>\n","protected":false},"author":8,"featured_media":0,"parent":0,"menu_order":0,"comment_status":"open","ping_status":"closed","template":"","meta":{"_et_pb_use_builder":"on","_et_pb_old_content":"[et_pb_section bb_built=\"1\" next_background_color=\"#000000\"][et_pb_row _builder_version=\"3.19.11\" module_id=\"image-page-type\"][et_pb_column type=\"3_4\"][et_pb_image admin_label=\"Image 1920 x 1080\" _builder_version=\"3.19.11\" src=\"http:\/\/localhost\/wp-content\/uploads\/2019\/05\/maple-leaves-background.jpg\" module_id=\"image-page\" \/][\/et_pb_column][et_pb_column type=\"1_4\"][et_pb_text admin_label=\"Texte image\" _builder_version=\"3.16.1\" module_id=\"texte-image\" background_color=\"rgba(242,242,242,0)\" custom_margin=\"|-15px||\"]\r\n<div class=\"page\" title=\"Page 1\">\r\n<div class=\"layoutArea\">\r\n<div class=\"column\">\r\n<h4>titre texte image<\/h4>\r\ntexte image\r\n\r\n<\/div>\r\n<\/div>\r\n<\/div>\r\n[\/et_pb_text][\/et_pb_column][\/et_pb_row][et_pb_row][et_pb_column type=\"4_4\"][et_pb_text admin_label=\"l\u00c8gende\" _builder_version=\"3.16.1\" module_id=\"legende\"]\r\n<div class=\"page\" title=\"Page 1\">\r\n<div class=\"layoutArea\">\r\n<div class=\"column\">\r\n\r\n\u00a9 Tous droits r\u00e9serv\u00e9s\r\n\r\n<\/div>\r\n<\/div>\r\n<\/div>\r\n[\/et_pb_text][\/et_pb_column][\/et_pb_row][et_pb_row][et_pb_column type=\"3_4\"][et_pb_text _builder_version=\"3.16.1\" module_id=\"contenu\"]\r\n\r\n<p>Les lecteurs sont soumis \u00e0 un r\u00e9gime national \u00e9tabli par le Minist\u00e8re de l\u2019Enseignement sup\u00e9rieur et de la recherche. Les conditions de recrutement, le salaire, et le nombre d\u2019heures de travail sont fix\u00e9s nationalement par le Minist\u00e8re et non par l\u2019universit\u00e9 qui vous emploie.<\/p>\r\n\r\n<p>La responsable des lecteurs \u00e0 l\u2019UFR d\u2019\u00c9tudes anglophones est Mme Anne Talbot-Guyot, <a href=\"mailto:anne.talbot@univ-paris-diderot.fr\">anne.talbot@univ-paris-diderot.fr<\/a><\/p>\r\n\r\n<h3>Responsabilit\u00e9s p\u00e9dagogiques<\/h3>\r\n\r\n<p>Votre contrat \u00e9tablit un service annuel de 300 heures, ce qui revient \u00e0 peu pr\u00e8s \u00e0 12 heures d\u2019enseignement hebdomadaire avec des semestres de 12 semaines<br>\r\n\tNormalement vous enseignerez trois jours sur cinq pendant les deux semestres, et vous assurerez les examens en janvier, mai et juin (voir calendrier)<br>\r\n\tLes lecteurs se concentrent essentiellement sur l\u2019enseignement des comp\u00e9tences de communication et de compr\u00e9hension orale. Cela inclut des groupes d\u2019expression orale et des cours en laboratoire de langue. Une connaissance de l\u2019alphabet phon\u00e9tique et des principes de phon\u00e9tique et de phonologie est utile pour ce type de cours. Si vous ne connaissez pas ces principes, ils vous seront pr\u00e9sent\u00e9s lors de la semaine de formation acc\u00e9l\u00e9r\u00e9e. Vous pouvez aussi vous familiariser avec l\u2019alphabet phon\u00e9tique de l\u2019anglais pendant l\u2019\u00e9t\u00e9 en vous procurant l\u2019ouvrage de Peter Roach, <em>English Phonetics and Phonology<\/em>.<br>\r\n\tVous pouvez avoir des cours de tout niveau, du L1 au L3 ou des cours de Master. Vous serez mis au courant par le responsable d\u2019oral de l\u2019ann\u00e9e d\u2019\u00e9tudes. Des r\u00e9unions r\u00e9guli\u00e8res avec les responsables d\u2019ann\u00e9e seront programm\u00e9es pour discuter des programmes, du contenu des cours, de l\u2019\u00e9valuation, et tout autre probl\u00e8me. Les lecteurs re\u00e7oivent des instructions tr\u00e8s claires du responsable p\u00e9dagogique du cours.<br>\r\n\tLes lecteurs peuvent parfois mais rarement assurer d\u2019autres types de cours (litt\u00e9rature, art et cin\u00e9ma, creative writing, traduction), et uniquement s\u2019ils sont comp\u00e9tents dans ces domaines.<br>\r\n\tVous enseignerez la plupart du temps \u00e0 des groupes r\u00e9duits d\u2019une dizaine d\u2019\u00e9tudiants pour les cours d\u2019oral, d\u2019expression, et de laboratoire. Si vous enseignez d\u2019autres cours, les groupes seront plus nombreux (25\/30 \u00e9tudiants).<br>\r\n\tLe travail des lecteurs et la pr\u00e9paration des cours est encadr\u00e9 par les professeurs d\u2019anglais oral de l\u2019UFR. Le travail en \u00e9quipe est bien d\u00e9velopp\u00e9 et permet d'all\u00e9ger la charge des pr\u00e9parations.<br>\r\n\tMerci d\u2019indiquer sur vos CV toute exp\u00e9rience en enseignement de l'anglais langue \u00e9trang\u00e8re, vos connaissances en phon\u00e9tique\/linguistique et toute autre comp\u00e9tence en litt\u00e9rature des pays anglophones, \u00e9tudes cin\u00e9matographiques, histoire de l\u2019art, creative writing\u2026<br>\r\n\tPour des raisons d'organisation, les emplois du temps d\u00e9finitifs sont rarement pr\u00eats \u00e0 la rentr\u00e9e. Des ajustements peuvent se faire dans les semaines qui suivent la rentr\u00e9e.<br>\r\n\tMerci de noter que les lecteurs ne doivent jamais s'absenter de Paris sans autorisation, ni sans pr\u00e9venir le \/la responsable des lecteurs.<\/p>\r\n\r\n<h3>Calendrier universitaire<\/h3>\r\n\r\n<p>Votre contrat commence le 1er septembre, mais la rentr\u00e9e a lieu vers la mi- septembre. Vous devez pr\u00e9voir d\u2019arriver \u00e0 Paris pendant la premi\u00e8re semaine de septembre pour vous installer. Pendant la 2e semaine de septembre, vous devez \u00eatre disponible pour une semaine de formation acc\u00e9l\u00e9r\u00e9e. Cette semaine vous permettra de vous familiariser avec votre enseignement et de faire connaissance avec les lieux et les gens.<\/p>\r\n\r\n<ul>\r\n\t<li>1er semestre : mi-septembre \u00e0 mi-d\u00e9cembre<\/li>\r\n\t<li>2 semaines de vacances \u00e0 No\u00ebl<\/li>\r\n\t<li>Examens du 1er semestre\u00a0: les deux premi\u00e8res semaines de janvier<\/li>\r\n\t<li>2e semestre\u00a0: fin janvier \u00e0 fin avril, avec 2 semaines de vacances de printemps en mars ou avril<\/li>\r\n\t<li>Examens du 2e semestre\u00a0: mai<\/li>\r\n\t<li>Session de rattrapage pour les deux semestres\u00a0: juin<\/li>\r\n<\/ul>\r\n\r\n<h3>Salaire<\/h3>\r\n\r\n<p>Salaire annuel brut\u00a0: 17 835 \u00a0euros incluant les cotisations de sant\u00e9<\/p>\r\n\r\n<p>Salaire mensuel net\u00a0: 1 256 euros x 12 mois<\/p>\r\n\r\n<h3>S\u00e9curit\u00e9 sociale (assurance sant\u00e9)<\/h3>\r\n\r\n<p>Les risques couverts par l\u2019assurance sant\u00e9 des lecteurs incluent\u00a0: frais de sant\u00e9, de maternit\u00e9, s\u00e9jours hospitaliers, accidents du travail et handicap selon les conditions du r\u00e9gime g\u00e9n\u00e9ral de la s\u00e9curit\u00e9 sociale. Les cotisations de sant\u00e9 sont inclues dans le salaire brut.<\/p>\r\n\r\n<p>N\u00e9anmoins, il est recommand\u00e9 que les lecteurs souscrivent une assurance pour la responsabilit\u00e9 civile (automatique avec l\u2019assurance habitation) et pour les frais de rapatriement.<\/p>\r\n\r\n[\/et_pb_text][\/et_pb_column][et_pb_column type=\"1_4\"][\/et_pb_column][\/et_pb_row][\/et_pb_section][et_pb_section bb_built=\"1\" specialty=\"off\" prev_background_color=\"#000000\" _builder_version=\"3.19.11\" custom_padding=\"0px||0px|\"][et_pb_row _builder_version=\"3.19.11\"][et_pb_column type=\"4_4\"][et_pb_text admin_label=\"Articles similaires\" _builder_version=\"3.16.1\"]\r\n<h2><span class=\"st\">\u00c0<\/span> lire aussi<\/h2>\r\n[\/et_pb_text][et_pb_blog _builder_version=\"3.21\" posts_number=\"4\" include_categories=\"38,45,14,12,11,15,1,13\" show_author=\"off\" show_date=\"off\" show_pagination=\"off\" border_width_bottom_fullwidth=\"1px\" border_color_bottom_fullwidth=\"rgba(51,51,51,0.18)\" custom_padding=\"||50px|\" module_id=\"page_type_blog\" header_level=\"h4\" \/][\/et_pb_column][\/et_pb_row][\/et_pb_section]","_et_gb_content_width":"","footnotes":""},"class_list":["post-7893","page","type-page","status-publish","hentry"],"_links":{"self":[{"href":"https:\/\/wordpress-test.app.u-pariscite.fr\/etudes-anglophones\/wp-json\/wp\/v2\/pages\/7893","targetHints":{"allow":["GET"]}}],"collection":[{"href":"https:\/\/wordpress-test.app.u-pariscite.fr\/etudes-anglophones\/wp-json\/wp\/v2\/pages"}],"about":[{"href":"https:\/\/wordpress-test.app.u-pariscite.fr\/etudes-anglophones\/wp-json\/wp\/v2\/types\/page"}],"author":[{"embeddable":true,"href":"https:\/\/wordpress-test.app.u-pariscite.fr\/etudes-anglophones\/wp-json\/wp\/v2\/users\/8"}],"replies":[{"embeddable":true,"href":"https:\/\/wordpress-test.app.u-pariscite.fr\/etudes-anglophones\/wp-json\/wp\/v2\/comments?post=7893"}],"version-history":[{"count":11,"href":"https:\/\/wordpress-test.app.u-pariscite.fr\/etudes-anglophones\/wp-json\/wp\/v2\/pages\/7893\/revisions"}],"predecessor-version":[{"id":10838,"href":"https:\/\/wordpress-test.app.u-pariscite.fr\/etudes-anglophones\/wp-json\/wp\/v2\/pages\/7893\/revisions\/10838"}],"wp:attachment":[{"href":"https:\/\/wordpress-test.app.u-pariscite.fr\/etudes-anglophones\/wp-json\/wp\/v2\/media?parent=7893"}],"curies":[{"name":"wp","href":"https:\/\/api.w.org\/{rel}","templated":true}]}}