{"id":7735,"date":"2019-11-08T14:58:15","date_gmt":"2019-11-08T13:58:15","guid":{"rendered":"https:\/\/wordpress-test.app.u-pariscite.fr\/etudes-anglophones\/responsables-pedagogiques-du-master-recherche\/"},"modified":"2024-07-15T10:05:06","modified_gmt":"2024-07-15T08:05:06","slug":"responsables-pedagogiques-du-master-recherche","status":"publish","type":"page","link":"https:\/\/wordpress-test.app.u-pariscite.fr\/etudes-anglophones\/responsables-pedagogiques-du-master-recherche\/","title":{"rendered":"Responsables p\u00e9dagogiques du Master Recherche"},"content":{"rendered":"<p>[et_pb_section bb_built=\u00a0\u00bb1&Prime; inner_width=\u00a0\u00bbauto\u00a0\u00bb inner_max_width=\u00a0\u00bbnone\u00a0\u00bb][et_pb_row][et_pb_column type=\u00a0\u00bb4_4&Prime;][et_pb_post_title admin_label=\u00a0\u00bbTitre de la page\u00a0\u00bb _builder_version=\u00a0\u00bb3.22.1&Prime; meta=\u00a0\u00bboff\u00a0\u00bb featured_image=\u00a0\u00bboff\u00a0\u00bb saved_tabs=\u00a0\u00bball\u00a0\u00bb text_shadow_horizontal_length=\u00a0\u00bbtext_shadow_style,%91object Object%93&Prime; text_shadow_vertical_length=\u00a0\u00bbtext_shadow_style,%91object Object%93&Prime; text_shadow_blur_strength=\u00a0\u00bbtext_shadow_style,%91object Object%93&Prime; title_text_shadow_horizontal_length=\u00a0\u00bbtitle_text_shadow_style,%91object Object%93&Prime; title_text_shadow_vertical_length=\u00a0\u00bbtitle_text_shadow_style,%91object Object%93&Prime; title_text_shadow_blur_strength=\u00a0\u00bbtitle_text_shadow_style,%91object Object%93&Prime; meta_text_shadow_horizontal_length=\u00a0\u00bbmeta_text_shadow_style,%91object Object%93&Prime; meta_text_shadow_vertical_length=\u00a0\u00bbmeta_text_shadow_style,%91object Object%93&Prime; meta_text_shadow_blur_strength=\u00a0\u00bbmeta_text_shadow_style,%91object Object%93&Prime; z_index_tablet=\u00a0\u00bb500&Prime; \/][\/et_pb_column][\/et_pb_row][et_pb_row][et_pb_column type=\u00a0\u00bb3_4&Prime;][et_pb_text _builder_version=\u00a0\u00bb3.22.1&Prime; module_id=\u00a0\u00bbcontenu\u00a0\u00bb text_text_shadow_horizontal_length=\u00a0\u00bbtext_text_shadow_style,%91object Object%93&Prime; text_text_shadow_vertical_length=\u00a0\u00bbtext_text_shadow_style,%91object Object%93&Prime; text_text_shadow_blur_strength=\u00a0\u00bbtext_text_shadow_style,%91object Object%93&Prime; link_text_shadow_horizontal_length=\u00a0\u00bblink_text_shadow_style,%91object Object%93&Prime; link_text_shadow_vertical_length=\u00a0\u00bblink_text_shadow_style,%91object Object%93&Prime; link_text_shadow_blur_strength=\u00a0\u00bblink_text_shadow_style,%91object Object%93&Prime; ul_text_shadow_horizontal_length=\u00a0\u00bbul_text_shadow_style,%91object Object%93&Prime; ul_text_shadow_vertical_length=\u00a0\u00bbul_text_shadow_style,%91object Object%93&Prime; ul_text_shadow_blur_strength=\u00a0\u00bbul_text_shadow_style,%91object Object%93&Prime; ol_text_shadow_horizontal_length=\u00a0\u00bbol_text_shadow_style,%91object Object%93&Prime; ol_text_shadow_vertical_length=\u00a0\u00bbol_text_shadow_style,%91object Object%93&Prime; ol_text_shadow_blur_strength=\u00a0\u00bbol_text_shadow_style,%91object Object%93&Prime; quote_text_shadow_horizontal_length=\u00a0\u00bbquote_text_shadow_style,%91object Object%93&Prime; quote_text_shadow_vertical_length=\u00a0\u00bbquote_text_shadow_style,%91object Object%93&Prime; quote_text_shadow_blur_strength=\u00a0\u00bbquote_text_shadow_style,%91object Object%93&Prime; header_text_shadow_horizontal_length=\u00a0\u00bbheader_text_shadow_style,%91object Object%93&Prime; header_text_shadow_vertical_length=\u00a0\u00bbheader_text_shadow_style,%91object Object%93&Prime; header_text_shadow_blur_strength=\u00a0\u00bbheader_text_shadow_style,%91object Object%93&Prime; header_2_text_shadow_horizontal_length=\u00a0\u00bbheader_2_text_shadow_style,%91object Object%93&Prime; header_2_text_shadow_vertical_length=\u00a0\u00bbheader_2_text_shadow_style,%91object Object%93&Prime; header_2_text_shadow_blur_strength=\u00a0\u00bbheader_2_text_shadow_style,%91object Object%93&Prime; header_3_text_shadow_horizontal_length=\u00a0\u00bbheader_3_text_shadow_style,%91object Object%93&Prime; header_3_text_shadow_vertical_length=\u00a0\u00bbheader_3_text_shadow_style,%91object Object%93&Prime; header_3_text_shadow_blur_strength=\u00a0\u00bbheader_3_text_shadow_style,%91object Object%93&Prime; header_4_text_shadow_horizontal_length=\u00a0\u00bbheader_4_text_shadow_style,%91object Object%93&Prime; header_4_text_shadow_vertical_length=\u00a0\u00bbheader_4_text_shadow_style,%91object Object%93&Prime; header_4_text_shadow_blur_strength=\u00a0\u00bbheader_4_text_shadow_style,%91object Object%93&Prime; header_5_text_shadow_horizontal_length=\u00a0\u00bbheader_5_text_shadow_style,%91object Object%93&Prime; header_5_text_shadow_vertical_length=\u00a0\u00bbheader_5_text_shadow_style,%91object Object%93&Prime; header_5_text_shadow_blur_strength=\u00a0\u00bbheader_5_text_shadow_style,%91object Object%93&Prime; header_6_text_shadow_horizontal_length=\u00a0\u00bbheader_6_text_shadow_style,%91object Object%93&Prime; header_6_text_shadow_vertical_length=\u00a0\u00bbheader_6_text_shadow_style,%91object Object%93&Prime; header_6_text_shadow_blur_strength=\u00a0\u00bbheader_6_text_shadow_style,%91object Object%93&Prime; z_index_tablet=\u00a0\u00bb500&Prime;]<\/p>\n<p>\u00a0<\/p>\n<h4>Co-responsables du Master Recherche M1 et M2<\/h4>\n<p>Abigail Lang\u00a0<a href=\"abigail.lang@wordpress-test.app.u-pariscite.fr\">abigail.lang@wordpress-test.app.u-pariscite.fr<\/a><\/p>\n<p><strong>ET<\/strong><\/p>\n<p>Catherine Marcangeli<a href=\"http:\/\/catherine.marcangeli@u-paris.f\"> catherine.marcangeli@wordpress-test.app.u-pariscite.fr<\/a><\/p>\n<p>\u00a0<\/p>\n<h4>Responsable du parcours Arts et culture visuelle des pays anglophones M1 et M2<\/h4>\n<p>Catherine Marcangeli<br \/><a href=\"catherine.marcangeli@wordpress-test.app.u-pariscite.fr\">catherine.marcangeli@wordpress-test.app.u-pariscite.fr<\/a><\/p>\n<h4>Co-responsable du parcours Histoire et civilisation des mondes anglophones M1 et M2<\/h4>\n<p>Laura Carter<br \/><a href=\"mailto:laura.carter@wordpress-test.app.u-pariscite.fr\">laura.carter@wordpress-test.app.u-pariscite.fr<\/a><\/p>\n<p>Hugo Bouvard<\/p>\n<p><a href=\"mailto:hugo.bouvard@wordpress-test.app.u-pariscite.fr\">hugo.bouvard@wordpress-test.app.u-pariscite.fr<\/a><\/p>\n<h4>Responsable des parcours Litt\u00e9rature des mondes anglophones et Premi\u00e8res Modernit\u00e9s M1 et M2<\/h4>\n<p>Ladan Niayesh <br \/><a href=\"Ladan.niayesh@wordpress-test.app.u-pariscite.fr\">Ladan.niayesh@wordpress-test.app.u-pariscite.fr<\/a><\/p>\n<h4>Responsable du parcours Linguistique anglaise M1 et M2<\/h4>\n<p>Agn\u00e8s Celle<br \/><a href=\"mailto:agnes.celle@wordpress-test.app.u-pariscite.fr\">agnes.celle@wordpress-test.app.u-pariscite.fr<\/a><\/p>\n<h4>Responsable du parcours Anglais Cin\u00e9ma (Film Studies) M1 et M2<\/h4>\n<p>Martine Beugnet<br \/><a href=\"mailto:martine.beugnet@wordpress-test.app.u-pariscite.fr\">martine.beugnet@wordpress-test.app.u-pariscite.fr<\/a><\/p>\n<h4>Secr\u00e9tariat p\u00e9dagogique M1 et M2 Master Recherche<\/h4>\n<p>Murielle Guillemont<br \/>B\u00e2timent Olympe de Gouges<br \/>Bureau 449<br \/>+33 1 57 27 58 54<br \/><a href=\"mailto:m.guillemont@wordpress-test.app.u-pariscite.fr\">m.guillemont@wordpress-test.app.u-pariscite.fr<\/a><\/p>\n<p>[\/et_pb_text][\/et_pb_column][et_pb_column type=\u00a0\u00bb1_4&Prime;][\/et_pb_column][\/et_pb_row][\/et_pb_section]<\/p>\n","protected":false},"excerpt":{"rendered":"<div class=\"et_pb_row et_pb_row_0 et_pb_row_empty\"><\/div>\n<div class=\"et_pb_row et_pb_row_1 et_pb_row_empty\"><\/div>\n<p> \u00a0Co-responsables du Master Recherche M1 et M2Abigail Lang\u00a0abigail.lang@wordpress-test.app.u-pariscite.frETCatherine Marcangeli catherine.marcangeli@wordpress-test.app.u-pariscite.fr\u00a0Responsable du parcours Arts et culture visuelle des pays anglophones M1 et M2Catherine Marcangelicatherine.marcangeli@wordpress-test.app.u-pariscite.frCo-responsable du parcours Histoire et civilisation des mondes anglophones M1 et M2Laura Carterlaura.carter@wordpress-test.app.u-pariscite.frHugo Bouvardhugo.bouvard@wordpress-test.app.u-pariscite.frResponsable des parcours Litt\u00e9rature des mondes anglophones et Premi\u00e8res Modernit\u00e9s M1 et M2Ladan Niayesh Ladan.niayesh@wordpress-test.app.u-pariscite.frResponsable du parcours Linguistique anglaise&hellip; <a class=\"continue\" href=\"https:\/\/wordpress-test.app.u-pariscite.fr\/etudes-anglophones\/responsables-pedagogiques-du-master-recherche\/\">Lire la suite<span> Responsables p\u00e9dagogiques du Master Recherche<\/span><\/a><\/p>\n","protected":false},"author":8,"featured_media":0,"parent":0,"menu_order":0,"comment_status":"open","ping_status":"closed","template":"","meta":{"_et_pb_use_builder":"on","_et_pb_old_content":"[et_pb_section bb_built=\"1\" next_background_color=\"#000000\"][et_pb_row _builder_version=\"3.19.11\" module_id=\"image-page-type\"][et_pb_column type=\"3_4\"][et_pb_image admin_label=\"Image 1920 x 1080\" _builder_version=\"3.19.11\" src=\"http:\/\/localhost\/wp-content\/uploads\/2019\/05\/maple-leaves-background.jpg\" module_id=\"image-page\" \/][\/et_pb_column][et_pb_column type=\"1_4\"][et_pb_text admin_label=\"Texte image\" _builder_version=\"3.16.1\" module_id=\"texte-image\" background_color=\"rgba(242,242,242,0)\" custom_margin=\"|-15px||\"]\r\n<div class=\"page\" title=\"Page 1\">\r\n<div class=\"layoutArea\">\r\n<div class=\"column\">\r\n<h4>titre texte image<\/h4>\r\ntexte image\r\n\r\n<\/div>\r\n<\/div>\r\n<\/div>\r\n[\/et_pb_text][\/et_pb_column][\/et_pb_row][et_pb_row][et_pb_column type=\"4_4\"][et_pb_text admin_label=\"l\u00c8gende\" _builder_version=\"3.16.1\" module_id=\"legende\"]\r\n<div class=\"page\" title=\"Page 1\">\r\n<div class=\"layoutArea\">\r\n<div class=\"column\">\r\n\r\n\u00a9 Tous droits r\u00e9serv\u00e9s\r\n\r\n<\/div>\r\n<\/div>\r\n<\/div>\r\n[\/et_pb_text][\/et_pb_column][\/et_pb_row][et_pb_row][et_pb_column type=\"3_4\"][et_pb_text _builder_version=\"3.16.1\" module_id=\"contenu\"]\r\n\r\n<p><strong>Secr\u00e9tariat p\u00e9dagogique (M1 et M2 - Master Recherche)<\/strong><br>\r\n\tMurielle Guillemont<br>\r\n\tB\u00e2timent Olympe de Gouges<br>\r\n\tBureau 449<br>\r\n\t+33 1 57 27 58 54<br>\r\n\t<a href=\"mailto:m.guillemont@univ-paris-diderot.fr\">m.guillemont@univ-paris-diderot.fr<\/a> \u00a0<\/p>\r\n\r\n<p><strong>Responsable du Master Recherche<\/strong><br>\r\n\tFran\u00e7ois De Chantal (M1 et M2 - parcours Recherche)<br>\r\n\t<a href=\"mailto:fdechantal@univ-paris-diderot.fr\">fdechantal@univ-paris-diderot.fr<\/a><\/p>\r\n\r\n<p>\u00a0<\/p>\r\n\r\n[\/et_pb_text][\/et_pb_column][et_pb_column type=\"1_4\"][\/et_pb_column][\/et_pb_row][\/et_pb_section][et_pb_section bb_built=\"1\" specialty=\"off\" prev_background_color=\"#000000\" _builder_version=\"3.19.11\" custom_padding=\"0px||0px|\"][et_pb_row _builder_version=\"3.19.11\"][et_pb_column type=\"4_4\"][et_pb_text admin_label=\"Articles similaires\" _builder_version=\"3.16.1\"]\r\n<h2><span class=\"st\">\u00c0<\/span> lire aussi<\/h2>\r\n[\/et_pb_text][et_pb_blog _builder_version=\"3.21\" posts_number=\"4\" include_categories=\"38,45,14,12,11,15,1,13\" show_author=\"off\" show_date=\"off\" show_pagination=\"off\" border_width_bottom_fullwidth=\"1px\" border_color_bottom_fullwidth=\"rgba(51,51,51,0.18)\" custom_padding=\"||50px|\" module_id=\"page_type_blog\" header_level=\"h4\" \/][\/et_pb_column][\/et_pb_row][\/et_pb_section]","_et_gb_content_width":"","footnotes":""},"class_list":["post-7735","page","type-page","status-publish","hentry"],"_links":{"self":[{"href":"https:\/\/wordpress-test.app.u-pariscite.fr\/etudes-anglophones\/wp-json\/wp\/v2\/pages\/7735","targetHints":{"allow":["GET"]}}],"collection":[{"href":"https:\/\/wordpress-test.app.u-pariscite.fr\/etudes-anglophones\/wp-json\/wp\/v2\/pages"}],"about":[{"href":"https:\/\/wordpress-test.app.u-pariscite.fr\/etudes-anglophones\/wp-json\/wp\/v2\/types\/page"}],"author":[{"embeddable":true,"href":"https:\/\/wordpress-test.app.u-pariscite.fr\/etudes-anglophones\/wp-json\/wp\/v2\/users\/8"}],"replies":[{"embeddable":true,"href":"https:\/\/wordpress-test.app.u-pariscite.fr\/etudes-anglophones\/wp-json\/wp\/v2\/comments?post=7735"}],"version-history":[{"count":14,"href":"https:\/\/wordpress-test.app.u-pariscite.fr\/etudes-anglophones\/wp-json\/wp\/v2\/pages\/7735\/revisions"}],"predecessor-version":[{"id":11655,"href":"https:\/\/wordpress-test.app.u-pariscite.fr\/etudes-anglophones\/wp-json\/wp\/v2\/pages\/7735\/revisions\/11655"}],"wp:attachment":[{"href":"https:\/\/wordpress-test.app.u-pariscite.fr\/etudes-anglophones\/wp-json\/wp\/v2\/media?parent=7735"}],"curies":[{"name":"wp","href":"https:\/\/api.w.org\/{rel}","templated":true}]}}