{"id":7730,"date":"2019-11-08T14:58:15","date_gmt":"2019-11-08T13:58:15","guid":{"rendered":"https:\/\/wordpress-test.app.u-pariscite.fr\/etudes-anglophones\/secretariats-pedagogiques\/"},"modified":"2024-09-05T15:34:25","modified_gmt":"2024-09-05T13:34:25","slug":"secretariats-pedagogiques","status":"publish","type":"page","link":"https:\/\/wordpress-test.app.u-pariscite.fr\/etudes-anglophones\/secretariats-pedagogiques\/","title":{"rendered":"Secr\u00e9tariats p\u00e9dagogiques"},"content":{"rendered":"<p>[et_pb_section bb_built=\u00a0\u00bb1&Prime; inner_width=\u00a0\u00bbauto\u00a0\u00bb inner_max_width=\u00a0\u00bbnone\u00a0\u00bb][et_pb_row _builder_version=\u00a0\u00bb3.21&Prime; width=\u00a0\u00bb80%\u00a0\u00bb max_width=\u00a0\u00bb1080px\u00a0\u00bb][et_pb_column type=\u00a0\u00bb4_4&Prime;][et_pb_post_title admin_label=\u00a0\u00bbTitre de la page\u00a0\u00bb _builder_version=\u00a0\u00bb3.19.11&Prime; meta=\u00a0\u00bboff\u00a0\u00bb featured_image=\u00a0\u00bboff\u00a0\u00bb \/][\/et_pb_column][\/et_pb_row][et_pb_row][et_pb_column type=\u00a0\u00bb3_4&Prime;][et_pb_text _builder_version=\u00a0\u00bb3.22.1&Prime; text_text_shadow_horizontal_length=\u00a0\u00bbtext_text_shadow_style,%91object Object%93&Prime; text_text_shadow_vertical_length=\u00a0\u00bbtext_text_shadow_style,%91object Object%93&Prime; text_text_shadow_blur_strength=\u00a0\u00bbtext_text_shadow_style,%91object Object%93&Prime; link_text_shadow_horizontal_length=\u00a0\u00bblink_text_shadow_style,%91object Object%93&Prime; link_text_shadow_vertical_length=\u00a0\u00bblink_text_shadow_style,%91object Object%93&Prime; link_text_shadow_blur_strength=\u00a0\u00bblink_text_shadow_style,%91object Object%93&Prime; ul_text_shadow_horizontal_length=\u00a0\u00bbul_text_shadow_style,%91object Object%93&Prime; ul_text_shadow_vertical_length=\u00a0\u00bbul_text_shadow_style,%91object Object%93&Prime; ul_text_shadow_blur_strength=\u00a0\u00bbul_text_shadow_style,%91object Object%93&Prime; ol_text_shadow_horizontal_length=\u00a0\u00bbol_text_shadow_style,%91object Object%93&Prime; ol_text_shadow_vertical_length=\u00a0\u00bbol_text_shadow_style,%91object Object%93&Prime; ol_text_shadow_blur_strength=\u00a0\u00bbol_text_shadow_style,%91object Object%93&Prime; quote_text_shadow_horizontal_length=\u00a0\u00bbquote_text_shadow_style,%91object Object%93&Prime; quote_text_shadow_vertical_length=\u00a0\u00bbquote_text_shadow_style,%91object Object%93&Prime; quote_text_shadow_blur_strength=\u00a0\u00bbquote_text_shadow_style,%91object Object%93&Prime; header_text_shadow_horizontal_length=\u00a0\u00bbheader_text_shadow_style,%91object Object%93&Prime; header_text_shadow_vertical_length=\u00a0\u00bbheader_text_shadow_style,%91object Object%93&Prime; header_text_shadow_blur_strength=\u00a0\u00bbheader_text_shadow_style,%91object Object%93&Prime; header_2_text_shadow_horizontal_length=\u00a0\u00bbheader_2_text_shadow_style,%91object Object%93&Prime; header_2_text_shadow_vertical_length=\u00a0\u00bbheader_2_text_shadow_style,%91object Object%93&Prime; header_2_text_shadow_blur_strength=\u00a0\u00bbheader_2_text_shadow_style,%91object Object%93&Prime; header_3_text_shadow_horizontal_length=\u00a0\u00bbheader_3_text_shadow_style,%91object Object%93&Prime; header_3_text_shadow_vertical_length=\u00a0\u00bbheader_3_text_shadow_style,%91object Object%93&Prime; header_3_text_shadow_blur_strength=\u00a0\u00bbheader_3_text_shadow_style,%91object Object%93&Prime; header_4_text_shadow_horizontal_length=\u00a0\u00bbheader_4_text_shadow_style,%91object Object%93&Prime; header_4_text_shadow_vertical_length=\u00a0\u00bbheader_4_text_shadow_style,%91object Object%93&Prime; header_4_text_shadow_blur_strength=\u00a0\u00bbheader_4_text_shadow_style,%91object Object%93&Prime; header_5_text_shadow_horizontal_length=\u00a0\u00bbheader_5_text_shadow_style,%91object Object%93&Prime; header_5_text_shadow_vertical_length=\u00a0\u00bbheader_5_text_shadow_style,%91object Object%93&Prime; header_5_text_shadow_blur_strength=\u00a0\u00bbheader_5_text_shadow_style,%91object Object%93&Prime; header_6_text_shadow_horizontal_length=\u00a0\u00bbheader_6_text_shadow_style,%91object Object%93&Prime; header_6_text_shadow_vertical_length=\u00a0\u00bbheader_6_text_shadow_style,%91object Object%93&Prime; header_6_text_shadow_blur_strength=\u00a0\u00bbheader_6_text_shadow_style,%91object Object%93&Prime; z_index_tablet=\u00a0\u00bb500&Prime;]<\/p>\n<p>Les secr\u00e9tariats des UFR s&rsquo;occupent des inscriptions p\u00e9dagogiques (emploi du temps), plannings d&rsquo;examens, saisie et calcul des r\u00e9sultats.<\/p>\n<blockquote>\n<p><strong>UFR Etudes Anglophones<\/strong><br \/>B\u00e2timent Olympe de Gouges<br \/>Boite courrier 7046<br \/>5, rue Thomas Mann<br \/>75205 Paris Cedex 13<\/p>\n<\/blockquote>\n<p>Vous pouvez vous adresser aux secr\u00e9tariats p\u00e9dagogiques pour demander un relev\u00e9 de notes, une attestation provisoire de r\u00e9ussite au dipl\u00f4me, comprendre les modalit\u00e9s de contr\u00f4le des connaissances, demander une information ou un transfert de dossier.<\/p>\n<blockquote>\n<p>Les secr\u00e9tariats p\u00e9dagogiques de l&rsquo;UFR \u00c9tudes Anglophones se trouvent au <strong>4e \u00e9tage du b\u00e2timent Olympe de Gouges<\/strong> (OdG)<\/p>\n<\/blockquote>\n<p><strong>Pour toute question d&rsquo;ordre administratif (inscriptions et dossiers administratifs) ou probl\u00e8me technique sur les applications en ligne (Moodle, ENT, MonDossierWeb&#8230;), contactez directement la scolarit\u00e9 g\u00e9n\u00e9rale via le<a href=\"https:\/\/wordpress-test.app.u-pariscite.fr\/centre-de-contact\/\" target=\"_blank\" rel=\"noopener noreferrer\"> formulaire de contact<\/a>.<\/strong><\/p>\n<p>[\/et_pb_text][et_pb_toggle admin_label=\u00a0\u00bbBureau Licence\u00a0\u00bb _builder_version=\u00a0\u00bb3.22.1&Prime; title=\u00a0\u00bbBureau Licence\u00a0\u00bb text_shadow_horizontal_length=\u00a0\u00bbtext_shadow_style,%91object Object%93&Prime; text_shadow_vertical_length=\u00a0\u00bbtext_shadow_style,%91object Object%93&Prime; text_shadow_blur_strength=\u00a0\u00bbtext_shadow_style,%91object Object%93&Prime; title_text_shadow_horizontal_length=\u00a0\u00bbtitle_text_shadow_style,%91object Object%93&Prime; title_text_shadow_vertical_length=\u00a0\u00bbtitle_text_shadow_style,%91object Object%93&Prime; title_text_shadow_blur_strength=\u00a0\u00bbtitle_text_shadow_style,%91object Object%93&Prime; body_text_shadow_horizontal_length=\u00a0\u00bbbody_text_shadow_style,%91object Object%93&Prime; body_text_shadow_vertical_length=\u00a0\u00bbbody_text_shadow_style,%91object Object%93&Prime; body_text_shadow_blur_strength=\u00a0\u00bbbody_text_shadow_style,%91object Object%93&Prime; z_index_tablet=\u00a0\u00bb500&Prime;]<\/p>\n<p><strong>Rebh Charifi<\/strong><br \/>01.57.27.58.40<br \/><a class=\"mailto\" href=\"mailto:rebh.charifi@wordpress-test.app.u-pariscite.fr\">rebh.charifi@u<\/a><a class=\"mailto\" href=\"mailto:rebh.charifi@wordpress-test.app.u-pariscite.fr\">-paris.fr <\/a><\/p>\n<p><strong>Thomas Houillon<br \/><\/strong>01.57.27.58.86<br \/><a href=\"mailto:thomas.houillon@wordpress-test.app.u-pariscite.fr\">thomas.houillon@wordpress-test.app.u-pariscite.fr<\/a><\/p>\n<p><strong>Aur\u00e9lie Mouzita<\/strong><br \/>01.57.27.58.42<br \/><a href=\"mailto:aurelie.mouzita@wordpress-test.app.u-pariscite.fr\">aurelie.mouzita@wordpress-test.app.u-pariscite.fr<\/a><\/p>\n<p>Bureau <strong>Olympe de Gouges 451 <\/strong>: ouvert <strong>du lundi au jeudi, 9h30-12h30 puis 14h-16h30 (hors vacance scolaires)<\/strong>. <br \/>Vendredi en t\u00e9l\u00e9travail, nous sommes joignables par e-mail.<\/p>\n<p>[\/et_pb_toggle][et_pb_toggle admin_label=\u00a0\u00bbBureau Master Recherche\u00a0\u00bb _builder_version=\u00a0\u00bb3.22.1&Prime; title=\u00a0\u00bbBureau Master Recherche\u00a0\u00bb text_shadow_horizontal_length=\u00a0\u00bbtext_shadow_style,%91object Object%93&Prime; text_shadow_vertical_length=\u00a0\u00bbtext_shadow_style,%91object Object%93&Prime; text_shadow_blur_strength=\u00a0\u00bbtext_shadow_style,%91object Object%93&Prime; title_text_shadow_horizontal_length=\u00a0\u00bbtitle_text_shadow_style,%91object Object%93&Prime; title_text_shadow_vertical_length=\u00a0\u00bbtitle_text_shadow_style,%91object Object%93&Prime; title_text_shadow_blur_strength=\u00a0\u00bbtitle_text_shadow_style,%91object Object%93&Prime; body_text_shadow_horizontal_length=\u00a0\u00bbbody_text_shadow_style,%91object Object%93&Prime; body_text_shadow_vertical_length=\u00a0\u00bbbody_text_shadow_style,%91object Object%93&Prime; body_text_shadow_blur_strength=\u00a0\u00bbbody_text_shadow_style,%91object Object%93&Prime; z_index_tablet=\u00a0\u00bb500&Prime;]<\/p>\n<p><strong>Murielle Guillemont<br \/><\/strong>01 57 27 58 54<br \/><a class=\"mailto\" href=\"murielle.guillemont@wordpress-test.app.u-pariscite.fr\">murielle.guillemont@wordpress-test.app.u-pariscite.fr <\/a><\/p>\n<p>Bureau 449 B\u00e2timent Olympe de Gouges<\/p>\n<p>Ouvert au public de 9h30 \u00e0 12h et de 14h \u00e0 16h le mardi et le mercredi<\/p>\n<p>T\u00e9l\u00e9travail le lundi, le jeudi et le vendredi<\/p>\n<p>[\/et_pb_toggle][et_pb_toggle admin_label=\u00a0\u00bbBureau Concours, Masters professionnels et Formation Continue et Professionnelle\u00a0\u00bb _builder_version=\u00a0\u00bb3.22.1&Prime; title=\u00a0\u00bbBureau Concours, Masters professionnels et Formation Continue et Professionnelle\u00a0\u00bb text_shadow_horizontal_length=\u00a0\u00bbtext_shadow_style,%91object Object%93&Prime; text_shadow_vertical_length=\u00a0\u00bbtext_shadow_style,%91object Object%93&Prime; text_shadow_blur_strength=\u00a0\u00bbtext_shadow_style,%91object Object%93&Prime; title_text_shadow_horizontal_length=\u00a0\u00bbtitle_text_shadow_style,%91object Object%93&Prime; title_text_shadow_vertical_length=\u00a0\u00bbtitle_text_shadow_style,%91object Object%93&Prime; title_text_shadow_blur_strength=\u00a0\u00bbtitle_text_shadow_style,%91object Object%93&Prime; body_text_shadow_horizontal_length=\u00a0\u00bbbody_text_shadow_style,%91object Object%93&Prime; body_text_shadow_vertical_length=\u00a0\u00bbbody_text_shadow_style,%91object Object%93&Prime; body_text_shadow_blur_strength=\u00a0\u00bbbody_text_shadow_style,%91object Object%93&Prime; z_index_tablet=\u00a0\u00bb500&Prime;]<\/p>\n<p><strong>Sophie Rouquette<br \/><\/strong>01.57.27.58.50<strong><br \/><\/strong><a class=\"mailto\" href=\"mailto:sophie.rouquette@univ-paris-diderot.fr\">sophie.rouquette@wordpress-test.app.u-pariscite.fr <\/a><\/p>\n<p>En t\u00e9l\u00e9travail les jeudis et vendredis, joignable par e-mail uniquement..<\/p>\n<p>Bureau 448 &#8211; B\u00e2timent Olympe de Gouges<\/p>\n<p>[\/et_pb_toggle][\/et_pb_column][et_pb_column type=\u00a0\u00bb1_4&Prime;][\/et_pb_column][\/et_pb_row][\/et_pb_section]<\/p>\n","protected":false},"excerpt":{"rendered":"<div class=\"et_pb_row et_pb_row_0 et_pb_row_empty\"><\/div>\n<p> Les secr\u00e9tariats des UFR s&rsquo;occupent des inscriptions p\u00e9dagogiques (emploi du temps), plannings d&rsquo;examens, saisie et calcul des r\u00e9sultats. UFR Etudes AnglophonesB\u00e2timent Olympe de GougesBoite courrier 70465, rue Thomas Mann75205 Paris Cedex 13 Vous pouvez vous adresser aux secr\u00e9tariats p\u00e9dagogiques pour demander un relev\u00e9 de notes, une attestation provisoire de r\u00e9ussite au dipl\u00f4me, comprendre les&hellip; <a class=\"continue\" href=\"https:\/\/wordpress-test.app.u-pariscite.fr\/etudes-anglophones\/secretariats-pedagogiques\/\">Lire la suite<span> Secr\u00e9tariats p\u00e9dagogiques<\/span><\/a><\/p>\n","protected":false},"author":8,"featured_media":0,"parent":0,"menu_order":0,"comment_status":"open","ping_status":"open","template":"","meta":{"_et_pb_use_builder":"on","_et_pb_old_content":"[et_pb_section bb_built=\"1\" next_background_color=\"#000000\"][et_pb_row _builder_version=\"3.19.11\" module_id=\"image-page-type\"][et_pb_column type=\"3_4\"][et_pb_image admin_label=\"Image 1920 x 1080\" _builder_version=\"3.19.11\" src=\"http:\/\/localhost\/wp-content\/uploads\/2019\/05\/maple-leaves-background.jpg\" module_id=\"image-page\" \/][\/et_pb_column][et_pb_column type=\"1_4\"][et_pb_text admin_label=\"Texte image\" _builder_version=\"3.16.1\" module_id=\"texte-image\" background_color=\"rgba(242,242,242,0)\" custom_margin=\"|-15px||\"]\r\n<div class=\"page\" title=\"Page 1\">\r\n<div class=\"layoutArea\">\r\n<div class=\"column\">\r\n<h4>titre texte image<\/h4>\r\ntexte image\r\n\r\n<\/div>\r\n<\/div>\r\n<\/div>\r\n[\/et_pb_text][\/et_pb_column][\/et_pb_row][et_pb_row][et_pb_column type=\"4_4\"][et_pb_text admin_label=\"l\u00c8gende\" _builder_version=\"3.16.1\" module_id=\"legende\"]\r\n<div class=\"page\" title=\"Page 1\">\r\n<div class=\"layoutArea\">\r\n<div class=\"column\">\r\n\r\n\u00a9 Tous droits r\u00e9serv\u00e9s\r\n\r\n<\/div>\r\n<\/div>\r\n<\/div>\r\n[\/et_pb_text][\/et_pb_column][\/et_pb_row][et_pb_row][et_pb_column type=\"3_4\"][et_pb_text _builder_version=\"3.16.1\" module_id=\"contenu\"]\r\n\r\n<p>Demander un relev\u00e9 de notes, une attestation provisoire de r\u00e9ussite au dipl\u00f4me, v\u00e9rifier un horaire, comprendre les modalit\u00e9s de contr\u00f4le des connaissances, comprendre la compensation, v\u00e9rifier votre inscription, v\u00e9rifier une information...<\/p>\r\n\r\n<h3>Bureau Licence<\/h3>\r\n\r\n<p><strong>Rebh Charifi<\/strong> - Responsable scolarit\u00e9 Licence<\/p>\r\n\r\n<p>01.57.27.58.40<\/p>\r\n\r\n<p><a href=\"mailto:rebh.charifi@univ-paris-diderot.fr\">rebh.charifi@univ-paris-diderot.fr<\/a><\/p>\r\n\r\n<p><strong>Charlotte Allemand<\/strong><\/p>\r\n\r\n<p>01.57.27.58.86<\/p>\r\n\r\n<p><a href=\"mailto:charlotte.allemand@univ-paris-diderot.fr\">charlotte.allemand@univ-paris-diderot.fr <\/a><\/p>\r\n\r\n<p>bureau 451 - accueil du public de 9h30 \u00e0 12h30 et de 14h \u00e0 17h - Ferm\u00e9 le lundi matin et le vendredi apr\u00e8s-midi.<\/p>\r\n\r\n<h3>Bureau master recherche<\/h3>\r\n\r\n<p><strong>Murielle Guillemont<\/strong><\/p>\r\n\r\n<p>01 57 27 58 54 \/58 40<\/p>\r\n\r\n<p><a href=\"mailto:maryvonne.oisel@univ-paris-diderot.fr\">m.guillemont@univ-paris-diderot.fr<\/a><\/p>\r\n\r\n<p>Bureau 449 - accueil du public le lundi 14h-16h, le mardi 10h-12h, le jeudi 14h-16h, le vendredi 10h-12h30, ferm\u00e9 le mercredi<\/p>\r\n\r\n<p>\u00a0<\/p>\r\n\r\n<h3>BUREAU CONCOURS ET MASTERs PROfessionnels et Formation continue et professionnelle<\/h3>\r\n\r\n<p><strong>Sophie Rouquette<\/strong>\u00a0 <a href=\"mailto:sophie.rouquette@univ-paris-diderot.fr\">sophie.rouquette@univ-paris-diderot.fr<\/a><\/p>\r\n\r\n<p>Bureau 448 - \u274cheures_accueil_2019-20.doc\",\"field_deltas\":{\"1\":{\"format\":\"wysiwyg\",\"field_texte_cliquable[und][0][value]\":\"heures_accueil_2019-20.doc\",\"media_title[und][0][value]\":\"\",\"media_description[und][0][value]\":\"\",\"media_description[und][0][format]\":\"full_html\",\"field_tags[und]\":\"\",\"field_license[und]\":\"none\"}},\"attributes\":{\"class\":\"file media-element file-wysiwyg\",\"data-delta\":\"1\"}}]]<\/p>\r\n\r\n<p>01.57.27.58.50<\/p>\r\n\r\n<p>\u00a0<\/p>\r\n\r\n<p>Les secr\u00e9tariats p\u00e9dagogiques de l'UFR se trouvent au 4e \u00e9tage du b\u00e2timent Olympe de Gouges (OdG)<\/p>\r\n\r\n<p>\u00a0<\/p>\r\n\r\n<p>\u00a0<\/p>\r\n\r\n<p>\u00a0<\/p>\r\n\r\n<p>\u00a0<\/p>\r\n\r\n[\/et_pb_text][\/et_pb_column][et_pb_column type=\"1_4\"][\/et_pb_column][\/et_pb_row][\/et_pb_section][et_pb_section bb_built=\"1\" specialty=\"off\" prev_background_color=\"#000000\" _builder_version=\"3.19.11\" custom_padding=\"0px||0px|\"][et_pb_row _builder_version=\"3.19.11\"][et_pb_column type=\"4_4\"][et_pb_text admin_label=\"Articles similaires\" _builder_version=\"3.16.1\"]\r\n<h2><span class=\"st\">\u00c0<\/span> lire aussi<\/h2>\r\n[\/et_pb_text][et_pb_blog _builder_version=\"3.21\" posts_number=\"4\" include_categories=\"38,45,14,12,11,15,1,13\" show_author=\"off\" show_date=\"off\" show_pagination=\"off\" border_width_bottom_fullwidth=\"1px\" border_color_bottom_fullwidth=\"rgba(51,51,51,0.18)\" custom_padding=\"||50px|\" module_id=\"page_type_blog\" header_level=\"h4\" \/][\/et_pb_column][\/et_pb_row][\/et_pb_section]","_et_gb_content_width":"","footnotes":""},"class_list":["post-7730","page","type-page","status-publish","hentry"],"_links":{"self":[{"href":"https:\/\/wordpress-test.app.u-pariscite.fr\/etudes-anglophones\/wp-json\/wp\/v2\/pages\/7730","targetHints":{"allow":["GET"]}}],"collection":[{"href":"https:\/\/wordpress-test.app.u-pariscite.fr\/etudes-anglophones\/wp-json\/wp\/v2\/pages"}],"about":[{"href":"https:\/\/wordpress-test.app.u-pariscite.fr\/etudes-anglophones\/wp-json\/wp\/v2\/types\/page"}],"author":[{"embeddable":true,"href":"https:\/\/wordpress-test.app.u-pariscite.fr\/etudes-anglophones\/wp-json\/wp\/v2\/users\/8"}],"replies":[{"embeddable":true,"href":"https:\/\/wordpress-test.app.u-pariscite.fr\/etudes-anglophones\/wp-json\/wp\/v2\/comments?post=7730"}],"version-history":[{"count":31,"href":"https:\/\/wordpress-test.app.u-pariscite.fr\/etudes-anglophones\/wp-json\/wp\/v2\/pages\/7730\/revisions"}],"predecessor-version":[{"id":12204,"href":"https:\/\/wordpress-test.app.u-pariscite.fr\/etudes-anglophones\/wp-json\/wp\/v2\/pages\/7730\/revisions\/12204"}],"wp:attachment":[{"href":"https:\/\/wordpress-test.app.u-pariscite.fr\/etudes-anglophones\/wp-json\/wp\/v2\/media?parent=7730"}],"curies":[{"name":"wp","href":"https:\/\/api.w.org\/{rel}","templated":true}]}}