{"id":11667,"date":"2023-12-12T14:48:31","date_gmt":"2023-12-12T13:48:31","guid":{"rendered":"https:\/\/wordpress-test.app.u-pariscite.fr\/etudes-anglophones\/?page_id=11667"},"modified":"2024-09-12T10:40:38","modified_gmt":"2024-09-12T08:40:38","slug":"master-llcer-parcours-etudes-anglophones-joint-degree-of-english-and-american-studies","status":"publish","type":"page","link":"https:\/\/wordpress-test.app.u-pariscite.fr\/etudes-anglophones\/en\/master-llcer-parcours-etudes-anglophones-joint-degree-of-english-and-american-studies\/","title":{"rendered":"Master LLCER \u2013 Parcours Etudes Anglophones : Joint Degree of English and American Studies"},"content":{"rendered":"<p>[et_pb_section bb_built=\u00a0\u00bb1&Prime; next_background_color=\u00a0\u00bb#000000&Prime; inner_width=\u00a0\u00bbauto\u00a0\u00bb inner_max_width=\u00a0\u00bbnone\u00a0\u00bb][et_pb_row][et_pb_column type=\u00a0\u00bb4_4&Prime;][et_pb_post_title admin_label=\u00a0\u00bbTitre de la page\u00a0\u00bb _builder_version=\u00a0\u00bb3.22.1&Prime; meta=\u00a0\u00bboff\u00a0\u00bb featured_image=\u00a0\u00bboff\u00a0\u00bb \/][\/et_pb_column][\/et_pb_row][et_pb_row][et_pb_column type=\u00a0\u00bb3_4&Prime;][et_pb_text admin_label=\u00a0\u00bbIntro\u00a0\u00bb _builder_version=\u00a0\u00bb3.22.1&Prime; module_id=\u00a0\u00bbintro\u00a0\u00bb text_text_shadow_horizontal_length=\u00a0\u00bbtext_text_shadow_style,%91object Object%93&Prime; text_text_shadow_vertical_length=\u00a0\u00bbtext_text_shadow_style,%91object Object%93&Prime; text_text_shadow_blur_strength=\u00a0\u00bbtext_text_shadow_style,%91object Object%93&Prime; link_text_shadow_horizontal_length=\u00a0\u00bblink_text_shadow_style,%91object Object%93&Prime; link_text_shadow_vertical_length=\u00a0\u00bblink_text_shadow_style,%91object Object%93&Prime; link_text_shadow_blur_strength=\u00a0\u00bblink_text_shadow_style,%91object Object%93&Prime; ul_text_shadow_horizontal_length=\u00a0\u00bbul_text_shadow_style,%91object Object%93&Prime; ul_text_shadow_vertical_length=\u00a0\u00bbul_text_shadow_style,%91object Object%93&Prime; ul_text_shadow_blur_strength=\u00a0\u00bbul_text_shadow_style,%91object Object%93&Prime; ol_text_shadow_horizontal_length=\u00a0\u00bbol_text_shadow_style,%91object Object%93&Prime; ol_text_shadow_vertical_length=\u00a0\u00bbol_text_shadow_style,%91object Object%93&Prime; ol_text_shadow_blur_strength=\u00a0\u00bbol_text_shadow_style,%91object Object%93&Prime; quote_text_shadow_horizontal_length=\u00a0\u00bbquote_text_shadow_style,%91object Object%93&Prime; quote_text_shadow_vertical_length=\u00a0\u00bbquote_text_shadow_style,%91object Object%93&Prime; quote_text_shadow_blur_strength=\u00a0\u00bbquote_text_shadow_style,%91object Object%93&Prime; header_text_shadow_horizontal_length=\u00a0\u00bbheader_text_shadow_style,%91object Object%93&Prime; header_text_shadow_vertical_length=\u00a0\u00bbheader_text_shadow_style,%91object Object%93&Prime; header_text_shadow_blur_strength=\u00a0\u00bbheader_text_shadow_style,%91object Object%93&Prime; header_2_text_shadow_horizontal_length=\u00a0\u00bbheader_2_text_shadow_style,%91object Object%93&Prime; header_2_text_shadow_vertical_length=\u00a0\u00bbheader_2_text_shadow_style,%91object Object%93&Prime; header_2_text_shadow_blur_strength=\u00a0\u00bbheader_2_text_shadow_style,%91object Object%93&Prime; header_3_text_shadow_horizontal_length=\u00a0\u00bbheader_3_text_shadow_style,%91object Object%93&Prime; header_3_text_shadow_vertical_length=\u00a0\u00bbheader_3_text_shadow_style,%91object Object%93&Prime; header_3_text_shadow_blur_strength=\u00a0\u00bbheader_3_text_shadow_style,%91object Object%93&Prime; header_4_text_shadow_horizontal_length=\u00a0\u00bbheader_4_text_shadow_style,%91object Object%93&Prime; header_4_text_shadow_vertical_length=\u00a0\u00bbheader_4_text_shadow_style,%91object Object%93&Prime; header_4_text_shadow_blur_strength=\u00a0\u00bbheader_4_text_shadow_style,%91object Object%93&Prime; header_5_text_shadow_horizontal_length=\u00a0\u00bbheader_5_text_shadow_style,%91object Object%93&Prime; header_5_text_shadow_vertical_length=\u00a0\u00bbheader_5_text_shadow_style,%91object Object%93&Prime; header_5_text_shadow_blur_strength=\u00a0\u00bbheader_5_text_shadow_style,%91object Object%93&Prime; header_6_text_shadow_horizontal_length=\u00a0\u00bbheader_6_text_shadow_style,%91object Object%93&Prime; header_6_text_shadow_vertical_length=\u00a0\u00bbheader_6_text_shadow_style,%91object Object%93&Prime; header_6_text_shadow_blur_strength=\u00a0\u00bbheader_6_text_shadow_style,%91object Object%93&Prime; z_index_tablet=\u00a0\u00bb500&Prime;]<\/p>\n<div class=\"page\" title=\"Page 1\">\n<div class=\"layoutArea\">\n<div class=\"column\">\n<div class=\"et_pb_row et_pb_row_0\">\n<div class=\"et_pb_column et_pb_column_4_4 et_pb_column_0 et_pb_css_mix_blend_mode_passthrough et-last-child\">\n<div class=\"et_pb_module et_pb_post_title et_pb_post_title_0 et_pb_bg_layout_light et_pb_text_align_left\">\n<div class=\"et_pb_title_container\">\n<p>The Anglophone Studies department is part of a consortium who have created a Joint Degree in English and American Studies.<\/p>\n<\/div>\n<\/div>\n<\/div>\n<\/div>\n<\/div>\n<\/div>\n<\/div>\n<p>[\/et_pb_text][\/et_pb_column][et_pb_column type=\u00a0\u00bb1_4&Prime;][\/et_pb_column][\/et_pb_row][et_pb_row][et_pb_column type=\u00a0\u00bb3_4&Prime;][et_pb_text _builder_version=\u00a0\u00bb3.22.1&Prime; module_id=\u00a0\u00bbcontenu\u00a0\u00bb text_text_shadow_horizontal_length=\u00a0\u00bbtext_text_shadow_style,%91object Object%93&Prime; text_text_shadow_vertical_length=\u00a0\u00bbtext_text_shadow_style,%91object Object%93&Prime; text_text_shadow_blur_strength=\u00a0\u00bbtext_text_shadow_style,%91object Object%93&Prime; link_text_shadow_horizontal_length=\u00a0\u00bblink_text_shadow_style,%91object Object%93&Prime; link_text_shadow_vertical_length=\u00a0\u00bblink_text_shadow_style,%91object Object%93&Prime; link_text_shadow_blur_strength=\u00a0\u00bblink_text_shadow_style,%91object Object%93&Prime; ul_text_shadow_horizontal_length=\u00a0\u00bbul_text_shadow_style,%91object Object%93&Prime; ul_text_shadow_vertical_length=\u00a0\u00bbul_text_shadow_style,%91object Object%93&Prime; ul_text_shadow_blur_strength=\u00a0\u00bbul_text_shadow_style,%91object Object%93&Prime; ol_text_shadow_horizontal_length=\u00a0\u00bbol_text_shadow_style,%91object Object%93&Prime; ol_text_shadow_vertical_length=\u00a0\u00bbol_text_shadow_style,%91object Object%93&Prime; ol_text_shadow_blur_strength=\u00a0\u00bbol_text_shadow_style,%91object Object%93&Prime; quote_text_shadow_horizontal_length=\u00a0\u00bbquote_text_shadow_style,%91object Object%93&Prime; quote_text_shadow_vertical_length=\u00a0\u00bbquote_text_shadow_style,%91object Object%93&Prime; quote_text_shadow_blur_strength=\u00a0\u00bbquote_text_shadow_style,%91object Object%93&Prime; header_text_shadow_horizontal_length=\u00a0\u00bbheader_text_shadow_style,%91object Object%93&Prime; header_text_shadow_vertical_length=\u00a0\u00bbheader_text_shadow_style,%91object Object%93&Prime; header_text_shadow_blur_strength=\u00a0\u00bbheader_text_shadow_style,%91object Object%93&Prime; header_2_text_shadow_horizontal_length=\u00a0\u00bbheader_2_text_shadow_style,%91object Object%93&Prime; header_2_text_shadow_vertical_length=\u00a0\u00bbheader_2_text_shadow_style,%91object Object%93&Prime; header_2_text_shadow_blur_strength=\u00a0\u00bbheader_2_text_shadow_style,%91object Object%93&Prime; header_3_text_shadow_horizontal_length=\u00a0\u00bbheader_3_text_shadow_style,%91object Object%93&Prime; header_3_text_shadow_vertical_length=\u00a0\u00bbheader_3_text_shadow_style,%91object Object%93&Prime; header_3_text_shadow_blur_strength=\u00a0\u00bbheader_3_text_shadow_style,%91object Object%93&Prime; header_4_text_shadow_horizontal_length=\u00a0\u00bbheader_4_text_shadow_style,%91object Object%93&Prime; header_4_text_shadow_vertical_length=\u00a0\u00bbheader_4_text_shadow_style,%91object Object%93&Prime; header_4_text_shadow_blur_strength=\u00a0\u00bbheader_4_text_shadow_style,%91object Object%93&Prime; header_5_text_shadow_horizontal_length=\u00a0\u00bbheader_5_text_shadow_style,%91object Object%93&Prime; header_5_text_shadow_vertical_length=\u00a0\u00bbheader_5_text_shadow_style,%91object Object%93&Prime; header_5_text_shadow_blur_strength=\u00a0\u00bbheader_5_text_shadow_style,%91object Object%93&Prime; header_6_text_shadow_horizontal_length=\u00a0\u00bbheader_6_text_shadow_style,%91object Object%93&Prime; header_6_text_shadow_vertical_length=\u00a0\u00bbheader_6_text_shadow_style,%91object Object%93&Prime; header_6_text_shadow_blur_strength=\u00a0\u00bbheader_6_text_shadow_style,%91object Object%93&Prime; z_index_tablet=\u00a0\u00bb500&Prime;]<\/p>\n<div class=\"et_pb_column et_pb_column_4_4 et_pb_column_1 et_pb_css_mix_blend_mode_passthrough et-last-child\">\n<div class=\"et_pb_module et_pb_text et_pb_text_0 et_pb_bg_layout_light et_pb_text_align_left\">\n<div class=\"et_pb_text_inner\">\n<div class=\"panel-pane pane-entity-field pane-node-body\">\n<div class=\"pane-content\">\n<div class=\"field field-name-body field-type-text-with-summary field-label-hidden\">\n<div class=\"field-items\">\n<div class=\"field-item even\">\n<blockquote>\n<p>This Joint Degree is part of the Research Masters in Anglophone Studies. The two-year course leads to a Masters diploma issued by University Paris Cit\u00e9 and the host-university.<\/p>\n<\/blockquote>\n<p>This consortium includes:<\/p>\n<ul>\n<li>Karl-Franzens-University, Graz \/ Austria<\/li>\n<li>Otto-Friedrich University, Bamberg \/ Germany<\/li>\n<li>Ca\u2019 Foscari University, Venice \/ Italy<\/li>\n<li>Universit\u00e9 Paris Diderot, Paris \/ France<\/li>\n<li>Jagiellonian University of Krak\u00f3w \/ Poland<\/li>\n<li>Universitat Aut\u00f2noma de Barcelona \/ Spain<\/li>\n<\/ul>\n<p>Mobility Universities :<\/p>\n<ul>\n<li>University of P\u00e9cs \/ Hungary<\/li>\n<li>The City College of New York \/ USA<\/li>\n<\/ul>\n<p>This is a two-year course (M1 and M2), including a compulsory mobility semester (M2S3, ie first semester of the second year) in one of the partner universities.<\/p>\n<p>The head of JDEAS Programmes at UPC is Professor Fran\u00e7ois VERGNIOLLE DE CHANTAL (\u00a0<a href=\"mailto:fdechantal@wordpress-test.app.u-pariscite.fr\">fdechantal@wordpress-test.app.u-pariscite.fr<\/a>\u00a0). For the 2023-24 academic year, he will be replaced by Laurence Cros (<a href=\"https:\/\/wordpress-test.app.u-pariscite.fr\/etudes-anglophones\/parcours-etudes-anglophones-joint-degree-of-english-and-american-studies\/laurence.cros@u-paris\">laurence.cros@u-paris<\/a>).<\/p>\n<p>Website for the\u00a0<a href=\"http:\/\/www.jointdegree.eu\/de\/eas\/\">Joint Degree in English and American Studies<\/a><\/p>\n<\/div>\n<\/div>\n<\/div>\n<div class=\"field field-name-body field-type-text-with-summary field-label-hidden\">\n<div class=\"field-items\">\n<div class=\"field-item even\">\n<h3><strong>Applications and selection process (during the L3 year)<\/strong><\/h3>\n<p>Students may apply in the first semester of the 3<sup>rd<\/sup> year \u2013 they choose the university they\u2019ll be mainly attached to, from their M1 year, as well as the university where they will spend the first semester of the M2 year.<\/p>\n<p>This is a selective programme. Students need to have excellent Degree results, and high Toefl or IELTS results.<\/p>\n<p>Representatives of the consortium will select applications.<\/p>\n<p>Applications are sent from January to March.<\/p>\n<p>&gt; Information and application:\u00a0<a href=\"http:\/\/www.jointdegree.eu\/de\/eas\/application-selection\/\">http:\/\/www.jointdegree.eu\/de\/eas\/application-selection\/<\/a><\/p>\n<p>Please note: students from the following countries who wish to apply for Universit\u00e9 Paris Cit\u00e9 as entrance university must also submit an application through <a href=\"http:\/\/www.campusfrance.org\/fr\">Campus France<\/a>\u00a0(<a href=\"http:\/\/www.campusfrance.org\/fr\">http:\/\/www.campusfrance.org\/fr\u00a0<\/a>) \u2013 <strong>Deadline around mid-December<\/strong><\/p>\n<p>Azerbaijan, Algeria, Saudi Arabia, Argentina, Bahrain, Benin, Bolivia, Brazil, Burkina Faso, Burundi, Cambodia, Cameroon, Canada, Chile, China, Colombia, Comoros, Congo, South Africa, South Korea, Ivory Coast , Djibouti, United Arab Emirates, Egypt, Ecuador, United States, Ethiopia, Gabon, Georgia, Ghana, Guinea, Haiti, Hong Kong, India, Indonesia, Iran, Israel, Japan, Jordan, Kenya, Kuwait, Lebanon, Madagascar , Malaysia, Mali, Morocco, Mauritius, Mauritania, Mexico, Nepal, Niger, Nigeria, Pakistan, Peru, Qatar, Democratic Republic of Congo, Dominican Republic, United Kingdom, Russia, Senegal, Singapore, Taiwan, Chad, Thailand, Togo , Tunisia, Turkey, Ukraine, Vietnam<\/p>\n<p>Please note that Campus France demands a French language test for international students from outside the EU. Although all of our classes are in English, you may need to show a degree of French proficiency in order to obtain a student visa.<\/p>\n<h3><strong>Specialization and courses at Paris Cit\u00e9<\/strong><\/h3>\n<p>You must mention in your JDEAS application the area of \u200b\u200bspecialization you are considering, since in September, once registered, you will be asked to choose a research topic and a research supervisor for your dissertation.<\/p>\n<p>The areas of research and potential directors are listed here: <a href=\"https:\/\/wordpress-test.app.u-pariscite.fr\/etudes-anglophones\/liste-des-directors-de-master\/\" target=\"_blank\" rel=\"noopener noreferrer\">https:\/\/wordpress-test.app.u-pariscite.fr\/etudes-anglophones\/liste-des-directors-de-master\/<\/a><\/p>\n<\/div>\n<\/div>\n<\/div>\n<\/div>\n<div class=\"pane-content\">\n<div class=\"field field-name-body field-type-text-with-summary field-label-hidden\">\n<div class=\"field-items\">\n<div class=\"field-item even\">\n<p>It is recommended to contact a potential director in June, once your JDEAS application has been accepted. Don&rsquo;t forget to explain that you are enrolling in the Joint Master (cursus int\u00e9gr\u00e9 en \u00e9tudes anglaises et am\u00e9ricaines), and not in another of our Master&rsquo;s pathways (art and visual culture \u2013 history and civilization \u2013 linguistics \u2013 literature \u2013 first modernities).<\/p>\n<p>The instructions for writing a thesis in M1 and M2 vary depending on the specialization chosen. JDEAS students will follow joint seminars with students from the other Master&rsquo;s pathways (art and visual culture \u2013 history and civilization \u2013 linguistics \u2013 literature).<\/p>\n<p>List of Master&rsquo;s pathways: <a href=\"https:\/\/wordpress-test.app.u-pariscite.fr\/etudes-anglophones\/masters-recherche\/\" target=\"_blank\" rel=\"noopener noreferrer\">https:\/\/wordpress-test.app.u-pariscite.fr\/etudes-anglophones\/masters-recherche\/<\/a><\/p>\n<p>Download the 2024-25 course brochure <a href=\"https:\/\/cloud.parisdescartes.fr\/index.php\/s\/cpaTn2d5eySCMYM#pdfviewer\">here<\/a><\/p>\n<\/div>\n<\/div>\n<\/div>\n<\/div>\n<\/div>\n<\/div>\n<\/div>\n<\/div>\n<p>[\/et_pb_text][\/et_pb_column][et_pb_column type=\u00a0\u00bb1_4&Prime;][\/et_pb_column][\/et_pb_row][\/et_pb_section][et_pb_section bb_built=\u00a0\u00bb1&Prime; specialty=\u00a0\u00bboff\u00a0\u00bb _builder_version=\u00a0\u00bb3.21&Prime; custom_padding=\u00a0\u00bb0px||0px|\u00a0\u00bb prev_background_color=\u00a0\u00bb#000000&Prime; inner_width=\u00a0\u00bbauto\u00a0\u00bb inner_max_width=\u00a0\u00bbnone\u00a0\u00bb][et_pb_row _builder_version=\u00a0\u00bb3.19.11&Prime; width=\u00a0\u00bb80%\u00a0\u00bb max_width=\u00a0\u00bb1080px\u00a0\u00bb][et_pb_column type=\u00a0\u00bb4_4&Prime;][et_pb_text admin_label=\u00a0\u00bb\u00c0 lire aussi\u00a0\u00bb _builder_version=\u00a0\u00bb3.21&Prime;]<\/p>\n<h2><span class=\"st\">\u00c0<\/span> lire aussi<\/h2>\n<p>[\/et_pb_text][et_pb_blog _builder_version=\u00a0\u00bb3.21&Prime; posts_number=\u00a0\u00bb4&Prime; include_categories=\u00a0\u00bb13&Prime; show_author=\u00a0\u00bboff\u00a0\u00bb show_date=\u00a0\u00bboff\u00a0\u00bb show_pagination=\u00a0\u00bboff\u00a0\u00bb border_width_bottom_fullwidth=\u00a0\u00bb1px\u00a0\u00bb border_color_bottom_fullwidth=\u00a0\u00bbrgba(51,51,51,0.18)\u00a0\u00bb custom_padding=\u00a0\u00bb||50px|\u00a0\u00bb module_id=\u00a0\u00bbpage_type_blog\u00a0\u00bb header_level=\u00a0\u00bbh4&Prime; \/][\/et_pb_column][\/et_pb_row][\/et_pb_section]<\/p>\n","protected":false},"excerpt":{"rendered":"<div class=\"et_pb_row et_pb_row_0 et_pb_row_empty\"><\/div>\n<div class=\"et_pb_row et_pb_row_1 et_pb_row_empty\"><\/div>\n<p> The Anglophone Studies department is part of a consortium who have created a Joint Degree in English and American Studies. <\/p>\n<div class=\"et_pb_row et_pb_row_2 et_pb_row_empty\"><\/div>\n<p> This Joint Degree is part of the Research Masters in Anglophone Studies. The two-year course leads to a Masters diploma issued by University Paris Cit\u00e9 and the host-university.This consortium includes:Karl-Franzens-University, Graz \/ AustriaOtto-Friedrich&hellip; <a class=\"continue\" href=\"https:\/\/wordpress-test.app.u-pariscite.fr\/etudes-anglophones\/en\/master-llcer-parcours-etudes-anglophones-joint-degree-of-english-and-american-studies\/\">Lire la suite<span> Master LLCER \u2013 Parcours Etudes Anglophones : Joint Degree of English and American Studies<\/span><\/a><\/p>\n","protected":false},"author":474,"featured_media":0,"parent":0,"menu_order":0,"comment_status":"closed","ping_status":"closed","template":"","meta":{"_et_pb_use_builder":"on","_et_pb_old_content":"","_et_gb_content_width":"","footnotes":""},"class_list":["post-11667","page","type-page","status-publish","hentry"],"_links":{"self":[{"href":"https:\/\/wordpress-test.app.u-pariscite.fr\/etudes-anglophones\/wp-json\/wp\/v2\/pages\/11667","targetHints":{"allow":["GET"]}}],"collection":[{"href":"https:\/\/wordpress-test.app.u-pariscite.fr\/etudes-anglophones\/wp-json\/wp\/v2\/pages"}],"about":[{"href":"https:\/\/wordpress-test.app.u-pariscite.fr\/etudes-anglophones\/wp-json\/wp\/v2\/types\/page"}],"author":[{"embeddable":true,"href":"https:\/\/wordpress-test.app.u-pariscite.fr\/etudes-anglophones\/wp-json\/wp\/v2\/users\/474"}],"replies":[{"embeddable":true,"href":"https:\/\/wordpress-test.app.u-pariscite.fr\/etudes-anglophones\/wp-json\/wp\/v2\/comments?post=11667"}],"version-history":[{"count":5,"href":"https:\/\/wordpress-test.app.u-pariscite.fr\/etudes-anglophones\/wp-json\/wp\/v2\/pages\/11667\/revisions"}],"predecessor-version":[{"id":12233,"href":"https:\/\/wordpress-test.app.u-pariscite.fr\/etudes-anglophones\/wp-json\/wp\/v2\/pages\/11667\/revisions\/12233"}],"wp:attachment":[{"href":"https:\/\/wordpress-test.app.u-pariscite.fr\/etudes-anglophones\/wp-json\/wp\/v2\/media?parent=11667"}],"curies":[{"name":"wp","href":"https:\/\/api.w.org\/{rel}","templated":true}]}}